{"id":19674,"date":"2025-04-07T07:01:06","date_gmt":"2025-04-07T07:01:06","guid":{"rendered":"https:\/\/www.hydraulic-cylinders.net\/product\/boom-cylinder-for-baoding-wy150\/"},"modified":"2025-04-07T07:01:09","modified_gmt":"2025-04-07T07:01:09","slug":"boom-cylinder-for-baoding-wy150","status":"publish","type":"product","link":"https:\/\/www.hydraulic-cylinders.net\/lt\/produktas\/boom-cylinder-for-baoding-wy150\/","title":{"rendered":"Str\u0117l\u0117s cilindras, skirtas Baodingo WY150"},"content":{"rendered":"<h1>Str\u0117l\u0117s cilindras, skirtas Baodingo WY150<\/h1>\n<h2>Str\u0117l\u0117s cilindro supratimas<\/h2>\n<p>Str\u0117l\u0117s cilindras yra specializuotas hidraulinis cilindras, naudojamas \u012fvairiose sunkiosiose ma\u0161inose, tokiose kaip ekskavatoriai, ekskavatoriniai krautuvai ir frontaliniai krautuvai. Pagrindin\u0117 jo funkcija yra valdyti kau\u0161o jud\u0117jim\u0105, leid\u017eiant jam efektyviai pakelti, nuleisti ir pakreipti. \u0160i funkcija yra labai svarbi atliekant med\u017eiag\u0173 tvarkymo u\u017eduotis, tod\u0117l str\u0117l\u0117s cilindras yra esminis \u0161i\u0173 ma\u0161in\u0173 hidraulini\u0173 sistem\u0173 komponentas.<\/p>\n<p><img decoding=\"async\" src=\"https:\/\/www.hydraulic-cylinders.net\/wp-content\/uploads\/2025\/04\/songte-company-1.webp\" alt=\"Str\u0117l\u0117s cilindras\" \/><\/p>\n<h2>Pagrindin\u0117s str\u0117l\u0117s cilindro savyb\u0117s<\/h2>\n<ul>\n<li>\n<h3>Didelis stiprumas ir ilgaam\u017ei\u0161kumas<\/h3>\n<p> Paprastai i\u0161 didelio stiprumo plieno arba aliuminio pagaminti str\u0117l\u0117s cilindrai gali atlaikyti auk\u0161t\u0105 sl\u0117g\u012f ir dideles apkrovas, prisitaikydami prie at\u0161iauri\u0173 darbo s\u0105lyg\u0173. J\u0173 konstrukcijoje pabr\u0117\u017eiamas atsparumas dilimui ir apsauga nuo korozijos, taip pailginant j\u0173 tarnavimo laik\u0105.<\/li>\n<li>\n<h3>Efektyvus hidraulinis valdymas<\/h3>\n<p> \u0160ie cilindrai naudoja hidraulin\u0117s alyvos sl\u0117g\u012f, kad skland\u017eiai i\u0161skleist\u0173 ir atitraukt\u0173. Jie greitai reaguoja \u012f veikimo komandas ir u\u017etikrina didel\u0119 st\u016bmimo bei traukimo j\u0117g\u0105, tod\u0117l tinka sunkiems daiktams ir sud\u0117tingoms u\u017eduotims atlikti.<\/li>\n<li>\n<h3>\u012evair\u016bs tipai<\/h3>\n<p> Str\u0117l\u0117s cilindrus galima rinktis i\u0161 vienpusio veikimo (hidraulin\u012f sl\u0117g\u012f naudojant viena kryptimi) arba dvipusio veikimo (hidraulin\u012f sl\u0117g\u012f naudojant abiem kryptimis) modeli\u0173, kad b\u016bt\u0173 patenkinti skirtingi eksploataciniai poreikiai. Kai kurie modeliai yra teleskopiniai, tod\u0117l juos galima labiau i\u0161tiesti nedidinant i\u0161orini\u0173 matmen\u0173, tod\u0117l tai idealiai tinka naudoti ribotoje erdv\u0117je.<\/li>\n<li>\n<h3>Individuali gamyba<\/h3>\n<p> M\u016bs\u0173 gaminiai puikiai pakei\u010dia \u0161iuos hidraulinius cilindrus, u\u017etikrindami suderinamum\u0105 ir na\u0161um\u0105.<\/li>\n<li>\n<h3>Universalios taikymo sritys<\/h3>\n<p> Str\u0117l\u0117s cilindras naudojamas \u012fvairiose ma\u0161inose ir pramon\u0117s \u0161akose, o tai pabr\u0117\u017eia jo pritaikomum\u0105 ir esmin\u012f vaidmen\u012f statybose ir \u017eem\u0117s \u016bkyje.<\/h3>\n<\/li>\n<\/ul>\n<p><img decoding=\"async\" src=\"https:\/\/www.hydraulic-cylinders.net\/wp-content\/uploads\/2025\/04\/songte-cylinder-head-with-all-kinds-excavator-models.webp\" alt=\"Ekskavatori\u0173 modeliai\" \/><\/p>\n<h2>Str\u0117l\u0117s cilindr\u0173 taikymo scenarijai<\/h2>\n<ul>\n<li>\n<h3>Statybin\u0117 \u012franga<\/h3>\n<p> Ekskavatoriuose str\u0117l\u0117s cilindrai yra gyvybi\u0161kai svarb\u016bs kasant, kraunant ir perkeliant grunt\u0105 ar \u0161iuk\u0161les. Jie padeda pagerinti statybos darb\u0173 efektyvum\u0105 ir na\u0161um\u0105, leisdami operatoriams atlikti darbus tiksliai ir kontroliuojant.<\/h3>\n<\/li>\n<li>\n<h3>\u017dem\u0117s \u016bkio technika<\/h3>\n<p> Priekiniuose krautuvuose str\u0117l\u0117s cilindrai yra b\u016btini dirvo\u017eemio, \u0161ieno ir kit\u0173 med\u017eiag\u0173 k\u0117limui, k\u0117limui ir transportavimui. D\u0117l tvirtos konstrukcijos jie gali susidoroti su sunkiais kroviniais, tod\u0117l yra nepakei\u010diami \u017eem\u0117s \u016bkio darbuose.<\/h3>\n<\/li>\n<li>\n<h3>Ekskavatoriai<\/h3>\n<p> Str\u0117l\u0117s cilindras leid\u017eia kau\u0161ui efektyviai \u012fsiskverbti \u012f dirv\u0105, tod\u0117l galima efektyviai atlikti kasimo darbus. \u0160i funkcija \u017eymiai padidina ekskavatori\u0173 na\u0161um\u0105 \u012fvairiuose reljefuose.<\/h3>\n<\/li>\n<li>\n<h3>Krautuvai<\/h3>\n<p> Priekiniuose krautuvuose str\u0117l\u0117s cilindrai padeda efektyviai kelti ir i\u0161versti krovinius. J\u0173 tvirtumas u\u017etikrina patikim\u0105 na\u0161um\u0105 dirbant su sunkiomis med\u017eiagomis, pagerindamas eksploatacines galimybes.<\/h3>\n<\/li>\n<\/ul>\n<h2>Projektavimo aspektai ir atrankos kriterijai<\/h2>\n<ul>\n<li>\n<h3>Keliamoji galia<\/h3>\n<p> Str\u0117l\u0117s cilindro keliamoji galia yra labai svarbi, nes ji tiesiogiai veikia u\u017eduo\u010di\u0173, kurias gali atlikti technika, tip\u0105. Didel\u0117s keliamosios galios cilindrai yra b\u016btini atliekant sunkias apkrovas, u\u017etikrinant saug\u0173 ir efektyv\u0173 darb\u0105. Reikia atlikti tinkamus skai\u010diavimus ir atsi\u017evelgti \u012f numatyt\u0105 naudojim\u0105 ir aplink\u0105.<\/h3>\n<\/li>\n<li>\n<h3>Sandarumo vientisumas<\/h3>\n<p> Tvirtos sandarinimo sistemos yra b\u016btinos siekiant i\u0161vengti hidraulini\u0173 skys\u010di\u0173 nuot\u0117ki\u0173, kurie gali pakenkti efektyvumui ir saugai. Auk\u0161tos kokyb\u0117s sandarikli\u0173, sukurt\u0173 atlaikyti ekstremalias s\u0105lygas, naudojimas u\u017etikrina ilgaam\u017ei\u0161kum\u0105 ir patikimum\u0105. Reguliarus sandarikli\u0173 patikrinimas ir prie\u017ei\u016bra labai prisideda prie bendro hidraulini\u0173 sistem\u0173 veikimo.<\/h3>\n<\/li>\n<li>\n<h3>Patvarumas<\/h3>\n<p> Str\u0117l\u0117s cilindr\u0173 konstrukcijoje naudojamos med\u017eiagos turi atlaikyti at\u0161iaurias s\u0105lygas. Auk\u0161tos kokyb\u0117s plienas arba special\u016bs lydiniai padidina patvarum\u0105, tod\u0117l cilindras gali nuolat veikti esant apkrovai. \u0160is aspektas yra gyvybi\u0161kai svarbus norint i\u0161laikyti darbin\u012f laik\u0105 ir suma\u017einti remonto i\u0161laidas.<\/h3>\n<\/li>\n<li>\n<h3>Saugos funkcijos<\/h3>\n<p> Saugos mechanizmai, tokie kaip apsauga nuo perkrovos ir gedim\u0173 prevencijos konstrukcijos, yra labai svarb\u016bs hidrauliniuose cilindruose, siekiant i\u0161vengti nelaiming\u0173 atsitikim\u0173 ir \u012frangos pa\u017eeidim\u0173. Pasirinkus cilindrus su \u012fmontuotomis saugos funkcijomis, u\u017etikrinama operatori\u0173 ir ma\u0161in\u0173 apsauga.<\/h3>\n<\/li>\n<li>\n<h3>Prieinamumas prie prie\u017ei\u016bros<\/h3>\n<p> Konstrukcija tur\u0117t\u0173 b\u016bti tokia, kad b\u016bt\u0173 lengva pri\u017ei\u016br\u0117ti ir remontuoti. Lengvai pasiekiami komponentai patikrinimui, tepimui ir keitimui prisideda prie hidraulin\u0117s sistemos ilgaam\u017ei\u0161kumo ir suma\u017eina prastovas.<\/h3>\n<\/li>\n<\/ul>\n<p><img decoding=\"async\" src=\"https:\/\/www.hydraulic-cylinders.net\/wp-content\/uploads\/2025\/04\/songte-oil-pipes-and-spare-parts.webp\" alt=\"Naftos vamzd\u017eiai ir atsargin\u0117s dalys\" \/><\/p>\n<h2>Str\u0117l\u0117s cilindr\u0173 sandarinimas ir tepimas<\/h2>\n<p>Efektyvus str\u0117l\u0117s cilindro veikimas labai priklauso nuo jo sandarinimo ir tepimo sistem\u0173. Hidrauliniam sl\u0117giui palaikyti ir skys\u010dio nuot\u0117kiui i\u0161vengti naudojami \u012fvair\u016bs sandarikliai, tokie kaip st\u016bmoklio ir strypo sandarikliai. Patvarumui padidinti da\u017eniausiai naudojami sandarikliai, pagaminti i\u0161 atspari\u0173 dilimui med\u017eiag\u0173, toki\u0173 kaip poliuretanas ir nitrilo kau\u010diukas.<\/p>\n<p>Be to, cilindro korpusas ir srieginiai galiniai pavir\u0161iai yra kruop\u0161\u010diai apdorojami, siekiant padidinti atsparum\u0105 dilimui. Reguliarus tepimas tinkama hidrauline alyva yra labai svarbus skland\u017eiam veikimui, nes tai suma\u017eina trint\u012f ir dilim\u0105 tarp judan\u010di\u0173 komponent\u0173. Gerai sutepta hidraulin\u0117 sistema u\u017etikrina optimal\u0173 str\u0117l\u0117s cilindro na\u0161um\u0105 ir ilgaam\u017ei\u0161kum\u0105.<\/p>\n<h2>Prevencin\u0117s prie\u017ei\u016bros priemon\u0117s<\/h2>\n<ul>\n<li>\n<h3>Reguliar\u016bs patikrinimai<\/h3>\n<p> Da\u017enai atlikti str\u0117l\u0117s cilindro ir hidraulin\u0117s sistemos patikrinimus yra labai svarbu norint anksti nustatyti galimas problemas. Operatoriai tur\u0117t\u0173 ie\u0161koti susid\u0117v\u0117jimo, nuot\u0117ki\u0173 ar pa\u017eeidim\u0173 po\u017eymi\u0173, kurie, jei nebus nedelsiant pa\u0161alinti, gali pareikalauti brangaus remonto.<\/h3>\n<\/li>\n<li>\n<h3>Tinkamas tepimas<\/h3>\n<p> Tinkamas tepimas yra b\u016btinas siekiant i\u0161vengti hidraulini\u0173 komponent\u0173 nusid\u0117v\u0117jimo. Operatoriai tur\u0117t\u0173 laikytis gamintojo rekomendacij\u0173 d\u0117l tepimo interval\u0173 ir alyvos tip\u0173, kad u\u017etikrint\u0173 skland\u0173 veikim\u0105.<\/h3>\n<\/li>\n<li>\n<h3>Sandariklio keitimas<\/h3>\n<p> Tarpikliai tur\u0117t\u0173 b\u016bti reguliariai tikrinami ir prireikus kei\u010diami. Susid\u0117v\u0117j\u0119 arba pa\u017eeisti tarpikliai gali sukelti nuot\u0117kius ir suma\u017einti efektyvum\u0105, o tai turi \u012ftakos bendram hidraulin\u0117s sistemos veikimui. Savalaikis tarpikli\u0173 keitimas prisideda prie str\u0117l\u0117s cilindro ilgaam\u017ei\u0161kumo.<\/h3>\n<\/li>\n<\/ul>\n<h2>Teisingo \u012frengimo gair\u0117s<\/h2>\n<p>Tinkamas str\u0117l\u0117s cilindro montavimas yra labai svarbus jo veikimui ir ilgaam\u017ei\u0161kumui. Pirmiausia \u012fsitikinkite, kad visi komponentai yra \u0161var\u016bs ir be \u0161iuk\u0161li\u0173. Tiksliai sulygiuokite cilindr\u0105 su tvirtinimo ta\u0161kais, kad eksploatacijos metu i\u0161vengtum\u0117te per didelio cilindro \u012ftempimo.<\/p>\n<p>Naudokite tinkamus tvirtinimo laikiklius, kad cilindras tvirtai laikyt\u0173si vietoje ir nejud\u0117t\u0173, nes gali sugesti. Laikykit\u0117s gamintojo nurodym\u0173 d\u0117l sukimo momento nustatym\u0173 ir prijungimo b\u016bd\u0173. \u012edieg\u0119 atlikite funkcin\u012f bandym\u0105, kad \u012fsitikintum\u0117te, jog veikia tinkamai, ir prireikus sureguliuokite.<\/p>\n<h2>\u012eprastos prie\u017ei\u016bros u\u017eduotys<\/h2>\n<ul>\n<li>\n<h3>Reguliar\u016bs patikrinimai<\/h3>\n<p> Reguliar\u016bs patikrinimai padeda pasteb\u0117ti galimas problemas, kol jos netapo rimtomis. B\u016btina steb\u0117ti bendr\u0105 str\u0117l\u0117s cilindro ir hidraulin\u0117s sistemos b\u016bkl\u0119, ie\u0161kant bet koki\u0173 susid\u0117v\u0117jimo ar pa\u017eeidimo po\u017eymi\u0173.<\/h3>\n<\/li>\n<li>\n<h3>Tinkamas tepimas<\/h3>\n<p> Tinkamas tepimas yra labai svarbus skland\u017eiam hidraulini\u0173 cilindr\u0173 veikimui. Laikantis rekomenduojamo tepimo grafiko ir naudojant tinkam\u0105 hidraulin\u0119 alyv\u0105, judan\u010dios dalys veikia tinkamai.<\/h3>\n<\/li>\n<li>\n<h3>Tarpikli\u0173 keitimas ir kalibravimo patikrinimai<\/h3>\n<p> Reguliar\u016bs sandarikli\u0173 patikrinimai ir keitimas apsaugo nuo nuot\u0117ki\u0173 ir palaiko hidraulin\u012f sl\u0117g\u012f. Kalibravimo patikrinimai u\u017etikrina, kad visi komponentai veikt\u0173 darniai, prisid\u0117dami prie bendro hidraulin\u0117s sistemos efektyvumo.<\/h3>\n<\/li>\n<\/ul>\n<p><img decoding=\"async\" src=\"https:\/\/www.hydraulic-cylinders.net\/wp-content\/uploads\/2025\/04\/songte-chushion-collar.webp\" alt=\"Pagalv\u0117l\u0117s apykakl\u0117\" \/><\/p>\n<h2>Saugos aspektai ir aplinkos veiksniai<\/h2>\n<p>Naudojant str\u0117l\u0117s cilindrus, saugos priemon\u0117s yra nepaprastai svarbios siekiant u\u017etikrinti operatori\u0173 ir aplinkos saug\u0105. Labai svarbu reguliariai mokyti apie eksploatavimo saug\u0105, tinkam\u0105 hidraulini\u0173 skys\u010di\u0173 naudojim\u0105 ir ma\u0161in\u0173 rib\u0173 supratim\u0105. Atliekant eksploatavimo ir technin\u0117s prie\u017ei\u016bros darbus, reikia d\u0117v\u0117ti tinkamas asmenines apsaugos priemones (AAP), kad b\u016bt\u0173 suma\u017einta rizika.<\/p>\n<h2>Gedim\u0173 diagnostika ir da\u017eniausios problemos<\/h2>\n<ul>\n<li>\n<h3>Hidraulini\u0173 skys\u010di\u0173 nuot\u0117kiai<\/h3>\n<p> Viena i\u0161 da\u017eniausiai pasitaikan\u010di\u0173 problem\u0173 yra hidraulinio skys\u010dio nuot\u0117kis, kuris gali kilti d\u0117l pa\u017eeist\u0173 sandarikli\u0173 ar jung\u010di\u0173. Reguliarios patikros gali pad\u0117ti anksti nustatyti nuot\u0117kius, leid\u017eian\u010dius greitai juos suremontuoti. Operatoriai tur\u0117t\u0173 atid\u017eiai steb\u0117ti skys\u010di\u0173 lyg\u012f ir nedelsdami reaguoti \u012f bet kokius nuot\u0117kio po\u017eymius.<\/h3>\n<\/li>\n<li>\n<h3>L\u0117tas arba nereaguojantis jud\u0117jimas<\/h3>\n<p> Jei str\u0117l\u0117s cilindras reaguoja l\u0117tai arba juda tr\u016bk\u010diojantis, tai gali reik\u0161ti \u017eem\u0105 hidraulinio skys\u010dio lyg\u012f arba sistemoje yra \u012fstrigusio oro. Sistemos nuorinimas ir pakankamo skys\u010dio lygio u\u017etikrinimas yra esminiai \u0161ios problemos sprendimo \u017eingsniai.<\/h3>\n<\/li>\n<li>\n<h3>Ne\u012fprasti garsai<\/h3>\n<p> Ne\u012fprasti garsai eksploatacijos metu gali signalizuoti apie mechanines problemas arba nepakankam\u0105 tepim\u0105. Operatoriai tur\u0117t\u0173 i\u0161tirti triuk\u0161mo \u0161altin\u012f ir imtis taisom\u0173j\u0173 veiksm\u0173, kad i\u0161vengt\u0173 tolesn\u0117s \u017ealos.<\/h3>\n<\/li>\n<\/ul>\n<p>Pateikdami praktinius patarimus ir sprendimus, skaitytojai gali veiksmingai diagnozuoti ir i\u0161spr\u0119sti \u0161ias da\u017eniausiai pasitaikan\u010dias problemas. Reguliarus technin\u0117s prie\u017ei\u016bros grafikas \u017eymiai suma\u017eina galimas problemas, u\u017etikrina sklandesn\u012f str\u0117l\u0117s cilindro veikim\u0105 ir ilgesn\u012f tarnavimo laik\u0105.<\/p>\n<p><img decoding=\"async\" src=\"https:\/\/www.hydraulic-cylinders.net\/wp-content\/uploads\/2025\/04\/songte-bushings-with-all-kinds-of-excavator-models.webp\" alt=\"\u012evor\u0117s su ekskavatori\u0173 modeliais\" \/><\/p>\n<h2>Apie m\u016bs\u0173 \u012fmon\u0119<\/h2>\n<p>Esame pirmaujantis pakaitini\u0173 hidraulini\u0173 cilindr\u0173 gamintojas, si\u016blantis plat\u0173 gamini\u0173 asortiment\u0105, skirt\u0105 tiek vidaus, tiek tarptautinei rinkai. M\u016bs\u0173 ry\u017etingas kokyb\u0117s siekis ir kruop\u0161\u010dios gamybos strategijos leid\u017eia mums b\u016bti vienais i\u0161 geriausi\u0173 hidraulini\u0173 cilindr\u0173 gamintoj\u0173 ir didmeninink\u0173.<\/p>\n<p>D\u0117mes\u012f sutelkdami \u012f technines \u017einias, auk\u0161\u010diausios klas\u0117s skaitmenin\u0119 gamybos \u012frang\u0105 ir specializuotas testavimo sistemas, nuolat tobuliname savo gamybos paj\u0117gumus. M\u016bs\u0173 \u012fsipareigojimas u\u017etikrinti auk\u0161t\u0105 efektyvum\u0105, tikslum\u0105 ir kokyb\u0119 u\u017etikrina, kad patenkiname \u012fvairius klient\u0173 poreikius.<\/p>\n<p>Be to, m\u016bs\u0173 \u012fmon\u0117 teikia individualiai pritaikytas paslaugas, tarptautinius sertifikatus ir patikim\u0105 garantin\u012f aptarnavim\u0105, taip sustiprindama savo reputacij\u0105 pramon\u0117je.<\/p>\n<p><img decoding=\"async\" src=\"https:\/\/www.hydraulic-cylinders.net\/wp-content\/uploads\/2025\/04\/songte-company-4.webp\" alt=\"\u012emon\u0117s ap\u017evalga\" \/><\/p>\n<p><img decoding=\"async\" src=\"https:\/\/www.hydraulic-cylinders.net\/wp-content\/uploads\/2025\/04\/songte-company-3.webp\" alt=\"\u012emon\u0117s infrastrukt\u016bra\" \/><\/p>\n<p>Autorius: lyl<\/p>","protected":false},"excerpt":{"rendered":"<p>Boom Cylinder For Baoding WY150 Understanding the Boom Cylinder The Boom Cylinder is a specialized hydraulic cylinder used in various heavy machinery, such as excavators, backhoe loaders, and front-end loaders. Its primary function is to control the movement of the bucket, allowing it to lift, lower, and tilt effectively. This capability is crucial for material [&hellip;]<\/p>","protected":false},"featured_media":17877,"comment_status":"open","ping_status":"closed","template":"","meta":{"_et_pb_use_builder":"","_et_pb_old_content":"","_et_gb_content_width":""},"product_brand":[],"product_cat":[1546],"product_tag":[1547,1496],"class_list":{"0":"post-19674","1":"product","2":"type-product","3":"status-publish","4":"has-post-thumbnail","6":"product_cat-boom-cylinders","7":"product_tag-boom-cylinders","8":"product_tag-hydraulic-cylinders","10":"first","11":"instock","12":"shipping-taxable","13":"product-type-simple"},"amp_enabled":true,"_links":{"self":[{"href":"https:\/\/www.hydraulic-cylinders.net\/lt\/wp-json\/wp\/v2\/product\/19674","targetHints":{"allow":["GET"]}}],"collection":[{"href":"https:\/\/www.hydraulic-cylinders.net\/lt\/wp-json\/wp\/v2\/product"}],"about":[{"href":"https:\/\/www.hydraulic-cylinders.net\/lt\/wp-json\/wp\/v2\/types\/product"}],"replies":[{"embeddable":true,"href":"https:\/\/www.hydraulic-cylinders.net\/lt\/wp-json\/wp\/v2\/comments?post=19674"}],"wp:featuredmedia":[{"embeddable":true,"href":"https:\/\/www.hydraulic-cylinders.net\/lt\/wp-json\/wp\/v2\/media\/17877"}],"wp:attachment":[{"href":"https:\/\/www.hydraulic-cylinders.net\/lt\/wp-json\/wp\/v2\/media?parent=19674"}],"wp:term":[{"taxonomy":"product_brand","embeddable":true,"href":"https:\/\/www.hydraulic-cylinders.net\/lt\/wp-json\/wp\/v2\/product_brand?post=19674"},{"taxonomy":"product_cat","embeddable":true,"href":"https:\/\/www.hydraulic-cylinders.net\/lt\/wp-json\/wp\/v2\/product_cat?post=19674"},{"taxonomy":"product_tag","embeddable":true,"href":"https:\/\/www.hydraulic-cylinders.net\/lt\/wp-json\/wp\/v2\/product_tag?post=19674"}],"curies":[{"name":"wp","href":"https:\/\/api.w.org\/{rel}","templated":true}]}}