{"id":19675,"date":"2025-04-07T07:01:09","date_gmt":"2025-04-07T07:01:09","guid":{"rendered":"https:\/\/www.hydraulic-cylinders.net\/product\/boom-cylinder-for-baoding-wy90d-9\/"},"modified":"2025-04-07T07:01:11","modified_gmt":"2025-04-07T07:01:11","slug":"boom-cylinder-for-baoding-wy90d-9","status":"publish","type":"product","link":"https:\/\/www.hydraulic-cylinders.net\/lt\/produktas\/boom-cylinder-for-baoding-wy90d-9\/","title":{"rendered":"Baodingo WY90D-9 str\u0117l\u0117s cilindras"},"content":{"rendered":"<h1>Baodingo WY90D-9 str\u0117l\u0117s cilindras<\/h1>\n<h2>Str\u0117l\u0117s cilindro supratimas<\/h2>\n<p>Specialiai \u201eBaoding WY90D-9\u201c modeliui sukurtas str\u0117l\u0117s cilindras yra esminis hidraulini\u0173 sistem\u0173 komponentas. \u0160is hidraulinis cilindras skirtas valdyti sunkiosios technikos kau\u0161\u0173, toki\u0173 kaip ekskavatoriai, ekskavatoriai ir frontaliniai krautuvai, jud\u0117jim\u0105. Jis atlieka lemiam\u0105 vaidmen\u012f leid\u017eiant \u0161iems kau\u0161ams kelti, leisti ir pakreipti, taip palengvinant \u012fvairias med\u017eiag\u0173 tvarkymo u\u017eduotis.<\/p>\n<p>As a type of hydraulic cylinder, the Boom Cylinder operates by converting hydraulic pressure into mechanical force, allowing operators to perform tasks with precision and efficiency. Its design ensures that it can withstand the demanding conditions present in construction and agricultural environments. By controlling the bucket&#8217;s movements, it enhances productivity and operational effectiveness in heavy-duty applications.<\/p>\n<p><img decoding=\"async\" src=\"https:\/\/www.hydraulic-cylinders.net\/wp-content\/uploads\/2025\/04\/songte-company-1.webp\" alt=\"Str\u0117l\u0117s cilindro vaizdas\"><\/p>\n<h2>Pagrindin\u0117s str\u0117l\u0117s cilindro savyb\u0117s<\/h2>\n<ul>\n<li><strong>Didelis stiprumas ir ilgaam\u017ei\u0161kumas:<\/strong> Paprastai i\u0161 didelio stiprumo plieno arba aliuminio pagamintas str\u0117l\u0117s cilindras yra suprojektuotas taip, kad atlaikyt\u0173 auk\u0161t\u0105 sl\u0117g\u012f ir dideles apkrovas, tod\u0117l tinka at\u0161iaurioms darbo aplinkoms. Jo konstrukcija atsi\u017evelgia \u012f atsparum\u0105 dilimui ir korozijai, siekiant pailginti jo tarnavimo laik\u0105.<\/li>\n<li><strong>Efektyvus hidraulinis valdymas:<\/strong> Naudodamas hidraulin\u0117s alyvos sl\u0117g\u012f, cilindras leid\u017eia skland\u017eiai i\u0161skleisti ir atitraukti, greitai reaguoti \u012f valdymo komandas. Jis u\u017etikrina galingas st\u016bmimo ir traukimo j\u0117gas, idealiai tinkan\u010dias sunkiems objektams tvarkyti ir sud\u0117tingoms operacijoms atlikti.<\/li>\n<li><strong>\u012evair\u016bs tipai:<\/strong> Str\u0117l\u0117s cilindras tiekiamas vienpusio veikimo (hidraulinis, naudojamas viena kryptimi) arba dvipusio veikimo (hidraulinis, naudojamas abiem kryptimis) konfig\u016bracijomis, kad atitikt\u0173 \u012fvairius eksploatacinius poreikius. Kai kurie modeliai yra teleskopiniai, tod\u0117l galima labiau i\u0161tiesti nedidinant i\u0161orini\u0173 matmen\u0173, tod\u0117l puikiai tinka naudoti ribotoje erdv\u0117je.<\/li>\n<li><strong>Individuali gamyba:<\/strong> M\u016bs\u0173 \u012fmon\u0117 specializuojasi str\u0117l\u0117s cilindr\u0173, kurie puikiai pakei\u010dia esamus hidraulinius cilindrus, gamyboje, u\u017etikrindami suderinamum\u0105 ir na\u0161um\u0105.<\/li>\n<li><strong>Prisitaikomos programos:<\/strong> Sukurtas \u012fvairiai sunkiajai technikai, str\u0117l\u0117s cilindras yra universalus ir gali b\u016bti naudojamas su skirting\u0173 modeli\u0173 ir tip\u0173 \u012franga.<\/li>\n<\/ul>\n<p><img decoding=\"async\" src=\"https:\/\/www.hydraulic-cylinders.net\/wp-content\/uploads\/2025\/04\/songte-cylinder-head-with-all-kinds-excavator-models.webp\" alt=\"Ekskavatori\u0173 modeliai\"><\/p>\n<h2>Str\u0117l\u0117s cilindro taikymo scenarijai<\/h2>\n<h3>Statybin\u0117 \u012franga<\/h3>\n<p>In construction equipment, Boom Cylinders are vital components found in excavators. They are essential for digging, loading, and moving soil or debris. The ability to control the bucket&#8217;s position allows for efficient and precise excavation work. In backhoe loaders, the boom cylinder not only assists in digging but also aids in lifting, making it indispensable for various construction tasks.<\/p>\n<h3>\u017dem\u0117s \u016bkio technika<\/h3>\n<p>Priekiniuose krautuvuose str\u0117l\u0117s cilindrai naudojami dirvo\u017eemiui, \u0161ienui ir kitoms med\u017eiagoms semti, kelti ir transportuoti. J\u0173 efektyvumas atliekant \u017eem\u0117s \u016bkio u\u017eduotis \u017eymiai padidina na\u0161um\u0105 \u016bkiuose, nes leid\u017eia greitai ir efektyviai valdyti med\u017eiagas. Hidraulinis valdymas suteikia reikiam\u0105 gali\u0105 sunkiems kroviniams ve\u017eti ir suma\u017eina rankinio darbo poreik\u012f.<\/p>\n<h3>Ekskavatoriai<\/h3>\n<p>In excavators, the Boom Cylinder allows the bucket to penetrate the soil effectively, enabling efficient digging operations. The precise control over the bucket&#8217;s movement is essential for achieving desired excavation depths and angles, enhancing operational efficiency and accuracy in various construction and mining projects.<\/p>\n<h3>Krautuvai<\/h3>\n<p>In front loaders, Boom Cylinders assist in lifting and dumping materials effectively. Their role in controlling the bucket&#8217;s motion ensures that loads can be handled safely and efficiently, making them crucial for material transport tasks across construction sites and warehouses.<\/p>\n<h2>Projektavimo aspektai ir atrankos kriterijai<\/h2>\n<h3>Keliamoji galia<\/h3>\n<p>The load capacity of the Boom Cylinder is a critical design consideration. It must be able to withstand the maximum loads encountered during operation without failure. Engineers must calculate the required load ratings based on the expected use cases to ensure safety and reliability. Using high-strength materials helps in maintaining structural integrity under heavy loads, thereby extending the cylinder&#8217;s working life.<\/p>\n<h3>Sandarumo vientisumas<\/h3>\n<p>Sandarinimas yra gyvybi\u0161kai svarbus norint palaikyti hidraulin\u012f sl\u0117g\u012f ir i\u0161vengti nuot\u0117ki\u0173. Auk\u0161tos kokyb\u0117s sandarikliai, pagaminti i\u0161 patvari\u0173 med\u017eiag\u0173, toki\u0173 kaip poliuretanas ir nitrilo kau\u010diukas, yra b\u016btini efektyviam veikimui. Konstrukcija turi u\u017etikrinti, kad sandarikliai tinkamai priglust\u0173, kad b\u016bt\u0173 i\u0161vengta hidraulinio skys\u010dio nuot\u0117kio, kuris gali suma\u017einti na\u0161um\u0105 ir padidinti prie\u017ei\u016bros i\u0161laidas.<\/p>\n<h3>Patvarumas<\/h3>\n<p>Projektuojant str\u0117l\u0117s cilindr\u0105, patvarumas yra svarbiausias dalykas, ypa\u010d atsi\u017evelgiant \u012f at\u0161iaurias aplinkos s\u0105lygas, kuriose jie da\u017enai veikiami. Tai apima purvo, dr\u0117gm\u0117s ir kintan\u010dios temperat\u016bros poveik\u012f. Naudojant korozijai atsparias med\u017eiagas ir apsaugines dangas, galima \u017eymiai pailginti cilindro tarnavimo laik\u0105, suma\u017einant keitimo da\u017enum\u0105 ir kain\u0105.<\/p>\n<h3>Saugos funkcijos<\/h3>\n<p>Saugumas yra svarbus hidraulini\u0173 cilindr\u0173 konstrukcijos aspektas. Apsaugini\u0173 vo\u017etuv\u0173 \u012frengimas padeda i\u0161vengti per didelio sl\u0117gio susidarymo, kuris gali sukelti katastrofi\u0161k\u0173 gedim\u0173. Be to, tvirta cilindro konstrukcija prisideda prie saugaus eksploatavimo, apsaugodama tiek \u012frang\u0105, tiek operatori\u0173 nuo galim\u0173 nelaiming\u0173 atsitikim\u0173.<\/p>\n<h3>Prie\u017ei\u016bra ir remonto galimyb\u0117s<\/h3>\n<p>Labai svarbu suprojektuoti str\u0117l\u0117s cilindr\u0105 taip, kad j\u012f b\u016bt\u0173 lengva pri\u017ei\u016br\u0117ti. Komponentai tur\u0117t\u0173 b\u016bti lengvai prieinami ap\u017ei\u016brai ir remontui. \u0160is aspektas ne tik pailgina \u012frangos tarnavimo laik\u0105, bet ir suma\u017eina prastovas, leisdamas nepertraukiamai veikti. Gerai apgalvotas dizainas gali palengvinti greit\u0105 remont\u0105 ir \u012fprastin\u0119 prie\u017ei\u016br\u0105, galiausiai sutaupant l\u0117\u0161\u0173.<\/p>\n<p><img decoding=\"async\" src=\"https:\/\/www.hydraulic-cylinders.net\/wp-content\/uploads\/2025\/04\/songte-oil-pipes-and-spare-parts.webp\" alt=\"Naftos vamzd\u017eiai ir atsargin\u0117s dalys\"><\/p>\n<h2>Str\u0117l\u0117s cilindro sandarinimas ir tepimas<\/h2>\n<p>Str\u0117l\u0117s cilindro efektyvumas labai priklauso nuo jo sandarinimo ir tepimo sistemos. Hidrauliniam vientisumui palaikyti naudojami \u012fvair\u016bs sandarikliai, \u012fskaitant st\u016bmokli\u0173 ir kot\u0173 sandariklius. Sandarikliai, pagaminti i\u0161 atspari\u0173 dilimui med\u017eiag\u0173, toki\u0173 kaip poliuretanas ir nitrilo kau\u010diukas, u\u017etikrina ilgaam\u017ei\u0161kum\u0105 ir patikimum\u0105. Cilindro korpusas ir srieginiai galiniai pavir\u0161iai yra kruop\u0161\u010diai apdirbami, siekiant pagerinti atsparum\u0105 dilimui, o tai yra labai svarbu norint i\u0161laikyti na\u0161um\u0105.<\/p>\n<p>Reguliarus tepimas tinkama hidrauline alyva yra b\u016btinas optimaliam veikimui. Nepakankamas tepimas gali padidinti hidraulinio cilindro trint\u012f, susid\u0117v\u0117jim\u0105 ir galim\u0105 gedim\u0105. Operatoriai tur\u0117t\u0173 u\u017etikrinti, kad hidraulin\u0117s alyvos lygis b\u016bt\u0173 reguliariai tikrinamas ir papildomas, kad b\u016bt\u0173 u\u017etikrintas sklandus veikimas ir pailgintas cilindro tarnavimo laikas.<\/p>\n<h2>Prevencin\u0117s prie\u017ei\u016bros priemon\u0117s<\/h2>\n<ul>\n<li><strong>Reguliar\u016bs patikrinimai:<\/strong> Labai svarbu reguliariai tikrinti str\u0117l\u0117s cilindr\u0105, ar n\u0117ra susid\u0117v\u0117jimo ir pa\u017eeidim\u0173. Tai apima sandarikli\u0173, \u017earn\u0173 ir jung\u010di\u0173 patikrinim\u0105, ar n\u0117ra nuot\u0117ki\u0173 ar nusid\u0117v\u0117jimo po\u017eymi\u0173.<\/li>\n<li><strong>Tinkamas tepimas:<\/strong> Ensuring the cylinder is adequately lubricated with the correct hydraulic oil prevents friction and wear. Operators should follow the manufacturer&#8217;s recommendations for lubrication intervals and oil types.<\/li>\n<li><strong>Sandariklio keitimas:<\/strong> Reguliariai tikrinti ir keisti tarpiklius yra labai svarbu siekiant i\u0161vengti hidraulinio skys\u010dio nuot\u0117ki\u0173, kurie gali smarkiai paveikti na\u0161um\u0105. Tarpikli\u0173 b\u016bkl\u0117s steb\u0117jimas gali pad\u0117ti nustatyti galimas problemas, kol jos nepa\u016bm\u0117jo.<\/li>\n<\/ul>\n<h2>\u012erengimo gair\u0117s<\/h2>\n<p>Tinkamas str\u0117l\u0117s cilindro montavimas yra b\u016btinas optimaliam na\u0161umui u\u017etikrinti. Pirmiausia \u012fsitikinkite, kad darbo vieta yra \u0161vari ir be \u0161iuk\u0161li\u0173, kad i\u0161vengtum\u0117te u\u017eter\u0161imo. Tinkamai sulygiuokite cilindr\u0105 su tvirtinimo ta\u0161kais, naudodami tinkamus tvirtinimo laikiklius, kad j\u012f pritvirtintum\u0117te. Labai svarbu u\u017etikrinti, kad cilindras b\u016bt\u0173 tiksliai sulygiuotas, kad i\u0161vengtum\u0117te nesuderinamumo problem\u0173, kurios gali sukelti prie\u0161laikin\u012f susid\u0117v\u0117jim\u0105 ar gedim\u0105.<\/p>\n<p>Montavimo metu patikrinkite vis\u0173 hidraulini\u0173 jung\u010di\u0173 sandarum\u0105 ir vientisum\u0105. \u012erengus, pripildykite hidraulin\u0119 sistem\u0105 tinkamos alyvos ir i\u0161leiskite or\u0105, kad u\u017etikrintum\u0117te skland\u0173 veikim\u0105. Po montavimo, prie\u0161 prad\u0117dami reguliariai naudoti \u012frang\u0105, atlikite bandom\u0105j\u012f paleidim\u0105, kad patikrintum\u0117te, ar n\u0117ra nuot\u0117ki\u0173 ir ar ji tinkamai veikia.<\/p>\n<h2>\u012eprastos prie\u017ei\u016bros u\u017eduotys<\/h2>\n<h3>Reguliar\u016bs patikrinimai<\/h3>\n<p>Reguliariai tikrinti str\u0117l\u0117s cilindr\u0105 yra b\u016btina siekiant u\u017etikrinti jo ilgaam\u017ei\u0161kum\u0105 ir efektyvum\u0105. Tai apima sandarikli\u0173 ir \u017earn\u0173 patikrinim\u0105, ar n\u0117ra susid\u0117v\u0117jimo ar nuot\u0117ki\u0173 po\u017eymi\u0173. Ankstyvas problem\u0173 nustatymas gali pad\u0117ti i\u0161vengti brangaus remonto ir prastov\u0173.<\/p>\n<h3>Tinkamas tepimas<\/h3>\n<p>Proper lubrication is critical for the smooth functioning of the Boom Cylinder. Regularly check the hydraulic fluid levels and top up as necessary. Using the recommended hydraulic oil will help reduce friction and wear, ensuring optimal performance and extending the cylinder&#8217;s lifespan.<\/p>\n<h3>Sandariklio keitimas ir kalibravimas<\/h3>\n<p>Norint i\u0161laikyti hidraulin\u012f vientisum\u0105, b\u016btina periodi\u0161kai keisti sandariklius. Sandarikli\u0173 b\u016bkl\u0117s steb\u0117jimas ir j\u0173 keitimas pagal poreik\u012f gali pad\u0117ti i\u0161vengti nuot\u0117ki\u0173 ir i\u0161laikyti na\u0161um\u0105. Be to, cilindro kalibravimas u\u017etikrina, kad jis veikt\u0173 pagal nurodytus parametrus, taip padidinant saug\u0105 ir efektyvum\u0105.<\/p>\n<p><img decoding=\"async\" src=\"https:\/\/www.hydraulic-cylinders.net\/wp-content\/uploads\/2025\/04\/songte-chushion-collar.webp\" alt=\"Pagalv\u0117l\u0117s apykakl\u0117s vaizdas\"><\/p>\n<h2>Saugos aspektai ir aplinkos veiksniai<\/h2>\n<p>Naudojant hidraulinius cilindrus, saugos priemon\u0117s yra nepaprastai svarbios. Operatoriai tur\u0117t\u0173 b\u016bti apmokyti suprasti str\u0117l\u0117s cilindro veikimo ribas ir laikytis saugos protokol\u0173, kad suma\u017eint\u0173 rizik\u0105. Tinkamai veikiantys apsauginiai vo\u017etuvai ir avariniai stabdikliai yra labai svarb\u016bs siekiant i\u0161vengti nelaiming\u0173 atsitikim\u0173. Be to, reik\u0117t\u0173 atsi\u017evelgti \u012f aplinkos veiksnius, tokius kaip temperat\u016bros svyravimai, nes jie gali tur\u0117ti \u012ftakos hidraulinio skys\u010dio veikimui ir cilindro veikimui.<\/p>\n<h2>Trik\u010di\u0173 \u0161alinimas ir da\u017eniausiai pasitaikan\u010dios problemos<\/h2>\n<h3>Nuot\u0117kis<\/h3>\n<p>Nuot\u0117kis yra viena i\u0161 da\u017eniausiai pasitaikan\u010di\u0173 str\u0117l\u0117s cilindr\u0173 problem\u0173. J\u012f gali sukelti susid\u0117v\u0117j\u0119 sandarikliai arba pa\u017eeistos \u017earnos. Reguliar\u016bs patikrinimai gali pad\u0117ti anksti nustatyti nuot\u0117kius, o tai leid\u017eia laiku atlikti remont\u0105.<\/p>\n<h3>L\u0117tas arba nenuoseklus jud\u0117jimas<\/h3>\n<p>Jei str\u0117l\u0117s cilindras veikia l\u0117tai arba nepastoviai, tai gali rodyti \u017eem\u0105 hidraulinio skys\u010dio lyg\u012f arba or\u0105 sistemoje. \u0160i\u0105 problem\u0105 galima i\u0161spr\u0119sti patikrinus skys\u010dio lyg\u012f ir i\u0161leidus sistem\u0105.<\/p>\n<h3>Ne\u012fprasti garsai<\/h3>\n<p>Ne\u012fprasti garsai, tokie kaip girg\u017ed\u0117jimas ar bildesys, gali rodyti mechanines problemas cilindre. Labai svarbu nedelsiant i\u0161tirti ir pa\u0161alinti \u0161iuos garsus, kad b\u016bt\u0173 i\u0161vengta tolesn\u0117s \u017ealos.<\/p>\n<h2>Problem\u0173 sprendimo patarimai<\/h2>\n<p>Nor\u0117dami veiksmingai diagnozuoti ir spr\u0119sti str\u0117l\u0117s cilindro problemas, operatoriai tur\u0117t\u0173 taikyti sisteming\u0105 po\u017ei\u016br\u012f. Reguliarus na\u0161umo steb\u0117jimas ir registravimas gali pad\u0117ti anksti nustatyti tendencijas ir galimas problemas. \u012egyvendinus prevencines priemones, tokias kaip reguliari prie\u017ei\u016bra ir patikrinimai, galima gerokai suma\u017einti problem\u0173 skai\u010di\u0173 ir u\u017etikrinti skland\u0173 hidraulin\u0117s sistemos veikim\u0105.<\/p>\n<p><img decoding=\"async\" src=\"https:\/\/www.hydraulic-cylinders.net\/wp-content\/uploads\/2025\/04\/songte-bushings-with-all-kinds-of-excavator-models.webp\" alt=\"\u012evor\u0117s su ekskavatori\u0173 modeliais\"><\/p>\n<h2>Apie m\u016bs\u0173 \u012fmon\u0119<\/h2>\n<p>Esame pirmaujantis alternatyvi\u0173 hidraulini\u0173 cilindr\u0173 gamintojas. D\u0117l plataus gamini\u0173 asortimento esame vieni i\u0161 pirmaujan\u010di\u0173 gamintoj\u0173 ir didmeninink\u0173 tiek vidaus, tiek tarptautin\u0117se rinkose. Laikom\u0117s auk\u0161\u010diausi\u0173 kokyb\u0117s standart\u0173, taikydami kruop\u0161\u010dias gamybos valdymo strategijas. M\u016bs\u0173 \u012fmon\u0117 nuolat investuoja \u012f techninius specialistus, pa\u017eangi\u0105 skaitmenin\u0119 gamybos \u012frang\u0105 ir profesionalias testavimo sistemas, siekdama padidinti savo gamybos paj\u0117gumus.<\/p>\n<p>Siekdami didelio efektyvumo, tikslumo ir kokyb\u0117s, stengiam\u0117s patenkinti \u012fvairius savo klient\u0173 poreikius. M\u016bs\u0173 produktai yra sukurti taip, kad u\u017etikrint\u0173 patikim\u0105 veikim\u0105, o mes si\u016blome pritaikymo galimybes, kad patenkintume konkre\u010dius reikalavimus. M\u016bs\u0173 profesionalus palaikymas ir aptarnavimas po pardavimo u\u017etikrina, kad klientai gaut\u0173 nuolatin\u0119 pagalb\u0105 ir b\u016bt\u0173 patenkinti m\u016bs\u0173 produktais.<\/p>\n<p><img decoding=\"async\" src=\"https:\/\/www.hydraulic-cylinders.net\/wp-content\/uploads\/2025\/04\/songte-company-4.webp\" alt=\"\u012emon\u0117s \u012fvaizdis\"><br \/>\n<img decoding=\"async\" src=\"https:\/\/www.hydraulic-cylinders.net\/wp-content\/uploads\/2025\/04\/songte-company-3.webp\" alt=\"Kitas \u012fmon\u0117s \u012fvaizdis\"><\/p>\n<p>Autorius: lyl<\/p>","protected":false},"excerpt":{"rendered":"<p>Boom Cylinder For Baoding WY90D-9 Understanding the Boom Cylinder The Boom Cylinder, specifically designed for the Baoding WY90D-9 model, is an essential component in hydraulic systems. This hydraulic cylinder is engineered to control the movement of heavy machinery buckets, such as those found in excavators, backhoes, and front loaders. It plays a crucial role in [&hellip;]<\/p>","protected":false},"featured_media":17878,"comment_status":"open","ping_status":"closed","template":"","meta":{"_et_pb_use_builder":"","_et_pb_old_content":"","_et_gb_content_width":""},"product_brand":[],"product_cat":[1546],"product_tag":[1547,1496],"class_list":{"0":"post-19675","1":"product","2":"type-product","3":"status-publish","4":"has-post-thumbnail","6":"product_cat-boom-cylinders","7":"product_tag-boom-cylinders","8":"product_tag-hydraulic-cylinders","10":"first","11":"instock","12":"shipping-taxable","13":"product-type-simple"},"amp_enabled":true,"_links":{"self":[{"href":"https:\/\/www.hydraulic-cylinders.net\/lt\/wp-json\/wp\/v2\/product\/19675","targetHints":{"allow":["GET"]}}],"collection":[{"href":"https:\/\/www.hydraulic-cylinders.net\/lt\/wp-json\/wp\/v2\/product"}],"about":[{"href":"https:\/\/www.hydraulic-cylinders.net\/lt\/wp-json\/wp\/v2\/types\/product"}],"replies":[{"embeddable":true,"href":"https:\/\/www.hydraulic-cylinders.net\/lt\/wp-json\/wp\/v2\/comments?post=19675"}],"wp:featuredmedia":[{"embeddable":true,"href":"https:\/\/www.hydraulic-cylinders.net\/lt\/wp-json\/wp\/v2\/media\/17878"}],"wp:attachment":[{"href":"https:\/\/www.hydraulic-cylinders.net\/lt\/wp-json\/wp\/v2\/media?parent=19675"}],"wp:term":[{"taxonomy":"product_brand","embeddable":true,"href":"https:\/\/www.hydraulic-cylinders.net\/lt\/wp-json\/wp\/v2\/product_brand?post=19675"},{"taxonomy":"product_cat","embeddable":true,"href":"https:\/\/www.hydraulic-cylinders.net\/lt\/wp-json\/wp\/v2\/product_cat?post=19675"},{"taxonomy":"product_tag","embeddable":true,"href":"https:\/\/www.hydraulic-cylinders.net\/lt\/wp-json\/wp\/v2\/product_tag?post=19675"}],"curies":[{"name":"wp","href":"https:\/\/api.w.org\/{rel}","templated":true}]}}