{"id":19677,"date":"2025-04-07T07:01:14","date_gmt":"2025-04-07T07:01:14","guid":{"rendered":"https:\/\/www.hydraulic-cylinders.net\/product\/boom-cylinder-for-baoding-wy80-6\/"},"modified":"2025-04-07T07:01:17","modified_gmt":"2025-04-07T07:01:17","slug":"boom-cylinder-for-baoding-wy80-6","status":"publish","type":"product","link":"https:\/\/www.hydraulic-cylinders.net\/lt\/produktas\/boom-cylinder-for-baoding-wy80-6\/","title":{"rendered":"Str\u0117l\u0117s cilindras Baodingo WY80-6"},"content":{"rendered":"<h1>Str\u0117l\u0117s cilindras Baodingo WY80-6<\/h1>\n<h2>\u012evadas \u012f str\u0117l\u0117s cilindr\u0105<\/h2>\n<p>Specialiai \u201eBaoding WY80-6\u201c sukurtam str\u0117l\u0117s cilindrui b\u016bdingas gyvybi\u0161kai svarbus komponentas, naudojamas \u012fvairiose sunkiosiose ma\u0161inose. Jis atlieka labai svarb\u0173 vaidmen\u012f hidraulin\u0117se sistemose, palengvindamas ekskavatori\u0173, ekskavatori\u0173-krautuv\u0173 ir frontalini\u0173 krautuv\u0173 \u012frangos kau\u0161\u0173 jud\u0117jim\u0105. \u0160ie cilindrai leid\u017eia kau\u0161ui pakilti, nuleisti ir pakreipti, taip padedant atlikti med\u017eiag\u0173 tvarkymo u\u017eduotis, kurios yra b\u016btinos statybose ir \u017eem\u0117s \u016bkyje.<\/p>\n<p><img decoding=\"async\" src=\"https:\/\/www.hydraulic-cylinders.net\/wp-content\/uploads\/2025\/04\/songte-company-1.webp\" alt=\"Baodingo WY80-6 str\u0117l\u0117s cilindras\"><\/p>\n<h2>Str\u0117l\u0117s cilindro savyb\u0117s<\/h2>\n<ul>\n<li><strong>Didelis stiprumas ir ilgaam\u017ei\u0161kumas:<\/strong> Pagamintas i\u0161 didelio stiprumo plieno arba aliuminio, \u0161is cilindras gali atlaikyti auk\u0161t\u0105 sl\u0117g\u012f ir dideles apkrovas. Jis skirtas veikti at\u0161iauriomis darbo s\u0105lygomis, atsi\u017evelgiant \u012f atsparum\u0105 dilimui ir korozijai, taip pailginant jo tarnavimo laik\u0105.<\/li>\n<li><strong>Efektyvus hidraulinis valdymas:<\/strong> Hidraulin\u0117s alyvos sl\u0117gio panaudojimas leid\u017eia skland\u017eiai i\u0161skleisti ir atitraukti, greitai reaguoti \u012f valdymo komandas ir u\u017etikrinti galingas st\u016bmimo bei traukimo j\u0117gas, idealiai tinkan\u010dias sunkiems daiktams tvarkyti ir sud\u0117tingoms u\u017eduotims atlikti.<\/li>\n<li><strong>\u012evair\u016bs tipai:<\/strong> Galima \u012fsigyti vienpusio veikimo (veikia viena kryptimi) arba dvipusio veikimo (veikia abiem kryptimis) konfig\u016bracij\u0173, kad atitikt\u0173 skirtingus eksploatacinius reikalavimus. Kai kurie modeliai pasi\u017eymi teleskopin\u0117mis konstrukcijomis, kurios leid\u017eia labiau i\u0161tiesti nepadidinant i\u0161orini\u0173 matmen\u0173, tod\u0117l tinka naudoti ribotoje erdv\u0117je.<\/li>\n<\/ul>\n<p>Mes galime pagaminti \u0161\u012f produkt\u0105, o m\u016bs\u0173 si\u016blomi produktai gali puikiai pakeisti \u0161iuos hidraulinius cilindrus.<\/p>\n<p><img decoding=\"async\" src=\"https:\/\/www.hydraulic-cylinders.net\/wp-content\/uploads\/2025\/04\/songte-cylinder-head-with-all-kinds-excavator-models.webp\" alt=\"Ekskavatori\u0173 modeliai\"><\/p>\n<h2>Str\u0117l\u0117s cilindro pritaikymas<\/h2>\n<h3>Statybin\u0117 \u012franga<\/h3>\n<p>Ekskavatoriuose str\u0117l\u0117s cilindrai yra labai svarb\u016bs kasant, kraunant ir perkeliant grunt\u0105 ar \u0161iuk\u0161les. Jie atlieka svarb\u0173 vaidmen\u012f tiek kasimo, tiek k\u0117limo operacijose, tod\u0117l yra b\u016btini statybviet\u0117se, kur reikia kelti sunkius krovinius. Efektyvus hidraulinis \u0161i\u0173 cilindr\u0173 veikimas prisideda prie bendro statybini\u0173 ma\u0161in\u0173 na\u0161umo ir efektyvumo.<\/p>\n<h3>\u017dem\u0117s \u016bkio technika<\/h3>\n<p>Priekiniuose krautuvuose naudojami str\u0117l\u0117s cilindrai palengvina dirvo\u017eemio, \u0161ieno ir kit\u0173 med\u017eiag\u0173 k\u0117lim\u0105, k\u0117lim\u0105 ir transportavim\u0105. \u017dem\u0117s \u016bkio darbuose tikslus \u0161i\u0173 cilindr\u0173 valdymas padidina toki\u0173 u\u017eduo\u010di\u0173, kaip pakrovimas ir i\u0161krovimas, efektyvum\u0105, u\u017etikrindamas, kad \u016bkininkai gal\u0117t\u0173 skland\u017eiai ir efektyviai valdyti savo veikl\u0105.<\/p>\n<h3>Ekskavatoriai<\/h3>\n<p>Ekskavatoriuose str\u0117l\u0117s cilindras leid\u017eia kau\u0161ui \u012fsiskverbti \u012f dirv\u0105, tod\u0117l galima efektyviai atlikti kasimo darbus. \u0160i galimyb\u0117 yra labai svarbi atliekant \u012fvairius darbus, \u012fskaitant tran\u0161\u0117j\u0173 kasim\u0105 ir lyginim\u0105, kai norint pasiekti optimali\u0173 rezultat\u0173 atliekant kasimo darbus, reikalingas tikslus kau\u0161o pad\u0117ties nustatymas ir valdymas.<\/p>\n<h3>Krautuvai<\/h3>\n<p>Priekiniuose krautuvuose str\u0117l\u0117s cilindrai padeda efektyviai kelti ir i\u0161versti krovinius. D\u0117l savo geb\u0117jimo u\u017etikrinti didel\u0119 k\u0117limo gali\u0105 jie u\u017etikrina, kad med\u017eiagas b\u016bt\u0173 galima pakrauti ir perkelti be per didelio rankinio darbo ar laiko s\u0105naud\u0173, taip prisidedant prie bendro krovimo operacij\u0173 efektyvumo.<\/p>\n<h2>Projektavimo aspektai ir atrankos kriterijai<\/h2>\n<h3>Keliamoji galia<\/h3>\n<p>Renkantis str\u0117l\u0117s cilindr\u0105, keliamoji galia yra labai svarbus veiksnys. Ji lemia, kiek svorio cilindras gali atlaikyti eksploatacijos metu. Cilindro, kurio keliamoji galia atitinka arba vir\u0161ija ma\u0161inos reikalavimus, pasirinkimas u\u017etikrina saugum\u0105 ir patikimum\u0105 atliekant sunkius k\u0117limo darbus. In\u017einieriai turi atsi\u017evelgti \u012f maksimal\u0173 svor\u012f, kur\u012f cilindras susidurs realiomis s\u0105lygomis, kad i\u0161vengt\u0173 gedim\u0173.<\/p>\n<h3>Sandarinimas<\/h3>\n<p>Str\u0117l\u0117s cilindro sandarinimas yra b\u016btinas norint i\u0161vengti hidraulinio skys\u010dio nuot\u0117kio ir u\u017etikrinti efektyv\u0173 veikim\u0105. Auk\u0161tos kokyb\u0117s sandarikliai, pagaminti i\u0161 patvari\u0173 med\u017eiag\u0173, toki\u0173 kaip poliuretanas arba nitrilo kau\u010diukas, yra b\u016btini, kad atlaikyt\u0173 nusid\u0117v\u0117jim\u0105 ir palaikyt\u0173 hidraulin\u012f sl\u0117g\u012f. Tinkama sandarinimo konstrukcija taip pat suma\u017eina u\u017eter\u0161imo hidraulin\u0117je sistemoje rizik\u0105, kuri gali pa\u017eeisti komponentus.<\/p>\n<h3>Patvarumas<\/h3>\n<p>Hidraulini\u0173 cilindr\u0173 ilgaam\u017ei\u0161kumas yra labai svarbus, ypa\u010d sud\u0117tingomis s\u0105lygomis. Konstrukcijoje naudojamos med\u017eiagos turi b\u016bti atsparios dilimui, korozijai ir nuovargiui. \u0160is aspektas u\u017etikrina, kad cilindras gal\u0117t\u0173 efektyviai veikti laikui b\u0117gant, suma\u017einant prastovas d\u0117l remonto ar keitimo. Gamintojai da\u017enai naudoja pavir\u0161iaus apdorojim\u0105 arba dangas, kad padidint\u0173 hidraulini\u0173 komponent\u0173 ilgaam\u017ei\u0161kum\u0105.<\/p>\n<h3>Saugumas<\/h3>\n<p>Projektuojant hidraulinius cilindrus, saugumas yra svarbiausias dalykas. Tokios savyb\u0117s kaip sl\u0117gio ma\u017einimo vo\u017etuvai ir tvirta konstrukcija padeda i\u0161vengti katastrofi\u0161k\u0173 gedim\u0173. Projektuotojai privalo laikytis pramon\u0117s saugos standart\u0173, kad u\u017etikrint\u0173, jog cilindrai atlaikys netik\u0117tas apkrovas ir sl\u0117g\u012f, u\u017etikrindami saugi\u0105 darbo aplink\u0105 naudotojams.<\/p>\n<h3>Prie\u017ei\u016bra<\/h3>\n<p>Dar vienas svarbus projektavimo aspektas yra prie\u017ei\u016bros paprastumas. Hidrauliniai cilindrai tur\u0117t\u0173 b\u016bti suprojektuoti taip, kad b\u016bt\u0173 lengva pasiekti sandariklius ir kitus komponentus, kad juos b\u016bt\u0173 galima patikrinti ir pakeisti. Gerai suprojektuotas cilindras leid\u017eia efektyviai atlikti \u012fprastin\u0117s prie\u017ei\u016bros u\u017eduotis, pailginant \u012frangos tarnavimo laik\u0105 ir u\u017etikrinant optimal\u0173 na\u0161um\u0105.<\/p>\n<p><img decoding=\"async\" src=\"https:\/\/www.hydraulic-cylinders.net\/wp-content\/uploads\/2025\/04\/songte-oil-pipes-and-spare-parts.webp\" alt=\"Atsargin\u0117s dalys\"><\/p>\n<h2>Str\u0117l\u0117s cilindro sandarinimas ir tepimas<\/h2>\n<p>Str\u0117l\u0117s cilindro efektyvumas labai priklauso nuo jo sandarinimo ir tepimo. \u012evair\u016bs sandarikliai, \u012fskaitant st\u016bmokli\u0173 ir stryp\u0173 sandariklius, yra b\u016btini norint i\u0161laikyti hidraulinio sl\u0117gio vientisum\u0105 cilindre. I\u0161 poliuretano arba nitrilo kau\u010diuko pagaminti sandarikliai yra pageidaujami d\u0117l j\u0173 atsparumo dilimui ir ilgaam\u017ei\u0161kumo. Kruop\u0161tus cilindro korpuso ir sriegini\u0173 gal\u0173 apdirbimas padidina atsparum\u0105 dilimui, o tai pailgina tarnavimo laik\u0105. Norint u\u017etikrinti skland\u0173 veikim\u0105 ir i\u0161vengti vidini\u0173 komponent\u0173 susid\u0117v\u0117jimo, b\u016btina reguliariai tepti tinkama hidrauline alyva.<\/p>\n<h2>Reguliar\u016bs patikrinimai ir prevencin\u0117 prie\u017ei\u016bra<\/h2>\n<ul>\n<li><strong>Reguliar\u016bs patikrinimai:<\/strong> Reguliar\u016bs str\u0117l\u0117s cilindro patikrinimai padeda nustatyti galimas problemas, kol jos netapo rimtomis. Tai apima nuot\u0117ki\u0173, sandarikli\u0173 susid\u0117v\u0117jimo patikrinim\u0105 ir vis\u0173 jung\u010di\u0173 tvirtumo u\u017etikrinim\u0105.<\/li>\n<li><strong>Tinkamas tepimas:<\/strong> Norint i\u0161laikyti optimal\u0173 na\u0161um\u0105, labai svarbu reguliariai tepti cilindr\u0105 tinkamo tipo ir kiekio hidraulin\u0117s alyvos. Nepakankamas tepimas gali padidinti cilindro susid\u0117v\u0117jim\u0105 ir sukelti gedim\u0105.<\/li>\n<li><strong>Sandariklio keitimas:<\/strong> Laikui b\u0117gant, sandarikliai susid\u0117vi ir juos reikia pakeisti. Reguliariai tikrinant sandarikli\u0173 b\u016bkl\u0119 ir kei\u010diant juos pagal poreik\u012f, galima i\u0161vengti hidraulinio skys\u010dio nuot\u0117kio ir i\u0161laikyti cilindro efektyvum\u0105.<\/li>\n<\/ul>\n<h2>Str\u0117l\u0117s cilindro montavimo gair\u0117s<\/h2>\n<p>Str\u0117l\u0117s cilindro montavimas yra labai svarbus jo veikimui ir ilgaam\u017ei\u0161kumui. Pirmiausia \u012fsitikinkite, kad visi tvirtinimo pavir\u0161iai yra \u0161var\u016bs ir be \u0161iuk\u0161li\u0173. Tinkamai sulygiuokite cilindr\u0105, kad i\u0161vengtum\u0117te nesutapimo eksploatacijos metu, nes tai gali sukelti prie\u0161laikin\u012f susid\u0117v\u0117jim\u0105 ar gedim\u0105. Naudokite tinkamus tvirtinimo laikiklius, kad pritvirtintum\u0117te cilindr\u0105 vietoje, u\u017etikrindami, kad jis b\u016bt\u0173 tvirtai pritvirtintas prie mechanizmo. B\u016btina laikytis gamintojo nurodym\u0173 d\u0117l sukimo momento nustatym\u0173 ir montavimo proced\u016br\u0173. \u012erengus, atid\u017eiai patikrinkite visas jungtis ir atlikite bandom\u0105j\u012f veikim\u0105, kad \u012fsitikintum\u0117te, jog veikia.<\/p>\n<h2>Str\u0117l\u0117s cilindro prie\u017ei\u016bros u\u017eduotys<\/h2>\n<ul>\n<li><strong>Reguliar\u016bs patikrinimai:<\/strong> Da\u017enos patikros padeda anksti pasteb\u0117ti galimas problemas. Patikrinkite, ar n\u0117ra susid\u0117v\u0117jimo po\u017eymi\u0173, nuot\u0117ki\u0173, ir \u012fsitikinkite, kad visi komponentai veikia tinkamai. Dokumentuokite visus pasteb\u0117jimus ir nedelsdami juos pa\u0161alinkite, kad i\u0161vengtum\u0117te tolesni\u0173 komplikacij\u0173.<\/li>\n<li><strong>Tinkamas tepimas:<\/strong> Reguliariai naudojant tinkam\u0105 hidraulin\u0119 alyv\u0105 u\u017etikrinamas sklandus veikimas ir i\u0161vengiama nusid\u0117v\u0117jimo. Naudokite tik gamintojo rekomenduojamas alyvas ir laikykit\u0117s tepimo grafiko, kad u\u017etikrintum\u0117te optimal\u0173 na\u0161um\u0105.<\/li>\n<li><strong>Sandariklio keitimas ir kalibravimas:<\/strong> Steb\u0117kite sandarikli\u0173 susid\u0117v\u0117jim\u0105 ir prireikus juos pakeiskite. Reguliariai kalibruojant str\u0117l\u0117s cilindr\u0105 u\u017etikrinama, kad jis veikt\u0173 pagal reikiamus parametrus, ir taip b\u016bt\u0173 i\u0161vengta nereikalingo hidraulin\u0117s sistemos apkrovimo.<\/li>\n<\/ul>\n<h2>Saugos aspektai ir aplinkos veiksniai<\/h2>\n<p>Dirbant su hidrauliniais cilindrais, labai svarbu \u012fdiegti saugos priemones. Operatoriai tur\u0117t\u0173 b\u016bti apmokyti teisingai naudoti ma\u0161inas ir suprasti galimus pavojus, susijusius su hidraulin\u0117mis sistemomis. Reguliariai per\u017ei\u016brint saugos protokolus ir u\u017etikrinant, kad \u012franga b\u016bt\u0173 tinkamai pri\u017ei\u016brima, galima suma\u017einti rizik\u0105. Be to, aplinkai nekenksminga praktika, pavyzd\u017eiui, tinkamas hidraulini\u0173 skys\u010di\u0173 \u0161alinimas, padeda apsaugoti ekosistem\u0105 ir laikytis taisykli\u0173.<\/p>\n<h2>Gedim\u0173 diagnostika ir da\u017eniausios problemos<\/h2>\n<ul>\n<li><strong>Nuot\u0117kis:<\/strong> Hidraulinio skys\u010dio nuot\u0117kis gali rodyti susid\u0117v\u0117jusius sandariklius arba pa\u017eeistus komponentus. Patikrinkite cilindr\u0105 ir sandariklius, ar n\u0117ra susid\u0117v\u0117jimo po\u017eymi\u0173, ir prireikus juos pakeiskite.<\/li>\n<li><strong>Prastas na\u0161umas:<\/strong> Jei cilindras neveikia skland\u017eiai, patikrinkite, ar tinkamai sutepta, ar hidraulin\u0117se linijose n\u0117ra oro ir ar sistemoje n\u0117ra u\u017esikim\u0161im\u0173.<\/li>\n<li><strong>Ne\u012fprasti garsai:<\/strong> \u0160lifavimo ar bar\u0161k\u0117jimo garsai gali rodyti vidinius pa\u017eeidimus arba nepakankam\u0105 tepim\u0105. I\u0161tirkite triuk\u0161mo \u0161altin\u012f ir nedelsdami pa\u0161alinkite visas mechanines problemas.<\/li>\n<\/ul>\n<h2>Trik\u010di\u0173 \u0161alinimo patarimai<\/h2>\n<p>Nor\u0117dami efektyviai diagnozuoti ir i\u0161spr\u0119sti str\u0117l\u0117s cilindro problemas, operatoriai tur\u0117t\u0173 laikytis sistemingo po\u017ei\u016brio. Prad\u0117kite nuo hidraulin\u0117s sistemos patikrinimo, ar n\u0117ra nuot\u0117ki\u0173 ar netinkam\u0173 jung\u010di\u0173. \u012esitikinkite, kad cilindras yra tinkamai suteptas ir kad naudojamas tinkamas hidraulinis skystis. Reguliarus techninis aptarnavimas, \u012fskaitant sandarikli\u0173 patikrinim\u0105 ir keitim\u0105, gali pad\u0117ti i\u0161vengti daugelio da\u017eniausiai pasitaikan\u010di\u0173 problem\u0173. Operatoriai taip pat tur\u0117t\u0173 susipa\u017einti su ma\u0161inos eksploatavimo gair\u0117mis, kad suma\u017eint\u0173 \u017ealos d\u0117l netinkamo naudojimo rizik\u0105.<\/p>\n<p><img decoding=\"async\" src=\"https:\/\/www.hydraulic-cylinders.net\/wp-content\/uploads\/2025\/04\/songte-bushings-with-all-kinds-of-excavator-models.webp\" alt=\"Ekskavatori\u0173 modeliai\"><\/p>\n<h2>\u012emon\u0117s ap\u017evalga<\/h2>\n<p>Esame pirmaujantis hidraulini\u0173 cilindr\u0173 gamintojas, si\u016blantis plat\u0173 gamini\u0173 asortiment\u0105, skirt\u0105 tiek vidaus, tiek tarptautinei rinkai. M\u016bs\u0173 \u012fsipareigojimas siekti meistri\u0161kumo atsispindi puikiose gamybos dirbtuv\u0117se ir pramonin\u0117s gamybos valdymo strategijose. D\u0117mes\u012f sutelkdami \u012f technologinius talentus, auk\u0161\u010diausios klas\u0117s skaitmenin\u0119 gamybos \u012frang\u0105 ir profesionalias bandym\u0173 sistemas, nuolat tobuliname savo gamybos platform\u0105. M\u016bs\u0173 stipr\u016bs k\u016brybiniai geb\u0117jimai u\u017etikrina, kad \u012fvairius klient\u0173 poreikius patenkintume dideliu efektyvumu, tikslumu ir kokybe.<\/p>\n<p><img decoding=\"async\" src=\"https:\/\/www.hydraulic-cylinders.net\/wp-content\/uploads\/2025\/04\/songte-company-4.webp\" alt=\"\u012emon\u0117s \u012fvaizdis\"><br \/>\n<img decoding=\"async\" src=\"https:\/\/www.hydraulic-cylinders.net\/wp-content\/uploads\/2025\/04\/songte-company-3.webp\" alt=\"\u012emon\u0117s \u012fvaizdis\"><\/p>\n<p>M\u016bs\u0173 patirtis apima \u012fvairias sritis, \u012fskaitant specializacij\u0105, tarptautinius sertifikatus, individualiai pritaikytas paslaugas, pa\u017eangi\u0105 gamybos \u012frang\u0105 ir visapusi\u0161k\u0105 aptarnavim\u0105 po pardavimo.<\/p>\n<p>Autorius: lyl<\/p>","protected":false},"excerpt":{"rendered":"<p>Boom Cylinder For Baoding WY80-6 Introduction to Boom Cylinder The Boom Cylinder, specifically designed for the Baoding WY80-6, is a vital component used in various heavy machinery. It plays a crucial role in hydraulic systems, facilitating the movement of equipment buckets in excavators, backhoe loaders, and front-end loaders. These cylinders enable the bucket to lift, [&hellip;]<\/p>","protected":false},"featured_media":17880,"comment_status":"open","ping_status":"closed","template":"","meta":{"_et_pb_use_builder":"","_et_pb_old_content":"","_et_gb_content_width":""},"product_brand":[],"product_cat":[1546],"product_tag":[1547,1496],"class_list":{"0":"post-19677","1":"product","2":"type-product","3":"status-publish","4":"has-post-thumbnail","6":"product_cat-boom-cylinders","7":"product_tag-boom-cylinders","8":"product_tag-hydraulic-cylinders","10":"first","11":"instock","12":"shipping-taxable","13":"product-type-simple"},"amp_enabled":true,"_links":{"self":[{"href":"https:\/\/www.hydraulic-cylinders.net\/lt\/wp-json\/wp\/v2\/product\/19677","targetHints":{"allow":["GET"]}}],"collection":[{"href":"https:\/\/www.hydraulic-cylinders.net\/lt\/wp-json\/wp\/v2\/product"}],"about":[{"href":"https:\/\/www.hydraulic-cylinders.net\/lt\/wp-json\/wp\/v2\/types\/product"}],"replies":[{"embeddable":true,"href":"https:\/\/www.hydraulic-cylinders.net\/lt\/wp-json\/wp\/v2\/comments?post=19677"}],"wp:featuredmedia":[{"embeddable":true,"href":"https:\/\/www.hydraulic-cylinders.net\/lt\/wp-json\/wp\/v2\/media\/17880"}],"wp:attachment":[{"href":"https:\/\/www.hydraulic-cylinders.net\/lt\/wp-json\/wp\/v2\/media?parent=19677"}],"wp:term":[{"taxonomy":"product_brand","embeddable":true,"href":"https:\/\/www.hydraulic-cylinders.net\/lt\/wp-json\/wp\/v2\/product_brand?post=19677"},{"taxonomy":"product_cat","embeddable":true,"href":"https:\/\/www.hydraulic-cylinders.net\/lt\/wp-json\/wp\/v2\/product_cat?post=19677"},{"taxonomy":"product_tag","embeddable":true,"href":"https:\/\/www.hydraulic-cylinders.net\/lt\/wp-json\/wp\/v2\/product_tag?post=19677"}],"curies":[{"name":"wp","href":"https:\/\/api.w.org\/{rel}","templated":true}]}}