{"id":19678,"date":"2025-04-07T07:01:17","date_gmt":"2025-04-07T07:01:17","guid":{"rendered":"https:\/\/www.hydraulic-cylinders.net\/product\/boom-cylinder-for-baoding-wy90-7\/"},"modified":"2025-04-07T07:01:20","modified_gmt":"2025-04-07T07:01:20","slug":"boom-cylinder-for-baoding-wy90-7","status":"publish","type":"product","link":"https:\/\/www.hydraulic-cylinders.net\/lt\/produktas\/boom-cylinder-for-baoding-wy90-7\/","title":{"rendered":"Str\u0117l\u0117s cilindras Baodingo WY90-7"},"content":{"rendered":"<h1>Str\u0117l\u0117s cilindras Baodingo WY90-7<\/h1>\n<h2>Kas yra str\u0117l\u0117s cilindras?<\/h2>\n<p>Str\u0117l\u0117s cilindras yra specializuotas hidraulinis cilindras, skirtas valdyti kau\u0161o jud\u0117jim\u0105 \u012fvairiose sunkiosiose ma\u0161inose, tokiose kaip ekskavatoriai, ekskavatoriniai krautuvai ir frontaliniai krautuvai. \u0160is hidraulinis komponentas leid\u017eia kau\u0161\u0105 pakelti, nuleisti ir pakreipti, tod\u0117l med\u017eiag\u0173 tvarkymo darbai atliekami tiksliai ir lengvai.<\/p>\n<p><img decoding=\"async\" src=\"https:\/\/www.hydraulic-cylinders.net\/wp-content\/uploads\/2025\/04\/songte-company-1.webp\" alt=\"Str\u0117l\u0117s cilindras\" \/><\/p>\n<h3>Funkcija ir taikymas<\/h3>\n<p>Hidraulin\u0117je sistemoje str\u0117l\u0117s cilindras atlieka itin svarb\u0173 vaidmen\u012f, nes hidraulin\u012f sl\u0117g\u012f paver\u010dia mechanine energija. Jis suteikia reikiam\u0105 j\u0117g\u0105 tokioms u\u017eduotims kaip kasimas, k\u0117limas ir med\u017eiag\u0173 perk\u0117limas atlikti. Kau\u0161o cilindras yra b\u016btinas \u012fvairiose srityse, \u012fskaitant:<\/p>\n<ul>\n<li><strong>Kasimas:<\/strong> Cilindras leid\u017eia efektyviai \u012fsiskverbti \u012f dirv\u0105 ir pakelti \u0161iuk\u0161les, tod\u0117l kasimo darbai atliekami grei\u010diau ir efektyviau.<\/li>\n<li><strong>Med\u017eiag\u0173 transportavimas:<\/strong> Tai padeda transportuoti med\u017eiagas i\u0161 vienos vietos \u012f kit\u0105, u\u017etikrinant skland\u0173 darb\u0105 statybose ir \u017eem\u0117s \u016bkio aplinkoje.<\/li>\n<li><strong>Purvo ir \u0161iuk\u0161li\u0173 tvarkymas:<\/strong> Kau\u0161o cilindras yra labai svarbus tvarkant ne\u0161varumus ir \u0161iuk\u0161les statybviet\u0117se, didinant produktyvum\u0105 ir darbo eig\u0105.<\/li>\n<\/ul>\n<h2>Str\u0117l\u0117s cilindro savyb\u0117s<\/h2>\n<h3>Didelis stiprumas ir ilgaam\u017ei\u0161kumas<\/h3>\n<ul>\n<li>Pagaminta i\u0161 didelio stiprumo plieno arba aliuminio, kad atlaikyt\u0173 auk\u0161t\u0105 sl\u0117g\u012f ir dideles apkrovas.<\/li>\n<li>Sukurta atlaikyti at\u0161iaurias darbo s\u0105lygas, atsi\u017evelgiant \u012f atsparum\u0105 dilimui ir apsaug\u0105 nuo korozijos.<\/li>\n<li>Ilgesnis tarnavimo laikas d\u0117l tvirt\u0173 konstrukcini\u0173 med\u017eiag\u0173.<\/li>\n<\/ul>\n<h3>Efektyvus hidraulinis valdymas<\/h3>\n<ul>\n<li>Naudoja hidraulin\u0117s alyvos sl\u0117g\u012f, kad i\u0161pl\u0117timas ir \u012ftraukimas b\u016bt\u0173 skland\u016bs ir jautr\u016bs.<\/li>\n<li>Pasi\u017eymi galinga st\u016bmimo ir traukimo j\u0117ga, tinkama sunkioms ir sud\u0117tingoms u\u017eduotims atlikti.<\/li>\n<\/ul>\n<h3>\u012evair\u016bs tipai<\/h3>\n<ul>\n<li>Galima rinktis vienpusio veikimo (hidraulika naudojama viena kryptimi) arba dvipusio veikimo (hidraulika naudojama abiem kryptimis) konfig\u016bracijas.<\/li>\n<li>Kai kurie modeliai pasi\u017eymi teleskopin\u0117mis konstrukcijomis, kad b\u016bt\u0173 galima pasiekti didesn\u012f plot\u0105 nepadidinant i\u0161orini\u0173 matmen\u0173.<\/li>\n<\/ul>\n<h2>Gamybos paj\u0117gumai<\/h2>\n<p>M\u016bs\u0173 \u012fmon\u0117 specializuojasi hidraulini\u0173 cilindr\u0173 gamyboje, u\u017etikrindama, kad m\u016bs\u0173 gaminiai puikiai pakeis esamus cilindrus \u012fvairiose srityse.<\/p>\n<p><img decoding=\"async\" src=\"https:\/\/www.hydraulic-cylinders.net\/wp-content\/uploads\/2025\/04\/songte-cylinder-head-with-all-kinds-excavator-models.webp\" alt=\"Hidraulini\u0173 cilindr\u0173 gamyba\" \/><\/p>\n<h2>Str\u0117l\u0117s cilindro pritaikymas<\/h2>\n<h3>Statybin\u0117 \u012franga<\/h3>\n<p>Ekskavatoriuose str\u0117l\u0117s cilindrai yra gyvybi\u0161kai svarb\u016bs kasant, kraunant ir perkeliant grunt\u0105 ar \u0161iuk\u0161les. Jie suteikia reikiam\u0105 k\u0117limo j\u0117g\u0105 kau\u0161ui pakelti, leisdami operatoriams efektyviai i\u0161kasti ar transportuoti med\u017eiagas. Ekskavatoriuose-krautuvuose str\u0117l\u0117s cilindras padeda tiek kasti, tiek kelti, tod\u0117l padid\u0117ja \u0161i\u0173 ma\u0161in\u0173 universalumas.<\/p>\n<h3>\u017dem\u0117s \u016bkio technika<\/h3>\n<p>Priekiniai krautuvai naudoja str\u0117l\u0117s cilindrus dirvo\u017eemiui, \u0161ienui ir kitoms med\u017eiagoms semti, kelti ir transportuoti. Jie yra b\u016btini atliekant \u012fvairius \u017eem\u0117s \u016bkio darbus, gerinant na\u0161um\u0105 ir efektyvum\u0105 \u016bkiuose.<\/p>\n<h3>Ekskavatoriai<\/h3>\n<p>Ekskavatori\u0173 str\u0117l\u0117s cilindrai, galintys \u012fsiskverbti \u012f dirv\u0105, palengvina efektyvius kasimo veiksmus, tod\u0117l jie yra neatsiejama statybos ir griovimo projekt\u0173 dalis.<\/p>\n<h3>Krautuvai<\/h3>\n<p>Priekiniuose krautuvuose str\u0117l\u0117s cilindrai padeda efektyviai kelti ir i\u0161versti krovinius. J\u0173 konstrukcija leid\u017eia optimaliai paskirstyti svor\u012f ir j\u012f valdyti darbo metu, taip atliekant \u012fvairias krovimo u\u017eduotis.<\/p>\n<h2>Projektavimo aspektai ir atrankos kriterijai<\/h2>\n<h3>Keliamoji galia<\/h3>\n<p>Str\u0117l\u0117s cilindro keliamoji galia yra labai svarbi nustatant jo tinkamum\u0105 konkre\u010dioms reikm\u0117ms. Svarbu pasirinkti cilindr\u0105, kuris gali atlaikyti numatomas apkrovas nerizikuodamas sugesti. Reik\u0117t\u0173 atlikti tinkamus skai\u010diavimus ir apkrovos bandymus, siekiant u\u017etikrinti, kad cilindras atitikt\u0173 numatyto naudojimo reikalavimus. Didesn\u0117s keliamosios galios cilindras u\u017etikrins geresnes saugos ribas ir padidins veiklos efektyvum\u0105.<\/p>\n<h3>Sandarumas ir ilgaam\u017ei\u0161kumas<\/h3>\n<p>Efektyvus sandarinimas yra nepaprastai svarbus siekiant i\u0161vengti hidraulinio skys\u010dio nuot\u0117ki\u0173, kurie gali suma\u017einti na\u0161um\u0105 ir padidinti nusid\u0117v\u0117jim\u0105. Tinkami sandarikliai, pavyzd\u017eiui, st\u016bmoklio ir koto sandarikliai, pagaminti i\u0161 patvari\u0173 med\u017eiag\u0173, toki\u0173 kaip poliuretanas arba nitrilo kau\u010diukas, labai prisideda prie cilindro ilgaam\u017ei\u0161kumo. Auk\u0161tos kokyb\u0117s sandarikliai taip pat u\u017etikrins skland\u0173 ir efektyv\u0173 hidraulin\u0117s sistemos veikim\u0105, suma\u017eindami prastovas d\u0117l technin\u0117s prie\u017ei\u016bros.<\/p>\n<h3>Saugos funkcijos<\/h3>\n<p>Projektuojant str\u0117l\u0117s cilindrus, svarbiausia yra sauga. Tokios savyb\u0117s kaip \u012fmontuoti sl\u0117gio ma\u017einimo vo\u017etuvai padeda i\u0161vengti perkrov\u0173, kurios gali sukelti katastrofi\u0161k\u0173 gedim\u0173. Be to, reguliari technin\u0117 prie\u017ei\u016bra ir saugos protokol\u0173 laikymasis u\u017etikrins hidraulini\u0173 sistem\u0173 ilgaam\u017ei\u0161kum\u0105 ir patikimum\u0105. Operatoriai tur\u0117t\u0173 b\u016bti apmokyti atpa\u017einti galimus saugos pavojus ir greitai juos pa\u0161alinti, kad b\u016bt\u0173 suma\u017einta rizika eksploatacijos metu.<\/p>\n<p><img decoding=\"async\" src=\"https:\/\/www.hydraulic-cylinders.net\/wp-content\/uploads\/2025\/04\/songte-oil-pipes-and-spare-parts.webp\" alt=\"Hidraulinio cilindro projektavimo aspektai\" \/><\/p>\n<h2>Sandarinimas ir tepimas<\/h2>\n<p>Siekiant u\u017etikrinti optimal\u0173 na\u0161um\u0105, str\u0117l\u0117s cilindruose naudojami \u012fvair\u016bs sandarikliai, \u012fskaitant st\u016bmokli\u0173 ir kot\u0173 sandariklius. Sandarikli\u0173, pagamint\u0173 i\u0161 atspari\u0173 dilimui med\u017eiag\u0173, toki\u0173 kaip poliuretanas ir nitrilo kau\u010diukas, pasirinkimas yra labai svarbus norint prailginti cilindro tarnavimo laik\u0105. Be to, cilindro korpusas ir srieginiai galiniai pavir\u0161iai yra tiksliai apdirbami, siekiant padidinti atsparum\u0105 dilimui. Norint suma\u017einti trint\u012f ir pailginti cilindro eksploatavimo laik\u0105, b\u016btina reguliariai tepti hidrauline alyva. Operatoriai turi suprasti, kaip svarbu palaikyti tinkam\u0105 alyvos lyg\u012f ir u\u017etikrinti, kad sistemoje neb\u016bt\u0173 ter\u0161al\u0173, kurie gali pakenkti hidraulini\u0173 komponent\u0173 veikimui ir ilgaam\u017ei\u0161kumui.<\/p>\n<h2>Prevencin\u0117s prie\u017ei\u016bros priemon\u0117s<\/h2>\n<ul>\n<li><strong>Reguliarus patikrinimas:<\/strong> Reik\u0117t\u0173 atlikti reguliarius nuot\u0117ki\u0173, susid\u0117v\u0117jimo ir pa\u017eeidim\u0173 patikrinimus, kad problemos b\u016bt\u0173 nustatytos anksti ir i\u0161vengta brangaus remonto.<\/li>\n<li><strong>Tinkamas tepimas:<\/strong> Tinkamas cilindro sutepimas suma\u017eina trint\u012f ir nusid\u0117v\u0117jim\u0105, pagerina na\u0161um\u0105 ir pailgina tarnavimo laik\u0105.<\/li>\n<li><strong>Sandariklio keitimas:<\/strong> Reguliariai kei\u010diant susid\u0117v\u0117jusius sandariklius galima i\u0161vengti skys\u010di\u0173 nuot\u0117kio ir i\u0161laikyti hidraulin\u012f efektyvum\u0105, u\u017etikrinant, kad sistema veikt\u0173 taip, kaip numatyta.<\/li>\n<\/ul>\n<h2>\u012erengimo gair\u0117s<\/h2>\n<p>Tinkamas str\u0117l\u0117s cilindro montavimas yra labai svarbus optimaliam veikimui. Atlikite \u0161iuos veiksmus, kad u\u017etikrintum\u0117te teising\u0105 montavim\u0105:<\/p>\n<ul>\n<li><strong>Paruo\u0161imas:<\/strong> Prie\u0161 montuodami \u012fsitikinkite, kad darbo vieta yra \u0161vari ir be \u0161iuk\u0161li\u0173. Patikrinkite, ar turite visus reikalingus \u012frankius ir komponentus.<\/li>\n<li><strong>Lygiavimas:<\/strong> Tinkamai sulygiuokite cilindr\u0105 su tvirtinimo laikikliais, kad i\u0161vengtum\u0117te \u012ftempimo ir galimo gedimo eksploatacijos metu. Jei reikia, naudokite lygiavimo \u012frankius.<\/li>\n<li><strong>Montavimas:<\/strong> Tvirtai pritvirtinkite cilindr\u0105 naudodami atitinkamus tvirtinimo laikiklius, kad u\u017etikrintum\u0117te stabilum\u0105. \u012esitikinkite, kad visi tvirtinimo elementai yra priver\u017eti pagal gamintojo specifikacijas.<\/li>\n<li><strong>Hidraulin\u0117s jungtys:<\/strong> Prijunkite hidraulines \u017earnas, \u012fsitikindami, kad n\u0117ra nuot\u0117ki\u0173. Dar kart\u0105 patikrinkite visas jungtis, ar jos tvirtai pritvirtintos ir ar jos tinkamai i\u0161d\u0117stytos.<\/li>\n<li><strong>Testavimas:<\/strong> \u012edieg\u0119, atlikite bandom\u0105j\u012f paleidim\u0105, kad \u012fsitikintum\u0117te, jog cilindras veikia skland\u017eiai ir efektyviai. Steb\u0117kite, ar n\u0117ra ne\u012fprast\u0173 gars\u0173 ar judesi\u0173.<\/li>\n<\/ul>\n<p><img decoding=\"async\" src=\"https:\/\/www.hydraulic-cylinders.net\/wp-content\/uploads\/2025\/04\/songte-chushion-collar.webp\" alt=\"Str\u0117l\u0117s cilindro montavimas\" \/><\/p>\n<h2>Prie\u017ei\u016bros u\u017eduotys<\/h2>\n<h3>Reguliar\u016bs patikrinimai<\/h3>\n<p>Reguliar\u016bs str\u0117l\u0117s cilindro patikrinimai yra b\u016btini norint anksti nustatyti galimas problemas. Ie\u0161kokite susid\u0117v\u0117jimo, nuot\u0117ki\u0173 ar pa\u017eeidim\u0173 po\u017eymi\u0173, kad \u012fsitikintum\u0117te, jog cilindras veikia efektyviai. Reguliarus technin\u0117s prie\u017ei\u016bros grafikas gali pad\u0117ti i\u0161vengti brangi\u0173 prastov\u0173 ir pailginti \u012frangos tarnavimo laik\u0105.<\/p>\n<h3>Tinkamas tepimas<\/h3>\n<p>Tinkamas str\u0117l\u0117s cilindro sutepimas yra labai svarbus norint suma\u017einti judan\u010di\u0173 dali\u0173 trint\u012f ir nusid\u0117v\u0117jim\u0105. Reguliariai tikrinkite hidraulin\u0117s alyvos lyg\u012f ir papildykite pagal poreik\u012f. Nor\u0117dami i\u0161laikyti optimal\u0173 na\u0161um\u0105 ir i\u0161vengti suderinamumo problem\u0173, naudokite gamintojo rekomenduojam\u0105 hidraulin\u012f skyst\u012f.<\/p>\n<h3>Sandariklio keitimas<\/h3>\n<p>Sandarikli\u0173 b\u016bkl\u0117s steb\u0117jimas yra labai svarbus siekiant i\u0161vengti skys\u010di\u0173 nuot\u0117ki\u0173 ir palaikyti hidraulin\u012f efektyvum\u0105. Reguliariai tikrinkite sandariklius, ar n\u0117ra susid\u0117v\u0117jimo po\u017eymi\u0173, ir prireikus juos pakeiskite, kad u\u017etikrintum\u0117te tinkam\u0105 cilindro veikim\u0105. \u012egyvendinkite aktyv\u0173 sandarikli\u0173 valdymo metod\u0105, kad i\u0161vengtum\u0117te nuot\u0117ki\u0173 ir pagerintum\u0117te na\u0161um\u0105.<\/p>\n<h2>Saugos aspektai ir aplinkos veiksniai<\/h2>\n<p>Naudojant str\u0117l\u0117s cilindrus, b\u016btina atsi\u017evelgti \u012f saugos priemones, skirtas operatoriams ir \u012frangai apsaugoti. Labai svarbu \u012fdiegti standartinius saugos protokolus, pavyzd\u017eiui, d\u0117v\u0117ti tinkamas asmenines apsaugos priemones (AAP) ir u\u017etikrinti, kad visi hidrauliniai komponentai veikt\u0173 tinkamai. Be to, norint i\u0161laikyti aplinkosaugos reikalavimus, labai svarbu suprasti hidraulini\u0173 skys\u010di\u0173 nuot\u0117ki\u0173 poveik\u012f aplinkai ir u\u017etikrinti tinkam\u0105 pavojing\u0173 med\u017eiag\u0173 \u0161alinim\u0105.<\/p>\n<h2>Da\u017eniausiai pasitaikan\u010di\u0173 problem\u0173 \u0161alinimas<\/h2>\n<h3>Da\u017enos problemos<\/h3>\n<ul>\n<li><strong>Nuot\u0117kis:<\/strong> D\u0117l susid\u0117v\u0117jusi\u0173 sandarikli\u0173 arba pa\u017eeist\u0173 jung\u010di\u0173 gali atsirasti nuot\u0117ki\u0173, d\u0117l kuri\u0173 suma\u017e\u0117ja na\u0161umas. Reguliarios patikros gali pad\u0117ti nustatyti ir i\u0161spr\u0119sti \u0161ias problemas, kol jos nepa\u016bm\u0117jo.<\/li>\n<li><strong>L\u0117tas atsakas:<\/strong> Jei cilindras reaguoja l\u0117tai, tai gali reik\u0161ti \u017eem\u0105 hidraulinio skys\u010dio lyg\u012f arba hidraulinio siurblio problem\u0105. Patikrinkite skys\u010dio lyg\u012f ir \u012fsitikinkite, kad siurblys veikia tinkamai.<\/li>\n<li><strong>Perkaitimas:<\/strong> Perkaitimas gali atsirasti d\u0117l per didelio darbo kr\u016bvio arba nepakankamo tepimo. Steb\u0117kite eksploatavimo s\u0105lygas ir prireikus pakoreguokite, kad i\u0161vengtum\u0117te perkaitimo.<\/li>\n<\/ul>\n<h3>Trik\u010di\u0173 \u0161alinimo patarimai<\/h3>\n<p>Norint efektyviai diagnozuoti ir i\u0161spr\u0119sti problemas, reikia laikytis \u0161i\u0173 nurodym\u0173:<\/p>\n<ul>\n<li>Reguliariai tikrinkite hidraulinio skys\u010dio lyg\u012f ir keiskite filtrus kaip \u012fprastin\u0117s prie\u017ei\u016bros dal\u012f.<\/li>\n<li>Dokumentuokite ir steb\u0117kite na\u0161umo rodiklius, kad anksti nustatytum\u0117te tendencijas ir galimas problemas.<\/li>\n<li>Apmokykite operatorius atpa\u017einti ne\u012fprastus garsus ar elges\u012f hidraulin\u0117je sistemoje, kad b\u016bt\u0173 galima greitai imtis veiksm\u0173.<\/li>\n<\/ul>\n<p><img decoding=\"async\" src=\"https:\/\/www.hydraulic-cylinders.net\/wp-content\/uploads\/2025\/04\/songte-bushings-with-all-kinds-of-excavator-models.webp\" alt=\"Str\u0117l\u0117s cilindro trik\u010di\u0173 \u0161alinimas\" \/><\/p>\n<h2>\u012emon\u0117s ap\u017evalga<\/h2>\n<p>Esame pirmaujantis pakaitini\u0173 hidraulini\u0173 cilindr\u0173 gamintojas, si\u016blantis plat\u0173 gamini\u0173 asortiment\u0105, atitinkant\u012f vietin\u0117s ir tarptautin\u0117s rinkos poreikius. M\u016bs\u0173 \u012fsipareigojim\u0105 siekti nepriekai\u0161tingos kokyb\u0117s u\u017etikrina i\u0161tobulintos gamybos strategijos ir moderniausia \u012franga. D\u0117mes\u012f sutelkdami \u012f techninius talentus, auk\u0161\u010diausios klas\u0117s skaitmenin\u0119 gamyb\u0105 ir profesionalias testavimo sistemas, nuolat tobuliname savo gamybos paj\u0117gumus. M\u016bs\u0173 efektyvus, tikslus ir auk\u0161tos kokyb\u0117s po\u017ei\u016bris leid\u017eia mums patenkinti \u012fvairius klient\u0173 poreikius.<\/p>\n<p><img decoding=\"async\" src=\"https:\/\/www.hydraulic-cylinders.net\/wp-content\/uploads\/2025\/04\/songte-company-4.webp\" alt=\"\u012emon\u0117s ap\u017evalga\" \/><br \/>\n<img decoding=\"async\" src=\"https:\/\/www.hydraulic-cylinders.net\/wp-content\/uploads\/2025\/04\/songte-company-3.webp\" alt=\"\u012emon\u0117s gamyba\" \/><\/p>\n<p>M\u016bs\u0173 specializacija apima profesionalius sertifikatus, individualiai pritaikytas paslaugas, pa\u017eangi\u0105 gamybos \u012frang\u0105 ir puik\u0173 aptarnavim\u0105 po pardavimo, u\u017etikrinant, kad m\u016bs\u0173 klientai gaut\u0173 auk\u0161\u010diausios klas\u0117s hidraulini\u0173 cilindr\u0173 sprendimus savo veiklai.<\/p>\n<p>Autorius: lyl<\/p>","protected":false},"excerpt":{"rendered":"<p>Boom Cylinder For Baoding WY90-7 What is a Boom Cylinder? The Boom Cylinder is a specialized hydraulic cylinder designed to control the movement of the bucket in various heavy machinery such as excavators, backhoe loaders, and front-end loaders. This hydraulic component enables the bucket to lift, lower, and tilt, facilitating material handling tasks with precision [&hellip;]<\/p>","protected":false},"featured_media":17881,"comment_status":"open","ping_status":"closed","template":"","meta":{"_et_pb_use_builder":"","_et_pb_old_content":"","_et_gb_content_width":""},"product_brand":[],"product_cat":[1546],"product_tag":[1547,1496],"class_list":{"0":"post-19678","1":"product","2":"type-product","3":"status-publish","4":"has-post-thumbnail","6":"product_cat-boom-cylinders","7":"product_tag-boom-cylinders","8":"product_tag-hydraulic-cylinders","10":"first","11":"instock","12":"shipping-taxable","13":"product-type-simple"},"amp_enabled":true,"_links":{"self":[{"href":"https:\/\/www.hydraulic-cylinders.net\/lt\/wp-json\/wp\/v2\/product\/19678","targetHints":{"allow":["GET"]}}],"collection":[{"href":"https:\/\/www.hydraulic-cylinders.net\/lt\/wp-json\/wp\/v2\/product"}],"about":[{"href":"https:\/\/www.hydraulic-cylinders.net\/lt\/wp-json\/wp\/v2\/types\/product"}],"replies":[{"embeddable":true,"href":"https:\/\/www.hydraulic-cylinders.net\/lt\/wp-json\/wp\/v2\/comments?post=19678"}],"wp:featuredmedia":[{"embeddable":true,"href":"https:\/\/www.hydraulic-cylinders.net\/lt\/wp-json\/wp\/v2\/media\/17881"}],"wp:attachment":[{"href":"https:\/\/www.hydraulic-cylinders.net\/lt\/wp-json\/wp\/v2\/media?parent=19678"}],"wp:term":[{"taxonomy":"product_brand","embeddable":true,"href":"https:\/\/www.hydraulic-cylinders.net\/lt\/wp-json\/wp\/v2\/product_brand?post=19678"},{"taxonomy":"product_cat","embeddable":true,"href":"https:\/\/www.hydraulic-cylinders.net\/lt\/wp-json\/wp\/v2\/product_cat?post=19678"},{"taxonomy":"product_tag","embeddable":true,"href":"https:\/\/www.hydraulic-cylinders.net\/lt\/wp-json\/wp\/v2\/product_tag?post=19678"}],"curies":[{"name":"wp","href":"https:\/\/api.w.org\/{rel}","templated":true}]}}