{"id":19681,"date":"2025-04-07T07:01:26","date_gmt":"2025-04-07T07:01:26","guid":{"rendered":"https:\/\/www.hydraulic-cylinders.net\/product\/boom-cylinder-for-baoding-sc400-8\/"},"modified":"2025-04-07T07:01:29","modified_gmt":"2025-04-07T07:01:29","slug":"boom-cylinder-for-baoding-sc400-8","status":"publish","type":"product","link":"https:\/\/www.hydraulic-cylinders.net\/lt\/produktas\/boom-cylinder-for-baoding-sc400-8\/","title":{"rendered":"Str\u0117l\u0117s cilindras Baoding SC400.8"},"content":{"rendered":"<h1>Str\u0117l\u0117s cilindras Baoding SC400.8<\/h1>\n<h2>\u012evadas \u012f str\u0117l\u0117s cilindr\u0105<\/h2>\n<p>Str\u0117l\u0117s cilindras yra esminis hidraulini\u0173 sistem\u0173 komponentas, specialiai sukurtas valdyti kau\u0161\u0173 jud\u0117jim\u0105 sunkiosiose ma\u0161inose, tokiose kaip ekskavatoriai, ekskavatoriniai krautuvai ir frontaliniai krautuvai. \u0160is hidraulinis cilindras leid\u017eia kau\u0161ui pakelti, nuleisti ir pakreipti, palengvindamas \u012fvairias med\u017eiag\u0173 tvarkymo u\u017eduotis. Kau\u0161o cilindras atlieka labai svarb\u0173 vaidmen\u012f didinant ma\u0161in\u0173 operacij\u0173 efektyvum\u0105 ir veiksmingum\u0105, tod\u0117l jis yra nepakei\u010diamas statybose, \u017eem\u0117s \u016bkyje ir kitose pramon\u0117s \u0161akose.<\/p>\n<p><img decoding=\"async\" src=\"https:\/\/www.hydraulic-cylinders.net\/wp-content\/uploads\/2025\/04\/songte-company-1.webp\" alt=\"Str\u0117l\u0117s cilindras\"><\/p>\n<h3>Apibr\u0117\u017eimas ir ap\u017evalga<\/h3>\n<p>Kau\u0161o cilindras, dar \u017einomas kaip str\u0117l\u0117s cilindras, yra hidraulinio cilindro tipas, veikiantis pagal hidraulin\u0117s mechanikos principus. J\u012f sudaro cilindrinis korpusas, st\u016bmoklis ir hidraulinis skystis, kurie kartu sukuria reikiam\u0105 j\u0117g\u0105 sunkiems kroviniams perkelti. Kai hidraulinis skystis pumpuojamas \u012f cilindr\u0105, jis sukuria sl\u0117g\u012f, kuris i\u0161ple\u010dia st\u016bmokl\u012f, \u012fgalindamas norim\u0105 kau\u0161o jud\u0117jim\u0105. \u0160i sistema leid\u017eia tiksliai valdyti ir pasiekti didel\u0119 keliam\u0105j\u0105 gali\u0105, tod\u0117l ji tinka \u012fvairioms sunkioms reikm\u0117ms.<\/p>\n<h2>Str\u0117l\u0117s cilindro savyb\u0117s<\/h2>\n<ul>\n<li><strong>Didelis stiprumas ir ilgaam\u017ei\u0161kumas:<\/strong> Pagamintas i\u0161 didelio stiprumo plieno arba aliuminio, str\u0117l\u0117s cilindras yra skirtas atlaikyti auk\u0161t\u0105 sl\u0117g\u012f ir dideles apkrovas, tod\u0117l tinka at\u0161iaurioms darbo s\u0105lygoms.<\/li>\n<li><strong>Efektyvus hidraulinis valdymas:<\/strong> Cilindras naudoja hidraulin\u0117s alyvos sl\u0117g\u012f, kad skland\u017eiai i\u0161skleist\u0173 ir atitraukt\u0173, greitai reaguot\u0173 \u012f veikimo komandas ir u\u017etikrint\u0173 galing\u0105 st\u016bmimo bei traukimo j\u0117g\u0105.<\/li>\n<li><strong>\u012evairios konfig\u016bracijos:<\/strong> Galima \u012fsigyti vienpusio veikimo (hidraulin\u0117 j\u0117ga veikia viena kryptimi) arba dvipusio veikimo (hidraulin\u0117 j\u0117ga veikia abiem kryptimis) konstrukcij\u0173, kad b\u016bt\u0173 patenkinti \u012fvair\u016bs eksploatavimo poreikiai.<\/li>\n<li><strong>Vietos taupymo dizainas:<\/strong> Kai kurie modeliai yra teleskopiniai, tod\u0117l juos galima labiau i\u0161tiesti nepadidinant i\u0161orini\u0173 matmen\u0173, tod\u0117l jie idealiai tinka naudoti ten, kur erdv\u0117s ribota.<\/li>\n<li><strong>Atsparumas dilimui ir korozijai:<\/strong> \u0160ie cilindrai, sukurti taip, kad b\u016bt\u0173 atspar\u016bs dilimui ir korozijai, yra pagaminti ilgam laikui, pailgindami j\u0173 eksploatavimo laik\u0105.<\/li>\n<\/ul>\n<p>M\u016bs\u0173 gaminiai gali puikiai pakeisti \u0161iuos hidraulinius cilindrus, u\u017etikrindami auk\u0161t\u0105 na\u0161um\u0105 ir patikimum\u0105.<\/p>\n<p><img decoding=\"async\" src=\"https:\/\/www.hydraulic-cylinders.net\/wp-content\/uploads\/2025\/04\/songte-cylinder-head-with-all-kinds-excavator-models.webp\" alt=\"Suderinami hidrauliniai cilindrai\"><\/p>\n<h2>Str\u0117l\u0117s cilindro pritaikymas<\/h2>\n<h3>Statybin\u0117 \u012franga<\/h3>\n<p>Ekskavatoriuose str\u0117l\u0117s cilindrai yra labai svarb\u016bs kasant, kraunant ir perkeliant \u017eem\u0119 ar \u0161iuk\u0161les. Jie palengvina kasimo veiksm\u0105, leisdami kau\u0161ui efektyviai \u012fsiskverbti \u012f \u017eem\u0119. Be to, ekskavatoriuose-krautuvuose kau\u0161o cilindras padeda tiek kasimo, tiek k\u0117limo operacijose, u\u017etikrindamas, kad u\u017eduotys b\u016bt\u0173 atliekamos efektyviai ir greitai.<\/p>\n<h3>\u017dem\u0117s \u016bkio technika<\/h3>\n<p>Priekiniuose krautuvuose str\u0117l\u0117s cilindrai naudojami dirvo\u017eemiui, \u0161ienui ir kitoms med\u017eiagoms semti, kelti ir transportuoti. Tvirta j\u0173 konstrukcija leid\u017eia jiems atlikti sunkius k\u0117limo darbus, reikalingus \u017eem\u0117s \u016bkio darbams, o tai prisideda prie efektyvaus \u016bkininkavimo.<\/p>\n<h3>Ekskavatoriai<\/h3>\n<p>Str\u0117l\u0117s cilindrai yra labai svarb\u016bs, kad kau\u0161as gal\u0117t\u0173 \u012fsiskverbti \u012f dirv\u0105 ir efektyviai kasti. D\u0117l savo tikslumo ir galios jie idealiai tinka \u012fvairioms kasimo u\u017eduotims, didina na\u0161um\u0105 ir suma\u017eina rankin\u012f darb\u0105.<\/p>\n<h3>Krautuvai<\/h3>\n<p>Priekiniuose krautuvuose str\u0117l\u0117s cilindrai padeda efektyviai kelti ir i\u0161versti krovinius. Hidraulin\u0117s sistemos efektyvumas u\u017etikrina, kad krautuvas gal\u0117t\u0173 dirbti su maksimalia keliam\u0105ja galia, tod\u0117l med\u017eiag\u0173 tvarkymo u\u017eduotys tampa lengviau valdomos.<\/p>\n<h2>Projektavimo aspektai ir atrankos kriterijai<\/h2>\n<h3>Keliamoji galia<\/h3>\n<p>Vienas i\u0161 pagrindini\u0173 str\u0117l\u0117s cilindr\u0173 projektavimo aspekt\u0173 yra j\u0173 keliamoji galia. Cilindras turi atlaikyti konkret\u0173 keliam\u0173 krovini\u0173 svor\u012f. Tam reikia kruop\u0161taus projektavimo, siekiant u\u017etikrinti, kad naudojamos med\u017eiagos ir cilindro konstrukcija atlaikyt\u0173 eksploatacijos metu atsirandan\u010dius \u012ftempius.<\/p>\n<h3>Sandarinimo mechanizmai<\/h3>\n<p>Efektyvus sandarinimas yra labai svarbus hidraulini\u0173 cilindr\u0173 veikimui. Auk\u0161tos kokyb\u0117s sandarikliai apsaugo nuo hidraulinio skys\u010dio nutek\u0117jimo ir palaiko sl\u0117g\u012f cilindre. Sandarinimo med\u017eiag\u0173, toki\u0173 kaip poliuretanas arba nitrilo kau\u010diukas, pasirinkimas yra labai svarbus ilgaam\u017ei\u0161kumui ir veikimui \u012fvairiomis s\u0105lygomis.<\/p>\n<h3>Patvarumas<\/h3>\n<p>Patvarumas yra pagrindinis hidraulini\u0173 cilindr\u0173 veiksnys, ypa\u010d at\u0161iauriomis s\u0105lygomis. Gamintojai, kurdami savo konstrukcijas, turi atsi\u017evelgti \u012f atsparum\u0105 dilimui ir korozijai, naudodami med\u017eiagas ir dangas, kurios prailgina cilindro tarnavimo laik\u0105.<\/p>\n<h3>Saugos funkcijos<\/h3>\n<p>Saugumas yra svarbiausias dalykas eksploatuojant hidraulin\u0119 \u012frang\u0105. Str\u0117l\u0117s cilindrai turi b\u016bti suprojektuoti su saugos funkcijomis, kurios apsaugot\u0173 nuo atsitiktini\u0173 gedim\u0173. Tai apima sl\u0117gio ma\u017einimo vo\u017etuv\u0173 \u012frengim\u0105 ir u\u017etikrinim\u0105, kad hidraulin\u0117 sistema gal\u0117t\u0173 saugiai atlaikyti perkrovos s\u0105lygas.<\/p>\n<h3>Prie\u017ei\u016bra<\/h3>\n<p>Dar vienas svarbus veiksnys yra lengva prie\u017ei\u016bra. Hidrauliniai cilindrai tur\u0117t\u0173 b\u016bti suprojektuoti taip, kad b\u016bt\u0173 lengva pasiekti komponentus, kuriuos reikia reguliariai tikrinti ir pri\u017ei\u016br\u0117ti, pvz., sandariklius ir tepimo ta\u0161kus, siekiant suma\u017einti prastovas ir pailginti tarnavimo laik\u0105.<\/p>\n<p><img decoding=\"async\" src=\"https:\/\/www.hydraulic-cylinders.net\/wp-content\/uploads\/2025\/04\/songte-oil-pipes-and-spare-parts.webp\" alt=\"Hidraulini\u0173 cilindr\u0173 dalys\"><\/p>\n<h2>Sandarinimas ir tepimas<\/h2>\n<p>Tinkamas sandarinimas ir tepimas yra gyvybi\u0161kai svarb\u016bs efektyviam str\u0117l\u0117s cilindr\u0173 veikimui. \u012evair\u016bs sandarinimo komponentai, \u012fskaitant st\u016bmokli\u0173 ir stryp\u0173 sandariklius, naudojami siekiant i\u0161vengti hidraulinio skys\u010dio nuot\u0117kio. Sandarikliai, pagaminti i\u0161 atspari\u0173 dilimui med\u017eiag\u0173, toki\u0173 kaip poliuretanas ir nitrilo kau\u010diukas, padidina patvarum\u0105. Cilindro korpuso ir sriegini\u0173 gal\u0173 pavir\u0161iai yra kruop\u0161\u010diai apdirbti, siekiant pagerinti atsparum\u0105 dilimui.<\/p>\n<p>Taip pat b\u016btina reguliariai tepti; operatoriai tur\u0117t\u0173 periodi\u0161kai papildyti hidraulin\u0117s alyvos lyg\u012f, kad u\u017etikrint\u0173 skland\u0173 veikim\u0105 ir i\u0161vengt\u0173 vidini\u0173 komponent\u0173 susid\u0117v\u0117jimo. \u0160i prevencin\u0117 prie\u017ei\u016bra \u017eymiai pailgina hidraulinio cilindro tarnavimo laik\u0105.<\/p>\n<h2>Prevencin\u0117s prie\u017ei\u016bros priemon\u0117s<\/h2>\n<ul>\n<li><strong>Reguliar\u016bs patikrinimai:<\/strong> Reguliariai tikrinkite, ar n\u0117ra nuot\u0117ki\u0173, susid\u0117v\u0117jimo ir pa\u017eeidim\u0173, kad u\u017etikrintum\u0117te saug\u0173 ir efektyv\u0173 cilindro veikim\u0105.<\/li>\n<li><strong>Tinkamas tepimas:<\/strong> \u012esitikinkite, kad tepimui naudojama tinkamo tipo ir kiekio hidraulin\u0117 alyva, siekiant i\u0161laikyti optimal\u0173 na\u0161um\u0105.<\/li>\n<li><strong>Sandariklio keitimas:<\/strong> Steb\u0117kite sandarikli\u0173 susid\u0117v\u0117jim\u0105 ir prireikus pakeiskite juos, kad i\u0161vengtum\u0117te nuot\u0117ki\u0173 ir palaikytum\u0117te hidraulin\u012f sl\u0117g\u012f.<\/li>\n<\/ul>\n<h2>\u012erengimo gair\u0117s<\/h2>\n<p>Tinkamas str\u0117l\u0117s cilindro montavimas yra labai svarbus saugiam ir efektyviam darbui. Pirmiausia \u012fsitikinkite, kad tvirtinimo ta\u0161kai yra \u0161var\u016bs ir be \u0161iuk\u0161li\u0173. Tiksliai sulygiuokite cilindr\u0105 su tvirtinimo ta\u0161kais, kad i\u0161vengtum\u0117te nesuderinamumo, kuris gali padidinti susid\u0117v\u0117jim\u0105 ir sukelti gedim\u0105.<\/p>\n<p>Cilindrui pritvirtinti naudokite tinkamus tvirtinimo laikiklius, u\u017etikrindami, kad jis b\u016bt\u0173 tvirtai pritvirtintas, bet ne per daug priver\u017etas, kad neb\u016bt\u0173 pa\u017eeistas. Sumontav\u0119 patikrinkite, ar jis tinkamai veikia ir yra sulygiuotas, kad hidraulin\u0117 sistema veikt\u0173 skland\u017eiai.<\/p>\n<h2>\u012eprastos prie\u017ei\u016bros u\u017eduotys<\/h2>\n<ul>\n<li><strong>Reguliar\u016bs patikrinimai:<\/strong> Da\u017enai tikrinkite cilindr\u0105, ar n\u0117ra susid\u0117v\u0117jimo ar pa\u017eeidim\u0173 po\u017eymi\u0173, kad anksti pasteb\u0117tum\u0117te problemas ir i\u0161vengtum\u0117te dideli\u0173 gedim\u0173.<\/li>\n<li><strong>Tinkamas tepimas:<\/strong> Reguliariai sutepkite cilindr\u0105, kad u\u017etikrintum\u0117te skland\u0173 veikim\u0105 ir i\u0161vengtum\u0117te judan\u010di\u0173 dali\u0173 susid\u0117v\u0117jimo.<\/li>\n<li><strong>Sandariklio keitimas:<\/strong> Steb\u0117kite sandarikli\u0173 b\u016bkl\u0119 ir prireikus juos pakeiskite, kad palaikytum\u0117te sl\u0117g\u012f ir i\u0161vengtum\u0117te nuot\u0117ki\u0173.<\/li>\n<\/ul>\n<h2>Saugos aspektai ir aplinkos veiksniai<\/h2>\n<p>Naudojant str\u0117l\u0117s cilindrus, labai svarbu teikti pirmenyb\u0119 saugos priemon\u0117ms. Operatoriai tur\u0117t\u0173 b\u016bti apmokyti saugiai valdyti hidraulines ma\u0161inas, kad b\u016bt\u0173 suma\u017einta nelaiming\u0173 atsitikim\u0173 rizika. Be to, reguliari hidraulin\u0117s sistemos prie\u017ei\u016bra padeda i\u0161vengti gedim\u0173, kurie gali kelti pavoj\u0173 saugai. Taip pat reik\u0117t\u0173 atsi\u017evelgti \u012f aplinkos veiksnius, tokius kaip eksploatavimo s\u0105lygos, kurios gali tur\u0117ti \u012ftakos hidraulini\u0173 sistem\u0173 vientisumui, \u012fskaitant temperat\u016bros svyravimus ir s\u0105lyt\u012f su korozin\u0117mis med\u017eiagomis.<\/p>\n<h2>Trik\u010di\u0173 \u0161alinimas ir da\u017eniausiai pasitaikan\u010dios problemos<\/h2>\n<ul>\n<li><strong>Nuot\u0117kis:<\/strong> Patikrinkite sandariklius ir jungtis, ar jie n\u0117ra susid\u0117v\u0117j\u0119 ar pa\u017eeisti; prireikus pakeiskite sandariklius.<\/li>\n<li><strong>Prastas na\u0161umas:<\/strong> Patikrinkite hidraulinio skys\u010dio lyg\u012f ir \u012fsitikinkite, kad sistemoje n\u0117ra kli\u016b\u010di\u0173.<\/li>\n<li><strong>Nenuoseklus jud\u0117jimas:<\/strong> Patikrinkite cilindr\u0105, ar n\u0117ra i\u0161lygiavimo klaid\u0173 arba pa\u017eeist\u0173 komponent\u0173; prireikus i\u0161lygiuokite arba pakeiskite.<\/li>\n<\/ul>\n<h2>Problem\u0173 sprendimo patarimai<\/h2>\n<p>Nor\u0117dami veiksmingai diagnozuoti ir i\u0161spr\u0119sti problemas, operatoriai tur\u0117t\u0173 tvarkyti i\u0161sam\u0173 technin\u0117s prie\u017ei\u016bros ir remonto \u017eurnal\u0105. Tai padeda nustatyti modelius, kurie gali rodyti pasikartojan\u010dias problemas. Reguliar\u016bs mokymai apie trik\u010di\u0173 \u0161alinimo metodus gali suteikti operatoriams galimyb\u0119 spr\u0119sti nedidelius gedimus, kol jie neperauga \u012f rimtus remonto darbus. Prevencin\u0117s priemon\u0117s, tokios kaip \u012fprasti patikrinimai ir savalaik\u0117 technin\u0117 prie\u017ei\u016bra, yra gyvybi\u0161kai svarbios siekiant suma\u017einti galimas problemas ir pailginti hidraulini\u0173 komponent\u0173 tarnavimo laik\u0105.<\/p>\n<p><img decoding=\"async\" src=\"https:\/\/www.hydraulic-cylinders.net\/wp-content\/uploads\/2025\/04\/songte-bushings-with-all-kinds-of-excavator-models.webp\" alt=\"Str\u0117l\u0117s cilindro \u012fvor\u0117s\"><\/p>\n<h2>\u012emon\u0117s ap\u017evalga<\/h2>\n<p>Esame alternatyvi\u0173 hidraulini\u0173 cilindr\u0173 gamintojai, tap\u0119 vienais i\u0161 pirmaujan\u010di\u0173 hidraulini\u0173 cilindr\u0173 gamintoj\u0173 ir didmeninink\u0173 vidaus ir tarptautin\u0117se rinkose. Siekiame nepriekai\u0161tingos kokyb\u0117s, savo patobulintose gamybos dirbtuv\u0117se taikydami industrializuot\u0105 gamybos valdymo strategij\u0105. M\u016bs\u0173 \u012fmon\u0117 nuolat tobulina savo gamybos platform\u0105, pasitelkdama kvalifikuotus techninius darbuotojus, pa\u017eangi\u0105 auk\u0161\u010diausios klas\u0117s gamybos \u012frang\u0105 ir profesionalias testavimo sistemas, u\u017etikrindama tvirtas inovacij\u0173 galimybes ir tenkindama \u012fvairius klient\u0173 poreikius.<\/p>\n<p>M\u016bs\u0173 d\u0117mesys profesionalumui, tarptautiniams sertifikatams, individualiems poreikiams pritaikytoms paslaugoms, pa\u017eangiai gamybos \u012frangai ir aptarnavimui po pardavimo sustiprina m\u016bs\u0173 reputacij\u0105 pramon\u0117je.<\/p>\n<p><img decoding=\"async\" src=\"https:\/\/www.hydraulic-cylinders.net\/wp-content\/uploads\/2025\/04\/songte-company-4.webp\" alt=\"\u012emon\u0117s ap\u017evalga\"><br \/>\n<img decoding=\"async\" src=\"https:\/\/www.hydraulic-cylinders.net\/wp-content\/uploads\/2025\/04\/songte-company-3.webp\" alt=\"M\u016bs\u0173 gamybos \u012frenginiai\"><\/p>\n<p>Autorius: lyl<\/p>","protected":false},"excerpt":{"rendered":"<p>Boom Cylinder For Baoding SC400.8 Introduction to the Boom Cylinder The Boom Cylinder is an essential component in hydraulic systems, specifically designed to control the movement of buckets in heavy machinery such as excavators, backhoe loaders, and front loaders. This hydraulic cylinder enables the bucket to lift, lower, and tilt, facilitating various material handling tasks. [&hellip;]<\/p>","protected":false},"featured_media":17869,"comment_status":"open","ping_status":"closed","template":"","meta":{"_et_pb_use_builder":"","_et_pb_old_content":"","_et_gb_content_width":""},"product_brand":[],"product_cat":[1546],"product_tag":[1547,1496],"class_list":{"0":"post-19681","1":"product","2":"type-product","3":"status-publish","4":"has-post-thumbnail","6":"product_cat-boom-cylinders","7":"product_tag-boom-cylinders","8":"product_tag-hydraulic-cylinders","10":"first","11":"instock","12":"shipping-taxable","13":"product-type-simple"},"amp_enabled":true,"_links":{"self":[{"href":"https:\/\/www.hydraulic-cylinders.net\/lt\/wp-json\/wp\/v2\/product\/19681","targetHints":{"allow":["GET"]}}],"collection":[{"href":"https:\/\/www.hydraulic-cylinders.net\/lt\/wp-json\/wp\/v2\/product"}],"about":[{"href":"https:\/\/www.hydraulic-cylinders.net\/lt\/wp-json\/wp\/v2\/types\/product"}],"replies":[{"embeddable":true,"href":"https:\/\/www.hydraulic-cylinders.net\/lt\/wp-json\/wp\/v2\/comments?post=19681"}],"wp:featuredmedia":[{"embeddable":true,"href":"https:\/\/www.hydraulic-cylinders.net\/lt\/wp-json\/wp\/v2\/media\/17869"}],"wp:attachment":[{"href":"https:\/\/www.hydraulic-cylinders.net\/lt\/wp-json\/wp\/v2\/media?parent=19681"}],"wp:term":[{"taxonomy":"product_brand","embeddable":true,"href":"https:\/\/www.hydraulic-cylinders.net\/lt\/wp-json\/wp\/v2\/product_brand?post=19681"},{"taxonomy":"product_cat","embeddable":true,"href":"https:\/\/www.hydraulic-cylinders.net\/lt\/wp-json\/wp\/v2\/product_cat?post=19681"},{"taxonomy":"product_tag","embeddable":true,"href":"https:\/\/www.hydraulic-cylinders.net\/lt\/wp-json\/wp\/v2\/product_tag?post=19681"}],"curies":[{"name":"wp","href":"https:\/\/api.w.org\/{rel}","templated":true}]}}