{"id":19684,"date":"2025-04-07T07:01:35","date_gmt":"2025-04-07T07:01:35","guid":{"rendered":"https:\/\/www.hydraulic-cylinders.net\/product\/boom-cylinder-for-tiangong-zg3210-9c\/"},"modified":"2025-04-07T07:01:37","modified_gmt":"2025-04-07T07:01:37","slug":"boom-cylinder-for-tiangong-zg3210-9c","status":"publish","type":"product","link":"https:\/\/www.hydraulic-cylinders.net\/lt\/produktas\/boom-cylinder-for-tiangong-zg3210-9c\/","title":{"rendered":"Tiangong ZG3210-9C str\u0117l\u0117s cilindras"},"content":{"rendered":"<h1>Tiangong ZG3210-9C str\u0117l\u0117s cilindras<\/h1>\n<h2>Produkto ap\u017evalga<\/h2>\n<p>\u201eTiangong ZG3210-9C\u201c str\u0117l\u0117s cilindras yra esminis hidraulinis komponentas, skirtas sunkiosioms ma\u0161inoms. \u0160is hidraulinis cilindras yra specialiai sukurtas valdyti kau\u0161\u0173 jud\u0117jim\u0105 \u012fvairioje sunkiojoje technikoje, pavyzd\u017eiui, ekskavatoriuose, ekskavatoriniuose krautuvams ir frontaliniams krautuvams. Pagrindin\u0117 str\u0117l\u0117s cilindro funkcija yra palengvinti kau\u0161o k\u0117lim\u0105, nuleidim\u0105 ir pakreipim\u0105, taip padidinant med\u017eiag\u0173 tvarkymo u\u017eduo\u010di\u0173 efektyvum\u0105.<\/p>\n<p>Str\u0117l\u0117s cilindras, kaip hidraulinio cilindro tipas, veikia naudodamas susl\u0117gt\u0105 hidraulin\u012f skyst\u012f mechaninei j\u0117gai sukurti. \u0160is mechanizmas leid\u017eia jam i\u0161gauti didel\u0119 gali\u0105, tod\u0117l jis yra labai svarbus statybose, griovimo darbuose ir \u012fvairiose kitose pramon\u0117s \u0161akose, kurioms reikalingas sunkus k\u0117limas ir tikslus valdymas.<\/p>\n<p><img decoding=\"async\" src=\"https:\/\/www.hydraulic-cylinders.net\/wp-content\/uploads\/2025\/04\/songte-company-1.webp\" alt=\"Str\u0117l\u0117s cilindras\"><\/p>\n<h2>Str\u0117l\u0117s cilindro savyb\u0117s<\/h2>\n<ul>\n<li>\n<h3>Didelis stiprumas ir ilgaam\u017ei\u0161kumas<\/h3>\n<p>Pagamintas i\u0161 didelio stiprumo plieno arba aliuminio, str\u0117l\u0117s cilindras yra suprojektuotas taip, kad atlaikyt\u0173 auk\u0161t\u0105 sl\u0117g\u012f ir dideles apkrovas. Jo konstrukcijoje atsi\u017evelgiama \u012f atsparum\u0105 dilimui ir apsaug\u0105 nuo korozijos, u\u017etikrinant ilg\u0105 tarnavimo laik\u0105 net ir at\u0161iauriomis darbo s\u0105lygomis.<\/p>\n<\/li>\n<li>\n<h3>Efektyvus hidraulinis valdymas<\/h3>\n<p>Cilindras naudoja hidraulin\u0117s alyvos sl\u0117g\u012f, kad skland\u017eiai ir greitai i\u0161siskleist\u0173 ir susitraukt\u0173, greitai reaguodamas \u012f veikimo komandas. \u0160i savyb\u0117 leid\u017eia jam u\u017etikrinti didel\u0119 st\u016bmimo ir traukimo j\u0117g\u0105, idealiai tinkan\u010di\u0105 sunki\u0173 med\u017eiag\u0173 tvarkymui ir sud\u0117tingoms u\u017eduotims atlikti.<\/p>\n<\/li>\n<li>\n<h3>Tip\u0173 \u012fvairov\u0117<\/h3>\n<p>Priklausomai nuo paskirties, str\u0117l\u0117s cilindras b\u016bna vienpusio veikimo (naudojant hidraulin\u012f sl\u0117g\u012f viena kryptimi) ir dvipusio veikimo (naudojant hidraulin\u012f sl\u0117g\u012f abiem kryptimis). Kai kurie modeliai yra teleskopiniai, tod\u0117l juos galima labiau i\u0161tiesti nepadidinant i\u0161orini\u0173 matmen\u0173, tod\u0117l jie tinka naudoti ank\u0161tose erdv\u0117se.<\/p>\n<\/li>\n<\/ul>\n<p>Galime pagaminti \u0161\u012f gamin\u012f, si\u016blydami puikius \u0161i\u0173 hidraulini\u0173 cilindr\u0173 pakaitalus.<\/p>\n<p><img decoding=\"async\" src=\"https:\/\/www.hydraulic-cylinders.net\/wp-content\/uploads\/2025\/04\/songte-cylinder-head-with-all-kinds-excavator-models.webp\" alt=\"Ekskavatori\u0173 modeliai\"><\/p>\n<h2>Str\u0117l\u0117s cilindro pritaikymas<\/h2>\n<h3>Statybin\u0117 \u012franga<\/h3>\n<p>Ekskavatoriuose str\u0117l\u0117s cilindrai atlieka gyvybi\u0161kai svarb\u0173 vaidmen\u012f kasant, kraunant ir perkeliant grunt\u0105 ar \u0161iuk\u0161les. Jie yra atsakingi u\u017e kau\u0161o jud\u0117jim\u0105 auk\u0161tyn ir \u017eemyn, tod\u0117l galima efektyviai atlikti kasimo darbus.<\/p>\n<h3>Ekskavatoriniai krautuvai<\/h3>\n<p>Ekskavatori\u0173 krautuvuose str\u0117l\u0117s cilindras ne tik padeda kasti, bet ir kelti. \u0160i dviguba funkcija yra b\u016btina efektyviam med\u017eiag\u0173 tvarkymui statybviet\u0117se.<\/p>\n<h3>\u017dem\u0117s \u016bkio technika<\/h3>\n<p>Priekiniuose krautuvuose str\u0117l\u0117s cilindrai naudojami dirvo\u017eemiui, \u0161ienui ir kitoms med\u017eiagoms semti, kelti ir transportuoti. D\u0117l savo efektyvumo tvarkant \u012fvairius krovinius jie yra nepakei\u010diami \u017eem\u0117s \u016bkio darbuose.<\/p>\n<h3>Kasimo procesai<\/h3>\n<p>Ekskavatoriuose str\u0117l\u0117s cilindras leid\u017eia kau\u0161ui efektyviai \u012fsiskverbti \u012f \u017eem\u0119, taip padidindamas kasimo galimybes. \u0160i funkcija yra labai svarbi s\u0117kmingam kasimui \u012fvairiuose reljefuose.<\/p>\n<h3>Krautuvo operacijos<\/h3>\n<p>Priekiniuose krautuvuose str\u0117l\u0117s cilindrai padeda kelti ir i\u0161versti med\u017eiagas, u\u017etikrindami efektyvius pakrovimo ir i\u0161krovimo procesus. J\u0173 tvirta konstrukcija prisideda prie bendro pakrovimo operacij\u0173 na\u0161umo.<\/p>\n<h2>Projektavimo aspektai ir atrankos kriterijai<\/h2>\n<h3>Keliamoji galia<\/h3>\n<p>Renkantis str\u0117l\u0117s cilindr\u0105, labai svarbu nustatyti keliam\u0105j\u0105 gali\u0105. B\u016btina pasirinkti cilindr\u0105, kuris gali atlaikyti maksimali\u0105 apkrov\u0105, numatom\u0105 eksploatacijos metu. Keliamosios galios vir\u0161ijimas gali sukelti prie\u0161laikin\u012f gedim\u0105, galint\u012f kelti pavoj\u0173 saugumui ir padidinti prie\u017ei\u016bros i\u0161laidas.<\/p>\n<h3>Sandarinimo efektyvumas<\/h3>\n<p>Hidraulinio cilindro sandarinimo sistema yra gyvybi\u0161kai svarbi siekiant i\u0161vengti skys\u010dio nuot\u0117kio. Norint u\u017etikrinti optimal\u0173 veikim\u0105, reikia pasirinkti tinkamus sandariklius, atsi\u017evelgiant \u012f pritaikym\u0105. Kokybi\u0161ki sandarikliai prisideda prie cilindro ilgaam\u017ei\u0161kumo ir suma\u017eina hidraulinio skys\u010dio u\u017eter\u0161imo rizik\u0105.<\/p>\n<h3>Patvarumas<\/h3>\n<p>Patvarumas yra labai svarbus veiksnys, ypa\u010d aplinkoje, kurioje hidrauliniai cilindrai veikiami ekstremaliomis s\u0105lygomis. Naudojamos med\u017eiagos ir gamybos b\u016bdai vaidina svarb\u0173 vaidmen\u012f cilindro atsparumui dilimui, ply\u0161imui ir korozijai.<\/p>\n<h3>Saugos funkcijos<\/h3>\n<p>Saugumas yra svarbiausias dalykas valdant hidraulin\u0119 \u012frang\u0105. Tokios savyb\u0117s kaip sl\u0117gio ma\u017einimo vo\u017etuvai ir apsaugos nuo perkrovos mechanizmai u\u017etikrina saug\u0173 str\u0117l\u0117s cilindro veikim\u0105 ir padeda i\u0161vengti nelaiming\u0173 atsitikim\u0173 eksploatacijos metu.<\/p>\n<h3>Prie\u017ei\u016bra<\/h3>\n<p>Konstrukcija taip pat tur\u0117t\u0173 b\u016bti lengvai pri\u017ei\u016brima. Tepimo ir patikros ta\u0161kai tur\u0117t\u0173 b\u016bti lengvai pasiekiami, kad b\u016bt\u0173 u\u017etikrinta savalaik\u0117 prie\u017ei\u016bra ir suma\u017eintas prastov\u0173 laikas.<\/p>\n<p><img decoding=\"async\" src=\"https:\/\/www.hydraulic-cylinders.net\/wp-content\/uploads\/2025\/04\/songte-oil-pipes-and-spare-parts.webp\" alt=\"Naftos vamzd\u017eiai ir atsargin\u0117s dalys\"><\/p>\n<h2>Cilindro sandarinimas ir tepimas<\/h2>\n<p>Tinkamas sandarinimas ir tepimas yra labai svarb\u016bs str\u0117l\u0117s cilindro ilgaam\u017ei\u0161kumui ir efektyviam veikimui. \u012evair\u016bs sandarinimo komponentai, tokie kaip st\u016bmokli\u0173 ir stryp\u0173 sandarikliai, naudojami siekiant i\u0161vengti hidraulinio skys\u010dio nuot\u0117kio ir palaikyti sl\u0117g\u012f sistemoje. Sandarikliai da\u017enai gaminami i\u0161 atspari\u0173 dilimui med\u017eiag\u0173, toki\u0173 kaip poliuretanas ir nitrilo kau\u010diukas, kurios padidina patvarum\u0105 ir efektyvum\u0105.<\/p>\n<p>Cilindro korpuso pavir\u0161ius ir srieginiai galai yra kruop\u0161\u010diai apdirbami, siekiant pagerinti atsparum\u0105 dilimui ir u\u017etikrinti sandarum\u0105. Reguliarus tepimas tinkama hidrauline alyva yra b\u016btinas norint suma\u017einti trint\u012f ir dilim\u0105 cilindro viduje, u\u017etikrinti skland\u0173 veikim\u0105 ir pailginti tarnavimo laik\u0105.<\/p>\n<h2>Reguliari prie\u017ei\u016bra ir prevencin\u0117s priemon\u0117s<\/h2>\n<ul>\n<li>\n<h3>Reguliar\u016bs patikrinimai<\/h3>\n<p>Labai svarbu atlikti reguliarius patikrinimus, siekiant nustatyti susid\u0117v\u0117jimo po\u017eymius, nuot\u0117kius ar ne\u012fprastus garsus. \u0160i praktika padeda pasteb\u0117ti galimas problemas, kol jos neperauga \u012f rimtesnes.<\/p>\n<\/li>\n<li>\n<h3>Tinkamas tepimas<\/h3>\n<p>Norint u\u017etikrinti skland\u0173 cilindro veikim\u0105, labai svarbu u\u017etikrinti, kad jis b\u016bt\u0173 tinkamai suteptas tinkama hidrauline alyva. Tinkamas tepimas suma\u017eina trint\u012f ir apsaugo nuo prie\u0161laikinio susid\u0117v\u0117jimo, pailgindamas cilindro tarnavimo laik\u0105.<\/p>\n<\/li>\n<li>\n<h3>Sandariklio keitimas<\/h3>\n<p>Tarpikliai turi b\u016bti reguliariai tikrinami ir kei\u010diami pagal poreik\u012f. Susid\u0117v\u0117j\u0119 tarpikliai gali sukelti nuot\u0117kius, kurie gali pakenkti visos hidraulin\u0117s sistemos efektyvumui ir saugumui.<\/p>\n<\/li>\n<\/ul>\n<h2>\u012erengimo gair\u0117s<\/h2>\n<p>Tinkamas str\u0117l\u0117s cilindro montavimas yra labai svarbus jo veikimui ir ilgaam\u017ei\u0161kumui. Pirmiausia \u012fsitikinkite, kad visi tvirtinimo pavir\u0161iai yra \u0161var\u016bs ir be \u0161iuk\u0161li\u0173. Sulygiuokite cilindr\u0105 su tvirtinimo laikikliais, u\u017etikrindami, kad jis b\u016bt\u0173 statmenas darbiniam pavir\u0161iui. Naudokite tinkamus tvirtinimo laikiklius, kad pritvirtintum\u0117te cilindr\u0105 vietoje, i\u0161vengdami nereikalingos \u012ftampos eksploatavimo metu.<\/p>\n<p>Sulygiavus, pritvirtinkite hidraulines \u017earnas, \u012fsitikindami, kad n\u0117ra joki\u0173 sulenkim\u0173 ar staigi\u0173 lenkim\u0173, kurie gal\u0117t\u0173 trukdyti skys\u010dio tek\u0117jimui. Prie\u0161 naudodami \u012frang\u0105, pripildykite hidraulin\u0119 sistem\u0105 rekomenduojamu skys\u010diu ir patikrinkite, ar n\u0117ra nuot\u0117ki\u0173. Galiausiai atlikite bandom\u0105j\u012f paleidim\u0105, kad \u012fsitikintum\u0117te, jog cilindras veikia skland\u017eiai ir efektyviai.<\/p>\n<h2>\u012eprastos prie\u017ei\u016bros u\u017eduotys<\/h2>\n<ul>\n<li>\n<h3>Reguliar\u016bs patikrinimai<\/h3>\n<p>Da\u017enos patikros gali pad\u0117ti anksti nustatyti galimas problemas. Ie\u0161kokite susid\u0117v\u0117jimo po\u017eymi\u0173, nuot\u0117ki\u0173 ar ne\u012fprast\u0173 gars\u0173, kurie gali rodyti cilindro problemas.<\/p>\n<\/li>\n<li>\n<h3>Tinkamas tepimas<\/h3>\n<p>Tinkamo tepal\u0173 lygio palaikymas yra labai svarbus eksploatavimo efektyvumui. Reguliariai tikrinkite alyvos lyg\u012f ir prireikus papildykite, kad u\u017etikrintum\u0117te optimal\u0173 na\u0161um\u0105.<\/p>\n<\/li>\n<li>\n<h3>Tarpikli\u0173 keitimas ir kalibravimo patikrinimai<\/h3>\n<p>Reguliariai tikrinkite sandariklius, ar jie nesusid\u0117v\u0117j\u0119, ir prireikus juos pakeiskite. Kalibravimo patikrinimai u\u017etikrina, kad cilindras veikt\u0173 pagal nurodytus parametrus, i\u0161laikant efektyvum\u0105 ir saug\u0105.<\/p>\n<\/li>\n<\/ul>\n<h2>Saugos aspektai ir aplinkos veiksniai<\/h2>\n<p>Saugos priemon\u0117s yra labai svarbios eksploatuojant hidraulines sistemas. Hidraulin\u0117s sistemos komponent\u0173 ir j\u0173 funkcij\u0173 supratimas padeda suma\u017einti rizik\u0105. Norint i\u0161vengti nelaiming\u0173 atsitikim\u0173, b\u016btina reguliariai mokyti operatorius, kaip saugiai elgtis su hidraulin\u0117mis ma\u0161inomis ir jas valdyti. Be to, atsi\u017evelkite \u012f hidraulini\u0173 skys\u010di\u0173 poveik\u012f aplinkai ir u\u017etikrinkite, kad b\u016bt\u0173 \u012fdiegti tinkami \u0161alinimo metodai, siekiant apsaugoti ekosistem\u0105.<\/p>\n<h2>Gedim\u0173 diagnostika ir da\u017eniausios problemos<\/h2>\n<ul>\n<li>\n<h3>Hidraulinio skys\u010dio nuot\u0117kis<\/h3>\n<p>Nuot\u0117kis da\u017enai rodo susid\u0117v\u0117jusius sandariklius arba pa\u017eeistus komponentus. Reguliariai tikrinkite sandariklius ir pakeiskite juos, kai pastebite susid\u0117v\u0117jimo po\u017eymi\u0173.<\/p>\n<\/li>\n<li>\n<h3>Suma\u017einta j\u0117ga arba greitis<\/h3>\n<p>Suma\u017e\u0117j\u0119s na\u0161umas gali b\u016bti d\u0117l nepakankamo hidraulinio skys\u010dio kiekio arba vidini\u0173 pa\u017eeidim\u0173. Patikrinkite skys\u010dio lyg\u012f ir ap\u017ei\u016br\u0117kite, ar n\u0117ra vidini\u0173 susid\u0117v\u0117jim\u0173 ar kli\u016b\u010di\u0173.<\/p>\n<\/li>\n<li>\n<h3>Ne\u012fprasti garsai<\/h3>\n<p>Triuk\u0161mas eksploatacijos metu gali signalizuoti apie problemas, pvz., hidraulin\u0117je sistemoje \u012fstrig\u0119s oras arba komponent\u0173 susid\u0117v\u0117jim\u0105. Patikrinkite sistem\u0105, ar n\u0117ra \u012fstrigusio oro, ir \u012fsitikinkite, kad komponentai yra geros b\u016bkl\u0117s.<\/p>\n<\/li>\n<\/ul>\n<p>Siekdami veiksmingai diagnozuoti ir i\u0161spr\u0119sti problemas, operatoriai tur\u0117t\u0173 taikyti sisteming\u0105 trik\u010di\u0173 \u0161alinimo metod\u0105, prad\u0117dami nuo vizualini\u0173 patikrinim\u0173 ir prireikus pereidami prie i\u0161samesni\u0173 \u012fvertinim\u0173. Prevencin\u0117s priemon\u0117s, tokios kaip reguliari prie\u017ei\u016bra ir greitas remontas, gali suma\u017einti galimas problemas.<\/p>\n<p><img decoding=\"async\" src=\"https:\/\/www.hydraulic-cylinders.net\/wp-content\/uploads\/2025\/04\/songte-bushings-with-all-kinds-of-excavator-models.webp\" alt=\"Ekskavatori\u0173 \u012fvor\u0117s\"><\/p>\n<h2>Apie m\u016bs\u0173 \u012fmon\u0119<\/h2>\n<p>Esame pirmaujantis pakaitini\u0173 hidraulini\u0173 cilindr\u0173 gamintojas, si\u016blantis plat\u0173 gamini\u0173 asortiment\u0105, kad patenkint\u0173 \u012fvairius rinkos poreikius. M\u016bs\u0173 \u012fsipareigojimas siekti meistri\u0161kumo atsispindi m\u016bs\u0173 auk\u0161tos kokyb\u0117s gamybos procesuose, kuriuos palaiko pa\u017eangios gamybos valdymo strategijos. Siekdami padidinti savo gamybos paj\u0117gumus, pasitelkiame technologines \u017einias, skaitmenin\u0119 gamybos \u012frang\u0105 ir profesionalias bandym\u0173 sistemas.<\/p>\n<p>D\u0117mesys kokybei u\u017etikrina, kad patenkiname \u012fvairius klient\u0173 poreikius, si\u016blydami efektyvius, tikslius ir auk\u0161tos kokyb\u0117s produktus. Siekdami didinti klient\u0173 pasitenkinim\u0105, teikiame individualiai pritaikytas paslaugas, tarptautinius sertifikatus ir patikim\u0105 garantin\u012f aptarnavim\u0105.<\/p>\n<p><img decoding=\"async\" src=\"https:\/\/www.hydraulic-cylinders.net\/wp-content\/uploads\/2025\/04\/songte-company-4.webp\" alt=\"\u012emon\u0117s ap\u017evalga\"><br \/>\n<img decoding=\"async\" src=\"https:\/\/www.hydraulic-cylinders.net\/wp-content\/uploads\/2025\/04\/songte-company-3.webp\" alt=\"Gamybos \u012fmon\u0117\"><\/p>\n<p>Autorius: lyl<\/p>","protected":false},"excerpt":{"rendered":"<p>Boom Cylinder For Tiangong ZG3210-9C Product Overview The Boom Cylinder for Tiangong ZG3210-9C is an essential hydraulic component designed for heavy machinery. This hydraulic cylinder is specifically engineered to control the movement of buckets in various heavy equipment, such as excavators, backhoe loaders, and front loaders. The primary function of the boom cylinder is to [&hellip;]<\/p>","protected":false},"featured_media":17872,"comment_status":"open","ping_status":"closed","template":"","meta":{"_et_pb_use_builder":"","_et_pb_old_content":"","_et_gb_content_width":""},"product_brand":[],"product_cat":[1546],"product_tag":[1547,1496],"class_list":{"0":"post-19684","1":"product","2":"type-product","3":"status-publish","4":"has-post-thumbnail","6":"product_cat-boom-cylinders","7":"product_tag-boom-cylinders","8":"product_tag-hydraulic-cylinders","10":"first","11":"instock","12":"shipping-taxable","13":"product-type-simple"},"amp_enabled":true,"_links":{"self":[{"href":"https:\/\/www.hydraulic-cylinders.net\/lt\/wp-json\/wp\/v2\/product\/19684","targetHints":{"allow":["GET"]}}],"collection":[{"href":"https:\/\/www.hydraulic-cylinders.net\/lt\/wp-json\/wp\/v2\/product"}],"about":[{"href":"https:\/\/www.hydraulic-cylinders.net\/lt\/wp-json\/wp\/v2\/types\/product"}],"replies":[{"embeddable":true,"href":"https:\/\/www.hydraulic-cylinders.net\/lt\/wp-json\/wp\/v2\/comments?post=19684"}],"wp:featuredmedia":[{"embeddable":true,"href":"https:\/\/www.hydraulic-cylinders.net\/lt\/wp-json\/wp\/v2\/media\/17872"}],"wp:attachment":[{"href":"https:\/\/www.hydraulic-cylinders.net\/lt\/wp-json\/wp\/v2\/media?parent=19684"}],"wp:term":[{"taxonomy":"product_brand","embeddable":true,"href":"https:\/\/www.hydraulic-cylinders.net\/lt\/wp-json\/wp\/v2\/product_brand?post=19684"},{"taxonomy":"product_cat","embeddable":true,"href":"https:\/\/www.hydraulic-cylinders.net\/lt\/wp-json\/wp\/v2\/product_cat?post=19684"},{"taxonomy":"product_tag","embeddable":true,"href":"https:\/\/www.hydraulic-cylinders.net\/lt\/wp-json\/wp\/v2\/product_tag?post=19684"}],"curies":[{"name":"wp","href":"https:\/\/api.w.org\/{rel}","templated":true}]}}