{"id":19685,"date":"2025-04-07T07:01:37","date_gmt":"2025-04-07T07:01:37","guid":{"rendered":"https:\/\/www.hydraulic-cylinders.net\/product\/boom-cylinder-for-tiangong-zg3235-9\/"},"modified":"2025-04-07T07:01:40","modified_gmt":"2025-04-07T07:01:40","slug":"boom-cylinder-for-tiangong-zg3235-9","status":"publish","type":"product","link":"https:\/\/www.hydraulic-cylinders.net\/lt\/produktas\/boom-cylinder-for-tiangong-zg3235-9\/","title":{"rendered":"Tiangong ZG3235-9 str\u0117l\u0117s cilindras"},"content":{"rendered":"<h1>Tiangong ZG3235-9 str\u0117l\u0117s cilindras<\/h1>\n<h2>Produkto ap\u017evalga<\/h2>\n<p>\u201eTiangong ZG3235-9\u201c str\u0117l\u0117s cilindras yra esminis sunkiosios technikos hidraulini\u0173 sistem\u0173 komponentas. \u0160is hidraulinis cilindras atlieka labai svarb\u0173 vaidmen\u012f valdant kau\u0161o jud\u0117jim\u0105 \u012fvairiose srityse, tokiose kaip ekskavatoriai, ekskavatoriniai krautuvai ir frontaliniai krautuvai. Jis leid\u017eia kau\u0161ui pakelti, nuleisti ir pakreipti, taip palengvindamas efektyv\u0173 med\u017eiag\u0173 tvarkym\u0105 statybose ir \u017eem\u0117s \u016bkio aplinkoje.<\/p>\n<p><img decoding=\"async\" src=\"https:\/\/www.hydraulic-cylinders.net\/wp-content\/uploads\/2025\/04\/songte-company-1.webp\" alt=\"Hidraulinis cilindras\" \/><\/p>\n<h3>Str\u0117l\u0117s cilindro funkcija ir svarba<\/h3>\n<p>Kau\u0161o cilindras, da\u017enai vadinamas str\u0117l\u0117s cilindru, yra specialiai sukurtas kau\u0161o judesiams valdyti. Veikdamas hidraulin\u0117je sistemoje, jis naudoja susl\u0117gt\u0105 skyst\u012f j\u0117gai sukurti, leisdamas operatoriams tiksliai valdyti kau\u0161o pad\u0117t\u012f. Tai gyvybi\u0161kai svarbu atliekant \u012fvairius sunkiosios technikos darbus, kur efektyvumas ir tikslumas yra svarbiausi. Str\u0117l\u0117s cilindro geb\u0117jimas atlaikyti dideles apkrovas daro j\u012f nepakei\u010diamu statybose, kasyboje ir \u017eem\u0117s \u016bkio darbuose.<\/p>\n<h2>Str\u0117l\u0117s cilindro savyb\u0117s<\/h2>\n<ul>\n<li><strong>Didelis stiprumas ir ilgaam\u017ei\u0161kumas:<\/strong> Pagamintas i\u0161 didelio stiprumo plieno arba aliuminio, \u0161is cilindras gali atlaikyti auk\u0161t\u0105 sl\u0117g\u012f ir dideles apkrovas, tod\u0117l tinka at\u0161iaurioms darbo s\u0105lygoms.<\/li>\n<li><strong>Efektyvus hidraulinis valdymas:<\/strong> Jis naudoja hidraulinio skys\u010dio sl\u0117g\u012f skland\u017eiam i\u0161pl\u0117timui ir \u012ftraukimui, taip greitai reaguodamas \u012f operacines komandas.<\/li>\n<li><strong>\u012evair\u016bs tipai:<\/strong> Galima \u012fsigyti vienpusio ir dvipusio veikimo konstrukcij\u0173, pritaikyt\u0173 \u012fvairiems eksploatavimo poreikiams. Kai kurie modeliai yra teleskopiniai, tod\u0117l juos galima labiau i\u0161tiesti nepadidinant i\u0161orini\u0173 matmen\u0173.<\/li>\n<li><strong>Atsparumas korozijai:<\/strong> Sukurtas i\u0161 med\u017eiag\u0173, kurios atsparios dilimui ir korozijai, prailgindamos cilindro tarnavimo laik\u0105 sud\u0117tingomis s\u0105lygomis.<\/li>\n<li><strong>Pritaikomos parinktys:<\/strong> M\u016bs\u0173 cilindrai gali b\u016bti pritaikyti konkretiems reikalavimams, u\u017etikrinant suderinamum\u0105 su \u012fvairia technika.<\/li>\n<\/ul>\n<p><img decoding=\"async\" src=\"https:\/\/www.hydraulic-cylinders.net\/wp-content\/uploads\/2025\/04\/songte-cylinder-head-with-all-kinds-excavator-models.webp\" alt=\"Ekskavatori\u0173 modeliai\" \/><\/p>\n<h2>Str\u0117l\u0117s cilindro pritaikymas<\/h2>\n<h3>Statybin\u0117 \u012franga<\/h3>\n<p>Statybose str\u0117l\u0117s cilindrai randami ekskavatoriuose, kur jie yra b\u016btini kasant, kraunant ir perkeliant \u017eem\u0119 ar \u0161iuk\u0161les. Jie palengvina efektyv\u0173 darb\u0105 ir leid\u017eia atlikti tikslius judesius, o tai yra labai svarbu projekto terminams ir saugumui.<\/p>\n<h3>\u017dem\u0117s \u016bkio technika<\/h3>\n<p>Priekiniai krautuvai naudoja str\u0117l\u0117s cilindrus dirvo\u017eemiui, \u0161ienui ir kitoms med\u017eiagoms semti, kelti ir transportuoti. D\u0117l savo geb\u0117jimo atlikti \u012fvairias u\u017eduotis jie yra ne\u012fkainojami \u017eem\u0117s \u016bkio darbuose, didina na\u0161um\u0105 ir efektyvum\u0105.<\/p>\n<h3>Ekskavatoriai<\/h3>\n<p>Ekskavatoriuose kau\u0161o cilindrai leid\u017eia kau\u0161ui efektyviai \u012fsiskverbti \u012f dirv\u0105 atliekant kasimo darbus. \u0160i savyb\u0117 padeda pagerinti kasimo efektyvum\u0105 ir eksploatacinius rezultatus.<\/p>\n<h3>Krautuvai<\/h3>\n<p>Priekiniuose krautuvuose str\u0117l\u0117s cilindrai padeda efektyviai pakelti ir i\u0161versti med\u017eiagas. J\u0173 konstrukcija u\u017etikrina, kad krautuvas gal\u0117t\u0173 skland\u017eiai atlikti kelias u\u017eduotis, taip pagerindamas eksploatacines galimybes.<\/p>\n<h2>Projektavimo aspektai ir atrankos kriterijai<\/h2>\n<h3>Keliamoji galia<\/h3>\n<p>Renkantis str\u0117l\u0117s cilindr\u0105, labai svarbu atsi\u017evelgti \u012f jo keliam\u0105j\u0105 gali\u0105. Cilindras turi atlaikyti konkret\u0173 svor\u012f ir j\u0117gas, su kuriomis susidurs eksploatacijos metu. Tai apima maksimali\u0173 apkrovos reikalavim\u0173 \u012fvertinim\u0105 ir cilindro specifikacij\u0173 atitikim\u0105 \u0161iems reikalavimams. M\u016bs\u0173 cilindrai yra suprojektuoti taip, kad u\u017etikrint\u0173 patikim\u0105 veikim\u0105 esant didel\u0117ms apkrovoms, u\u017etikrinant saugum\u0105 ir patikimum\u0105.<\/p>\n<h3>Plomb\u0117s vientisumas<\/h3>\n<p>Sandariklio vientisumas yra gyvybi\u0161kai svarbus norint i\u0161laikyti hidraulini\u0173 operacij\u0173 efektyvum\u0105. Pasirinkti sandarikliai turi atlaikyti auk\u0161t\u0105 sl\u0117g\u012f ir u\u017ekirsti keli\u0105 skys\u010dio nutek\u0117jimui. M\u016bs\u0173 gaminiuose naudojamos pa\u017eangios sandarinimo technologijos, \u012fskaitant poliuretano ir nitrilo gumos med\u017eiagas, kurios pasi\u017eymi puikiu atsparumu dilimui ir ilgaam\u017ei\u0161kumu. Tinkam\u0173 sandarikli\u0173 naudojimas padeda i\u0161laikyti optimal\u0173 na\u0161um\u0105 ir suma\u017eina komponent\u0173 gedimo rizik\u0105.<\/p>\n<h3>Patvarumas<\/h3>\n<p>Renkantis hidraulin\u012f cilindr\u0105, svarbiausias aspektas yra patvarumas. At\u0161iauri aplinka ir nuolatinis veikimas gali lemti susid\u0117v\u0117jim\u0105. M\u016bs\u0173 str\u0117l\u0117s cilindrai pagaminti i\u0161 med\u017eiag\u0173, kurios yra atsparios korozijai ir mechaniniam \u012ftempimui. \u0160is patvarumas u\u017etikrina ilg\u0105 m\u016bs\u0173 cilindr\u0173 tarnavimo laik\u0105, suma\u017einant prastovas ir prie\u017ei\u016bros i\u0161laidas.<\/p>\n<h3>Saugos funkcijos<\/h3>\n<p>Saugumas hidraulin\u0117se sistemose yra svarbiausias dalykas. Pasirinkus str\u0117l\u0117s cilindr\u0105 su integruotomis saugos funkcijomis, tokiomis kaip sl\u0117gio ma\u017einimo vo\u017etuvai ir tvirta konstrukcija, galima suma\u017einti su hidrauliniais gedimais susijusi\u0105 rizik\u0105. M\u016bs\u0173 gaminiai yra sukurti prioritet\u0105 teikiant saugumui, \u012ftraukiant funkcijas, kurios padidina operatoriaus apsaug\u0105 ir \u012frangos patikimum\u0105.<\/p>\n<h3>Prieinamumas prie prie\u017ei\u016bros<\/h3>\n<p>Lengva prie\u017ei\u016bra yra dar vienas svarbus veiksnys renkantis hidraulinius cilindrus. Gerai suprojektuotas cilindras leid\u017eia lengvai atlikti patikrinimus, remont\u0105 ir keisti dalis. M\u016bs\u0173 str\u0117l\u0117s cilindrai yra suprojektuoti taip, kad b\u016bt\u0173 lengva prieiti prie komponent\u0173, palengvinant reguliari\u0105 prie\u017ei\u016br\u0105 ir u\u017etikrinant optimal\u0173 eksploatavimo efektyvum\u0105. Reguliar\u016bs technin\u0117s prie\u017ei\u016bros patikrinimai gali \u017eymiai pailginti hidraulin\u0117s \u012frangos tarnavimo laik\u0105.<\/p>\n<p><img decoding=\"async\" src=\"https:\/\/www.hydraulic-cylinders.net\/wp-content\/uploads\/2025\/04\/songte-oil-pipes-and-spare-parts.webp\" alt=\"Naftos vamzd\u017eiai ir atsargin\u0117s dalys\" \/><\/p>\n<h2>Sandarinimas ir tepimas<\/h2>\n<p>Efektyvus sandarinimas ir tepimas yra gyvybi\u0161kai svarb\u016bs hidraulini\u0173 cilindr\u0173 ilgaam\u017ei\u0161kumui ir veikimui. \u012evair\u016bs sandarinimo komponentai, tokie kaip st\u016bmokli\u0173 ir kot\u0173 sandarikliai, atlieka svarb\u0173 vaidmen\u012f u\u017ekertant keli\u0105 skys\u010di\u0173 nutek\u0117jimui ir palaikant sl\u0117g\u012f. Pasirinkus sandariklius, pagamintus i\u0161 patvari\u0173 med\u017eiag\u0173, toki\u0173 kaip poliuretanas ir nitrilo kau\u010diukas, padid\u0117ja atsparumas dilimui ir aplinkos veiksniams. Tinkamas cilindro korpuso ir sriegini\u0173 gal\u0173 pavir\u0161iaus apdorojimas pagerina atsparum\u0105 dilimui, u\u017etikrindamas skland\u0173 cilindro veikim\u0105 vis\u0105 jo eksploatavimo laik\u0105. Reguliariai tikrinti ir papildyti hidraulin\u0119 alyv\u0105 taip pat svarbu tepimui, nes tai apsaugo nuo trinties, kuri gali sukelti prie\u0161laikin\u012f susid\u0117v\u0117jim\u0105.<\/p>\n<h2>Reguliari prie\u017ei\u016bra ir prevencin\u0117s priemon\u0117s<\/h2>\n<ul>\n<li><strong>Planiniai patikrinimai:<\/strong> Reguliariai atlikite patikrinimus, kad nustatytum\u0117te susid\u0117v\u0117jimo ar pa\u017eeidimo po\u017eymius. Ankstyvas aptikimas gali pad\u0117ti i\u0161vengti brangaus remonto ir prastov\u0173.<\/li>\n<li><strong>Tepimas:<\/strong> \u012esitikinkite, kad cilindras yra tinkamai suteptas. Naudokite tinkam\u0105 hidraulin\u0119 alyv\u0105 ir laikykit\u0117s gamintojo rekomendacij\u0173 d\u0117l technin\u0117s prie\u017ei\u016bros grafik\u0173.<\/li>\n<li><strong>Sandariklio keitimas:<\/strong> Steb\u0117kite tarpikli\u0173 b\u016bkl\u0119 ir prireikus juos pakeiskite. Susid\u0117v\u0117j\u0119 tarpikliai gali sukelti nuot\u0117kius ir hidraulinio sl\u0117gio suma\u017e\u0117jim\u0105.<\/li>\n<\/ul>\n<h2>\u012erengimo gair\u0117s<\/h2>\n<p>Tinkamas str\u0117l\u0117s cilindro montavimas yra labai svarbus optimaliam veikimui. Prad\u0117kite nuo montavimo vietos paruo\u0161imo, u\u017etikrindami, kad ji b\u016bt\u0173 \u0161vari ir be \u0161iuk\u0161li\u0173. Tinkamai sulygiuokite cilindr\u0105 su mechanizmo tvirtinimo ta\u0161kais, naudodami tinkamus tvirtinimo laikiklius. \u012esitikinkite, kad visi var\u017etai yra priver\u017eti pagal gamintojo specifikacijas, kad eksploatacijos metu nejud\u0117t\u0173. \u012edieg\u0119, prie\u0161 prad\u0117dami piln\u0105 eksploatacij\u0105, patikrinkite, ar hidraulin\u0117 sistema tinkamai sulygiuota ir veikia, i\u0161bandydami j\u0105 \u017eemu sl\u0117giu. Tai u\u017etikrina, kad visi komponentai skland\u017eiai veikt\u0173 kartu.<\/p>\n<h2>\u012eprastos prie\u017ei\u016bros u\u017eduotys<\/h2>\n<ul>\n<li><strong>Reguliar\u016bs patikrinimai:<\/strong> Da\u017enai tikrinkite cilindr\u0105, ar n\u0117ra susid\u0117v\u0117jimo, nuot\u0117ki\u0173 ar pa\u017eeidim\u0173 po\u017eymi\u0173. Ankstyvas problem\u0173 nustatymas gali pad\u0117ti i\u0161vengti rimtesni\u0173 problem\u0173 ateityje.<\/li>\n<li><strong>Tinkamas tepimas:<\/strong> \u012esitikinkite, kad visos judan\u010dios dalys yra tinkamai suteptos, kad suma\u017eintum\u0117te trint\u012f ir nusid\u0117v\u0117jim\u0105. Laikykit\u0117s nurodym\u0173 d\u0117l naudojamos hidraulin\u0117s alyvos tipo ir kiekio.<\/li>\n<li><strong>Sandariklio keitimas:<\/strong> Reguliariai tikrinkite sandariklius, ar jie nesusid\u0117v\u0117j\u0119, ir prireikus juos pakeiskite. Tai labai svarbu norint palaikyti hidraulin\u012f sl\u0117g\u012f ir i\u0161vengti nuot\u0117ki\u0173.<\/li>\n<\/ul>\n<h2>Saugos aspektai ir aplinkos veiksniai<\/h2>\n<p>Naudojant hidraulinius cilindrus, saugos priemon\u0117s yra nepaprastai svarbios. Operatoriai turi b\u016bti apmokyti tinkamai valdyti technik\u0105, \u012fskaitant hidraulin\u0117s sistemos apribojim\u0173 \u017einojim\u0105. Tur\u0117t\u0173 b\u016bti nustatytos avarin\u0117s proced\u016bros, skirtos galimiems gedimams pa\u0161alinti. Be to, tur\u0117t\u0173 b\u016bti imtasi aplinkosaugos priemoni\u0173, pavyzd\u017eiui, skys\u010di\u0173 sulaikymo priemoni\u0173, kad b\u016bt\u0173 suma\u017eintas bet koks i\u0161siliejimas ar nuot\u0117kis, apsaugant tiek mechanizm\u0105, tiek aplinkin\u0119 aplink\u0105.<\/p>\n<h2>Trik\u010di\u0173 \u0161alinimas ir da\u017eniausiai pasitaikan\u010dios problemos<\/h2>\n<ul>\n<li><strong>Nuot\u0117kis:<\/strong> Skys\u010dio nuot\u0117kis gali atsirasti d\u0117l susid\u0117v\u0117jusi\u0173 sandarikli\u0173 arba cilindro pa\u017eeidimo. Reguliariai tikrinkite sandariklius ir prireikus juos pakeiskite.<\/li>\n<li><strong>Nepakankama galia:<\/strong> Jei cilindras nesukuria laukiamos j\u0117gos, patikrinkite hidraulinio skys\u010dio lyg\u012f ir \u012fsitikinkite, kad sistemoje n\u0117ra u\u017esikim\u0161im\u0173.<\/li>\n<li><strong>Ne\u012fprasti garsai:<\/strong> Triuk\u0161mai veikimo metu gali rodyti vidin\u012f susid\u0117v\u0117jim\u0105 arba gedim\u0105. Nedelsdami patikrinkite bet kokius ne\u012fprastus garsus, kad i\u0161vengtum\u0117te tolesn\u0117s \u017ealos.<\/li>\n<\/ul>\n<h2>Trik\u010di\u0173 \u0161alinimo patarimai<\/h2>\n<p>Jei i\u0161kyla problem\u0173, labai svarbu taikyti sisteming\u0105 problemos diagnostikos metod\u0105. Prad\u0117kite nuo skys\u010di\u0173 lygio ir sandarikli\u0173 b\u016bkl\u0117s patikrinimo. Reguliarios prevencin\u0117s priemon\u0117s, \u012fskaitant tinkam\u0105 tepim\u0105 ir savalaik\u012f sandarikli\u0173 keitim\u0105, gali \u017eymiai suma\u017einti problem\u0173 atsiradim\u0105, u\u017etikrinant, kad hidraulin\u0117 sistema i\u0161likt\u0173 efektyvi ir patikima.<\/p>\n<p><img decoding=\"async\" src=\"https:\/\/www.hydraulic-cylinders.net\/wp-content\/uploads\/2025\/04\/songte-bushings-with-all-kinds-of-excavator-models.webp\" alt=\"\u012evor\u0117s su ekskavatori\u0173 modeliais\" \/><\/p>\n<h2>Apie m\u016bs\u0173 \u012fmon\u0119<\/h2>\n<p>Esame pirmaujantis hidraulini\u0173 cilindr\u0173 gamintojas, si\u016blantis plat\u0173 gamini\u0173 asortiment\u0105, skirt\u0105 tiek vidaus, tiek tarptautinei rinkai. M\u016bs\u0173 \u012fsipareigojim\u0105 siekti meistri\u0161kumo palaiko sud\u0117tinga gamybos valdymo strategija, kurioje pabr\u0117\u017eiamas tikslumas ir kokyb\u0117. Siekdami tobulinti savo gamybos procesus, naudojame pa\u017eangias technologijas, kvalifikuotus darbuotojus ir specializuot\u0105 bandym\u0173 sistem\u0105. Tai u\u017etikrina, kad patenkintume \u012fvairius klient\u0173 poreikius, u\u017etikrindami auk\u0161t\u0105 efektyvum\u0105, tikslum\u0105 ir gamini\u0173 kokyb\u0119.<\/p>\n<p><img decoding=\"async\" src=\"https:\/\/www.hydraulic-cylinders.net\/wp-content\/uploads\/2025\/04\/songte-company-4.webp\" alt=\"\u012emon\u0117s ap\u017evalga\" \/><br \/>\n<img decoding=\"async\" src=\"https:\/\/www.hydraulic-cylinders.net\/wp-content\/uploads\/2025\/04\/songte-company-3.webp\" alt=\"\u012emon\u0117s gamyba\" \/><\/p>\n<p>Si\u016blome profesionalias paslaugas, tarptautinius sertifikatus, individualius sprendimus ir puik\u0173 aptarnavim\u0105 po pardavimo. M\u016bs\u0173 moderniausia gamybos \u012franga ir atsidavusi aptarnavimo komanda u\u017etikrina, kad i\u0161liktume hidraulini\u0173 cilindr\u0173 pramon\u0117s prie\u0161akyje.<\/p>\n<p>Autorius: lyl<\/p>","protected":false},"excerpt":{"rendered":"<p>Boom Cylinder For Tiangong ZG3235-9 Product Overview The Boom Cylinder for Tiangong ZG3235-9 is an essential component of hydraulic systems used in heavy machinery. This hydraulic cylinder plays a crucial role in controlling the movement of a bucket in various applications such as excavators, backhoe loaders, and front loaders. It enables the bucket to lift, [&hellip;]<\/p>","protected":false},"featured_media":17873,"comment_status":"open","ping_status":"closed","template":"","meta":{"_et_pb_use_builder":"","_et_pb_old_content":"","_et_gb_content_width":""},"product_brand":[],"product_cat":[1546],"product_tag":[1547,1496],"class_list":{"0":"post-19685","1":"product","2":"type-product","3":"status-publish","4":"has-post-thumbnail","6":"product_cat-boom-cylinders","7":"product_tag-boom-cylinders","8":"product_tag-hydraulic-cylinders","10":"first","11":"instock","12":"shipping-taxable","13":"product-type-simple"},"amp_enabled":true,"_links":{"self":[{"href":"https:\/\/www.hydraulic-cylinders.net\/lt\/wp-json\/wp\/v2\/product\/19685","targetHints":{"allow":["GET"]}}],"collection":[{"href":"https:\/\/www.hydraulic-cylinders.net\/lt\/wp-json\/wp\/v2\/product"}],"about":[{"href":"https:\/\/www.hydraulic-cylinders.net\/lt\/wp-json\/wp\/v2\/types\/product"}],"replies":[{"embeddable":true,"href":"https:\/\/www.hydraulic-cylinders.net\/lt\/wp-json\/wp\/v2\/comments?post=19685"}],"wp:featuredmedia":[{"embeddable":true,"href":"https:\/\/www.hydraulic-cylinders.net\/lt\/wp-json\/wp\/v2\/media\/17873"}],"wp:attachment":[{"href":"https:\/\/www.hydraulic-cylinders.net\/lt\/wp-json\/wp\/v2\/media?parent=19685"}],"wp:term":[{"taxonomy":"product_brand","embeddable":true,"href":"https:\/\/www.hydraulic-cylinders.net\/lt\/wp-json\/wp\/v2\/product_brand?post=19685"},{"taxonomy":"product_cat","embeddable":true,"href":"https:\/\/www.hydraulic-cylinders.net\/lt\/wp-json\/wp\/v2\/product_cat?post=19685"},{"taxonomy":"product_tag","embeddable":true,"href":"https:\/\/www.hydraulic-cylinders.net\/lt\/wp-json\/wp\/v2\/product_tag?post=19685"}],"curies":[{"name":"wp","href":"https:\/\/api.w.org\/{rel}","templated":true}]}}