{"id":19686,"date":"2025-04-07T07:01:40","date_gmt":"2025-04-07T07:01:40","guid":{"rendered":"https:\/\/www.hydraulic-cylinders.net\/product\/boom-cylinder-for-tiangong-zg3255lc-9c\/"},"modified":"2025-04-07T07:01:43","modified_gmt":"2025-04-07T07:01:43","slug":"boom-cylinder-for-tiangong-zg3255lc-9c","status":"publish","type":"product","link":"https:\/\/www.hydraulic-cylinders.net\/lt\/produktas\/boom-cylinder-for-tiangong-zg3255lc-9c\/","title":{"rendered":"Tiangong ZG3255LC-9C str\u0117l\u0117s cilindras"},"content":{"rendered":"<h1>Tiangong ZG3255LC-9C str\u0117l\u0117s cilindras<\/h1>\n<h2>Produkto ap\u017evalga<\/h2>\n<p>\u201eTiangong ZG3255LC-9C\u201c str\u0117l\u0117s cilindras yra esminis hidraulinis komponentas, specialiai sukurtas valdyti kau\u0161\u0173 jud\u0117jim\u0105 \u012fvairiose sunkiosiose ma\u0161inose, tokiose kaip ekskavatoriai, ekskavatoriai ir frontaliniai krautuvai. \u0160is hidraulinis cilindras leid\u017eia pakelti, nuleisti ir pakreipti kau\u0161\u0105, tod\u0117l tai yra gyvybi\u0161kai svarbus \u012frankis med\u017eiag\u0173 tvarkymo u\u017eduotims. Kau\u0161o cilindras veikia naudodamas hidraulinio skys\u010dio sl\u0117g\u012f jud\u0117jimui sukurti, u\u017etikrindamas patikim\u0105 gali\u0105 kasti, kelti ir efektyviai transportuoti med\u017eiagas. Jo konstrukcija orientuota \u012f patvarum\u0105, u\u017etikrinant, kad jis atlaikyt\u0173 at\u0161iaurias darbo aplinkos s\u0105lygas.<\/p>\n<p><img decoding=\"async\" src=\"https:\/\/www.hydraulic-cylinders.net\/wp-content\/uploads\/2025\/04\/songte-company-1.webp\" alt=\"Str\u0117l\u0117s cilindro vaizdas\" \/><\/p>\n<h2>Str\u0117l\u0117s cilindro savyb\u0117s<\/h2>\n<ul>\n<li>\n<h3>Didelis stiprumas ir ilgaam\u017ei\u0161kumas<\/h3>\n<p>Pagamintas i\u0161 didelio stiprumo plieno arba aliuminio, str\u0117l\u0117s cilindras yra skirtas atlaikyti didel\u012f sl\u0117g\u012f ir dideles apkrovas, u\u017etikrinant patikimum\u0105 at\u0161iauriomis s\u0105lygomis. Naudojamos med\u017eiagos parenkamos atsi\u017evelgiant \u012f j\u0173 atsparum\u0105 dilimui ir apsaug\u0105 nuo korozijos, taip prailginant gaminio gyvavimo cikl\u0105.<\/p>\n<\/li>\n<li>\n<h3>Efektyvus hidraulinis valdymas<\/h3>\n<p>\u0160is cilindras veikia skland\u017eiai ir greitai reaguoja \u012f valdymo komandas d\u0117l efektyvaus hidraulin\u0117s alyvos sl\u0117gio panaudojimo. Jis u\u017etikrina didel\u0119 st\u016bmimo ir traukimo j\u0117g\u0105, tod\u0117l tinka sunkiems daiktams tvarkyti ir sud\u0117tingoms u\u017eduotims atlikti.<\/p>\n<\/li>\n<li>\n<h3>\u012evair\u016bs tipai<\/h3>\n<p>Galimos skirtingos konfig\u016bracijos, atitinkan\u010dios konkre\u010dius eksploatacinius poreikius, \u012fskaitant vienpusio veikimo (veikian\u010dius viena kryptimi) ir dvigubo veikimo (veikian\u010dius abiem kryptimis) cilindrus. Kai kurie modeliai pasi\u017eymi teleskopin\u0117mis konstrukcijomis, kad b\u016bt\u0173 galima pasiekti didesn\u012f atstum\u0105 nedidinant i\u0161orini\u0173 matmen\u0173, tod\u0117l idealiai tinka naudoti ribotoje erdv\u0117je.<\/p>\n<\/li>\n<li>\n<h3>Individualios gamybos galimyb\u0117s<\/h3>\n<p>\u0160\u012f gamin\u012f gaminame taip, kad idealiai pakeist\u0173 esamus hidraulinius cilindrus, u\u017etikrindami suderinamum\u0105 ir na\u0161um\u0105. M\u016bs\u0173 gamybos procesas atitinka auk\u0161\u010diausius standartus, kad patenkint\u0173 \u012fvairius klient\u0173 reikalavimus.<\/p>\n<\/li>\n<li>\n<h3>Visapusi\u0161kas kokyb\u0117s u\u017etikrinimas<\/h3>\n<p>Visi m\u016bs\u0173 hidrauliniai cilindrai yra grie\u017etai testuojami ir tikrinami pagal kokyb\u0119, siekiant u\u017etikrinti, kad jie atitikt\u0173 pramon\u0117s standartus. \u0160is \u012fsipareigojimas kokybei u\u017etikrina m\u016bs\u0173 klientams str\u0117l\u0117s cilindro na\u0161um\u0105 ir ilgaam\u017ei\u0161kum\u0105.<\/p>\n<\/li>\n<\/ul>\n<p><img decoding=\"async\" src=\"https:\/\/www.hydraulic-cylinders.net\/wp-content\/uploads\/2025\/04\/songte-cylinder-head-with-all-kinds-excavator-models.webp\" alt=\"Cilindro galvut\u0117s vaizdas\" \/><\/p>\n<h2>Str\u0117l\u0117s cilindro pritaikymas<\/h2>\n<ul>\n<li>\n<h3>Statybin\u0117 \u012franga<\/h3>\n<p>Ekskavatoriuose str\u0117l\u0117s cilindras atlieka labai svarb\u0173 vaidmen\u012f kasant, kraunant ir perkeliant \u017eem\u0119 ar \u0161iuk\u0161les. Jo geb\u0117jimas u\u017etikrinti tikslius kau\u0161o judesius padidina veiklos efektyvum\u0105 ir leid\u017eia efektyviai valdyti med\u017eiagas darbo vietose.<\/p>\n<\/li>\n<li>\n<h3>\u017dem\u0117s \u016bkio technika<\/h3>\n<p>Priekiniuose krautuvuose str\u0117l\u0117s cilindras yra labai svarbus dirvo\u017eemiui, \u0161ienui ir kitoms med\u017eiagoms semti, kelti ir transportuoti. Jo patikimas veikimas \u017eem\u0117s \u016bkio darbuose padidina na\u0161um\u0105 ir suma\u017eina operatoriaus \u012ftamp\u0105.<\/p>\n<\/li>\n<li>\n<h3>Ekskavatoriai<\/h3>\n<p>Str\u0117l\u0117s cilindras leid\u017eia kau\u0161ui efektyviai \u012fsiskverbti \u012f dirv\u0105, taip palengvindamas efektyv\u0173 kasim\u0105. \u0160i savyb\u0117 yra labai svarbi statybose, kra\u0161tovaizd\u017eio tvarkyme ir \u012fvairiuose \u017eem\u0117s kasimo darbuose.<\/p>\n<\/li>\n<li>\n<h3>Krautuvai<\/h3>\n<p>Priekiniuose krautuvuose jie padeda efektyviai kelti ir i\u0161versti krovinius. Str\u0117l\u0117s cilindro konstrukcija leid\u017eia pasiekti maksimal\u0173 k\u0117limo auk\u0161t\u012f ir optimalius i\u0161vertimo kampus, o tai labai svarbu efektyviam med\u017eiag\u0173 tvarkymui.<\/p>\n<\/li>\n<\/ul>\n<h2>Projektavimo aspektai ir atrankos kriterijai<\/h2>\n<ul>\n<li>\n<h3>Keliamoji galia<\/h3>\n<p>Str\u0117l\u0117s cilindro keliamoji galia yra labai svarbus jo konstrukcijos aspektas. Ji turi b\u016bti \u012fvertinta siekiant u\u017etikrinti, kad ji atitikt\u0173 naudojamos technikos eksploatacinius reikalavimus. In\u017einieriai atsi\u017evelgia \u012f maksimal\u0173 svor\u012f, kur\u012f cilindras tur\u0117s pakelti, ir u\u017etikrina, kad naudojamos med\u017eiagos gali saugiai atlaikyti t\u0105 svor\u012f, i\u0161vengiant gedim\u0173 eksploatacijos metu. Tinkami skai\u010diavimai projektavimo etape padeda pasirinkti tinkamus cilindro dyd\u017eius ir med\u017eiagas, siekiant padidinti saug\u0105 ir funkcionalum\u0105.<\/p>\n<\/li>\n<li>\n<h3>Sandarumo vientisumas<\/h3>\n<p>Sandarinimas yra labai svarbus hidrauliniuose cilindruose, siekiant i\u0161vengti skys\u010dio nuot\u0117kio ir palaikyti sl\u0117g\u012f. Sandarikli\u0173 pasirinkimas ir j\u0173 montavimas turi u\u017etikrinti ilgalaik\u012f veikim\u0105 ir patikimum\u0105. Auk\u0161tos kokyb\u0117s sandarikliai, pagaminti i\u0161 toki\u0173 med\u017eiag\u0173 kaip poliuretanas ir nitrilo kau\u010diukas, padidina cilindro patvarum\u0105. Konstrukcija taip pat turi u\u017etikrinti lengv\u0105 prieig\u0105 sandarikli\u0173 keitimui technin\u0117s prie\u017ei\u016bros metu, kad b\u016bt\u0173 suma\u017eintas prastovos laikas ir eksploatavimo sutrikimai.<\/p>\n<\/li>\n<li>\n<h3>Patvarumas<\/h3>\n<p>Str\u0117l\u0117s cilindro patvarumas yra labai svarbus, ypa\u010d esant at\u0161iaurioms eksploatavimo s\u0105lygoms. Med\u017eiag\u0173 pasirinkimas vaidina svarb\u0173 vaidmen\u012f u\u017etikrinant ilgaam\u017ei\u0161kum\u0105, o d\u0117l atsparumo dilimui pirmenyb\u0117 teikiama didelio stiprumo plienui arba aliuminiui. Gamybos procesai tur\u0117t\u0173 apimti apdorojim\u0105, kuris padidina pavir\u0161iaus kietum\u0105 ir atsparum\u0105 korozijai, kad cilindras atlaikyt\u0173 ekstremalias s\u0105lygas be degradacijos.<\/p>\n<\/li>\n<li>\n<h3>Saugos funkcijos<\/h3>\n<p>Saugumas hidraulin\u0117se sistemose yra svarbiausias dalykas. Str\u0117l\u0117s cilindro konstrukcijoje tur\u0117t\u0173 b\u016bti tokios funkcijos kaip sl\u0117gio ma\u017einimo vo\u017etuvai ir saugos u\u017eraktai, kad b\u016bt\u0173 i\u0161vengta nekontroliuojam\u0173 judesi\u0173. Siekiant u\u017etikrinti, kad \u0161ios funkcijos veikt\u0173 tinkamai ir atitikt\u0173 norminius standartus, tur\u0117t\u0173 b\u016bti atliekami reguliar\u016bs saugos auditai. Operatoriai tur\u0117t\u0173 b\u016bti apmokyti suprasti \u0161ias saugos funkcijas, u\u017etikrinant saug\u0173 darb\u0105 ir suma\u017einant nelaiming\u0173 atsitikim\u0173 rizik\u0105.<\/p>\n<\/li>\n<li>\n<h3>Prieinamumas prie prie\u017ei\u016bros<\/h3>\n<p>Projektuojant str\u0117l\u0117s cilindr\u0105 atsi\u017evelgiant \u012f technin\u0119 prie\u017ei\u016br\u0105, pailg\u0117ja jo tarnavimo laikas ir funkcionalumas. Tokios savyb\u0117s kaip lengva prieiga prie tepimo ta\u0161k\u0173, nuimami sandarikliai ir ai\u0161kios etiket\u0117s pagrindiniams komponentams identifikuoti gali pagreitinti ir padaryti technin\u0117s prie\u017ei\u016bros darbus efektyvesnius. Be to, tur\u0117t\u0173 b\u016bti pateiktas i\u0161samus technin\u0117s prie\u017ei\u016bros vadovas, kuris pad\u0117t\u0173 operatoriams efektyviai atlikti b\u016btinas technin\u0117s prie\u017ei\u016bros u\u017eduotis.<\/p>\n<\/li>\n<\/ul>\n<p><img decoding=\"async\" src=\"https:\/\/www.hydraulic-cylinders.net\/wp-content\/uploads\/2025\/04\/songte-oil-pipes-and-spare-parts.webp\" alt=\"Naftos vamzd\u017eiai ir atsargin\u0117s dalys Vaizdas\" \/><\/p>\n<h2>Cilindro sandarinimas ir tepimas<\/h2>\n<p>Efektyvus sandarinimas ir tepimas yra labai svarb\u016bs optimaliam hidraulini\u0173 cilindr\u0173 veikimui. Siekiant i\u0161vengti hidraulinio skys\u010dio nuot\u0117kio, naudojami \u012fvair\u016bs sandarinimo elementai, tokie kaip st\u016bmokli\u0173 ir kot\u0173 sandarikliai. D\u0117l atsparumo dilimui ir aplinkos veiksniams pirmenyb\u0117 teikiama i\u0161 patvari\u0173 med\u017eiag\u0173, toki\u0173 kaip poliuretanas ir nitrilo kau\u010diukas, pagamintiems sandarikliams. Cilindro korpusas ir srieginiai galiniai pavir\u0161iai yra tiksliai apdirbami, siekiant padidinti atsparum\u0105 dilimui, u\u017etikrinant sandarum\u0105 eksploatacijos metu. Reguliarus tepimas tinkama hidrauline alyva yra b\u016btinas siekiant suma\u017einti trint\u012f tarp judan\u010di\u0173 dali\u0173, skatinti skland\u0173 veikim\u0105 ir i\u0161vengti prie\u0161laikinio susid\u0117v\u0117jimo. Operatoriai tur\u0117t\u0173 laikytis tepimo grafiko, kad u\u017etikrint\u0173 tinkam\u0105 alyvos lyg\u012f ir i\u0161laikyt\u0173 optimal\u0173 na\u0161um\u0105.<\/p>\n<h2>Reguliarios patikros ir prevencin\u0117s prie\u017ei\u016bros priemon\u0117s<\/h2>\n<ul>\n<li>\n<h3>Reguliar\u016bs patikrinimai<\/h3>\n<p>Reguliar\u016bs str\u0117l\u0117s cilindro patikrinimai padeda nustatyti problemas, kol jos netapo rimtomis. Operatoriai tur\u0117t\u0173 patikrinti, ar n\u0117ra sandarikli\u0173 ir cilindro korpuso nuot\u0117ki\u0173, susid\u0117v\u0117jimo ir pa\u017eeidim\u0173. Reguliariai stebint na\u0161umo rodiklius, taip pat galima nustatyti, kada reikia atlikti technin\u0119 prie\u017ei\u016br\u0105, u\u017etikrinant, kad cilindras veikt\u0173 pagal numatytus parametrus.<\/p>\n<\/li>\n<li>\n<h3>Tinkamas tepimas<\/h3>\n<p>Norint u\u017etikrinti skland\u0173 cilindro veikim\u0105, b\u016btina u\u017etikrinti tinkam\u0105 jo sutepim\u0105. Operatoriai tur\u0117t\u0173 laikytis gamintojo nurodym\u0173 d\u0117l tepimo da\u017enumo ir naudojamos hidraulin\u0117s alyvos tipo. Tinkamas tepimas suma\u017eina trint\u012f, suma\u017eina \u0161ilumos susidarym\u0105 ir pailgina cilindro komponent\u0173 tarnavimo laik\u0105.<\/p>\n<\/li>\n<li>\n<h3>Tarpikli\u0173 keitimas ir kalibravimo patikrinimai<\/h3>\n<p>Reguliarus sandarikli\u0173 keitimas atsi\u017evelgiant \u012f j\u0173 nusid\u0117v\u0117jimo pob\u016bd\u012f yra labai svarbus norint i\u0161laikyti hidraulin\u0117s sistemos vientisum\u0105. Operatoriai tur\u0117t\u0173 b\u016bti apmokyti nustatyti, kada reikia keisti sandariklius, ir laikytis tinkam\u0173 montavimo proced\u016br\u0173. Kalibravimo patikrinimai u\u017etikrina, kad cilindras veikt\u0173 taip, kaip numatyta, ir padeda i\u0161vengti netikslaus suderinimo problem\u0173, kurios gali sukelti eksploatacinius neefektyvumus.<\/p>\n<\/li>\n<\/ul>\n<p><img decoding=\"async\" src=\"https:\/\/www.hydraulic-cylinders.net\/wp-content\/uploads\/2025\/04\/songte-chushion-collar.webp\" alt=\"Pagalv\u0117l\u0117s apykakl\u0117s vaizdas\" \/><\/p>\n<h2>Saugos aspektai ir aplinkos veiksniai<\/h2>\n<p>Naudojant hidraulinius cilindrus, saugos priemon\u0117s yra nepaprastai svarbios. Operatoriai turi b\u016bti apmokyti suprasti galim\u0105 su hidraulin\u0117mis sistemomis susijusi\u0105 rizik\u0105, pavyzd\u017eiui, staig\u0173 cilindro gedim\u0105 ar hidraulinio skys\u010dio nuot\u0117k\u012f. Saugos protokol\u0173, toki\u0173 kaip asmenini\u0173 apsaugos priemoni\u0173 (AAP) naudojimas ir tinkamas mokymas, \u012fgyvendinimas padeda suma\u017einti rizik\u0105. Taip pat reik\u0117t\u0173 atsi\u017evelgti \u012f aplinkosaugos aspektus, u\u017etikrinant, kad naudojami hidrauliniai skys\u010diai b\u016bt\u0173 nekenksmingi aplinkai ir kad bet koks nuot\u0117kis ar i\u0161siliejimas b\u016bt\u0173 nedelsiant sustabdytas ir i\u0161valytas, siekiant i\u0161vengti u\u017eter\u0161imo.<\/p>\n<h2>Trik\u010di\u0173 \u0161alinimas ir da\u017eniausiai pasitaikan\u010dios problemos<\/h2>\n<ul>\n<li>\n<h3>Nuot\u0117kiai<\/h3>\n<p>Hidrauliniai nuot\u0117kiai yra viena i\u0161 da\u017eniausiai pasitaikan\u010di\u0173 str\u0117l\u0117s cilindr\u0173 problem\u0173. Jie gali atsirasti d\u0117l susid\u0117v\u0117jusi\u0173 sandarikli\u0173 arba cilindro korpuso pa\u017eeidimo. Norint nustatyti nuot\u0117kius, reikia reguliariai atlikti technin\u0117s prie\u017ei\u016bros patikrinimus ir, jei reikia, imtis neatid\u0117liotin\u0173 veiksm\u0173 sandarikliams taisyti arba pakeisti.<\/p>\n<\/li>\n<li>\n<h3>L\u0117tas veikimas<\/h3>\n<p>Jei str\u0117l\u0117s cilindras veikia l\u0117tai, tai gali rodyti \u017eem\u0105 hidraulinio skys\u010dio lyg\u012f arba u\u017esikim\u0161usi\u0105 linij\u0105. Operatoriai tur\u0117t\u0173 patikrinti skys\u010dio lyg\u012f ir linijas, ar n\u0117ra u\u017esikim\u0161im\u0173. Norint u\u017etikrinti skland\u0173 veikim\u0105, labai svarbu u\u017etikrinti, kad sistemoje neb\u016bt\u0173 oro ki\u0161eni\u0173 ir pa\u0161alini\u0173 med\u017eiag\u0173.<\/p>\n<\/li>\n<li>\n<h3>Ne\u012fprasti garsai<\/h3>\n<p>Ne\u012fprasti garsai eksploatacijos metu gali reik\u0161ti vidines problemas, tokias kaip kavitacija ar mechaninis gedimas. Operatoriai tur\u0117t\u0173 nutraukti eksploatavim\u0105 ir atlikti i\u0161sam\u0173 patikrinim\u0105, kad nustatyt\u0173 triuk\u0161mo \u0161altin\u012f ir nedelsdami atlikt\u0173 visus reikalingus remonto darbus.<\/p>\n<\/li>\n<\/ul>\n<h2>Patarimai, kaip efektyviai atlikti trik\u010di\u0173 \u0161alinim\u0105<\/h2>\n<p>Nor\u0117dami efektyviai diagnozuoti ir i\u0161spr\u0119sti hidraulini\u0173 cilindr\u0173 problemas, operatoriai tur\u0117t\u0173 laikytis sistemingo po\u017ei\u016brio. Prad\u0117kite per\u017ei\u016br\u0117dami eksploatavimo s\u0105lygas ir palygindami jas su gamintojo rekomendacijomis. Patikrinkite visus komponentus, ar n\u0117ra susid\u0117v\u0117jimo, pa\u017eeidim\u0173 ar nesuderinamumo po\u017eymi\u0173. Nedelsdami spr\u0119skite ma\u017eesnes problemas, kad jos neeskaluot\u0173si, ir tvarkykite remonto bei patikrinim\u0173 \u017eurnal\u0105, kad gal\u0117tum\u0117te steb\u0117ti poky\u010dius laikui b\u0117gant. Be to, reguliar\u016bs operatori\u0173 mokymai apie trik\u010di\u0173 \u0161alinimo metodus gali \u017eymiai padidinti technin\u0117s prie\u017ei\u016bros proceso efektyvum\u0105.<\/p>\n<p><img decoding=\"async\" src=\"https:\/\/www.hydraulic-cylinders.net\/wp-content\/uploads\/2025\/04\/songte-bushings-with-all-kinds-of-excavator-models.webp\" alt=\"\u012evori\u0173 vaizdas\" \/><\/p>\n<h2>Apie m\u016bs\u0173 \u012fmon\u0119<\/h2>\n<p>Esame pirmaujantis pakaitini\u0173 hidraulini\u0173 cilindr\u0173 gamintojas, si\u016blantis plat\u0173 gamini\u0173 asortiment\u0105, skirt\u0105 tiek vidaus, tiek tarptautinei rinkai. M\u016bs\u0173 \u012fsipareigojim\u0105 siekti meistri\u0161kumo pabr\u0117\u017eia d\u0117mesys tiksliems gamybos procesams ir grie\u017etoms gamybos valdymo strategijoms. Pasitelkdami kvalifikuotus specialistus, pa\u017eangi\u0105 skaitmenin\u0119 gamybos \u012frang\u0105 ir patikimas bandym\u0173 sistemas, nuolat tobuliname savo gamybos paj\u0117gumus. \u0160is atsidavimas tikslumui ir kokybei u\u017etikrina, kad \u012fvairius klient\u0173 poreikius patenkiname dideliu efektyvumu, tikslumu ir kokybe.<\/p>\n<ul>\n<li>\n<h3>Profesionali kompetencija<\/h3>\n<p>M\u016bs\u0173 komand\u0105 sudaro auk\u0161tos kvalifikacijos specialistai, kurie gamybos procese pasitelkia didel\u0119 patirt\u012f ir \u017einias. J\u0173 patirtis u\u017etikrina, kad visi produktai atitikt\u0173 arba vir\u0161yt\u0173 pramon\u0117s standartus.<\/p>\n<\/li>\n<li>\n<h3>Tarptautiniai sertifikatai<\/h3>\n<p>Laikom\u0117s tarptautini\u0173 kokyb\u0117s standart\u0173, u\u017etikrindami, kad m\u016bs\u0173 produktai b\u016bt\u0173 sertifikuoti pasaulin\u0117ms rinkoms. \u0160is \u012fsipareigojimas didina m\u016bs\u0173 patikimum\u0105 ir klient\u0173 pasitik\u0117jim\u0105.<\/p>\n<\/li>\n<li>\n<h3>Individualiai pritaikytos paslaugos<\/h3>\n<p>Si\u016blome individualiai pritaikytus sprendimus, atitinkan\u010dius konkre\u010dius klient\u0173 poreikius, u\u017etikrindami lankstum\u0105 ir pritaikytus produktus, kurie didina veiklos efektyvum\u0105.<\/p>\n<\/li>\n<li>\n<h3>Pa\u017eangiausia gamybos \u012franga<\/h3>\n<p>M\u016bs\u0173 gamybos \u012frenginiai apr\u016bpinti naujausiomis technologijomis, leid\u017eian\u010diomis mums gaminti auk\u0161tos kokyb\u0117s hidraulinius cilindrus tiksliai ir efektyviai.<\/p>\n<\/li>\n<li>\n<h3>I\u0161sami garantinio aptarnavimo paslauga<\/h3>\n<p>Mes tikime, kad svarbu teikti nuolatin\u0119 param\u0105 savo klientams, si\u016blydami garantinio aptarnavimo paslaugas, kurios u\u017etikrina m\u016bs\u0173 gamini\u0173 ilgaam\u017ei\u0161kum\u0105 ir patikimum\u0105.<\/p>\n<\/li>\n<\/ul>\n<p><img decoding=\"async\" src=\"https:\/\/www.hydraulic-cylinders.net\/wp-content\/uploads\/2025\/04\/songte-company-4.webp\" alt=\"\u012emon\u0117s paveiksl\u0117lis 1\" \/><br \/>\n<img decoding=\"async\" src=\"https:\/\/www.hydraulic-cylinders.net\/wp-content\/uploads\/2025\/04\/songte-company-3.webp\" alt=\"\u012emon\u0117s paveiksl\u0117lis 2\" \/><\/p>\n<p>Autorius lyl<\/p>","protected":false},"excerpt":{"rendered":"<p>Boom Cylinder For Tiangong ZG3255LC-9C Product Overview The Boom Cylinder for Tiangong ZG3255LC-9C is an essential hydraulic component specifically designed to control the motion of buckets in various heavy machinery, such as excavators, backhoes, and front loaders. This hydraulic cylinder allows for the lifting, lowering, and tilting of the bucket, making it a vital tool [&hellip;]<\/p>","protected":false},"featured_media":17874,"comment_status":"open","ping_status":"closed","template":"","meta":{"_et_pb_use_builder":"","_et_pb_old_content":"","_et_gb_content_width":""},"product_brand":[],"product_cat":[1546],"product_tag":[1547,1496],"class_list":{"0":"post-19686","1":"product","2":"type-product","3":"status-publish","4":"has-post-thumbnail","6":"product_cat-boom-cylinders","7":"product_tag-boom-cylinders","8":"product_tag-hydraulic-cylinders","10":"first","11":"instock","12":"shipping-taxable","13":"product-type-simple"},"amp_enabled":true,"_links":{"self":[{"href":"https:\/\/www.hydraulic-cylinders.net\/lt\/wp-json\/wp\/v2\/product\/19686","targetHints":{"allow":["GET"]}}],"collection":[{"href":"https:\/\/www.hydraulic-cylinders.net\/lt\/wp-json\/wp\/v2\/product"}],"about":[{"href":"https:\/\/www.hydraulic-cylinders.net\/lt\/wp-json\/wp\/v2\/types\/product"}],"replies":[{"embeddable":true,"href":"https:\/\/www.hydraulic-cylinders.net\/lt\/wp-json\/wp\/v2\/comments?post=19686"}],"wp:featuredmedia":[{"embeddable":true,"href":"https:\/\/www.hydraulic-cylinders.net\/lt\/wp-json\/wp\/v2\/media\/17874"}],"wp:attachment":[{"href":"https:\/\/www.hydraulic-cylinders.net\/lt\/wp-json\/wp\/v2\/media?parent=19686"}],"wp:term":[{"taxonomy":"product_brand","embeddable":true,"href":"https:\/\/www.hydraulic-cylinders.net\/lt\/wp-json\/wp\/v2\/product_brand?post=19686"},{"taxonomy":"product_cat","embeddable":true,"href":"https:\/\/www.hydraulic-cylinders.net\/lt\/wp-json\/wp\/v2\/product_cat?post=19686"},{"taxonomy":"product_tag","embeddable":true,"href":"https:\/\/www.hydraulic-cylinders.net\/lt\/wp-json\/wp\/v2\/product_tag?post=19686"}],"curies":[{"name":"wp","href":"https:\/\/api.w.org\/{rel}","templated":true}]}}