{"id":19687,"date":"2025-04-07T07:01:43","date_gmt":"2025-04-07T07:01:43","guid":{"rendered":"https:\/\/www.hydraulic-cylinders.net\/product\/boom-cylinder-for-tiangong-zg3235-9c\/"},"modified":"2025-04-07T07:01:53","modified_gmt":"2025-04-07T07:01:53","slug":"boom-cylinder-for-tiangong-zg3235-9c","status":"publish","type":"product","link":"https:\/\/www.hydraulic-cylinders.net\/lt\/produktas\/boom-cylinder-for-tiangong-zg3235-9c\/","title":{"rendered":"Tiangong ZG3235-9C str\u0117l\u0117s cilindras"},"content":{"rendered":"<h1>Tiangong ZG3235-9C str\u0117l\u0117s cilindras<\/h1>\n<h2>Str\u0117l\u0117s cilindro supratimas<\/h2>\n<p>Specialiai \u201eTiangong ZG3235-9C\u201c sukurtas str\u0117l\u0117s cilindras yra esminis sunkiosios technikos hidraulini\u0173 sistem\u0173 komponentas. \u0160is specializuotas hidraulinis cilindras pirmiausia atsakingas u\u017e kau\u0161\u0173 jud\u0117jimo valdym\u0105 \u012fvairioje \u012frangoje, pavyzd\u017eiui, ekskavatoriuose, ekskavatoriniuose krautuvams ir frontaliniams krautuvams. Str\u0117l\u0117s cilindras leid\u017eia pakelti, nuleisti ir pakreipti kau\u0161\u0105, taip palengvinant efektyv\u0173 med\u017eiag\u0173 tvarkym\u0105 \u012fvairiose pramon\u0117s \u0161akose.<\/p>\n<p><img decoding=\"async\" src=\"https:\/\/www.hydraulic-cylinders.net\/wp-content\/uploads\/2025\/04\/songte-company-1.webp\" alt=\"Str\u0117l\u0117s cilindro vaizdas\"><\/p>\n<p>Str\u0117l\u0117s cilindras, kaip hidraulinio cilindro tipas, veikia paversdamas hidraulin\u012f sl\u0117g\u012f mechanine j\u0117ga, tiekdamas gali\u0105, reikaling\u0105 dideliems kau\u0161ams ir priedams manevruoti. \u0160i funkcija yra labai svarbi siekiant maksimaliai padidinti produktyvum\u0105 atliekant tokias u\u017eduotis kaip kasimas, k\u0117limas ir med\u017eiag\u0173 transportavimas. Str\u0117l\u0117s cilindro konstrukcija ir veikimas tiesiogiai veikia bendr\u0105 sunkiosios technikos operacij\u0173 efektyvum\u0105 ir veiksmingum\u0105.<\/p>\n<h2>Pagrindin\u0117s str\u0117l\u0117s cilindro savyb\u0117s<\/h2>\n<ul>\n<li><strong>Didelis stiprumas ir ilgaam\u017ei\u0161kumas:<\/strong> \u0160ie cilindrai, pagaminti i\u0161 didelio stiprumo plieno arba aliuminio, atlaiko auk\u0161t\u0105 sl\u0117g\u012f ir dideles apkrovas, tod\u0117l tinka at\u0161iaurioms darbo s\u0105lygoms. Konstrukcijoje daugiausia d\u0117mesio skiriama atsparumui dilimui ir apsaugai nuo korozijos, tod\u0117l j\u0173 tarnavimo laikas gerokai pailg\u0117ja.<\/li>\n<li><strong>Efektyvus hidraulinis valdymas:<\/strong> Naudodamas hidraulin\u0117s alyvos sl\u0117g\u012f, str\u0117l\u0117s cilindras u\u017etikrina skland\u017eius teleskopinius judesius, galin\u010dius greitai reaguoti \u012f operatoriaus komandas ir kartu u\u017etikrinti didel\u0119 st\u016bmimo bei traukimo gali\u0105, idealiai tinkan\u010di\u0105 sunkioms ir sud\u0117tingoms u\u017eduotims.<\/li>\n<li><strong>\u012evair\u016bs tipai:<\/strong> Priklausomai nuo eksploatacini\u0173 reikalavim\u0173, str\u0117l\u0117s cilindr\u0105 galima pasirinkti kaip vienpusio veikimo (hidraulinis sl\u0117gis naudojamas viena kryptimi) arba dvipusio veikimo (hidraulinis sl\u0117gis naudojamas abiem kryptimis). Kai kurie modeliai netgi turi teleskopin\u0119 konstrukcij\u0105, kad b\u016bt\u0173 galima labiau i\u0161tiesti nedidinant i\u0161orini\u0173 matmen\u0173, tod\u0117l jie tinka naudoti ribotoje erdv\u0117je.<\/li>\n<li><strong>Suderinamumas:<\/strong> \u0160iuos gaminius gaminame taip, kad jie puikiai pakeist\u0173 esamus hidraulinius cilindrus, u\u017etikrindami skland\u0173 integravim\u0105 ir na\u0161umo gerinim\u0105.<\/li>\n<\/ul>\n<p><img decoding=\"async\" src=\"https:\/\/www.hydraulic-cylinders.net\/wp-content\/uploads\/2025\/04\/songte-cylinder-head-with-all-kinds-excavator-models.webp\" alt=\"Suderinami hidrauliniai cilindrai\"><\/p>\n<h2>Str\u0117l\u0117s cilindro pritaikymas<\/h2>\n<h3>Statybin\u0117 \u012franga<\/h3>\n<p>Ekskavatoriuose str\u0117l\u0117s cilindrai yra esminiai kasant, kraunant ir perkeliant grunt\u0105 ar \u0161iuk\u0161les. Jie yra neatsiejama kasimo proceso dalis, leid\u017eianti operatoriui giliai \u012fsikasti \u012f \u017eem\u0119 ir efektyviai pakelti med\u017eiagas.<\/p>\n<h3>Ekskavatoriniai krautuvai<\/h3>\n<p>Ekskavatori\u0173 krautuvuose kau\u0161o cilindras padeda tiek kasti, tiek kelti, suteikdamas universalumo, reikalingo u\u017eduotims, kurioms reikia kasti ir transportuoti med\u017eiagas. Galimyb\u0117 efektyviai perjungti operacijas padidina na\u0161um\u0105 darbo vietoje.<\/p>\n<h3>\u017dem\u0117s \u016bkio technika<\/h3>\n<p>Priekini\u0173 krautuv\u0173 str\u0117l\u0117s cilindrai palengvina dirvo\u017eemio, \u0161ieno ir kit\u0173 med\u017eiag\u0173 pakrovim\u0105, k\u0117lim\u0105 ir transportavim\u0105. J\u0173 efektyvumas u\u017etikrina, kad \u017eem\u0117s \u016bkio darbus b\u016bt\u0173 galima atlikti greitai, taip suma\u017einant prastovas.<\/p>\n<h3>Ekskavatoriai<\/h3>\n<p>Ekskavatoriuose str\u0117l\u0117s cilindras leid\u017eia kau\u0161ui \u012fsiskverbti \u012f dirv\u0105, taip \u012fgalinant efektyvius kasimo veiksmus. \u0160i funkcija yra labai svarbi tiek statybos, tiek kra\u0161tovaizd\u017eio tvarkymo projektuose, kur reikalingas tikslumas ir galia.<\/p>\n<h3>Krautuvai<\/h3>\n<p>Priekiniuose krautuvuose str\u0117l\u0117s cilindrai atlieka gyvybi\u0161kai svarb\u0173 vaidmen\u012f efektyviai keliant ir i\u0161ver\u010diant krovinius. J\u0173 tvirta konstrukcija atlaiko sunkius k\u0117limus, tod\u0117l jie yra nepakei\u010diami med\u017eiag\u0173 tvarkymui \u012fvairiose pramon\u0117s \u0161akose.<\/p>\n<h2>Projektavimo aspektai ir atrankos kriterijai<\/h2>\n<h3>Keliamoji galia<\/h3>\n<p>Vienas i\u0161 pagrindini\u0173 aspekt\u0173, \u012f kuriuos reikia atsi\u017evelgti projektuojant str\u0117l\u0117s cilindr\u0105, yra jo keliamoji galia. J\u0105 lemia naudojamos med\u017eiagos, konstrukcijos projektavimas ir hidraulinio sl\u0117gio ribos. Gerai suprojektuotas str\u0117l\u0117s cilindras turi saugiai atlaikyti did\u017eiausias apkrovas, b\u016bdingas numatytam naudojimui, u\u017etikrinant, kad eksploatacijos metu neb\u016bt\u0173 gedim\u0173.<\/p>\n<h3>Sandarinimas<\/h3>\n<p>Efektyvus sandarinimas yra labai svarbus hidraulini\u0173 cilindr\u0173 ilgaam\u017ei\u0161kumui ir veikimui. Auk\u0161tos kokyb\u0117s sandarikli\u0173 naudojimas apsaugo nuo hidraulinio skys\u010dio nuot\u0117kio, palaiko optimal\u0173 sl\u0117gio lyg\u012f ir padidina efektyvum\u0105. Gerai sandarus cilindras taip pat apsaugo nuo u\u017eter\u0161imo, kuris gali sukelti prie\u0161laikin\u012f susid\u0117v\u0117jim\u0105 ir gedim\u0105.<\/p>\n<h3>Patvarumas<\/h3>\n<p>Patvarumas yra labai svarbus hidraulinio cilindro konstrukcijos aspektas. Naudojamos med\u017eiagos ir gamybos procesai tur\u0117t\u0173 u\u017etikrinti, kad cilindras atlaikyt\u0173 at\u0161iaurias aplinkos s\u0105lygas, \u012fskaitant ekstremalias temperat\u016bras ir chemini\u0173 med\u017eiag\u0173 poveik\u012f. \u0160is atsparumas yra gyvybi\u0161kai svarbus norint i\u0161laikyti eksploatacin\u012f efektyvum\u0105 laikui b\u0117gant.<\/p>\n<h3>Saugumas<\/h3>\n<p>Hidraulini\u0173 cilindr\u0173 konstrukcijos saugos funkcijos, tokios kaip apsauga nuo sprogimo ir sl\u0117gio ma\u017einimo vo\u017etuvai, yra b\u016btinos siekiant i\u0161vengti nelaiming\u0173 atsitikim\u0173 ir u\u017etikrinti operatoriaus saug\u0105. \u0160i\u0173 funkcij\u0173 \u012ftraukimas padeda suma\u017einti su hidrauliniais gedimais susijusi\u0105 rizik\u0105.<\/p>\n<h3>Prie\u017ei\u016bra<\/h3>\n<p>Dar vienas svarbus projektavimo aspektas yra paprastas techninis aptarnavimas. Hidrauliniai cilindrai tur\u0117t\u0173 b\u016bti suprojektuoti taip, kad juos b\u016bt\u0173 lengva pri\u017ei\u016br\u0117ti, kad b\u016bt\u0173 galima greitai pakeisti sandariklius ir patikrinti skys\u010dius. Tai suma\u017eina prastovas ir u\u017etikrina efektyv\u0173 \u012frangos veikim\u0105, galiausiai suma\u017einant eksploatavimo i\u0161laidas.<\/p>\n<p><img decoding=\"async\" src=\"https:\/\/www.hydraulic-cylinders.net\/wp-content\/uploads\/2025\/04\/songte-oil-pipes-and-spare-parts.webp\" alt=\"Naftos vamzd\u017eiai ir atsargin\u0117s dalys\"><\/p>\n<h2>Sandarinimas ir tepimas<\/h2>\n<p>Str\u0117l\u0117s cilindro sandarinimo sistema atlieka lemiam\u0105 vaidmen\u012f jo veikime. Siekiant u\u017etikrinti optimal\u0173 na\u0161um\u0105, da\u017eniausiai naudojami \u012fvair\u016bs sandarikliai, \u012fskaitant st\u016bmokli\u0173 ir kot\u0173 sandariklius. Sandarikliai, pagaminti i\u0161 atspari\u0173 dilimui med\u017eiag\u0173, toki\u0173 kaip poliuretanas ir nitrilo kau\u010diukas, yra ypa\u010d veiksmingi u\u017etikrinant atsparum\u0105 hidrauliniams skys\u010diams.<\/p>\n<p>Be to, cilindro korpusas ir srieginiai galai yra tiksliai apdirbami, siekiant padidinti atsparum\u0105 dilimui ir suma\u017einti pa\u017eeidim\u0173 tikimyb\u0119 laikui b\u0117gant. Reguliarus tepimas hidrauline alyva yra b\u016btinas norint u\u017etikrinti skland\u0173 veikim\u0105. Tinkamas tepimas suma\u017eina trint\u012f, kuri gali sukelti komponent\u0173 perkaitim\u0105 ir prie\u0161laikin\u012f susid\u0117v\u0117jim\u0105.<\/p>\n<h2>Reguliarus patikrinimas ir prevencin\u0117 prie\u017ei\u016bra<\/h2>\n<ul>\n<li><strong>Reguliar\u016bs patikrinimai:<\/strong> Atlikite reguliarius patikrinimus, kad \u012fvertintum\u0117te str\u0117l\u0117s cilindro b\u016bkl\u0119. Ie\u0161kokite susid\u0117v\u0117jimo, nuot\u0117ki\u0173 ar pa\u017eeidim\u0173 po\u017eymi\u0173, kurie gali rodyti, kad reikia atlikti technin\u0119 prie\u017ei\u016br\u0105 arba keisti.<\/li>\n<li><strong>Tinkamas tepimas:<\/strong> \u012esitikinkite, kad cilindras yra tinkamai suteptas rekomenduojamomis hidraulin\u0117mis alyvomis. Tai ne tik pagerina na\u0161um\u0105, bet ir pailgina cilindro tarnavimo laik\u0105.<\/li>\n<li><strong>Sandariklio keitimas:<\/strong> Reguliariai tikrinkite sandariklius, ar jie nesusid\u0117v\u0117j\u0119, ir prireikus juos pakeiskite. Tai pad\u0117s palaikyti sl\u0117g\u012f ir i\u0161vengti skys\u010di\u0173 nuot\u0117kio.<\/li>\n<\/ul>\n<h2>\u012erengimo gair\u0117s<\/h2>\n<p>Tinkamas str\u0117l\u0117s cilindro montavimas yra labai svarbus funkcionalumui ir saugumui. \u012esitikinkite, kad cilindras yra tinkamai sulygiuotas su tvirtinimo ta\u0161kais, kad i\u0161vengtum\u0117te per didelio komponent\u0173 \u012ftempimo. Naudokite tinkamus tvirtinimo laikiklius, kad pritvirtintum\u0117te cilindr\u0105 ir neleistum\u0117te jam jud\u0117ti eksploatacijos metu.<\/p>\n<p>Prie\u0161 montuodami patikrinkite vis\u0173 hidraulini\u0173 jung\u010di\u0173 \u0161var\u0105, kad i\u0161vengtum\u0117te u\u017eter\u0161imo. \u012ereng\u0119, pripildykite hidraulin\u0119 sistem\u0105 rekomenduojamos alyvos ir i\u0161leiskite or\u0105 i\u0161 sistemos, kad u\u017etikrintum\u0117te skland\u0173 veikim\u0105. \u012ereng\u0119 atlikite bandom\u0105j\u012f paleidim\u0105, kad \u012fsitikintum\u0117te, jog cilindras veikia tinkamai ir efektyviai.<\/p>\n<h2>\u012eprastos prie\u017ei\u016bros u\u017eduotys<\/h2>\n<ul>\n<li><strong>Reguliar\u016bs patikrinimai:<\/strong> Reguliariai tikrinkite, ar visi komponentai veikia tinkamai. Tai apima hidraulinio skys\u010dio lygio patikrinim\u0105 ir \u017earn\u0173 bei jungiam\u0173j\u0173 detali\u0173 ap\u017ei\u016br\u0105, ar n\u0117ra susid\u0117v\u0117jimo po\u017eymi\u0173.<\/li>\n<li><strong>Tinkamas tepimas:<\/strong> \u012esitikinkite, kad sandarikliai ir a\u0161ys yra sutepti pagal gamintojo instrukcijas, kad b\u016bt\u0173 i\u0161vengta nusid\u0117v\u0117jimo.<\/li>\n<li><strong>Sandariklio keitimas:<\/strong> Steb\u0117kite sandarikli\u0173 b\u016bkl\u0119 ir nedelsdami juos pakeiskite, kad i\u0161laikytum\u0117te efektyvum\u0105 ir i\u0161vengtum\u0117te nuot\u0117ki\u0173.<\/li>\n<\/ul>\n<p>Tinkamas i\u0161lyginimas montavimo metu yra nepaprastai svarbus. Neteisingas i\u0161lyginimas gali padidinti susid\u0117v\u0117jim\u0105 ir sukelti gedim\u0105. Naudokite tinkamus tvirtinimo laikiklius, kad cilindras b\u016bt\u0173 veiksmingai pritvirtintas. Reguliar\u016bs patikrinimai, remontas ir keitimas yra b\u016btini norint i\u0161laikyti \u012frangos ilgaam\u017ei\u0161kum\u0105 ir efektyvum\u0105, padidinti na\u0161um\u0105 ir suma\u017einti prastovas.<\/p>\n<p><img decoding=\"async\" src=\"https:\/\/www.hydraulic-cylinders.net\/wp-content\/uploads\/2025\/04\/songte-chushion-collar.webp\" alt=\"Pagalv\u0117l\u0117s apykakl\u0117\"><\/p>\n<h2>Saugos aspektai ir aplinkos veiksniai<\/h2>\n<p>Dirbant su hidrauliniais cilindrais, saugos priemon\u0117s yra nepaprastai svarbios. Operatoriai tur\u0117t\u0173 b\u016bti apmokyti saugaus darbo proced\u016br\u0173, u\u017etikrinant, kad visos saugos funkcijos veikt\u0173. Reguliar\u016bs technin\u0117s prie\u017ei\u016bros patikrinimai dar labiau padidina saugum\u0105, nes nustatomi galimi pavojai, kol jie nesukelia nelaiming\u0173 atsitikim\u0173.<\/p>\n<h2>Gedim\u0173 diagnostika ir da\u017eniausios problemos<\/h2>\n<ul>\n<li><strong>Nuot\u0117kis:<\/strong> Nuot\u0117kiai gali atsirasti d\u0117l susid\u0117v\u0117jusi\u0173 tarpikli\u0173 arba pa\u017eeist\u0173 \u017earn\u0173. Reguliarus tarpikli\u0173 patikrinimas ir savalaikis keitimas gali pad\u0117ti i\u0161vengti \u0161ios problemos.<\/li>\n<li><strong>Galios praradimas:<\/strong> Jei cilindras nereaguoja efektyviai, tai gali reik\u0161ti \u017eem\u0105 hidraulinio skys\u010dio lyg\u012f arba or\u0105 sistemoje. B\u016btina i\u0161leisti or\u0105 i\u0161 sistemos ir patikrinti skys\u010di\u0173 lyg\u012f.<\/li>\n<li><strong>Perkaitimas:<\/strong> Perkaitim\u0105 gali sukelti nepakankamas tepimas arba per didel\u0117 apkrova. Kad i\u0161vengtum\u0117te \u0161ios problemos, u\u017etikrinkite tinkam\u0105 tepim\u0105 ir laikykit\u0117s rekomenduojam\u0173 apkrovos rib\u0173.<\/li>\n<\/ul>\n<h2>Trik\u010di\u0173 \u0161alinimo patarimai<\/h2>\n<p>Norint veiksmingai diagnozuoti ir i\u0161spr\u0119sti str\u0117l\u0117s cilindro problemas, pirmiausia kruop\u0161\u010diai patikrinkite, ar n\u0117ra akivaizd\u017ei\u0173 problem\u0173, toki\u0173 kaip nuot\u0117kiai ar susid\u0117v\u0117jimas. Reguliarios prevencin\u0117s priemon\u0117s, pavyzd\u017eiui, tinkamo skys\u010di\u0173 lygio palaikymas ir sandarikli\u0173 geros b\u016bkl\u0117s u\u017etikrinimas, gali suma\u017einti galimas komplikacijas. Kilus problemoms, greiti veiksmai gali pad\u0117ti i\u0161vengti nereikaling\u0173 prastov\u0173 ir brangaus remonto.<\/p>\n<p><img decoding=\"async\" src=\"https:\/\/www.hydraulic-cylinders.net\/wp-content\/uploads\/2025\/04\/songte-bushings-with-all-kinds-of-excavator-models.webp\" alt=\"Ekskavatori\u0173 \u012fvor\u0117s\"><\/p>\n<h2>Apie m\u016bs\u0173 \u012fmon\u0119<\/h2>\n<p>Esame pirmaujantis pakaitini\u0173 hidraulini\u0173 cilindr\u0173 gamintojas, si\u016blantis plat\u0173 gamini\u0173 asortiment\u0105 tiek vidaus, tiek tarptautin\u0117ms rinkoms. M\u016bs\u0173 \u012fsipareigojimas siekti meistri\u0161kumo akivaizdus m\u016bs\u0173 kruop\u0161\u010diai suderintose gamybos praktikose ir grie\u017etose kokyb\u0117s kontrol\u0117s priemon\u0117se. Mes naudojame pa\u017eangias technologijas ir kvalifikuotus darbuotojus, kad padidintume savo gamybos paj\u0117gumus ir u\u017etikrintume auk\u0161t\u0105 produkcijos kokyb\u0119.<\/p>\n<p>Specializuojam\u0117s individualiai pritaikytose paslaugose, tod\u0117l tenkiname \u012fvairius klient\u0173 poreikius. M\u016bs\u0173 gamybos \u012frenginiai apr\u016bpinti moderniausia \u012franga, leid\u017eian\u010dia u\u017etikrinti tikslius ir efektyvius gamybos procesus. M\u016bs\u0173 garantinio aptarnavimo paslaugos yra tokios pat patikimos, si\u016blydamos palaikym\u0105 ir sprendimus, u\u017etikrinan\u010dius klient\u0173 pasitenkinim\u0105.<\/p>\n<p><img decoding=\"async\" src=\"https:\/\/www.hydraulic-cylinders.net\/wp-content\/uploads\/2025\/04\/songte-company-4.webp\" alt=\"\u012emon\u0117s paveiksl\u0117lis 1\"><br \/>\n<img decoding=\"async\" src=\"https:\/\/www.hydraulic-cylinders.net\/wp-content\/uploads\/2025\/04\/songte-company-3.webp\" alt=\"\u012emon\u0117s paveiksl\u0117lis 2\"><\/p>\n<p>Autorius: lyl<\/p>","protected":false},"excerpt":{"rendered":"<p>Boom Cylinder For Tiangong ZG3235-9C Understanding the Boom Cylinder The Boom Cylinder, specifically designed for the Tiangong ZG3235-9C, is an essential component in hydraulic systems used in heavy machinery. This specialized hydraulic cylinder is primarily responsible for controlling the movement of buckets in various equipment such as excavators, backhoe loaders, and front loaders. The boom [&hellip;]<\/p>","protected":false},"featured_media":17875,"comment_status":"open","ping_status":"closed","template":"","meta":{"_et_pb_use_builder":"","_et_pb_old_content":"","_et_gb_content_width":""},"product_brand":[],"product_cat":[1546],"product_tag":[1547,1496],"class_list":{"0":"post-19687","1":"product","2":"type-product","3":"status-publish","4":"has-post-thumbnail","6":"product_cat-boom-cylinders","7":"product_tag-boom-cylinders","8":"product_tag-hydraulic-cylinders","10":"first","11":"instock","12":"shipping-taxable","13":"product-type-simple"},"amp_enabled":true,"_links":{"self":[{"href":"https:\/\/www.hydraulic-cylinders.net\/lt\/wp-json\/wp\/v2\/product\/19687","targetHints":{"allow":["GET"]}}],"collection":[{"href":"https:\/\/www.hydraulic-cylinders.net\/lt\/wp-json\/wp\/v2\/product"}],"about":[{"href":"https:\/\/www.hydraulic-cylinders.net\/lt\/wp-json\/wp\/v2\/types\/product"}],"replies":[{"embeddable":true,"href":"https:\/\/www.hydraulic-cylinders.net\/lt\/wp-json\/wp\/v2\/comments?post=19687"}],"wp:featuredmedia":[{"embeddable":true,"href":"https:\/\/www.hydraulic-cylinders.net\/lt\/wp-json\/wp\/v2\/media\/17875"}],"wp:attachment":[{"href":"https:\/\/www.hydraulic-cylinders.net\/lt\/wp-json\/wp\/v2\/media?parent=19687"}],"wp:term":[{"taxonomy":"product_brand","embeddable":true,"href":"https:\/\/www.hydraulic-cylinders.net\/lt\/wp-json\/wp\/v2\/product_brand?post=19687"},{"taxonomy":"product_cat","embeddable":true,"href":"https:\/\/www.hydraulic-cylinders.net\/lt\/wp-json\/wp\/v2\/product_cat?post=19687"},{"taxonomy":"product_tag","embeddable":true,"href":"https:\/\/www.hydraulic-cylinders.net\/lt\/wp-json\/wp\/v2\/product_tag?post=19687"}],"curies":[{"name":"wp","href":"https:\/\/api.w.org\/{rel}","templated":true}]}}