{"id":19689,"date":"2025-04-07T07:01:59","date_gmt":"2025-04-07T07:01:59","guid":{"rendered":"https:\/\/www.hydraulic-cylinders.net\/product\/boom-cylinder-for-tiangong-zg3225lc-9c\/"},"modified":"2025-04-07T07:02:02","modified_gmt":"2025-04-07T07:02:02","slug":"boom-cylinder-for-tiangong-zg3225lc-9c","status":"publish","type":"product","link":"https:\/\/www.hydraulic-cylinders.net\/lt\/produktas\/boom-cylinder-for-tiangong-zg3225lc-9c\/","title":{"rendered":"Tiangong ZG3225LC-9C str\u0117l\u0117s cilindras"},"content":{"rendered":"<h1>Tiangong ZG3225LC-9C str\u0117l\u0117s cilindras<\/h1>\n<h2>\u012evadas \u012f str\u0117l\u0117s cilindr\u0105<\/h2>\n<p>Str\u0117l\u0117s cilindras yra gyvybi\u0161kai svarbus hidraulini\u0173 sistem\u0173 komponentas, specialiai sukurtas valdyti kau\u0161\u0173 jud\u0117jim\u0105 sunkiosiose ma\u0161inose, tokiose kaip ekskavatoriai, ekskavatoriniai krautuvai ir frontaliniai krautuvai. \u0160is hidraulinis cilindras leid\u017eia kau\u0161ui pakelti, nuleisti ir pakreipti, palengvindamas \u012fvairias med\u017eiag\u0173 tvarkymo u\u017eduotis. Jis atlieka labai svarb\u0173 vaidmen\u012f didinant veiklos efektyvum\u0105 ir tikslum\u0105 statybos ir kasimo procesuose.<\/p>\n<p><img decoding=\"async\" src=\"https:\/\/www.hydraulic-cylinders.net\/wp-content\/uploads\/2025\/04\/songte-company-1.webp\" alt=\"Str\u0117l\u0117s cilindras\"><\/p>\n<h3>Apibr\u0117\u017eimas ir ap\u017evalga<\/h3>\n<p>A bucket cylinder, or boom cylinder, is a type of hydraulic cylinder that provides the necessary force to manipulate the bucket&#8217;s position. These cylinders are engineered to withstand high pressures and loads, making them indispensable in heavy-duty applications. Their ability to provide controlled movements allows operators to execute tasks such as digging, lifting, and loading with ease.<\/p>\n<h2>Str\u0117l\u0117s cilindro savyb\u0117s<\/h2>\n<ul>\n<li><strong>Didelis stiprumas ir ilgaam\u017ei\u0161kumas:<\/strong> Pagamintas i\u0161 didelio stiprumo plieno arba aliuminio, str\u0117l\u0117s cilindras gali atlaikyti auk\u0161t\u0105 sl\u0117g\u012f ir dideles apkrovas. Jo konstrukcija u\u017etikrina atsparum\u0105 dilimui ir apsaug\u0105 nuo korozijos, u\u017etikrinant ilg\u0105 tarnavimo laik\u0105 net ir at\u0161iauriomis darbo s\u0105lygomis.<\/li>\n<li><strong>Efektyvus hidraulinis valdymas:<\/strong> Cilindras veikia hidraulin\u0117s alyvos sl\u0117giu, tod\u0117l j\u012f galima skland\u017eiai i\u0161skleisti ir atitraukti. Jis greitai reaguoja \u012f operatoriaus komandas, u\u017etikrindamas galingas st\u016bmimo ir traukimo j\u0117gas, tinkamas sunkioms ir sud\u0117tingoms u\u017eduotims atlikti.<\/li>\n<li><strong>\u012evair\u016bs tipai:<\/strong> Str\u0117l\u0117s cilindr\u0105 galima pritaikyti kaip vienpusio veikimo (veikiant\u012f viena kryptimi) arba dvipusio veikimo (veikiant\u012f abiem kryptimis), kad b\u016bt\u0173 patenkinti \u012fvair\u016bs eksploatavimo poreikiai. Kai kurie modeliai yra teleskopiniai, tod\u0117l galima labiau i\u0161tiesti nedidinant i\u0161orini\u0173 matmen\u0173, tod\u0117l tai idealiai tinka naudoti ribotoje erdv\u0117je.<\/li>\n<li><strong>Tikslioji in\u017einerija:<\/strong> Kiekvienas cilindras yra kruop\u0161\u010diai suprojektuotas, siekiant u\u017etikrinti optimal\u0173 na\u0161um\u0105 ir patikimum\u0105. \u0160is tikslumas rei\u0161kia didesn\u012f eksploatavimo saugum\u0105 ir efektyvum\u0105.<\/li>\n<li><strong>Individuali gamyba:<\/strong> Mes turime galimyb\u0119 pagaminti \u0161\u012f gamin\u012f, kuris puikiai pakei\u010dia esamus hidraulinius cilindrus.<\/li>\n<\/ul>\n<p><img decoding=\"async\" src=\"https:\/\/www.hydraulic-cylinders.net\/wp-content\/uploads\/2025\/04\/songte-cylinder-head-with-all-kinds-excavator-models.webp\" alt=\"Ekskavatori\u0173 modeliai\"><\/p>\n<h2>Str\u0117l\u0117s cilindro pritaikymas<\/h2>\n<h3>Statybin\u0117 \u012franga<\/h3>\n<p>Ekskavatoriuose str\u0117l\u0117s cilindrai yra neatsiejama kasimo, krovimo ir \u017eem\u0117s ar \u0161iuk\u0161li\u0173 perk\u0117limo proces\u0173 dalis. J\u0173 funkcija leid\u017eia tiksliai nustatyti pad\u0117t\u012f ir pakelti str\u0117l\u0119, o tai labai svarbu atliekant statybos darbus. Ekskavatoriuose-krautuvuose jie padeda tiek kasant, tiek pakeliant str\u0117l\u0119, tod\u0117l yra universal\u016bs \u012frankiai darbo vietose.<\/p>\n<h3>\u017dem\u0117s \u016bkio technika<\/h3>\n<p>Priekiniuose krautuvuose str\u0117l\u0117s cilindrai palengvina dirvo\u017eemio, \u0161ieno ir kit\u0173 med\u017eiag\u0173 s\u0117mim\u0105, k\u0117lim\u0105 ir transportavim\u0105. J\u0173 tvirtumas ir patikimumas u\u017etikrina, kad \u017eem\u0117s \u016bkio darbai b\u016bt\u0173 atliekami efektyviai, didinant na\u0161um\u0105 ir suma\u017einant darbo s\u0105naudas.<\/p>\n<h3>Ekskavatoriai<\/h3>\n<p>Ekskavatoriuose kau\u0161o cilindras leid\u017eia efektyviai kasti, nes kau\u0161as efektyviai \u012fsiskverbia \u012f dirv\u0105. \u0160i savyb\u0117 yra gyvybi\u0161kai svarbi atliekant \u012fvairias u\u017eduotis \u2013 nuo \u200b\u200bstatyb\u0173 iki kra\u0161tovaizd\u017eio tvarkymo, u\u017etikrinant, kad operatoriai gal\u0117t\u0173 atlikti savo darb\u0105 minimaliomis pastangomis.<\/p>\n<h3>Krautuvai<\/h3>\n<p>Priekiniuose krautuvuose str\u0117l\u0117s cilindrai atlieka labai svarb\u0173 vaidmen\u012f efektyviai keliant ir i\u0161kraunant krovinius. J\u0173 konstrukcija u\u017etikrina skland\u0173 veikim\u0105, sutrumpina krovimo u\u017eduotims atlikti reikaling\u0105 laik\u0105, o tai yra labai svarbu norint i\u0161laikyti produktyvum\u0105 statybviet\u0117je.<\/p>\n<h2>Projektavimo aspektai ir atrankos standartai<\/h2>\n<h3>Keliamoji galia<\/h3>\n<p>Renkantis str\u0117l\u0117s cilindr\u0105, labai svarbu suprasti jo keliam\u0105j\u0105 gali\u0105. Cilindras turi atlaikyti maksimal\u0173 svor\u012f, su kuriuo susidurs eksploatacijos metu. In\u017einieriai atsi\u017evelgia \u012f \u012fvairius veiksnius, \u012fskaitant med\u017eiag\u0173 svor\u012f ir bendr\u0105 \u012frangos konstrukcij\u0105. Cilindro perkrova gali sukelti katastrofi\u0161k\u0173 gedim\u0173, tod\u0117l labai svarbu pasirinkti komponent\u0105, kuris vir\u0161yt\u0173 numatom\u0105 apkrov\u0105.<\/p>\n<h3>Sandarinimas<\/h3>\n<p>Sandarinimas yra dar vienas svarbus aspektas. Cilindras turi b\u016bti apr\u016bpintas auk\u0161tos kokyb\u0117s sandarikliais, kad b\u016bt\u0173 i\u0161vengta hidraulinio skys\u010dio nuot\u0117kio, kuris gali pakenkti na\u0161umui. Da\u017enai naudojami sandarikliai, pagaminti i\u0161 toki\u0173 med\u017eiag\u0173 kaip poliuretanas arba nitrilo kau\u010diukas, d\u0117l j\u0173 patvarumo ir atsparumo dilimui. Tinkamas sandarinimas ne tik padidina efektyvum\u0105, bet ir pailgina cilindro tarnavimo laik\u0105.<\/p>\n<h3>Patvarumas<\/h3>\n<p>Str\u0117l\u0117s cilindrams ilgaam\u017ei\u0161kumas yra labai svarbus, nes jie veikiami at\u0161iauriomis s\u0105lygomis. Gamintojai daugiausia d\u0117mesio skiria tvirt\u0173 med\u017eiag\u0173 ir dang\u0173, atspari\u0173 dilimui ir korozijai, naudojimui. Patvarus cilindras suma\u017eina prie\u017ei\u016bros poreik\u012f ir padidina patikimum\u0105, u\u017etikrindamas, kad \u012franga veikt\u0173 ilgesn\u012f laik\u0105.<\/p>\n<h3>Saugumas<\/h3>\n<p>Saugos priemon\u0117s taip pat tur\u0117t\u0173 b\u016bti pagrindinis r\u016bpestis. Hidrauliniai cilindrai turi tur\u0117ti \u012fmontuotus saugos mechanizmus, kad b\u016bt\u0173 i\u0161vengta netik\u0117t\u0173 gedim\u0173 eksploatacijos metu. Tai gali b\u016bti sl\u0117gio ma\u017einimo vo\u017etuvai ir saugos u\u017eraktai, u\u017etikrinantys, kad cilindras neveikt\u0173 u\u017e saugi\u0173 rib\u0173. Tinkamos saugos priemon\u0117s apsaugo ir \u012frang\u0105, ir operatori\u0173.<\/p>\n<h3>Prie\u017ei\u016bra<\/h3>\n<p>Galiausiai, atrankos procese svarb\u0173 vaidmen\u012f atlieka prie\u017ei\u016bra. Pasirinkus konstrukcij\u0105, kuri leid\u017eia lengvai pri\u017ei\u016br\u0117ti ir tikrinti, galima sutaupyti laiko ir suma\u017einti prastovas. Tokios savyb\u0117s kaip lengvai prieinamos tepimo angos ir paprastas i\u0161ardymo procesas gali gerokai pagerinti prie\u017ei\u016br\u0105, u\u017etikrinant, kad cilindr\u0105 b\u016bt\u0173 galima efektyviai pri\u017ei\u016br\u0117ti prireikus.<\/p>\n<p><img decoding=\"async\" src=\"https:\/\/www.hydraulic-cylinders.net\/wp-content\/uploads\/2025\/04\/songte-oil-pipes-and-spare-parts.webp\" alt=\"Naftos vamzd\u017eiai ir atsargin\u0117s dalys\"><\/p>\n<h2>Sandarinimas ir tepimas<\/h2>\n<p>Str\u0117l\u0117s cilindro efektyvumas labai priklauso nuo jo sandarinimo ir tepimo sistem\u0173. Siekiant u\u017etikrinti sandar\u0173 judan\u010di\u0173 dali\u0173 sandarum\u0105, naudojami \u012fvair\u016bs sandarikliai, \u012fskaitant st\u016bmoklio ir strypo sandariklius. \u0160ie sandarikliai paprastai gaminami i\u0161 didelio atsparumo dilimui med\u017eiag\u0173, tinkam\u0173 at\u0161iaurioms s\u0105lygoms, toki\u0173 kaip poliuretanas ir nitrilo kau\u010diukas. Be to, cilindro korpusas ir srieginiai galai yra kruop\u0161\u010diai apdorojami, siekiant padidinti atsparum\u0105 dilimui.<\/p>\n<p>Reguliarus tepimas taip pat yra labai svarbus; siekiant suma\u017einti trint\u012f ir nusid\u0117v\u0117jim\u0105, reikia periodi\u0161kai \u012fpilti tinkam\u0173 hidraulini\u0173 alyv\u0173. Tinkamo tepimo lygio palaikymas ne tik pailgina cilindro tarnavimo laik\u0105, bet ir u\u017etikrina optimal\u0173 na\u0161um\u0105 eksploatacijos metu. Tepimo nepaisymas gali sukelti prie\u0161laikin\u012f susid\u0117v\u0117jim\u0105 ir galim\u0105 gedim\u0105, tod\u0117l tai yra esminis prie\u017ei\u016bros aspektas.<\/p>\n<h2>Prevencin\u0117s prie\u017ei\u016bros priemon\u0117s<\/h2>\n<ul>\n<li><strong>Reguliar\u016bs patikrinimai:<\/strong> Reguliar\u016bs patikrinimai gali pad\u0117ti nustatyti galimas problemas, kol jos netapo rimtomis. Eksploatacijos metu ie\u0161kokite susid\u0117v\u0117jimo po\u017eymi\u0173, nuot\u0117ki\u0173 ir ne\u012fprast\u0173 gars\u0173.<\/li>\n<li><strong>Tinkamas tepimas:<\/strong> \u012esitikinkite, kad hidraulin\u0117s alyvos lygis yra tinkamas ir kad alyva yra auk\u0161tos kokyb\u0117s. Reguliariai tikrinkite ir prireikus papildykite, kad i\u0161laikytum\u0117te optimal\u0173 na\u0161um\u0105.<\/li>\n<li><strong>Sandariklio keitimas:<\/strong> Laikui b\u0117gant, sandarikliai gali susid\u0117v\u0117ti ir juos gali tekti pakeisti. Reguliariai tikrinkite sandariklius ir pakeiskite juos pasteb\u0117j\u0119 pirmuosius pa\u017eeidimo po\u017eymius, kad i\u0161vengtum\u0117te nuot\u0117ki\u0173 ir i\u0161laikytum\u0117te efektyvum\u0105.<\/li>\n<\/ul>\n<h2>\u012erengimo gair\u0117s<\/h2>\n<p>Tinkamas str\u0117l\u0117s cilindro montavimas yra labai svarbus optimaliam veikimui. Pirmiausia \u012fsitikinkite, kad tvirtinimo pavir\u0161iai yra \u0161var\u016bs ir be \u0161iuk\u0161li\u0173. Tinkamai sulygiuokite cilindr\u0105, naudodami tinkamus tvirtinimo laikiklius, kad j\u012f pritvirtintum\u0117te. Neteisingas sulygiavimas gali sukelti per didel\u012f sandarikli\u0173 \u012ftempim\u0105 ir prie\u0161laikin\u012f gedim\u0105.<\/p>\n<p>Pritvirtin\u0119 cilindr\u0105, prijunkite hidraulines linijas, \u012fsitikindami, kad visos jungtys yra sandarios ir nepraleid\u017eia vandens. B\u016btina laikytis gamintojo nurodym\u0173 d\u0117l sukimo momento nustatym\u0173, kad nepa\u017eeistum\u0117te komponent\u0173. \u012erengus sistem\u0105, prie\u0161 naudodami j\u0105 visu paj\u0117gumu, patikrinkite, ar n\u0117ra nuot\u0117ki\u0173, i\u0161bandydami j\u0105 \u017eemu sl\u0117giu.<\/p>\n<p>Reguliariai per\u017ei\u016br\u0117kite gamintojo pateiktas \u012frengimo instrukcijas ir prie\u017ei\u016bros gaires, kad u\u017etikrintum\u0117te ilgalaik\u012f veikim\u0105 ir saug\u0105.<\/p>\n<h2>\u012eprastos prie\u017ei\u016bros u\u017eduotys<\/h2>\n<h3>Reguliar\u016bs patikrinimai<\/h3>\n<p>Reguliariai tikrinti str\u0117l\u0117s cilindr\u0105 yra labai svarbu norint anksti nustatyti galimas problemas. Patikrinkite, ar n\u0117ra susid\u0117v\u0117jimo, pa\u017eeidim\u0173 ar nuot\u0117ki\u0173 po\u017eymi\u0173, ir nedelsdami spr\u0119skite visas problemas, kad i\u0161vengtum\u0117te tolesn\u0117s \u017ealos. Proaktyvus po\u017ei\u016bris \u012f technin\u0119 prie\u017ei\u016br\u0105 gali sutaupyti laiko ir i\u0161laid\u0173 remontui.<\/p>\n<h3>Tinkamas tepimas<\/h3>\n<p>Tinkamas tepimas yra labai svarbus str\u0117l\u0117s cilindro ilgaam\u017ei\u0161kumui. \u012esitikinkite, kad hidraulin\u0117s alyvos lygis yra tinkamas ir kad naudojama alyva yra rekomenduojamo tipo. Reguliariai sutepkite visas judan\u010dias dalis, kad suma\u017eintum\u0117te trint\u012f ir susid\u0117v\u0117jim\u0105, o tai gali pailginti cilindro tarnavimo laik\u0105.<\/p>\n<h3>Tarpikli\u0173 keitimas ir kalibravimo patikrinimai<\/h3>\n<p>Norint i\u0161laikyti na\u0161um\u0105, sandariklius reikia periodi\u0161kai keisti. Reguliariai tikrinkite, ar sandarikliai n\u0117ra susid\u0117v\u0117j\u0119, ir prireikus juos pakeiskite. Kalibravimo patikrinimai taip pat yra b\u016btini siekiant u\u017etikrinti, kad cilindras veikt\u0173 pagal nurodytus parametrus. \u0160ie patikrinimai padeda i\u0161laikyti efektyvum\u0105 ir saug\u0105 eksploatacijos metu.<\/p>\n<p><img decoding=\"async\" src=\"https:\/\/www.hydraulic-cylinders.net\/wp-content\/uploads\/2025\/04\/songte-chushion-collar.webp\" alt=\"Pagalv\u0117l\u0117s apykakl\u0117\"><\/p>\n<h2>Saugos aspektai ir aplinkos veiksniai<\/h2>\n<p>Dirbant su hidraulin\u0117mis sistemomis, saugos priemon\u0117s yra nepaprastai svarbios. Operatoriai visada tur\u0117t\u0173 \u017einoti apie galimus pavojus, susijusius su hidraulin\u0117mis sistemomis, \u012fskaitant auk\u0161to sl\u0117gio nuot\u0117kius ir staigius judesius. Tinkamas mokymas ir saugos protokol\u0173 laikymasis yra b\u016btini siekiant i\u0161vengti nelaiming\u0173 atsitikim\u0173. Be to, atsi\u017evelkite \u012f aplinkos veiksnius, tokius kaip hidraulini\u0173 skys\u010di\u0173 \u0161alinimas, kad suma\u017eintum\u0117te poveik\u012f aplinkai.<\/p>\n<h2>Gedim\u0173 diagnostika ir da\u017eniausios problemos<\/h2>\n<ul>\n<li><strong>Na\u0161umo praradimas:<\/strong> Na\u0161umo suma\u017e\u0117jimas gali rodyti hidraulinio skys\u010dio nuot\u0117k\u012f arba sl\u0117gio problemas. Patikrinkite, ar n\u0117ra nuot\u0117ki\u0173, ir \u012fsitikinkite, kad hidraulin\u0117 sistema veikia tinkamai.<\/li>\n<li><strong>Ne\u012fprasti garsai:<\/strong> \u010ciurks\u0117jimas ar bildesys veikimo metu gali signalizuoti apie mechanines problemas. Patikrinkite cilindr\u0105, ar n\u0117ra galim\u0173 komponent\u0173 gedim\u0173.<\/li>\n<li><strong>Perkaitimas:<\/strong> Jei hidraulin\u0117 sistema perkaista, tai gali b\u016bti d\u0117l nepakankamo tepimo arba perkrovos. Patikrinkite alyvos lyg\u012f ir ap\u017ei\u016br\u0117kite, ar sistemoje n\u0117ra u\u017esikim\u0161im\u0173.<\/li>\n<\/ul>\n<h2>Trik\u010di\u0173 \u0161alinimo patarimai ir sprendimai<\/h2>\n<p>Norint efektyviai diagnozuoti ir i\u0161spr\u0119sti str\u0117l\u0117s cilindro problemas, prad\u0117kite nuo kruop\u0161taus vizualinio patikrinimo, ar n\u0117ra nuot\u0117ki\u0173 ar pa\u017eeidim\u0173. \u012esitikinkite, kad visos jungtys yra sandarios ir kad hidraulinio skys\u010dio lygis yra tinkamas. Jei randama nuot\u0117ki\u0173, prireikus pakeiskite sandariklius ir jungiam\u0105sias detales.<\/p>\n<p>Jei kyla su na\u0161umu susijusi\u0173 problem\u0173, patikrinkite hidraulin\u0119 sistem\u0105, ar n\u0117ra u\u017esikim\u0161im\u0173 ar sl\u0117gio kritim\u0173. Prie\u0161 gr\u0105\u017eindami \u012frang\u0105 eksploatuoti, pa\u0161alinkite visas nustatytas problemas. Reguliarus techninis aptarnavimas ir eksploatavimo gairi\u0173 laikymasis gali pad\u0117ti i\u0161vengti daugelio da\u017eniausiai pasitaikan\u010di\u0173 problem\u0173, u\u017etikrinant, kad str\u0117l\u0117s cilindras i\u0161likt\u0173 funkcionalus ir efektyvus.<\/p>\n<p><img decoding=\"async\" src=\"https:\/\/www.hydraulic-cylinders.net\/wp-content\/uploads\/2025\/04\/songte-bushings-with-all-kinds-of-excavator-models.webp\" alt=\"\u012evor\u0117s su ekskavatori\u0173 modeliais\"><\/p>\n<h2>\u012emon\u0117s ap\u017evalga<\/h2>\n<p>Esame pirmaujantis alternatyvi\u0173 hidraulini\u0173 cilindr\u0173 gamintojas ir platintojas, si\u016blantis plat\u0173 gamini\u0173 asortiment\u0105, skirt\u0105 patenkinti tiek vietin\u0117s, tiek tarptautin\u0117s rinkos poreikius. M\u016bs\u0173 \u012fsipareigojimas kokybei atsispindi tikslios gamybos strategijose, kuriose naudojamos pa\u017eangios technologijos ir kvalifikuoti darbuotojai, siekiant u\u017etikrinti auk\u0161t\u0105 na\u0161um\u0105 ir patikimum\u0105.<\/p>\n<p>M\u016bs\u0173 gamybos proces\u0105 palaiko moderniausia gamybos \u012franga ir kruop\u0161ti bandym\u0173 sistema, leid\u017eianti nuolat gerinti gamini\u0173 kokyb\u0119. Sutelkdami d\u0117mes\u012f \u012f efektyvum\u0105, tikslum\u0105 ir auk\u0161tus standartus, siekiame patenkinti \u012fvairius klient\u0173 reikalavimus teikdami individual\u0173 aptarnavim\u0105 ir palaikym\u0105.<\/p>\n<p><img decoding=\"async\" src=\"https:\/\/www.hydraulic-cylinders.net\/wp-content\/uploads\/2025\/04\/songte-company-4.webp\" alt=\"\u012emon\u0117s ap\u017evalga\"><br \/>\n<img decoding=\"async\" src=\"https:\/\/www.hydraulic-cylinders.net\/wp-content\/uploads\/2025\/04\/songte-company-3.webp\" alt=\"\u012emon\u0117s ap\u017evalga\"><\/p>\n<p>Autorius lyl<\/p>","protected":false},"excerpt":{"rendered":"<p>Boom Cylinder For Tiangong ZG3225LC-9C Introduction to Boom Cylinder The Boom Cylinder is a vital component in hydraulic systems, specifically designed for controlling the movement of buckets in heavy machinery such as excavators, backhoe loaders, and front-end loaders. This hydraulic cylinder enables the bucket to lift, lower, and tilt, facilitating various material handling tasks. It [&hellip;]<\/p>","protected":false},"featured_media":17877,"comment_status":"open","ping_status":"closed","template":"","meta":{"_et_pb_use_builder":"","_et_pb_old_content":"","_et_gb_content_width":""},"product_brand":[],"product_cat":[1546],"product_tag":[1547,1496],"class_list":{"0":"post-19689","1":"product","2":"type-product","3":"status-publish","4":"has-post-thumbnail","6":"product_cat-boom-cylinders","7":"product_tag-boom-cylinders","8":"product_tag-hydraulic-cylinders","10":"first","11":"instock","12":"shipping-taxable","13":"product-type-simple"},"amp_enabled":true,"_links":{"self":[{"href":"https:\/\/www.hydraulic-cylinders.net\/lt\/wp-json\/wp\/v2\/product\/19689","targetHints":{"allow":["GET"]}}],"collection":[{"href":"https:\/\/www.hydraulic-cylinders.net\/lt\/wp-json\/wp\/v2\/product"}],"about":[{"href":"https:\/\/www.hydraulic-cylinders.net\/lt\/wp-json\/wp\/v2\/types\/product"}],"replies":[{"embeddable":true,"href":"https:\/\/www.hydraulic-cylinders.net\/lt\/wp-json\/wp\/v2\/comments?post=19689"}],"wp:featuredmedia":[{"embeddable":true,"href":"https:\/\/www.hydraulic-cylinders.net\/lt\/wp-json\/wp\/v2\/media\/17877"}],"wp:attachment":[{"href":"https:\/\/www.hydraulic-cylinders.net\/lt\/wp-json\/wp\/v2\/media?parent=19689"}],"wp:term":[{"taxonomy":"product_brand","embeddable":true,"href":"https:\/\/www.hydraulic-cylinders.net\/lt\/wp-json\/wp\/v2\/product_brand?post=19689"},{"taxonomy":"product_cat","embeddable":true,"href":"https:\/\/www.hydraulic-cylinders.net\/lt\/wp-json\/wp\/v2\/product_cat?post=19689"},{"taxonomy":"product_tag","embeddable":true,"href":"https:\/\/www.hydraulic-cylinders.net\/lt\/wp-json\/wp\/v2\/product_tag?post=19689"}],"curies":[{"name":"wp","href":"https:\/\/api.w.org\/{rel}","templated":true}]}}