{"id":19690,"date":"2025-04-07T07:02:02","date_gmt":"2025-04-07T07:02:02","guid":{"rendered":"https:\/\/www.hydraulic-cylinders.net\/product\/boom-cylinder-for-tiangong-zg3225lc-9\/"},"modified":"2025-04-07T07:02:05","modified_gmt":"2025-04-07T07:02:05","slug":"boom-cylinder-for-tiangong-zg3225lc-9","status":"publish","type":"product","link":"https:\/\/www.hydraulic-cylinders.net\/lt\/produktas\/boom-cylinder-for-tiangong-zg3225lc-9\/","title":{"rendered":"Tiangong ZG3225LC-9 str\u0117l\u0117s cilindras"},"content":{"rendered":"<h1>Tiangong ZG3225LC-9 str\u0117l\u0117s cilindras<\/h1>\n<h2>Str\u0117l\u0117s cilindro supratimas<\/h2>\n<p>Str\u0117l\u0117s cilindras yra specializuotas hidraulinis cilindras, skirtas valdyti str\u0117l\u0117s jud\u0117jim\u0105 \u012fvairiose sunkiosiose ma\u0161inose, tokiose kaip ekskavatoriai, ekskavatoriniai krautuvai ir frontaliniai krautuvai. \u0160ie cilindrai atlieka labai svarb\u0173 vaidmen\u012f keliant, nuleid\u017eiant ir pakreipiant str\u0117l\u0119, palengvindami efektyv\u0173 med\u017eiag\u0173 tvarkym\u0105. Str\u0117l\u0117s cilindro funkcionalumas yra labai svarbus hidraulin\u0117se sistemose, kur jis hidraulinio skys\u010dio sl\u0117g\u012f paver\u010dia mechanine energija, leisdamas sunkiosios technikos operatoriams atlikti sud\u0117tingas operacijas tiksliai ir lengvai.<\/p>\n<p>\u0160ie hidrauliniai cilindrai yra neatsiejami komponentai, u\u017etikrinantys efektyv\u0173 sunki\u0173j\u0173 ma\u0161in\u0173 veikim\u0105. Jie yra b\u016btini atliekant tokias u\u017eduotis kaip kasimas, krovimas ir med\u017eiag\u0173 perk\u0117limas, tod\u0117l jie yra nepakei\u010diami statybose, \u017eem\u0117s \u016bkyje ir pramon\u0117je.<\/p>\n<p><img decoding=\"async\" src=\"https:\/\/www.hydraulic-cylinders.net\/wp-content\/uploads\/2025\/04\/songte-company-1.webp\" alt=\"Str\u0117l\u0117s cilindras\"><\/p>\n<h3>Str\u0117l\u0117s cilindro savyb\u0117s<\/h3>\n<ul>\n<li><strong>Didelis stiprumas ir ilgaam\u017ei\u0161kumas:<\/strong> Pagamintas i\u0161 didelio stiprumo plieno arba aliuminio, str\u0117l\u0117s cilindras gali atlaikyti didel\u012f sl\u0117g\u012f ir dideles apkrovas, tod\u0117l tinka at\u0161iaurioms darbo s\u0105lygoms. Jo konstrukcija atsi\u017evelg\u0117 \u012f atsparum\u0105 dilimui ir apsaug\u0105 nuo korozijos, taip pailginant jo tarnavimo laik\u0105.<\/li>\n<li><strong>Efektyvus hidraulinis valdymas:<\/strong> Cilindras naudoja hidraulinio skys\u010dio sl\u0117g\u012f, kad skland\u017eiai i\u0161skleist\u0173 ir atitraukt\u0173, greitai reaguot\u0173 \u012f operatoriaus komandas ir u\u017etikrint\u0173 didel\u0119 st\u016bmimo bei traukimo j\u0117g\u0105, idealiai tinkan\u010di\u0105 sunkiems daiktams tvarkyti.<\/li>\n<li><strong>\u012evair\u016bs tipai:<\/strong> Priklausomai nuo eksploatacini\u0173 poreiki\u0173, str\u0117l\u0117s cilindras gali b\u016bti vienpusio veikimo (veikiantis viena kryptimi) arba dvipusio veikimo (veikiantis abiem kryptimis). Kai kurie modeliai yra teleskopiniai, tod\u0117l str\u0117l\u0119 galima labiau i\u0161tiesti nedidinant i\u0161orinio dyd\u017eio, o tai naudinga tais atvejais, kai erdv\u0117 ribota.<\/li>\n<\/ul>\n<p>M\u016bs\u0173 \u012fmon\u0117 specializuojasi \u0161i\u0173 hidraulini\u0173 cilindr\u0173 gamyboje, puikiai pakeisdami esamus str\u0117l\u0117s cilindrus, naudojamus \u012fvairiose ma\u0161inose.<\/p>\n<p><img decoding=\"async\" src=\"https:\/\/www.hydraulic-cylinders.net\/wp-content\/uploads\/2025\/04\/songte-cylinder-head-with-all-kinds-excavator-models.webp\" alt=\"Ekskavatori\u0173 modeliai\"><\/p>\n<h2>Str\u0117l\u0117s cilindro pritaikymas<\/h2>\n<h3>Statybin\u0117 \u012franga<\/h3>\n<p>Ekskavatoriuose str\u0117l\u0117s cilindrai yra labai svarb\u016bs kasant, kraunant ir perkeliant grunt\u0105 ar \u0161iuk\u0161les. Jie leid\u017eia str\u0117lei pasisukti ir i\u0161tiesti, tod\u0117l operatorius gali efektyviai atlikti u\u017eduotis skirtingais kampais ir gyliais. Galimyb\u0117 tiksliai valdyti str\u0117l\u0119 u\u017etikrina, kad operacijos b\u016bt\u0173 atliekamos saugiai ir efektyviai, suma\u017einant nelaiming\u0173 atsitikim\u0173 rizik\u0105.<\/p>\n<h3>\u017dem\u0117s \u016bkio technika<\/h3>\n<p>Priekiniuose krautuvuose str\u0117l\u0117s cilindrai naudojami dirvo\u017eemiui, \u0161ienui ir kitoms med\u017eiagoms semti, kelti ir transportuoti. \u0160ie cilindrai suteikia reikiam\u0105 j\u0117g\u0105 sunkiems kroviniams valdyti, tod\u0117l jie yra b\u016btini \u016bki\u0173 produktyvumui. J\u0173 geb\u0117jimas veikti \u012fvairiomis s\u0105lygomis padidina j\u0173 naudingum\u0105 \u017eem\u0117s \u016bkio aplinkoje.<\/p>\n<h3>Ekskavatoriai<\/h3>\n<p>Ekskavatoriuose str\u0117l\u0117s cilindras palengvina kasimo judes\u012f, leisdamas kau\u0161ui \u012fsiskverbti \u012f \u017eem\u0119. Cilindro sukuriama hidraulin\u0117 j\u0117ga u\u017etikrina, kad ekskavatorius gali pralau\u017eti kietus dirvo\u017eemio sluoksnius, tod\u0117l kasimo darbai tampa greitesni ir efektyvesni.<\/p>\n<h3>Krautuvai<\/h3>\n<p>Priekiniuose krautuvuose str\u0117l\u0117s cilindrai padeda efektyviai kelti ir i\u0161versti med\u017eiagas. Jie leid\u017eia operatoriui valdyti krovinio paskirstym\u0105 ir auk\u0161t\u012f, o tai yra gyvybi\u0161kai svarbu kraunant sunkve\u017eimius arba perkeliant med\u017eiagas \u012f konkre\u010dias vietas. \u0160i\u0173 cilindr\u0173 patikimumas u\u017etikrina, kad krautuvai gali dirbti sud\u0117tingomis s\u0105lygomis.<\/p>\n<h2>Projektavimo aspektai ir atrankos kriterijai<\/h2>\n<h3>Keliamoji galia<\/h3>\n<p>Str\u0117l\u0117s cilindro keliamoji galia yra labai svarbus jo konstrukcijos veiksnys. Jis turi b\u016bti suprojektuotas taip, kad atlaikyt\u0173 maksimal\u0173 svor\u012f, kuris bus taikomas eksploatacijos metu, be gedimo rizikos. Tai apima grie\u017etus bandymus ir pramon\u0117s standart\u0173 laikym\u0105si, siekiant u\u017etikrinti saug\u0105 ir patikimum\u0105.<\/p>\n<h3>Sandarinimo mechanizmai<\/h3>\n<p>Efektyvus sandarinimas yra labai svarbus siekiant i\u0161vengti hidraulinio skys\u010dio nuot\u0117kio, kuris gali suma\u017einti efektyvum\u0105 ir sukelti sistemos gedim\u0105. Da\u017enai naudojami auk\u0161tos kokyb\u0117s sandarikliai, pagaminti i\u0161 toki\u0173 med\u017eiag\u0173 kaip poliuretanas ir nitrilo kau\u010diukas, siekiant padidinti patvarum\u0105 ir palaikyti sl\u0117g\u012f sistemoje.<\/p>\n<h3>Patvarumas<\/h3>\n<p>Patvarumas yra dar vienas svarbus projektavimo aspektas. Str\u0117l\u0117s cilindr\u0173 konstrukcijoje naudojamos med\u017eiagos turi atlaikyti nusid\u0117v\u0117jim\u0105 d\u0117l nuolatinio veikimo \u012fvairiomis aplinkos s\u0105lygomis. Tai da\u017enai apima korozijai atspari\u0105 apdail\u0105 ir tvirtas konstrukcijos technologijas, siekiant pailginti cilindro tarnavimo laik\u0105.<\/p>\n<h3>Saugos funkcijos<\/h3>\n<p>Projektuojant str\u0117l\u0117s cilindrus, svarbiausia yra saugos aspektai. Tokios funkcijos kaip sl\u0117gio ma\u017einimo vo\u017etuvai ir saugos u\u017eraktai yra integruoti, kad b\u016bt\u0173 i\u0161vengta nelaiming\u0173 atsitikim\u0173 eksploatacijos metu. \u0160ie mechanizmai padeda apsaugoti tiek operatori\u0173, tiek \u012frang\u0105 nuo netik\u0117t\u0173 gedim\u0173.<\/p>\n<h3>Prie\u017ei\u016bra ir tinkamumas naudoti<\/h3>\n<p>Siekiant u\u017etikrinti ilgalaik\u012f str\u0117l\u0117s cilindro veikim\u0105, b\u016btina projektuoti taip, kad j\u012f b\u016bt\u0173 lengva pri\u017ei\u016br\u0117ti. Funkcijos, leid\u017eian\u010dios lengvai ap\u017ei\u016br\u0117ti, sutepti ir pakeisti sandariklius, padeda suma\u017einti prastovas ir prie\u017ei\u016bros i\u0161laidas, o tai galiausiai padidina na\u0161um\u0105.<\/p>\n<p><img decoding=\"async\" src=\"https:\/\/www.hydraulic-cylinders.net\/wp-content\/uploads\/2025\/04\/songte-oil-pipes-and-spare-parts.webp\" alt=\"Naftos vamzd\u017eiai ir atsargin\u0117s dalys\"><\/p>\n<h2>Str\u0117l\u0117s cilindro sandarinimas ir tepimas<\/h2>\n<p>Tinkamas sandarinimas ir tepimas yra gyvybi\u0161kai svarb\u016bs efektyviam str\u0117l\u0117s cilindr\u0173 veikimui. \u012evair\u016bs sandarinimo elementai, tokie kaip st\u016bmokli\u0173 ir stryp\u0173 sandarikliai, yra b\u016btini norint palaikyti hidraulin\u012f sl\u0117g\u012f sistemoje. Sandarikliai, pagaminti i\u0161 atspari\u0173 dilimui med\u017eiag\u0173, toki\u0173 kaip poliuretanas ir nitrilo kau\u010diukas, u\u017etikrina ilgaam\u017ei\u0161kum\u0105 ir patikimum\u0105.<\/p>\n<p>Cilindro korpusas ir srieginiai galiniai pavir\u0161iai yra kruop\u0161\u010diai apdirbami, siekiant pagerinti atsparum\u0105 dilimui ir sandarum\u0105. Norint suma\u017einti trint\u012f ir i\u0161vengti perkaitimo, u\u017etikrinti skland\u0173 veikim\u0105 ir pailginti cilindro tarnavimo laik\u0105, reikia reguliariai tepti hidrauline alyva.<\/p>\n<h2>Reguliarus patikrinimas ir prevencin\u0117 prie\u017ei\u016bra<\/h2>\n<ul>\n<li><strong>Reguliar\u016bs patikrinimai:<\/strong> Reguliar\u016bs str\u0117l\u0117s cilindro patikrinimai gali pad\u0117ti nustatyti galimas problemas, kol jos netapo rimtomis. Eksploatacijos metu ie\u0161kokite susid\u0117v\u0117jimo po\u017eymi\u0173, nuot\u0117ki\u0173 ar ne\u012fprast\u0173 gars\u0173.<\/li>\n<li><strong>Tinkamas tepimas:<\/strong> Optimaliam veikimui labai svarbu u\u017etikrinti tinkam\u0105 cilindro sutepim\u0105. Naudokite rekomenduojam\u0105 hidraulin\u0119 alyv\u0105 ir reguliariai steb\u0117kite alyvos lyg\u012f, kad i\u0161vengtum\u0117te pa\u017eeidim\u0173 d\u0117l nepakankamo sutepimo.<\/li>\n<li><strong>Sandariklio keitimas:<\/strong> Laikui b\u0117gant, sandarikliai gali susid\u0117v\u0117ti ir juos gali tekti keisti. Reguliariai tikrinkite, ar sandarikliai nepa\u017eeisti, ir prireikus pakeiskite juos, kad i\u0161laikytum\u0117te hidraulin\u012f efektyvum\u0105 ir i\u0161vengtum\u0117te nuot\u0117ki\u0173.<\/li>\n<\/ul>\n<h2>Str\u0117l\u0117s cilindro montavimo gair\u0117s<\/h2>\n<p>Tinkamas str\u0117l\u0117s cilindro montavimas yra b\u016btinas norint u\u017etikrinti optimal\u0173 na\u0161um\u0105 ir saug\u0105. Pirmiausia \u012fsitikinkite, kad cilindras yra tinkamai sulygiuotas su \u012frangos tvirtinimo ta\u0161kais. Naudokite tinkamus tvirtinimo laikiklius, kad pritvirtintum\u0117te cilindr\u0105 vietoje.<\/p>\n<p>Atkreipkite d\u0117mes\u012f \u012f hidraulines jungtis, u\u017etikrindami, kad jos b\u016bt\u0173 sandarios ir nepralaidios. Montuojant labai svarbu laikytis gamintojo rekomendacij\u0173 d\u0117l sukimo momento specifikacij\u0173. Po montavimo patikrinkite cilindro lygiavim\u0105, kad i\u0161vengtum\u0117te per didelio \u012ftempimo ir galimo gedimo eksploatacijos metu.<\/p>\n<h2>Str\u0117l\u0117s cilindro prie\u017ei\u016bros u\u017eduotys<\/h2>\n<ul>\n<li><strong>Reguliar\u016bs patikrinimai:<\/strong> Reik\u0117t\u0173 atlikti \u012fprastinius patikrinimus, kad b\u016bt\u0173 galima nustatyti ir pa\u0161alinti bet kok\u012f susid\u0117v\u0117jim\u0105 ar pa\u017eeidimus. Operatoriai tur\u0117t\u0173 b\u016bti apmokyti pasteb\u0117ti bet kokius veikimo sutrikimus, kurie gali rodyti susid\u0117v\u0117jim\u0105.<\/li>\n<li><strong>Tinkamas tepimas:<\/strong> Tinkamas tepimas yra labai svarbus. \u012esitikinkite, kad hidraulin\u0117s alyvos lygis yra tinkamas ir atitinka rekomenduojamas str\u0117l\u0117s cilindro specifikacijas.<\/li>\n<li><strong>Sandariklio keitimo ir kalibravimo patikrinimai:<\/strong> Reguliariai tikrinkite sandariklius, ar jie nesusid\u0117v\u0117j\u0119, ir prireikus juos pakeiskite. Taip pat reik\u0117t\u0173 atlikti kalibravimo patikrinimus, siekiant u\u017etikrinti, kad cilindras veikt\u0173 pagal savo projektinius parametrus.<\/li>\n<\/ul>\n<h2>Saugos aspektai ir aplinkos veiksniai<\/h2>\n<p>Naudojant str\u0117l\u0117s cilindrus, svarbiausia teikti pirmenyb\u0119 saugos priemon\u0117ms. Operatoriai tur\u0117t\u0173 b\u016bti apmokyti saugaus darbo proced\u016br\u0173 ir \u017einoti apie galimus pavojus, susijusius su hidraulin\u0117mis sistemomis. Eksploatacijos ir technin\u0117s prie\u017ei\u016bros metu reikia naudoti tinkamas asmenines apsaugos priemones (AAP), kad b\u016bt\u0173 suma\u017einta rizika. Be to, tvarumui u\u017etikrinti labai svarbu u\u017etikrinti, kad hidrauliniai skys\u010diai b\u016bt\u0173 naudojami tinkamai ir utilizuojami aplinkai nekenksmingu b\u016bdu.<\/p>\n<h2>Da\u017eniausiai pasitaikan\u010di\u0173 problem\u0173 \u0161alinimas<\/h2>\n<ul>\n<li><strong>Alyvos nuot\u0117kis:<\/strong> Jei yra alyvos nuot\u0117kis, patikrinkite, ar sandarikliai ir jungtys nepa\u017eeisti. Priver\u017ekite jungtis arba pakeiskite sandariklius, jei reikia.<\/li>\n<li><strong>Nenuoseklus cilindro jud\u0117jimas:<\/strong> Tai gali rodyti \u017eem\u0105 hidraulinio skys\u010dio lyg\u012f arba oro buvim\u0105 sistemoje. Patikrinkite skys\u010dio lyg\u012f ir i\u0161leiskite or\u0105 i\u0161 sistemos.<\/li>\n<li><strong>Ne\u012fprasti garsai veikimo metu:<\/strong> Tokie garsai kaip girg\u017ed\u0117jimas ar bar\u0161k\u0117jimas gali rodyti vidinius pa\u017eeidimus arba nepakankam\u0105 tepim\u0105. Patikrinkite cilindr\u0105 ir, jei reikia, sutepkite.<\/li>\n<\/ul>\n<h2>Trik\u010di\u0173 \u0161alinimas ir prevencin\u0117s priemon\u0117s<\/h2>\n<p>Nor\u0117dami veiksmingai pa\u0161alinti str\u0117l\u0117s cilindro problemas, operatoriai tur\u0117t\u0173 susipa\u017einti su da\u017eniausiai pasitaikan\u010diomis problemomis ir sprendimais. Reguliarus techninis aptarnavimas gali pad\u0117ti i\u0161vengti daugelio problem\u0173, taip suma\u017einant prastovas ir remonto i\u0161laidas. Prevencin\u0117s technin\u0117s prie\u017ei\u016bros grafiko \u012fgyvendinimas gali pad\u0117ti nustatyti susid\u0117v\u0117jim\u0105 ir galimus gedimus, kol jie nesutrikdys darbo.<\/p>\n<p><img decoding=\"async\" src=\"https:\/\/www.hydraulic-cylinders.net\/wp-content\/uploads\/2025\/04\/songte-bushings-with-all-kinds-of-excavator-models.webp\" alt=\"\u012evor\u0117s su ekskavatori\u0173 modeliais\"><\/p>\n<h2>Apie m\u016bs\u0173 \u012fmon\u0119<\/h2>\n<p>Esame pirmaujanti hidraulini\u0173 cilindr\u0173 gamintoja ir didmenin\u0117 platintoja, specializuojam\u0117s tiekdami puikius str\u0117l\u0117s cilindr\u0173 pakaitalus. D\u0117l plataus gamini\u0173 asortimento esame pagrindiniai \u017eaid\u0117jai tiek vidaus, tiek tarptautin\u0117se rinkose. Laikom\u0117s grie\u017et\u0173 kokyb\u0117s standart\u0173 ir taikome pa\u017eangias gamybos valdymo strategijas, siekdami didinti gamybos efektyvum\u0105.<\/p>\n<p>M\u016bs\u0173 \u012fsipareigojim\u0105 siekti meistri\u0161kumo palaiko kvalifikuota darbo j\u0117ga, auk\u0161t\u0173j\u0173 technologij\u0173 gamybos \u012franga ir tvirta kokyb\u0117s kontrol\u0117s sistema, u\u017etikrinanti, kad m\u016bs\u0173 produktai atitikt\u0173 \u012fvairius m\u016bs\u0173 klient\u0173 poreikius.<\/p>\n<p><img decoding=\"async\" src=\"https:\/\/www.hydraulic-cylinders.net\/wp-content\/uploads\/2025\/04\/songte-company-4.webp\" alt=\"\u012emon\u0117s paveiksl\u0117lis 1\"><br \/>\n<img decoding=\"async\" src=\"https:\/\/www.hydraulic-cylinders.net\/wp-content\/uploads\/2025\/04\/songte-company-3.webp\" alt=\"\u012emon\u0117s paveiksl\u0117lis 2\"><\/p>\n<p>Si\u016blome individualiai pritaikytas paslaugas, atitinkan\u010dias konkre\u010dius klient\u0173 reikalavimus, pagr\u012fstas tarptautiniais sertifikatais, profesionalia gamybos \u012franga ir patikimu aptarnavimu po pardavimo.<\/p>\n<p>Autorius: lyl<\/p>","protected":false},"excerpt":{"rendered":"<p>Boom Cylinder For Tiangong ZG3225LC-9 Understanding the Boom Cylinder The Boom Cylinder is a specialized hydraulic cylinder designed for controlling the movement of the boom in various heavy machinery, such as excavators, backhoe loaders, and front-end loaders. These cylinders play a crucial role in lifting, lowering, and tilting the boom, facilitating efficient material handling tasks. [&hellip;]<\/p>","protected":false},"featured_media":17878,"comment_status":"open","ping_status":"closed","template":"","meta":{"_et_pb_use_builder":"","_et_pb_old_content":"","_et_gb_content_width":""},"product_brand":[],"product_cat":[1546],"product_tag":[1547,1496],"class_list":{"0":"post-19690","1":"product","2":"type-product","3":"status-publish","4":"has-post-thumbnail","6":"product_cat-boom-cylinders","7":"product_tag-boom-cylinders","8":"product_tag-hydraulic-cylinders","10":"first","11":"instock","12":"shipping-taxable","13":"product-type-simple"},"amp_enabled":true,"_links":{"self":[{"href":"https:\/\/www.hydraulic-cylinders.net\/lt\/wp-json\/wp\/v2\/product\/19690","targetHints":{"allow":["GET"]}}],"collection":[{"href":"https:\/\/www.hydraulic-cylinders.net\/lt\/wp-json\/wp\/v2\/product"}],"about":[{"href":"https:\/\/www.hydraulic-cylinders.net\/lt\/wp-json\/wp\/v2\/types\/product"}],"replies":[{"embeddable":true,"href":"https:\/\/www.hydraulic-cylinders.net\/lt\/wp-json\/wp\/v2\/comments?post=19690"}],"wp:featuredmedia":[{"embeddable":true,"href":"https:\/\/www.hydraulic-cylinders.net\/lt\/wp-json\/wp\/v2\/media\/17878"}],"wp:attachment":[{"href":"https:\/\/www.hydraulic-cylinders.net\/lt\/wp-json\/wp\/v2\/media?parent=19690"}],"wp:term":[{"taxonomy":"product_brand","embeddable":true,"href":"https:\/\/www.hydraulic-cylinders.net\/lt\/wp-json\/wp\/v2\/product_brand?post=19690"},{"taxonomy":"product_cat","embeddable":true,"href":"https:\/\/www.hydraulic-cylinders.net\/lt\/wp-json\/wp\/v2\/product_cat?post=19690"},{"taxonomy":"product_tag","embeddable":true,"href":"https:\/\/www.hydraulic-cylinders.net\/lt\/wp-json\/wp\/v2\/product_tag?post=19690"}],"curies":[{"name":"wp","href":"https:\/\/api.w.org\/{rel}","templated":true}]}}