{"id":19697,"date":"2025-04-07T07:02:22","date_gmt":"2025-04-07T07:02:22","guid":{"rendered":"https:\/\/www.hydraulic-cylinders.net\/product\/boom-cylinder-for-sinomach-zg3210-9c\/"},"modified":"2025-04-07T07:02:25","modified_gmt":"2025-04-07T07:02:25","slug":"boom-cylinder-for-sinomach-zg3210-9c","status":"publish","type":"product","link":"https:\/\/www.hydraulic-cylinders.net\/lt\/produktas\/boom-cylinder-for-sinomach-zg3210-9c\/","title":{"rendered":"Sinomach ZG3210-9C str\u0117l\u0117s cilindras"},"content":{"rendered":"<h1>Sinomach ZG3210-9C str\u0117l\u0117s cilindras<\/h1>\n<h2>Produkto ap\u017evalga<\/h2>\n<p>\u201eSinomach ZG3210-9C\u201c str\u0117l\u0117s cilindras yra hidraulinis cilindras, specialiai sukurtas valdyti kau\u0161o jud\u0117jim\u0105 \u012fvairiose sunkiosiose ma\u0161inose, tokiose kaip ekskavatoriai, ekskavatoriniai krautuvai ir frontaliniai krautuvai. \u0160is tvirtas komponentas leid\u017eia operatoriui pakelti, nuleisti ir pakreipti kau\u0161\u0105, taip palengvinant efektyv\u0173 med\u017eiag\u0173 tvarkym\u0105. Kau\u0161o cilindras yra b\u016btinas hidraulin\u0117se sistemose, nes u\u017etikrina reikiam\u0105 j\u0117g\u0105, reikaling\u0105 svarbiausioms funkcijoms atlikti statybose ir \u017eem\u0117s \u016bkyje.<\/p>\n<p><img decoding=\"async\" src=\"https:\/\/www.hydraulic-cylinders.net\/wp-content\/uploads\/2025\/04\/songte-company-1.webp\" alt=\"Hidraulinis cilindras\"><\/p>\n<h2>Str\u0117l\u0117s cilindro savyb\u0117s<\/h2>\n<ul>\n<li><strong>Didelis stiprumas ir ilgaam\u017ei\u0161kumas:<\/strong> Pagamintas i\u0161 didelio stiprumo plieno arba aliuminio, \u0161is cilindras gali atlaikyti auk\u0161t\u0105 sl\u0117g\u012f ir dideles apkrovas, tod\u0117l tinka at\u0161iaurioms darbo aplinkoms. Jo konstrukcija atsi\u017evelg\u0117 \u012f atsparum\u0105 dilimui ir korozijai, tod\u0117l pailg\u0117ja jo tarnavimo laikas.<\/li>\n<li><strong>Efektyvus hidraulinis valdymas:<\/strong> Naudodamas hidraulin\u0117s alyvos sl\u0117g\u012f, cilindras u\u017etikrina skland\u0173 i\u0161pl\u0117tim\u0105 ir atitraukim\u0105, greitai reaguoja \u012f valdymo komandas ir sukuria galingas st\u016bmimo bei traukimo j\u0117gas, idealiai tinkan\u010dias sunkioms ir sud\u0117tingoms u\u017eduotims atlikti.<\/li>\n<li><strong>Tip\u0173 \u012fvairov\u0117:<\/strong> Galima \u012fsigyti tiek vienpusio veikimo (hidraulikos naudojimas viena kryptimi), tiek dvipusio veikimo (hidraulikos naudojimas abiem kryptimis) konfig\u016bracij\u0173, kad b\u016bt\u0173 galima patenkinti \u012fvairius eksploatavimo poreikius. Kai kurie modeliai yra teleskopiniai, tod\u0117l juos galima labiau i\u0161tiesti nedidinant i\u0161orini\u0173 matmen\u0173, tod\u0117l jie tinka naudoti ribotoje erdv\u0117je.<\/li>\n<li><strong>Tikslioji in\u017einerija:<\/strong> Konstrukcija apima tiksl\u0173 apdirbim\u0105, siekiant didesnio efektyvumo ir patikimumo, tod\u0117l produktas veikia nuosekliai esant skirtingoms apkrovoms ir s\u0105lygoms.<\/li>\n<li><strong>Pritaikomi sprendimai:<\/strong> Galime pagaminti \u0161\u012f gamin\u012f, kuris puikiai pakeis esamus hidraulinius cilindrus, atsi\u017evelgdami \u012f konkre\u010dius reikalavimus ir specifikacijas.<\/li>\n<\/ul>\n<p><img decoding=\"async\" src=\"https:\/\/www.hydraulic-cylinders.net\/wp-content\/uploads\/2025\/04\/songte-cylinder-head-with-all-kinds-excavator-models.webp\" alt=\"Ekskavatoriaus modelio suderinamumas\"><\/p>\n<h2>Str\u0117l\u0117s cilindro pritaikymas<\/h2>\n<h3>Statybin\u0117 \u012franga<\/h3>\n<p>Ekskavatoriuose str\u0117l\u0117s cilindras yra labai svarbus kasant, kraunant ir perkeliant grunt\u0105 ar \u0161iuk\u0161les. Jis leid\u017eia kau\u0161ui efektyviai jud\u0117ti, tod\u0117l statybviet\u0117se galima atlikti tikslius darbus. Cilindro patikimumas u\u017etikrina, kad ekskavatorius i\u0161likt\u0173 darbingas ir susidorot\u0173 su sunki\u0173 krovini\u0173 k\u0117limo bei manevravimo reikalavimais.<\/p>\n<h3>\u017dem\u0117s \u016bkio technika<\/h3>\n<p>Priekini\u0173 krautuv\u0173 str\u0117l\u0117s cilindras atlieka gyvybi\u0161kai svarb\u0173 vaidmen\u012f semiant, keliant ir transportuojant dirvo\u017eem\u012f, \u0161ien\u0105 ir kitas med\u017eiagas. Jo geb\u0117jimas valdyti didelius krovinius padidina na\u0161um\u0105 \u016bkiuose, leisdamas operatoriams atlikti u\u017eduotis greitai ir efektyviai, taip pagerinant bendr\u0105 darbo eig\u0105.<\/p>\n<h3>Kasimo ma\u0161inos<\/h3>\n<p>Ekskavatoriuose kau\u0161o cilindras palengvina kasimo veiksm\u0105, leisdamas kau\u0161ui efektyviai \u012fsiskverbti \u012f \u017eem\u0119. \u0160is hidraulinis mechanizmas u\u017etikrina, kad sunkios med\u017eiagos b\u016bt\u0173 lengvai i\u0161kasamos ir transportuojamos, tod\u0117l jis yra nepakei\u010diamas \u017eem\u0117s kasimo ma\u0161in\u0173 komponentas.<\/p>\n<h3>Krautuvai<\/h3>\n<p>Priekiniuose krautuvuose str\u0117l\u0117s cilindrai padeda efektyviai kelti ir i\u0161versti krovinius. Tvirta j\u0173 konstrukcija u\u017etikrina saug\u0173 sunki\u0173 med\u017eiag\u0173 tvarkym\u0105, palengvina darb\u0105 ir suma\u017eina \u012frangos gedimo rizik\u0105 atliekant svarbias k\u0117limo operacijas.<\/p>\n<h2>Projektavimo aspektai ir atrankos kriterijai<\/h2>\n<h3>Keliamoji galia<\/h3>\n<p>Str\u0117l\u0117s cilindro keliamoji galia yra labai svarbus aspektas. Jis turi b\u016bti suprojektuotas taip, kad atlaikyt\u0173 maksimali\u0105 apkrov\u0105, numatom\u0105 eksploatacijos metu, be gedimo rizikos. In\u017einieriai turi atsi\u017evelgti \u012f keliam\u0173 med\u017eiag\u0173 svor\u012f ir dinamines j\u0117gas, atsirandan\u010dias eksploatacijos metu. Tai u\u017etikrina, kad cilindras gal\u0117t\u0173 saugiai veikti esant dideliam \u012ftempiui.<\/p>\n<h3>Sandarinimo efektyvumas<\/h3>\n<p>Sandarumas yra labai svarbus hidraulini\u0173 cilindr\u0173 ilgaam\u017ei\u0161kumui ir efektyvumui. Tinkamas sandarinimas apsaugo nuo hidraulinio skys\u010dio nuot\u0117kio, palaikydamas sistemos sl\u0117g\u012f ir na\u0161um\u0105. Auk\u0161tos kokyb\u0117s sandarikli\u0173, pagamint\u0173 i\u0161 patvari\u0173 med\u017eiag\u0173, toki\u0173 kaip poliuretanas arba nitrilo kau\u010diukas, pasirinkimas gali \u017eymiai padidinti cilindro patikimum\u0105, ypa\u010d sud\u0117tingomis s\u0105lygomis.<\/p>\n<h3>Patvarumas<\/h3>\n<p>Patvarumas yra labai svarbus veiksnys projektuojant str\u0117l\u0117s cilindrus. Jie turi atlaikyti at\u0161iaurias aplinkos s\u0105lygas, \u012fskaitant ne\u0161varumus, \u0161iuk\u0161les ir ekstremalias oro s\u0105lygas. Gerai suprojektuotas cilindras pasi\u017eym\u0117s tvirta konstrukcija ir apsaugin\u0117mis dangomis, kurios atsparios dilimui ir korozijai, u\u017etikrindamos ilgesn\u012f tarnavimo laik\u0105 ir suma\u017eindamos prie\u017ei\u016bros i\u0161laidas.<\/p>\n<h3>Saugos funkcijos<\/h3>\n<p>Saugumas yra svarbiausias dalykas bet kurioje hidraulin\u0117je sistemoje. Str\u0117l\u0117s cilindro konstrukcija turi apimti funkcijas, kurios apsaugo nuo atsitiktinio jud\u0117jimo ir u\u017etikrina operatoriaus saugum\u0105. Tai gali b\u016bti sl\u0117gio ma\u017einimo vo\u017etuvai ir saugos mechanizmai, kurie \u012fsijungia sistemos gedimo atveju, u\u017etikrindami papildom\u0105 apsaug\u0105 eksploatacijos metu.<\/p>\n<h3>Prieinamumas prie prie\u017ei\u016bros<\/h3>\n<p>Hidraulinio cilindro ilgaam\u017ei\u0161kumui labai svarbu, kad b\u016bt\u0173 u\u017etikrinta prieiga prie technin\u0117s prie\u017ei\u016bros. Tai tur\u0117t\u0173 u\u017etikrinti lengv\u0105 prieig\u0105 prie svarbiausi\u0173 komponent\u0173 ap\u017ei\u016brai, tepimui ir keitimui. Projektuojant, atsi\u017evelgiant \u012f technin\u0119 prie\u017ei\u016br\u0105, galima gerokai suma\u017einti prastovas ir eksploatavimo i\u0161laidas, u\u017etikrinant optimali\u0105 ma\u0161in\u0173 b\u016bkl\u0119.<\/p>\n<p><img decoding=\"async\" src=\"https:\/\/www.hydraulic-cylinders.net\/wp-content\/uploads\/2025\/04\/songte-oil-pipes-and-spare-parts.webp\" alt=\"Hidraulini\u0173 cilindr\u0173 dalys\"><\/p>\n<h2>Sandarinimas ir tepimas<\/h2>\n<p>Efektyvus sandarinimas ir tepimas yra neatsiejama str\u0117l\u0117s cilindro veikimo dalis. Siekiant i\u0161vengti skys\u010di\u0173 nuot\u0117kio ir palaikyti sl\u0117g\u012f, naudojami \u012fvair\u016bs sandarinimo elementai, \u012fskaitant st\u016bmokli\u0173 ir stryp\u0173 sandariklius. Patvari\u0173 med\u017eiag\u0173, toki\u0173 kaip poliuretanas ir nitrilo kau\u010diukas, pasirinkimas gali padidinti atsparum\u0105 dilimui. Be to, cilindro korpusas ir srieginiai galiniai pavir\u0161iai yra kruop\u0161\u010diai apdorojami, kad padid\u0117t\u0173 atsparumas dilimui. Reguliarus tepimas hidrauline alyva yra b\u016btinas siekiant u\u017etikrinti skland\u0173 veikim\u0105 ir i\u0161vengti judan\u010di\u0173 dali\u0173 susid\u0117v\u0117jimo, o tai yra b\u016btina norint laikui b\u0117gant i\u0161laikyti optimal\u0173 na\u0161um\u0105.<\/p>\n<h2>Reguliarios patikros ir prevencin\u0117s prie\u017ei\u016bros priemon\u0117s<\/h2>\n<ul>\n<li><strong>Vizualiniai patikrinimai:<\/strong> Reguliariai vizualiai ap\u017ei\u016brint str\u0117l\u0117s cilindr\u0105, galima nustatyti susid\u0117v\u0117jimo, nuot\u0117ki\u0173 ar pa\u017eeidim\u0173 po\u017eymius. Ankstyvas problem\u0173 sprendimas gali pad\u0117ti i\u0161vengti didesni\u0173 gedim\u0173.<\/li>\n<li><strong>Tepimo patikrinimai:<\/strong> \u012esitikinkite, kad cilindras yra tinkamai suteptas pagal gamintojo specifikacijas. Nepakankamas sutepimas gali padidinti susid\u0117v\u0117jim\u0105 ir prie\u0161laikin\u012f gedim\u0105.<\/li>\n<li><strong>Sandariklio keitimas:<\/strong> Reguliariai tikrinkite ir prireikus keiskite sandariklius, kad i\u0161laikytum\u0117te hidraulin\u012f vientisum\u0105. Susid\u0117v\u0117j\u0119 sandarikliai gali sukelti skys\u010di\u0173 nuot\u0117k\u012f ir suma\u017einti efektyvum\u0105.<\/li>\n<\/ul>\n<h2>\u012erengimo gair\u0117s<\/h2>\n<p>Tinkamas str\u0117l\u0117s cilindro montavimas yra labai svarbus optimaliam veikimui. Prie\u0161 montuodami \u012fsitikinkite, kad visi komponentai yra \u0161var\u016bs ir be ter\u0161al\u0173. Pirmiausia teisingai sulygiuokite cilindr\u0105 su tvirtinimo laikikliais, naudodami tinkamus tvirtinimo \u012ftaisus, kad j\u012f pritvirtintum\u0117te. Priver\u017edami var\u017etus, b\u016btina laikytis gamintojo nurodyt\u0173 sukimo momento nurodym\u0173, kad u\u017etikrintum\u0117te tvirt\u0105 pritvirtinim\u0105. Be to, patikrinkite hidraulini\u0173 linij\u0173 sulygiavim\u0105 ir \u012fsitikinkite, kad jos n\u0117ra sulenktos ar pa\u017eeistos. Po montavimo atlikite i\u0161sam\u0173 patikrinim\u0105 ir i\u0161bandykite sistem\u0105 esant \u017eemam sl\u0117giui, kad prie\u0161 naudodami \u012fsitikintum\u0117te, jog sistema yra vientisa. Reguliar\u016bs tolesni patikrinimai gali pad\u0117ti u\u017etikrinti nuolatin\u012f veikim\u0105 ir saug\u0105.<\/p>\n<h2>\u012eprastos prie\u017ei\u016bros u\u017eduotys<\/h2>\n<ul>\n<li><strong>Reguliar\u016bs patikrinimai:<\/strong> Reguliariai atlikti patikrinimus yra labai svarbu norint nustatyti galimas problemas, kol jos nepa\u016bm\u0117jo. Eksploatacijos metu ie\u0161kokite susid\u0117v\u0117jimo po\u017eymi\u0173, nuot\u0117ki\u0173 ar ne\u012fprast\u0173 gars\u0173. \u0160iuos patikrinimus reikia atlikti reguliariai, siekiant u\u017etikrinti, kad cilindras veikt\u0173 saugiai ir efektyviai.<\/li>\n<li><strong>Tinkamas tepimas:<\/strong> Tinkamas tepimas yra labai svarbus str\u0117l\u0117s cilindro ilgaam\u017ei\u0161kumui. \u012esitikinkite, kad hidraulin\u0117s alyvos lygis yra rekomenduojamas ir jos klampumas tinkamas. Reguliariai tikrinkite ir pri\u017ei\u016br\u0117kite tepimo ta\u0161kus, kad suma\u017eintum\u0117te trint\u012f ir vidini\u0173 komponent\u0173 susid\u0117v\u0117jim\u0105.<\/li>\n<li><strong>Sandariklio keitimas:<\/strong> Reguliariai steb\u0117kite sandarikli\u0173 b\u016bkl\u0119. Susid\u0117v\u0117j\u0119 arba pa\u017eeisti sandarikliai gali sukelti skys\u010di\u0173 nuot\u0117k\u012f ir pakenkti hidrauliniam na\u0161umui. Nustatykite reguliar\u0173 sandarikli\u0173 keitimo grafik\u0105, kad i\u0161laikytum\u0117te optimal\u0173 veikim\u0105 ir i\u0161vengtum\u0117te brangi\u0173 prastov\u0173.<\/li>\n<\/ul>\n<p>Teisingas montavimas, tepimas ir suderinimas yra labai svarb\u016bs siekiant u\u017etikrinti str\u0117l\u0117s cilindro ilgaam\u017ei\u0161kum\u0105 ir veikim\u0105. Naudokite tinkamus tvirtinimo laikiklius, kad tvirtai pritvirtintum\u0117te cilindr\u0105, ir laikykit\u0117s gamintojo prie\u017ei\u016bros bei remonto nurodym\u0173. Proaktyvi prie\u017ei\u016bros praktika gali \u017eymiai pailginti hidraulini\u0173 sistem\u0173 tarnavimo laik\u0105 ir efektyvum\u0105.<\/p>\n<p><img decoding=\"async\" src=\"https:\/\/www.hydraulic-cylinders.net\/wp-content\/uploads\/2025\/04\/songte-chushion-collar.webp\" alt=\"Pagalv\u0117l\u0117s apykakl\u0117\"><\/p>\n<h2>Saugos aspektai ir aplinkos veiksniai<\/h2>\n<p>Naudojant str\u0117l\u0117s cilindrus, saugos priemon\u0117s yra nepaprastai svarbios siekiant u\u017etikrinti operatori\u0173 ir aplinkini\u0173 darbuotoj\u0173 gerov\u0119. B\u016btinas tinkamas hidraulini\u0173 ma\u0161in\u0173 valdymo mokymas ir grie\u017etai laikomasi vis\u0173 saugos protokol\u0173. Tai apima asmenini\u0173 apsaugos priemoni\u0173 (AAP) naudojim\u0105 ir saugaus darbo proced\u016br\u0173 laikym\u0105si. Taip pat reik\u0117t\u0173 atsi\u017evelgti \u012f aplinkos veiksnius, u\u017etikrinant, kad naudojami hidrauliniai skys\u010diai b\u016bt\u0173 nekenksmingi aplinkai, ir kad bet koks i\u0161siliejimas b\u016bt\u0173 nedelsiant tvarkomas, siekiant kuo labiau suma\u017einti poveik\u012f ekologijai.<\/p>\n<h2>Gedim\u0173 diagnostika ir da\u017eniausios problemos<\/h2>\n<ul>\n<li><strong>Nuot\u0117kio problemos:<\/strong> Skys\u010di\u0173 nuot\u0117kis gali rodyti susid\u0117v\u0117jusius sandariklius arba pa\u017eeistus komponentus. Reguliarus patikrinimas ir savalaikis remontas gali veiksmingai i\u0161spr\u0119sti \u0161ias problemas.<\/li>\n<li><strong>Netolygus jud\u0117jimas:<\/strong> Jei str\u0117l\u0117s cilindras veikia netolygiai, tai gali rodyti or\u0105 hidraulin\u0117je sistemoje arba netinkam\u0105 skys\u010di\u0173 lyg\u012f. Sistemos nuorinimas ir skys\u010di\u0173 lygio patikrinimas gali i\u0161spr\u0119sti \u0161i\u0105 problem\u0105.<\/li>\n<li><strong>Per didelis triuk\u0161mas:<\/strong> Ne\u012fprasti garsai veikimo metu gali rodyti vidines problemas. Patikrinimas, ar n\u0117ra atsilaisvinusi\u0173 komponent\u0173 ar susid\u0117v\u0117jimo po\u017eymi\u0173, gali pad\u0117ti nustatyti pagrindin\u0119 prie\u017east\u012f.<\/li>\n<\/ul>\n<h2>Trik\u010di\u0173 \u0161alinimo patarimai<\/h2>\n<p>Norint efektyviai diagnozuoti gedimus, reguliariai vertinkite cilindro veikim\u0105 ir u\u017eregistruokite visus pa\u017eeidimus. Jei aptinkama nuot\u0117ki\u0173, pirmiausia patikrinkite sandariklius ir jungtis. Nor\u0117dami pa\u0161alinti netolyg\u0173 jud\u0117jim\u0105, \u012fsitikinkite, kad hidraulinio skys\u010dio lygis yra tinkamas, ir i\u0161leiskite sistem\u0105 i\u0161 sistemos, kad pa\u0161alintum\u0117te vis\u0105 \u012fstrigus\u012f or\u0105. D\u0117l per didelio triuk\u0161mo pa\u0161alinkite agregat\u0105, ar n\u0117ra atsilaisvinusi\u0173 dali\u0173, ir prireikus jas priver\u017ekite. Prevencin\u0117s priemon\u0117s, tokios kaip planin\u0117 technin\u0117 prie\u017ei\u016bra ir savalaikis remontas, gali \u017eymiai suma\u017einti \u0161i\u0173 problem\u0173 tikimyb\u0119.<\/p>\n<p><img decoding=\"async\" src=\"https:\/\/www.hydraulic-cylinders.net\/wp-content\/uploads\/2025\/04\/songte-bushings-with-all-kinds-of-excavator-models.webp\" alt=\"Ekskavatoriaus \u012fvor\u0117s\"><\/p>\n<h2>Apie m\u016bs\u0173 \u012fmon\u0119<\/h2>\n<p>Esame pirmaujantis pakaitini\u0173 hidraulini\u0173 cilindr\u0173 gamintojas, si\u016blantis plat\u0173 gamini\u0173 asortiment\u0105, kuris leido mums tapti vienais i\u0161 pirmaujan\u010di\u0173 tiek\u0117j\u0173 tiek vidaus, tiek tarptautin\u0117se rinkose. M\u016bs\u0173 \u012fsipareigojim\u0105 siekti nepriekai\u0161tingos kokyb\u0117s palaiko rafinuota gamybos valdymo strategija, pasitelkiant pa\u017eangius techninius talentus, auk\u0161\u010diausios klas\u0117s skaitmenin\u0119 gamybos \u012frang\u0105 ir profesionalias testavimo sistemas. \u0160is d\u0117mesys inovacijoms ir kokybei u\u017etikrina, kad nuolat tenkiname \u012fvairius m\u016bs\u0173 klient\u0173 poreikius.<\/p>\n<p>M\u016bs\u0173 patirtis apima ir individualiai pritaikyt\u0173 sprendim\u0173, pritaikyt\u0173 konkretiems veiklos reikalavimams, teikim\u0105. Turime tarptautinius sertifikatus ir taikome grie\u017etus kokyb\u0117s kontrol\u0117s procesus, u\u017etikrindami, kad m\u016bs\u0173 produktai atitikt\u0173 pasaulinius standartus. Be to, m\u016bs\u0173 gamybos \u012frenginiai apr\u016bpinti pa\u017eangiausiomis technologijomis, kurios didina gamybos efektyvum\u0105 ir tikslum\u0105. Kartu su tvirta garantinio aptarnavimo paslauga esame pasiry\u017e\u0119 kurti ilgalaikius santykius su savo klientais, teikdami patikimas paslaugas ir auk\u0161tos kokyb\u0117s produktus.<\/p>\n<p><img decoding=\"async\" src=\"https:\/\/www.hydraulic-cylinders.net\/wp-content\/uploads\/2025\/04\/songte-company-4.webp\" alt=\"\u012emon\u0117s ap\u017evalga\"><br \/>\n<img decoding=\"async\" src=\"https:\/\/www.hydraulic-cylinders.net\/wp-content\/uploads\/2025\/04\/songte-company-3.webp\" alt=\"Gamybos \u012fmon\u0117\"><\/p>\n<p>Autorius: lyl<\/p>","protected":false},"excerpt":{"rendered":"<p>Boom Cylinder For Sinomach ZG3210-9C Product Overview The Boom Cylinder for Sinomach ZG3210-9C is a hydraulic cylinder specifically designed to control the movement of the bucket in various heavy machinery such as excavators, backhoe loaders, and front loaders. This robust component enables the operator to lift, lower, and tilt the bucket, facilitating efficient material handling [&hellip;]<\/p>","protected":false},"featured_media":17870,"comment_status":"open","ping_status":"closed","template":"","meta":{"_et_pb_use_builder":"","_et_pb_old_content":"","_et_gb_content_width":""},"product_brand":[],"product_cat":[1546],"product_tag":[1547,1496],"class_list":{"0":"post-19697","1":"product","2":"type-product","3":"status-publish","4":"has-post-thumbnail","6":"product_cat-boom-cylinders","7":"product_tag-boom-cylinders","8":"product_tag-hydraulic-cylinders","10":"first","11":"instock","12":"shipping-taxable","13":"product-type-simple"},"amp_enabled":true,"_links":{"self":[{"href":"https:\/\/www.hydraulic-cylinders.net\/lt\/wp-json\/wp\/v2\/product\/19697","targetHints":{"allow":["GET"]}}],"collection":[{"href":"https:\/\/www.hydraulic-cylinders.net\/lt\/wp-json\/wp\/v2\/product"}],"about":[{"href":"https:\/\/www.hydraulic-cylinders.net\/lt\/wp-json\/wp\/v2\/types\/product"}],"replies":[{"embeddable":true,"href":"https:\/\/www.hydraulic-cylinders.net\/lt\/wp-json\/wp\/v2\/comments?post=19697"}],"wp:featuredmedia":[{"embeddable":true,"href":"https:\/\/www.hydraulic-cylinders.net\/lt\/wp-json\/wp\/v2\/media\/17870"}],"wp:attachment":[{"href":"https:\/\/www.hydraulic-cylinders.net\/lt\/wp-json\/wp\/v2\/media?parent=19697"}],"wp:term":[{"taxonomy":"product_brand","embeddable":true,"href":"https:\/\/www.hydraulic-cylinders.net\/lt\/wp-json\/wp\/v2\/product_brand?post=19697"},{"taxonomy":"product_cat","embeddable":true,"href":"https:\/\/www.hydraulic-cylinders.net\/lt\/wp-json\/wp\/v2\/product_cat?post=19697"},{"taxonomy":"product_tag","embeddable":true,"href":"https:\/\/www.hydraulic-cylinders.net\/lt\/wp-json\/wp\/v2\/product_tag?post=19697"}],"curies":[{"name":"wp","href":"https:\/\/api.w.org\/{rel}","templated":true}]}}