{"id":19699,"date":"2025-04-07T07:02:28","date_gmt":"2025-04-07T07:02:28","guid":{"rendered":"https:\/\/www.hydraulic-cylinders.net\/product\/boom-cylinder-for-sinomach-zg3065-9b\/"},"modified":"2025-04-07T07:02:31","modified_gmt":"2025-04-07T07:02:31","slug":"boom-cylinder-for-sinomach-zg3065-9b","status":"publish","type":"product","link":"https:\/\/www.hydraulic-cylinders.net\/lt\/produktas\/boom-cylinder-for-sinomach-zg3065-9b\/","title":{"rendered":"Str\u0117l\u0117s cilindras, skirtas \u201eSinomach ZG3065-9B\u201c"},"content":{"rendered":"<h1>Str\u0117l\u0117s cilindras, skirtas \u201eSinomach ZG3065-9B\u201c<\/h1>\n<h2>Kau\u0161o cilindro apibr\u0117\u017eimas ir ap\u017evalga<\/h2>\n<p>Str\u0117l\u0117s cilindras, paprastai vadinamas kau\u0161o cilindru, yra labai svarbus hidraulini\u0173 sistem\u0173 komponentas, specialiai sukurtas valdyti kau\u0161\u0173 jud\u0117jim\u0105 \u012fvairiose sunkiosiose ma\u0161inose, tokiose kaip ekskavatoriai, ekskavatoriniai krautuvai ir frontaliniai krautuvai. \u0160is hidraulinis cilindras leid\u017eia kau\u0161ui pakelti, nuleisti ir pakreipti, taip palengvindamas efektyv\u0173 med\u017eiag\u0173 tvarkym\u0105. Str\u0117l\u0117s cilindro funkcionalumas yra labai svarbus sunkiosios \u012frangos valdymui, nes jis panaudoja hidraulin\u012f sl\u0117g\u012f, kad b\u016bt\u0173 u\u017etikrinta reikiama j\u0117ga sunkiems kroviniams tiksliai perkelti.<\/p>\n<p>In hydraulic systems, the boom cylinder plays a vital role by converting hydraulic energy into mechanical energy, allowing operators to execute complex tasks with ease. This cylinder is engineered to withstand high pressures and heavy loads, ensuring durability and reliability in demanding environments. Its design accounts for wear resistance and corrosion protection, which extends the product&#8217;s lifespan and maintains optimal performance even under harsh conditions.<\/p>\n<p><img decoding=\"async\" src=\"https:\/\/www.hydraulic-cylinders.net\/wp-content\/uploads\/2025\/04\/songte-company-1.webp\" alt=\"Sinomach ZG3065-9B str\u0117l\u0117s cilindras\"><\/p>\n<h2>Str\u0117l\u0117s cilindro savyb\u0117s<\/h2>\n<ul>\n<li>\n<h3>Didelis stiprumas ir ilgaam\u017ei\u0161kumas<\/h3>\n<p>Paprastai pagamintas i\u0161 didelio stiprumo plieno arba aliuminio, \u0161is cilindras gali atlaikyti didel\u012f sl\u0117g\u012f ir dideles apkrovas, tod\u0117l tinka at\u0161iaurioms darbo aplinkoms. Jo konstrukcijoje integruotos atsparumo dilimui ir antikorozin\u0117s savyb\u0117s, kurios prailgina jo tarnavimo laik\u0105.<\/li>\n<li>\n<h3>Efektyvus hidraulinis valdymas<\/h3>\n<p>Str\u0117l\u0117s cilindras naudoja hidraulin\u0117s alyvos sl\u0117g\u012f, kad str\u0117l\u0117 skland\u017eiai i\u0161skleist\u0173 ir atitraukt\u0173 str\u0117l\u0119, greitai reaguot\u0173 \u012f operatoriaus komandas ir u\u017etikrint\u0173 galingas st\u016bmimo bei traukimo galimybes, idealiai tinkan\u010dias sunkioms ir sud\u0117tingoms u\u017eduotims atlikti.<\/li>\n<li>\n<h3>\u012evair\u016bs tipai<\/h3>\n<p>Galima \u012fsigyti vienpusio veikimo (veikian\u010dio viena kryptimi) ir dvipusio veikimo (veikian\u010dio abiem kryptimis) konfig\u016bracij\u0173, kad b\u016bt\u0173 patenkinti \u012fvair\u016bs eksploatavimo poreikiai. Kai kurie modeliai yra teleskopiniai, tod\u0117l juos galima labiau i\u0161tiesti nedidinant i\u0161orini\u0173 matmen\u0173, tod\u0117l jie tinka naudoti ribotoje erdv\u0117je.<\/li>\n<li>\n<h3>Pa\u017eangus dizainas<\/h3>\n<p>Tiksliai suprojektuotas str\u0117l\u0117s cilindras, u\u017etikrinantis optimal\u0173 na\u0161um\u0105 ir patikimum\u0105, gaminamas laikantis grie\u017et\u0173 kokyb\u0117s kontrol\u0117s proces\u0173, kad atitikt\u0173 pramon\u0117s standartus.<\/li>\n<li>\n<h3>I\u0161samios pakeitimo galimyb\u0117s<\/h3>\n<p>M\u016bs\u0173 gaminiai gali puikiai pakeisti esamus hidraulinius cilindrus, u\u017etikrindami j\u016bs\u0173 ma\u0161in\u0173 suderinamum\u0105 ir na\u0161umo pastovum\u0105.<\/h3>\n<\/li>\n<\/ul>\n<p><img decoding=\"async\" src=\"https:\/\/www.hydraulic-cylinders.net\/wp-content\/uploads\/2025\/04\/songte-cylinder-head-with-all-kinds-excavator-models.webp\" alt=\"Str\u0117l\u0117s cilindro keitimo parinktys\"><\/p>\n<h2>Str\u0117l\u0117s cilindro pritaikymas<\/h2>\n<h3>Statybin\u0117 \u012franga<\/h3>\n<p>Ekskavatoriuose str\u0117l\u0117s cilindrai yra b\u016btini kasant, kraunant ir perkeliant \u017eem\u0119 ar \u0161iuk\u0161les. Jie u\u017etikrina reikiam\u0105 hidraulin\u0119 j\u0117g\u0105, kad kau\u0161as gal\u0117t\u0173 efektyviai \u012fsiskverbti \u012f \u017eem\u0119. Ekskavatoriuose-krautuvuose \u0161ie cilindrai padeda ne tik kasant, bet ir k\u0117limo operacijose, tod\u0117l jie yra universal\u016bs \u012frankiai statybos projektuose.<\/p>\n<h3>\u017dem\u0117s \u016bkio technika<\/h3>\n<p>In front-end loaders, boom cylinders play a crucial role in scooping, lifting, and transporting soil, hay, and other materials. They enhance the loader&#8217;s capability to handle various agricultural tasks efficiently, whether it&#8217;s moving feed, clearing debris, or leveling ground.<\/p>\n<h3>Ekskavatoriai<\/h3>\n<p>Ekskavatoriuose str\u0117l\u0117s cilindras leid\u017eia kau\u0161ui \u012fsiskverbti \u012f dirv\u0105, tod\u0117l galima efektyviai kasti. \u0160i funkcija yra labai svarbi statybos ir kra\u0161tovaizd\u017eio tvarkymo projektuose, kur norint u\u017etikrinti projekto vientisum\u0105, reikia tiksliai atlikti kasimo darbus.<\/p>\n<h3>Krautuvai<\/h3>\n<p>Priekiniuose krautuvuose str\u0117l\u0117s cilindrai padeda efektyviai pakelti ir i\u0161versti krovinius. Jie skirti \u012fvairi\u0173 tip\u0173 med\u017eiagoms kelti ir valdyti, u\u017etikrinant reikiam\u0105 tvirtum\u0105, kad b\u016bt\u0173 galima valdyti sunkius krovinius \u012fvairiose srityse \u2013 nuo \u200b\u200bstatyb\u0173 iki atliek\u0173 tvarkymo.<\/p>\n<h2>Projektavimo aspektai ir atrankos kriterijai<\/h2>\n<h3>Keliamoji galia<\/h3>\n<p>Str\u0117l\u0117s cilindro keliamoji galia yra nepaprastai svarbi siekiant u\u017etikrinti, kad jis atlaikyt\u0173 darbo metu susidarant\u012f svor\u012f ir sl\u0117g\u012f. In\u017einieriai turi atsi\u017evelgti \u012f maksimal\u0173 svor\u012f, kur\u012f cilindras gali pakelti, ir atitinkamai j\u012f suprojektuoti, kad b\u016bt\u0173 i\u0161vengta gedim\u0173 esant didel\u0117ms apkrovoms.<\/p>\n<h3>Sandarumo vientisumas<\/h3>\n<p>Effective sealing is crucial to prevent hydraulic fluid leaks, which can compromise the cylinder&#8217;s performance. The inclusion of high-quality seals, such as piston and rod seals made from durable materials, ensures longevity and reliability in hydraulic operations.<\/p>\n<h3>Patvarumas ir atsparumas dilimui<\/h3>\n<p>Str\u0117l\u0117s cilindr\u0173 gamyboje naudojamos med\u017eiagos turi b\u016bti atsparios nusid\u0117v\u0117jimui. Da\u017enas naudojimas sud\u0117tingomis s\u0105lygomis reikalauja tvirtos konstrukcijos, kuri atlaikyt\u0173 abrazyvines s\u0105lygas ir ilgalaik\u012f at\u0161iauri\u0173 element\u0173 poveik\u012f.<\/p>\n<h3>Saugos funkcijos<\/h3>\n<p>Projektuojant str\u0117l\u0117s cilindrus su saugos funkcijomis, tokiomis kaip sl\u0117gio ma\u017einimo vo\u017etuvai, u\u017etikrinama, kad cilindras veikt\u0173 saugiose ribose. Tai suma\u017eina nelaiming\u0173 atsitikim\u0173 rizik\u0105 ir padidina bendr\u0105 mechanizm\u0173, kuriuose jis sumontuotas, saug\u0105.<\/p>\n<h3>Prieinamumas prie prie\u017ei\u016bros<\/h3>\n<p>Projektavimo etape labai svarbu atsi\u017evelgti \u012f technin\u0117s prie\u017ei\u016bros prieinamum\u0105. Komponentai tur\u0117t\u0173 b\u016bti i\u0161d\u0117styti taip, kad juos b\u016bt\u0173 lengva pasiekti atliekant patikrinimus, remont\u0105 ir keitim\u0105, u\u017etikrinant, kad technin\u0117s prie\u017ei\u016bros u\u017eduotys b\u016bt\u0173 atliekamos efektyviai ir veiksmingai.<\/p>\n<p><img decoding=\"async\" src=\"https:\/\/www.hydraulic-cylinders.net\/wp-content\/uploads\/2025\/04\/songte-oil-pipes-and-spare-parts.webp\" alt=\"Str\u0117l\u0117s cilindro konstrukcijos aspektai\"><\/p>\n<h2>Sandarinimas ir tepimas<\/h2>\n<p>Efektyvus sandarinimas pasiekiamas naudojant \u012fvairius sandarinimo komponentus, tokius kaip st\u016bmokli\u0173 ir kot\u0173 sandarikliai, kurie yra b\u016btini palaikant hidraulin\u012f sl\u0117g\u012f. Pasirinkus sandariklius, pagamintus i\u0161 patvari\u0173 med\u017eiag\u0173, toki\u0173 kaip poliuretanas ir nitrilo kau\u010diukas, padid\u0117ja atsparumas dilimui ir ilgaam\u017ei\u0161kumas. Cilindro korpusas ir srieginiai galiniai pavir\u0161iai yra tiksliai apdirbami, siekiant pagerinti atsparum\u0105 dilimui.<\/p>\n<p>Reguliarus tepimas hidrauline alyva yra labai svarbus skland\u017eiam str\u0117l\u0117s cilindro veikimui. Periodi\u0161kai reikia \u012fpurk\u0161ti pakankam\u0105 kiek\u012f hidraulinio skys\u010dio, kad visos judan\u010dios dalys b\u016bt\u0173 suteptos, suma\u017e\u0117t\u0173 trintis ir b\u016bt\u0173 i\u0161vengta prie\u0161laikinio susid\u0117v\u0117jimo.<\/p>\n<h2>Prevencin\u0117s prie\u017ei\u016bros priemon\u0117s<\/h2>\n<ul>\n<li>\n<h3>Reguliar\u016bs patikrinimai<\/h3>\n<p>Reguliar\u016bs str\u0117l\u0117s cilindro patikrinimai padeda nustatyti galimas problemas, kol jos nepa\u016bm\u0117jo. Tai apima nuot\u0117ki\u0173, nenormalaus susid\u0117v\u0117jimo ir eksploatacini\u0173 savybi\u0173 patikrinim\u0105.<\/h3>\n<\/li>\n<li>\n<h3>Tinkamas tepimas<\/h3>\n<p>Norint u\u017etikrinti skland\u0173 veikim\u0105 ir pailginti komponento tarnavimo laik\u0105, labai svarbu u\u017etikrinti, kad cilindras b\u016bt\u0173 tinkamai suteptas tinkamo tipo hidrauline alyva.<\/h3>\n<\/li>\n<li>\n<h3>Sandariklio keitimas<\/h3>\n<p>Laikui b\u0117gant, sandarikliai gali susid\u0117v\u0117ti ir juos reik\u0117s keisti. Reguliar\u016bs patikrinimai ir savalaikis keitimas gali pad\u0117ti i\u0161vengti nuot\u0117ki\u0173 ir i\u0161laikyti efektyv\u0173 veikim\u0105.<\/h3>\n<\/li>\n<\/ul>\n<h2>\u012erengimo gair\u0117s<\/h2>\n<p>Tinkamas str\u0117l\u0117s cilindro montavimas yra labai svarbus jo veikimui. Pirmiausia \u012fsitikinkite, kad darbo vieta yra \u0161vari ir joje n\u0117ra \u0161iuk\u0161li\u0173. Tiksliai sulygiuokite cilindr\u0105 su mechanizmo tvirtinimo ta\u0161kais, kad i\u0161vengtum\u0117te nesuderinamumo, kuris gali sukelti prie\u0161laikin\u012f susid\u0117v\u0117jim\u0105. Naudokite tinkamus tvirtinimo laikiklius, kad tvirtai pritvirtintum\u0117te cilindr\u0105 vietoje.<\/p>\n<p>Follow the manufacturer&#8217;s specifications regarding torque settings and connection types to ensure a secure installation. After installation, verify the alignment and ensure that all hydraulic connections are tight. Start the machine and conduct a test run to confirm that the cylinder operates smoothly without leaks.<\/p>\n<h2>\u012eprastos prie\u017ei\u016bros u\u017eduotys<\/h2>\n<ul>\n<li>\n<h3>Reguliar\u016bs patikrinimai<\/h3>\n<p>Norint u\u017etikrinti nuolatin\u012f veikim\u0105, b\u016btina da\u017enai tikrinti str\u0117l\u0117s cilindr\u0105, ar n\u0117ra susid\u0117v\u0117jimo, nuot\u0117ki\u0173 ar kit\u0173 problem\u0173. Ankstyvas problem\u0173 nustatymas gali pad\u0117ti i\u0161vengti dideli\u0173 gedim\u0173 ir brangaus remonto.<\/h3>\n<\/li>\n<li>\n<h3>Tinkamas tepimas<\/h3>\n<p>B\u016btina reguliariai tepti cilindr\u0105 rekomenduojama hidrauline alyva. Tai suma\u017eina trint\u012f ir susid\u0117v\u0117jim\u0105, tod\u0117l pailgina hidraulin\u0117s sistemos tarnavimo laik\u0105.<\/h3>\n<\/li>\n<li>\n<h3>Sandariklio keitimas ir kalibravimas<\/h3>\n<p>Prireikus patikrinkite ir pakeiskite sandariklius, kad i\u0161laikytum\u0117te hidraulin\u012f vientisum\u0105. Reguliar\u016bs kalibravimo patikrinimai u\u017etikrina, kad cilindras veikt\u0173 pagal nurodytus parametrus, taip pagerindami na\u0161um\u0105 ir saug\u0105.<\/h3>\n<\/li>\n<\/ul>\n<p><img decoding=\"async\" src=\"https:\/\/www.hydraulic-cylinders.net\/wp-content\/uploads\/2025\/04\/songte-chushion-collar.webp\" alt=\"Str\u0117l\u0117s cilindro montavimo gair\u0117s\"><\/p>\n<h2>Saugos aspektai ir aplinkos veiksniai<\/h2>\n<p>Naudojant hidraulinius cilindrus, saugos priemon\u0117s yra nepaprastai svarbios. Operatoriai turi b\u016bti apmokyti tinkamai elgtis su \u012franga, u\u017etikrinant, kad jie laikyt\u0173si vis\u0173 saugos protokol\u0173. Tinkam\u0173 asmenini\u0173 apsaugos priemoni\u0173 (AAP) d\u0117v\u0117jimas ir eksploatavimo gairi\u0173 laikymasis gali \u017eymiai suma\u017einti nelaiming\u0173 atsitikim\u0173 ir su\u017ealojim\u0173 rizik\u0105 darbo vietoje.<\/p>\n<h2>Trik\u010di\u0173 \u0161alinimas ir da\u017eniausiai pasitaikan\u010dios problemos<\/h2>\n<ul>\n<li>\n<h3>Hidrauliniai nuot\u0117kiai<\/h3>\n<p>Nuot\u0117kiai gali atsirasti d\u0117l susid\u0117v\u0117jusi\u0173 sandarikli\u0173 arba pa\u017eeist\u0173 \u017earn\u0173. Greitas nuot\u0117ki\u0173 pa\u0161alinimas yra labai svarbus norint i\u0161laikyti na\u0161um\u0105 ir i\u0161vengti tolesn\u0117s \u017ealos.<\/h3>\n<\/li>\n<li>\n<h3>Prastas na\u0161umas<\/h3>\n<p>Jei cilindras nereaguoja taip, kaip tik\u0117tasi, tai gali rodyti or\u0105 hidraulin\u0117je sistemoje arba \u017eem\u0105 hidraulinio skys\u010dio lyg\u012f. Reguliar\u016bs patikrinimai gali pad\u0117ti i\u0161vengti \u0161ios problemos.<\/h3>\n<\/li>\n<li>\n<h3>Per didelis susid\u0117v\u0117jimas<\/h3>\n<p>Da\u017enos patikros gali atskleisti per didelio susid\u0117v\u0117jimo po\u017eymius, tod\u0117l laiku reikia atlikti technin\u0119 prie\u017ei\u016br\u0105, kad b\u016bt\u0173 i\u0161vengta tolesn\u0117s \u017ealos.<\/h3>\n<\/li>\n<\/ul>\n<p>\u012egyvendinant prevencines priemones ir atliekant reguliari\u0105 technin\u0119 prie\u017ei\u016br\u0105, galima suma\u017einti galimas problemas ir u\u017etikrinti efektyv\u0173 str\u0117l\u0117s cilindro veikim\u0105.<\/p>\n<p><img decoding=\"async\" src=\"https:\/\/www.hydraulic-cylinders.net\/wp-content\/uploads\/2025\/04\/songte-bushings-with-all-kinds-of-excavator-models.webp\" alt=\"Str\u0117l\u0117s cilindro trik\u010di\u0173 \u0161alinimas\"><\/p>\n<h2>Apie m\u016bs\u0173 \u012fmon\u0119<\/h2>\n<p>Esame gamintojas, kuris specializuojasi pakaitini\u0173 hidraulini\u0173 cilindr\u0173 gamyboje ir si\u016blo plat\u0173 gamini\u0173 asortiment\u0105. B\u016bdami vieni i\u0161 pirmaujan\u010di\u0173 hidraulini\u0173 cilindr\u0173 gamintoj\u0173 ir didmeninink\u0173 vidaus ir tarptautin\u0117se rinkose, esame \u012fsipareigoj\u0119 siekti nepriekai\u0161tingos kokyb\u0117s. M\u016bs\u0173 pramonin\u0117s gamybos valdymo strategija pabr\u0117\u017eia tiksli\u0105j\u0105 gamyb\u0105, kuri\u0105 palaiko techniniai talentai ir pa\u017eangios skaitmenin\u0117s gamybos \u012frangos naudojimas.<\/p>\n<p>Nuolatinis gamybos platform\u0173 ir produkt\u0173 kokyb\u0117s u\u017etikrinimo b\u016bd\u0173 tobulinimas atspindi m\u016bs\u0173 stiprius k\u016brybinius geb\u0117jimus, u\u017etikrinan\u010dius, kad \u012fvairius klient\u0173 poreikius patenkintume dideliu efektyvumu, tikslumu ir kokyb\u0117s principais. Siekdami u\u017etikrinti klient\u0173 pasitenkinim\u0105, si\u016blome individualias paslaugas, profesinius sertifikatus ir patikim\u0105 garantin\u012f aptarnavim\u0105.<\/p>\n<p><img decoding=\"async\" src=\"https:\/\/www.hydraulic-cylinders.net\/wp-content\/uploads\/2025\/04\/songte-company-4.webp\" alt=\"M\u016bs\u0173 \u012fmon\u0117s ap\u017evalga\"><br \/>\n<img decoding=\"async\" src=\"https:\/\/www.hydraulic-cylinders.net\/wp-content\/uploads\/2025\/04\/songte-company-3.webp\" alt=\"M\u016bs\u0173 gamybos paj\u0117gumai\"><\/p>\n<p>Autorius: lyl<\/p>","protected":false},"excerpt":{"rendered":"<p>Boom Cylinder For Sinomach ZG3065-9B Definition and Overview of Bucket Cylinder The boom cylinder, commonly referred to as a bucket cylinder, is a critical component in hydraulic systems, specifically designed to control the movement of buckets in various heavy machinery such as excavators, backhoe loaders, and front loaders. This hydraulic cylinder enables the bucket to [&hellip;]<\/p>","protected":false},"featured_media":17872,"comment_status":"open","ping_status":"closed","template":"","meta":{"_et_pb_use_builder":"","_et_pb_old_content":"","_et_gb_content_width":""},"product_brand":[],"product_cat":[1546],"product_tag":[1547,1496],"class_list":{"0":"post-19699","1":"product","2":"type-product","3":"status-publish","4":"has-post-thumbnail","6":"product_cat-boom-cylinders","7":"product_tag-boom-cylinders","8":"product_tag-hydraulic-cylinders","10":"first","11":"instock","12":"shipping-taxable","13":"product-type-simple"},"amp_enabled":true,"_links":{"self":[{"href":"https:\/\/www.hydraulic-cylinders.net\/lt\/wp-json\/wp\/v2\/product\/19699","targetHints":{"allow":["GET"]}}],"collection":[{"href":"https:\/\/www.hydraulic-cylinders.net\/lt\/wp-json\/wp\/v2\/product"}],"about":[{"href":"https:\/\/www.hydraulic-cylinders.net\/lt\/wp-json\/wp\/v2\/types\/product"}],"replies":[{"embeddable":true,"href":"https:\/\/www.hydraulic-cylinders.net\/lt\/wp-json\/wp\/v2\/comments?post=19699"}],"wp:featuredmedia":[{"embeddable":true,"href":"https:\/\/www.hydraulic-cylinders.net\/lt\/wp-json\/wp\/v2\/media\/17872"}],"wp:attachment":[{"href":"https:\/\/www.hydraulic-cylinders.net\/lt\/wp-json\/wp\/v2\/media?parent=19699"}],"wp:term":[{"taxonomy":"product_brand","embeddable":true,"href":"https:\/\/www.hydraulic-cylinders.net\/lt\/wp-json\/wp\/v2\/product_brand?post=19699"},{"taxonomy":"product_cat","embeddable":true,"href":"https:\/\/www.hydraulic-cylinders.net\/lt\/wp-json\/wp\/v2\/product_cat?post=19699"},{"taxonomy":"product_tag","embeddable":true,"href":"https:\/\/www.hydraulic-cylinders.net\/lt\/wp-json\/wp\/v2\/product_tag?post=19699"}],"curies":[{"name":"wp","href":"https:\/\/api.w.org\/{rel}","templated":true}]}}