{"id":19700,"date":"2025-04-07T07:02:31","date_gmt":"2025-04-07T07:02:31","guid":{"rendered":"https:\/\/www.hydraulic-cylinders.net\/product\/boom-cylinder-for-sinomach-zg3365lc-9c\/"},"modified":"2025-04-07T07:02:33","modified_gmt":"2025-04-07T07:02:33","slug":"boom-cylinder-for-sinomach-zg3365lc-9c","status":"publish","type":"product","link":"https:\/\/www.hydraulic-cylinders.net\/lt\/produktas\/boom-cylinder-for-sinomach-zg3365lc-9c\/","title":{"rendered":"Str\u0117l\u0117s cilindras, skirtas \u201eSinomach ZG3365LC-9C\u201c"},"content":{"rendered":"<h1>Str\u0117l\u0117s cilindras, skirtas \u201eSinomach ZG3365LC-9C\u201c<\/h1>\n<h2>Produkto ap\u017evalga<\/h2>\n<p>\u201eSinomach ZG3365LC-9C\u201c str\u0117l\u0117s cilindras yra esminis hidraulinis komponentas, skirtas valdyti str\u0117l\u0117s jud\u0117jim\u0105 sunkiosiose ma\u0161inose, tokiose kaip ekskavatoriai, ekskavatoriniai krautuvai ir frontaliniai krautuvai. \u0160is hidraulinis cilindras leid\u017eia str\u0117lei pakelti, nuleisti ir pakreipti, taip palengvinant efektyv\u0173 med\u017eiag\u0173 tvarkym\u0105. Str\u0117l\u0117s cilindras atlieka labai svarb\u0173 vaidmen\u012f hidraulin\u0117je sistemoje, paversdamas hidraulin\u012f sl\u0117g\u012f mechanine j\u0117ga, leisdamas operatoriams tiksliai ir lengvai atlikti \u012fvairias funkcijas.<\/p>\n<p><img decoding=\"async\" src=\"https:\/\/www.hydraulic-cylinders.net\/wp-content\/uploads\/2025\/04\/songte-company-1.webp\" alt=\"Str\u0117l\u0117s cilindras\" \/><\/p>\n<h2>Pagrindin\u0117s savyb\u0117s<\/h2>\n<ul>\n<li><strong>Didelis stiprumas ir ilgaam\u017ei\u0161kumas:<\/strong> Pagamintas i\u0161 didelio stiprumo plieno arba aliuminio, str\u0117l\u0117s cilindras gali atlaikyti auk\u0161t\u0105 sl\u0117g\u012f ir dideles apkrovas, tod\u0117l tinka at\u0161iaurioms darbo s\u0105lygoms. Jo konstrukcija pasi\u017eymi atsparumu dilimui ir antikorozin\u0117mis savyb\u0117mis, u\u017etikrinan\u010diomis ilgesn\u012f tarnavimo laik\u0105.<\/li>\n<li><strong>Efektyvus hidraulinis valdymas:<\/strong> Naudodamas hidraulin\u0117s alyvos sl\u0117g\u012f skland\u017eiam str\u0117l\u0117s i\u0161skleidimui ir \u012ftraukimui, str\u0117l\u0117s cilindras greitai reaguoja \u012f operatoriaus komandas, u\u017etikrindamas galing\u0105 st\u016bmimo ir traukimo j\u0117g\u0105, idealiai tinkan\u010di\u0105 sunki\u0173 med\u017eiag\u0173 tvarkymui ir sud\u0117tingoms u\u017eduotims atlikti.<\/li>\n<li><strong>\u012evair\u016bs tipai:<\/strong> Galimi variantai: vienpusio veikimo (hidraulinis sl\u0117gis veikia viena kryptimi) arba dvipusio veikimo cilindrai (hidraulinis sl\u0117gis veikia abiem kryptimis), kad b\u016bt\u0173 galima patenkinti \u012fvairius eksploatacinius poreikius. Kai kurie modeliai yra teleskopiniai, tod\u0117l juos galima labiau prailginti nedidinant i\u0161orini\u0173 matmen\u0173, tod\u0117l jie tinka naudoti ribotoje erdv\u0117je.<\/li>\n<li><strong>Suderinamumas:<\/strong> M\u016bs\u0173 gaminiai gali puikiai pakeisti esamus hidraulinius cilindrus, u\u017etikrindami skland\u0173 integravim\u0105 \u012f esam\u0105 technik\u0105.<\/li>\n<\/ul>\n<p><img decoding=\"async\" src=\"https:\/\/www.hydraulic-cylinders.net\/wp-content\/uploads\/2025\/04\/songte-cylinder-head-with-all-kinds-excavator-models.webp\" alt=\"Hidraulini\u0173 cilindr\u0173 suderinamumas\" \/><\/p>\n<h2>Taikymo scenarijai<\/h2>\n<h3>Statybin\u0117 \u012franga<\/h3>\n<p>Ekskavatoriuose str\u0117l\u0117s cilindrai yra labai svarb\u016bs kasant, kraunant ir perkeliant \u017eem\u0119 ar \u0161iuk\u0161les. Jie leid\u017eia operatoriui valdyti str\u0117l\u0117s kamp\u0105 ir auk\u0161t\u012f, tod\u0117l lengviau atlikti tikslius kasimo darbus. Ekskavatoriuose-krautuvuose str\u0117l\u0117s cilindras padeda ne tik kasti, bet ir kelti, tod\u0117l padid\u0117ja ma\u0161inos universalumas.<\/p>\n<h3>\u017dem\u0117s \u016bkio technika<\/h3>\n<p>Priekiniuose krautuvuose str\u0117l\u0117s cilindrai naudojami dirvo\u017eemiui, \u0161ienui ir kitoms med\u017eiagoms semti, kelti ir transportuoti. Hidraulin\u0117 galia leid\u017eia efektyviai dirbti, \u017eymiai padidindama na\u0161um\u0105 \u016bkiuose ir statybviet\u0117se.<\/p>\n<h3>Ekskavatoriai<\/h3>\n<p>Ekskavatori\u0173 str\u0117l\u0117s cilindras leid\u017eia kau\u0161ui \u012fsiskverbti \u012f dirv\u0105, tod\u0117l galima efektyviai kasti. \u0160i galimyb\u0117 yra gyvybi\u0161kai svarbi atliekant \u012fvairius statybos ir kra\u0161tovaizd\u017eio tvarkymo darbus, tod\u0117l ekskavatorius yra nepakei\u010diamas \u012frankis pramon\u0117je.<\/p>\n<h3>Krautuvai<\/h3>\n<p>Priekiniuose krautuvuose str\u0117l\u0117s cilindrai yra atsakingi u\u017e efektyv\u0173 krovini\u0173 k\u0117lim\u0105 ir i\u0161vertim\u0105. J\u0173 konstrukcija leid\u017eia skland\u017eius ir kontroliuojamus judesius, u\u017etikrinant efektyv\u0173 med\u017eiag\u0173 tvarkym\u0105 ir transportavim\u0105 \u012fvairiose srityse.<\/p>\n<h2>Projektavimo aspektai ir atrankos kriterijai<\/h2>\n<h3>Keliamoji galia<\/h3>\n<p>Str\u0117l\u0117s cilindro keliamoji galia turi atitikti aptarnaujamos technikos reikalavimus. \u0160i keliamoji galia lemia maksimal\u0173 svor\u012f, kur\u012f cilindras gali pakelti, o tai turi \u012ftakos cilindro dyd\u017eio ir stiprumo pasirinkimui. In\u017einieriai turi tiksliai \u012fvertinti eksploatacinius reikalavimus, kad u\u017etikrint\u0173 saug\u0173 ir efektyv\u0173 cilindro veikim\u0105.<\/p>\n<h3>Sandarinimas<\/h3>\n<p>Tinkamas sandarinimas yra labai svarbus siekiant i\u0161vengti hidraulinio skys\u010dio nuot\u0117kio ir palaikyti sl\u0117g\u012f sistemoje. Auk\u0161tos kokyb\u0117s sandarikliai turi b\u016bti parenkami atsi\u017evelgiant \u012f eksploatavimo aplink\u0105, u\u017etikrinant, kad jie atlaikyt\u0173 sl\u0117g\u012f ir s\u0105lygas greitai nesuirdami. Galimi variantai yra poliuretanas ir nitrilo kau\u010diukas, kurie u\u017etikrina puik\u0173 atsparum\u0105 dilimui.<\/p>\n<h3>Patvarumas<\/h3>\n<p>Patvarumas yra pagrindinis str\u0117l\u0117s cilindr\u0173 konstrukcijos veiksnys. Komponentai turi b\u016bti sukonstruoti taip, kad atlaikyt\u0173 sunki\u0173 darb\u0173 s\u0105lygas, \u012fskaitant at\u0161iauri\u0173 oro s\u0105lyg\u0173, dulki\u0173 ir vibracijos poveik\u012f. \u0160is aspektas yra labai svarbus norint i\u0161laikyti cilindro funkcionalum\u0105 laikui b\u0117gant, nereikalaujant da\u017eno keitimo.<\/p>\n<h3>Saugumas<\/h3>\n<p>Saugos funkcijos yra labai svarbios projektuojant hidraulinius cilindrus. Jos apima sl\u0117gio ma\u017einimo vo\u017etuvus, apsaugan\u010dius nuo perkrovos, ir mechaninius ribotuvus, apsaugan\u010dius nuo per didelio jud\u0117jimo. \u012ediegus \u0161ias funkcijas, galima gerokai suma\u017einti nelaiming\u0173 atsitikim\u0173 rizik\u0105 eksploatacijos metu.<\/p>\n<h3>Prie\u017ei\u016bra<\/h3>\n<p>Kitas svarbus aspektas, \u012f kur\u012f reikia atsi\u017evelgti, yra prie\u017ei\u016bros paprastumas. Cilindrai tur\u0117t\u0173 b\u016bti suprojektuoti taip, kad juos b\u016bt\u0173 galima lengvai ap\u017ei\u016br\u0117ti ir pri\u017ei\u016br\u0117ti, \u012fskaitant lengv\u0105 prieig\u0105 prie sandarikli\u0173 ir tepimo ta\u0161k\u0173. Reguliarus techninis aptarnavimas yra labai svarbus norint pailginti hidraulin\u0117s sistemos tarnavimo laik\u0105 ir u\u017etikrinti patikim\u0105 veikim\u0105.<\/p>\n<p><img decoding=\"async\" src=\"https:\/\/www.hydraulic-cylinders.net\/wp-content\/uploads\/2025\/04\/songte-oil-pipes-and-spare-parts.webp\" alt=\"Hidraulinio cilindro prie\u017ei\u016bra\" \/><\/p>\n<h2>Sandarinimas ir tepimas<\/h2>\n<p>\u012evairi\u0173 sandarinimo komponent\u0173, toki\u0173 kaip st\u016bmokli\u0173 ir kot\u0173 sandarikliai, naudojimas yra gyvybi\u0161kai svarbus siekiant u\u017etikrinti hidraulini\u0173 cilindr\u0173 ilgaam\u017ei\u0161kum\u0105 ir efektyvum\u0105. I\u0161 patvari\u0173 med\u017eiag\u0173, toki\u0173 kaip poliuretanas ir nitrilo kau\u010diukas, pagaminti sandarikliai pasi\u017eymi puikiu atsparumu dilimui. Cilindro korpusas ir srieginiai galiniai pavir\u0161iai yra kruop\u0161\u010diai apdorojami, kad padid\u0117t\u0173 atsparumas dilimui. Reguliarus tepimas hidrauline alyva yra b\u016btinas siekiant suma\u017einti trint\u012f ir dilim\u0105, u\u017etikrinti skland\u0173 veikim\u0105 ir i\u0161vengti prie\u0161laikinio gedimo.<\/p>\n<h2>Prevencin\u0117s prie\u017ei\u016bros priemon\u0117s<\/h2>\n<ul>\n<li><strong>Reguliar\u016bs patikrinimai:<\/strong> Reguliariai tikrinkite, ar n\u0117ra nuot\u0117ki\u0173, susid\u0117v\u0117jimo ir bendros b\u016bkl\u0117s, kad nustatytum\u0117te galimas problemas, kol jos nepa\u016bm\u0117jo.<\/li>\n<li><strong>Tepimas:<\/strong> U\u017etikrinkite, kad cilindras b\u016bt\u0173 tinkamai sutepamas tinkamais intervalais, kad b\u016bt\u0173 i\u0161laikytas jo veikimas ir i\u0161vengta susid\u0117v\u0117jimo.<\/li>\n<li><strong>Sandarinimo element\u0173 keitimas:<\/strong> Steb\u0117kite sandarikli\u0173 b\u016bkl\u0119 ir prireikus juos pakeiskite, kad i\u0161vengtum\u0117te hidraulinio skys\u010dio nuot\u0117kio ir i\u0161laikytum\u0117te sistemos vientisum\u0105.<\/li>\n<\/ul>\n<h2>\u012erengimo gair\u0117s<\/h2>\n<p>Tinkamas str\u0117l\u0117s cilindro montavimas yra labai svarbus optimaliam veikimui. Pirmiausia \u012fsitikinkite, kad visi komponentai yra \u0161var\u016bs ir be \u0161iuk\u0161li\u0173. Tinkamai sulygiuokite cilindr\u0105 su tvirtinimo ta\u0161kais, naudodami atitinkamus tvirtinimo laikiklius, kad j\u012f pritvirtintum\u0117te. Sulygiavus, priver\u017ekite tvirtinimo var\u017etus pagal gamintojo specifikacijas. \u012edieg\u0119 patikrinkite, ar n\u0117ra hidraulini\u0173 jung\u010di\u0173, ar n\u0117ra nuot\u0117ki\u0173, ir \u012fsitikinkite, kad cilindras skland\u017eiai veikia visu savo judesio diapazonu. Reguliariai tikrinkite, ar n\u0117ra susid\u0117v\u0117jimo ar pa\u017eeidim\u0173 po\u017eymi\u0173, ir nedelsdami spr\u0119skite visas problemas, kad i\u0161laikytum\u0117te saug\u0105 ir na\u0161um\u0105.<\/p>\n<h2>\u012eprastos prie\u017ei\u016bros u\u017eduotys<\/h2>\n<ul>\n<li><strong>Reguliar\u016bs patikrinimai:<\/strong> Da\u017enai tikrinama, ar n\u0117ra susid\u0117v\u0117jimo ir galim\u0173 gedim\u0173, siekiant u\u017etikrinti nuolatin\u012f veikim\u0105 ir saug\u0105. Ankstyvas problem\u0173 nustatymas gali pad\u0117ti i\u0161vengti brangaus remonto ir prastov\u0173.<\/li>\n<li><strong>Tinkamas tepimas:<\/strong> Tinkamas tepimo lygis yra labai svarbus siekiant i\u0161vengti trinties ir dilimo. \u012esitikinkite, kad naudojama tinkama hidraulin\u0117 alyva, ir reguliariai steb\u0117kite lygius.<\/li>\n<li><strong>Sandariklio keitimo ir kalibravimo patikrinimai:<\/strong> Reguliariai keiskite susid\u0117v\u0117jusius sandariklius, kad i\u0161vengtum\u0117te nuot\u0117ki\u0173 ir u\u017etikrintum\u0117te efektyv\u0173 hidraulin\u0117s sistemos veikim\u0105. Kalibravimo patikrinimai yra b\u016btini siekiant i\u0161laikyti optimal\u0173 na\u0161um\u0105 ir saug\u0105.<\/li>\n<\/ul>\n<h2>Saugos aspektai ir aplinkos veiksniai<\/h2>\n<p>Dirbant su hidraulin\u0117mis sistemomis, saugos priemon\u0117s yra nepaprastai svarbios. Naudotojai turi \u017einoti apie galimus pavojus, susijusius su hidrauliniu sl\u0117giu, \u012fskaitant staig\u0173 sl\u0117gio i\u0161leidim\u0105, kuris gali sukelti su\u017ealojimus. B\u016btinas tinkamas mokymas elgtis su hidraulin\u0117mis ma\u0161inomis ir jas valdyti, taip pat laikytis saugos standart\u0173 darbo vietoje. Be to, atsi\u017evelkite \u012f hidraulini\u0173 skys\u010di\u0173 poveik\u012f aplinkai ir u\u017etikrinkite, kad b\u016bt\u0173 laikomasi tinkam\u0173 \u0161alinimo b\u016bd\u0173, siekiant i\u0161vengti u\u017eter\u0161imo.<\/p>\n<h2>Diagnostika ir da\u017eniausios problemos<\/h2>\n<ul>\n<li><strong>Nesandarus cilindras:<\/strong> Da\u017ena problema yra hidraulinio skys\u010dio nuot\u0117kis i\u0161 tarpikli\u0173. Tai gali rodyti susid\u0117v\u0117jusius tarpiklius arba netinkam\u0105 j\u0173 montavim\u0105. Patikrinkite tarpiklius ir, jei reikia, pakeiskite juos, kad pa\u0161alintum\u0117te nuot\u0117kius.<\/li>\n<li><strong>Prastas na\u0161umas:<\/strong> Jei cilindras nereaguoja taip, kaip tik\u0117tasi, patikrinkite hidraulinio skys\u010dio lyg\u012f, galimus u\u017esikim\u0161imus linijose arba problemas su siurbliu. Pa\u0161alinus \u0161iuos veiksnius, galima atkurti optimal\u0173 na\u0161um\u0105.<\/li>\n<li><strong>Ne\u012fprasti garsai:<\/strong> Triuk\u0161mas eksploatacijos metu gali rodyti vidinius pa\u017eeidimus arba \u017eem\u0105 hidraulinio skys\u010dio lyg\u012f. I\u0161tirkite triuk\u0161mo \u0161altin\u012f ir imkit\u0117s atitinkam\u0173 taisom\u0173j\u0173 priemoni\u0173.<\/li>\n<\/ul>\n<h2>Trik\u010di\u0173 \u0161alinimo patarimai<\/h2>\n<p>Nor\u0117dami efektyviai diagnozuoti ir i\u0161spr\u0119sti hidraulini\u0173 cilindr\u0173 problemas, pirmiausia patikrinkite skys\u010di\u0173 lyg\u012f ir ar n\u0117ra nuot\u0117ki\u0173. \u012esitikinkite, kad visos jungtys yra tvirtos ir be \u0161iuk\u0161li\u0173. Reguliariai pri\u017ei\u016br\u0117kite komponentus, kad i\u0161vengtum\u0117te susid\u0117v\u0117jimo ir pa\u017eeidim\u0173, ypating\u0105 d\u0117mes\u012f skirdami sandarikliams, tepimui ir lygiavimui. Jei problemos i\u0161lieka, kreipkit\u0117s \u012f specialist\u0105 d\u0117l i\u0161samios diagnostikos ir remonto strategij\u0173.<\/p>\n<p><img decoding=\"async\" src=\"https:\/\/www.hydraulic-cylinders.net\/wp-content\/uploads\/2025\/04\/songte-bushings-with-all-kinds-of-excavator-models.webp\" alt=\"Hidraulini\u0173 cilindr\u0173 komponentai\" \/><\/p>\n<h2>\u012emon\u0117s ap\u017evalga<\/h2>\n<p>Esame pirmaujanti pakaitini\u0173 hidraulini\u0173 cilindr\u0173 gamintoja ir didmeninink\u0117, \u012fsipareigojusi siekti nepriekai\u0161tingos kokyb\u0117s ir taikyti novatori\u0161kas gamybos strategijas. Tur\u0117dami plat\u0173 gamini\u0173 asortiment\u0105, \u012fsitvirtinome kaip vieni i\u0161 pirmaujan\u010di\u0173 gamintoj\u0173 ir tiek\u0117j\u0173 tiek vidaus, tiek tarptautin\u0117se rinkose. M\u016bs\u0173 po\u017ei\u016bris pabr\u0117\u017eia tiksl\u0173 gamybos valdym\u0105 ir pa\u017eangi\u0173 technologij\u0173 integravim\u0105, u\u017etikrinant, kad patenkintume \u012fvairius klient\u0173 poreikius dideliu efektyvumu ir kokybe. M\u016bs\u0173 gamybos \u012frenginiai apr\u016bpinti moderniausia \u012franga ir juose dirba atsidavusi kvalifikuot\u0173 specialist\u0173 komanda, tod\u0117l galime nuolat tobulinti savo gamybos paj\u0117gumus.<\/p>\n<p><img decoding=\"async\" src=\"https:\/\/www.hydraulic-cylinders.net\/wp-content\/uploads\/2025\/04\/songte-company-4.webp\" alt=\"\u012emon\u0117s ap\u017evalga\" \/><br \/>\n<img decoding=\"async\" src=\"https:\/\/www.hydraulic-cylinders.net\/wp-content\/uploads\/2025\/04\/songte-company-3.webp\" alt=\"Gamybos meistri\u0161kumas\" \/><\/p>\n<p>Autorius: lyl<\/p>","protected":false},"excerpt":{"rendered":"<p>Boom Cylinder For Sinomach ZG3365LC-9C Product Overview The Boom Cylinder for Sinomach ZG3365LC-9C is an essential hydraulic component designed to control the movement of the boom in heavy machinery such as excavators, backhoe loaders, and front-end loaders. This hydraulic cylinder allows the boom to lift, lower, and tilt, facilitating efficient material handling tasks. The boom [&hellip;]<\/p>","protected":false},"featured_media":17873,"comment_status":"open","ping_status":"closed","template":"","meta":{"_et_pb_use_builder":"","_et_pb_old_content":"","_et_gb_content_width":""},"product_brand":[],"product_cat":[1546],"product_tag":[1547,1496],"class_list":{"0":"post-19700","1":"product","2":"type-product","3":"status-publish","4":"has-post-thumbnail","6":"product_cat-boom-cylinders","7":"product_tag-boom-cylinders","8":"product_tag-hydraulic-cylinders","10":"first","11":"instock","12":"shipping-taxable","13":"product-type-simple"},"amp_enabled":true,"_links":{"self":[{"href":"https:\/\/www.hydraulic-cylinders.net\/lt\/wp-json\/wp\/v2\/product\/19700","targetHints":{"allow":["GET"]}}],"collection":[{"href":"https:\/\/www.hydraulic-cylinders.net\/lt\/wp-json\/wp\/v2\/product"}],"about":[{"href":"https:\/\/www.hydraulic-cylinders.net\/lt\/wp-json\/wp\/v2\/types\/product"}],"replies":[{"embeddable":true,"href":"https:\/\/www.hydraulic-cylinders.net\/lt\/wp-json\/wp\/v2\/comments?post=19700"}],"wp:featuredmedia":[{"embeddable":true,"href":"https:\/\/www.hydraulic-cylinders.net\/lt\/wp-json\/wp\/v2\/media\/17873"}],"wp:attachment":[{"href":"https:\/\/www.hydraulic-cylinders.net\/lt\/wp-json\/wp\/v2\/media?parent=19700"}],"wp:term":[{"taxonomy":"product_brand","embeddable":true,"href":"https:\/\/www.hydraulic-cylinders.net\/lt\/wp-json\/wp\/v2\/product_brand?post=19700"},{"taxonomy":"product_cat","embeddable":true,"href":"https:\/\/www.hydraulic-cylinders.net\/lt\/wp-json\/wp\/v2\/product_cat?post=19700"},{"taxonomy":"product_tag","embeddable":true,"href":"https:\/\/www.hydraulic-cylinders.net\/lt\/wp-json\/wp\/v2\/product_tag?post=19700"}],"curies":[{"name":"wp","href":"https:\/\/api.w.org\/{rel}","templated":true}]}}