{"id":19703,"date":"2025-04-07T07:02:41","date_gmt":"2025-04-07T07:02:41","guid":{"rendered":"https:\/\/www.hydraulic-cylinders.net\/product\/boom-cylinder-for-sinomach-zg3235-9\/"},"modified":"2025-04-07T07:02:43","modified_gmt":"2025-04-07T07:02:43","slug":"boom-cylinder-for-sinomach-zg3235-9","status":"publish","type":"product","link":"https:\/\/www.hydraulic-cylinders.net\/lt\/produktas\/boom-cylinder-for-sinomach-zg3235-9\/","title":{"rendered":"Str\u0117l\u0117s cilindras, skirtas Sinomach ZG3235-9"},"content":{"rendered":"<h1>Str\u0117l\u0117s cilindras, skirtas Sinomach ZG3235-9<\/h1>\n<h2>Produkto ap\u017evalga<\/h2>\n<p>\u201eSinomach ZG3235-9\u201c str\u0117l\u0117s cilindras yra labai svarbus komponentas, skirtas valdyti sunkiosios technikos kau\u0161\u0173 jud\u0117jim\u0105. Tiksliau sakant, tai hidraulinis cilindras, leid\u017eiantis pakelti, nuleisti ir pakreipti kau\u0161\u0105 \u012fvairiose srityse, pavyzd\u017eiui, ekskavatoriuose, ekskavatoriniuose krautuvams ir frontaliniams krautuvams. \u0160is hidraulinis cilindras u\u017etikrina efektyv\u0173 med\u017eiag\u0173 tvarkym\u0105, suteikdamas \u0161ioms operacijoms reikiam\u0105 j\u0117g\u0105.<\/p>\n<p><img decoding=\"async\" src=\"https:\/\/www.hydraulic-cylinders.net\/wp-content\/uploads\/2025\/04\/songte-company-1.webp\" alt=\"Str\u0117l\u0117s cilindro vaizdas\"><\/p>\n<h3>Apibr\u0117\u017eimas ir funkcija<\/h3>\n<p>Hidrauliniai cilindrai, tokie kaip str\u0117l\u0117s cilindras, atlieka pagrindin\u012f vaidmen\u012f hidraulin\u0117se sistemose, naudodami skys\u010dio sl\u0117g\u012f tiesiniam jud\u0117jimui sukurti. Juos sudaro cilindrinis cilindras, st\u016bmoklis ir \u012fvair\u016bs sandarikliai, kurie kartu veikia siekdami norimo jud\u0117jimo. Sunkiojoje \u012frangoje str\u0117l\u0117s cilindro pagrindinis vaidmuo yra palengvinti med\u017eiag\u0173 kasim\u0105 ir transportavim\u0105, didinant statybos ir \u017eem\u0117s \u016bkio darb\u0173 efektyvum\u0105 ir na\u0161um\u0105.<\/p>\n<h2>Produkto savyb\u0117s<\/h2>\n<ul>\n<li><strong>Didelis stiprumas ir ilgaam\u017ei\u0161kumas:<\/strong> Pagaminta i\u0161 didelio stiprumo plieno arba aliuminio, skirta atlaikyti auk\u0161t\u0105 sl\u0117g\u012f ir dideles apkrovas, tuo pa\u010diu metu dirbant sud\u0117tingomis darbo s\u0105lygomis.<\/li>\n<li><strong>Efektyvus hidraulinis valdymas:<\/strong> Leid\u017eia skland\u017eiai i\u0161skleisti ir atitraukti naudojant hidraulin\u0117s alyvos sl\u0117g\u012f, greitai reaguoti \u012f valdymo komandas ir u\u017etikrinti didel\u0119 st\u016bmimo bei traukimo j\u0117g\u0105.<\/li>\n<li><strong>Tip\u0173 \u012fvairov\u0117:<\/strong> Galima \u012fsigyti vienpusio veikimo (veikian\u010dio viena kryptimi) arba dvipusio veikimo (veikian\u010dio abiem kryptimis) konfig\u016bracij\u0173, kad b\u016bt\u0173 patenkinti \u012fvair\u016bs eksploatavimo poreikiai.<\/li>\n<li><strong>Viet\u0105 taupantys dizainai:<\/strong> Kai kurie modeliai pasi\u017eymi teleskopin\u0117mis konstrukcijomis, leid\u017eian\u010diomis didesn\u012f i\u0161pl\u0117tim\u0105 nepadidinant i\u0161orini\u0173 matmen\u0173, tod\u0117l tinka ank\u0161toms patalpoms.<\/li>\n<li><strong>Atsparumas korozijai ir dilimui:<\/strong> Pagaminta i\u0161 med\u017eiag\u0173, atspari\u0173 dilimui ir korozijai, u\u017etikrinan\u010di\u0173 ilgaam\u017ei\u0161kum\u0105 ir patikimum\u0105 sud\u0117tingomis s\u0105lygomis.<\/li>\n<\/ul>\n<h3>M\u016bs\u0173 gamybos paj\u0117gumai<\/h3>\n<p>Did\u017eiuojam\u0117s savo geb\u0117jimu gaminti ir tiekti auk\u0161tos kokyb\u0117s str\u0117l\u0117s cilindrus, kurie gali puikiai pakeisti esamus hidraulinius cilindrus \u012fvairiose srityse.<\/p>\n<p><img decoding=\"async\" src=\"https:\/\/www.hydraulic-cylinders.net\/wp-content\/uploads\/2025\/04\/songte-cylinder-head-with-all-kinds-excavator-models.webp\" alt=\"Ekskavatori\u0173 modeli\u0173 vaizdas\"><\/p>\n<h2>Str\u0117l\u0117s cilindro pritaikymas<\/h2>\n<h3>Statybin\u0117 \u012franga<\/h3>\n<p>Ekskavatoriuose str\u0117l\u0117s cilindrai yra labai svarb\u016bs kasant, kraunant ir perkeliant \u017eem\u0119 ar \u0161iuk\u0161les. Jie suteikia reikiam\u0105 j\u0117g\u0105, kad ekskavatoriaus kau\u0161as efektyviai \u012fsiskverbt\u0173 \u012f \u017eem\u0119, tod\u0117l galima efektyviai atlikti \u017eem\u0117s kasimo darbus. Ekskavatori\u0173-krautuv\u0173 str\u0117l\u0117s cilindrai palengvina tiek kasimo, tiek k\u0117limo operacijas, tod\u0117l jie yra nepakei\u010diami statybos projektuose.<\/p>\n<h3>\u017dem\u0117s \u016bkio technika<\/h3>\n<p>Priekiniuose krautuvuose str\u0117l\u0117s cilindrai naudojami dirvo\u017eemiui, \u0161ienui ir kitoms med\u017eiagoms semti, kelti ir transportuoti. J\u0173 konstrukcija u\u017etikrina optimal\u0173 manevringum\u0105 ir valdym\u0105, tod\u0117l \u016bkininkai gali efektyviai valdyti savo med\u017eiagas visame \u017eem\u0117s \u016bkio kra\u0161tovaizdyje.<\/p>\n<h3>Ekskavatoriai<\/h3>\n<p>Str\u0117l\u0117s cilindras leid\u017eia ekskavatoriaus kau\u0161ui efektyviai \u012fsiskverbti \u012f dirv\u0105, tod\u0117l galima atlikti galingus kasimo veiksmus. Jo hidraulin\u0117s galimyb\u0117s pagerina bendr\u0105 ma\u0161inos na\u0161um\u0105, tod\u0117l tai yra gyvybi\u0161kai svarbus bet kokio kasimo darbo komponentas.<\/p>\n<h3>Krautuvai<\/h3>\n<p>Priekiniuose krautuvuose str\u0117l\u0117s cilindrai padeda efektyviai pakelti ir i\u0161versti med\u017eiagas. Tvirta j\u0173 konstrukcija u\u017etikrina, kad sunkius krovinius b\u016bt\u0173 galima lengvai valdyti, u\u017etikrinant skland\u0173 darb\u0105 atliekant med\u017eiag\u0173 tvarkymo u\u017eduotis.<\/p>\n<h2>Dizaino aspektai<\/h2>\n<h3>Keliamoji galia<\/h3>\n<p>Projektuojant str\u0117l\u0117s cilindr\u0105, labai svarbi keliamoji galia. Cilindras turi atlaikyti maksimal\u0173 svor\u012f, kur\u012f gali pakelti ar perkelti technika. In\u017einieriai kruop\u0161\u010diai apskai\u010diuoja cilindro matmenis ir med\u017eiagas, kad u\u017etikrint\u0173 saugum\u0105 ir efektyvum\u0105 esant apkrovai.<\/p>\n<h3>Sandarinimas<\/h3>\n<p>Efektyvus sandarinimas yra nepaprastai svarbus hidraulin\u0117se sistemose. Auk\u0161tos kokyb\u0117s sandarikliai apsaugo nuo hidraulinio skys\u010dio nuot\u0117kio, kuris gali sukelti na\u0161umo problem\u0173 ir suma\u017einti efektyvum\u0105. Tinkam\u0173 sandarikli\u0173 med\u017eiag\u0173, toki\u0173 kaip poliuretanas arba nitrilo kau\u010diukas, pasirinkimas yra labai svarbus siekiant ilgaam\u017ei\u0161kumo ir atsparumo dilimui.<\/p>\n<h3>Patvarumas<\/h3>\n<p>Patvarumas yra pagrindinis str\u0117l\u0117s cilindr\u0173 konstrukcijos veiksnys. Jie turi atlaikyti at\u0161iaurias darbo s\u0105lygas, \u012fskaitant dirvo\u017eemio, vandens ir kintan\u010dios temperat\u016bros poveik\u012f. Korozijai atspari\u0173 med\u017eiag\u0173 ir apsaugini\u0173 dang\u0173 naudojimas prisideda prie j\u0173 ilgaam\u017ei\u0161kumo.<\/p>\n<h3>Saugumas<\/h3>\n<p>Siekiant i\u0161vengti gedim\u0173 eksploatacijos metu, \u012f str\u0117l\u0117s cilindr\u0173 konstrukcij\u0105 turi b\u016bti integruotos saugos funkcijos. Tai apima sl\u0117gio ma\u017einimo vo\u017etuvus ir tvirt\u0105 konstrukcij\u0105, skirt\u0105 atlaikyti netik\u0117tas apkrovas ar sm\u016bgius.<\/p>\n<h3>Prieinamumas prie prie\u017ei\u016bros<\/h3>\n<p>B\u016btina atsi\u017evelgti \u012f technin\u0119 prie\u017ei\u016br\u0105. Komponentai tur\u0117t\u0173 b\u016bti lengvai prieinami ap\u017ei\u016brai, remontui ir keitimui, u\u017etikrinant, kad cilindr\u0105 b\u016bt\u0173 galima aptarnauti be ilg\u0173 prastov\u0173.<\/p>\n<p><img decoding=\"async\" src=\"https:\/\/www.hydraulic-cylinders.net\/wp-content\/uploads\/2025\/04\/songte-oil-pipes-and-spare-parts.webp\" alt=\"Naftos vamzd\u017eiai ir atsargin\u0117s dalys Vaizdas\"><\/p>\n<h2>Sandarinimas ir tepimas<\/h2>\n<p>Hidraulini\u0173 cilindr\u0173 vientisumas labai priklauso nuo efektyvaus sandarinimo ir tepimo. Hidrauliniam skys\u010diui cilindre palaikyti naudojami \u012fvair\u016bs sandarikliai, pavyzd\u017eiui, st\u016bmokli\u0173 ir stryp\u0173 sandarikliai. D\u0117l savo patvarumo ir atsparumo dilimui da\u017eniausiai naudojamos tokios med\u017eiagos kaip poliuretanas ir nitrilo kau\u010diukas. Be to, cilindro korpusas ir srieginiai galiniai pavir\u0161iai yra tiksliai apdirbami, siekiant padidinti j\u0173 patvarum\u0105.<\/p>\n<p>Reguliarus tepimas hidrauline alyva reikalingas siekiant suma\u017einti trint\u012f tarp judan\u010di\u0173 dali\u0173 ir u\u017etikrinti skland\u0173 veikim\u0105, taip pailginant cilindro tarnavimo laik\u0105. Netinkamas tepimas gali sukelti prie\u0161laikin\u012f hidraulin\u0117s sistemos susid\u0117v\u0117jim\u0105 ir galim\u0105 gedim\u0105.<\/p>\n<h2>Prevencin\u0117s prie\u017ei\u016bros priemon\u0117s<\/h2>\n<ul>\n<li><strong>Reguliar\u016bs patikrinimai:<\/strong> Reguliariai tikrinkite, ar n\u0117ra nuot\u0117ki\u0173, susid\u0117v\u0117jimo ir ar tinkamai veikia cilindras. Ankstyvas aptikimas gali pad\u0117ti i\u0161vengti brangaus remonto.<\/li>\n<li><strong>Tepimas:<\/strong> Reguliariai tepkite cilindr\u0105, kad jis veikt\u0173 skland\u017eiai ir suma\u017e\u0117t\u0173 komponent\u0173 susid\u0117v\u0117jimas.<\/li>\n<li><strong>Sandariklio keitimas:<\/strong> Prireikus keiskite sandariklius, kad i\u0161vengtum\u0117te nuot\u0117ki\u0173 ir i\u0161laikytum\u0117te optimal\u0173 hidraulin\u0117s sistemos veikim\u0105.<\/li>\n<\/ul>\n<h2>\u012erengimo gair\u0117s<\/h2>\n<p>Tinkamas str\u0117l\u0117s cilindro montavimas yra labai svarbus optimaliam na\u0161umui. Pirmiausia \u012fsitikinkite, kad darbo vieta yra \u0161vari ir be \u0161iuk\u0161li\u0173. Naudokite tinkamus tvirtinimo laikiklius, kad pritvirtintum\u0117te cilindr\u0105 vietoje. Tiksliai sulygiuokite cilindr\u0105, kad i\u0161vengtum\u0117te bet kokio i\u0161lygiavimo darbo metu.<\/p>\n<p>Laikykit\u0117s gamintojo nurodym\u0173 d\u0117l sukimo momento nustatym\u0173 ir jung\u010di\u0173 tip\u0173. \u012esitikinkite, kad visos hidraulin\u0117s jungtys yra tvirtai pritvirtintos ir nepralaid\u017eios. \u012ereng\u0119, prie\u0161 v\u0117l prad\u0117dami naudoti \u012frang\u0105, atlikite funkcin\u012f bandym\u0105, kad \u012fsitikintum\u0117te, jog ji veikia tinkamai. Reguliariai tikrinkite, ar n\u0117ra susid\u0117v\u0117jimo ar atsipalaidavimo po\u017eymi\u0173, kad u\u017etikrintum\u0117te saug\u0105 ir efektyvum\u0105.<\/p>\n<h2>\u012eprastos prie\u017ei\u016bros u\u017eduotys<\/h2>\n<h3>Reguliar\u016bs patikrinimai<\/h3>\n<p>Reguliar\u016bs patikrinimai yra labai svarb\u016bs norint nustatyti galimas problemas, kol jos netapo rimtomis. Patikrinkite, ar n\u0117ra susid\u0117v\u0117jimo po\u017eymi\u0173, nuot\u0117ki\u0173 ir ar tinkamai veikia. Ankstyvas aptikimas gali pad\u0117ti i\u0161laikyti efektyvum\u0105 ir pailginti gaminio tarnavimo laik\u0105.<\/p>\n<h3>Tinkamas tepimas<\/h3>\n<p>Tinkamo tipo ir kiekio hidraulin\u0117s alyvos naudojimas yra labai svarbus norint i\u0161laikyti cilindro veikim\u0105. Nepakankamas tepimas gali padidinti trint\u012f ir susid\u0117v\u0117jim\u0105, d\u0117l ko cilindras gali per anksti sugesti. Laikykit\u0117s gamintojo rekomendacij\u0173 d\u0117l tepimo interval\u0173 ir alyvos tipo.<\/p>\n<h3>Tarpikli\u0173 keitimas ir kalibravimo patikrinimai<\/h3>\n<p>Laikui b\u0117gant, sandarikliai gali susid\u0117v\u0117ti ir juos reikia pakeisti, kad b\u016bt\u0173 i\u0161vengta nuot\u0117ki\u0173. Reguliar\u016bs kalibravimo patikrinimai u\u017etikrina, kad hidraulin\u0117s sistemos veikt\u0173 pagal nurodytus parametrus, i\u0161laikydamos efektyvum\u0105 ir saug\u0105. Tinkamas cilindr\u0173 sulygiavimas taip pat yra labai svarbus siekiant i\u0161vengti pa\u017eeidim\u0173 ir u\u017etikrinti skland\u0173 veikim\u0105.<\/p>\n<p><img decoding=\"async\" src=\"https:\/\/www.hydraulic-cylinders.net\/wp-content\/uploads\/2025\/04\/songte-chushion-collar.webp\" alt=\"Pagalv\u0117l\u0117s apykakl\u0117s vaizdas\"><\/p>\n<h2>Saugos aspektai ir aplinkos veiksniai<\/h2>\n<p>Dirbant su hidrauliniais cilindrais, saugos priemon\u0117s turi b\u016bti prioritetas. \u012esitikinkite, kad visi operatoriai yra apmokyti ir supranta su hidrauline \u012franga susijusi\u0105 rizik\u0105. Naudokite asmenines apsaugos priemones ir laikykit\u0117s saugos protokol\u0173 eksploatavimo ir technin\u0117s prie\u017ei\u016bros metu. Taip pat reik\u0117t\u0173 atsi\u017evelgti \u012f aplinkos veiksnius, tokius kaip at\u0161iauri\u0173 s\u0105lyg\u0173 poveikis, tod\u0117l reikia pasirinkti tinkamas med\u017eiagas ir apsaugos priemones cilindro vientisumui i\u0161laikyti.<\/p>\n<h2>Gedim\u0173 diagnostika ir da\u017eniausios problemos<\/h2>\n<ul>\n<li><strong>Nuot\u0117kis:<\/strong> Da\u017enai tai sukelia susid\u0117v\u0117j\u0119 sandarikliai arba pa\u017eeistos jungiamosios detal\u0117s. Reguliarus techninis aptarnavimas gali pad\u0117ti anksti aptikti nuot\u0117kius.<\/li>\n<li><strong>Prastas na\u0161umas:<\/strong> Gali rodyti \u017eem\u0105 hidraulinio skys\u010dio lyg\u012f arba u\u017esikim\u0161imus sistemoje. \u012esitikinkite, kad palaikomas tinkamas skys\u010dio lygis, ir patikrinkite, ar n\u0117ra joki\u0173 u\u017esikim\u0161im\u0173.<\/li>\n<li><strong>Ne\u012fprasti garsai:<\/strong> \u0160nyp\u0161timas ar \u0161nyp\u0161timas gali b\u016bti susid\u0117v\u0117jimo arba oro sistemoje po\u017eymiai. Atlikite i\u0161samius patikrinimus, kad nustatytum\u0117te triuk\u0161mo \u0161altin\u012f.<\/li>\n<\/ul>\n<h2>Trik\u010di\u0173 \u0161alinimo patarimai<\/h2>\n<p>Nor\u0117dami efektyviai diagnozuoti ir i\u0161spr\u0119sti str\u0117l\u0117s cilindro problemas, pirmiausia patikrinkite hidraulinio skys\u010dio lyg\u012f ir \u012fsitikinkite, kad sistemoje n\u0117ra nuot\u0117ki\u0173. Registruokite bet kok\u012f ne\u012fprast\u0105 veikim\u0105, kad nustatytum\u0117te modelius, kurie gal\u0117t\u0173 rodyti konkre\u010dias problemas. Reguliariai pri\u017ei\u016br\u0117kite ir keiskite susid\u0117v\u0117jusius komponentus, kad problemos neprogresuot\u0173. Taikykite aktyvi\u0105 prie\u017ei\u016bros strategij\u0105, kad suma\u017eintum\u0117te prastovas ir pailgintum\u0117te hidraulin\u0117s sistemos tarnavimo laik\u0105.<\/p>\n<p><img decoding=\"async\" src=\"https:\/\/www.hydraulic-cylinders.net\/wp-content\/uploads\/2025\/04\/songte-bushings-with-all-kinds-of-excavator-models.webp\" alt=\"\u012evor\u0117s su ekskavatoriaus modeli\u0173 paveiksl\u0117liu\"><\/p>\n<h2>Apie m\u016bs\u0173 \u012fmon\u0119<\/h2>\n<p>Esame pirmaujanti hidraulini\u0173 cilindr\u0173 gamintoja ir didmenin\u0117 platintoja, \u012fsipareigojusi tiekti auk\u0161tos kokyb\u0117s produktus vidaus ir tarptautin\u0117ms rinkoms. M\u016bs\u0173 \u012fmon\u0117 laikosi meistri\u0161kumo, taikydama kruop\u0161\u010di\u0105 gamybos strategij\u0105 ir pasitelkdama pa\u017eangius gamybos valdymo metodus. D\u0117mes\u012f sutelkdami \u012f technines \u017einias, pa\u017eangiausi\u0105 gamybos \u012frang\u0105 ir patikim\u0105 bandym\u0173 sistem\u0105, nuolat tobuliname savo gamybos paj\u0117gumus.<\/p>\n<p>M\u016bs\u0173 \u012fvairus produkt\u0173 asortimentas atitinka \u012fvairius klient\u0173 poreikius, kuriuos lemia m\u016bs\u0173 \u012fsipareigojimas efektyvumui, tikslumui ir kokybei. Taip pat si\u016blome individualiai pritaikytas paslaugas, u\u017etikrindami, kad m\u016bs\u0173 klientai gaut\u0173 sprendimus, atitinkan\u010dius j\u0173 unikalias taikymo sritis.<\/p>\n<p>Tur\u0117dami profesionali\u0105 patirt\u012f, tarptautinius sertifikatus ir specializuot\u0105 garantinio aptarnavimo paslaug\u0105, siekiame teikti i\u0161skirtin\u012f aptarnavim\u0105 ir produktus, kurie pranoksta klient\u0173 l\u016bkes\u010dius.<\/p>\n<p><img decoding=\"async\" src=\"https:\/\/www.hydraulic-cylinders.net\/wp-content\/uploads\/2025\/04\/songte-company-4.webp\" alt=\"\u012emon\u0117s paveiksl\u0117lis 1\"><br \/>\n<img decoding=\"async\" src=\"https:\/\/www.hydraulic-cylinders.net\/wp-content\/uploads\/2025\/04\/songte-company-3.webp\" alt=\"\u012emon\u0117s paveiksl\u0117lis 2\"><\/p>\n<p>Autorius: lyl<\/p>","protected":false},"excerpt":{"rendered":"<p>Boom Cylinder For Sinomach ZG3235-9 Product Overview The Boom Cylinder for Sinomach ZG3235-9 is a crucial component designed to control the movement of heavy machinery buckets. Specifically, it is a hydraulic cylinder that enables the lifting, lowering, and tilting of the bucket in various applications, such as excavators, backhoe loaders, and front-end loaders. This hydraulic [&hellip;]<\/p>","protected":false},"featured_media":17876,"comment_status":"open","ping_status":"closed","template":"","meta":{"_et_pb_use_builder":"","_et_pb_old_content":"","_et_gb_content_width":""},"product_brand":[],"product_cat":[1546],"product_tag":[1547,1496],"class_list":{"0":"post-19703","1":"product","2":"type-product","3":"status-publish","4":"has-post-thumbnail","6":"product_cat-boom-cylinders","7":"product_tag-boom-cylinders","8":"product_tag-hydraulic-cylinders","10":"first","11":"instock","12":"shipping-taxable","13":"product-type-simple"},"amp_enabled":true,"_links":{"self":[{"href":"https:\/\/www.hydraulic-cylinders.net\/lt\/wp-json\/wp\/v2\/product\/19703","targetHints":{"allow":["GET"]}}],"collection":[{"href":"https:\/\/www.hydraulic-cylinders.net\/lt\/wp-json\/wp\/v2\/product"}],"about":[{"href":"https:\/\/www.hydraulic-cylinders.net\/lt\/wp-json\/wp\/v2\/types\/product"}],"replies":[{"embeddable":true,"href":"https:\/\/www.hydraulic-cylinders.net\/lt\/wp-json\/wp\/v2\/comments?post=19703"}],"wp:featuredmedia":[{"embeddable":true,"href":"https:\/\/www.hydraulic-cylinders.net\/lt\/wp-json\/wp\/v2\/media\/17876"}],"wp:attachment":[{"href":"https:\/\/www.hydraulic-cylinders.net\/lt\/wp-json\/wp\/v2\/media?parent=19703"}],"wp:term":[{"taxonomy":"product_brand","embeddable":true,"href":"https:\/\/www.hydraulic-cylinders.net\/lt\/wp-json\/wp\/v2\/product_brand?post=19703"},{"taxonomy":"product_cat","embeddable":true,"href":"https:\/\/www.hydraulic-cylinders.net\/lt\/wp-json\/wp\/v2\/product_cat?post=19703"},{"taxonomy":"product_tag","embeddable":true,"href":"https:\/\/www.hydraulic-cylinders.net\/lt\/wp-json\/wp\/v2\/product_tag?post=19703"}],"curies":[{"name":"wp","href":"https:\/\/api.w.org\/{rel}","templated":true}]}}