{"id":19705,"date":"2025-04-07T07:02:54","date_gmt":"2025-04-07T07:02:54","guid":{"rendered":"https:\/\/www.hydraulic-cylinders.net\/product\/boom-cylinder-for-hengte-ht65-8\/"},"modified":"2025-04-07T07:02:57","modified_gmt":"2025-04-07T07:02:57","slug":"boom-cylinder-for-hengte-ht65-8","status":"publish","type":"product","link":"https:\/\/www.hydraulic-cylinders.net\/lt\/produktas\/boom-cylinder-for-hengte-ht65-8\/","title":{"rendered":"Str\u0117l\u0117s cilindras, skirtas Hengte HT65-8"},"content":{"rendered":"<h1>Str\u0117l\u0117s cilindras, skirtas Hengte HT65-8<\/h1>\n<h2>\u012evadas \u012f str\u0117l\u0117s cilindrus<\/h2>\n<p>Str\u0117l\u0117s cilindras yra labai svarbus hidraulinis komponentas ma\u0161inose, specialiai sukurtas valdyti kau\u0161\u0173 jud\u0117jim\u0105 sunkiojoje \u012frangoje, pavyzd\u017eiui, ekskavatoriuose, ekskavatoriniuose krautuvams ir frontaliniams krautuvams. Jis leid\u017eia kau\u0161ui pakilti, nuleisti ir pakreipti, taip palengvindamas efektyv\u0173 med\u017eiag\u0173 tvarkym\u0105. Panaudodami hidraulinio skys\u010dio gali\u0105, \u0161ie cilindrai suteikia reikiam\u0105 j\u0117g\u0105 sud\u0117tingoms operacijoms atlikti. D\u0117l to jie yra nepakei\u010diama bet kurios statybos ar \u017eem\u0117s \u016bkio technikos dalis.<\/p>\n<p><img decoding=\"async\" src=\"https:\/\/www.hydraulic-cylinders.net\/wp-content\/uploads\/2025\/04\/songte-company-1.webp\" alt=\"Str\u0117l\u0117s cilindras\"><\/p>\n<h2>Str\u0117l\u0117s cilindro savyb\u0117s<\/h2>\n<ul>\n<li>\n<h3>Didelis stiprumas ir ilgaam\u017ei\u0161kumas<\/h3>\n<p>Paprastai i\u0161 didelio stiprumo plieno arba aliuminio pagamintas str\u0117l\u0117s cilindras gali atlaikyti auk\u0161t\u0105 sl\u0117g\u012f ir dideles apkrovas, tod\u0117l tinka at\u0161iaurioms darbo s\u0105lygoms. Jo konstrukcija atsi\u017evelgia \u012f atsparum\u0105 dilimui ir korozijai, tod\u0117l jo tarnavimo laikas gerokai pailg\u0117ja.<\/p>\n<\/li>\n<li>\n<h3>Efektyvus hidraulinis valdymas<\/h3>\n<p>Hidraulin\u0117s alyvos sl\u0117gio panaudojimas leid\u017eia skland\u017eiai i\u0161skleisti ir atitraukti, tod\u0117l galima greitai reaguoti \u012f valdymo komandas. \u0160i funkcija suteikia didel\u0119 traukimo ir st\u016bmimo gali\u0105, kuri yra b\u016btina atliekant sunkias ir sud\u0117tingas u\u017eduotis.<\/p>\n<\/li>\n<li>\n<h3>Tip\u0173 \u012fvairov\u0117<\/h3>\n<p>Galima \u012fsigyti \u012fvairi\u0173 tip\u0173 str\u0117l\u0117s cilindrus, \u012fskaitant vienpusio veikimo (hidraulinis sl\u0117gis veikia viena kryptimi) ir dvipusio veikimo (veikia abiem kryptimis) cilindrus. Kai kurie modeliai yra teleskopiniai, tod\u0117l juos galima labiau prailginti nedidinant i\u0161orini\u0173 matmen\u0173, tod\u0117l tai idealiai tinka ten, kur erdv\u0117 ribota.<\/p>\n<\/li>\n<li>\n<h3>Suderinamumas su esama \u012franga<\/h3>\n<p>M\u016bs\u0173 gaminiai puikiai pakei\u010dia esamus hidraulinius cilindrus, u\u017etikrindami skland\u0173 integravim\u0105 \u012f j\u016bs\u0173 esam\u0105 ma\u0161in\u0173 s\u0105rank\u0105.<\/p>\n<\/li>\n<li>\n<h3>Pa\u017eangios technologijos<\/h3>\n<p>Naujausi\u0173 hidraulini\u0173 technologij\u0173 inovacij\u0173 \u012fdiegimas pagerina na\u0161um\u0105, patikimum\u0105 ir eksploatacin\u012f efektyvum\u0105, patenkindamas \u0161iuolaikini\u0173 sunki\u0173j\u0173 \u012frengini\u0173 poreikius.<\/p>\n<\/li>\n<\/ul>\n<p><img decoding=\"async\" src=\"https:\/\/www.hydraulic-cylinders.net\/wp-content\/uploads\/2025\/04\/songte-cylinder-head-with-all-kinds-excavator-models.webp\" alt=\"Str\u0117l\u0117s cilindro suderinamumas\"><\/p>\n<h2>Str\u0117l\u0117s cilindr\u0173 pritaikymas<\/h2>\n<h3>Statybin\u0117 \u012franga<\/h3>\n<p>Ekskavatoriuose str\u0117l\u0117s cilindrai yra gyvybi\u0161kai svarb\u016bs kasant, kraunant ir perkeliant grunt\u0105 ar \u0161iuk\u0161les. Jie leid\u017eia kau\u0161ui efektyviai \u012fsiskverbti \u012f \u017eem\u0119, tod\u0117l operatoriai gali efektyviai atlikti kasimo darbus. Hidraulin\u0117 galia u\u017etikrina, kad ekskavatorius gali susidoroti su \u012fvairi\u0173 tip\u0173 gruntu ir \u0161iuk\u0161li\u0173 dyd\u017eiais, tod\u0117l tai labai universalus \u012frankis statybviet\u0117se.<\/p>\n<h3>\u017dem\u0117s \u016bkio technika<\/h3>\n<p>Priekiniuose krautuvams skirti str\u0117l\u0117s cilindrai palengvina dirvo\u017eemio, \u0161ieno ir kit\u0173 med\u017eiag\u0173 k\u0117lim\u0105, kasim\u0105 ir transportavim\u0105. Galimyb\u0117 tiksliai valdyti kau\u0161o jud\u0117jim\u0105 leid\u017eia \u016bkininkams optimizuoti krovimo operacijas, padidinti na\u0161um\u0105 ir suma\u017einti darbo s\u0105naudas. \u0160i\u0173 cilindr\u0173 galia ir patikimumas yra b\u016btini norint tvarkyti sunkius \u017eem\u0117s \u016bkio krovinius.<\/p>\n<h3>Ekskavatoriai<\/h3>\n<p>Ekskavatoriuose kau\u0161o cilindras atlieka labai svarb\u0173 vaidmen\u012f atliekant kasimo veiksmus. Leisdamas kau\u0161ui efektyviai \u012fsiskverbti \u012f dirv\u0105, jis pagerina ekskavatoriaus geb\u0117jim\u0105 atlikti sud\u0117tingas u\u017eduotis, tokias kaip tran\u0161\u0117j\u0173 kasimas ir pamat\u0173 klojimas. Hidraulini\u0173 sistem\u0173 reagavimas u\u017etikrina, kad operatoriai gali greitai atlikti reikiamus reguliavimus, taip pagerindami bendr\u0105 efektyvum\u0105.<\/p>\n<h3>Krautuvai<\/h3>\n<p>Priekiniuose krautuvuose str\u0117l\u0117s cilindrai padeda efektyviai kelti ir i\u0161versti krovinius. Hidraulin\u0117 sistema leid\u017eia operatoriui lengvai pakelti sunkias med\u017eiagas, u\u017etikrinant greit\u0105 ir efektyv\u0173 pakrovimo ir i\u0161krovimo proces\u0105. \u0160i galimyb\u0117 yra gyvybi\u0161kai svarbi \u012fvairiose pramon\u0117s \u0161akose, \u012fskaitant statyb\u0105, atliek\u0173 tvarkym\u0105 ir \u017eem\u0117s \u016bk\u012f.<\/p>\n<h2>Projektavimo aspektai ir atrankos kriterijai<\/h2>\n<ul>\n<li>\n<h3>Keliamoji galia<\/h3>\n<p>Renkantis str\u0117l\u0117s cilindr\u0105, labai svarbu suprasti keliam\u0105j\u0105 gali\u0105. Ji lemia maksimal\u0173 svor\u012f, kur\u012f cilindras gali efektyviai atlaikyti be gedim\u0173. Tinkamai \u012fvertintas cilindras u\u017etikrina saug\u0173 darb\u0105 atliekant sunkias u\u017eduotis ir apsaugo nuo nelaiming\u0173 atsitikim\u0173 d\u0117l perkrovos.<\/p>\n<\/li>\n<li>\n<h3>Sandarinimas<\/h3>\n<p>Efektyvus sandarinimas yra labai svarbus norint palaikyti hidraulin\u012f sl\u0117g\u012f cilindre. Auk\u0161tos kokyb\u0117s sandarikliai apsaugo nuo skys\u010dio nutek\u0117jimo, u\u017etikrindami optimal\u0173 na\u0161um\u0105 ir suma\u017eindami u\u017eter\u0161imo rizik\u0105. Sandarikliai turi b\u016bti patvar\u016bs ir atspar\u016bs dilimui, nes jie yra labai svarb\u016bs cilindro funkcionalumui i\u0161laikyti laikui b\u0117gant.<\/p>\n<\/li>\n<li>\n<h3>Patvarumas<\/h3>\n<p>Sukurtas atlaikyti ekstremalias s\u0105lygas, str\u0117l\u0117s cilindro patvarumas turi \u012ftakos jo tarnavimo laikui ir patikimumui. Naudojamos med\u017eiagos turi b\u016bti atsparios korozijai, dilimui ir nuovargiui, ypa\u010d at\u0161iauriomis darbo s\u0105lygomis. Pasirinkus ilgaam\u017eius cilindrus, suma\u017einamos prie\u017ei\u016bros ir keitimo i\u0161laidos.<\/p>\n<\/li>\n<li>\n<h3>Saugumas<\/h3>\n<p>Saugos funkcijos yra nepaprastai svarbios hidraulin\u0117se sistemose. Cilindrai turi tur\u0117ti apsauginius vo\u017etuvus ir sl\u0117gio ma\u017einimo mechanizmus, kad b\u016bt\u0173 i\u0161vengta gedim\u0173 eksploatacijos metu. Saugos standart\u0173 ir reglament\u0173 supratimas yra b\u016btinas siekiant u\u017etikrinti atitikt\u012f reikalavimams ir apsaugoti operatorius bei \u012frang\u0105.<\/p>\n<\/li>\n<li>\n<h3>Prie\u017ei\u016bra<\/h3>\n<p>Renkantis str\u0117l\u0117s cilindr\u0105, labai svarbus aspektas yra prie\u017ei\u016bros paprastumas. Tokios savyb\u0117s kaip lengvai prieinami tepimo ta\u0161kai, kei\u010diami sandarikliai ir paprastas montavimo procesas prisideda prie bendro hidraulin\u0117s sistemos prie\u017ei\u016bros. Gerai suprojektuotas cilindras leid\u017eia laiku ir efektyviai atlikti technin\u0119 prie\u017ei\u016br\u0105, u\u017etikrinant ma\u0161inos veikim\u0105.<\/p>\n<\/li>\n<\/ul>\n<p><img decoding=\"async\" src=\"https:\/\/www.hydraulic-cylinders.net\/wp-content\/uploads\/2025\/04\/songte-oil-pipes-and-spare-parts.webp\" alt=\"Hidrauliniai komponentai\"><\/p>\n<h2>Sandarinimas ir tepimas<\/h2>\n<p>Patikimas sandarinimas ir tepimas yra b\u016btini optimaliam hidraulini\u0173 cilindr\u0173 veikimui. Siekiant i\u0161vengti hidraulinio skys\u010dio nuot\u0117kio, naudojami \u012fvair\u016bs sandarinimo komponentai, tokie kaip st\u016bmokli\u0173 ir stryp\u0173 sandarikliai. \u0160ie sandarikliai da\u017enai gaminami i\u0161 dilimui atspari\u0173 med\u017eiag\u0173, toki\u0173 kaip poliuretanas ir nitrilo kau\u010diukas, u\u017etikrinant patvarum\u0105 ir efektyvum\u0105.<\/p>\n<p>Cilindro korpuso ir sriegini\u0173 gal\u0173 pavir\u0161iai yra kruop\u0161\u010diai apdorojami, siekiant padidinti atsparum\u0105 dilimui ir ilgaam\u017ei\u0161kum\u0105. Norint u\u017etikrinti skland\u0173 veikim\u0105 ir i\u0161vengti dilimo laikui b\u0117gant, b\u016btina reguliariai tepti tinkama hidrauline alyva. Tinkamas tepimas suma\u017eina judan\u010di\u0173 dali\u0173 trint\u012f, u\u017etikrindamas efektyv\u0173 hidraulin\u012f veikim\u0105 ir pailgindamas str\u0117l\u0117s cilindro tarnavimo laik\u0105.<\/p>\n<h2>Reguliarios patikros ir prevencin\u0117s prie\u017ei\u016bros priemon\u0117s<\/h2>\n<ul>\n<li>\n<h3>Reguliar\u016bs patikrinimai<\/h3>\n<p>Periodiniai patikrinimai yra labai svarb\u016bs norint nustatyti galimas problemas, kol jos dar nepa\u016bm\u0117jo. Patikrinkite, ar n\u0117ra matom\u0173 nuot\u0117ki\u0173, sandarikli\u0173 susid\u0117v\u0117jimo ir bet koki\u0173 pa\u017eeidim\u0173 ar deformacij\u0173 po\u017eymi\u0173. Ankstyvas aptikimas leid\u017eia laiku atlikti remont\u0105 ir i\u0161vengti tolesni\u0173 hidraulin\u0117s sistemos pa\u017eeidim\u0173.<\/p>\n<\/li>\n<li>\n<h3>Tinkamas tepimas<\/h3>\n<p>\u012esitikinkite, kad hidraulin\u0117 sistema yra tinkamai sutepta rekomenduojamu hidrauliniu skys\u010diu. Reguliariai pildykite alyvos rezervuar\u0105 ir patikrinkite, ar hidraulinis skystis neu\u017eter\u0161tas ir ar jis nesuyr\u0119s. Tinkamas tepimas suma\u017eina vidini\u0173 komponent\u0173 susid\u0117v\u0117jim\u0105, optimizuoja na\u0161um\u0105 ir pailgina cilindro tarnavimo laik\u0105.<\/p>\n<\/li>\n<li>\n<h3>Sandariklio keitimas<\/h3>\n<p>Tarpikliai tur\u0117t\u0173 b\u016bti kei\u010diami atliekant reguliari\u0105 technin\u0119 prie\u017ei\u016br\u0105, siekiant i\u0161vengti hidraulinio skys\u010dio nuot\u0117kio. Susid\u0117v\u0117jimo po\u017eymiai, pvz., skys\u010dio nuot\u0117kis arba suma\u017e\u0117j\u0119s na\u0161umas, rodo, kad laikas pakeisti tarpikl\u012f. Kad tinkamai veikt\u0173, pakaitiniai tarpikliai turi atitikti originalios \u012frangos specifikacijas.<\/p>\n<\/li>\n<\/ul>\n<h2>\u012erengimo gair\u0117s<\/h2>\n<p>Tinkamas str\u0117l\u0117s cilindro montavimas yra labai svarbus optimaliam veikimui. Pirmiausia \u012fsitikinkite, kad visi komponentai yra \u0161var\u016bs ir be \u0161iuk\u0161li\u0173. Tiksliai sulygiuokite cilindr\u0105 su tvirtinimo laikikliais, kad i\u0161vengtum\u0117te nesuderinamumo, kuris gali sukelti prie\u0161laikin\u012f susid\u0117v\u0117jim\u0105 ir gedim\u0105.<\/p>\n<p>Naudokite tinkamas tvirtinimo atramas cilindrui pritvirtinti ir u\u017etikrinkite stabilum\u0105 eksploatacijos metu. \u012ereng\u0119 patikrinkite, ar hidraulin\u0117s jungtys n\u0117ra sandarios, ir \u012fsitikinkite, kad visi tvirtinimo elementai yra priver\u017eti pagal gamintojo specifikacijas. \u012erengus, atlikite sl\u0117gio bandym\u0105, kad patvirtintum\u0117te sistemos vientisum\u0105 ir efektyvum\u0105.<\/p>\n<h2>\u012eprastos prie\u017ei\u016bros u\u017eduotys<\/h2>\n<ul>\n<li>\n<h3>Reguliar\u016bs patikrinimai<\/h3>\n<p>Reguliariai tikrinti hidraulin\u0119 sistem\u0105 ir str\u0117l\u0117s cilindr\u0105 yra b\u016btina norint i\u0161laikyti na\u0161um\u0105. Patikrinkite, ar n\u0117ra nuot\u0117ki\u0173, \u012fsitikinkite, kad hidraulin\u0117s linijos nepa\u017eeistos, ir patvirtinkite cilindro veikimo vientisum\u0105. Reguliarus steb\u0117jimas gali pad\u0117ti anksti pasteb\u0117ti problemas ir suma\u017einti brang\u0173 remont\u0105.<\/p>\n<\/li>\n<li>\n<h3>Tinkamas tepimas<\/h3>\n<p>Tinkamas tepimas yra labai svarbus hidraulin\u0117s sistemos efektyvumui. Reguliariai tikrinkite tepalo lyg\u012f ir prireikus papildykite tinkamu hidrauliniu skys\u010diu. Tinkamas tepimas suma\u017eina trint\u012f, apsaugo nuo dilimo ir pailgina cilindro eksploatavimo laik\u0105.<\/p>\n<\/li>\n<li>\n<h3>Tarpikli\u0173 keitimas ir kalibravimo patikrinimai<\/h3>\n<p>Prireikus pakeiskite sandariklius, kad i\u0161vengtum\u0117te skys\u010dio nuot\u0117kio, ir atlikite kalibravimo patikrinimus, kad \u012fsitikintum\u0117te, jog hidraulin\u0117 sistema veikia tinkamai. Tinkamas kalibravimas u\u017etikrina, kad cilindras veikt\u0173 pagal nustatytus parametrus, taip pagerindamas bendr\u0105 na\u0161um\u0105 ir saug\u0105.<\/p>\n<\/li>\n<\/ul>\n<p><img decoding=\"async\" src=\"https:\/\/www.hydraulic-cylinders.net\/wp-content\/uploads\/2025\/04\/songte-chushion-collar.webp\" alt=\"Prie\u017ei\u016bros komponentai\"><\/p>\n<h2>Saugos aspektai ir aplinkos veiksniai<\/h2>\n<p>Dirbant su hidraulin\u0117mis sistemomis, gyvybi\u0161kai svarbios saugos priemon\u0117s. Operatoriai tur\u0117t\u0173 b\u016bti apmokyti apie galimus pavojus, susijusius su hidrauline \u012franga, \u012fskaitant hidraulinio skys\u010dio nuot\u0117kio ir su sl\u0117giu susijusi\u0173 su\u017ealojim\u0173 rizik\u0105. Siekiant suma\u017einti rizik\u0105, visada reikia d\u0117v\u0117ti apsaugines priemones. Be to, aplinkosaugos aspektai tur\u0117t\u0173 apimti tinkam\u0105 hidraulini\u0173 skys\u010di\u0173 ir komponent\u0173 \u0161alinim\u0105, siekiant i\u0161vengti tar\u0161os ir laikytis vietini\u0173 taisykli\u0173.<\/p>\n<h2>Gedim\u0173 diagnostika ir da\u017eniausios problemos<\/h2>\n<ul>\n<li>\n<h3>Hidraulinio sl\u0117gio praradimas<\/h3>\n<p>Da\u017ena problema yra hidraulinio sl\u0117gio suma\u017e\u0117jimas, kur\u012f gali sukelti sandarikli\u0173 ar hidraulini\u0173 linij\u0173 nuot\u0117kiai. Nor\u0117dami diagnozuoti, patikrinkite, ar n\u0117ra matom\u0173 nuot\u0117ki\u0173, ir i\u0161bandykite sistemos sl\u0117gio lygius. \u012esitikinkite, kad visos jungtys yra tvirtos, ir pakeiskite visus pa\u017eeistus komponentus.<\/p>\n<\/li>\n<li>\n<h3>L\u0117tas arba nereaguojantis cilindro jud\u0117jimas<\/h3>\n<p>Jei cilindras juda l\u0117tai arba nereaguoja, patikrinkite, ar hidrauliniame skystyje n\u0117ra oro, ir \u012fsitikinkite, kad skys\u010dio lygis yra tinkamas. Patikrinkite, ar hidraulin\u0117se linijose n\u0117ra u\u017esikim\u0161im\u0173, kurie gal\u0117t\u0173 trukdyti srautui, ir pa\u0161alinkite visas rastas \u0161iuk\u0161les.<\/p>\n<\/li>\n<li>\n<h3>Per didelis sandarikli\u0173 susid\u0117v\u0117jimas<\/h3>\n<p>Per didelis sandarikli\u0173 susid\u0117v\u0117jimas gali rodyti netinkam\u0105 tepim\u0105 arba neteising\u0105 sulygiavim\u0105. Reguliariai tikrinkite sandariklius, ar jie nesusid\u0117v\u0117j\u0119, prireikus juos pakeiskite ir montuodami \u012fsitikinkite, kad cilindras tinkamai sulygiuotas, kad sandarikliai neb\u016bt\u0173 per daug \u012ftempti.<\/p>\n<\/li>\n<\/ul>\n<p><img decoding=\"async\" src=\"https:\/\/www.hydraulic-cylinders.net\/wp-content\/uploads\/2025\/04\/songte-bushings-with-all-kinds-of-excavator-models.webp\" alt=\"Gedim\u0173 diagnostika\"><\/p>\n<h2>Trik\u010di\u0173 \u0161alinimo patarimai ir prevencin\u0117s priemon\u0117s<\/h2>\n<p>Norint efektyviai pa\u0161alinti problemas, visada prad\u0117kite nuo sistemingo po\u017ei\u016brio. Patikrinkite skys\u010di\u0173 lyg\u012f ir \u012fsitikinkite, kad hidraulin\u0117je sistemoje n\u0117ra ter\u0161al\u0173. Reguliari technin\u0117s prie\u017ei\u016bros praktika, pvz., savalaikiai patikrinimai ir tinkamas tepimas, yra labai svarbi siekiant i\u0161vengti galim\u0173 problem\u0173. Technin\u0117s prie\u017ei\u016bros \u012fra\u0161\u0173 \u017eurnalas gali pad\u0117ti steb\u0117ti na\u0161um\u0105 ir nustatyti modelius, kurie gali rodyti pagrindines problemas.<\/p>\n<h2>Apie m\u016bs\u0173 \u012fmon\u0119<\/h2>\n<p>Esame pirmaujantis pakaitini\u0173 hidraulini\u0173 cilindr\u0173 gamintojas, si\u016blantis plat\u0173 gamini\u0173 asortiment\u0105, skirt\u0105 tiek vidaus, tiek tarptautinei rinkai. M\u016bs\u0173 \u012fsipareigojimas siekti meistri\u0161kumo atsispindi i\u0161samiose gamybos valdymo strategijose, kuriose derinamas kvalifikuotas techninis personalas, pa\u017eangi skaitmenin\u0117 gamybos \u012franga ir profesionalios testavimo sistemos, siekiant nuolat tobulinti m\u016bs\u0173 gamybos platform\u0105.<\/p>\n<p>D\u0117l savo stipri\u0173 paj\u0117gum\u0173 laikom\u0117s auk\u0161t\u0173 efektyvumo, tikslumo ir kokyb\u0117s standart\u0173, u\u017etikrindami, kad patenkiname \u012fvairius klient\u0173 poreikius. D\u0117mesys profesionalumui, tarptautiniams sertifikatams ir individualiai pritaikytoms paslaugoms leid\u017eia mums i\u0161siskiriant hidraulini\u0173 cilindr\u0173 gamybos sektoriuje. M\u016bs\u0173 moderni gamybos \u012franga ir i\u0161skirtinis aptarnavimas po pardavimo dar labiau sustiprina m\u016bs\u0173, kaip patikimo tiek\u0117jo, reputacij\u0105.<\/p>\n<p><img decoding=\"async\" src=\"https:\/\/www.hydraulic-cylinders.net\/wp-content\/uploads\/2025\/04\/songte-company-4.webp\" alt=\"\u012emon\u0117s ap\u017evalga\"><br \/>\n<img decoding=\"async\" src=\"https:\/\/www.hydraulic-cylinders.net\/wp-content\/uploads\/2025\/04\/songte-company-3.webp\" alt=\"Gamybos \u012frenginys\"><\/p>\n<p>Autorius lyl<\/p>","protected":false},"excerpt":{"rendered":"<p>Boom Cylinder For Hengte HT65-8 Introduction to Boom Cylinders The Boom Cylinder is a crucial hydraulic component in machinery, specifically designed for controlling the movement of buckets in heavy equipment like excavators, backhoe loaders, and front loaders. It enables the bucket to lift, lower, and tilt, facilitating efficient material handling tasks. By harnessing the power [&hellip;]<\/p>","protected":false},"featured_media":17878,"comment_status":"open","ping_status":"closed","template":"","meta":{"_et_pb_use_builder":"","_et_pb_old_content":"","_et_gb_content_width":""},"product_brand":[],"product_cat":[1546],"product_tag":[1547,1496],"class_list":{"0":"post-19705","1":"product","2":"type-product","3":"status-publish","4":"has-post-thumbnail","6":"product_cat-boom-cylinders","7":"product_tag-boom-cylinders","8":"product_tag-hydraulic-cylinders","10":"first","11":"instock","12":"shipping-taxable","13":"product-type-simple"},"amp_enabled":true,"_links":{"self":[{"href":"https:\/\/www.hydraulic-cylinders.net\/lt\/wp-json\/wp\/v2\/product\/19705","targetHints":{"allow":["GET"]}}],"collection":[{"href":"https:\/\/www.hydraulic-cylinders.net\/lt\/wp-json\/wp\/v2\/product"}],"about":[{"href":"https:\/\/www.hydraulic-cylinders.net\/lt\/wp-json\/wp\/v2\/types\/product"}],"replies":[{"embeddable":true,"href":"https:\/\/www.hydraulic-cylinders.net\/lt\/wp-json\/wp\/v2\/comments?post=19705"}],"wp:featuredmedia":[{"embeddable":true,"href":"https:\/\/www.hydraulic-cylinders.net\/lt\/wp-json\/wp\/v2\/media\/17878"}],"wp:attachment":[{"href":"https:\/\/www.hydraulic-cylinders.net\/lt\/wp-json\/wp\/v2\/media?parent=19705"}],"wp:term":[{"taxonomy":"product_brand","embeddable":true,"href":"https:\/\/www.hydraulic-cylinders.net\/lt\/wp-json\/wp\/v2\/product_brand?post=19705"},{"taxonomy":"product_cat","embeddable":true,"href":"https:\/\/www.hydraulic-cylinders.net\/lt\/wp-json\/wp\/v2\/product_cat?post=19705"},{"taxonomy":"product_tag","embeddable":true,"href":"https:\/\/www.hydraulic-cylinders.net\/lt\/wp-json\/wp\/v2\/product_tag?post=19705"}],"curies":[{"name":"wp","href":"https:\/\/api.w.org\/{rel}","templated":true}]}}