{"id":19706,"date":"2025-04-07T07:02:57","date_gmt":"2025-04-07T07:02:57","guid":{"rendered":"https:\/\/www.hydraulic-cylinders.net\/product\/boom-cylinder-for-hengte-ht85-8\/"},"modified":"2025-04-07T07:03:01","modified_gmt":"2025-04-07T07:03:01","slug":"boom-cylinder-for-hengte-ht85-8","status":"publish","type":"product","link":"https:\/\/www.hydraulic-cylinders.net\/lt\/produktas\/boom-cylinder-for-hengte-ht85-8\/","title":{"rendered":"Str\u0117l\u0117s cilindras, skirtas Hengte HT85-8"},"content":{"rendered":"<h1>Str\u0117l\u0117s cilindras, skirtas Hengte HT85-8<\/h1>\n<h2>Produkto ap\u017evalga<\/h2>\n<p>\u201eHengte HT85-8\u201c str\u0117l\u0117s cilindras yra labai svarbus hidraulini\u0173 sistem\u0173 komponentas, specialiai sukurtas sunkiosios technikos funkcionalumui pagerinti. \u0160is hidraulinis cilindras yra labai svarbus valdant kau\u0161\u0173 jud\u0117jim\u0105 \u012fvairiuose \u012frenginiuose, tokiuose kaip ekskavatoriai, ekskavatoriniai krautuvai ir frontaliniai krautuvai. Jis leid\u017eia kau\u0161ui pakelti, nuleisti ir pakreipti, taip palengvinant efektyv\u0173 med\u017eiag\u0173 tvarkym\u0105.<\/p>\n<p><img decoding=\"async\" src=\"https:\/\/www.hydraulic-cylinders.net\/wp-content\/uploads\/2025\/04\/songte-company-1.webp\" alt=\"Hidraulinio cilindro vaizdas\" \/><\/p>\n<h3>Kau\u0161o cilindr\u0173 apibr\u0117\u017eimas ir ap\u017evalga<\/h3>\n<p>Kau\u0161o cilindrai yra specializuoti hidrauliniai cilindrai, atliekantys gyvybi\u0161kai svarb\u0173 vaidmen\u012f statybos ir \u017eem\u0117s \u016bkio technikos valdyme. Jie sukurti taip, kad atlaikyt\u0173 auk\u0161t\u0105 sl\u0117g\u012f ir u\u017etikrint\u0173 puik\u0173 na\u0161um\u0105 sud\u0117tingomis s\u0105lygomis. Pagrindin\u0117 \u0161i\u0173 cilindr\u0173 funkcija yra manipuliuoti kau\u0161o pad\u0117timi, kad b\u016bt\u0173 galima atlikti tokias u\u017eduotis kaip kasimas, k\u0117limas ir med\u017eiag\u0173 i\u0161vertimas.<\/p>\n<h2>Str\u0117l\u0117s cilindro savyb\u0117s<\/h2>\n<ul>\n<li><strong>Didelis stiprumas ir ilgaam\u017ei\u0161kumas:<\/strong> Pagaminti i\u0161 didelio stiprumo plieno arba aliuminio, \u0161ie cilindrai gali atlaikyti didel\u012f sl\u0117g\u012f ir dideles apkrovas, tod\u0117l tinkami at\u0161iaurioms darbo s\u0105lygoms.<\/li>\n<li><strong>Efektyvus hidraulinis valdymas:<\/strong> Jie naudoja hidraulin\u0117s alyvos sl\u0117g\u012f, kad skland\u017eiai i\u0161skleist\u0173 ir atitraukt\u0173, u\u017etikrindami greit\u0105 reagavim\u0105 \u012f operacines komandas ir galingas k\u0117limo galimybes.<\/li>\n<li><strong>Tip\u0173 \u012fvairov\u0117:<\/strong> Kau\u0161\u0173 cilindrai, tiekiami vienpusio ir dvipusio veikimo konfig\u016bracij\u0173, gali atitikti \u012fvairius eksploatacinius poreikius, o kai kurie modeliai yra teleskopin\u0117s konstrukcijos, kad b\u016bt\u0173 galima pasiekti didesn\u012f atstum\u0105 nedidinant i\u0161orini\u0173 matmen\u0173.<\/li>\n<li><strong>Atsparumas korozijai:<\/strong> Sukurta i\u0161 med\u017eiag\u0173, kurios atsparios dilimui ir korozijai, tod\u0117l u\u017etikrina ilgaam\u017ei\u0161kum\u0105 \u012fvairiose aplinkose.<\/li>\n<li><strong>Lengva prie\u017ei\u016bra:<\/strong> \u0160ie cilindrai sukurti taip, kad juos b\u016bt\u0173 lengva pri\u017ei\u016br\u0117ti, tod\u0117l juos galima greitai aptarnauti ir suma\u017einti prastov\u0173 laik\u0105.<\/li>\n<\/ul>\n<h3>Gamybos meistri\u0161kumas<\/h3>\n<p>Mes specializuojam\u0117s auk\u0161tos kokyb\u0117s str\u0117l\u0117s cilindr\u0173, kurie puikiai pakei\u010dia rinkoje esan\u010dius hidraulinius cilindrus, gamyboje.<\/p>\n<p><img decoding=\"async\" src=\"https:\/\/www.hydraulic-cylinders.net\/wp-content\/uploads\/2025\/04\/songte-cylinder-head-with-all-kinds-excavator-models.webp\" alt=\"Ekskavatori\u0173 modeliai\" \/><\/p>\n<h2>Str\u0117l\u0117s cilindr\u0173 taikymo scenarijai<\/h2>\n<h3>Statybin\u0117 \u012franga<\/h3>\n<p>Statybin\u0117je technikoje str\u0117l\u0117s cilindrai yra labai svarb\u016bs ekskavatoriams, kur jie naudojami kasimui, krovimui ir \u017eem\u0117s ar \u0161iuk\u0161li\u0173 perk\u0117limui. Ekskavatoriuose-krautuvuose jie padeda tiek kasimo, tiek k\u0117limo operacijose, tod\u0117l galima efektyviai valdyti statybviet\u0119.<\/p>\n<h3>\u017dem\u0117s \u016bkio technika<\/h3>\n<p>Priekiniams krautuvams str\u0117l\u0117s cilindrai yra b\u016btini dirvo\u017eemio, \u0161ieno ir kit\u0173 med\u017eiag\u0173 k\u0117limui, k\u0117limui ir transportavimui, taip pagerinant na\u0161um\u0105 tiek \u016bkiuose, tiek statybviet\u0117se.<\/p>\n<h3>Ekskavatoriai<\/h3>\n<p>Ekskavatoriuose kau\u0161o cilindras leid\u017eia kau\u0161ui \u012fsiskverbti \u012f dirv\u0105, taip pagerindamas kasimo galimybes ir bendr\u0105 ma\u0161inos na\u0161um\u0105.<\/p>\n<h3>Krautuvai<\/h3>\n<p>Priekiniuose krautuvuose str\u0117l\u0117s cilindrai palengvina krovini\u0173 k\u0117lim\u0105 ir i\u0161vertim\u0105, u\u017etikrindami efektyv\u0173 med\u017eiag\u0173 transportavim\u0105 \u012fvairiose srityse.<\/p>\n<h2>Projektavimo aspektai ir atrankos kriterijai<\/h2>\n<h3>Keliamoji galia<\/h3>\n<p>Apkrova yra labai svarbus str\u0117l\u0117s cilindr\u0173 konstrukcijos aspektas. Ji turi b\u016bti pakankama, kad atlaikyt\u0173 maksimal\u0173 svor\u012f, su kuriuo \u012franga susidurs eksploatacijos metu. Gamintojai paprastai pateikia specifikacijas, kuriose nurodomos apkrovos ribos, leid\u017eian\u010dios vartotojams pasirinkti tinkamus cilindrus savo technikai. Pasirinkus cilindr\u0105 su nepakankama apkrovos galia, gali kilti gedim\u0173, kelian\u010di\u0173 pavoj\u0173 tiek \u012frangai, tiek operatoriams.<\/p>\n<h3>Sandarinimo efektyvumas<\/h3>\n<p>Efektyvus sandarinimas yra b\u016btinas hidraulini\u0173 cilindr\u0173 ilgaam\u017ei\u0161kumui ir efektyvumui. Auk\u0161tos kokyb\u0117s sandarikliai apsaugo nuo skys\u010di\u0173 nutek\u0117jimo ir u\u017eter\u0161imo, u\u017etikrindami optimal\u0173 veikim\u0105. Norint i\u0161laikyti hidraulin\u012f vientisum\u0105, b\u016btina reguliariai tikrinti sandarinimo komponentus. Pasirinkus cilindrus su pa\u017eangiomis sandarinimo technologijomis, galima gerokai suma\u017einti technin\u0117s prie\u017ei\u016bros da\u017enum\u0105 ir pailginti bendr\u0105 tarnavimo laik\u0105.<\/p>\n<h3>Patvarumas<\/h3>\n<p>Patvarumas yra nepaprastai svarbus aplinkoje, kurioje hidrauliniai cilindrai yra veikiami ekstremali\u0173 s\u0105lyg\u0173. Cilindro konstrukcijoje naudojamos med\u017eiagos turi b\u016bti atsparios dilimui, korozijai ir nuovargiui. Pa\u017eang\u016bs gamybos b\u016bdai, tokie kaip pavir\u0161iaus gr\u016bdinimas ir apsaugin\u0117s dangos, padidina \u0161i\u0173 komponent\u0173 patvarum\u0105, tod\u0117l jie laikui b\u0117gant veikia nuosekliai.<\/p>\n<h3>Saugos funkcijos<\/h3>\n<p>Hidraulini\u0173 cilindr\u0173 saugos funkcij\u0173 \u012ftraukimas yra labai svarbus siekiant i\u0161vengti nelaiming\u0173 atsitikim\u0173 ir su\u017ealojim\u0173. Tai gali b\u016bti sl\u0117gio ma\u017einimo vo\u017etuvai ir saugos u\u017eraktai, u\u017etikrinantys, kad \u012franga gal\u0117t\u0173 saugiai veikti \u012fvairiomis s\u0105lygomis. Naudotojai tur\u0117t\u0173 ie\u0161koti cilindr\u0173, kurie atitinka tarptautinius saugos standartus, kad b\u016bt\u0173 u\u017etikrintas atitikimas reikalavimams ir patikimumas.<\/p>\n<h3>Prieinamumas prie prie\u017ei\u016bros<\/h3>\n<p>Hidraulini\u0173 cilindr\u0173 projektavimas taip, kad juos b\u016bt\u0173 lengva pri\u017ei\u016br\u0117ti, yra labai svarbus siekiant suma\u017einti prastovas. Tokios savyb\u0117s kaip prieinami tepimo ta\u0161kai, kei\u010diami sandarikliai ir ai\u0161kios prie\u017ei\u016bros instrukcijos gali pagerinti naudotojo patirt\u012f ir veiklos efektyvum\u0105. Gamintojai tur\u0117t\u0173 teikti pirmenyb\u0119 konstrukcijoms, kurios leid\u017eia lengvai atlikti patikrinimus ir remont\u0105.<\/p>\n<p><img decoding=\"async\" src=\"https:\/\/www.hydraulic-cylinders.net\/wp-content\/uploads\/2025\/04\/songte-oil-pipes-and-spare-parts.webp\" alt=\"Naftos vamzd\u017eiai ir atsargin\u0117s dalys\" \/><\/p>\n<h2>Sandarinimas ir tepimas<\/h2>\n<p>Efektyvus sandarinimas ir tepimas yra labai svarb\u016bs str\u0117l\u0117s cilindr\u0173 veikimui. Siekiant u\u017etikrinti skland\u0173 veikim\u0105, naudojami \u012fvair\u016bs sandarinimo komponentai, \u012fskaitant st\u016bmokli\u0173 ir stryp\u0173 sandariklius. Sandarikliai, pagaminti i\u0161 didelio atsparumo dilimui med\u017eiag\u0173, toki\u0173 kaip poliuretanas ir nitrilo kau\u010diukas, \u017eymiai padidina patvarum\u0105. Be to, cilindro ir sriegini\u0173 gal\u0173 pavir\u0161iai turi b\u016bti tiksliai apdirbti, kad padid\u0117t\u0173 atsparumas dilimui.<\/p>\n<p>Reguliarus tepimas hidrauline alyva yra b\u016btinas norint i\u0161vengti nusid\u0117v\u0117jimo ir palaikyti optimal\u0173 na\u0161um\u0105. Operatoriai tur\u0117t\u0173 u\u017etikrinti, kad b\u016bt\u0173 naudojama tinkamo tipo hidraulin\u0117 alyva ir jos kiekis, nes nepakankamas tepimas gali sukelti prie\u0161laikin\u012f hidraulin\u0117s sistemos susid\u0117v\u0117jim\u0105 ir gedim\u0105.<\/p>\n<h2>Prevencin\u0117s prie\u017ei\u016bros priemon\u0117s<\/h2>\n<ul>\n<li><strong>Reguliar\u016bs patikrinimai:<\/strong> Reguliar\u016bs str\u0117l\u0117s cilindr\u0173 patikrinimai gali pad\u0117ti nustatyti galimas problemas, kol jos nepa\u016bm\u0117jo. Operatoriai tur\u0117t\u0173 patikrinti, ar n\u0117ra nuot\u0117ki\u0173, susid\u0117v\u0117jimo ar pa\u017eeidim\u0173, atlikdami \u012fprastin\u0119 technin\u0119 prie\u017ei\u016br\u0105.<\/li>\n<li><strong>Tinkamas tepimas:<\/strong> Tinkamas tepimas yra labai svarbus hidraulini\u0173 cilindr\u0173 ilgaam\u017ei\u0161kumui. Siekdami u\u017etikrinti optimal\u0173 na\u0161um\u0105, naudotojai tur\u0117t\u0173 laikytis gamintojo nurodym\u0173 d\u0117l tepimo da\u017enumo ir alyvos tipo.<\/li>\n<li><strong>Sandariklio keitimas:<\/strong> Tarpikliai yra susid\u0117vintys komponentai, kuriuos reikia periodi\u0161kai keisti. Tarpikli\u0173 patikrinimas technin\u0117s prie\u017ei\u016bros metu gali pad\u0117ti i\u0161vengti nuot\u0117ki\u0173 ir na\u0161umo problem\u0173.<\/li>\n<\/ul>\n<h2>\u012erengimo gair\u0117s<\/h2>\n<p>Tinkamas str\u0117l\u0117s cilindr\u0173 montavimas yra labai svarbus j\u0173 efektyviam veikimui. Pirmiausia \u012fsitikinkite, kad tvirtinimo kron\u0161teinai yra teisingai sulygiuoti, kad veikimo metu cilindras neb\u016bt\u0173 per daug \u012ftemptas. Naudokite tinkamus \u012frankius, kad pritvirtintum\u0117te cilindr\u0105 vietoje, vengdami per didelio priver\u017eimo, kuris gal\u0117t\u0173 pakenkti sandarikli\u0173 vientisumui.<\/p>\n<p>Taip pat svarbu patikrinti, ar hidraulin\u0117s linijos yra tinkamai prijungtos, kad b\u016bt\u0173 i\u0161vengta nuot\u0117ki\u0173. \u012edieg\u0119 atlikite sistemos patikrinim\u0105, kad \u012fsitikintum\u0117te, jog n\u0117ra skys\u010di\u0173 nuot\u0117ki\u0173 ir kad cilindras skland\u017eiai veikia visu savo judesio diapazonu. \u0160i\u0173 gairi\u0173 laikymasis pad\u0117s u\u017etikrinti str\u0117l\u0117s cilindro patikimum\u0105 ir ilgaam\u017ei\u0161kum\u0105.<\/p>\n<h2>Prie\u017ei\u016bros u\u017eduotys<\/h2>\n<ul>\n<li><strong>Reguliar\u016bs patikrinimai:<\/strong> Da\u017enas susid\u0117v\u0117jimo ir pa\u017eeidim\u0173 tikrinimas gali pad\u0117ti i\u0161vengti dideli\u0173 gedim\u0173. Ie\u0161kokite hidraulinio skys\u010dio nuot\u0117kio po\u017eymi\u0173, kurie rodo galimas sandarikli\u0173 ar paties cilindro problemas.<\/li>\n<li><strong>Tinkamas tepimas:<\/strong> Norint suma\u017einti trint\u012f ir nusid\u0117v\u0117jim\u0105, b\u016btinas tinkamas tepimas. Operatoriai tur\u0117t\u0173 u\u017etikrinti, kad cilindras b\u016bt\u0173 suteptas pagal gamintojo specifikacijas, kurios gali apimti ir speciali\u0173 tip\u0173 hidraulin\u0117s alyvos naudojim\u0105.<\/li>\n<li><strong>Sandariklio keitimas:<\/strong> Laikui b\u0117gant, sandarikliai susid\u0117vi, tod\u0117l juos reikia pakeisti, kad b\u016bt\u0173 i\u0161laikytas hidraulinis vientisumas. Reguliariai tikrinkite sandariklius, ar n\u0117ra susid\u0117v\u0117jimo po\u017eymi\u0173, ir nedelsdami spr\u0119skite visas problemas.<\/li>\n<\/ul>\n<p>Montavimo metu labai svarbu teisingai sulygiuoti cilindr\u0105, kad b\u016bt\u0173 u\u017etikrintas efektyvus veikimas. Naudokite tinkamus tvirtinimo laikiklius stabilumui u\u017etikrinti ir \u012fsitikinkite, kad hidraulin\u0117s jungtys yra tvirtos, kad b\u016bt\u0173 i\u0161vengta nuot\u0117ki\u0173. Laikantis rekomenduojam\u0173 tikrinimo, remonto ir keitimo proced\u016br\u0173, pailg\u0117s str\u0117l\u0117s cilindro tarnavimo laikas.<\/p>\n<p><img decoding=\"async\" src=\"https:\/\/www.hydraulic-cylinders.net\/wp-content\/uploads\/2025\/04\/songte-chushion-collar.webp\" alt=\"Pagalv\u0117l\u0117s apykakl\u0117\" \/><\/p>\n<h2>Saugos aspektai ir aplinkos veiksniai<\/h2>\n<p>Naudojant hidraulinius cilindrus, labai svarbu laikytis saugos priemoni\u0173, kad b\u016bt\u0173 i\u0161vengta nelaiming\u0173 atsitikim\u0173. Naudotojai tur\u0117t\u0173 b\u016bti apmokyti saugiai valdyti hidraulines ma\u0161inas ir suprasti galimus pavojus, susijusius su auk\u0161to sl\u0117gio sistemomis. Reguliar\u016bs mokymai ir saugos protokol\u0173 laikymasis gali \u017eymiai suma\u017einti traum\u0173 rizik\u0105 darbo vietoje.<\/p>\n<h2>Gedim\u0173 diagnostika ir da\u017eniausios problemos<\/h2>\n<ul>\n<li><strong>Nuot\u0117kio problemos:<\/strong> Hidraulinio skys\u010dio nuot\u0117k\u012f gali sukelti susid\u0117v\u0117j\u0119 sandarikliai arba pa\u017eeisti komponentai. Reguliar\u016bs patikrinimai tur\u0117t\u0173 b\u016bti skirti ankstyvam nuot\u0117ki\u0173 nustatymui.<\/li>\n<li><strong>L\u0117tas veikimas:<\/strong> Jei cilindras reaguoja l\u0117tai, tai gali reik\u0161ti \u017eem\u0105 hidraulinio skys\u010dio lyg\u012f arba u\u017esikim\u0161im\u0105 hidraulin\u0117se linijose. Vartotojai tur\u0117t\u0173 patikrinti skys\u010dio lyg\u012f ir pa\u0161alinti visas kli\u016btis.<\/li>\n<li><strong>Nenuoseklus na\u0161umas:<\/strong> Na\u0161umo svyravimai gali atsirasti d\u0117l sistemoje \u012fstrigusio oro arba netinkamai veikian\u010di\u0173 hidraulini\u0173 siurbli\u0173. B\u016btina i\u0161leisti or\u0105 i\u0161 sistemos ir patikrinti siurblio veikim\u0105.<\/li>\n<\/ul>\n<p>Nor\u0117dami veiksmingai diagnozuoti ir i\u0161spr\u0119sti problemas, operatoriai tur\u0117t\u0173 laikytis iniciatyvos. \u012egyvendindami prevencines priemones ir reguliariai pri\u017ei\u016br\u0117dami \u012frang\u0105, galite suma\u017einti galimas problemas ir u\u017etikrinti skland\u0173 veikim\u0105.<\/p>\n<p><img decoding=\"async\" src=\"https:\/\/www.hydraulic-cylinders.net\/wp-content\/uploads\/2025\/04\/songte-bushings-with-all-kinds-of-excavator-models.webp\" alt=\"Ekskavatori\u0173 modeli\u0173 \u012fvor\u0117s\" \/><\/p>\n<h2>\u012emon\u0117s ap\u017evalga<\/h2>\n<p>Esame pirmaujantis hidraulini\u0173 cilindr\u0173 gamintojas ir didmenininkas, specializuojantis \u012fvairi\u0173 pritaikym\u0173 pakaital\u0173 gamyboje. D\u0117l plataus gamini\u0173 asortimento esame \u017eym\u016bs \u017eaid\u0117jai tiek vidaus, tiek tarptautin\u0117se rinkose. Esame \u012fsipareigoj\u0119 siekti meistri\u0161kumo, taikydami rafinuot\u0105 gamybos strategij\u0105, apiman\u010di\u0105 pa\u017eangi\u0105 \u012frang\u0105, kvalifikuot\u0105 technin\u012f personal\u0105 ir grie\u017etas kokyb\u0117s kontrol\u0117s sistemas.<\/p>\n<p>D\u0117mesys dideliam efektyvumui, tikslumui ir kokybei leid\u017eia mums efektyviai patenkinti \u012fvairius klient\u0173 poreikius. Si\u016blome individualiai pritaikytas paslaugas, pritaikytas konkretiems reikalavimams, ir u\u017etikriname, kad m\u016bs\u0173 produktai atitikt\u0173 tarptautinius sertifikavimo standartus, garantuodami patikimum\u0105 ir na\u0161um\u0105.<\/p>\n<p><img decoding=\"async\" src=\"https:\/\/www.hydraulic-cylinders.net\/wp-content\/uploads\/2025\/04\/songte-company-4.webp\" alt=\"\u012emon\u0117s \u012fvaizdis\" \/><br \/>\n<img decoding=\"async\" src=\"https:\/\/www.hydraulic-cylinders.net\/wp-content\/uploads\/2025\/04\/songte-company-3.webp\" alt=\"\u012emon\u0117s \u012fvaizdis\" \/><\/p>\n<p>Autorius: lyl<\/p>","protected":false},"excerpt":{"rendered":"<p>Boom Cylinder For Hengte HT85-8 Product Overview The Boom Cylinder for Hengte HT85-8 is a crucial component in hydraulic systems, specifically designed to enhance the functionality of heavy machinery. This hydraulic cylinder is instrumental in controlling the movement of buckets in various types of equipment such as excavators, backhoe loaders, and front loaders. It allows [&hellip;]<\/p>","protected":false},"featured_media":17879,"comment_status":"open","ping_status":"closed","template":"","meta":{"_et_pb_use_builder":"","_et_pb_old_content":"","_et_gb_content_width":""},"product_brand":[],"product_cat":[1546],"product_tag":[1547,1496],"class_list":{"0":"post-19706","1":"product","2":"type-product","3":"status-publish","4":"has-post-thumbnail","6":"product_cat-boom-cylinders","7":"product_tag-boom-cylinders","8":"product_tag-hydraulic-cylinders","10":"first","11":"instock","12":"shipping-taxable","13":"product-type-simple"},"amp_enabled":true,"_links":{"self":[{"href":"https:\/\/www.hydraulic-cylinders.net\/lt\/wp-json\/wp\/v2\/product\/19706","targetHints":{"allow":["GET"]}}],"collection":[{"href":"https:\/\/www.hydraulic-cylinders.net\/lt\/wp-json\/wp\/v2\/product"}],"about":[{"href":"https:\/\/www.hydraulic-cylinders.net\/lt\/wp-json\/wp\/v2\/types\/product"}],"replies":[{"embeddable":true,"href":"https:\/\/www.hydraulic-cylinders.net\/lt\/wp-json\/wp\/v2\/comments?post=19706"}],"wp:featuredmedia":[{"embeddable":true,"href":"https:\/\/www.hydraulic-cylinders.net\/lt\/wp-json\/wp\/v2\/media\/17879"}],"wp:attachment":[{"href":"https:\/\/www.hydraulic-cylinders.net\/lt\/wp-json\/wp\/v2\/media?parent=19706"}],"wp:term":[{"taxonomy":"product_brand","embeddable":true,"href":"https:\/\/www.hydraulic-cylinders.net\/lt\/wp-json\/wp\/v2\/product_brand?post=19706"},{"taxonomy":"product_cat","embeddable":true,"href":"https:\/\/www.hydraulic-cylinders.net\/lt\/wp-json\/wp\/v2\/product_cat?post=19706"},{"taxonomy":"product_tag","embeddable":true,"href":"https:\/\/www.hydraulic-cylinders.net\/lt\/wp-json\/wp\/v2\/product_tag?post=19706"}],"curies":[{"name":"wp","href":"https:\/\/api.w.org\/{rel}","templated":true}]}}