{"id":19710,"date":"2025-04-07T07:03:11","date_gmt":"2025-04-07T07:03:11","guid":{"rendered":"https:\/\/www.hydraulic-cylinders.net\/product\/boom-cylinder-for-hengte-wheel-excavator-htl65-8\/"},"modified":"2025-04-07T07:03:13","modified_gmt":"2025-04-07T07:03:13","slug":"boom-cylinder-for-hengte-wheel-excavator-htl65-8","status":"publish","type":"product","link":"https:\/\/www.hydraulic-cylinders.net\/lt\/produktas\/boom-cylinder-for-hengte-wheel-excavator-htl65-8\/","title":{"rendered":"Hengte ratinio ekskavatoriaus HTL65-8 str\u0117l\u0117s cilindras"},"content":{"rendered":"<h1>Hengte ratinio ekskavatoriaus HTL65-8 str\u0117l\u0117s cilindras<\/h1>\n<h2>Produkto ap\u017evalga<\/h2>\n<p>\u201eHengte\u201c ratinio ekskavatoriaus HTL65-8 str\u0117l\u0117s cilindras yra specializuotas hidraulinis cilindras, skirtas valdyti str\u0117l\u0117s jud\u0117jim\u0105 \u012fvairiuose sunkiuose \u012frenginiuose, \u012fskaitant ekskavatorius, ekskavatorinius krautuvus ir frontalinius krautuvus. \u0160is hidraulinis cilindras atlieka labai svarb\u0173 vaidmen\u012f leid\u017eiant str\u0117lei kelti, nuleisti ir pakreipti, taip efektyviai atliekant med\u017eiag\u0173 tvarkymo u\u017eduotis. Kau\u0161o cilindras suprojektuotas taip, kad u\u017etikrint\u0173 patikim\u0105 veikim\u0105 ekstremaliomis s\u0105lygomis, u\u017etikrinant, kad sunkius krovinius b\u016bt\u0173 galima manevruoti tiksliai ir saugiai.<\/p>\n<p><img decoding=\"async\" src=\"https:\/\/www.hydraulic-cylinders.net\/wp-content\/uploads\/2025\/04\/songte-company-1.webp\" alt=\"Str\u0117l\u0117s cilindras\" \/><\/p>\n<h2>Pagrindin\u0117s savyb\u0117s<\/h2>\n<ul>\n<li>\n<h3>Didelis stiprumas ir ilgaam\u017ei\u0161kumas<\/h3>\n<p>Paprastai pagaminti i\u0161 didelio stiprumo plieno arba aliuminio, \u0161ie cilindrai gali atlaikyti auk\u0161t\u0105 sl\u0117g\u012f ir dideles apkrovas, tod\u0117l tinkami naudoti at\u0161iauriomis darbo s\u0105lygomis. Konstrukcijoje pabr\u0117\u017eiamas atsparumas dilimui ir apsauga nuo korozijos, tod\u0117l tarnavimo laikas gerokai pailg\u0117ja.<\/p>\n<\/li>\n<li>\n<h3>Efektyvus hidraulinis valdymas<\/h3>\n<p>Cilindras naudoja hidraulin\u0117s alyvos sl\u0117g\u012f, kad skland\u017eiai i\u0161skleist\u0173 ir atitraukt\u0173, greitai reaguot\u0173 \u012f valdymo komandas ir u\u017etikrint\u0173 galingas st\u016bmimo-traukimo galimybes, idealiai tinkan\u010dias sunkiems daiktams tvarkyti ir sud\u0117tingoms u\u017eduotims atlikti.<\/p>\n<\/li>\n<li>\n<h3>\u012evair\u016bs tipai<\/h3>\n<p>Kau\u0161o cilindras, tiekiamas tiek vienpusio veikimo (hidraulinis, naudojamas viena kryptimi), tiek dvipusio veikimo (hidraulinis, naudojamas abiem kryptimis) konfig\u016bracij\u0173, gali b\u016bti pritaikytas \u012fvairiems eksploatavimo poreikiams, kai kurie modeliai yra teleskopiniai, leid\u017eiantys didesn\u012f i\u0161pl\u0117tim\u0105 nedidinant i\u0161orini\u0173 matmen\u0173, tod\u0117l puikiai tinka naudoti ribotoje erdv\u0117je.<\/p>\n<\/li>\n<\/ul>\n<p>M\u016bs\u0173 \u012fmon\u0117 specializuojasi \u0161io produkto gamyboje, o m\u016bs\u0173 cilindrai gali puikiai pakeisti esamus hidraulinius cilindrus.<\/p>\n<p><img decoding=\"async\" src=\"https:\/\/www.hydraulic-cylinders.net\/wp-content\/uploads\/2025\/04\/songte-cylinder-head-with-all-kinds-excavator-models.webp\" alt=\"Ekskavatori\u0173 modeliai\" \/><\/p>\n<h2>Parai\u0161kos<\/h2>\n<ul>\n<li>\n<h3>Statybin\u0117 \u012franga<\/h3>\n<p>Ekskavatoriuose str\u0117l\u0117s cilindrai yra gyvybi\u0161kai svarb\u016bs kasant, kraunant ir perkeliant \u017eem\u0119 ar \u0161iuk\u0161les. J\u0173 na\u0161umas yra labai svarbus kasimo procesui, u\u017etikrinant, kad operatoriai gal\u0117t\u0173 efektyviai valdyti didelius med\u017eiagos kiekius. Str\u0117l\u0117s geb\u0117jimas pasiekti \u012fvairius kampus ir gylius padidina ekskavatoriaus universalum\u0105 darbo vietoje.<\/p>\n<\/li>\n<li>\n<h3>\u017dem\u0117s \u016bkio technika<\/h3>\n<p>Priekiniuose krautuvuose str\u0117l\u0117s cilindrai padeda semti, kelti ir transportuoti dirvo\u017eem\u012f, \u0161ien\u0105 ir kitas med\u017eiagas. Tvirta j\u0173 konstrukcija leid\u017eia \u017eem\u0117s \u016bkio ma\u0161inoms atlikti sunkius k\u0117limo darbus, taip padidinant na\u0161um\u0105 tiek \u016bkiuose, tiek statybviet\u0117se.<\/p>\n<\/li>\n<li>\n<h3>Ekskavatoriai<\/h3>\n<p>Str\u0117l\u0117s cilindras leid\u017eia ekskavatoriaus kau\u0161ui efektyviai \u012fsiskverbti \u012f dirv\u0105 kasimo darb\u0173 metu. \u0160i galimyb\u0117 yra labai svarbi \u012fvairiems projektams, \u012fskaitant kra\u0161tovaizd\u017eio tvarkym\u0105, kasyb\u0105 ir keli\u0173 tiesim\u0105, nes leid\u017eia kasti giliau ir efektyviau.<\/p>\n<\/li>\n<li>\n<h3>Krautuvai<\/h3>\n<p>Priekiniuose krautuvuose \u0161ie cilindrai yra labai svarb\u016bs efektyviam krovini\u0173 k\u0117limui ir i\u0161vertimui. D\u0117l geb\u0117jimo valdyti svor\u012f ir u\u017etikrinti stabilum\u0105 darbo metu jie yra nepakei\u010diami med\u017eiag\u0173 tvarkymo u\u017eduotyse.<\/p>\n<\/li>\n<\/ul>\n<h2>Dizaino aspektai<\/h2>\n<ul>\n<li>\n<h3>Keliamoji galia<\/h3>\n<p>Projektuojant str\u0117l\u0117s cilindrus, svarbiausias aspektas yra keliamoji galia, nes ji lemia, kokias u\u017eduotis cilindras gali atlikti. Didel\u0117 keliamoji galia u\u017etikrina, kad hidraulin\u0117 sistema gali pakelti arba perkelti sunkias med\u017eiagas nepakenkdama saugumui ar na\u0161umui.<\/p>\n<\/li>\n<li>\n<h3>Sandarinimas<\/h3>\n<p>Efektyvus sandarinimas yra labai svarbus siekiant i\u0161vengti hidraulinio skys\u010dio nuot\u0117kio, kuris gali pakenkti na\u0161umui ir saugai. Auk\u0161tos kokyb\u0117s sandarikliai, pagaminti i\u0161 patvari\u0173 med\u017eiag\u0173, toki\u0173 kaip poliuretanas arba nitrilo kau\u010diukas, yra b\u016btini norint i\u0161laikyti hidraulin\u0117s sistemos vientisum\u0105.<\/p>\n<\/li>\n<li>\n<h3>Patvarumas<\/h3>\n<p>Patvarumas yra svarbus veiksnys, nes str\u0117l\u0117s cilindrai da\u017enai veikiami at\u0161iauri\u0173 darbo s\u0105lyg\u0173. J\u0173 konstrukcijoje naudojamos med\u017eiagos ir projektavimo procesai turi teikti pirmenyb\u0119 ilgalaikiam na\u0161umui, siekiant suma\u017einti prie\u017ei\u016bros ir keitimo da\u017enum\u0105.<\/p>\n<\/li>\n<li>\n<h3>Saugumas<\/h3>\n<p>Saugos aspektai apima apsaugini\u0173 vo\u017etuv\u0173 ir kit\u0173 mechanizm\u0173 naudojim\u0105, siekiant i\u0161vengti vir\u0161sl\u0117gio ir u\u017etikrinti, kad sistem\u0105 b\u016bt\u0173 galima saugiai eksploatuoti esant apkrovai. Projektuojant taip pat tur\u0117t\u0173 b\u016bti numatytos funkcijos, leid\u017eian\u010dios lengvai pasiekti sistem\u0105 atliekant technin\u0117s prie\u017ei\u016bros patikrinimus.<\/p>\n<\/li>\n<li>\n<h3>Prie\u017ei\u016bra<\/h3>\n<p>Labai svarbu projektuoti taip, kad b\u016bt\u0173 lengva pri\u017ei\u016br\u0117ti, nes reguliari patikra gali pad\u0117ti i\u0161vengti brangaus remonto ir prastov\u0173. Tokios savyb\u0117s kaip lengvai kei\u010diami sandarikliai ir prieinami tvirtinimo ta\u0161kai yra b\u016btinos efektyviam aptarnavimui.<\/p>\n<\/li>\n<\/ul>\n<p><img decoding=\"async\" src=\"https:\/\/www.hydraulic-cylinders.net\/wp-content\/uploads\/2025\/04\/songte-oil-pipes-and-spare-parts.webp\" alt=\"Naftos vamzd\u017eiai ir atsargin\u0117s dalys\" \/><\/p>\n<h2>Sandarinimas ir tepimas<\/h2>\n<p>Tinkamas sandarinimas ir tepimas yra labai svarb\u016bs efektyviam hidraulini\u0173 cilindr\u0173 veikimui. Siekiant u\u017etikrinti tvirt\u0105 prigludim\u0105 ir i\u0161vengti nuot\u0117ki\u0173, naudojami \u012fvair\u016bs sandarikliai, \u012fskaitant st\u016bmoklinius ir kot\u0173 sandariklius. Tokios med\u017eiagos kaip poliuretanas ir nitrilo kau\u010diukas da\u017eniausiai pasirenkamos d\u0117l j\u0173 atsparumo dilimui ir ilgaam\u017ei\u0161kumo. Cilindro korpusas ir srieginiai galai yra kruop\u0161\u010diai apdirbti, siekiant padidinti atsparum\u0105 dilimui, o tai yra labai svarbu ilgaam\u017ei\u0161kumui.<\/p>\n<p>Taip pat b\u016btinas reguliarus tepimas, reikalaujantis planini\u0173 patikrinim\u0173, siekiant u\u017etikrinti, kad b\u016bt\u0173 naudojamas pakankamas hidraulin\u0117s alyvos kiekis optimaliam veikimui palaikyti ir i\u0161vengti nusid\u0117v\u0117jimo. Tepimo svarbos negalima pervertinti, nes jis suma\u017eina trint\u012f ir pailgina hidraulini\u0173 komponent\u0173 tarnavimo laik\u0105.<\/p>\n<h2>Reguliarus patikrinimas ir prevencin\u0117 prie\u017ei\u016bra<\/h2>\n<p>Reguliarios patikros ir prevencin\u0117s prie\u017ei\u016bros priemoni\u0173 \u012fgyvendinimas yra b\u016btinas hidraulini\u0173 cilindr\u0173 ilgaam\u017ei\u0161kumui ir veikimui. Pagrindin\u0117s priemon\u0117s apima:<\/p>\n<ul>\n<li>\n<h3>Reguliar\u016bs patikrinimai<\/h3>\n<p>Reguliariai atlikite patikrinimus, kad nustatytum\u0117te bet kokius susid\u0117v\u0117jimo ar pa\u017eeidimo po\u017eymius. Ie\u0161kokite cilindro nuot\u0117ki\u0173, \u012ftr\u016bkim\u0173 ar deformacij\u0173. Ankstyvas problem\u0173 nustatymas gali pad\u0117ti i\u0161vengti brangaus remonto ir prastov\u0173.<\/p>\n<\/li>\n<li>\n<h3>Tinkamas tepimas<\/h3>\n<p>\u012esitikinkite, kad hidraulinio skys\u010dio lygis yra pakankamas, o alyva \u2013 \u0161vari ir be ter\u0161al\u0173. Nustatykite reguliar\u0173 tepimo grafik\u0105, kad sandarikliai ir judan\u010dios dalys veikt\u0173 optimaliai.<\/p>\n<\/li>\n<li>\n<h3>Sandariklio keitimas<\/h3>\n<p>Reguliariai tikrinkite sandariklius, ar jie n\u0117ra susid\u0117v\u0117j\u0119, ir prireikus juos pakeiskite, kad i\u0161vengtum\u0117te nuot\u0117ki\u0173 ir palaikytum\u0117te sistemos sl\u0117g\u012f. Tinkamai pri\u017ei\u016brimi sandarikliai \u017eymiai pailgina hidraulinio cilindro tarnavimo laik\u0105.<\/p>\n<\/li>\n<\/ul>\n<h2>\u012erengimo gair\u0117s<\/h2>\n<p>Tinkamas str\u0117l\u0117s cilindro montavimas yra labai svarbus norint u\u017etikrinti optimal\u0173 na\u0161um\u0105 ir saug\u0105. Nor\u0117dami teisingai sumontuoti, atlikite \u0161iuos veiksmus:<\/p>\n<p>Pirmiausia \u012fsitikinkite, kad darbo vieta yra \u0161vari ir be \u0161iuk\u0161li\u0173, kad montavimo procesas b\u016bt\u0173 sklandus. Tada tiksliai sulygiuokite hidraulin\u012f cilindr\u0105 su ma\u0161inos tvirtinimo ta\u0161kais. Naudokite tinkamus tvirtinimo laikiklius, kad tvirtai pritvirtintum\u0117te cilindr\u0105. Svarbu patikrinti sulygiavim\u0105 prie\u0161 priver\u017eiant var\u017etus, kad i\u0161vengtum\u0117te per didelio cilindro \u012ftempimo.<\/p>\n<p>Pritvirtin\u0119 cilindr\u0105, prijunkite hidraulines linijas, \u012fsitikindami, kad \u017earnos n\u0117ra sulenktos ar susisukusios. Prie\u0161 naudodami mechanizm\u0105, pripildykite hidraulin\u0119 sistem\u0105 rekomenduojamu skys\u010diu ir i\u0161leiskite or\u0105 i\u0161 linij\u0173. Galiausiai atlikite funkcionalumo bandym\u0105, kad \u012fsitikintum\u0117te, jog viskas veikia skland\u017eiai, ir prireikus atlikite reguliavim\u0105.<\/p>\n<h2>\u012eprastos prie\u017ei\u016bros u\u017eduotys<\/h2>\n<p>Hidraulini\u0173 cilindr\u0173 prie\u017ei\u016bra reikalauja keli\u0173 pagrindini\u0173 u\u017eduo\u010di\u0173:<\/p>\n<ul>\n<li>\n<h3>Reguliar\u016bs patikrinimai<\/h3>\n<p>Norint nustatyti susid\u0117v\u0117jim\u0105 ar galimus gedimus, kol jie nepadid\u0117jo, b\u016btini periodiniai patikrinimai. Patikrinim\u0173 metu reik\u0117t\u0173 \u012fvertinti cilindro i\u0161orin\u0119 b\u016bkl\u0119, patikrinti, ar n\u0117ra nuot\u0117ki\u0173, ir \u012fsitikinti, kad visos jungtys yra tvirtos.<\/p>\n<\/li>\n<li>\n<h3>Tinkamas tepimas<\/h3>\n<p>Tepimas yra labai svarbus hidraulini\u0173 cilindr\u0173 ilgaam\u017ei\u0161kumui. \u012esitikinkite, kad sandarikliai yra tinkamai sutepti, kad nesusid\u0117v\u0117t\u0173 ir b\u016bt\u0173 u\u017etikrintas sklandus veikimas. Reguliariai papildykite hidraulinio skys\u010dio pagal poreik\u012f.<\/p>\n<\/li>\n<li>\n<h3>Sandariklio keitimas<\/h3>\n<p>Reguliariai keiskite sandariklius, kad i\u0161laikytum\u0117te hidraulin\u0117s sistemos vientisum\u0105. \u0160i u\u017eduotis tur\u0117t\u0173 b\u016bti atliekama atliekant \u012fprastinius technin\u0117s prie\u017ei\u016bros patikrinimus, u\u017etikrinant, kad nauji sandarikliai b\u016bt\u0173 tinkamai sumontuoti, kad b\u016bt\u0173 i\u0161vengta nuot\u0117ki\u0173.<\/p>\n<\/li>\n<\/ul>\n<p><img decoding=\"async\" src=\"https:\/\/www.hydraulic-cylinders.net\/wp-content\/uploads\/2025\/04\/songte-chushion-collar.webp\" alt=\"Pagalv\u0117l\u0117s apykakl\u0117\" \/><\/p>\n<h2>Saugos aspektai ir aplinkos veiksniai<\/h2>\n<p>Dirbant su hidrauliniais cilindrais, saugos priemon\u0117s yra nepaprastai svarbios. Tinkamas operatori\u0173 ir technin\u0117s prie\u017ei\u016bros personalo mokymas yra b\u016btinas siekiant suma\u017einti rizik\u0105. Dirbdami su hidraulin\u0117mis sistemomis, visada naudokite asmenines apsaugos priemones (AAP). Be to, atsi\u017evelkite \u012f skys\u010di\u0173 nuot\u0117kio poveik\u012f aplinkai; \u012fsitikinkite, kad visi sandarikliai ir jungiamosios detal\u0117s yra geros b\u016bkl\u0117s, kad b\u016bt\u0173 i\u0161vengta dirvo\u017eemio ir vandens \u0161altini\u0173 u\u017eter\u0161imo.<\/p>\n<h2>Gedim\u0173 diagnostika ir da\u017eniausios problemos<\/h2>\n<ul>\n<li>\n<h3>Nuot\u0117kis<\/h3>\n<p>Hidraulinio skys\u010dio nuot\u0117kiai yra da\u017eniausia hidraulini\u0173 cilindr\u0173 problema. Jie gali atsirasti d\u0117l susid\u0117v\u0117jusi\u0173 sandarikli\u0173 arba pa\u017eeist\u0173 jungiam\u0173j\u0173 detali\u0173. Norint i\u0161vengti skys\u010di\u0173 praradimo, b\u016btina reguliariai tikrinti ir laiku keisti sandariklius.<\/p>\n<\/li>\n<li>\n<h3>Suma\u017eintas na\u0161umas<\/h3>\n<p>Jei cilindras nereaguoja gerai arba jo keliamoji galia yra suma\u017e\u0117jusi, tai gali rodyti vidinius pa\u017eeidimus arba \u017eem\u0105 skys\u010dio lyg\u012f. Patikrinkite hidraulin\u012f skyst\u012f ir ap\u017ei\u016br\u0117kite cilindr\u0105, ar n\u0117ra vidini\u0173 susid\u0117v\u0117jim\u0173.<\/p>\n<\/li>\n<li>\n<h3>Perkaitimas<\/h3>\n<p>Perkaitimas gali \u012fvykti d\u0117l didelio sistemos sl\u0117gio arba nepakankamo tepimo. \u012esitikinkite, kad hidraulin\u0117 alyva yra reguliariai kei\u010diama ir kad sistema n\u0117ra perkrauta.<\/p>\n<\/li>\n<\/ul>\n<h2>Trik\u010di\u0173 \u0161alinimo patarimai<\/h2>\n<p>Nor\u0117dami efektyviai diagnozuoti ir i\u0161spr\u0119sti hidraulini\u0173 cilindr\u0173 problemas, vadovaukit\u0117s \u0161iais trik\u010di\u0173 \u0161alinimo patarimais:<\/p>\n<ul>\n<li>Patikrinkite, ar hidraulin\u0117se linijose ir jungiamosiose detal\u0117se n\u0117ra matom\u0173 pa\u017eeidim\u0173 ar nuot\u0117ki\u0173, ir prireikus pakeiskite arba suremontuokite.<\/li>\n<li>\u012esitikinkite, kad hidraulinis skystis yra tinkamo lygio ir geros b\u016bkl\u0117s, ir pakeiskite j\u012f, jei jis u\u017esiter\u0161\u0119s.<\/li>\n<li>Steb\u0117kite hidraulinio skys\u010dio temperat\u016br\u0105 ir u\u017etikrinkite, kad ji i\u0161likt\u0173 normaliose darbin\u0117se ribose.<\/li>\n<\/ul>\n<p>\u012egyvendinant prevencines priemones, tokias kaip reguliari technin\u0117 prie\u017ei\u016bra, bus suma\u017eintos galimos problemos ir u\u017etikrintas hidraulin\u0117s sistemos patikimumas.<\/p>\n<p><img decoding=\"async\" src=\"https:\/\/www.hydraulic-cylinders.net\/wp-content\/uploads\/2025\/04\/songte-bushings-with-all-kinds-of-excavator-models.webp\" alt=\"\u012evor\u0117s\" \/><\/p>\n<h2>\u012emon\u0117s ap\u017evalga<\/h2>\n<p>Esame gamintojas, kuris specializuojasi alternatyvi\u0173 hidraulini\u0173 cilindr\u0173 gamyboje. Si\u016blome plat\u0173 gamini\u0173 asortiment\u0105, kuris pavert\u0117 mus vienais i\u0161 pirmaujan\u010di\u0173 gamintoj\u0173 ir didmeninink\u0173 tiek vidaus, tiek tarptautin\u0117se rinkose. Laikom\u0117s auk\u0161\u010diausios kokyb\u0117s principo, gamybos valdyme taikydami rafinuotas gamybos strategijas. M\u016bs\u0173 \u012fsipareigojimas pasitelkti kvalifikuotus darbuotojus, pa\u017eangi\u0105 skaitmenin\u0119 gamybos \u012frang\u0105 ir profesionalias testavimo sistemas nuolat didina m\u016bs\u0173 gamybos paj\u0117gumus.<\/p>\n<p>Siekdami patenkinti \u012fvairius klient\u0173 poreikius, daugiausia d\u0117mesio skiriame efektyvumui, tikslumui ir auk\u0161tai kokybei. M\u016bs\u0173 tarptautiniai sertifikatai u\u017etikrina, kad m\u016bs\u0173 gaminiai atitinka pasaulinius standartus, o individualiai pritaikytos paslaugos leid\u017eia mums pritaikyti sprendimus konkretiems klient\u0173 poreikiams. Be to, m\u016bs\u0173 patikimas garantinio aptarnavimo teikimas u\u017etikrina, kad m\u016bs\u0173 klientai gaut\u0173 reikiam\u0105 pagalb\u0105, kad gal\u0117t\u0173 efektyviai pri\u017ei\u016br\u0117ti savo hidraulines sistemas.<\/p>\n<p><img decoding=\"async\" src=\"https:\/\/www.hydraulic-cylinders.net\/wp-content\/uploads\/2025\/04\/songte-company-4.webp\" alt=\"\u012emon\u0117s ap\u017evalga\" \/><br \/>\n<img decoding=\"async\" src=\"https:\/\/www.hydraulic-cylinders.net\/wp-content\/uploads\/2025\/04\/songte-company-3.webp\" alt=\"Gamybos \u012frenginiai\" \/><\/p>\n<p>Autorius: lyl<\/p>","protected":false},"excerpt":{"rendered":"<p>Boom Cylinder For Hengte Wheel Excavator HTL65-8 Product Overview The Boom Cylinder for Hengte Wheel Excavator HTL65-8 is a specialized hydraulic cylinder designed to control the movement of the boom on various heavy machinery, including excavators, backhoe loaders, and front loaders. This hydraulic cylinder plays a crucial role in enabling the boom to lift, lower, [&hellip;]<\/p>","protected":false},"featured_media":17868,"comment_status":"open","ping_status":"closed","template":"","meta":{"_et_pb_use_builder":"","_et_pb_old_content":"","_et_gb_content_width":""},"product_brand":[],"product_cat":[1546],"product_tag":[1547,1496],"class_list":{"0":"post-19710","1":"product","2":"type-product","3":"status-publish","4":"has-post-thumbnail","6":"product_cat-boom-cylinders","7":"product_tag-boom-cylinders","8":"product_tag-hydraulic-cylinders","10":"first","11":"instock","12":"shipping-taxable","13":"product-type-simple"},"amp_enabled":true,"_links":{"self":[{"href":"https:\/\/www.hydraulic-cylinders.net\/lt\/wp-json\/wp\/v2\/product\/19710","targetHints":{"allow":["GET"]}}],"collection":[{"href":"https:\/\/www.hydraulic-cylinders.net\/lt\/wp-json\/wp\/v2\/product"}],"about":[{"href":"https:\/\/www.hydraulic-cylinders.net\/lt\/wp-json\/wp\/v2\/types\/product"}],"replies":[{"embeddable":true,"href":"https:\/\/www.hydraulic-cylinders.net\/lt\/wp-json\/wp\/v2\/comments?post=19710"}],"wp:featuredmedia":[{"embeddable":true,"href":"https:\/\/www.hydraulic-cylinders.net\/lt\/wp-json\/wp\/v2\/media\/17868"}],"wp:attachment":[{"href":"https:\/\/www.hydraulic-cylinders.net\/lt\/wp-json\/wp\/v2\/media?parent=19710"}],"wp:term":[{"taxonomy":"product_brand","embeddable":true,"href":"https:\/\/www.hydraulic-cylinders.net\/lt\/wp-json\/wp\/v2\/product_brand?post=19710"},{"taxonomy":"product_cat","embeddable":true,"href":"https:\/\/www.hydraulic-cylinders.net\/lt\/wp-json\/wp\/v2\/product_cat?post=19710"},{"taxonomy":"product_tag","embeddable":true,"href":"https:\/\/www.hydraulic-cylinders.net\/lt\/wp-json\/wp\/v2\/product_tag?post=19710"}],"curies":[{"name":"wp","href":"https:\/\/api.w.org\/{rel}","templated":true}]}}