{"id":19716,"date":"2025-04-07T07:03:30","date_gmt":"2025-04-07T07:03:30","guid":{"rendered":"https:\/\/www.hydraulic-cylinders.net\/product\/boom-cylinder-for-yigong-cy85-8\/"},"modified":"2025-04-07T07:03:33","modified_gmt":"2025-04-07T07:03:33","slug":"boom-cylinder-for-yigong-cy85-8","status":"publish","type":"product","link":"https:\/\/www.hydraulic-cylinders.net\/lt\/produktas\/boom-cylinder-for-yigong-cy85-8\/","title":{"rendered":"Str\u0117l\u0117s cilindras Yigong CY85-8"},"content":{"rendered":"<h1>Str\u0117l\u0117s cilindras Yigong CY85-8<\/h1>\n<h2>Str\u0117l\u0117s cilindro supratimas<\/h2>\n<p>Specialiai \u201eYigong CY85-8\u201c sukurtam str\u0117l\u0117s cilindrui svarbus sunkiosios technikos hidraulini\u0173 sistem\u0173 komponentas. Jis pirmiausia atsakingas u\u017e str\u0117l\u0117s jud\u0117jimo valdym\u0105, leid\u017eiant operatoriams efektyviai pakelti, nuleisti ir pakreipti str\u0117l\u0119. \u0160i funkcija yra gyvybi\u0161kai svarbi atliekant med\u017eiag\u0173 tvarkymo u\u017eduotis \u012fvairiose pramon\u0117s \u0161akose.<\/p>\n<p><img decoding=\"async\" src=\"https:\/\/www.hydraulic-cylinders.net\/wp-content\/uploads\/2025\/04\/songte-company-1.webp\" alt=\"Str\u0117l\u0117s cilindras\" \/><\/p>\n<h3>Apibr\u0117\u017eimas ir ap\u017evalga<\/h3>\n<p>Str\u0117l\u0117s cilindras yra hidraulinio cilindro tipas, specialiai sukurtas valdyti prie sunkiosios \u012frangos, tokios kaip ekskavatoriai, ekskavatoriniai krautuvai ir frontaliniai krautuvai, pritvirtintos str\u0117l\u0117s jud\u0117jim\u0105. Pagrindin\u0117 jo funkcija \u2013 palengvinti kau\u0161o k\u0117lim\u0105, nuleidim\u0105 ir pakreipim\u0105, tod\u0117l tai yra b\u016btinas \u012frankis statybose, \u017eem\u0117s \u016bkyje ir kasybos darbuose. Hidraulin\u0117 sistema panaudoja hidraulin\u0117s alyvos gali\u0105, kad b\u016bt\u0173 u\u017etikrintas sklandus ir efektyvus jud\u0117jimas, leid\u017eiantis operatoriams atlikti u\u017eduotis tiksliai ir lengvai.<\/p>\n<h2>Str\u0117l\u0117s cilindro savyb\u0117s<\/h2>\n<ul>\n<li><strong>Didelis stiprumas ir ilgaam\u017ei\u0161kumas:<\/strong> Pagamintas i\u0161 didelio stiprumo plieno arba aliuminio, str\u0117l\u0117s cilindras yra skirtas atlaikyti auk\u0161t\u0105 sl\u0117g\u012f ir dideles apkrovas, kartu atsparus dilimui ir korozijai, u\u017etikrinant ilgaam\u017ei\u0161kum\u0105 at\u0161iauriomis darbo s\u0105lygomis.<\/li>\n<li><strong>Efektyvus hidraulinis valdymas:<\/strong> Cilindras naudoja hidraulin\u0117s alyvos sl\u0117g\u012f, kad jud\u0117t\u0173 skland\u017eiai ir greitai, suteikdamas didel\u0119 st\u016bmimo ir traukimo j\u0117g\u0105, idealiai tinkan\u010di\u0105 sunki\u0173 med\u017eiag\u0173 tvarkymui ir sud\u0117tingoms u\u017eduotims.<\/li>\n<li><strong>\u012evair\u016bs tipai:<\/strong> Galima rinktis vienpusio veikimo (hidraulinis veikimas viena kryptimi) arba dvipusio veikimo (hidraulinis veikimas abiem kryptimis) konfig\u016bracijas, kad atitikt\u0173 \u012fvairius eksploatacinius poreikius, o kai kurie modeliai si\u016blo teleskopines parinktis, leid\u017eian\u010dias labiau prailginti nepadidinant i\u0161orini\u0173 matmen\u0173.<\/li>\n<li><strong>Individuali gamyba:<\/strong> M\u016bs\u0173 gaminiai gali puikiai pakeisti esamus hidraulinius cilindrus, u\u017etikrindami suderinamum\u0105 ir patikimum\u0105.<\/li>\n<li><strong>Pa\u017eangus dizainas:<\/strong> M\u016bs\u0173 cilindrai, sukurti atsi\u017evelgiant \u012f efektyvum\u0105 ir saugum\u0105, pasi\u017eymi naujausiomis technologijomis, u\u017etikrinan\u010diomis optimal\u0173 na\u0161um\u0105.<\/li>\n<\/ul>\n<p><img decoding=\"async\" src=\"https:\/\/www.hydraulic-cylinders.net\/wp-content\/uploads\/2025\/04\/songte-cylinder-head-with-all-kinds-excavator-models.webp\" alt=\"Cilindro galvut\u0117\" \/><\/p>\n<h2>Str\u0117l\u0117s cilindro pritaikymas<\/h2>\n<h3>Statybin\u0117 \u012franga<\/h3>\n<p>Ekskavatoriuose str\u0117l\u0117s cilindrai yra labai svarb\u016bs kasant, kraunant ir perkeliant \u017eem\u0119 ar \u0161iuk\u0161les. Jie leid\u017eia operatoriui reguliuoti str\u0117l\u0117s kamp\u0105 ir auk\u0161t\u012f, taip maksimaliai padidinant efektyvum\u0105 statybviet\u0117se. Ekskavatoriuose-krautuvuose \u0161ie cilindrai atlieka ir kasimo, ir k\u0117limo funkcijas, padidindami ma\u0161inos universalum\u0105.<\/p>\n<h3>\u017dem\u0117s \u016bkio technika<\/h3>\n<p>Priekiniai krautuvai naudoja str\u0117l\u0117s cilindrus dirvo\u017eemiui, \u0161ienui ir kitoms med\u017eiagoms semti, kelti ir transportuoti. \u0160i galimyb\u0117 yra b\u016btina atliekant tokias u\u017eduotis kaip gyvuli\u0173 \u0161\u0117rimas ar pas\u0117li\u0173 perk\u0117limas, kai efektyvumas ir greitis tiesiogiai veikia produktyvum\u0105.<\/p>\n<h3>Ekskavatoriai<\/h3>\n<p>Ekskavatoriuose str\u0117l\u0117s cilindras leid\u017eia kau\u0161ui \u012fsiskverbti \u012f grunt\u0105, palengvindamas kasimo darbus. Galingas hidraulinis mechanizmas leid\u017eia giliai kasti ir atlikti tikslius judesius, o tai labai svarbu statybose ir \u017eem\u0117s darb\u0173 projektuose.<\/p>\n<h3>Krautuvai<\/h3>\n<p>Priekiniuose krautuvuose str\u0117l\u0117s cilindrai atlieka svarb\u0173 vaidmen\u012f efektyviai keliant ir i\u0161kraunant krovinius. Jie suteikia reikiam\u0105 tvirtum\u0105 sunkiems kroviniams tvarkyti, u\u017etikrindami skland\u0173 darb\u0105 med\u017eiag\u0173 perk\u0117limo metu.<\/p>\n<h2>Projektavimo aspektai ir atrankos kriterijai<\/h2>\n<h3>Keliamoji galia<\/h3>\n<p>Str\u0117l\u0117s cilindro keliamoji galia yra esminis projektavimo aspektas. Jis turi atlaikyti str\u0117l\u0117s ir keliam\u0173 med\u017eiag\u0173 svor\u012f nepakenkdamas saugumui ar na\u0161umui. Cilindro konstrukcija turi atsi\u017evelgti \u012f statines ir dinamines apkrovas, kad b\u016bt\u0173 u\u017etikrintas stabilumas ir funkcionalumas eksploatacijos metu.<\/p>\n<h3>Sandarinimas<\/h3>\n<p>Efektyvus sandarinimas yra labai svarbus siekiant i\u0161vengti hidraulinio skys\u010dio nuot\u0117kio ir palaikyti sl\u0117g\u012f cilindre. Sandarinimo med\u017eiag\u0173, toki\u0173 kaip poliuretanas arba nitrilo kau\u010diukas, pasirinkimas turi \u012ftakos bendram cilindro efektyvumui ir ilgaam\u017ei\u0161kumui. Auk\u0161tos kokyb\u0117s sandarikliai padidina patvarum\u0105 ir suma\u017eina prie\u017ei\u016bros poreik\u012f, taip prisid\u0117dami prie cilindro patikimumo.<\/p>\n<h3>Patvarumas<\/h3>\n<p>Patvarumas yra pagrindinis veiksnys renkantis str\u0117l\u0117s cilindr\u0105. Jis tur\u0117t\u0173 b\u016bti suprojektuotas taip, kad atlaikyt\u0173 at\u0161iaurias darbo s\u0105lygas, \u012fskaitant dulki\u0173, ne\u0161varum\u0173 ir ekstremali\u0173 temperat\u016br\u0173 poveik\u012f. Naudojamos med\u017eiagos ir gamybos procesai vaidina svarb\u0173 vaidmen\u012f nustatant cilindro tarnavimo laik\u0105 ir veikim\u0105 esant apkrovai.<\/p>\n<h3>Saugumas<\/h3>\n<p>\u012e str\u0117l\u0117s cilindro konstrukcij\u0105 turi b\u016bti integruotos saugos funkcijos, kad b\u016bt\u0173 i\u0161vengta atsitiktini\u0173 gedim\u0173 eksploatacijos metu. Tai apima tokias funkcijas kaip sl\u0117gio ma\u017einimo vo\u017etuvai, skirti suma\u017einti per didel\u012f sl\u0117g\u012f, u\u017etikrinant tiek operatori\u0173, tiek \u012frangos saugum\u0105. Reguliar\u016bs saugos patikrinimai taip pat tur\u0117t\u0173 b\u016bti technin\u0117s prie\u017ei\u016bros protokol\u0173 dalis.<\/p>\n<h3>Prie\u017ei\u016bra<\/h3>\n<p>Str\u0117l\u0117s cilindro konstrukcijai ir pasirinkimui tur\u0117t\u0173 \u012ftakos prie\u017ei\u016bros aspektai. Lengva prieiga prie komponent\u0173, skirt\u0173 ap\u017ei\u016brai, tepimui ir keitimui, gali \u017eymiai suma\u017einti prastovas ir u\u017etikrinti efektyv\u0173 cilindro veikim\u0105 vis\u0105 jo eksploatavimo laik\u0105. Konstrukcijos pasirinkimai tur\u0117t\u0173 b\u016bti tokie, kad b\u016bt\u0173 galima reguliariai atlikti technin\u0117s prie\u017ei\u016bros patikrinimus be didelio i\u0161montavimo.<\/p>\n<p><img decoding=\"async\" src=\"https:\/\/www.hydraulic-cylinders.net\/wp-content\/uploads\/2025\/04\/songte-oil-pipes-and-spare-parts.webp\" alt=\"Naftos vamzd\u017eiai ir atsargin\u0117s dalys\" \/><\/p>\n<h2>Sandarinimas ir tepimas<\/h2>\n<p>Efektyvus sandarinimas ir tepimas yra labai svarb\u016bs str\u0117l\u0117s cilindro veikimui. \u012evair\u016bs sandarinimo komponentai, tokie kaip st\u016bmokli\u0173 ir stryp\u0173 sandarikliai, tur\u0117t\u0173 b\u016bti pagaminti i\u0161 patvari\u0173, atspari\u0173 dilimui med\u017eiag\u0173. Cilindro korpuso ir sriegini\u0173 gal\u0173 pavir\u0161iai yra tiksliai apdirbami, kad padid\u0117t\u0173 atsparumas dilimui. Reguliarus tepimas hidrauline alyva yra b\u016btinas siekiant suma\u017einti trint\u012f ir dilim\u0105, u\u017etikrinant skland\u0173 veikim\u0105.<\/p>\n<h2>Reguliarus patikrinimas ir prevencin\u0117 prie\u017ei\u016bra<\/h2>\n<ul>\n<li><strong>Reguliar\u016bs patikrinimai:<\/strong> Reguliar\u016bs patikrinimai, siekiant anksti nustatyti nusid\u0117v\u0117jim\u0105, gali pad\u0117ti i\u0161vengti dideli\u0173 gedim\u0173. Ie\u0161kokite nuot\u0117kio po\u017eymi\u0173, ne\u012fprast\u0173 gars\u0173 ar l\u0117to veikimo.<\/li>\n<li><strong>Tepimas:<\/strong> \u012esitikinkite, kad sandarikliai ir judan\u010dios dalys yra tinkamai sutepti, kad suma\u017eintum\u0117te trint\u012f ir pailgintum\u0117te str\u0117l\u0117s cilindro tarnavimo laik\u0105. Atsi\u017evelgdami \u012f naudojimo da\u017enum\u0105, sudarykite tepimo grafik\u0105.<\/li>\n<li><strong>Sandariklio keitimas:<\/strong> Reguliariai tikrinkite, ar sandarikliai nepa\u017eeisti ir ar jie nesusid\u0117v\u0117j\u0119. Keisdami juos pagal poreik\u012f, i\u0161vengsite nuot\u0117ki\u0173 ir i\u0161laikysite optimal\u0173 cilindro veikim\u0105.<\/li>\n<\/ul>\n<h2>\u012erengimo gair\u0117s<\/h2>\n<p>Tinkamas montavimas yra b\u016btinas efektyviam str\u0117l\u0117s cilindro veikimui. Pirmiausia \u012fsitikinkite, kad visi komponentai yra \u0161var\u016bs ir be \u0161iuk\u0161li\u0173. Tiksliai sulygiuokite cilindr\u0105 su tvirtinimo ta\u0161kais. Naudokite tinkamus tvirtinimo laikiklius, kad pritvirtintum\u0117te cilindr\u0105, neleisdami jam jud\u0117ti darbo metu. \u012esitikinkite, kad hidraulin\u0117s linijos yra tinkamai prijungtos ir n\u0117ra sulenktos ar u\u017esikim\u0161usios. \u012edieg\u0119 patikrinkite, ar n\u0117ra nuot\u0117ki\u0173, ir i\u0161bandykite cilindr\u0105 esant apkrovai, kad patvirtintum\u0117te tinkam\u0105 veikim\u0105.<\/p>\n<h2>\u012eprastos prie\u017ei\u016bros u\u017eduotys<\/h2>\n<ul>\n<li><strong>Reguliar\u016bs patikrinimai:<\/strong> Da\u017enos patikros padeda nustatyti galimas problemas, kol jos nepa\u016bm\u0117jo. Patikrinkite, ar n\u0117ra nuot\u0117ki\u0173, ar n\u0117ra susid\u0117v\u0117jusi\u0173 tarpini\u0173 ir bendr\u0105 cilindro b\u016bkl\u0119.<\/li>\n<li><strong>Tinkamas tepimas:<\/strong> Reguliariai sutepkite reikiamus komponentus, kad suma\u017eintum\u0117te trint\u012f ir susid\u0117v\u0117jim\u0105, taip pailgindami str\u0117l\u0117s cilindro tarnavimo laik\u0105.<\/li>\n<li><strong>Sandariklio keitimas:<\/strong> Steb\u0117kite sandariklius ir prireikus juos pakeiskite, kad palaikytum\u0117te hidraulin\u012f sl\u0117g\u012f ir i\u0161vengtum\u0117te nuot\u0117ki\u0173.<\/li>\n<\/ul>\n<h2>Saugos aspektai ir aplinkos veiksniai<\/h2>\n<p>Saugos priemoni\u0173 \u012fgyvendinimas str\u0117l\u0117s cilindr\u0173 eksploatavimo metu yra nepaprastai svarbus. Operatoriai tur\u0117t\u0173 b\u016bti apmokyti, kad suprast\u0173 rizik\u0105 ir geriausi\u0105 hidraulin\u0117s \u012frangos naudojimo praktik\u0105. Naudokite tinkamas asmenines apsaugos priemones (AAP) ir palaikykite \u0161vari\u0105 darbo aplink\u0105, kad suma\u017eintum\u0117te pavojus.<\/p>\n<h2>Gedim\u0173 diagnostika ir da\u017eniausios problemos<\/h2>\n<ul>\n<li><strong>Nuot\u0117kis:<\/strong> Nuot\u0117kis gali atsirasti d\u0117l pa\u017eeist\u0173 sandarikli\u0173 ar jungiam\u0173j\u0173 detali\u0173. Reguliariai tikrinkite sandariklius ir pakeiskite juos, jei pastebite koki\u0173 nors susid\u0117v\u0117jimo po\u017eymi\u0173.<\/li>\n<li><strong>L\u0117tas veikimas:<\/strong> Jei cilindras veikia l\u0117tai, patikrinkite hidraulinio skys\u010dio lyg\u012f ir \u012fsitikinkite, kad \u017earnose n\u0117ra u\u017esikim\u0161im\u0173.<\/li>\n<li><strong>Ne\u012fprasti garsai:<\/strong> Keisti garsai gali rodyti vidin\u012f susid\u0117v\u0117jim\u0105 arba or\u0105 hidraulin\u0117je sistemoje. I\u0161leiskite or\u0105 i\u0161 sistemos ir patikrinkite, ar n\u0117ra pa\u017eeidim\u0173.<\/li>\n<\/ul>\n<h2>Trik\u010di\u0173 \u0161alinimo patarimai<\/h2>\n<p>Nor\u0117dami efektyviai diagnozuoti ir i\u0161spr\u0119sti str\u0117l\u0117s cilindro problemas, prad\u0117kite nuo kruop\u0161taus patikrinimo. Ie\u0161kokite susid\u0117v\u0117jimo, pa\u017eeidimo ar nuot\u0117kio po\u017eymi\u0173 ir nedelsdami juos pa\u0161alinkite. Reguliariai atlikite technin\u0119 prie\u017ei\u016br\u0105, kad i\u0161vengtum\u0117te problem\u0173, \u012fskaitant \u012fprastin\u012f tepim\u0105 ir sandarikli\u0173 patikrinim\u0105. Technin\u0117s prie\u017ei\u016bros darb\u0173 \u017eurnalas gali pad\u0117ti nustatyti modelius ir galimas problemas, kol jos netapo rimtomis.<\/p>\n<p><img decoding=\"async\" src=\"https:\/\/www.hydraulic-cylinders.net\/wp-content\/uploads\/2025\/04\/songte-bushings-with-all-kinds-of-excavator-models.webp\" alt=\"\u012evor\u0117s\" \/><\/p>\n<h2>Apie m\u016bs\u0173 \u012fmon\u0119<\/h2>\n<p>Esame pirmaujantis hidraulini\u0173 cilindr\u0173 ir komponent\u0173 gamintojas, si\u016blantis plat\u0173 gamini\u0173, skirt\u0173 \u012fvairioms reikm\u0117ms, asortiment\u0105. M\u016bs\u0173 \u012fsipareigojimas kokybei leido mums tapti \u017einomu tiek\u0117ju tiek vidaus, tiek tarptautin\u0117se rinkose. Gamybos procesuose teikiame pirmenyb\u0119 meistri\u0161kumui, pasitelkdami pa\u017eangias technologijas ir kvalifikuotus darbuotojus, kad sukurtume patikimus ir efektyvius hidraulinius sprendimus.<\/p>\n<p><img decoding=\"async\" src=\"https:\/\/www.hydraulic-cylinders.net\/wp-content\/uploads\/2025\/04\/songte-company-4.webp\" alt=\"\u012emon\u0117s ap\u017evalga\" \/><br \/>\n<img decoding=\"async\" src=\"https:\/\/www.hydraulic-cylinders.net\/wp-content\/uploads\/2025\/04\/songte-company-3.webp\" alt=\"Gamybos \u012frenginys\" \/><\/p>\n<p>M\u016bs\u0173 specializacija hidraulini\u0173 cilindr\u0173 srityje, tarptautiniai sertifikatai ir individualaus aptarnavimo galimyb\u0117s i\u0161skiria mus \u0161ioje pramon\u0117s \u0161akoje. Naudojame moderniausi\u0105 gamybos \u012frang\u0105 ir kokyb\u0117s kontrol\u0117s priemones, siekdami u\u017etikrinti, kad m\u016bs\u0173 gaminiai atitikt\u0173 auk\u0161\u010diausius standartus. M\u016bs\u0173 garantinio aptarnavimo paslaugos yra pavyzdin\u0117s, u\u017etikrinan\u010dios klient\u0173 pasitenkinim\u0105 ir ilgalaik\u0119 partneryst\u0119.<\/p>\n<p>Autorius: lyl<\/p>","protected":false},"excerpt":{"rendered":"<p>Boom Cylinder For Yigong CY85-8 Understanding the Boom Cylinder The Boom Cylinder, specifically designed for the Yigong CY85-8, is a crucial component of hydraulic systems used in heavy machinery. It is primarily responsible for controlling the movement of the boom, allowing operators to lift, lower, and tilt the boom effectively. This functionality is vital for [&hellip;]<\/p>","protected":false},"featured_media":17874,"comment_status":"open","ping_status":"closed","template":"","meta":{"_et_pb_use_builder":"","_et_pb_old_content":"","_et_gb_content_width":""},"product_brand":[],"product_cat":[1546],"product_tag":[1547,1496],"class_list":{"0":"post-19716","1":"product","2":"type-product","3":"status-publish","4":"has-post-thumbnail","6":"product_cat-boom-cylinders","7":"product_tag-boom-cylinders","8":"product_tag-hydraulic-cylinders","10":"first","11":"instock","12":"shipping-taxable","13":"product-type-simple"},"amp_enabled":true,"_links":{"self":[{"href":"https:\/\/www.hydraulic-cylinders.net\/lt\/wp-json\/wp\/v2\/product\/19716","targetHints":{"allow":["GET"]}}],"collection":[{"href":"https:\/\/www.hydraulic-cylinders.net\/lt\/wp-json\/wp\/v2\/product"}],"about":[{"href":"https:\/\/www.hydraulic-cylinders.net\/lt\/wp-json\/wp\/v2\/types\/product"}],"replies":[{"embeddable":true,"href":"https:\/\/www.hydraulic-cylinders.net\/lt\/wp-json\/wp\/v2\/comments?post=19716"}],"wp:featuredmedia":[{"embeddable":true,"href":"https:\/\/www.hydraulic-cylinders.net\/lt\/wp-json\/wp\/v2\/media\/17874"}],"wp:attachment":[{"href":"https:\/\/www.hydraulic-cylinders.net\/lt\/wp-json\/wp\/v2\/media?parent=19716"}],"wp:term":[{"taxonomy":"product_brand","embeddable":true,"href":"https:\/\/www.hydraulic-cylinders.net\/lt\/wp-json\/wp\/v2\/product_brand?post=19716"},{"taxonomy":"product_cat","embeddable":true,"href":"https:\/\/www.hydraulic-cylinders.net\/lt\/wp-json\/wp\/v2\/product_cat?post=19716"},{"taxonomy":"product_tag","embeddable":true,"href":"https:\/\/www.hydraulic-cylinders.net\/lt\/wp-json\/wp\/v2\/product_tag?post=19716"}],"curies":[{"name":"wp","href":"https:\/\/api.w.org\/{rel}","templated":true}]}}