{"id":19717,"date":"2025-04-07T07:03:33","date_gmt":"2025-04-07T07:03:33","guid":{"rendered":"https:\/\/www.hydraulic-cylinders.net\/product\/boom-cylinder-for-yigong-cy8150\/"},"modified":"2025-04-07T07:03:35","modified_gmt":"2025-04-07T07:03:35","slug":"boom-cylinder-for-yigong-cy8150","status":"publish","type":"product","link":"https:\/\/www.hydraulic-cylinders.net\/lt\/produktas\/boom-cylinder-for-yigong-cy8150\/","title":{"rendered":"Str\u0117l\u0117s cilindras, skirtas Yigong CY8150"},"content":{"rendered":"<h1>Str\u0117l\u0117s cilindras, skirtas Yigong CY8150<\/h1>\n<h2>\u012evadas \u012f str\u0117l\u0117s cilindr\u0105<\/h2>\n<p>Str\u0117l\u0117s cilindras yra labai svarbus hidraulini\u0173 sistem\u0173 komponentas, specialiai sukurtas valdyti kau\u0161\u0173 jud\u0117jim\u0105 \u012fvairiose sunkiosiose ma\u0161inose, tokiose kaip ekskavatoriai, ekskavatoriniai krautuvai ir frontaliniai krautuvai. \u0160is hidraulinis cilindras leid\u017eia kau\u0161ui pakelti, nuleisti ir pakreipti, taip palengvinant efektyv\u0173 med\u017eiag\u0173 tvarkym\u0105. Jis atlieka gyvybi\u0161kai svarb\u0173 vaidmen\u012f u\u017etikrinant skland\u0173 ir efektyv\u0173 \u012frangos veikim\u0105, didinant na\u0161um\u0105 statybviet\u0117se ir kitose pramonin\u0117se srityse.<\/p>\n<p><img decoding=\"async\" src=\"https:\/\/www.hydraulic-cylinders.net\/wp-content\/uploads\/2025\/04\/songte-company-1.webp\" alt=\"Str\u0117l\u0117s cilindras\" \/><\/p>\n<h3>Apibr\u0117\u017eimas ir ap\u017evalga<\/h3>\n<p>Str\u0117l\u0117s cilindras, dar \u017einomas kaip kau\u0161o cilindras, yra hidraulinio cilindro tipas, specialiai sukurtas valdyti sunkiosios technikos kau\u0161o jud\u0117jim\u0105. Jis suprojektuotas taip, kad valdyt\u0173 did\u017eiul\u012f sl\u0117g\u012f, susidarant\u012f darbo metu, ir leist\u0173 atlikti tikslius judesius, reikalingus k\u0117limui ir pakreipimui. Str\u0117l\u0117s cilindro konstrukcija ir funkcionalumas yra nepaprastai svarb\u016bs, nes jie tiesiogiai veikia sud\u0117tingomis s\u0105lygomis naudojam\u0173 ma\u0161in\u0173 efektyvum\u0105 ir veiksmingum\u0105.<\/p>\n<h2>Yigong CY8150 str\u0117l\u0117s cilindro savyb\u0117s<\/h2>\n<ul>\n<li><strong>Didelis stiprumas ir ilgaam\u017ei\u0161kumas:<\/strong> Pagamintas i\u0161 didelio stiprumo plieno arba aliuminio, str\u0117l\u0117s cilindras gali atlaikyti didel\u012f sl\u0117g\u012f ir dideles apkrovas, tod\u0117l tinka at\u0161iaurioms darbo s\u0105lygoms. Jis suprojektuotas atsi\u017evelgiant \u012f atsparum\u0105 dilimui ir korozijai, taip pailginant jo tarnavimo laik\u0105.<\/li>\n<li><strong>Efektyvus hidraulinis valdymas:<\/strong> Naudodamas hidraulin\u0117s alyvos sl\u0117g\u012f, cilindras u\u017etikrina skland\u0173 ir reaguojant\u012f i\u0161pl\u0117tim\u0105 ir atitraukim\u0105, sukurdamas galingas st\u016bmimo ir traukimo j\u0117gas, idealiai tinkan\u010dias sunkiems daiktams tvarkyti ir sud\u0117tingoms u\u017eduotims atlikti.<\/li>\n<li><strong>\u012evair\u016bs tipai:<\/strong> Str\u0117l\u0117s cilindras, kur\u012f galima \u012fsigyti vienpusio (veikian\u010dio viena kryptimi) arba dvipusio (veikian\u010dio dviem kryptimis) konfig\u016bracijos, gali b\u016bti pritaikytas konkretiems eksploatavimo poreikiams. Kai kurie modeliai yra teleskopiniai, tod\u0117l galima labiau i\u0161tiesti nedidinant i\u0161orini\u0173 matmen\u0173, tod\u0117l puikiai tinka naudoti ribotoje erdv\u0117je.<\/li>\n<li><strong>Suderinamumas:<\/strong> M\u016bs\u0173 sijos suprojektuotos taip, kad puikiai pakeist\u0173 esamus hidraulinius cilindrus, u\u017etikrindamos skland\u0173 integravim\u0105 \u012f bet kuri\u0105 hidraulin\u0119 sistem\u0105.<\/li>\n<li><strong>Tikslioji in\u017einerija:<\/strong> Kiekvienas cilindras pagamintas naudojant pa\u017eangias gamybos technologijas, u\u017etikrinan\u010dias auk\u0161t\u0105 na\u0161um\u0105 ir patikimum\u0105 net ir sud\u0117tingiausiomis s\u0105lygomis.<\/li>\n<\/ul>\n<p><img decoding=\"async\" src=\"https:\/\/www.hydraulic-cylinders.net\/wp-content\/uploads\/2025\/04\/songte-cylinder-head-with-all-kinds-excavator-models.webp\" alt=\"Suderinami modeliai\" \/><\/p>\n<h2>Str\u0117l\u0117s cilindro pritaikymas<\/h2>\n<h3>Statybin\u0117 \u012franga<\/h3>\n<p>Ekskavatoriuose str\u0117l\u0117s cilindrai yra b\u016btini kasant, kraunant ir perkeliant \u017eem\u0119 ar \u0161iuk\u0161les. J\u0173 konstrukcija leid\u017eia pasiekti didel\u0119 k\u0117limo gali\u0105, tod\u0117l operatoriai gali efektyviai valdyti sunkius krovinius ir tiksliai atlikti u\u017eduotis. Ekskavatoriuose-krautuvuose kau\u0161o cilindrai padeda tiek kasti, tiek kelti, padidindami ma\u0161inos universalum\u0105 ir na\u0161um\u0105.<\/p>\n<h3>\u017dem\u0117s \u016bkio technika<\/h3>\n<p>Priekiniuose krautuvuose str\u0117l\u0117s cilindrai atlieka gyvybi\u0161kai svarb\u0173 vaidmen\u012f semiant, keliant ir transportuojant dirvo\u017eem\u012f, \u0161ien\u0105 ir kitas med\u017eiagas. Galimyb\u0117 pakreipti ir pakelti kau\u0161\u0105 leid\u017eia lengvai pakrauti ir i\u0161krauti, tod\u0117l \u0161ios u\u017eduotys yra efektyvesn\u0117s ir operatoriams ma\u017eiau reikalauja fizini\u0173 pastang\u0173.<\/p>\n<h3>Ekskavatoriai<\/h3>\n<p>Ekskavatoriuose str\u0117l\u0117s cilindras leid\u017eia kau\u0161ui \u012fsiskverbti \u012f dirv\u0105, taip palengvindamas efektyvius kasimo darbus. Hidraulinis valdymas u\u017etikrina tiksli\u0105 kau\u0161o pad\u0117t\u012f, suteikdamas operatoriui galimyb\u0119 atlikti sud\u0117tingas u\u017eduotis \u012fvairiomis dirvo\u017eemio s\u0105lygomis.<\/p>\n<h3>Krautuvai<\/h3>\n<p>Priekiniuose krautuvuose str\u0117l\u0117s cilindrai labai padeda efektyviai kelti ir i\u0161versti krovinius. Jie suteikia reikiam\u0105 tvirtum\u0105 ir stabilum\u0105, reikaling\u0105 sunkioms med\u017eiagoms perkelti, u\u017etikrinant greit\u0105 ir saug\u0173 darb\u0173 atlikim\u0105.<\/p>\n<h2>Projektavimo aspektai ir atrankos kriterijai<\/h2>\n<h3>Keliamoji galia<\/h3>\n<p>Renkantis str\u0117l\u0117s cilindr\u0105, svarbiausias veiksnys, \u012f kur\u012f reikia atsi\u017evelgti, yra keliamoji galia. Cilindras turi atlaikyti maksimal\u0173 apkrov\u0173, su kuriomis susidurs, svor\u012f nepakenkdamas saugumui ar na\u0161umui. Tam reikia gerai suprasti ma\u0161inos reikalavimus ir eksploatavimo aplink\u0105.<\/p>\n<h3>Sandarumo vientisumas<\/h3>\n<p>Sandarinimas yra labai svarbus efektyviam hidraulini\u0173 cilindr\u0173 veikimui. Auk\u0161tos kokyb\u0117s sandarikliai apsaugo nuo hidraulinio skys\u010dio nuot\u0117kio, kuris gali suma\u017einti na\u0161um\u0105 ir pa\u017eeisti hidraulin\u0119 sistem\u0105. Sandarinimo med\u017eiag\u0173, toki\u0173 kaip poliuretanas ir nitrilo kau\u010diukas, pasirinkimas turi \u012ftakos cilindro ilgaam\u017ei\u0161kumui ir patikimumui.<\/p>\n<h3>Patvarumas<\/h3>\n<p>Str\u0117l\u0117s cilindrams, veikiantiems at\u0161iauriomis s\u0105lygomis, labai svarbus ilgaam\u017ei\u0161kumas. Naudojamos med\u017eiagos turi b\u016bti atsparios dilimui ir korozijai, kad b\u016bt\u0173 u\u017etikrintas ilgas tarnavimo laikas. Labai svarbu pasirinkti cilindrus, kurie b\u016bt\u0173 pagaminti taip, kad atlaikyt\u0173 ekstremalias s\u0105lygas, \u012fskaitant temperat\u016bros svyravimus ir ter\u0161al\u0173 poveik\u012f.<\/p>\n<h3>Saugos funkcijos<\/h3>\n<p>Saugumas hidraulin\u0117se sistemose yra nepaprastai svarbus. Str\u0117l\u0117s cilindrai tur\u0117t\u0173 b\u016bti suprojektuoti su saugos funkcijomis, kurios apsaugot\u0173 tiek mechanizm\u0105, tiek operatori\u0173. Tai apima sl\u0117gio ma\u017einimo vo\u017etuvus ir tvirt\u0105 konstrukcij\u0105, kuri gali atlaikyti netik\u0117tus \u012ftempius eksploatacijos metu.<\/p>\n<h3>Prie\u017ei\u016bra ir remonto galimyb\u0117s<\/h3>\n<p>Dar vienas svarbus projektavimo aspektas yra paprastas technin\u0117s prie\u017ei\u016bros atlikimas. Str\u0117l\u0117s cilindrus tur\u0117t\u0173 b\u016bti lengva patikrinti, sutepti ir pakeisti sandariklius. Konstrukcija, kuri palengvina greit\u0105 remont\u0105, pagerina bendr\u0105 ma\u0161inos veikimo laik\u0105 ir efektyvum\u0105, tod\u0117l operatoriams lengviau pri\u017ei\u016br\u0117ti \u012frang\u0105.<\/p>\n<p><img decoding=\"async\" src=\"https:\/\/www.hydraulic-cylinders.net\/wp-content\/uploads\/2025\/04\/songte-oil-pipes-and-spare-parts.webp\" alt=\"Hidraulin\u0117s dalys\" \/><\/p>\n<h2>Sandarinimas ir tepimas<\/h2>\n<p>Efektyvus sandarinimas ir tepimas yra gyvybi\u0161kai svarb\u016bs siekiant u\u017etikrinti skland\u0173 ir efektyv\u0173 hidraulinio cilindro veikim\u0105. \u012evair\u016bs sandarikliai, pavyzd\u017eiui, st\u016bmokli\u0173 ir kot\u0173 sandarikliai, yra b\u016btini norint i\u0161vengti skys\u010di\u0173 nuot\u0117kio ir palaikyti sl\u0117g\u012f. Sandarikliai, pagaminti i\u0161 patvari\u0173 med\u017eiag\u0173, toki\u0173 kaip poliuretanas ir nitrilo kau\u010diukas, yra pageidaujami d\u0117l j\u0173 atsparumo dilimui ir aplinkos veiksniams. Be to, cilindro korpusas ir srieginiai galiniai pavir\u0161iai turi b\u016bti kruop\u0161\u010diai apdirbti, kad padid\u0117t\u0173 j\u0173 atsparumas dilimui.<\/p>\n<p>Reguliarus tepimas taip pat yra labai svarbus; operatoriai tur\u0117t\u0173 u\u017etikrinti, kad b\u016bt\u0173 \u012fpur\u0161kiamas pakankamas kiekis hidraulin\u0117s alyvos, kad b\u016bt\u0173 u\u017etikrintas sklandus jud\u0117jimas ir suma\u017einta trintis. Tinkamas tepimas ne tik pailgina sandarikli\u0173 tarnavimo laik\u0105, bet ir pagerina bendr\u0105 hidraulin\u0117s sistemos efektyvum\u0105.<\/p>\n<h2>Prevencin\u0117s prie\u017ei\u016bros priemon\u0117s<\/h2>\n<ul>\n<li><strong>Reguliar\u016bs patikrinimai:<\/strong> Labai svarbu reguliariai tikrinti str\u0117l\u0117s cilindr\u0105, ar n\u0117ra susid\u0117v\u0117jimo, nuot\u0117kio ar pa\u017eeidimo po\u017eymi\u0173. Reguliar\u016bs patikrinimai padeda anksti nustatyti problemas ir v\u0117liau i\u0161vengti rimtesni\u0173 problem\u0173.<\/li>\n<li><strong>Tepimo grafikas:<\/strong> Tepimo grafiko sudarymas u\u017etikrina, kad hidraulinis cilindras b\u016bt\u0173 tinkamai suteptas, taip suma\u017einant nusid\u0117v\u0117jim\u0105. Operatoriai tur\u0117t\u0173 b\u016bti apmokyti reguliariai \u012fpilti tinkamo tipo ir kiekio hidraulin\u0117s alyvos.<\/li>\n<li><strong>Sandariklio keitimas:<\/strong> Tarpikliai tur\u0117t\u0173 b\u016bti reguliariai tikrinami ir prireikus kei\u010diami, kad b\u016bt\u0173 i\u0161vengta nuot\u0117ki\u0173 ir palaikomas hidraulinis sl\u0117gis. Operatoriai tur\u0117t\u0173 atkreipti d\u0117mes\u012f \u012f po\u017eymius, rodan\u010dius tarpikli\u0173 susid\u0117v\u0117jim\u0105, pavyzd\u017eiui, skys\u010dio nuot\u0117k\u012f ar suma\u017e\u0117jus\u012f na\u0161um\u0105.<\/li>\n<\/ul>\n<h2>\u012erengimo gair\u0117s<\/h2>\n<p>Tinkamas str\u0117l\u0117s cilindro montavimas yra labai svarbus optimaliam veikimui. Prie\u0161 montuodami \u012fsitikinkite, kad visi komponentai yra \u0161var\u016bs ir be \u0161iuk\u0161li\u0173. Cilindras turi b\u016bti teisingai sulygiuotas su ma\u0161inos tvirtinimo ta\u0161kais, kad b\u016bt\u0173 i\u0161vengta per didelio cilindro ir susijusi\u0173 dali\u0173 \u012ftempimo.<\/p>\n<p>Rekomenduojama naudoti tinkamus tvirtinimo laikiklius, kad cilindras b\u016bt\u0173 tvirtai pritvirtintas. Tai apsaugo nuo jud\u0117jimo eksploatacijos metu, d\u0117l kurio jis gali b\u016bti pa\u017eeistas ar sugesti. \u012edieg\u0119, prie\u0161 prad\u0117dami eksploatuoti, dar kart\u0105 patikrinkite visas jungtis, ar n\u0117ra sandarumo ir nuot\u0117ki\u0173. \u0160i\u0173 gairi\u0173 laikymasis u\u017etikrins j\u016bs\u0173 hidraulin\u0117s sistemos ilgaam\u017ei\u0161kum\u0105 ir patikimum\u0105.<\/p>\n<h2>Prie\u017ei\u016bros u\u017eduotys<\/h2>\n<ul>\n<li><strong>Reguliar\u016bs patikrinimai:<\/strong> Reguliariai tikrinkite, ar n\u0117ra nuot\u0117ki\u0173, susid\u0117v\u0117jimo ir bendros b\u016bkl\u0117s. Ankstyvas problem\u0173 nustatymas gali pad\u0117ti i\u0161vengti brangaus remonto ir prastov\u0173.<\/li>\n<li><strong>Tinkamas tepimas:<\/strong> \u012esitikinkite, kad hidraulinis cilindras yra suteptas pagal gamintojo rekomendacijas. Tinkamas sutepimas apsaugo nuo per didelio susid\u0117v\u0117jimo ir palaiko na\u0161um\u0105.<\/li>\n<li><strong>Sandariklio keitimo ir kalibravimo patikrinimai:<\/strong> Reguliariai tikrinkite ir keiskite sandariklius, kad i\u0161laikytum\u0117te hidraulin\u012f vientisum\u0105. Kalibravimo patikrinimai u\u017etikrina, kad cilindras veikt\u0173 pagal numatytus parametrus, taip padidindami saug\u0105 ir efektyvum\u0105.<\/li>\n<\/ul>\n<h2>Saugos aspektai ir aplinkos veiksniai<\/h2>\n<p>Naudojant hidraulinius cilindrus, saugos priemon\u0117s yra labai svarbios siekiant i\u0161vengti nelaiming\u0173 atsitikim\u0173 ir su\u017ealojim\u0173. Operatoriai tur\u0117t\u0173 b\u016bti apmokyti tinkamai naudoti ma\u0161inas ir suprasti saugos protokol\u0173 laikymosi svarb\u0105. Reguliar\u016bs saugos auditai gali pad\u0117ti nustatyti galimus pavojus ir imtis taisom\u0173j\u0173 veiksm\u0173.<\/p>\n<p>Aplinkos veiksniai taip pat vaidina svarb\u0173 vaidmen\u012f hidraulini\u0173 cilindr\u0173 ilgaam\u017ei\u0161kumui ir veikimui. Ekstremali\u0173 temperat\u016br\u0173, dr\u0117gm\u0117s ir ter\u0161al\u0173 poveikis gali tur\u0117ti \u012ftakos sandarikli\u0173 vientisumui ir bendram cilindro veikimui. B\u016btina \u012fgyvendinti priemones, skirtas apsaugoti hidraulines sistemas nuo at\u0161iauri\u0173 aplinkos s\u0105lyg\u0173.<\/p>\n<h2>Gedim\u0173 diagnostika ir da\u017eniausios problemos<\/h2>\n<ul>\n<li><strong>Nuot\u0117kis:<\/strong> Jei i\u0161 cilindro teka skystis, tai gali rodyti susid\u0117v\u0117jusius sandariklius. Patikrinkite, ar n\u0117ra matom\u0173 pa\u017eeidim\u0173, ir prireikus pakeiskite sandariklius.<\/li>\n<li><strong>Suma\u017eintas na\u0161umas:<\/strong> Jei cilindras skland\u017eiai nei\u0161sitraukia arba nesusitraukia, tai gali b\u016bti d\u0117l nepakankamo sutepimo arba vidini\u0173 pa\u017eeidim\u0173. Patikrinkite ir sutepkite pagal poreik\u012f.<\/li>\n<li><strong>Netolygus jud\u0117jimas:<\/strong> Jei kau\u0161as arba priedas juda netolygiai, tai gali rodyti lygiavimo problemas arba hidraulinio sl\u0117gio disbalans\u0105. \u012esitikinkite, kad cilindras tinkamai sulygiuotas, ir patikrinkite hidraulin\u0117s sistemos sl\u0117gio pastovum\u0105.<\/li>\n<\/ul>\n<p>Nor\u0117dami s\u0117kmingai pa\u0161alinti problemas, operatoriai tur\u0117t\u0173 registruoti visas i\u0161kilusias problemas, atkreipdami d\u0117mes\u012f \u012f konkre\u010dius simptomus ir s\u0105lygas. \u0160i informacija gali b\u016bti ne\u012fkainojama diagnozuojant gedimus ir \u012fgyvendinant prevencines priemones galimoms problemoms su\u0161velninti.<\/p>\n<p><img decoding=\"async\" src=\"https:\/\/www.hydraulic-cylinders.net\/wp-content\/uploads\/2025\/04\/songte-bushings-with-all-kinds-of-excavator-models.webp\" alt=\"\u012evor\u0117s\" \/><\/p>\n<h2>Apie m\u016bs\u0173 \u012fmon\u0119<\/h2>\n<p>Esame pirmaujantis pakaitini\u0173 hidraulini\u0173 cilindr\u0173 gamintojas, si\u016blantis plat\u0173 gamini\u0173 asortiment\u0105 tiek vidaus, tiek tarptautinei rinkai. M\u016bs\u0173 atsidavimas tobulumui akivaizdus m\u016bs\u0173 tikslios gamybos dirbtuv\u0117se, kuriose taikome kruop\u0161taus gamybos valdymo strategij\u0105.<\/p>\n<p>Nuolat tobuliname savo gamybos paj\u0117gumus investuodami \u012f kvalifikuot\u0105 technin\u012f personal\u0105, pa\u017eangi\u0105 skaitmenin\u0119 gamybos \u012frang\u0105 ir profesionalias testavimo sistemas. \u0160is \u012fsipareigojimas leid\u017eia mums tiekti didelio efektyvumo, didelio tikslumo ir auk\u0161tos kokyb\u0117s produktus, pritaikytus \u012fvairiems klient\u0173 poreikiams.<\/p>\n<p><img decoding=\"async\" src=\"https:\/\/www.hydraulic-cylinders.net\/wp-content\/uploads\/2025\/04\/songte-company-4.webp\" alt=\"\u012emon\u0117s ap\u017evalga\" \/><br \/>\n<img decoding=\"async\" src=\"https:\/\/www.hydraulic-cylinders.net\/wp-content\/uploads\/2025\/04\/songte-company-3.webp\" alt=\"Pa\u017eangi \u012franga\" \/><\/p>\n<h2>I\u0161vada<\/h2>\n<p>Apibendrinant, \u201eYigong CY8150\u201c str\u0117l\u0117s cilindras yra esminis sunkiosios technikos komponentas, u\u017etikrinantis efektyv\u0173 darb\u0105 \u012fvairiose srityse. M\u016bs\u0173 \u012fmon\u0117 did\u017eiuojasi tiekdama auk\u0161tos kokyb\u0117s hidraulinius cilindrus, kuriuos palaiko profesionalios paslaugos ir sprendimai, siekiant patenkinti besikei\u010dian\u010dius m\u016bs\u0173 klient\u0173 poreikius.<\/p>\n<p>Autorius: lyl<\/p>","protected":false},"excerpt":{"rendered":"<p>Boom Cylinder For Yigong CY8150 Introduction to Boom Cylinder The Boom Cylinder is a crucial component in hydraulic systems, specifically designed to control the movement of buckets in various heavy machinery, such as excavators, backhoe loaders, and front loaders. This hydraulic cylinder allows the bucket to lift, lower, and tilt, facilitating efficient material handling tasks. [&hellip;]<\/p>","protected":false},"featured_media":17875,"comment_status":"open","ping_status":"closed","template":"","meta":{"_et_pb_use_builder":"","_et_pb_old_content":"","_et_gb_content_width":""},"product_brand":[],"product_cat":[1546],"product_tag":[1547,1496],"class_list":{"0":"post-19717","1":"product","2":"type-product","3":"status-publish","4":"has-post-thumbnail","6":"product_cat-boom-cylinders","7":"product_tag-boom-cylinders","8":"product_tag-hydraulic-cylinders","10":"first","11":"instock","12":"shipping-taxable","13":"product-type-simple"},"amp_enabled":true,"_links":{"self":[{"href":"https:\/\/www.hydraulic-cylinders.net\/lt\/wp-json\/wp\/v2\/product\/19717","targetHints":{"allow":["GET"]}}],"collection":[{"href":"https:\/\/www.hydraulic-cylinders.net\/lt\/wp-json\/wp\/v2\/product"}],"about":[{"href":"https:\/\/www.hydraulic-cylinders.net\/lt\/wp-json\/wp\/v2\/types\/product"}],"replies":[{"embeddable":true,"href":"https:\/\/www.hydraulic-cylinders.net\/lt\/wp-json\/wp\/v2\/comments?post=19717"}],"wp:featuredmedia":[{"embeddable":true,"href":"https:\/\/www.hydraulic-cylinders.net\/lt\/wp-json\/wp\/v2\/media\/17875"}],"wp:attachment":[{"href":"https:\/\/www.hydraulic-cylinders.net\/lt\/wp-json\/wp\/v2\/media?parent=19717"}],"wp:term":[{"taxonomy":"product_brand","embeddable":true,"href":"https:\/\/www.hydraulic-cylinders.net\/lt\/wp-json\/wp\/v2\/product_brand?post=19717"},{"taxonomy":"product_cat","embeddable":true,"href":"https:\/\/www.hydraulic-cylinders.net\/lt\/wp-json\/wp\/v2\/product_cat?post=19717"},{"taxonomy":"product_tag","embeddable":true,"href":"https:\/\/www.hydraulic-cylinders.net\/lt\/wp-json\/wp\/v2\/product_tag?post=19717"}],"curies":[{"name":"wp","href":"https:\/\/api.w.org\/{rel}","templated":true}]}}