{"id":19719,"date":"2025-04-07T07:03:38","date_gmt":"2025-04-07T07:03:38","guid":{"rendered":"https:\/\/www.hydraulic-cylinders.net\/product\/boom-cylinder-for-yigong-cy860\/"},"modified":"2025-04-07T07:03:41","modified_gmt":"2025-04-07T07:03:41","slug":"boom-cylinder-for-yigong-cy860","status":"publish","type":"product","link":"https:\/\/www.hydraulic-cylinders.net\/lt\/produktas\/boom-cylinder-for-yigong-cy860\/","title":{"rendered":"Str\u0117l\u0117s cilindras, skirtas Yigong CY860"},"content":{"rendered":"<h1>Str\u0117l\u0117s cilindras, skirtas Yigong CY860<\/h1>\n<h2>Produkto ap\u017evalga<\/h2>\n<p>\u201eYigong CY860\u201c str\u0117l\u0117s cilindras yra specializuotas hidraulinis komponentas, skirtas valdyti sunkiosios technikos kau\u0161\u0173 jud\u0117jim\u0105. \u0160is hidraulinis cilindras atlieka labai svarb\u0173 vaidmen\u012f ekskavatoriuose, ekskavatoriniuose krautuvais ir frontaliniuose krautuvuose, nes leid\u017eia \u0161ioms ma\u0161inoms efektyviai kelti, nuleisti ir pakreipti kau\u0161us. Tiksli jo konstrukcija leid\u017eia skland\u017eiai veikti atliekant \u012fvairias med\u017eiag\u0173 tvarkymo u\u017eduotis, tod\u0117l jis yra esmin\u0117 hidraulini\u0173 sistem\u0173 dalis.<\/p>\n<p><img decoding=\"async\" src=\"https:\/\/www.hydraulic-cylinders.net\/wp-content\/uploads\/2025\/04\/songte-company-1.webp\" alt=\"Str\u0117l\u0117s cilindras, skirtas Yigong CY860\" \/><\/p>\n<h3>Apibr\u0117\u017eimas ir funkcionalumas<\/h3>\n<p>Kau\u0161o cilindras, da\u017enai vadinamas str\u0117l\u0117s cilindru, yra hidraulinio cilindro tipas, specialiai naudojamas sunkiosiose ma\u0161inose kau\u0161\u0173 jud\u0117jimui valdyti. \u0160ie cilindrai naudoja hidraulin\u012f skyst\u012f, kad sukurt\u0173 j\u0117g\u0105, leid\u017eian\u010di\u0105 jud\u0117ti kau\u0161ui, o tai yra labai svarbu efektyviam kasimui, k\u0117limui ir med\u017eiag\u0173 transportavimui. Str\u0117l\u0117s cilindr\u0173 konstrukcija u\u017etikrina auk\u0161t\u0105 na\u0161um\u0105 ir patikimum\u0105 sud\u0117tingomis darbo s\u0105lygomis.<\/p>\n<h2>Str\u0117l\u0117s cilindro savyb\u0117s<\/h2>\n<ul>\n<li><strong>Didelis stiprumas ir ilgaam\u017ei\u0161kumas:<\/strong> \u0160ie cilindrai, pagaminti i\u0161 didelio stiprumo plieno arba aliuminio, yra sukurti taip, kad atlaikyt\u0173 auk\u0161t\u0105 sl\u0117g\u012f ir dideles apkrovas, tod\u0117l tinkami at\u0161iaurioms darbo s\u0105lygoms.<\/li>\n<li><strong>Efektyvus hidraulinis valdymas:<\/strong> \u0160i konstrukcija leid\u017eia skland\u017eiai atitraukti ir i\u0161tiesti, suteikdama galingas st\u016bmimo ir traukimo galimybes, b\u016btinas sunkiems k\u0117limo ir sud\u0117tingoms u\u017eduotims.<\/li>\n<li><strong>\u012evair\u016bs tipai:<\/strong> Galima \u012fsigyti vienpusio veikimo (hidraulin\u0117 j\u0117ga naudojama viena kryptimi) arba dvipusio veikimo (hidraulin\u0117 j\u0117ga naudojama dviem kryptimis) konfig\u016bracij\u0173, kad b\u016bt\u0173 patenkinti \u012fvair\u016bs eksploataciniai poreikiai.<\/li>\n<li><strong>Kompakti\u0161kas dizainas:<\/strong> Kai kurie modeliai pasi\u017eymi teleskopine konstrukcija, leid\u017eian\u010dia didesn\u012f i\u0161pl\u0117tim\u0105 nepadidinant i\u0161orini\u0173 matmen\u0173, tod\u0117l idealiai tinka naudoti vietose, kur erdv\u0117 ribota.<\/li>\n<li><strong>Padidintas atsparumas dilimui ir korozijai:<\/strong> \u0160ie cilindrai, sukurti atsi\u017evelgiant \u012f atsparum\u0105 dilimui ir korozijai, tarnauja ilgiau ir juos reikia re\u010diau keisti.<\/li>\n<\/ul>\n<p>M\u016bs\u0173 gaminiai gali puikiai pakeisti \u0161iuos hidraulinius cilindrus.<\/p>\n<p><img decoding=\"async\" src=\"https:\/\/www.hydraulic-cylinders.net\/wp-content\/uploads\/2025\/04\/songte-cylinder-head-with-all-kinds-excavator-models.webp\" alt=\"Hidraulini\u0173 cilindr\u0173 keitimas\" \/><\/p>\n<h2>Str\u0117l\u0117s cilindro pritaikymas<\/h2>\n<h3>Statybin\u0117 \u012franga<\/h3>\n<p>Ekskavatoriuose str\u0117l\u0117s cilindrai yra labai svarb\u016bs kasant, kraunant ir perkeliant grunt\u0105 ar \u0161iuk\u0161les. Jie palengvina tikslius judesius, b\u016btinus efektyviam kasimui. Ekskavatoriuose-krautuvuose \u0161ie cilindrai padeda tiek kasti, tiek kelti, tod\u0117l jie yra universal\u016bs \u012fvairioms statybos u\u017eduotims.<\/p>\n<h3>\u017dem\u0117s \u016bkio technika<\/h3>\n<p>Priekiniuose krautuvuose str\u0117l\u0117s cilindrai naudojami dirvo\u017eemiui, \u0161ienui ir kitoms med\u017eiagoms semti, kelti ir transportuoti, taip padidinant \u017eem\u0117s \u016bkio darb\u0173 na\u0161um\u0105. Tvirta j\u0173 konstrukcija u\u017etikrina, kad jie gali atlikti sunkius k\u0117limo darbus, reikalingus atliekant \u017eem\u0117s \u016bkio u\u017eduotis.<\/p>\n<h3>Ekskavatoriai<\/h3>\n<p>Kau\u0161o cilindrai leid\u017eia ekskavatoriams kasti, nes kau\u0161as gali efektyviai \u012fsiskverbti \u012f \u017eem\u0119. Jie sukurti taip, kad u\u017etikrint\u0173 galingus judesius, taip padidindami kasimo efektyvum\u0105 \u012fvairiuose reljefuose.<\/p>\n<h3>Krautuvai<\/h3>\n<p>Priekiniuose krautuvuose str\u0117l\u0117s cilindrai padeda kelti ir i\u0161versti krovinius, supaprastindami operacijas ir padidindami med\u017eiag\u0173 tvarkymo u\u017eduo\u010di\u0173 greit\u012f bei efektyvum\u0105. J\u0173 patikimas veikimas yra b\u016btinas efektyviam pakrovimui ir i\u0161krovimui.<\/p>\n<h2>Projektavimo aspektai ir atrankos kriterijai<\/h2>\n<h3>Keliamoji galia<\/h3>\n<p>Renkantis str\u0117l\u0117s cilindr\u0105, labai svarbu \u012fvertinti jo keliam\u0105j\u0105 gali\u0105. Cilindras turi atlaikyti did\u017eiausias eksploatavimo metu susidaran\u010dias apkrovas be gedim\u0173. Konstrukcija tur\u0117t\u0173 u\u017etikrinti, kad cilindras i\u0161laikyt\u0173 konstrukcijos vientisum\u0105 esant didel\u0117ms apkrovoms, o tai apima med\u017eiagos stiprumo, storio ir bendros konstrukcijos geometrijos \u012fvertinim\u0105.<\/p>\n<h3>Sandarinimo patikimumas<\/h3>\n<p>Efektyvus sandarinimas yra labai svarbus hidrauliniams cilindrams, siekiant i\u0161vengti skys\u010dio nuot\u0117kio, kuris gali sukelti na\u0161umo problem\u0173 ir suma\u017einti efektyvum\u0105. Sandarinimo med\u017eiag\u0173, toki\u0173 kaip poliuretanas ir nitrilo kau\u010diukas, pasirinkimas turi \u012ftakos cilindro geb\u0117jimui i\u0161laikyti sl\u0117g\u012f ir efektyviai veikti. Norint i\u0161vengti brangaus remonto ir u\u017etikrinti optimal\u0173 na\u0161um\u0105, b\u016btina reguliariai tikrinti sandariklius.<\/p>\n<h3>Patvarumas<\/h3>\n<p>Patvarumas yra esminis aspektas projektuojant str\u0117l\u0117s cilindrus. Tokie veiksniai kaip auk\u0161tos kokyb\u0117s med\u017eiag\u0173 pasirinkimas, pavir\u0161iaus apdorojimas ir apsaugin\u0117s dangos gali \u017eymiai pailginti cilindro tarnavimo laik\u0105. Patvarus cilindras suma\u017eina prastovas ir prie\u017ei\u016bros i\u0161laidas, tod\u0117l padid\u0117ja veiklos efektyvumas.<\/p>\n<h3>Saugos funkcijos<\/h3>\n<p>Saugos funkcijos yra nepaprastai svarbios projektuojant hidraulinius cilindrus. Apsaugini\u0173 vo\u017etuv\u0173 ir sl\u0117gio ma\u017einimo sistem\u0173 \u012ftraukimas padeda i\u0161vengti per didelio sl\u0117gio ir galim\u0173 avarij\u0173. In\u017einieriai turi atsi\u017evelgti \u012f \u0161iuos saugos aspektus, kad atitikt\u0173 pramon\u0117s standartus ir u\u017etikrint\u0173 naudotojo saug\u0105 eksploatacijos metu.<\/p>\n<h3>Prieinamumas prie prie\u017ei\u016bros<\/h3>\n<p>Svarbiausias aspektas \u2013 projektuoti hidraulinius cilindrus taip, kad juos b\u016bt\u0173 lengva pri\u017ei\u016br\u0117ti. Tokios savyb\u0117s kaip prieinami tepimo ta\u0161kai ir lengvai kei\u010diami sandarikliai gali palengvinti reguliari\u0105 prie\u017ei\u016br\u0105, sutrumpinant laik\u0105 ir pastangas, reikalingas optimaliai cilindro b\u016bklei palaikyti. D\u0117mesys prieinamumui prie\u017ei\u016bros metu padidina bendr\u0105 \u012frangos patikimum\u0105.<\/p>\n<p><img decoding=\"async\" src=\"https:\/\/www.hydraulic-cylinders.net\/wp-content\/uploads\/2025\/04\/songte-oil-pipes-and-spare-parts.webp\" alt=\"Hidraulini\u0173 cilindr\u0173 dalys\" \/><\/p>\n<h2>Sandarinimas ir tepimas<\/h2>\n<p>Str\u0117l\u0117s cilindre naudojami \u012fvair\u016bs sandarinimo komponentai, \u012fskaitant st\u016bmokli\u0173 ir kot\u0173 sandariklius. \u0160ie sandarikliai paprastai gaminami i\u0161 atspari\u0173 dilimui med\u017eiag\u0173, toki\u0173 kaip poliuretanas ir nitrilo kau\u010diukas, tod\u0117l jie gali atlaikyti at\u0161iaurias eksploatavimo s\u0105lygas. Cilindro korpusas ir srieginiai galai yra tiksliai apdirbami, siekiant padidinti atsparum\u0105 dilimui ir pailginti tarnavimo laik\u0105. Norint i\u0161laikyti optimal\u0173 na\u0161um\u0105 ir i\u0161vengti dilimo, reikia reguliariai tepti hidrauline alyva.<\/p>\n<h2>Reguliarus patikrinimas ir prevencin\u0117 prie\u017ei\u016bra<\/h2>\n<ul>\n<li><strong>\u012eprastiniai patikrinimai:<\/strong> Reguliar\u016bs nuot\u0117ki\u0173, susid\u0117v\u0117jimo ir kit\u0173 pa\u017eeidim\u0173 patikrinimai gali pad\u0117ti nustatyti problemas, kol jos nesuk\u0117l\u0117 gedim\u0173. Prevencin\u0117s prie\u017ei\u016bros grafiko \u012fgyvendinimas gali \u017eymiai suma\u017einti remonto i\u0161laidas ir prastovas.<\/li>\n<li><strong>Tinkamas tepimas:<\/strong> Norint i\u0161laikyti cilindro veikim\u0105, labai svarbu u\u017etikrinti tinkam\u0105 hidraulin\u0117s alyvos lyg\u012f ir tinkam\u0105 tip\u0105. Reguliarus hidraulinio skys\u010dio papildymas ir keitimas gali pailginti cilindro tarnavimo laik\u0105.<\/li>\n<li><strong>Sandariklio keitimas:<\/strong> Laikui b\u0117gant, tarpin\u0117s gali susid\u0117v\u0117ti d\u0117l nusid\u0117v\u0117jimo ir aplinkos veiksni\u0173. Reguliarus tarpini\u0173 tikrinimas ir savalaikis keitimas yra b\u016btinas norint i\u0161laikyti cilindro vientisum\u0105 ir efektyvum\u0105.<\/li>\n<\/ul>\n<h2>\u012erengimo gair\u0117s<\/h2>\n<p>Teisingas str\u0117l\u0117s cilindro montavimas yra labai svarbus optimaliam jo veikimui. \u012esitikinkite, kad cilindras yra tinkamai sulygiuotas su tvirtinimo laikikliais, kad eksploatacijos metu neb\u016bt\u0173 per didelio \u012ftempimo ir galimos \u017ealos. Naudokite tinkamus tvirtinimo elementus, kad cilindras tvirtai pritvirtintum\u0117te. Patartina per\u017ei\u016br\u0117ti gamintojo montavimo vadov\u0105, kuriame pateikiami konkret\u016bs sukimo momento nustatymai ir sulygiavimo proced\u016bros. Be to, po montavimo reikia patikrinti visas hidraulines jungtis, ar n\u0117ra nuot\u0117ki\u0173, ir atlikti sl\u0117gio bandymus, kad b\u016bt\u0173 u\u017etikrintas tinkamas veikimas.<\/p>\n<h2>Prie\u017ei\u016bros u\u017eduotys<\/h2>\n<ul>\n<li><strong>Reguliar\u016bs patikrinimai:<\/strong> B\u016btina reguliariai atlikti vizualinius ir funkcinius patikrinimus, kad b\u016bt\u0173 galima nustatyti bet kokius susid\u0117v\u0117jimo, pa\u017eeidim\u0173 ar skys\u010di\u0173 nuot\u0117kio po\u017eymius. Toks aktyvus po\u017ei\u016bris padeda anksti spr\u0119sti galimas problemas.<\/li>\n<li><strong>Tinkamas tepimas:<\/strong> U\u017etikrinus, kad cilindras b\u016bt\u0173 tinkamai suteptas tinkamu hidrauliniu skys\u010diu, i\u0161vengiama susid\u0117v\u0117jimo ir palaikomas optimalus veikimas. B\u016btina reguliariai tikrinti tepalo lyg\u012f.<\/li>\n<li><strong>Sandariklio keitimo ir kalibravimo patikrinimai:<\/strong> Reguliariai kei\u010diant susid\u0117v\u0117jusius sandariklius ir tikrinant cilindro kalibravim\u0105, galima i\u0161laikyti tiksl\u0173 veikim\u0105. Tinkamas kalibravimas u\u017etikrina, kad cilindras veikt\u0173 pagal nurodytus parametrus.<\/li>\n<\/ul>\n<p>Tinkamas str\u0117l\u0117s cilindro montavimas, tepimas ir reguliavimas yra labai svarb\u016bs jo ilgaam\u017ei\u0161kumui ir veikimui. Tinkamas cilindro sulygiavimas montavimo metu ir tinkam\u0173 atramini\u0173 laikikli\u0173 naudojimas gali pad\u0117ti i\u0161vengti nesuderinamumo problem\u0173. Siekiant u\u017etikrinti efektyv\u0173 veikim\u0105, reikia laikytis rekomenduojam\u0173 patikrinimo, remonto ir keitimo proced\u016br\u0173. Hidraulini\u0173 cilindr\u0173 remonto paslaug\u0173 ir patarim\u0173, kaip prailginti j\u0173 tarnavimo laik\u0105, teikimas taip pat pagerins naudotoj\u0173 patirt\u012f.<\/p>\n<p><img decoding=\"async\" src=\"https:\/\/www.hydraulic-cylinders.net\/wp-content\/uploads\/2025\/04\/songte-chushion-collar.webp\" alt=\"Pagalv\u0117l\u0117s apykakl\u0117\" \/><\/p>\n<h2>Saugos aspektai ir aplinkos veiksniai<\/h2>\n<p>Tinkam\u0173 saugos priemoni\u0173 \u012fgyvendinimas eksploatuojant hidraulinius cilindrus yra labai svarbus. Operatoriai tur\u0117t\u0173 b\u016bti apmokyti atpa\u017einti \u012fsp\u0117jamuosius gedimo po\u017eymius ir suprasti saugos protokol\u0173 laikymosi svarb\u0105. Tinkamas operatori\u0173 apmokymas ir saugos gairi\u0173 laikymasis padeda i\u0161vengti nelaiming\u0173 atsitikim\u0173 ir u\u017etikrinti saugi\u0105 darbo aplink\u0105.<\/p>\n<h2>Gedim\u0173 diagnostika ir da\u017eniausios problemos<\/h2>\n<ul>\n<li><strong>Nuot\u0117kis:<\/strong> Hidraulinio skys\u010dio nuot\u0117kis gali rodyti sandariklio gedim\u0105 ar pa\u017eeidim\u0105. Reguliarus sandarikli\u0173 patikrinimas ir savalaikis keitimas gali pad\u0117ti i\u0161vengti skys\u010di\u0173 praradimo ir i\u0161laikyti na\u0161um\u0105.<\/li>\n<li><strong>L\u0117tas arba nenuoseklus jud\u0117jimas:<\/strong> Jei cilindras reaguoja l\u0117tai arba nepastoviai, tai gali reik\u0161ti \u017eem\u0105 hidraulinio skys\u010dio lyg\u012f arba tepimo poreik\u012f. \u0160ias problemas galima i\u0161spr\u0119sti tikrinant skys\u010dio lyg\u012f ir u\u017etikrinant tinkam\u0105 prie\u017ei\u016br\u0105.<\/li>\n<li><strong>Ne\u012fprasti garsai:<\/strong> Bet kokie ne\u012fprasti garsai veikimo metu gali signalizuoti apie vidinius pa\u017eeidimus arba nepakankam\u0105 tepim\u0105. Nedelsiant reikia atkreipti d\u0117mes\u012f \u012f \u0161i\u0173 gars\u0173 prie\u017east\u012f ir j\u0105 pa\u0161alinti.<\/li>\n<\/ul>\n<p>Pateikiant trik\u010di\u0173 \u0161alinimo patarimus ir sprendimus, kaip i\u0161spr\u0119sti da\u017eniausiai pasitaikan\u010dias cilindr\u0173 problemas, vartotojai gali veiksmingai diagnozuoti ir spr\u0119sti problemas, taip suma\u017einant veiklos sutrikimus.<\/p>\n<p><img decoding=\"async\" src=\"https:\/\/www.hydraulic-cylinders.net\/wp-content\/uploads\/2025\/04\/songte-bushings-with-all-kinds-of-excavator-models.webp\" alt=\"Ekskavatoriaus \u012fvor\u0117s\" \/><\/p>\n<h2>\u012emon\u0117s ap\u017evalga<\/h2>\n<p>Esame pirmaujanti hidraulini\u0173 cilindr\u0173 gamintoja ir didmenin\u0117 platintoja, si\u016blanti plat\u0173 gamini\u0173 asortiment\u0105. M\u016bs\u0173 \u012fsipareigojimas siekti meistri\u0161kumo ir i\u0161tobulintos gamybos strategijos leid\u017eia mums b\u016bti vienais geriausi\u0173 tiek\u0117j\u0173 tiek vidaus, tiek tarptautin\u0117se rinkose. Naudodami pa\u017eangi\u0105 gamybos \u012frang\u0105 ir profesionalias bandym\u0173 sistemas, nuolat tobuliname savo gamybos paj\u0117gumus ir kokyb\u0117s u\u017etikrinimo procesus. D\u0117mesys auk\u0161tam efektyvumui, tikslumui ir kokybei leid\u017eia mums efektyviai patenkinti \u012fvairius klient\u0173 poreikius.<\/p>\n<p>Be specializacijos hidraulini\u0173 cilindr\u0173 srityje, si\u016blome individualiai pritaikytas paslaugas, pritaikytas unikaliems klient\u0173 poreikiams, u\u017etikrinant pasitenkinim\u0105 ir na\u0161um\u0105. M\u016bs\u0173 gamybos \u012frenginiai apr\u016bpinti pa\u017eangiausiomis technologijomis, leid\u017eian\u010diomis mums nuolat gaminti patikimus ir auk\u0161tos kokyb\u0117s produktus. Be to, m\u016bs\u0173 specializuotas aptarnavimas po pardavimo u\u017etikrina, kad klientai gaut\u0173 visapusi\u0161k\u0105 pagalb\u0105 net ir po pirkimo.<\/p>\n<p><img decoding=\"async\" src=\"https:\/\/www.hydraulic-cylinders.net\/wp-content\/uploads\/2025\/04\/songte-company-4.webp\" alt=\"\u012emon\u0117s ap\u017evalga\" \/><br \/>\n<img decoding=\"async\" src=\"https:\/\/www.hydraulic-cylinders.net\/wp-content\/uploads\/2025\/04\/songte-company-3.webp\" alt=\"Gamybos \u012fmon\u0117\" \/><\/p>\n<p>Autorius: lyl<\/p>","protected":false},"excerpt":{"rendered":"<p>Boom Cylinder For Yigong CY860 Product Overview The Boom Cylinder for Yigong CY860 is a specialized hydraulic component designed to control the movement of heavy machinery buckets. This hydraulic cylinder plays a critical role in excavators, backhoe loaders, and front-end loaders, enabling these machines to lift, lower, and tilt their buckets efficiently. Its precise engineering [&hellip;]<\/p>","protected":false},"featured_media":17877,"comment_status":"open","ping_status":"closed","template":"","meta":{"_et_pb_use_builder":"","_et_pb_old_content":"","_et_gb_content_width":""},"product_brand":[],"product_cat":[1546],"product_tag":[1547,1496],"class_list":{"0":"post-19719","1":"product","2":"type-product","3":"status-publish","4":"has-post-thumbnail","6":"product_cat-boom-cylinders","7":"product_tag-boom-cylinders","8":"product_tag-hydraulic-cylinders","10":"first","11":"instock","12":"shipping-taxable","13":"product-type-simple"},"amp_enabled":true,"_links":{"self":[{"href":"https:\/\/www.hydraulic-cylinders.net\/lt\/wp-json\/wp\/v2\/product\/19719","targetHints":{"allow":["GET"]}}],"collection":[{"href":"https:\/\/www.hydraulic-cylinders.net\/lt\/wp-json\/wp\/v2\/product"}],"about":[{"href":"https:\/\/www.hydraulic-cylinders.net\/lt\/wp-json\/wp\/v2\/types\/product"}],"replies":[{"embeddable":true,"href":"https:\/\/www.hydraulic-cylinders.net\/lt\/wp-json\/wp\/v2\/comments?post=19719"}],"wp:featuredmedia":[{"embeddable":true,"href":"https:\/\/www.hydraulic-cylinders.net\/lt\/wp-json\/wp\/v2\/media\/17877"}],"wp:attachment":[{"href":"https:\/\/www.hydraulic-cylinders.net\/lt\/wp-json\/wp\/v2\/media?parent=19719"}],"wp:term":[{"taxonomy":"product_brand","embeddable":true,"href":"https:\/\/www.hydraulic-cylinders.net\/lt\/wp-json\/wp\/v2\/product_brand?post=19719"},{"taxonomy":"product_cat","embeddable":true,"href":"https:\/\/www.hydraulic-cylinders.net\/lt\/wp-json\/wp\/v2\/product_cat?post=19719"},{"taxonomy":"product_tag","embeddable":true,"href":"https:\/\/www.hydraulic-cylinders.net\/lt\/wp-json\/wp\/v2\/product_tag?post=19719"}],"curies":[{"name":"wp","href":"https:\/\/api.w.org\/{rel}","templated":true}]}}