{"id":19721,"date":"2025-04-07T07:03:45","date_gmt":"2025-04-07T07:03:45","guid":{"rendered":"https:\/\/www.hydraulic-cylinders.net\/product\/boom-cylinder-for-yigong-cy230lc-8\/"},"modified":"2025-04-07T07:03:54","modified_gmt":"2025-04-07T07:03:54","slug":"boom-cylinder-for-yigong-cy230lc-8","status":"publish","type":"product","link":"https:\/\/www.hydraulic-cylinders.net\/lt\/produktas\/boom-cylinder-for-yigong-cy230lc-8\/","title":{"rendered":"Str\u0117l\u0117s cilindras, skirtas Yigong CY230LC-8"},"content":{"rendered":"<h1>Str\u0117l\u0117s cilindras, skirtas Yigong CY230LC-8<\/h1>\n<h2>Produkto ap\u017evalga<\/h2>\n<p>\u201eYigong CY230LC-8\u201c str\u0117l\u0117s cilindras yra labai svarbus komponentas, skirtas sunkiosios technikos kau\u0161\u0173 jud\u0117jimui valdyti. \u0160is hidraulinis cilindras yra specialiai pritaikytas naudoti ekskavatoriuose, ekskavatoriniuose krautuvams ir frontaliniams krautuvams, nes leid\u017eia efektyviai kelti, nuleisti ir pakreipti kau\u0161\u0105. \u0160i funkcija yra b\u016btina efektyviam med\u017eiag\u0173 tvarkymui \u012fvairiose pramon\u0117s \u0161akose.<\/p>\n<p><img decoding=\"async\" src=\"https:\/\/www.hydraulic-cylinders.net\/wp-content\/uploads\/2025\/04\/songte-company-1.webp\" alt=\"Str\u0117l\u0117s cilindras\"><\/p>\n<h3>Apibr\u0117\u017eimas ir funkcionalumas<\/h3>\n<p>Kau\u0161o cilindras, dar \u017einomas kaip str\u0117l\u0117s cilindras, yra hidraulinis pavaros mechanizmas, atsakingas u\u017e tiksl\u0173 ma\u0161inos kau\u0161o ar priedo jud\u0117jim\u0105. Panaudodamas hidraulinio skys\u010dio sl\u0117g\u012f, \u0161is cilindras u\u017etikrina galing\u0105 ir kontroliuojam\u0105 jud\u0117jim\u0105, kuris yra b\u016btinas atliekant tokias u\u017eduotis kaip kasimas, k\u0117limas ir med\u017eiag\u0173 transportavimas. \u0160i\u0173 cilindr\u0173 konstrukcija u\u017etikrina, kad jie atlaikyt\u0173 auk\u0161t\u0105 sl\u0117g\u012f ir dideles apkrovas, tod\u0117l jie yra nepakei\u010diami statybos ir \u017eem\u0117s \u016bkio technikoje.<\/p>\n<h2>Str\u0117l\u0117s cilindro savyb\u0117s<\/h2>\n<ul>\n<li><strong>Didelis stiprumas ir ilgaam\u017ei\u0161kumas:<\/strong> Pagaminti i\u0161 didelio stiprumo plieno arba aliuminio, \u0161ie cilindrai yra sukurti taip, kad atlaikyt\u0173 auk\u0161t\u0105 sl\u0117g\u012f ir dideles apkrovas, taip pat b\u016bt\u0173 atspar\u016bs at\u0161iaurioms darbo s\u0105lygoms.<\/li>\n<li><strong>Efektyvus hidraulinis valdymas:<\/strong> Jie naudoja hidraulin\u0117s alyvos sl\u0117g\u012f, kad skland\u017eiai \u012ftraukt\u0173 ir i\u0161skleist\u0173, greitai reaguot\u0173 \u012f operatoriaus komandas ir u\u017etikrint\u0173 didel\u0119 st\u016bmimo bei traukimo j\u0117g\u0105.<\/li>\n<li><strong>\u012evair\u016bs tipai:<\/strong> Galimi vienpusio veikimo (veikiantys viena kryptimi) arba dvipusio veikimo (veikiantys abiem kryptimis) cilindrai, kai kurie modeliai yra teleskopiniai, kad b\u016bt\u0173 didesnis siekis nedidinant i\u0161orini\u0173 matmen\u0173.<\/li>\n<\/ul>\n<h3>Gamybos paj\u0117gumai<\/h3>\n<p>Turime galimyb\u0119 gaminti \u0161\u012f gamin\u012f, u\u017etikrindami puik\u0173 \u012fvairi\u0173 hidraulini\u0173 cilindr\u0173 pakeitim\u0105. M\u016bs\u0173 gaminiai atitinka auk\u0161tus kokyb\u0117s ir patikimumo standartus.<\/p>\n<p><img decoding=\"async\" src=\"https:\/\/www.hydraulic-cylinders.net\/wp-content\/uploads\/2025\/04\/songte-cylinder-head-with-all-kinds-excavator-models.webp\" alt=\"Hidraulini\u0173 cilindr\u0173 gamyba\"><\/p>\n<h2>Str\u0117l\u0117s cilindro pritaikymas<\/h2>\n<h3>Statybin\u0117 \u012franga<\/h3>\n<p>Ekskavatoriuose str\u0117l\u0117s cilindras atlieka gyvybi\u0161kai svarb\u0173 vaidmen\u012f kasant, kraunant ir transportuojant grunt\u0105 ar \u0161iuk\u0161les. Jis leid\u017eia operatoriams efektyviai atlikti \u012fvairias u\u017eduotis, tod\u0117l yra nepakei\u010diamas statybviet\u0117se.<\/p>\n<h3>\u017dem\u0117s \u016bkio technika<\/h3>\n<p>Priekini\u0173 krautuv\u0173 str\u0117l\u0117s cilindras palengvina dirvo\u017eemio, \u0161ieno ir kit\u0173 med\u017eiag\u0173 k\u0117lim\u0105, k\u0117lim\u0105 ir transportavim\u0105, taip padidindamas \u017eem\u0117s \u016bkio darb\u0173 na\u0161um\u0105.<\/p>\n<h3>Ekskavatoriai<\/h3>\n<p>Ekskavatoriuose kau\u0161o cilindras padeda \u012fsiskverbti \u012f \u017eem\u0119, tod\u0117l galima atlikti efektyvius kasimo veiksmus, kurie yra labai svarb\u016bs atliekant \u012fvairius \u017eem\u0117s kasimo darbus.<\/p>\n<h3>Krautuvai<\/h3>\n<p>Priekiniuose krautuvuose str\u0117l\u0117s cilindrai padeda efektyviai pakelti ir i\u0161versti krovinius, u\u017etikrinant, kad med\u017eiag\u0173 tvarkymo procesai b\u016bt\u0173 optimizuoti grei\u010diui ir efektyvumui.<\/p>\n<h2>Projektavimo aspektai ir atrankos kriterijai<\/h2>\n<h3>Keliamoji galia<\/h3>\n<p>Projektuojant str\u0117l\u0117s cilindr\u0105, svarbiausia yra keliamoji galia. Cilindras turi atlaikyti maksimali\u0105 apkrov\u0105, tenkan\u010di\u0105 eksploatacijos metu, i\u0161laikant konstrukcijos vientisum\u0105. Tam reikia kruop\u0161\u010diai parinkti med\u017eiagas ir atlikti projektavim\u0105, siekiant u\u017etikrinti, kad cilindras atlaikyt\u0173 tiek statines, tiek dinamines apkrovas be gedim\u0173. Norint pasiekti norim\u0105 keliam\u0105j\u0105 gali\u0105, i\u0161laikant lengv\u0105 cilindr\u0105, b\u016btina naudoti didelio stiprumo med\u017eiagas.<\/p>\n<h3>Sandarinimo mechanizmai<\/h3>\n<p>Efektyvus sandarinimas yra labai svarbus siekiant u\u017etikrinti, kad hidraulinis skystis nepratek\u0117t\u0173 ir cilindras veikt\u0173 skland\u017eiai. Auk\u0161tos kokyb\u0117s sandarikliai, pagaminti i\u0161 toki\u0173 med\u017eiag\u0173 kaip poliuretanas ir nitrilo kau\u010diukas, yra b\u016btini norint i\u0161laikyti sl\u0117g\u012f ir i\u0161vengti u\u017eter\u0161imo. Tinkamas sandarikli\u0173 pasirinkimas prisideda prie bendro hidraulin\u0117s sistemos efektyvumo ir patikimumo, suma\u017eina technin\u0117s prie\u017ei\u016bros da\u017enum\u0105 ir pailgina cilindro tarnavimo laik\u0105.<\/p>\n<h3>Patvarumas<\/h3>\n<p>Hidrauliniams cilindrams, veikiamiems at\u0161iauriomis darbo s\u0105lygomis, labai svarbus konstrukcijos ilgaam\u017ei\u0161kumas. Tokios savyb\u0117s kaip atsparios dilimui dangos ir apsauga nuo korozijos u\u017etikrina, kad cilindrai atlaikyt\u0173 nepalankias s\u0105lygas, taip suma\u017einant prie\u017ei\u016bros i\u0161laidas ir prastovas. Be to, konstrukcija tur\u0117t\u0173 u\u017etikrinti lengv\u0105 prieig\u0105 patikrinimams ir remontui, kad b\u016bt\u0173 u\u017etikrintas ilgaam\u017ei\u0161kumas.<\/p>\n<h3>Saugos funkcijos<\/h3>\n<p>Projektuojant str\u0117l\u0117s cilindrus, svarbiausia yra sauga. \u012etraukus tokias funkcijas kaip sl\u0117gio ma\u017einimo vo\u017etuvai ir apsaugos nuo perkrovos mechanizmai, i\u0161vengiama nelaiming\u0173 atsitikim\u0173 ir \u012frangos pa\u017eeidim\u0173. U\u017etikrinant, kad b\u016bt\u0173 laikomasi saugos standart\u0173, ne tik apsaugomi operatoriai, bet ir pailginamas ma\u0161in\u0173 eksploatavimo laikas.<\/p>\n<h3>Prieinamumas prie prie\u017ei\u016bros<\/h3>\n<p>Projektuojant str\u0117l\u0117s cilindr\u0105, taip pat tur\u0117t\u0173 b\u016bti teikiama pirmenyb\u0117 prieinamumui atliekant technin\u0119 prie\u017ei\u016br\u0105. Komponentai tur\u0117t\u0173 b\u016bti i\u0161d\u0117styti taip, kad juos b\u016bt\u0173 lengva patikrinti ir pri\u017ei\u016br\u0117ti. Tai apima galimyb\u0119 pakeisti sandariklius ir \u017earnas nei\u0161ardant visos sistemos, taip supaprastinant \u012fprastin\u0119 technin\u0119 prie\u017ei\u016br\u0105 ir suma\u017einant prastovas.<\/p>\n<p><img decoding=\"async\" src=\"https:\/\/www.hydraulic-cylinders.net\/wp-content\/uploads\/2025\/04\/songte-oil-pipes-and-spare-parts.webp\" alt=\"Hidraulini\u0173 cilindr\u0173 dalys\"><\/p>\n<h2>Sandarinimas ir tepimas<\/h2>\n<p>Sandarinimas ir tepimas yra svarbiausi hidraulinio cilindro veikimo aspektai. \u012evair\u016bs sandarinimo komponentai, tokie kaip st\u016bmokli\u0173 ir stryp\u0173 sandarikliai, atlieka svarb\u0173 vaidmen\u012f palaikant hidraulin\u012f sl\u0117g\u012f ir u\u017ekertant keli\u0105 skys\u010di\u0173 nuot\u0117kiui. D\u0117l atsparumo dilimui ir aplinkos veiksniams da\u017eniausiai naudojami sandarikliai, pagaminti i\u0161 patvari\u0173 med\u017eiag\u0173, toki\u0173 kaip poliuretanas ir nitrilo kau\u010diukas.<\/p>\n<p>Cilindro korpusas ir srieginiai galai kruop\u0161\u010diai apdorojami, siekiant padidinti j\u0173 atsparum\u0105 dilimui. Reguliarus tepimas hidrauline alyva yra b\u016btinas norint u\u017etikrinti skland\u0173 veikim\u0105 ir i\u0161vengti per didelio judan\u010di\u0173 dali\u0173 susid\u0117v\u0117jimo. Svarbu palaikyti optimal\u0173 alyvos lyg\u012f ir u\u017etikrinti, kad alyva neb\u016bt\u0173 ter\u0161al\u0173, kad pailg\u0117t\u0173 cilindro tarnavimo laikas.<\/p>\n<h2>Prevencin\u0117s prie\u017ei\u016bros priemon\u0117s<\/h2>\n<ul>\n<li><strong>Reguliar\u016bs patikrinimai:<\/strong> Reguliar\u016bs patikrinimai padeda nustatyti galimas problemas, kol jos netapo rimtomis. Atlikdami \u012fprastinius patikrinimus, ie\u0161kokite susid\u0117v\u0117jimo, nuot\u0117ki\u0173 ar pa\u017eeidim\u0173 po\u017eymi\u0173.<\/li>\n<li><strong>Tinkamas tepimas:<\/strong> \u012esitikinkite, kad cilindras yra tinkamai suteptas rekomenduojama hidrauline alyva, da\u017enai tikrindami alyvos lyg\u012f, kad i\u0161vengtum\u0117te sausos eigos.<\/li>\n<li><strong>Sandariklio keitimas:<\/strong> Reguliariai tikrinkite sandarikli\u0173 b\u016bkl\u0119 ir prireikus juos pakeiskite, kad i\u0161laikytum\u0117te hidraulin\u012f vientisum\u0105 ir i\u0161vengtum\u0117te nuot\u0117ki\u0173.<\/li>\n<\/ul>\n<h2>\u012erengimo gair\u0117s<\/h2>\n<p>Tinkamas str\u0117l\u0117s cilindro montavimas yra labai svarbus jo veikimui ir ilgaam\u017ei\u0161kumui. Pirmiausia \u012fsitikinkite, kad tvirtinimo pavir\u0161iai yra \u0161var\u016bs ir be \u0161iuk\u0161li\u0173. Naudokite tinkamus tvirtinimo laikiklius, kad pritvirtintum\u0117te cilindr\u0105 vietoje, u\u017etikrindami, kad jis b\u016bt\u0173 tinkamai sulygiuotas, kad komponentai neb\u016bt\u0173 per daug \u012ftempti.<\/p>\n<p>B\u016btina laikytis gamintojo nurodym\u0173 d\u0117l sukimo momento nustatym\u0173 ir lygiavimo tolerancij\u0173. Po \u012frengimo atid\u017eiai patikrinkite hidraulines jungtis, kad \u012fsitikintum\u0117te, jog n\u0117ra nuot\u0117ki\u0173. Galiausiai, i\u0161bandykite sistem\u0105 kontroliuojamomis s\u0105lygomis, kad \u012fsitikintum\u0117te, jog cilindras veikia skland\u017eiai ir efektyviai.<\/p>\n<h2>\u012eprastos prie\u017ei\u016bros u\u017eduotys<\/h2>\n<h3>Reguliar\u016bs patikrinimai<\/h3>\n<p>Reguliar\u016bs patikrinimai yra labai svarb\u016bs norint anksti nustatyti bet kok\u012f susid\u0117v\u0117jim\u0105 ar pa\u017eeidimus. Toks aktyvus po\u017ei\u016bris padeda i\u0161vengti dideli\u0173 gedim\u0173 ir palaiko \u012frangos veikimo efektyvum\u0105.<\/p>\n<h3>Tinkamas tepimas<\/h3>\n<p>Tinkamas hidraulinio cilindro tepimas yra labai svarbus skland\u017eiam darbui. Reguliariai tikrinkite ir papildykite hidraulin\u0117s alyvos lyg\u012f, kad cilindras veikt\u0173 efektyviai ir be per didel\u0117s trinties.<\/p>\n<h3>Sandariklio keitimas<\/h3>\n<p>Laikui b\u0117gant, sandarikliai gali susid\u0117v\u0117ti ir juos gali tekti keisti. Reguliariai tikrinant sandarikli\u0173 b\u016bkl\u0119 ir kei\u010diant juos pagal poreik\u012f, u\u017etikrinama, kad hidraulin\u0117 sistema i\u0161likt\u0173 sandari ir palaikyt\u0173 darbin\u012f sl\u0117g\u012f.<\/p>\n<p><img decoding=\"async\" src=\"https:\/\/www.hydraulic-cylinders.net\/wp-content\/uploads\/2025\/04\/songte-chushion-collar.webp\" alt=\"Hidraulinio cilindro pagalv\u0117l\u0117s apykakl\u0117\"><\/p>\n<h2>Saugos aspektai ir aplinkos veiksniai<\/h2>\n<p>Dirbant su hidrauliniais cilindrais, saugos priemon\u0117s yra nepaprastai svarbios. Operatoriai, valdydami ar pri\u017ei\u016br\u0117dami ma\u0161inas, visada turi d\u0117v\u0117ti tinkamas asmenines apsaugos priemones (AAP) ir laikytis saugos protokol\u0173. Visiems darbuotojams tur\u0117t\u0173 b\u016bti suteikti tinkami mokymai, siekiant u\u017etikrinti, kad jie suprast\u0173 saug\u0173 hidraulini\u0173 sistem\u0173 valdym\u0105 ir suma\u017eint\u0173 nelaiming\u0173 atsitikim\u0173 rizik\u0105.<\/p>\n<h2>Gedim\u0173 diagnostika ir da\u017eniausios problemos<\/h2>\n<ul>\n<li><strong>Nuot\u0117kis:<\/strong> Hidraulinio skys\u010dio nuot\u0117kis gali rodyti sandariklio gedim\u0105 arba cilindro pa\u017eeidim\u0105. Reguliariai tikrinkite sandariklius ir jungtis, kad nustatytum\u0117te ir pa\u0161alintum\u0117te nuot\u0117kius.<\/li>\n<li><strong>Suma\u017eintas na\u0161umas:<\/strong> Jei cilindras nereaguoja taip, kaip tik\u0117tasi, patikrinkite, ar n\u0117ra toki\u0173 problem\u0173 kaip oras hidraulin\u0117se linijose, \u017eemas skys\u010di\u0173 lygis arba pa\u017eeisti komponentai.<\/li>\n<li><strong>Ne\u012fprasti garsai:<\/strong> Ne\u012fprasti garsai veikimo metu gali rodyti vidin\u012f susid\u0117v\u0117jim\u0105 ar pa\u017eeidimus. I\u0161tirkite visus ne\u012fprastus garsus, kad i\u0161vengtum\u0117te tolesn\u0117s \u017ealos.<\/li>\n<\/ul>\n<h2>Trik\u010di\u0173 \u0161alinimo patarimai<\/h2>\n<p>Norint efektyviai diagnozuoti ir i\u0161spr\u0119sti str\u0117l\u0117s cilindro problemas, b\u016btina atid\u017eiai steb\u0117ti jo veikim\u0105. Jei pastebimas nuot\u0117kis arba suma\u017e\u0117j\u0119s na\u0161umas, atlikite i\u0161sam\u0173 sandarikli\u0173, \u017earn\u0173 ir jungiam\u0173j\u0173 detali\u0173 patikrinim\u0105. Reguliarus technin\u0117s prie\u017ei\u016bros darbas gali \u017eymiai suma\u017einti da\u017eniausiai pasitaikan\u010di\u0173 problem\u0173 atsiradim\u0105 ir u\u017etikrinti patikim\u0105 hidraulin\u0119 sistem\u0105.<\/p>\n<p><img decoding=\"async\" src=\"https:\/\/www.hydraulic-cylinders.net\/wp-content\/uploads\/2025\/04\/songte-bushings-with-all-kinds-of-excavator-models.webp\" alt=\"Hidraulinio cilindro \u012fvor\u0117\"><\/p>\n<h2>\u012emon\u0117s ap\u017evalga<\/h2>\n<p>Esame gamintojas, kurio specializacija \u2013 pakaitiniai hidrauliniai cilindrai. Si\u016blome plat\u0173 gamini\u0173 asortiment\u0105, kuris leido mums tapti vienais i\u0161 pirmaujan\u010di\u0173 gamintoj\u0173 ir didmenini\u0173 platintoj\u0173 tiek vidaus, tiek tarptautin\u0117se rinkose. M\u016bs\u0173 \u012fsipareigojim\u0105 siekti meistri\u0161kumo pabr\u0117\u017eia rafinuoti gamybos procesai ir pramonin\u0117s gamybos valdymo strategijos.<\/p>\n<p>Naudodami kvalifikuotus techninius darbuotojus, pa\u017eangi\u0105 skaitmenin\u0119 gamybos \u012frang\u0105 ir profesionalias testavimo sistemas, nuolat tobuliname savo gamybos paj\u0117gumus, u\u017etikrindami auk\u0161t\u0105 efektyvum\u0105, tikslum\u0105 ir kokyb\u0119, kad patenkintume \u012fvairius klient\u0173 poreikius.<\/p>\n<p><img decoding=\"async\" src=\"https:\/\/www.hydraulic-cylinders.net\/wp-content\/uploads\/2025\/04\/songte-company-4.webp\" alt=\"\u012emon\u0117s gamybos \u012frenginiai\"><br \/>\n<img decoding=\"async\" src=\"https:\/\/www.hydraulic-cylinders.net\/wp-content\/uploads\/2025\/04\/songte-company-3.webp\" alt=\"\u012emon\u0117s gamybos linija\"><\/p>\n<p>Autorius: lyl<\/p>","protected":false},"excerpt":{"rendered":"<p>Boom Cylinder For Yigong CY230LC-8 Product Overview The Boom Cylinder for the Yigong CY230LC-8 is a crucial component designed for controlling the movement of heavy machinery buckets. This hydraulic cylinder is specifically tailored to operate in excavators, backhoe loaders, and front-end loaders, enabling the bucket to lift, lower, and tilt efficiently. This functionality is essential [&hellip;]<\/p>","protected":false},"featured_media":17879,"comment_status":"open","ping_status":"closed","template":"","meta":{"_et_pb_use_builder":"","_et_pb_old_content":"","_et_gb_content_width":""},"product_brand":[],"product_cat":[1546],"product_tag":[1547,1496],"class_list":{"0":"post-19721","1":"product","2":"type-product","3":"status-publish","4":"has-post-thumbnail","6":"product_cat-boom-cylinders","7":"product_tag-boom-cylinders","8":"product_tag-hydraulic-cylinders","10":"first","11":"instock","12":"shipping-taxable","13":"product-type-simple"},"amp_enabled":true,"_links":{"self":[{"href":"https:\/\/www.hydraulic-cylinders.net\/lt\/wp-json\/wp\/v2\/product\/19721","targetHints":{"allow":["GET"]}}],"collection":[{"href":"https:\/\/www.hydraulic-cylinders.net\/lt\/wp-json\/wp\/v2\/product"}],"about":[{"href":"https:\/\/www.hydraulic-cylinders.net\/lt\/wp-json\/wp\/v2\/types\/product"}],"replies":[{"embeddable":true,"href":"https:\/\/www.hydraulic-cylinders.net\/lt\/wp-json\/wp\/v2\/comments?post=19721"}],"wp:featuredmedia":[{"embeddable":true,"href":"https:\/\/www.hydraulic-cylinders.net\/lt\/wp-json\/wp\/v2\/media\/17879"}],"wp:attachment":[{"href":"https:\/\/www.hydraulic-cylinders.net\/lt\/wp-json\/wp\/v2\/media?parent=19721"}],"wp:term":[{"taxonomy":"product_brand","embeddable":true,"href":"https:\/\/www.hydraulic-cylinders.net\/lt\/wp-json\/wp\/v2\/product_brand?post=19721"},{"taxonomy":"product_cat","embeddable":true,"href":"https:\/\/www.hydraulic-cylinders.net\/lt\/wp-json\/wp\/v2\/product_cat?post=19721"},{"taxonomy":"product_tag","embeddable":true,"href":"https:\/\/www.hydraulic-cylinders.net\/lt\/wp-json\/wp\/v2\/product_tag?post=19721"}],"curies":[{"name":"wp","href":"https:\/\/api.w.org\/{rel}","templated":true}]}}