{"id":19723,"date":"2025-04-07T07:03:57","date_gmt":"2025-04-07T07:03:57","guid":{"rendered":"https:\/\/www.hydraulic-cylinders.net\/product\/boom-cylinder-for-xiniu-xn7180\/"},"modified":"2025-04-07T07:04:02","modified_gmt":"2025-04-07T07:04:02","slug":"boom-cylinder-for-xiniu-xn7180","status":"publish","type":"product","link":"https:\/\/www.hydraulic-cylinders.net\/lt\/produktas\/boom-cylinder-for-xiniu-xn7180\/","title":{"rendered":"Str\u0117l\u0117s cilindras, skirtas Xiniu XN7180"},"content":{"rendered":"<h1>Str\u0117l\u0117s cilindras, skirtas Xiniu XN7180<\/h1>\n<h2>\u012evadas \u012f str\u0117l\u0117s cilindrus<\/h2>\n<p>Specialiai \u201eXiniu XN7180\u201c sukurtas str\u0117l\u0117s cilindras yra esminis hidraulinis komponentas, atliekantis lemiam\u0105 vaidmen\u012f valdant sunkiosios technikos jud\u0117jim\u0105. \u0160ie cilindrai daugiausia naudojami ekskavatoriuose, ekskavatoriniuose krautuvais ir frontaliniuose krautuvuose, nes jie leid\u017eia kau\u0161\u0105 efektyviai kelti, nuleisti ir pakreipti. Kau\u0161o cilindras yra hidraulinio cilindro tipas, kuris hidraulin\u012f sl\u0117g\u012f paver\u010dia mechanine j\u0117ga, palengvindamas \u012fvairias med\u017eiag\u0173 tvarkymo u\u017eduotis statybose ir \u017eem\u0117s \u016bkio srityje.<\/p>\n<p><img decoding=\"async\" src=\"https:\/\/www.hydraulic-cylinders.net\/wp-content\/uploads\/2025\/04\/songte-company-1.webp\" alt=\"Str\u0117l\u0117s cilindro vaizdas\"><\/p>\n<h3>Funkcija ir taikymas<\/h3>\n<p>Hidraulin\u0117se sistemose str\u0117l\u0117s cilindro funkcija yra labai svarbi. Jis suteikia reikiam\u0105 j\u0117g\u0105 tiksliems kau\u0161o judesiams atlikti, leisdamas operatoriams efektyviai atlikti tokias u\u017eduotis kaip kasimas, k\u0117limas ir med\u017eiag\u0173 transportavimas. \u0160i cilindro mechanikos kontrol\u0117 yra labai svarbi siekiant padidinti na\u0161um\u0105 ir u\u017etikrinti saug\u0105 eksploatacijos metu.<\/p>\n<h2>Str\u0117l\u0117s cilindro savyb\u0117s<\/h2>\n<ul>\n<li><strong>Didelis stiprumas ir ilgaam\u017ei\u0161kumas:<\/strong> Pagaminti i\u0161 didelio stiprumo plieno arba aliuminio, \u0161ie cilindrai yra sukurti taip, kad atlaikyt\u0173 auk\u0161t\u0105 sl\u0117g\u012f ir dideles apkrovas, tod\u0117l tinkami naudoti at\u0161iauriomis darbo s\u0105lygomis.<\/li>\n<li><strong>Efektyvus hidraulinis valdymas:<\/strong> Str\u0117l\u0117s cilindras naudoja hidraulin\u0117s alyvos sl\u0117g\u012f, kad str\u0117l\u0117 skland\u017eiai i\u0161skleist\u0173 ir atitraukt\u0173, greitai reaguot\u0173 \u012f veikimo komandas ir u\u017etikrint\u0173 didel\u0119 st\u016bmimo bei traukimo j\u0117g\u0105.<\/li>\n<li><strong>Tip\u0173 \u012fvairov\u0117:<\/strong> Jie yra vienpusio arba dvipusio veikimo modeliai, pritaikyti skirtingiems eksploatavimo poreikiams. Kai kurie modeliai yra teleskopiniai, tod\u0117l juos galima labiau i\u0161tiesti nepadidinant i\u0161orini\u0173 matmen\u0173, tod\u0117l jie idealiai tinka u\u017edaroms erdv\u0117ms.<\/li>\n<li><strong>Atsparumas korozijai:<\/strong> \u0160ie cilindrai, sukurti taip, kad b\u016bt\u0173 atspar\u016bs korozijai, pagaminti i\u0161 med\u017eiag\u0173, kurios padidina ilgaam\u017ei\u0161kum\u0105 sud\u0117tingomis s\u0105lygomis.<\/li>\n<li><strong>Lengva prie\u017ei\u016bra:<\/strong> \u0160ie cilindrai, sukurti paprastai prie\u017ei\u016brai, supaprastina remont\u0105 ir technin\u0119 prie\u017ei\u016br\u0105, u\u017etikrindami minimal\u0173 ma\u0161in\u0173 prastovos laik\u0105.<\/li>\n<\/ul>\n<h2>Gamybos paj\u0117gumai<\/h2>\n<p>Turime galimyb\u0119 gaminti auk\u0161tos kokyb\u0117s str\u0117l\u0117s cilindrus, kurie puikiai pakei\u010dia esamus hidraulinius cilindrus. M\u016bs\u0173 gamybos procesas yra supaprastintas, siekiant u\u017etikrinti tikslum\u0105 ir patikimum\u0105 kiekviename m\u016bs\u0173 pagamintame \u012frenginyje.<\/p>\n<p><img decoding=\"async\" src=\"https:\/\/www.hydraulic-cylinders.net\/wp-content\/uploads\/2025\/04\/songte-cylinder-head-with-all-kinds-excavator-models.webp\" alt=\"Cilindro gamybos vaizdas\"><\/p>\n<h2>Taikymo scenarijai<\/h2>\n<h3>Statybin\u0117 \u012franga<\/h3>\n<p>Statybin\u0117je \u012frangoje str\u0117l\u0117s cilindrai yra neatsiejama ekskavatori\u0173 dalis, palengvinanti kasim\u0105, pakrovim\u0105 ir grunto ar \u0161iuk\u0161li\u0173 perk\u0117lim\u0105. Tvirta j\u0173 konstrukcija leid\u017eia atlikti galing\u0105 k\u0117lim\u0105 ir tiksl\u0173 manevravim\u0105, o tai yra labai svarbu statybos projektuose, kuriems reikia kelti sunkius krovinius ir perkelti med\u017eiagas.<\/p>\n<h3>\u017dem\u0117s \u016bkio technika<\/h3>\n<p>Priekiniuose krautuvuose str\u0117l\u0117s cilindrai padeda semti, kelti ir transportuoti dirvo\u017eem\u012f, \u0161ien\u0105 ir kitas med\u017eiagas. Jie suteikia reikiam\u0105 j\u0117g\u0105 efektyviai valdyti didelius krovinius, taip pagerindami bendr\u0105 \u017eem\u0117s \u016bkio darb\u0173 na\u0161um\u0105.<\/p>\n<h3>Ekskavatoriai<\/h3>\n<p>Ekskavatoriuose str\u0117l\u0117s cilindrai leid\u017eia kau\u0161ui efektyviai \u012fsiskverbti \u012f \u017eem\u0119 ir atlikti svarbiausius kasimo veiksmus. J\u0173 na\u0161umas yra gyvybi\u0161kai svarbus atliekant kasimo darbus \u012fvairiuose reljefuose, u\u017etikrinant, kad operatoriai gal\u0117t\u0173 pasiekti norim\u0173 rezultat\u0173 minimaliomis pastangomis.<\/p>\n<h3>Krautuvai<\/h3>\n<p>Priekiniuose krautuvuose \u0161ie cilindrai padeda efektyviai pakelti ir i\u0161versti krovinius. J\u0173 patikimas veikimas u\u017etikrina, kad krautuvai gali atlikti tokias u\u017eduotis kaip med\u017eiag\u0173 tvarkymas ir transportavimas nepakenkdami na\u0161umui.<\/p>\n<h2>Projektavimo aspektai ir atrankos kriterijai<\/h2>\n<h3>Keliamoji galia<\/h3>\n<p>Str\u0117l\u0117s cilindro keliamoji galia yra esminis projektavimo aspektas. Ji turi b\u016bti pritaikyta prie konkre\u010di\u0173 aptarnaujamos technikos poreiki\u0173. Gamintojai turi \u012fvertinti numatyt\u0105 apkrov\u0105 ir u\u017etikrinti, kad cilindras gali atlaikyti tokias j\u0117gas be gedimo rizikos eksploatacijos metu. Pervertinus keliam\u0105j\u0105 gali\u0105, gali padid\u0117ti nereikalingos i\u0161laidos, o nepakankamai \u012fvertinus \u2013 katastrofi\u0161ki gedimai. Tod\u0117l renkantis tinkam\u0105 str\u0117l\u0117s cilindr\u0105 labai svarbu atlikti tikslius skai\u010diavimus ir \u017einoti eksploatavimo reikalavimus.<\/p>\n<h3>Sandarinimo mechanizmai<\/h3>\n<p>Veiksmingi sandarinimo mechanizmai yra b\u016btini siekiant u\u017etikrinti hidraulini\u0173 cilindr\u0173 ilgaam\u017ei\u0161kum\u0105 ir efektyvum\u0105. Sandarikli\u0173 pasirinkimas daro didel\u0119 \u012ftak\u0105 cilindro geb\u0117jimui i\u0161laikyti hidraulin\u012f skyst\u012f ir i\u0161vengti nuot\u0117kio. Auk\u0161tos kokyb\u0117s sandarinimo med\u017eiagos, tokios kaip poliuretanas ir nitrilo kau\u010diukas, yra pageidaujamos d\u0117l j\u0173 atsparumo dilimui ir aplinkos veiksniams. Tinkamas d\u0117mesys sandarinimo konstrukcijai suma\u017eina prie\u017ei\u016bros poreik\u012f ir padidina bendr\u0105 sistemos patikimum\u0105.<\/p>\n<h3>Patvarumas ir prie\u017ei\u016bra<\/h3>\n<p>Patvarumas yra labai svarbus konstrukcijos aspektas, u\u017etikrinantis, kad cilindras atlaikyt\u0173 intensyv\u0173 naudojim\u0105. Tai rei\u0161kia, kad reikia naudoti med\u017eiagas, kurios yra atsparios dilimui, korozijai ir nuovargiui. Be to, projektuojant atsi\u017evelgiant \u012f technin\u0119 prie\u017ei\u016br\u0105, pavyzd\u017eiui, lengv\u0105 prieig\u0105 ap\u017ei\u016brai ir sandarikli\u0173 keitimui, galima \u017eymiai suma\u017einti prastovas ir eksploatavimo i\u0161laidas. Reguliar\u016bs technin\u0117s prie\u017ei\u016bros patikrinimai yra b\u016btini norint anksti nustatyti galimas problemas, tod\u0117l geriausia praktika yra \u012ftraukti patvarum\u0105 ir paprast\u0105 technin\u0119 prie\u017ei\u016br\u0105 \u012f konstrukcij\u0105.<\/p>\n<p><img decoding=\"async\" src=\"https:\/\/www.hydraulic-cylinders.net\/wp-content\/uploads\/2025\/04\/songte-oil-pipes-and-spare-parts.webp\" alt=\"Hidraulini\u0173 komponent\u0173 vaizdas\"><\/p>\n<h2>Sandarinimas ir tepimas<\/h2>\n<p>Tinkamas sandarinimas ir tepimas yra gyvybi\u0161kai svarb\u016bs efektyviam str\u0117l\u0117s cilindr\u0173 veikimui. Siekiant apsaugoti nuo skys\u010dio praradimo, naudojami \u012fvair\u016bs sandarinimo komponentai, tokie kaip st\u016bmokli\u0173 ir stryp\u0173 sandarikliai. I\u0161 patvari\u0173 med\u017eiag\u0173, toki\u0173 kaip poliuretanas ir nitrilo kau\u010diukas, pagaminti sandarikliai pasi\u017eymi puikiu atsparumu dilimui, tod\u0117l pailgina cilindro tarnavimo laik\u0105. Be to, cilindro korpusas ir srieginiai galai yra kruop\u0161\u010diai apdorojami, kad padid\u0117t\u0173 atsparumas dilimui. Reguliarus tepimas hidrauline alyva yra b\u016btinas, nes tai suma\u017eina trint\u012f ir skatina skland\u0173 veikim\u0105, u\u017etikrindama optimal\u0173 hidraulin\u0117s sistemos veikim\u0105.<\/p>\n<h2>Reguliarus patikrinimas ir prevencin\u0117 prie\u017ei\u016bra<\/h2>\n<ul>\n<li><strong>\u012eprastiniai patikrinimai:<\/strong> Reguliar\u016bs patikrinimai yra labai svarb\u016bs norint nustatyti nusid\u0117v\u0117jim\u0105 prie\u0161 jam padid\u0117jus. Eksploatacijos metu ie\u0161kokite nuot\u0117ki\u0173, korozijos ar ne\u012fprast\u0173 gars\u0173 po\u017eymi\u0173.<\/li>\n<li><strong>Tinkamas tepimas:<\/strong> \u012esitikinkite, kad hidraulin\u0117s alyvos lygis yra pakankamas ir kad tepimas atliekamas pagal gamintojo rekomendacijas. Tinkamas tepimas suma\u017eina vidini\u0173 komponent\u0173 trint\u012f ir susid\u0117v\u0117jim\u0105.<\/li>\n<li><strong>Sandariklio keitimas:<\/strong> Reguliariai tikrinkite tarpikli\u0173 b\u016bkl\u0119 ir prireikus juos pakeiskite. Pa\u017eeisti tarpikliai gali sukelti skys\u010di\u0173 nuot\u0117k\u012f ir suma\u017einti efektyvum\u0105.<\/li>\n<\/ul>\n<h2>\u012erengimo gair\u0117s<\/h2>\n<p>Nor\u0117dami tinkamai sumontuoti sijos cilindr\u0105, atlikite \u0161iuos veiksmus:<\/p>\n<ol>\n<li>Prie\u0161 prad\u0117dami montavimo proces\u0105, \u012fsitikinkite, kad hidraulin\u0117je sistemoje n\u0117ra sl\u0117gio, kad i\u0161vengtum\u0117te nelaiming\u0173 atsitikim\u0173.<\/li>\n<li>Atsargiai sulygiuokite cilindr\u0105 su mechanizmo tvirtinimo ta\u0161kais, u\u017etikrindami, kad jis b\u016bt\u0173 lygus ir tinkamai pad\u0117tas.<\/li>\n<li>Cilindrui pritvirtinti naudokite tinkamus tvirtinimo laikiklius, u\u017etikrindami, kad jis b\u016bt\u0173 tvirtai pritvirtintas ir nejud\u0117t\u0173 eksploatacijos metu.<\/li>\n<li>Prijunkite hidraulines linijas, u\u017etikrindami, kad jose neb\u016bt\u0173 \u0161iuk\u0161li\u0173 ir jos b\u016bt\u0173 tvirtai pritvirtintos, kad neb\u016bt\u0173 nuot\u0117ki\u0173.<\/li>\n<li>\u012edieg\u0119 sistem\u0105, l\u0117tai padidinkite sl\u0117g\u012f ir patikrinkite, ar n\u0117ra nuot\u0117ki\u0173, prie\u0161 visi\u0161kai naudodami \u012fsitikinkite, kad viskas veikia skland\u017eiai.<\/li>\n<\/ol>\n<h2>Prie\u017ei\u016bros u\u017eduotys<\/h2>\n<ul>\n<li><strong>Reguliar\u016bs patikrinimai:<\/strong> Atlikite reguliarius patikrinimus, kad nustatytum\u0117te galimas problemas. Patikrinkite, ar n\u0117ra nuot\u0117ki\u0173, susid\u0117v\u0117jimo ir tinkamo veikimo, kad problemos b\u016bt\u0173 pasteb\u0117tos anksti.<\/li>\n<li><strong>Tinkamas tepimas:<\/strong> Palaikykite tinkam\u0105 hidraulin\u0117s alyvos lyg\u012f ir tepkite pagal rekomendacijas, kad u\u017etikrintum\u0117te skland\u0173 veikim\u0105 ir suma\u017eintum\u0117te nusid\u0117v\u0117jim\u0105.<\/li>\n<li><strong>Sandariklio keitimo ir kalibravimo patikrinimai:<\/strong> Reguliariai keiskite sandariklius ir atlikite kalibravimo patikrinimus, kad u\u017etikrintum\u0117te, jog cilindras veikia pagal nurodytus parametrus.<\/li>\n<\/ul>\n<h2>Saugos aspektai ir aplinkos veiksniai<\/h2>\n<p>Saugos priemon\u0117s yra nepaprastai svarbios eksploatuojant hidraulines sistemas. Operatoriai tur\u0117t\u0173 b\u016bti apmokyti saugiai naudoti ma\u0161inas ir suprasti saugos protokol\u0173 laikymosi svarb\u0105. Tinkama prie\u017ei\u016bra ir savalaikiai patikrinimai gali pad\u0117ti i\u0161vengti nelaiming\u0173 atsitikim\u0173, kuriuos sukelia \u012frangos gedimai. Be to, reik\u0117t\u0173 atsi\u017evelgti \u012f aplinkai nekenksmingas praktikas, pavyzd\u017eiui, naudoti biologi\u0161kai skaid\u017eius hidraulinius skys\u010dius ir u\u017etikrinti, kad bet kokie nuot\u0117kiai b\u016bt\u0173 nedelsiant pa\u0161alinti, siekiant suma\u017einti poveik\u012f aplinkai.<\/p>\n<h2>Trik\u010di\u0173 \u0161alinimas ir da\u017eniausios problemos<\/h2>\n<ul>\n<li><strong>Hidraulini\u0173 skys\u010di\u0173 nuot\u0117kiai:<\/strong> Nuot\u0117kiai da\u017enai gali rodyti susid\u0117v\u0117jusius sandariklius arba pa\u017eeistas jungtis. Patikrinkite sandariklius ir prireikus juos pakeiskite.<\/li>\n<li><strong>Silpnas arba nereaguojantis cilindras:<\/strong> Tai gali b\u016bti d\u0117l \u017eemo hidraulinio skys\u010dio lygio arba oro sistemoje. Patikrinkite skys\u010dio lyg\u012f ir i\u0161leiskite or\u0105 i\u0161 sistemos.<\/li>\n<li><strong>Nenuoseklus jud\u0117jimas:<\/strong> Netolygus cilindro jud\u0117jimas gali rodyti hidraulinio siurblio problemas arba u\u017esikim\u0161imus hidraulin\u0117se linijose. Patikrinkite, ar n\u0117ra u\u017esikim\u0161im\u0173 siurblyje ir linijose.<\/li>\n<\/ul>\n<h2>Trik\u010di\u0173 \u0161alinimo patarimai<\/h2>\n<p>Nor\u0117dami efektyviai diagnozuoti ir i\u0161spr\u0119sti problemas, vadovaukit\u0117s \u0161iais patarimais:<\/p>\n<ul>\n<li>Visada veskite technin\u0117s prie\u017ei\u016bros darb\u0173 ir vis\u0173 i\u0161kilusi\u0173 problem\u0173 \u017eurnal\u0105. Tai gali pad\u0117ti nustatyti tendencijas ir i\u0161vengti problem\u0173 ateityje.<\/li>\n<li>Reguliariai rengkite operatori\u0173 mokymus, kad jie suprast\u0173, kaip anksti nustatyti galimas problemas ir i\u0161vengti brangaus remonto.<\/li>\n<li>D\u0117l savo modeliui b\u016bding\u0173 trik\u010di\u0173 \u0161alinimo gairi\u0173 ie\u0161kokite gamintojo vadove ir u\u017etikrinkite, kad laikytum\u0117t\u0117s geriausios remonto praktikos.<\/li>\n<\/ul>\n<p><img decoding=\"async\" src=\"https:\/\/www.hydraulic-cylinders.net\/wp-content\/uploads\/2025\/04\/songte-bushings-with-all-kinds-of-excavator-models.webp\" alt=\"\u012evor\u0117s vaizdas\"><\/p>\n<h2>Apie m\u016bs\u0173 \u012fmon\u0119<\/h2>\n<p>Esame pirmaujantis pakaitini\u0173 hidraulini\u0173 cilindr\u0173 gamintojas, \u017einomas d\u0117l plataus gamini\u0173 asortimento ir \u012fsipareigojimo kokybei. M\u016bs\u0173 \u012fmon\u0117 \u012fsitvirtino kaip viena i\u0161 pirmaujan\u010di\u0173 hidraulini\u0173 cilindr\u0173 gamintoj\u0173 ir didmeninink\u0173 tiek vidaus, tiek tarptautin\u0117se rinkose. Mes orientuojam\u0117s \u012f nepriekai\u0161ting\u0105 kokyb\u0119, pasitelkdami patobulint\u0105 gamybos cech\u0105 su pramonin\u0117s gamybos valdymo strategija. Pasitelkdami kvalifikuotus technikus, pa\u017eangi\u0105 skaitmenin\u0119 gamybos \u012frang\u0105 ir profesionali\u0105 testavimo sistem\u0105, nuolat tobuliname savo gamybos paj\u0117gumus.<\/p>\n<p><img decoding=\"async\" src=\"https:\/\/www.hydraulic-cylinders.net\/wp-content\/uploads\/2025\/04\/songte-company-4.webp\" alt=\"\u012emon\u0117s ap\u017evalgos paveiksl\u0117lis\"><br \/>\n<img decoding=\"async\" src=\"https:\/\/www.hydraulic-cylinders.net\/wp-content\/uploads\/2025\/04\/songte-company-3.webp\" alt=\"Gamybos \u012fmon\u0117s vaizdas\"><\/p>\n<p>M\u016bs\u0173 \u012fsipareigojim\u0105 profesionalumui rodo tarptautiniai sertifikatai ir individualiai pritaikytos paslaugos, pritaikytos klient\u0173 poreikiams. Naudojame moderniausi\u0105 gamybos \u012frang\u0105, kad u\u017etikrintume auk\u0161t\u0105 efektyvum\u0105, tikslum\u0105 ir kokyb\u0119, u\u017etikrindami, kad patenkintume \u012fvairius klient\u0173 reikalavimus, kartu teikdami i\u0161skirtin\u0119 garantinio aptarnavimo paslaug\u0105.<\/p>\n<p>Autorius: lyl<\/p>","protected":false},"excerpt":{"rendered":"<p>Boom Cylinder For Xiniu XN7180 Introduction to Boom Cylinders The Boom Cylinder, specifically designed for the Xiniu XN7180, is an essential hydraulic component that plays a critical role in controlling the movement of heavy machinery. These cylinders are primarily used in excavators, backhoe loaders, and front-end loaders, enabling the bucket to lift, lower, and tilt [&hellip;]<\/p>","protected":false},"featured_media":17881,"comment_status":"open","ping_status":"closed","template":"","meta":{"_et_pb_use_builder":"","_et_pb_old_content":"","_et_gb_content_width":""},"product_brand":[],"product_cat":[1546],"product_tag":[1547,1496],"class_list":{"0":"post-19723","1":"product","2":"type-product","3":"status-publish","4":"has-post-thumbnail","6":"product_cat-boom-cylinders","7":"product_tag-boom-cylinders","8":"product_tag-hydraulic-cylinders","10":"first","11":"instock","12":"shipping-taxable","13":"product-type-simple"},"amp_enabled":true,"_links":{"self":[{"href":"https:\/\/www.hydraulic-cylinders.net\/lt\/wp-json\/wp\/v2\/product\/19723","targetHints":{"allow":["GET"]}}],"collection":[{"href":"https:\/\/www.hydraulic-cylinders.net\/lt\/wp-json\/wp\/v2\/product"}],"about":[{"href":"https:\/\/www.hydraulic-cylinders.net\/lt\/wp-json\/wp\/v2\/types\/product"}],"replies":[{"embeddable":true,"href":"https:\/\/www.hydraulic-cylinders.net\/lt\/wp-json\/wp\/v2\/comments?post=19723"}],"wp:featuredmedia":[{"embeddable":true,"href":"https:\/\/www.hydraulic-cylinders.net\/lt\/wp-json\/wp\/v2\/media\/17881"}],"wp:attachment":[{"href":"https:\/\/www.hydraulic-cylinders.net\/lt\/wp-json\/wp\/v2\/media?parent=19723"}],"wp:term":[{"taxonomy":"product_brand","embeddable":true,"href":"https:\/\/www.hydraulic-cylinders.net\/lt\/wp-json\/wp\/v2\/product_brand?post=19723"},{"taxonomy":"product_cat","embeddable":true,"href":"https:\/\/www.hydraulic-cylinders.net\/lt\/wp-json\/wp\/v2\/product_cat?post=19723"},{"taxonomy":"product_tag","embeddable":true,"href":"https:\/\/www.hydraulic-cylinders.net\/lt\/wp-json\/wp\/v2\/product_tag?post=19723"}],"curies":[{"name":"wp","href":"https:\/\/api.w.org\/{rel}","templated":true}]}}