{"id":19725,"date":"2025-04-07T07:04:08","date_gmt":"2025-04-07T07:04:08","guid":{"rendered":"https:\/\/www.hydraulic-cylinders.net\/product\/boom-cylinder-for-xiniu-xn80-l\/"},"modified":"2025-04-07T07:04:18","modified_gmt":"2025-04-07T07:04:18","slug":"boom-cylinder-for-xiniu-xn80-l","status":"publish","type":"product","link":"https:\/\/www.hydraulic-cylinders.net\/lt\/produktas\/boom-cylinder-for-xiniu-xn80-l\/","title":{"rendered":"Str\u0117l\u0117s cilindras, skirtas Xiniu XN80-L"},"content":{"rendered":"<h1>Str\u0117l\u0117s cilindras, skirtas Xiniu XN80-L<\/h1>\n<h2>Produkto ap\u017evalga<\/h2>\n<p>\u201eXiniu XN80-L\u201c str\u0117l\u0117s cilindras yra specializuotas hidraulinis cilindras, skirtas valdyti kau\u0161\u0173 jud\u0117jim\u0105 \u012fvairiose sunkiosiose technikose. \u0160is hidraulinis komponentas atlieka pagrindin\u012f vaidmen\u012f ekskavatoriuose, ekskavatoriniuose krautuvais ir frontaliniuose krautuvuose, nes leid\u017eia kau\u0161\u0105 efektyviai pakelti, nuleisti ir pakreipti, o tai palengvina \u012fvairias med\u017eiag\u0173 tvarkymo u\u017eduotis.<\/p>\n<p><img decoding=\"async\" src=\"https:\/\/www.hydraulic-cylinders.net\/wp-content\/uploads\/2025\/04\/songte-company-1.webp\" alt=\"Str\u0117l\u0117s cilindro ap\u017evalga\"><\/p>\n<h3>Apibr\u0117\u017eimas ir funkcija<\/h3>\n<p>Kau\u0161o cilindras yra hidraulinio cilindro tipas, specialiai naudojamas sunkiosios technikos kau\u0161\u0173 jud\u0117jimui valdyti. \u0160ie cilindrai yra b\u016btini atliekant tokias u\u017eduotis kaip kasimas, k\u0117limas ir med\u017eiag\u0173 transportavimas. J\u0173 veikimas priklauso nuo hidraulinio skys\u010dio dinamikos, kuri leid\u017eia atlikti galingus ir tikslius judesius. D\u0117l to jie yra nepakei\u010diami statybos, \u017eem\u0117s \u016bkio ir kasybos pramon\u0117je.<\/p>\n<h2>\u201eXiniu XN80-L\u201c str\u0117l\u0117s cilindro savyb\u0117s<\/h2>\n<ul>\n<li><strong>Didelis stiprumas ir ilgaam\u017ei\u0161kumas:<\/strong> Pagaminti i\u0161 didelio stiprumo plieno arba aliuminio, \u0161ie cilindrai gali atlaikyti auk\u0161t\u0105 sl\u0117g\u012f ir dideles apkrovas, tod\u0117l tinkami at\u0161iaurioms darbo s\u0105lygoms.<\/li>\n<li><strong>Efektyvus hidraulinis valdymas:<\/strong> Cilindras naudoja hidraulin\u0117s alyvos sl\u0117g\u012f, kad teleskopinis judesys b\u016bt\u0173 sklandus, greitai reaguot\u0173 \u012f valdymo komandas ir u\u017etikrint\u0173 stipri\u0105 st\u016bmimo bei traukimo j\u0117g\u0105.<\/li>\n<li><strong>\u012evair\u016bs tipai:<\/strong> Galima \u012fsigyti vienpusio veikimo (veikia viena kryptimi) arba dvipusio veikimo (veikia abiem kryptimis) konfig\u016bracij\u0173, pritaikyt\u0173 \u012fvairiems eksploatavimo poreikiams. Kai kurie modeliai yra teleskopiniai, tod\u0117l juos galima labiau prailginti nedidinant i\u0161orini\u0173 matmen\u0173.<\/li>\n<li><strong>Atsparumas korozijai:<\/strong> Sukurta i\u0161 med\u017eiag\u0173, atspari\u0173 dilimui ir korozijai, u\u017etikrinant ilgaam\u017ei\u0161kum\u0105 ir patikimum\u0105 sud\u0117tingomis s\u0105lygomis.<\/li>\n<li><strong>Pritaikomos parinktys:<\/strong> M\u016bs\u0173 cilindrai gali b\u016bti pritaikyti konkretiems reikalavimams, u\u017etikrinant suderinamum\u0105 su \u012fvairiomis hidraulin\u0117mis sistemomis.<\/li>\n<\/ul>\n<p><img decoding=\"async\" src=\"https:\/\/www.hydraulic-cylinders.net\/wp-content\/uploads\/2025\/04\/songte-cylinder-head-with-all-kinds-excavator-models.webp\" alt=\"Pritaikomos str\u0117l\u0117s cilindro parinktys\"><\/p>\n<h2>Taikymo scenarijai<\/h2>\n<h3>Statybin\u0117 \u012franga<\/h3>\n<p>Ekskavatoriuose str\u0117l\u0117s cilindras yra labai svarbus kasant, kraunant ir perkeliant grunt\u0105 ar \u0161iuk\u0161les. Tikslus jo valdymas leid\u017eia efektyviai atlikti kasimo darbus ir tvarkyti med\u017eiagas, sutrumpinant bendr\u0105 darbo laik\u0105. Galimyb\u0117 reguliuoti kau\u0161o pad\u0117t\u012f padidina na\u0161um\u0105 ir u\u017etikrina, kad u\u017eduotys b\u016bt\u0173 atliktos tiksliai.<\/p>\n<h3>\u017dem\u0117s \u016bkio technika<\/h3>\n<p>Priekiniuose krautuvuose str\u0117l\u0117s cilindras naudojamas dirvo\u017eemiui, \u0161ienui ir kitoms med\u017eiagoms semti, kelti ir transportuoti. \u0160i hidraulin\u0117 funkcija pagerina \u017eem\u0117s \u016bkio darb\u0173 efektyvum\u0105, leisdama \u016bkininkams efektyviai valdyti savo i\u0161teklius ir i\u0161laikyti produktyvum\u0105 piko metu.<\/p>\n<h3>Ekskavatoriai<\/h3>\n<p>Kau\u0161o cilindras leid\u017eia ekskavatoriams efektyviai \u012fsiskverbti \u012f dirv\u0105, palengvindamas greitus kasimo darbus. Tai padidina kasimo darb\u0173 greit\u012f ir efektyvum\u0105, tod\u0117l jis yra b\u016btinas statybos ir kra\u0161tovaizd\u017eio tvarkymo projektuose.<\/p>\n<h3>Krautuvai<\/h3>\n<p>Priekiniuose krautuvuose str\u0117l\u0117s cilindrai padeda efektyviai kelti ir i\u0161versti krovinius. J\u0173 geb\u0117jimas valdyti sunkias med\u017eiagas u\u017etikrina skland\u0173 statybos ir pramon\u0117s darb\u0105, prisidedant prie bendros veiklos s\u0117km\u0117s.<\/p>\n<h2>Projektavimo aspektai ir atrankos kriterijai<\/h2>\n<h3>Keliamoji galia<\/h3>\n<p>Str\u0117l\u0117s cilindro keliamoji galia yra labai svarbus projektavimo aspektas. Jis turi b\u016bti tinkamai \u012fvertintas, kad atlaikyt\u0173 did\u017eiausias tik\u0117tinas apkrovas eksploatacijos metu. Gamintojai paprastai pateikia specifikacijas d\u0117l apkrovos rib\u0173, ir b\u016btina j\u0173 laikytis, kad cilindras nesugest\u0173.<\/p>\n<h3>Sandarinimo mechanizmai<\/h3>\n<p>Efektyvus sandarinimas yra gyvybi\u0161kai svarbus norint palaikyti hidraulin\u012f sl\u0117g\u012f ir i\u0161vengti nuot\u0117ki\u0173. \u012eprastos sandarinimo med\u017eiagos yra poliuretanas ir nitrilo kau\u010diukas, parenkami d\u0117l j\u0173 patvarumo ir atsparumo dilimui. Tinkamas sandarinimas padeda prailginti cilindro tarnavimo laik\u0105, suma\u017einant skys\u010dio nuostolius ir u\u017eter\u0161tum\u0105.<\/p>\n<h3>Patvarumas<\/h3>\n<p>Hidrauliniams cilindrams ilgaam\u017ei\u0161kumas yra nepaprastai svarbus, ypa\u010d kai jie veikiami at\u0161iauriomis darbo s\u0105lygomis. Konstrukcijoje naudojamos med\u017eiagos turi b\u016bti atsparios dilimui ir korozijai, u\u017etikrinant, kad cilindras i\u0161laikyt\u0173 funkcionalum\u0105 laikui b\u0117gant. Reguliarus techninis aptarnavimas ir patikrinimai gali dar labiau pailginti \u012frangos tarnavimo laik\u0105.<\/p>\n<h3>Saugos funkcijos<\/h3>\n<p>Hidraulini\u0173 sistem\u0173 saugumas yra labai svarbus. Projektuojant tur\u0117t\u0173 b\u016bti numatytos tokios funkcijos kaip sl\u0117gio ma\u017einimo vo\u017etuvai, siekiant i\u0161vengti perkrovos. Reguliar\u016bs saugos patikrinimai ir eksploatavimo gairi\u0173 laikymasis gali suma\u017einti su hidrauliniais gedimais susijusi\u0105 rizik\u0105.<\/p>\n<h3>Prieinamumas prie prie\u017ei\u016bros<\/h3>\n<p>Projektuojant prieinam\u0105 technin\u0119 prie\u017ei\u016br\u0105, u\u017etikrinama, kad \u012fprastiniai patikrinimai ir remontas gal\u0117t\u0173 b\u016bti atliekami be dideli\u0173 prastov\u0173. Komponentai tur\u0117t\u0173 b\u016bti lengvai pasiekiami ir pakei\u010diami, kad b\u016bt\u0173 galima efektyviai atlikti technin\u0119 prie\u017ei\u016br\u0105 ir palaikyti optimali\u0105 ma\u0161in\u0173 darbin\u0119 b\u016bkl\u0119.<\/p>\n<p><img decoding=\"async\" src=\"https:\/\/www.hydraulic-cylinders.net\/wp-content\/uploads\/2025\/04\/songte-oil-pipes-and-spare-parts.webp\" alt=\"Hidraulinio cilindro projektavimo aspektai\"><\/p>\n<h2>Sandarinimas ir tepimas<\/h2>\n<p>Tinkamas sandarinimas ir tepimas yra labai svarb\u016bs str\u0117l\u0117s cilindro veikimui. \u012evair\u016bs sandarinimo komponentai, tokie kaip st\u016bmokli\u0173 ir stryp\u0173 sandarikliai, naudojami hidrauliniam skys\u010diui i\u0161laikyti ir sl\u0117giui palaikyti. D\u0117l ilgaam\u017ei\u0161kumo pirmenyb\u0117 teikiama sandarikliams, pagamintiems i\u0161 atspari\u0173 dilimui med\u017eiag\u0173, toki\u0173 kaip poliuretanas ir nitrilo kau\u010diukas. Be to, cilindro korpusas ir srieginiai galiniai pavir\u0161iai yra tiksliai apdirbami, siekiant padidinti atsparum\u0105 dilimui.<\/p>\n<p>Norint u\u017etikrinti skland\u0173 veikim\u0105, b\u016btina reguliariai tepti hidraulin\u0119 alyv\u0105. Alyva padeda suma\u017einti trint\u012f tarp judan\u010di\u0173 dali\u0173 ir apsaugo nuo perkaitimo. Svarbu steb\u0117ti alyvos lyg\u012f ir laiku j\u0105 papildyti, kad b\u016bt\u0173 i\u0161laikytas na\u0161umas.<\/p>\n<h2>Reguliar\u016bs patikrinimai ir prevencin\u0117 prie\u017ei\u016bra<\/h2>\n<ul>\n<li><strong>Reguliar\u016bs patikrinimai:<\/strong> Reguliar\u016bs hidraulin\u0117s sistemos patikrinimai padeda nustatyti susid\u0117v\u0117jim\u0105 ir galimas problemas, kol jos nepa\u016bm\u0117ja. Ie\u0161kokite nuot\u0117kio po\u017eymi\u0173 ar ne\u012fprasto sandarikli\u0173 ir komponent\u0173 susid\u0117v\u0117jimo.<\/li>\n<li><strong>Tinkamas tepimas:<\/strong> \u012esitikinkite, kad cilindras yra tinkamai suteptas hidrauline alyva. Tai padeda i\u0161laikyti skland\u0173 veikim\u0105 ir suma\u017eina judan\u010di\u0173 dali\u0173 susid\u0117v\u0117jim\u0105.<\/li>\n<li><strong>Sandariklio keitimas:<\/strong> Siekiant i\u0161laikyti hidraulin\u0117s sistemos vientisum\u0105, reikia patikrinti, ar n\u0117ra susid\u0117v\u0117jusi\u0173 sandarikli\u0173, ir juos pakeisti pagal poreik\u012f. Reguliariai atliekant keitim\u0105 galima i\u0161vengti brangaus remonto.<\/li>\n<\/ul>\n<h2>\u012erengimo gair\u0117s<\/h2>\n<p>Tinkamas str\u0117l\u0117s cilindro montavimas yra labai svarbus optimaliam veikimui. Pirmiausia \u012fsitikinkite, kad tvirtinimo pavir\u0161iai yra \u0161var\u016bs ir be \u0161iuk\u0161li\u0173. Tiksliai sulygiuokite cilindr\u0105, kad veikimo metu sl\u0117gis pasiskirstyt\u0173 tolygiai. Naudokite tinkamus tvirtinimo laikiklius, kad pritvirtintum\u0117te cilindr\u0105 vietoje ir i\u0161vengtum\u0117te bet kokio jud\u0117jimo, kuris gal\u0117t\u0173 sukelti nesuderinamum\u0105.<\/p>\n<p>Montuodami atid\u017eiai steb\u0117kite hidraulines linijas, kad i\u0161vengtum\u0117te sulenkim\u0173 ar u\u017esikim\u0161im\u0173, kurie gal\u0117t\u0173 paveikti skys\u010dio sraut\u0105. \u012ereng\u0119, atlikite i\u0161sam\u0173 patikrinim\u0105, ar visos jungtys yra sandarios ir nepraleid\u017eia vandens. Galiausiai, prie\u0161 pereidami prie pilno darbinio sl\u0117gio, i\u0161bandykite sistem\u0105 esant \u017eemam sl\u0117giui, kad \u012fsitikintum\u0117te, jog viskas veikia tinkamai.<\/p>\n<p><img decoding=\"async\" src=\"https:\/\/www.hydraulic-cylinders.net\/wp-content\/uploads\/2025\/04\/songte-chushion-collar.webp\" alt=\"Str\u0117l\u0117s cilindro montavimas\"><\/p>\n<h2>Saugos aspektai ir aplinkos veiksniai<\/h2>\n<p>Dirbant su hidraulin\u0117mis sistemomis, itin svarbu \u012fdiegti saugos priemones. U\u017etikrinkite, kad visi operatoriai b\u016bt\u0173 apmokyti saugiai naudoti hidraulin\u0119 \u012frang\u0105 ir suprast\u0173, kaip svarbu laikytis eksploatavimo gairi\u0173. Reguliar\u016bs saugos auditai gali pad\u0117ti nustatyti galimus pavojus ir suma\u017einti su hidrauliniais gedimais ar sutrikimais susijusi\u0105 rizik\u0105.<\/p>\n<h2>Trik\u010di\u0173 \u0161alinimas ir da\u017eniausiai pasitaikan\u010dios problemos<\/h2>\n<ul>\n<li><strong>Nuot\u0117kis:<\/strong> Nuot\u0117kis gali atsirasti d\u0117l susid\u0117v\u0117jusi\u0173 sandarikli\u0173 arba pa\u017eeist\u0173 jungiam\u0173j\u0173 detali\u0173. Reguliariai tikrinkite sandariklius ir prireikus juos pakeiskite.<\/li>\n<li><strong>Nenuoseklus na\u0161umas:<\/strong> Jei cilindras nereaguoja skland\u017eiai, patikrinkite, ar hidrauliniame skystyje n\u0117ra oro arba ar n\u0117ra u\u017esikim\u0161im\u0173 hidraulin\u0117se linijose.<\/li>\n<li><strong>Perkaitimas:<\/strong> Perkaitimas gali rodyti nepakankam\u0105 tepim\u0105 arba per didel\u012f darbo kr\u016bv\u012f. Patikrinkite alyvos lyg\u012f ir \u012fsitikinkite, kad cilindras n\u0117ra perkrautas vir\u0161ydamas savo talp\u0105.<\/li>\n<\/ul>\n<h2>Gedim\u0173 \u0161alinimo patarimai<\/h2>\n<p>Norint efektyviai diagnozuoti ir i\u0161spr\u0119sti problemas, reikia i\u0161samiai registruoti eksploatacinius rodiklius ir visus naudojimo metu pasteb\u0117tus pa\u017eeidimus. Tai gali pad\u0117ti nustatyti modelius, kurie gali rodyti pagrindines problemas. Prevencin\u0117s priemon\u0117s, tokios kaip planin\u0117 prie\u017ei\u016bra ir savalaikis dali\u0173 keitimas, gali gerokai suma\u017einti eksploatacini\u0173 gedim\u0173 tikimyb\u0119.<\/p>\n<p><img decoding=\"async\" src=\"https:\/\/www.hydraulic-cylinders.net\/wp-content\/uploads\/2025\/04\/songte-bushings-with-all-kinds-of-excavator-models.webp\" alt=\"Trik\u010di\u0173 \u0161alinimas ir da\u017eniausiai pasitaikan\u010dios problemos\"><\/p>\n<h2>\u012emon\u0117s ap\u017evalga<\/h2>\n<p>Esame pirmaujantis hidraulini\u0173 cilindr\u0173 gamintojas ir didmenininkas, specializuojantis auk\u0161tos kokyb\u0117s pakaitini\u0173 cilindr\u0173 gamyboje. Platus gamini\u0173 asortimentas leid\u017eia mums tapti pagrindiniu \u017eaid\u0117ju tiek vidaus, tiek tarptautin\u0117se rinkose. Laikom\u0117s meistri\u0161kumo princip\u0173, pasitelkdami rafinuot\u0105 gamybos strategij\u0105, apiman\u010di\u0105 technologines \u017einias ir pa\u017eangi\u0105 gamybos \u012frang\u0105.<\/p>\n<p>M\u016bs\u0173 \u012fsipareigojimas kokybei matyti i\u0161 grie\u017et\u0173 testavimo protokol\u0173 ir tarptautini\u0173 sertifikat\u0173 laikymosi. Si\u016blome individualiai pritaikytas paslaugas, kad patenkintume \u012fvairius klient\u0173 poreikius ir u\u017etikrintume, jog jie gaut\u0173 geriausius produktus, atitinkan\u010dius j\u0173 poreikius. M\u016bs\u0173 profesionalus garantinis aptarnavimas garantuoja klient\u0173 pasitenkinim\u0105 ir palaikym\u0105 ilgai po pirkimo.<\/p>\n<p><img decoding=\"async\" src=\"https:\/\/www.hydraulic-cylinders.net\/wp-content\/uploads\/2025\/04\/songte-company-4.webp\" alt=\"\u012emon\u0117s ap\u017evalga\"><br \/>\n<img decoding=\"async\" src=\"https:\/\/www.hydraulic-cylinders.net\/wp-content\/uploads\/2025\/04\/songte-company-3.webp\" alt=\"\u012emon\u0117s kokyb\u0117s u\u017etikrinimas\"><\/p>\n<p>Autorius: lyl<\/p>","protected":false},"excerpt":{"rendered":"<p>Boom Cylinder For Xiniu XN80-L Product Overview The Boom Cylinder for Xiniu XN80-L is a specialized hydraulic cylinder designed for controlling the movement of buckets in various heavy machinery. This hydraulic component plays a pivotal role in excavators, backhoe loaders, and front loaders, enabling the bucket to lift, lower, and tilt efficiently, which facilitates various [&hellip;]<\/p>","protected":false},"featured_media":17868,"comment_status":"open","ping_status":"closed","template":"","meta":{"_et_pb_use_builder":"","_et_pb_old_content":"","_et_gb_content_width":""},"product_brand":[],"product_cat":[1546],"product_tag":[1547,1496],"class_list":{"0":"post-19725","1":"product","2":"type-product","3":"status-publish","4":"has-post-thumbnail","6":"product_cat-boom-cylinders","7":"product_tag-boom-cylinders","8":"product_tag-hydraulic-cylinders","10":"first","11":"instock","12":"shipping-taxable","13":"product-type-simple"},"amp_enabled":true,"_links":{"self":[{"href":"https:\/\/www.hydraulic-cylinders.net\/lt\/wp-json\/wp\/v2\/product\/19725","targetHints":{"allow":["GET"]}}],"collection":[{"href":"https:\/\/www.hydraulic-cylinders.net\/lt\/wp-json\/wp\/v2\/product"}],"about":[{"href":"https:\/\/www.hydraulic-cylinders.net\/lt\/wp-json\/wp\/v2\/types\/product"}],"replies":[{"embeddable":true,"href":"https:\/\/www.hydraulic-cylinders.net\/lt\/wp-json\/wp\/v2\/comments?post=19725"}],"wp:featuredmedia":[{"embeddable":true,"href":"https:\/\/www.hydraulic-cylinders.net\/lt\/wp-json\/wp\/v2\/media\/17868"}],"wp:attachment":[{"href":"https:\/\/www.hydraulic-cylinders.net\/lt\/wp-json\/wp\/v2\/media?parent=19725"}],"wp:term":[{"taxonomy":"product_brand","embeddable":true,"href":"https:\/\/www.hydraulic-cylinders.net\/lt\/wp-json\/wp\/v2\/product_brand?post=19725"},{"taxonomy":"product_cat","embeddable":true,"href":"https:\/\/www.hydraulic-cylinders.net\/lt\/wp-json\/wp\/v2\/product_cat?post=19725"},{"taxonomy":"product_tag","embeddable":true,"href":"https:\/\/www.hydraulic-cylinders.net\/lt\/wp-json\/wp\/v2\/product_tag?post=19725"}],"curies":[{"name":"wp","href":"https:\/\/api.w.org\/{rel}","templated":true}]}}