{"id":19727,"date":"2025-04-07T07:04:20","date_gmt":"2025-04-07T07:04:20","guid":{"rendered":"https:\/\/www.hydraulic-cylinders.net\/product\/boom-cylinder-for-xiniu-xn65-4l\/"},"modified":"2025-04-07T07:04:23","modified_gmt":"2025-04-07T07:04:23","slug":"boom-cylinder-for-xiniu-xn65-4l","status":"publish","type":"product","link":"https:\/\/www.hydraulic-cylinders.net\/lt\/produktas\/boom-cylinder-for-xiniu-xn65-4l\/","title":{"rendered":"Str\u0117l\u0117s cilindras, skirtas Xiniu XN65-4L"},"content":{"rendered":"<h1>Str\u0117l\u0117s cilindras, skirtas Xiniu XN65-4L<\/h1>\n<h2>Produkto ap\u017evalga<\/h2>\n<p>\u201eXiniu XN65-4L\u201c str\u0117l\u0117s cilindras yra esminis hidraulini\u0173 sistem\u0173 komponentas, atliekantis lemiam\u0105 vaidmen\u012f eksploatuojant sunki\u0105j\u0105 technik\u0105. \u0160is hidraulinis cilindras yra specialiai sukurtas valdyti kau\u0161o jud\u0117jim\u0105 \u012fvairioje sunkiojoje technikoje, pavyzd\u017eiui, ekskavatoriuose, ekskavatoriniuose krautuvais ir frontaliniuose krautuvuose. Jis leid\u017eia kau\u0161\u0105 pakelti, nuleisti ir pakreipti, o tai efektyviai palengvina med\u017eiag\u0173 tvarkymo u\u017eduotis.<\/p>\n<p>Kau\u0161o cilindras, kaip hidraulinio cilindro tipas, naudoja hidraulin\u012f skyst\u012f, kad sukurt\u0173 j\u0117g\u0105, pakankam\u0105 sunkiems kroviniams atlaikyti. \u0160is mechanizmas u\u017etikrina skland\u0173 veikim\u0105, u\u017etikrinant tikslum\u0105 kasant, keliant ir perkeliant med\u017eiagas. D\u0117l tvirtos konstrukcijos ir efektyvaus veikimo jis yra nepakei\u010diamas statybose ir \u017eem\u0117s \u016bkio darbuose.<\/p>\n<p><img decoding=\"async\" src=\"https:\/\/www.hydraulic-cylinders.net\/wp-content\/uploads\/2025\/04\/songte-company-1.webp\" alt=\"Str\u0117l\u0117s cilindras, skirtas Xiniu XN65-4L\" \/><\/p>\n<h2>Pagrindin\u0117s savyb\u0117s<\/h2>\n<ul>\n<li>\n<h3>Didelis stiprumas ir ilgaam\u017ei\u0161kumas<\/h3>\n<p>Pagamintas i\u0161 didelio stiprumo plieno arba aliuminio, \u0161is cilindras gali atlaikyti auk\u0161t\u0105 sl\u0117g\u012f ir dideles apkrovas, prisitaikydamas prie at\u0161iauri\u0173 darbo s\u0105lyg\u0173. Jis suprojektuotas atsi\u017evelgiant \u012f atsparum\u0105 dilimui ir korozijai, u\u017etikrinant ilgesn\u012f tarnavimo laik\u0105.<\/p>\n<\/li>\n<li>\n<h3>Efektyvus hidraulinis valdymas<\/h3>\n<p>Cilindras naudoja hidraulin\u0117s alyvos sl\u0117g\u012f, kad skland\u017eiai i\u0161skleist\u0173 ir atitraukt\u0173, tod\u0117l greitai reaguoti \u012f valdymo komandas ir u\u017etikrinti didel\u0119 traukimo bei st\u016bmimo gali\u0105, idealiai tinkan\u010di\u0105 sunkioms ir sud\u0117tingoms u\u017eduotims atlikti.<\/p>\n<\/li>\n<li>\n<h3>\u012evair\u016bs tipai<\/h3>\n<p>Priklausomai nuo eksploatacini\u0173 poreiki\u0173, klientai gali rinktis vieno veikimo (hidraulin\u0117s j\u0117gos naudojimas viena kryptimi) arba dvigubo veikimo (hidraulin\u0117s j\u0117gos naudojimas abiem kryptimis) cilindrus. Kai kurie modeliai yra teleskopiniai, tod\u0117l juos galima labiau i\u0161tiesti nedidinant i\u0161orini\u0173 matmen\u0173, tod\u0117l jie tinka naudoti ribotoje erdv\u0117je.<\/p>\n<\/li>\n<li>\n<h3>Pritaikoma gamyba<\/h3>\n<p>Mes galime pagaminti \u0161\u012f gamin\u012f, puikiai pakei\u010diant\u012f esamus hidraulinius cilindrus ir u\u017etikrinant\u012f j\u016bs\u0173 ma\u0161in\u0173 suderinamum\u0105 bei patikimum\u0105.<\/p>\n<\/li>\n<li>\n<h3>\u012evairios taikymo sritys<\/h3>\n<p>\u0160is produktas naudojamas \u012fvairiose sunkiosios technikos srityse, optimizuojant na\u0161um\u0105 ir didinant veiklos efektyvum\u0105.<\/p>\n<\/li>\n<\/ul>\n<p><img decoding=\"async\" src=\"https:\/\/www.hydraulic-cylinders.net\/wp-content\/uploads\/2025\/04\/songte-cylinder-head-with-all-kinds-excavator-models.webp\" alt=\"Ekskavatori\u0173 modeliai\" \/><\/p>\n<h2>Taikymo scenarijai<\/h2>\n<ul>\n<li>\n<h3>Statybin\u0117 \u012franga<\/h3>\n<p>Ekskavatoriuose str\u0117l\u0117s cilindras atlieka gyvybi\u0161kai svarb\u0173 vaidmen\u012f kasant, kraunant ir perkeliant grunt\u0105 ar \u0161iuk\u0161les. Jis b\u016btinas tiek kasant, tiek keliant ekskavatori\u0173-krautuv\u0173 darbus, tod\u0117l statybos projektuose jis gali b\u016bti universalus.<\/p>\n<\/li>\n<li>\n<h3>\u017dem\u0117s \u016bkio technika<\/h3>\n<p>Priekiniuose krautuvuose \u0161is cilindras yra labai svarbus semiant, keliant ir transportuojant dirvo\u017eem\u012f, \u0161ien\u0105 ir kitas med\u017eiagas. Jo funkcionalumas padidina \u017eem\u0117s \u016bkio darb\u0173 na\u0161um\u0105, u\u017etikrindamas efektyv\u0173 med\u017eiag\u0173 tvarkym\u0105.<\/p>\n<\/li>\n<li>\n<h3>Ekskavatoriai<\/h3>\n<p>Kau\u0161o cilindras leid\u017eia kau\u0161ui efektyviai \u012fsiskverbti \u012f dirv\u0105, palengvindamas kasimo darbus. Jo na\u0161umas yra labai svarbus siekiant optimalaus kasimo gylio ir efektyvumo.<\/p>\n<\/li>\n<li>\n<h3>Krautuvai<\/h3>\n<p>Priekiniuose krautuvuose str\u0117l\u0117s cilindras padeda efektyviai kelti ir i\u0161versti krovinius, taip padidindamas med\u017eiag\u0173 tvarkymo u\u017eduo\u010di\u0173 efektyvum\u0105.<\/p>\n<\/li>\n<\/ul>\n<h2>Projektavimo aspektai ir atrankos kriterijai<\/h2>\n<ul>\n<li>\n<h3>Keliamoji galia<\/h3>\n<p>Str\u0117l\u0117s cilindras turi b\u016bti suprojektuotas taip, kad atlaikyt\u0173 maksimali\u0105 apkrov\u0105, numatom\u0105 eksploatacijos metu. Tinkamos keliamosios galios cilindro pasirinkimas u\u017etikrina saugum\u0105 ir efektyvum\u0105 dirbant su didel\u0117mis apkrovomis.<\/p>\n<\/li>\n<li>\n<h3>Sandarinimo efektyvumas<\/h3>\n<p>Efektyvus sandarinimas yra labai svarbus siekiant i\u0161vengti hidraulinio skys\u010dio nuot\u0117kio ir palaikyti sl\u0117g\u012f. Reikia pasirinkti tinkamas sandarinimo med\u017eiagas, kurios atlaikyt\u0173 \u012fvairias eksploatavimo s\u0105lygas ir u\u017etikrint\u0173 patikim\u0105 veikim\u0105.<\/p>\n<\/li>\n<li>\n<h3>Patvarumas<\/h3>\n<p>Str\u0117l\u0117s cilindro konstrukcijoje naudojamos med\u017eiagos turi b\u016bti labai atsparios dilimui ir korozijai, kad b\u016bt\u0173 u\u017etikrintas ilgaam\u017ei\u0161kumas, ypa\u010d sud\u0117tingomis s\u0105lygomis.<\/p>\n<\/li>\n<li>\n<h3>Saugos funkcijos<\/h3>\n<p>Saugos funkcij\u0173, toki\u0173 kaip sl\u0117gio ma\u017einimo vo\u017etuvai, \u012fdiegimas yra b\u016btinas siekiant i\u0161vengti perkrovos ir u\u017etikrinti saug\u0173 hidraulin\u0117s sistemos veikim\u0105.<\/p>\n<\/li>\n<li>\n<h3>Prie\u017ei\u016bra<\/h3>\n<p>Cilindro projektavimas taip, kad j\u012f b\u016bt\u0173 lengva pri\u017ei\u016br\u0117ti, \u012fskaitant prieinamus tepimo ta\u0161kus ir kei\u010diamus sandariklius, yra labai svarbus siekiant suma\u017einti prastovas ir pailginti gaminio tarnavimo laik\u0105.<\/p>\n<\/li>\n<\/ul>\n<p><img decoding=\"async\" src=\"https:\/\/www.hydraulic-cylinders.net\/wp-content\/uploads\/2025\/04\/songte-oil-pipes-and-spare-parts.webp\" alt=\"Hidraulin\u0117s alyvos ir atsargin\u0117s dalys\" \/><\/p>\n<h2>Sandarinimas ir tepimas<\/h2>\n<p>Tinkamas sandarinimas ir tepimas yra labai svarb\u016bs str\u0117l\u0117s cilindro veikimui. \u012evair\u016bs sandarinimo komponentai, tokie kaip st\u016bmokli\u0173 ir stryp\u0173 sandarikliai, naudojami siekiant u\u017etikrinti, kad hidraulinis skystis likt\u0173 cilindre. D\u0117l atsparumo dilimui pirmenyb\u0117 teikiama sandarikliams, pagamintiems i\u0161 patvari\u0173 med\u017eiag\u0173, toki\u0173 kaip poliuretanas ir nitrilo kau\u010diukas.<\/p>\n<p>Cilindro korpusas ir srieginiai galai yra tiksliai apdirbami, siekiant padidinti j\u0173 ilgaam\u017ei\u0161kum\u0105 ir atsparum\u0105 dilimui. B\u016btinas reguliarus tepimas, tod\u0117l periodi\u0161kai reikia papildyti pakankamu hidraulin\u0117s alyvos kiekiu, kad b\u016bt\u0173 u\u017etikrintas sklandus veikimas ir i\u0161vengta dilimo.<\/p>\n<h2>Reguliarus patikrinimas ir prevencin\u0117 prie\u017ei\u016bra<\/h2>\n<ul>\n<li>\n<h3>Reguliar\u016bs patikrinimai<\/h3>\n<p>Labai svarbu reguliariai tikrinti str\u0117l\u0117s cilindr\u0105, kad b\u016bt\u0173 galima nustatyti bet kokius susid\u0117v\u0117jimo, nuot\u0117ki\u0173 ar pa\u017eeidim\u0173 po\u017eymius. Ankstyvas problem\u0173 nustatymas gali pad\u0117ti i\u0161vengti rimtesni\u0173 problem\u0173 ir brangaus remonto.<\/p>\n<\/li>\n<li>\n<h3>Tinkamas tepimas<\/h3>\n<p>\u012esitikinkite, kad hidraulin\u0117 alyva yra tinkamai pripildyta ir palaikoma reikiamame lygyje. Reguliarus tepimas padeda suma\u017einti trint\u012f, susid\u0117v\u0117jim\u0105 ir pailginti cilindro tarnavimo laik\u0105.<\/p>\n<\/li>\n<li>\n<h3>Tarpikli\u0173 keitimas ir kalibravimo patikrinimai<\/h3>\n<p>Norint i\u0161laikyti efektyvum\u0105 ir i\u0161vengti nuot\u0117ki\u0173, b\u016btina reguliariai keisti sandariklius. Kalibravimo patikrinimai u\u017etikrina, kad cilindras veikt\u0173 pagal nurodytus parametrus, o tai prisideda prie saugaus ir efektyvaus veikimo.<\/p>\n<\/li>\n<\/ul>\n<h2>\u012erengimo gair\u0117s<\/h2>\n<p>Montuojant str\u0117l\u0117s cilindr\u0105, labai svarbu u\u017etikrinti tinkam\u0105 sulygiavim\u0105. Neteisingas sulygiavimas gali sukelti prie\u0161laikin\u012f susid\u0117v\u0117jim\u0105 ir gedim\u0105. Nor\u0117dami teisingai sumontuoti, atlikite \u0161iuos veiksmus:<\/p>\n<ul>\n<li>Cilindrui pritvirtinti naudokite tinkamus tvirtinimo laikiklius.<\/li>\n<li>Sulygiuokite cilindr\u0105 su sukimosi ta\u0161kais ir \u012fsitikinkite, kad jis veikia skland\u017eiai, be kli\u016b\u010di\u0173.<\/li>\n<li>Prie\u0161 naudodami mechanizm\u0105, patikrinkite visas hidraulines jungtis, ar n\u0117ra nuot\u0117ki\u0173 ir ar jos tinkamai pritvirtintos.<\/li>\n<li>Kad i\u0161vengtum\u0117te pa\u017eeidim\u0173, laikykit\u0117s gamintojo rekomendacij\u0173 d\u0117l var\u017et\u0173 ir jungiam\u0173j\u0173 detali\u0173 sukimo moment\u0173 specifikacij\u0173.<\/li>\n<\/ul>\n<p>Tinkamas montavimas yra labai svarbus optimaliam veikimui ir saugai eksploatacijos metu. Reguliariai per\u017ei\u016br\u0117kite montavimo praktik\u0105, kad ji atitikt\u0173 geriausios praktikos ar ma\u0161in\u0173 specifikacij\u0173 atnaujinimus.<\/p>\n<p><img decoding=\"async\" src=\"https:\/\/www.hydraulic-cylinders.net\/wp-content\/uploads\/2025\/04\/songte-chushion-collar.webp\" alt=\"Pagalv\u0117l\u0117s apykakl\u0117\" \/><\/p>\n<h2>Saugos aspektai ir aplinkos veiksniai<\/h2>\n<p>Naudojant str\u0117l\u0117s cilindr\u0105, svarbu \u012fdiegti saugos priemones, skirtas apsaugoti operatorius ir aplinkinius darbuotojus. B\u016btinas tinkamas mokymas naudotis hidraulin\u0117mis sistemomis. Be to, \u012fsitikinkite, kad ma\u0161inoje \u012frengtos saugos funkcijos, pvz., avarinio stabdymo mygtukai ir tinkami \u017eenklai, \u012fsp\u0117jantys apie galimus pavojus.<\/p>\n<p>Taip pat reik\u0117t\u0173 atsi\u017evelgti \u012f aplinkos veiksnius, tokius kaip galimi hidraulinio skys\u010dio nuot\u0117kiai. Reguliarus techninis aptarnavimas ir patikrinimai gali pad\u0117ti i\u0161vengti i\u0161siliejim\u0173, o biologi\u0161kai skaid\u017ei\u0173 hidraulini\u0173 skys\u010di\u0173 naudojimas gali suma\u017einti poveik\u012f aplinkai.<\/p>\n<h2>Gedim\u0173 diagnostika ir da\u017eniausios problemos<\/h2>\n<ul>\n<li>\n<h3>Nuot\u0117kis<\/h3>\n<p>Nuot\u0117kiai gali atsirasti d\u0117l susid\u0117v\u0117jusi\u0173 sandarikli\u0173 arba pa\u017eeist\u0173 \u017earn\u0173. Reguliariai tikrinkite sandarinimo elementus ir prireikus juos keiskite, kad i\u0161vengtum\u0117te dideli\u0173 skys\u010di\u0173 nuostoli\u0173.<\/p>\n<\/li>\n<li>\n<h3>Nenuoseklus na\u0161umas<\/h3>\n<p>Jei cilindras skland\u017eiai nei\u0161siple\u010dia arba nesusitraukia, patikrinkite, ar hidraulin\u0117se linijose n\u0117ra u\u017esikim\u0161im\u0173 arba ar n\u0117ra \u017eemo skys\u010dio lygio. I\u0161spr\u0119skite \u0161ias problemas, kad atkurtum\u0117te optimal\u0173 na\u0161um\u0105.<\/p>\n<\/li>\n<li>\n<h3>Perkaitimas<\/h3>\n<p>Per didelis kar\u0161tis gali rodyti perkrov\u0105 arba nepakankam\u0105 tepim\u0105. Steb\u0117kite darbin\u0119 temperat\u016br\u0105 ir u\u017etikrinkite, kad hidraulin\u0117 alyva b\u016bt\u0173 tinkamai cirkuliuojanti ir au\u0161inama.<\/p>\n<\/li>\n<\/ul>\n<h2>Trik\u010di\u0173 \u0161alinimo patarimai<\/h2>\n<p>Nor\u0117dami efektyviai diagnozuoti ir i\u0161spr\u0119sti str\u0117l\u0117s cilindro problemas, vadovaukit\u0117s \u0161iais trik\u010di\u0173 \u0161alinimo patarimais:<\/p>\n<ul>\n<li>Reguliariai tikrinkite hidraulines linijas ir jungtis, ar n\u0117ra susid\u0117v\u0117jimo ar pa\u017eeidim\u0173 po\u017eymi\u0173.<\/li>\n<li>Siekiant u\u017etikrinti efektyv\u0173 veikim\u0105, palaikykite tinkam\u0105 skys\u010di\u0173 lyg\u012f ir kokyb\u0119.<\/li>\n<li>Kad i\u0161vengtum\u0117te suderinamumo problem\u0173, naudokite tinkamus gamintojo rekomenduojamus sandariklius ir komponentus.<\/li>\n<\/ul>\n<p>\u012egyvendinant prevencines priemones, tokias kaip \u012fprastin\u0117 prie\u017ei\u016bra ir operatori\u0173 mokymas, galima gerokai suma\u017einti galim\u0173 problem\u0173, kylan\u010di\u0173 eksploatacijos metu, tikimyb\u0119.<\/p>\n<p><img decoding=\"async\" src=\"https:\/\/www.hydraulic-cylinders.net\/wp-content\/uploads\/2025\/04\/songte-bushings-with-all-kinds-of-excavator-models.webp\" alt=\"Ekskavatori\u0173 modeli\u0173 \u012fvor\u0117s\" \/><\/p>\n<h2>Apie m\u016bs\u0173 \u012fmon\u0119<\/h2>\n<p>Esame pirmaujantis hidraulini\u0173 cilindr\u0173 gamintojas ir didmeninis platintojas, specializuojantis auk\u0161tos kokyb\u0117s pakaitini\u0173 dali\u0173 gamyboje. Platus gamini\u0173 asortimentas leido mums tapti vienais i\u0161 geriausi\u0173 gamintoj\u0173 tiek vidaus, tiek tarptautin\u0117je rinkose. Laikom\u0117s meistri\u0161kumo princip\u0173 ir naudojame rafinuotas gamybos strategijas, siekdami tobulinti gamybos valdym\u0105.<\/p>\n<p>M\u016bs\u0173 komand\u0105 sudaro techniniai specialistai, kurie naudoja pa\u017eangi\u0105 skaitmenin\u0119 gamybos \u012frang\u0105 ir profesionalias testavimo sistemas, kad nuolat tobulint\u0173 savo gamybos platform\u0105. Mes orientuojam\u0117s \u012f auk\u0161t\u0105 efektyvum\u0105, tikslum\u0105 ir kokyb\u0119, u\u017etikrindami, kad patenkintume \u012fvairius klient\u0173 poreikius teikdami individualiai pritaikytas paslaugas.<\/p>\n<p><img decoding=\"async\" src=\"https:\/\/www.hydraulic-cylinders.net\/wp-content\/uploads\/2025\/04\/songte-company-4.webp\" alt=\"\u012emon\u0117s ap\u017evalga\" \/><br \/>\n<img decoding=\"async\" src=\"https:\/\/www.hydraulic-cylinders.net\/wp-content\/uploads\/2025\/04\/songte-company-3.webp\" alt=\"Gamybos procesas\" \/><\/p>\n<p>Autorius: lyl<\/p>","protected":false},"excerpt":{"rendered":"<p>Boom Cylinder For Xiniu XN65-4L Product Overview The Boom Cylinder for Xiniu XN65-4L is an essential component in hydraulic systems, serving a crucial role in the operation of heavy machinery. This hydraulic cylinder is specifically designed to control the movement of the bucket in various heavy equipment such as excavators, backhoe loaders, and front loaders. [&hellip;]<\/p>","protected":false},"featured_media":17870,"comment_status":"open","ping_status":"closed","template":"","meta":{"_et_pb_use_builder":"","_et_pb_old_content":"","_et_gb_content_width":""},"product_brand":[],"product_cat":[1546],"product_tag":[1547,1496],"class_list":{"0":"post-19727","1":"product","2":"type-product","3":"status-publish","4":"has-post-thumbnail","6":"product_cat-boom-cylinders","7":"product_tag-boom-cylinders","8":"product_tag-hydraulic-cylinders","10":"first","11":"instock","12":"shipping-taxable","13":"product-type-simple"},"amp_enabled":true,"_links":{"self":[{"href":"https:\/\/www.hydraulic-cylinders.net\/lt\/wp-json\/wp\/v2\/product\/19727","targetHints":{"allow":["GET"]}}],"collection":[{"href":"https:\/\/www.hydraulic-cylinders.net\/lt\/wp-json\/wp\/v2\/product"}],"about":[{"href":"https:\/\/www.hydraulic-cylinders.net\/lt\/wp-json\/wp\/v2\/types\/product"}],"replies":[{"embeddable":true,"href":"https:\/\/www.hydraulic-cylinders.net\/lt\/wp-json\/wp\/v2\/comments?post=19727"}],"wp:featuredmedia":[{"embeddable":true,"href":"https:\/\/www.hydraulic-cylinders.net\/lt\/wp-json\/wp\/v2\/media\/17870"}],"wp:attachment":[{"href":"https:\/\/www.hydraulic-cylinders.net\/lt\/wp-json\/wp\/v2\/media?parent=19727"}],"wp:term":[{"taxonomy":"product_brand","embeddable":true,"href":"https:\/\/www.hydraulic-cylinders.net\/lt\/wp-json\/wp\/v2\/product_brand?post=19727"},{"taxonomy":"product_cat","embeddable":true,"href":"https:\/\/www.hydraulic-cylinders.net\/lt\/wp-json\/wp\/v2\/product_cat?post=19727"},{"taxonomy":"product_tag","embeddable":true,"href":"https:\/\/www.hydraulic-cylinders.net\/lt\/wp-json\/wp\/v2\/product_tag?post=19727"}],"curies":[{"name":"wp","href":"https:\/\/api.w.org\/{rel}","templated":true}]}}