{"id":19728,"date":"2025-04-07T07:04:23","date_gmt":"2025-04-07T07:04:23","guid":{"rendered":"https:\/\/www.hydraulic-cylinders.net\/product\/boom-cylinder-for-xiniu-xn120-l\/"},"modified":"2025-04-07T07:04:25","modified_gmt":"2025-04-07T07:04:25","slug":"boom-cylinder-for-xiniu-xn120-l","status":"publish","type":"product","link":"https:\/\/www.hydraulic-cylinders.net\/lt\/produktas\/boom-cylinder-for-xiniu-xn120-l\/","title":{"rendered":"Str\u0117l\u0117s cilindras, skirtas Xiniu XN120-L"},"content":{"rendered":"<h1>Str\u0117l\u0117s cilindras, skirtas Xiniu XN120-L<\/h1>\n<h2>\u012evadas \u012f str\u0117l\u0117s cilindr\u0105<\/h2>\n<p>\u201eXiniu XN120-L\u201c str\u0117l\u0117s cilindras yra esminis hidraulini\u0173 sistem\u0173 komponentas, specialiai sukurtas sunkiosios technikos kau\u0161\u0173 jud\u0117jimui valdyti. \u0160ie hidrauliniai cilindrai palengvina kau\u0161\u0173 k\u0117lim\u0105, nuleidim\u0105 ir pakreipim\u0105, tod\u0117l jie yra nepakei\u010diami atliekant su med\u017eiag\u0173 tvarkymu susijusias u\u017eduotis. Kau\u0161o cilindras yra hidraulinio cilindro tipas, pritaikytas \u012fvairioms sunkiosioms ma\u0161inoms, tokioms kaip ekskavatoriai, ekskavatoriniai krautuvai ir frontaliniai krautuvai, leid\u017eiantis efektyviai atlikti kasimo, krovimo ir med\u017eiag\u0173 transportavimo darbus.<\/p>\n<p><img decoding=\"async\" src=\"https:\/\/www.hydraulic-cylinders.net\/wp-content\/uploads\/2025\/04\/songte-company-1.webp\" alt=\"Str\u0117l\u0117s cilindro vaizdas\" \/><\/p>\n<h2>Str\u0117l\u0117s cilindro savyb\u0117s<\/h2>\n<ul>\n<li><strong>Didelis stiprumas ir ilgaam\u017ei\u0161kumas:<\/strong> Pagamintas i\u0161 didelio stiprumo plieno arba aliuminio, jis skirtas atlaikyti auk\u0161t\u0105 sl\u0117g\u012f ir dideles apkrovas, tinka at\u0161iaurioms darbo s\u0105lygoms.<\/li>\n<li><strong>Efektyvus hidraulinis valdymas:<\/strong> Naudoja hidraulin\u0117s alyvos sl\u0117g\u012f skland\u017eiam i\u0161st\u016bmimui ir \u012ftraukimui, tod\u0117l galima greitai reaguoti \u012f valdymo komandas ir u\u017etikrinti dideles st\u016bmimo \/ traukimo galimybes.<\/li>\n<li><strong>\u012evair\u016bs tipai:<\/strong> Galima rinktis vienpusio veikimo (hidraulinis naudojimas viena kryptimi) arba dvipusio veikimo (hidraulinis naudojimas abiem kryptimis) konfig\u016bracijas, pritaikytas skirtingiems eksploatavimo poreikiams.<\/li>\n<li><strong>Kompakti\u0161kas dizainas:<\/strong> Kai kurie modeliai yra teleskopiniai, tod\u0117l juos galima labiau i\u0161tiesti nepadidinant i\u0161orini\u0173 matmen\u0173, tod\u0117l jie idealiai tinka naudoti ribotoje erdv\u0117je.<\/li>\n<li><strong>Individualaus pakeitimo parinktys:<\/strong> M\u016bs\u0173 gaminiai gali puikiai pakeisti \u012fvairius hidraulinius cilindrus, u\u017etikrindami suderinamum\u0105 ir patikimum\u0105.<\/li>\n<\/ul>\n<p><img decoding=\"async\" src=\"https:\/\/www.hydraulic-cylinders.net\/wp-content\/uploads\/2025\/04\/songte-cylinder-head-with-all-kinds-excavator-models.webp\" alt=\"Hidraulinio cilindro keitimas\" \/><\/p>\n<h2>Str\u0117l\u0117s cilindro pritaikymas<\/h2>\n<h3>Statybin\u0117 \u012franga<\/h3>\n<p>Ekskavatoriuose str\u0117l\u0117s cilindras yra labai svarbus kasant, kraunant ir perkeliant \u017eem\u0119 ar \u0161iuk\u0161les. Jis leid\u017eia efektyviai atlikti darbus, giliai i\u0161kasant ir tiksliai i\u0161d\u0117stant med\u017eiagas. \u0160i funkcija yra gyvybi\u0161kai svarbi statybos projektuose, kuriuose reikalingas greitis ir tikslumas.<\/p>\n<h3>\u017dem\u0117s \u016bkio technika<\/h3>\n<p>Priekiniuose krautuvuose str\u0117l\u0117s cilindras palengvina dirvo\u017eemio, \u0161ieno ir kit\u0173 med\u017eiag\u0173 k\u0117lim\u0105, k\u0117lim\u0105 ir transportavim\u0105. Jo funkcionalumas yra labai svarbus s\u0117jant, nuimant derli\u0173 ir atliekant bendr\u0105j\u0105 \u016bkio prie\u017ei\u016br\u0105, suteikiant \u016bkininkams galimyb\u0119 efektyviai valdyti sunkius krovinius.<\/p>\n<h3>Ekskavatoriai<\/h3>\n<p>Kau\u0161o cilindras padeda ekskavatoriams kasti, leisdamas kau\u0161ui lengvai \u012fsiskverbti \u012f dirv\u0105. \u0160i savyb\u0117 yra svarbi atliekant \u012fvairius statybos ir \u017eem\u0117s kasimo darbus, u\u017etikrinant sunkiosios technikos efektyvum\u0105 \u017eem\u0117s kasimo operacijose.<\/p>\n<h3>Krautuvai<\/h3>\n<p>Priekiniuose krautuvuose str\u0117l\u0117s cilindrai padeda efektyviai kelti ir i\u0161versti krovinius. Nesvarbu, ar tai rei\u0161kia med\u017eiag\u0173 perk\u0117lim\u0105, ar statybviet\u0117s valym\u0105, str\u0117l\u0117s cilindras pagerina bendr\u0105 krautuvo na\u0161um\u0105, tod\u0117l jis yra patikimas pasirinkimas \u012fvairioms reikm\u0117ms.<\/p>\n<h2>Projektavimo aspektai ir atrankos kriterijai<\/h2>\n<h3>Keliamoji galia<\/h3>\n<p>Renkantis str\u0117l\u0117s cilindr\u0105, svarbiausia yra keliamoji galia. Ji apibr\u0117\u017eia, kiek svorio cilindras gali atlaikyti eksploatacijos metu. Tinkamas \u012fvertinimas u\u017etikrina, kad cilindras gali atlaikyti ma\u0161inos u\u017eduotis nerizikuodamas sugesti ar pa\u017eeisti.<\/p>\n<h3>Sandarumo vientisumas<\/h3>\n<p>Sandarinimas vaidina labai svarb\u0173 vaidmen\u012f hidraulinio cilindro veikime. Kokybi\u0161ki sandarikliai apsaugo nuo skys\u010dio nuot\u0117kio, u\u017etikrindami optimal\u0173 veikim\u0105. I\u0161 tinkam\u0173 med\u017eiag\u0173 pagaminti sandarikliai turi b\u016bti atspar\u016bs dilimui ir i\u0161laikyti sl\u0117g\u012f, apsaugodami hidraulin\u0117s sistemos efektyvum\u0105.<\/p>\n<h3>Patvarumas<\/h3>\n<p>Hidrauliniams cilindrams, veikiamiems at\u0161iauriomis s\u0105lygomis, ilgaam\u017ei\u0161kumas yra gyvybi\u0161kai svarbus. Med\u017eiagos turi b\u016bti atsparios korozijai ir dilimui, taip u\u017etikrinant cilindro ilgaam\u017ei\u0161kum\u0105. Reguliarus med\u017eiag\u0173 vientisumo vertinimas padeda i\u0161laikyti funkcionalum\u0105 ir i\u0161vengti brangaus keitimo.<\/p>\n<h3>Saugos funkcijos<\/h3>\n<p>Sauga yra esminis hidraulini\u0173 cilindr\u0173 konstrukcijos aspektas. Savyb\u0117s, kurios apsaugo nuo pertempimo, suma\u017eina sl\u0117g\u012f ir u\u017etikrina stabil\u0173 veikim\u0105, prisideda prie bendro ma\u0161in\u0173 saugumo. \u0160i\u0173 saugos priemoni\u0173 \u012fgyvendinimas apsaugo ir operatorius, ir ma\u0161inas.<\/p>\n<h3>Prieinamumas prie prie\u017ei\u016bros<\/h3>\n<p>Labai svarbu, kad konstrukcija leist\u0173 lengvai pri\u017ei\u016br\u0117ti. Hidrauliniai cilindrai tur\u0117t\u0173 u\u017etikrinti paprast\u0105 dali\u0173 patikrinim\u0105, tepim\u0105 ir keitim\u0105. Supaprastinta prie\u017ei\u016bra u\u017etikrina cilindro ilgaam\u017ei\u0161kum\u0105 ir patikimum\u0105, taip suma\u017einant prastovas.<\/p>\n<p><img decoding=\"async\" src=\"https:\/\/www.hydraulic-cylinders.net\/wp-content\/uploads\/2025\/04\/songte-oil-pipes-and-spare-parts.webp\" alt=\"Hidraulinio cilindro prie\u017ei\u016bra\" \/><\/p>\n<h2>Hidraulinio cilindro sandarinimas ir tepimas<\/h2>\n<p>Hidraulini\u0173 cilindr\u0173 efektyvumas labai priklauso nuo tinkamo sandarinimo ir tepimo. \u012evair\u016bs sandarinimo komponentai, tokie kaip st\u016bmokli\u0173 ir kot\u0173 sandarikliai, yra labai svarb\u016bs. Naudojant tokias med\u017eiagas kaip poliuretanas ir nitrilo kau\u010diukas, padid\u0117ja atsparumas dilimui ir ilgaam\u017ei\u0161kumas. Tikslus cilindr\u0173 korpus\u0173 ir sriegini\u0173 gal\u0173 apdirbimas prisideda prie geresnio atsparumo dilimui ir u\u017etikrina sandar\u0173 sandarum\u0105.<\/p>\n<p>Norint palaikyti optimal\u0173 na\u0161um\u0105, b\u016btina reguliariai tepti hidrauline alyva. Tinkamas alyvos lygis apsaugo nuo trinties, suma\u017eina judan\u010di\u0173 dali\u0173 susid\u0117v\u0117jim\u0105. Svarbu steb\u0117ti alyvos lyg\u012f ir prireikus papildyti, kad b\u016bt\u0173 palaikomas hidraulinis sl\u0117gis ir u\u017etikrintas sklandus cilindro veikimas.<\/p>\n<h2>Reguliar\u016bs patikrinimai ir prevencin\u0117s prie\u017ei\u016bros priemon\u0117s<\/h2>\n<ul>\n<li><strong>\u012eprastiniai patikrinimai:<\/strong> Reguliariai tikrinkite cilindr\u0105, ar n\u0117ra susid\u0117v\u0117jimo, nuot\u0117ki\u0173 ar pa\u017eeidim\u0173 po\u017eymi\u0173. Ankstyvas problem\u0173 nustatymas gali pad\u0117ti i\u0161vengti rimtesni\u0173 problem\u0173 ir brangaus remonto.<\/li>\n<li><strong>Tinkamas tepimas:<\/strong> \u012esitikinkite, kad hidraulin\u0117s alyvos lygis yra tinkamas ir kad visos judan\u010dios dalys b\u016bt\u0173 reguliariai sutepamos. Tai suma\u017eina trint\u012f ir pailgina cilindro tarnavimo laik\u0105.<\/li>\n<li><strong>Sandariklio keitimas:<\/strong> Steb\u0117kite tarpikli\u0173 b\u016bkl\u0119 ir prireikus juos pakeiskite. Susid\u0117v\u0117j\u0119 tarpikliai gali sukelti skys\u010di\u0173 nuot\u0117k\u012f, suma\u017einti cilindro efektyvum\u0105 ir padidinti gedimo rizik\u0105.<\/li>\n<\/ul>\n<h2>Str\u0117l\u0117s cilindro montavimo gair\u0117s<\/h2>\n<p>Montuodami \u201eXiniu XN120-L\u201c str\u0117l\u0117s cilindr\u0105, atlikite \u0161iuos veiksmus, kad u\u017etikrintum\u0117te tinkam\u0105 sulygiavim\u0105 ir veikim\u0105. Pirmiausia \u012fsitikinkite, kad darbo vieta yra \u0161vari ir be kli\u016b\u010di\u0173. Naudokite tinkamus tvirtinimo laikiklius, kad pritvirtintum\u0117te cilindr\u0105 vietoje, kad i\u0161vengtum\u0117te per didelio \u012ftempimo eksploatavimo metu. Reikia atid\u017eiai suderinti cilindr\u0105 su ma\u0161inos hidrauline sistema, jei reikia, naudojant \u012frankius, kad b\u016bt\u0173 pasiekta tinkama orientacija.<\/p>\n<p>Toliau prijunkite hidraulines linijas, kad u\u017etikrintum\u0117te tinkam\u0105 hidraulinio skys\u010dio sraut\u0105. \u012esitikinkite, kad visos jungtys yra sandarios, kad i\u0161vengtum\u0117te nuot\u0117ki\u0173. \u012edieg\u0119, paleiskite mechanizm\u0105 ma\u017eu re\u017eimu, kad patikrintum\u0117te, ar jis juda skland\u017eiai ir veikia. Steb\u0117kite, ar n\u0117ra ne\u012fprast\u0173 gars\u0173 ar elgesio, ir prireikus atlikite pakeitimus, kad pasiektum\u0117te optimal\u0173 na\u0161um\u0105.<\/p>\n<h2>\u012eprastos prie\u017ei\u016bros u\u017eduotys<\/h2>\n<h3>Reguliar\u016bs patikrinimai<\/h3>\n<p>Reguliariai atlikti hidraulinio cilindro patikras yra labai svarbu. Ap\u017ei\u016br\u0117kite cilindr\u0105, ar n\u0117ra nuot\u0117kio ar susid\u0117v\u0117jimo po\u017eymi\u0173, patikrinkite sandariklius, \u017earnas ir jungtis. Ankstyvas aptikimas gali pad\u0117ti i\u0161vengti dideli\u0173 gedim\u0173 ir pailginti \u012frangos tarnavimo laik\u0105.<\/p>\n<h3>Tinkamas tepimas<\/h3>\n<p>Reguliariai tepkite cilindr\u0105, kad suma\u017eintum\u0117te judan\u010di\u0173 dali\u0173 trint\u012f ir susid\u0117v\u0117jim\u0105. Norint i\u0161laikyti optimal\u0173 na\u0161um\u0105, b\u016btina naudoti tinkamo tipo hidraulin\u0119 alyv\u0105. Laikykit\u0117s gamintojo rekomendacij\u0173 d\u0117l tepimo grafik\u0173 ir alyvos tip\u0173.<\/p>\n<h3>Tarpikli\u0173 keitimas ir kalibravimo patikrinimai<\/h3>\n<p>Reguliariai tikrinkite sandariklius, ar jie nesusid\u0117v\u0117j\u0119, ir prireikus juos pakeiskite. Hidraulin\u0117s sistemos kalibravimas yra labai svarbus norint i\u0161laikyti pastov\u0173 veikim\u0105. Tinkamas suderinimas montavimo metu yra b\u016btinas norint u\u017etikrinti efektyv\u0173 veikim\u0105 ir i\u0161vengti nereikalingo susid\u0117v\u0117jimo.<\/p>\n<p><img decoding=\"async\" src=\"https:\/\/www.hydraulic-cylinders.net\/wp-content\/uploads\/2025\/04\/songte-chushion-collar.webp\" alt=\"Hidraulinio cilindro montavimas\" \/><\/p>\n<h2>Saugos aspektai ir aplinkos veiksniai<\/h2>\n<p>Naudojant hidraulinius cilindrus, labai svarbu \u012fdiegti saugos priemones. Operatoriai tur\u0117t\u0173 b\u016bti apmokyti atpa\u017einti su hidraulin\u0117mis sistemomis susijusius pavojus, \u012fskaitant galimus nuot\u0117kius ir sl\u0117gio gedimus. Visada reikia d\u0117v\u0117ti tinkamas asmenines apsaugos priemones (AAP), kad b\u016bt\u0173 suma\u017einta rizika. Taip pat reikia teikti pirmenyb\u0119 aplinkosaugos aspektams, tokiems kaip i\u0161siliejusi\u0173 skys\u010di\u0173 surinkimas ir tinkamas hidraulini\u0173 skys\u010di\u0173 \u0161alinimas, siekiant suma\u017einti poveik\u012f aplinkai.<\/p>\n<h2>Da\u017eniausiai pasitaikan\u010di\u0173 problem\u0173 \u0161alinimas<\/h2>\n<ul>\n<li><strong>Skys\u010di\u0173 nuot\u0117kiai:<\/strong> Patikrinkite, ar n\u0117ra pa\u017eeist\u0173 sandarikli\u0173 ar atsilaisvinusi\u0173 jung\u010di\u0173. Pakeiskite susid\u0117v\u0117jusius sandariklius ir priver\u017ekite jungtis, kad pa\u0161alintum\u0117te nuot\u0117kius.<\/li>\n<li><strong>L\u0117tas jud\u0117jimas:<\/strong> Patikrinkite hidraulinio skys\u010dio lyg\u012f ir \u012fsitikinkite, kad hidraulin\u0117se linijose n\u0117ra u\u017esikim\u0161im\u0173. Prireikus papildykite ir pa\u0161alinkite visas kli\u016btis.<\/li>\n<li><strong>Ne\u012fprasti garsai:<\/strong> Triuk\u0161mai gali rodyti \u017eem\u0105 skys\u010dio lyg\u012f arba vidinius pa\u017eeidimus. Patikrinkite cilindr\u0105 ir hidraulin\u0119 sistem\u0105, kad nustatytum\u0117te prie\u017east\u012f ir imtum\u0117t\u0117s taisom\u0173j\u0173 veiksm\u0173.<\/li>\n<\/ul>\n<h2>Gedim\u0173 \u0161alinimo patarimai<\/h2>\n<p>Norint efektyviai diagnozuoti ir i\u0161spr\u0119sti str\u0117l\u0117s cilindro problemas, registruokite simptomus ir s\u0105lygas, kuriomis jie atsiranda. Reguliar\u016bs technin\u0117s prie\u017ei\u016bros patikrinimai gali pad\u0117ti nustatyti galimas problemas, kol jos nepa\u016bm\u0117jo. \u012egyvendinus prevencines priemones, tokias kaip \u012fprasti patikrinimai ir tinkamas tepimas, galima gerokai suma\u017einti problem\u0173 tikimyb\u0119 ir u\u017etikrinti skland\u0173 veikim\u0105.<\/p>\n<p><img decoding=\"async\" src=\"https:\/\/www.hydraulic-cylinders.net\/wp-content\/uploads\/2025\/04\/songte-bushings-with-all-kinds-of-excavator-models.webp\" alt=\"Hidraulinio cilindro trik\u010di\u0173 \u0161alinimas\" \/><\/p>\n<h2>Apie m\u016bs\u0173 \u012fmon\u0119<\/h2>\n<p>Esame pirmaujanti hidraulini\u0173 cilindr\u0173 gamintoja ir didmenin\u0117s prekybos \u012fmon\u0117, specializuojam\u0117s auk\u0161tos kokyb\u0117s pakaitin\u0117se dalyse. M\u016bs\u0173 gamini\u0173 asortimentas yra platus, tod\u0117l galime efektyviai patenkinti tiek vietin\u0117s, tiek tarptautin\u0117s rinkos poreikius. Mes teikiame pirmenyb\u0119 nepriekai\u0161tingai kokybei, taikydami rafinuot\u0105 gamybos valdymo strategij\u0105.<\/p>\n<p>M\u016bs\u0173 \u012fmon\u0117 nuolat tobulina savo gamybos platform\u0105, pasitelkdama kvalifikuotus darbuotojus, pa\u017eangi\u0105 skaitmenin\u0119 gamybos \u012frang\u0105 ir specializuotas testavimo sistemas. \u0160is \u012fsipareigojimas kokybei u\u017etikrina, kad \u012fvairius klient\u0173 poreikius patenkiname efektyviai, tiksliai ir patikimai.<\/p>\n<p>Be to, m\u016bs\u0173 tarptautiniai sertifikatai ir pritaikymo galimyb\u0117s i\u0161skiria mus pramon\u0117je, o i\u0161skirtinis aptarnavimas po pardavimo garantuoja klient\u0173 pasitenkinim\u0105 ir produkto ilgaam\u017ei\u0161kum\u0105.<\/p>\n<p><img decoding=\"async\" src=\"https:\/\/www.hydraulic-cylinders.net\/wp-content\/uploads\/2025\/04\/songte-company-4.webp\" alt=\"\u012emon\u0117s ap\u017evalga\" \/><br \/>\n<img decoding=\"async\" src=\"https:\/\/www.hydraulic-cylinders.net\/wp-content\/uploads\/2025\/04\/songte-company-3.webp\" alt=\"Gamybos \u012fmon\u0117\" \/><\/p>\n<p>Autorius: lyl<\/p>","protected":false},"excerpt":{"rendered":"<p>Boom Cylinder For Xiniu XN120-L Introduction to Boom Cylinder The Boom Cylinder for Xiniu XN120-L is an essential component in hydraulic systems, specifically designed to control the movement of heavy machinery buckets. These hydraulic cylinders facilitate the lifting, lowering, and tilting of buckets, making them indispensable in tasks involving material handling. The bucket cylinder is [&hellip;]<\/p>","protected":false},"featured_media":17871,"comment_status":"open","ping_status":"closed","template":"","meta":{"_et_pb_use_builder":"","_et_pb_old_content":"","_et_gb_content_width":""},"product_brand":[],"product_cat":[1546],"product_tag":[1547,1496],"class_list":{"0":"post-19728","1":"product","2":"type-product","3":"status-publish","4":"has-post-thumbnail","6":"product_cat-boom-cylinders","7":"product_tag-boom-cylinders","8":"product_tag-hydraulic-cylinders","10":"first","11":"instock","12":"shipping-taxable","13":"product-type-simple"},"amp_enabled":true,"_links":{"self":[{"href":"https:\/\/www.hydraulic-cylinders.net\/lt\/wp-json\/wp\/v2\/product\/19728","targetHints":{"allow":["GET"]}}],"collection":[{"href":"https:\/\/www.hydraulic-cylinders.net\/lt\/wp-json\/wp\/v2\/product"}],"about":[{"href":"https:\/\/www.hydraulic-cylinders.net\/lt\/wp-json\/wp\/v2\/types\/product"}],"replies":[{"embeddable":true,"href":"https:\/\/www.hydraulic-cylinders.net\/lt\/wp-json\/wp\/v2\/comments?post=19728"}],"wp:featuredmedia":[{"embeddable":true,"href":"https:\/\/www.hydraulic-cylinders.net\/lt\/wp-json\/wp\/v2\/media\/17871"}],"wp:attachment":[{"href":"https:\/\/www.hydraulic-cylinders.net\/lt\/wp-json\/wp\/v2\/media?parent=19728"}],"wp:term":[{"taxonomy":"product_brand","embeddable":true,"href":"https:\/\/www.hydraulic-cylinders.net\/lt\/wp-json\/wp\/v2\/product_brand?post=19728"},{"taxonomy":"product_cat","embeddable":true,"href":"https:\/\/www.hydraulic-cylinders.net\/lt\/wp-json\/wp\/v2\/product_cat?post=19728"},{"taxonomy":"product_tag","embeddable":true,"href":"https:\/\/www.hydraulic-cylinders.net\/lt\/wp-json\/wp\/v2\/product_tag?post=19728"}],"curies":[{"name":"wp","href":"https:\/\/api.w.org\/{rel}","templated":true}]}}