{"id":19729,"date":"2025-04-07T07:04:25","date_gmt":"2025-04-07T07:04:25","guid":{"rendered":"https:\/\/www.hydraulic-cylinders.net\/product\/boom-cylinder-for-xiniu-xnx8\/"},"modified":"2025-04-07T07:04:27","modified_gmt":"2025-04-07T07:04:27","slug":"boom-cylinder-for-xiniu-xnx8","status":"publish","type":"product","link":"https:\/\/www.hydraulic-cylinders.net\/lt\/produktas\/boom-cylinder-for-xiniu-xnx8\/","title":{"rendered":"Str\u0117l\u0117s cilindras, skirtas Xiniu XNX8"},"content":{"rendered":"<h1>Str\u0117l\u0117s cilindras, skirtas Xiniu XNX8<\/h1>\n<h2>Str\u0117l\u0117s cilindro supratimas<\/h2>\n<p>Specialiai sunkiosioms ma\u0161inoms sukurtas str\u0117l\u0117s cilindras atlieka labai svarb\u0173 vaidmen\u012f valdant \u012fvairi\u0105 \u012frang\u0105, pavyzd\u017eiui, ekskavatorius ir krautuvus. \u0160is hidraulinis cilindras yra atsakingas u\u017e kau\u0161o jud\u0117jimo valdym\u0105, leid\u017eiant jam pakelti, nuleisti ir pakreipti. B\u016bdamas gyvybi\u0161kai svarbiu hidraulini\u0173 sistem\u0173 komponentu, str\u0117l\u0117s cilindras leid\u017eia efektyviai tvarkyti med\u017eiagas, tod\u0117l jis yra esmin\u0117 statybos ir \u017eem\u0117s \u016bkio technikos dalis.<\/p>\n<p><img decoding=\"async\" src=\"https:\/\/www.hydraulic-cylinders.net\/wp-content\/uploads\/2025\/04\/songte-company-1.webp\" alt=\"Str\u0117l\u0117s cilindro vaizdas\"><\/p>\n<h3>Apibr\u0117\u017eimas ir ap\u017evalga<\/h3>\n<p>Str\u0117l\u0117s cilindras yra hidraulinio cilindro tipas, specialiai naudojamas sunkiosiose ma\u0161inose kau\u0161o jud\u0117jimui valdyti. Jis veikia naudodamas hidraulin\u012f skyst\u012f j\u0117gai sukurti, leisdamas ma\u0161inoms tiksliai atlikti tokias u\u017eduotis kaip kasimas, k\u0117limas ir pakreipimas. \u0160is mechanizmas yra neatsiejama tose srityse, kur reikia kelti sunkius krovinius ir tvarkyti med\u017eiagas, nes jis suteikia reikiam\u0105 gali\u0105 ir valdym\u0105 efektyviam darbui.<\/p>\n<h2>Str\u0117l\u0117s cilindro savyb\u0117s<\/h2>\n<ul>\n<li><strong>Didelis stiprumas ir ilgaam\u017ei\u0161kumas:<\/strong> Paprastai gaminami i\u0161 didelio stiprumo plieno arba aliuminio, skirti atlaikyti auk\u0161t\u0105 sl\u0117g\u012f ir dideles apkrovas. Jie sukurti taip, kad atlaikyt\u0173 at\u0161iaurias darbo s\u0105lygas, nes yra atspar\u016bs dilimui ir korozijai, kad pailgint\u0173 j\u0173 tarnavimo laik\u0105.<\/li>\n<li><strong>Efektyvus hidraulinis valdymas:<\/strong> Cilindras naudoja hidraulinio skys\u010dio sl\u0117g\u012f, kad skland\u017eiai i\u0161siskleist\u0173 ir susitraukt\u0173, greitai reaguot\u0173 \u012f operatoriaus komandas ir u\u017etikrint\u0173 didel\u0119 st\u016bmimo bei traukimo j\u0117g\u0105, tinkam\u0105 sunkioms ir sud\u0117tingoms u\u017eduotims atlikti.<\/li>\n<li><strong>\u012evair\u016bs tipai:<\/strong> Galima \u012fsigyti vienpusio veikimo (hidraulinis mechanizmas naudojamas viena kryptimi) arba dvipusio veikimo (hidraulinis mechanizmas naudojamas abiem kryptimis) modelius, kai kurie variantai yra teleskopiniai, tod\u0117l juos galima labiau prailginti nedidinant i\u0161orini\u0173 matmen\u0173, tod\u0117l jie idealiai tinka ribotos erdv\u0117s pritaikymams.<\/li>\n<li><strong>Individuali gamyba:<\/strong> M\u016bs\u0173 gaminiai gali puikiai pakeisti esamus hidraulinius cilindrus, u\u017etikrindami suderinamum\u0105 ir na\u0161um\u0105.<\/li>\n<li><strong>Patikimas veikimas:<\/strong> Sukurtas nuosekliam darbui esant kintan\u010dioms apkrovoms, u\u017etikrinant patikimum\u0105 atliekant sud\u0117tingas u\u017eduotis.<\/li>\n<\/ul>\n<p><img decoding=\"async\" src=\"https:\/\/www.hydraulic-cylinders.net\/wp-content\/uploads\/2025\/04\/songte-cylinder-head-with-all-kinds-excavator-models.webp\" alt=\"Str\u0117l\u0117s cilindro specifikacijos\"><\/p>\n<h2>Str\u0117l\u0117s cilindro pritaikymas<\/h2>\n<h3>Statybin\u0117 \u012franga<\/h3>\n<p>Ekskavatoriuose str\u0117l\u0117s cilindrai yra labai svarb\u016bs kasant, kraunant ir perkeliant grunt\u0105 ar \u0161iuk\u0161les. Jie leid\u017eia kau\u0161ui efektyviai \u012fsiskverbti \u012f \u017eem\u0119, tod\u0117l galima efektyviai atlikti kasimo procesus. Pana\u0161iai ir ekskavatoriuose-krautuvuose \u0161ie cilindrai padeda atlikti tiek kasimo, tiek k\u0117limo u\u017eduotis, tod\u0117l jie yra universal\u016bs \u012fvairioms statybos veikloms.<\/p>\n<h3>\u017dem\u0117s \u016bkio technika<\/h3>\n<p>Priekiniuose krautuvuose str\u0117l\u0117s cilindrai palengvina dirvo\u017eemio, \u0161ieno ir kit\u0173 med\u017eiag\u0173 k\u0117lim\u0105, k\u0117lim\u0105 ir transportavim\u0105. Hidraulin\u0117 sistema suteikia reikiam\u0105 gali\u0105 \u0161ioms u\u017eduotims atlikti, didindama \u017eem\u0117s \u016bkio darb\u0173 na\u0161um\u0105 ir efektyvum\u0105.<\/p>\n<h3>Ekskavatoriai<\/h3>\n<p>Ekskavatoriai kasimo veiksmams atlikti naudoja str\u0117l\u0117s cilindrus, leisdami kau\u0161ui efektyviai \u012fsiskverbti \u012f dirv\u0105. \u0160is geb\u0117jimas yra gyvybi\u0161kai svarbus atliekant tokias u\u017eduotis kaip kra\u0161tovaizd\u017eio tvarkymas, tran\u0161\u0117j\u0173 kasimas ir aik\u0161tel\u0117s paruo\u0161imas, kur reikalingas tikslumas ir galia.<\/p>\n<h3>Krautuvai<\/h3>\n<p>Priekiniuose krautuvuose str\u0117l\u0117s cilindrai atlieka esmin\u012f vaidmen\u012f efektyviai keliant ir i\u0161kraunant krovinius. Jie leid\u017eia operatoriams greitai ir tiksliai tvarkyti med\u017eiagas, o tai \u017eymiai pagerina veiklos efektyvum\u0105 statybviet\u0117se.<\/p>\n<h2>Projektavimo aspektai ir atrankos kriterijai<\/h2>\n<h3>Keliamoji galia<\/h3>\n<p>Str\u0117l\u0117s cilindro keliamoji galia yra labai svarbus veiksnys, \u012f kur\u012f reikia atsi\u017evelgti renkantis hidraulin\u012f cilindr\u0105. Jis turi atlaikyti maksimal\u0173 svor\u012f, kur\u012f ma\u0161ina pakels ar perkels. Tinkamai \u012fvertinus keliam\u0105j\u0105 gali\u0105, u\u017etikrinamas saugus ir efektyvus veikimas, suma\u017einant mechanini\u0173 gedim\u0173 rizik\u0105.<\/p>\n<h3>Sandarinimas<\/h3>\n<p>Efektyvus sandarinimas yra gyvybi\u0161kai svarbus norint palaikyti hidraulin\u012f sl\u0117g\u012f ir i\u0161vengti skys\u010dio nuot\u0117kio. Auk\u0161tos kokyb\u0117s sandarikliai yra b\u016btini norint u\u017etikrinti cilindro ilgaam\u017ei\u0161kum\u0105 ir i\u0161vengti hidraulinio skys\u010dio u\u017eter\u0161imo, kuris gal\u0117t\u0173 pakenkti veikimui.<\/p>\n<h3>Patvarumas<\/h3>\n<p>Str\u0117l\u0117s cilindro patvarum\u0105 lemia naudojamos med\u017eiagos ir \u012fdiegtos konstrukcijos ypatyb\u0117s. Gerai suprojektuotas cilindras turi atlaikyti nuolatinio jud\u0117jimo ir at\u0161iauri\u0173 aplinkos s\u0105lyg\u0173 sukeliam\u0105 nusid\u0117v\u0117jim\u0105, taip u\u017etikrindamas ilgesn\u012f tarnavimo laik\u0105.<\/p>\n<h3>Saugumas<\/h3>\n<p>Renkantis str\u0117l\u0117s cilindr\u0105, svarbiausia visada tur\u0117t\u0173 b\u016bti saugos funkcijos. Tai apima cilindro geb\u0117jimo atlaikyti perkrovos s\u0105lygas \u012fvertinim\u0105, u\u017etikrinant, kad b\u016bt\u0173 \u012frengti apsauginiai vo\u017etuvai, siekiant i\u0161vengti katastrofi\u0161k\u0173 gedim\u0173 eksploatacijos metu.<\/p>\n<h3>Prie\u017ei\u016bra<\/h3>\n<p>Lengva prie\u017ei\u016bra yra labai svarbi prastov\u0173 ma\u017einimui. Pasirinkus str\u0117l\u0117s cilindr\u0105, kuris leid\u017eia lengvai pasiekti svarbiausius komponentus ap\u017ei\u016brai ir prie\u017ei\u016brai, padid\u0117s eksploatavimo efektyvumas ir pailg\u0117s \u012frangos tarnavimo laikas.<\/p>\n<p><img decoding=\"async\" src=\"https:\/\/www.hydraulic-cylinders.net\/wp-content\/uploads\/2025\/04\/songte-oil-pipes-and-spare-parts.webp\" alt=\"Hidraulini\u0173 cilindr\u0173 komponentai\"><\/p>\n<h2>Sandarinimas ir tepimas<\/h2>\n<p>Tinkamas sandarinimas ir tepimas yra b\u016btini str\u0117l\u0117s cilindr\u0173 veikimui ir ilgaam\u017ei\u0161kumui. Siekiant i\u0161vengti skys\u010di\u0173 nuot\u0117kio ir u\u017eter\u0161imo, naudojami \u012fvair\u016bs sandarinimo elementai, tokie kaip st\u016bmokli\u0173 ir stryp\u0173 sandarikliai. D\u0117l savo atsparumo dilimui da\u017eniausiai naudojamos tokios med\u017eiagos kaip poliuretanas ir nitrilo kau\u010diukas. Be to, cilindro korpusas ir srieginiai galiniai pavir\u0161iai reikalauja tikslaus apdirbimo, kad padid\u0117t\u0173 atsparumas dilimui. Reguliarus tepimas hidrauline alyva yra b\u016btinas norint i\u0161laikyti optimal\u0173 na\u0161um\u0105 ir i\u0161vengti d\u0117l trinties atsirandan\u010dio dilimo.<\/p>\n<h2>Reguliarus patikrinimas ir prevencin\u0117 prie\u017ei\u016bra<\/h2>\n<ul>\n<li><strong>Reguliar\u016bs patikrinimai:<\/strong> Atlikite i\u0161samius patikrinimus, ar n\u0117ra susid\u0117v\u0117jimo, nuot\u0117ki\u0173 ar pa\u017eeidim\u0173 po\u017eymi\u0173. Ankstyvas problem\u0173 nustatymas gali pad\u0117ti i\u0161vengti rimtesni\u0173 problem\u0173 ateityje.<\/li>\n<li><strong>Tinkamas tepimas:<\/strong> \u012esitikinkite, kad hidraulin\u0117je sistemoje yra pakankamai alyvos, ir reguliariai j\u0105 keiskite pagal gamintojo rekomendacijas, kad sistema veikt\u0173 skland\u017eiai.<\/li>\n<li><strong>Sandariklio keitimas:<\/strong> Reguliariai tikrinkite ir prireikus keiskite sandariklius, kad i\u0161vengtum\u0117te nuot\u0117ki\u0173 ir i\u0161laikytum\u0117te efektyvum\u0105.<\/li>\n<\/ul>\n<h2>\u012erengimo gair\u0117s<\/h2>\n<p>Nor\u0117dami tinkamai sumontuoti str\u0117l\u0117s cilindr\u0105, atlikite \u0161iuos veiksmus:<\/p>\n<ol>\n<li>Prie\u0161 montuodami \u012fsitikinkite, kad visi komponentai yra \u0161var\u016bs ir be joki\u0173 \u0161iuk\u0161li\u0173.<\/li>\n<li>Tiksliai sulygiuokite cilindr\u0105 su tvirtinimo ta\u0161kais, kad eksploatacijos metu i\u0161vengtum\u0117te \u012ftempimo ir i\u0161lyginimo klaid\u0173.<\/li>\n<li>Cilindrui pritvirtinti naudokite tinkamus tvirtinimo laikiklius ir u\u017etikrinkite, kad jis b\u016bt\u0173 tvirtai pritvirtintas.<\/li>\n<li>Prie\u0161 naudodami mechanizm\u0105, patikrinkite, ar n\u0117ra vis\u0173 hidraulini\u0173 jung\u010di\u0173, ar n\u0117ra nuot\u0117ki\u0173.<\/li>\n<li>Prie\u0161 pilnai \u012fjungdami sistem\u0105, patikrinkite j\u0105 esant \u017eemam sl\u0117giui, kad \u012fsitikintum\u0117te, jog viskas veikia tinkamai.<\/li>\n<\/ol>\n<h2>\u012eprastos prie\u017ei\u016bros u\u017eduotys<\/h2>\n<ul>\n<li><strong>Reguliar\u016bs patikrinimai:<\/strong> Suplanuokite \u012fprastinius patikrinimus, kad anksti pasteb\u0117tum\u0117te susid\u0117v\u0117jim\u0105 ar pa\u017eeidimus.<\/li>\n<li><strong>Tinkamas tepimas:<\/strong> Reguliariai sutepkite cilindr\u0105 pagal specifikacijas, kad i\u0161vengtum\u0117te susid\u0117v\u0117jimo ir i\u0161laikytum\u0117te efektyvum\u0105.<\/li>\n<li><strong>Sandariklio keitimo ir kalibravimo patikrinimai:<\/strong> Periodi\u0161kai tikrinkite sandariklius, ar jie nesusid\u0117v\u0117j\u0119, ir prireikus pakeiskite juos, u\u017etikrindami, kad sistema i\u0161likt\u0173 sandari ir efektyvi.<\/li>\n<\/ul>\n<p>Montuojant svarbu teisingai sulygiuoti cilindr\u0105, naudojant tinkamus tvirtinimo laikiklius. Reguliarios prie\u017ei\u016bros u\u017eduotys, tokios kaip ap\u017ei\u016bra ir tepimas, yra b\u016btinos norint pailginti str\u0117l\u0117s cilindro tarnavimo laik\u0105 ir u\u017etikrinti saug\u0173 veikim\u0105.<\/p>\n<p><img decoding=\"async\" src=\"https:\/\/www.hydraulic-cylinders.net\/wp-content\/uploads\/2025\/04\/songte-chushion-collar.webp\" alt=\"Pagalv\u0117l\u0117s apykakl\u0117\"><\/p>\n<h2>Saugos aspektai ir aplinkos veiksniai<\/h2>\n<p>Dirbant su hidraulin\u0117mis sistemomis, saugos priemon\u0117s yra nepaprastai svarbios. Operatoriai privalo d\u0117v\u0117ti tinkamas asmenines apsaugos priemones (AAP) ir u\u017etikrinti, kad eksploatacijos ir technin\u0117s prie\u017ei\u016bros metu b\u016bt\u0173 laikomasi vis\u0173 saugos protokol\u0173. Reguliar\u016bs mokymai apie hidraulin\u0119 saug\u0105 gali pad\u0117ti i\u0161vengti nelaiming\u0173 atsitikim\u0173 ir padidinti veiklos efektyvum\u0105.<\/p>\n<h2>Trik\u010di\u0173 \u0161alinimas ir da\u017eniausiai pasitaikan\u010dios problemos<\/h2>\n<ul>\n<li><strong>Hidraulini\u0173 skys\u010di\u0173 nuot\u0117kiai:<\/strong> Patikrinkite sandariklius ir jungtis, ar jie n\u0117ra susid\u0117v\u0117j\u0119 ir nepa\u017eeisti. Nedelsdami pakeiskite sugedusius sandariklius, kad i\u0161vengtum\u0117te nuot\u0117ki\u0173.<\/li>\n<li><strong>Nepakankama galia:<\/strong> Tai gali rodyti \u017eem\u0105 hidraulinio skys\u010dio lyg\u012f arba vidinius cilindro pa\u017eeidimus. Patikrinkite sistem\u0105 ir prireikus papildykite arba sutaisykite.<\/li>\n<li><strong>Ne\u012fprasti garsai:<\/strong> Bet koks girg\u017ed\u0117jimo ar beldimo garsas gali rodyti mechanin\u012f susid\u0117v\u0117jim\u0105 arba neteising\u0105 sulygiavim\u0105. Nedelsdami patikrinkite, kad i\u0161vengtum\u0117te tolesn\u0117s \u017ealos.<\/li>\n<\/ul>\n<h2>Trik\u010di\u0173 \u0161alinimo patarimai ir sprendimai<\/h2>\n<p>Efektyviam trik\u010di\u0173 \u0161alinimui:<\/p>\n<ul>\n<li>Reguliariai tikrinkite visus hidraulinius komponentus, ar n\u0117ra susid\u0117v\u0117jimo ar pa\u017eeidim\u0173, ir spr\u0119skite problemas, kai tik jos i\u0161kyla.<\/li>\n<li>Palaikykite tinkam\u0105 hidraulinio skys\u010dio lyg\u012f ir keiskite j\u012f pagal rekomendacijas, kad i\u0161vengtum\u0117te na\u0161umo problem\u0173.<\/li>\n<li>\u012egyvendinkite prevencines priemones, pvz., reguliari\u0105 technin\u0119 prie\u017ei\u016br\u0105 ir patikras, kad suma\u017eintum\u0117te galimas problemas ir pailgintum\u0117te str\u0117l\u0117s cilindro tarnavimo laik\u0105.<\/li>\n<\/ul>\n<p><img decoding=\"async\" src=\"https:\/\/www.hydraulic-cylinders.net\/wp-content\/uploads\/2025\/04\/songte-bushings-with-all-kinds-of-excavator-models.webp\" alt=\"Hidraulini\u0173 cilindr\u0173 \u012fvor\u0117s\"><\/p>\n<h2>\u012emon\u0117s ap\u017evalga<\/h2>\n<p>Esame pirmaujantis pakaitini\u0173 hidraulini\u0173 cilindr\u0173 gamintojas, si\u016blantis plat\u0173 gamini\u0173 asortiment\u0105 tiek vidaus, tiek tarptautin\u0117ms rinkoms. M\u016bs\u0173 \u012fsipareigojimas siekti nepriekai\u0161tingos kokyb\u0117s grind\u017eiamas rafinuota gamybos strategija, apiman\u010dia pa\u017eangias technologijas, kvalifikuotus darbuotojus ir efektyv\u0173 gamybos proces\u0105. M\u016bs\u0173 moderniausios gamybos \u012fmon\u0117s apr\u016bpintos auk\u0161\u010diausios klas\u0117s skaitmenine \u012franga ir grie\u017eta bandym\u0173 sistema, siekiant u\u017etikrinti auk\u0161\u010diausius kokyb\u0117s standartus. Did\u017eiuojam\u0117s savo geb\u0117jimu patenkinti \u012fvairius klient\u0173 poreikius dideliu efektyvumu, tikslumu ir kokybe.<\/p>\n<p>M\u016bs\u0173 patirtis apima:<\/p>\n<ul>\n<li><strong>Profesionalumas:<\/strong> Tur\u0117dami patyrusi\u0173 specialist\u0173 komand\u0105, u\u017etikriname, kad m\u016bs\u0173 produktai atitikt\u0173 auk\u0161\u010diausius pramon\u0117s standartus.<\/li>\n<li><strong>Tarptautiniai sertifikatai:<\/strong> M\u016bs\u0173 produktai yra sertifikuoti pagal tarptautinius kokyb\u0117s standartus, o tai didina klient\u0173 pasitik\u0117jim\u0105.<\/li>\n<li><strong>Individualios paslaugos:<\/strong> Si\u016blome individualiai pritaikytus sprendimus, pritaikytus konkretiems klient\u0173 reikalavimams, u\u017etikrinant j\u0173 pasitenkinim\u0105.<\/li>\n<li><strong>Pa\u017eangi gamybos \u012franga:<\/strong> M\u016bs\u0173 gamybos procesuose naudojamos pa\u017eangiausios technologijos, siekiant padidinti efektyvum\u0105 ir tikslum\u0105.<\/li>\n<li><strong>Aptarnavimas po pardavimo:<\/strong> Mes teikiame patikim\u0105 garantinio aptarnavimo paslaug\u0105, kad pad\u0117tume klientams i\u0161spr\u0119sti bet kokius klausimus ar problemas.<\/li>\n<\/ul>\n<p><img decoding=\"async\" src=\"https:\/\/www.hydraulic-cylinders.net\/wp-content\/uploads\/2025\/04\/songte-company-4.webp\" alt=\"\u012emon\u0117s ap\u017evalga 1\"><img decoding=\"async\" src=\"https:\/\/www.hydraulic-cylinders.net\/wp-content\/uploads\/2025\/04\/songte-company-3.webp\" alt=\"\u012emon\u0117s ap\u017evalga 2\"><\/p>\n<p>Autorius: lyl<\/p>","protected":false},"excerpt":{"rendered":"<p>Boom Cylinder For Xiniu XNX8 Understanding the Boom Cylinder The boom cylinder, specifically designed for heavy machinery, plays a crucial role in the operation of various equipment such as excavators and loaders. This hydraulic cylinder is responsible for controlling the movement of the bucket, enabling it to lift, lower, and tilt. As a vital component [&hellip;]<\/p>","protected":false},"featured_media":17872,"comment_status":"open","ping_status":"closed","template":"","meta":{"_et_pb_use_builder":"","_et_pb_old_content":"","_et_gb_content_width":""},"product_brand":[],"product_cat":[1546],"product_tag":[1547,1496],"class_list":{"0":"post-19729","1":"product","2":"type-product","3":"status-publish","4":"has-post-thumbnail","6":"product_cat-boom-cylinders","7":"product_tag-boom-cylinders","8":"product_tag-hydraulic-cylinders","10":"first","11":"instock","12":"shipping-taxable","13":"product-type-simple"},"amp_enabled":true,"_links":{"self":[{"href":"https:\/\/www.hydraulic-cylinders.net\/lt\/wp-json\/wp\/v2\/product\/19729","targetHints":{"allow":["GET"]}}],"collection":[{"href":"https:\/\/www.hydraulic-cylinders.net\/lt\/wp-json\/wp\/v2\/product"}],"about":[{"href":"https:\/\/www.hydraulic-cylinders.net\/lt\/wp-json\/wp\/v2\/types\/product"}],"replies":[{"embeddable":true,"href":"https:\/\/www.hydraulic-cylinders.net\/lt\/wp-json\/wp\/v2\/comments?post=19729"}],"wp:featuredmedia":[{"embeddable":true,"href":"https:\/\/www.hydraulic-cylinders.net\/lt\/wp-json\/wp\/v2\/media\/17872"}],"wp:attachment":[{"href":"https:\/\/www.hydraulic-cylinders.net\/lt\/wp-json\/wp\/v2\/media?parent=19729"}],"wp:term":[{"taxonomy":"product_brand","embeddable":true,"href":"https:\/\/www.hydraulic-cylinders.net\/lt\/wp-json\/wp\/v2\/product_brand?post=19729"},{"taxonomy":"product_cat","embeddable":true,"href":"https:\/\/www.hydraulic-cylinders.net\/lt\/wp-json\/wp\/v2\/product_cat?post=19729"},{"taxonomy":"product_tag","embeddable":true,"href":"https:\/\/www.hydraulic-cylinders.net\/lt\/wp-json\/wp\/v2\/product_tag?post=19729"}],"curies":[{"name":"wp","href":"https:\/\/api.w.org\/{rel}","templated":true}]}}