{"id":19733,"date":"2025-04-07T07:04:37","date_gmt":"2025-04-07T07:04:37","guid":{"rendered":"https:\/\/www.hydraulic-cylinders.net\/product\/boom-cylinder-for-kato-small-excavator-hd820-3\/"},"modified":"2025-04-07T07:04:39","modified_gmt":"2025-04-07T07:04:39","slug":"boom-cylinder-for-kato-small-excavator-hd820-3","status":"publish","type":"product","link":"https:\/\/www.hydraulic-cylinders.net\/lt\/produktas\/boom-cylinder-for-kato-small-excavator-hd820-3\/","title":{"rendered":"Kato ma\u017eo ekskavatoriaus HD820-3 str\u0117l\u0117s cilindras"},"content":{"rendered":"<h1>Kato ma\u017eo ekskavatoriaus HD820-3 str\u0117l\u0117s cilindras<\/h1>\n<h2>\u012evadas \u012f str\u0117l\u0117s cilindrus<\/h2>\n<p>\u201eKato Small Excavator HD820-3\u201c str\u0117l\u0117s cilindras yra esminis hidraulinis komponentas, specialiai sukurtas valdyti kau\u0161\u0173 jud\u0117jim\u0105 \u012fvairiose sunkiosiose technikose, \u012fskaitant ekskavatorius, ekskavatorinius krautuvus ir frontalinius krautuvus. \u0160ie hidrauliniai cilindrai palengvina kau\u0161o k\u0117lim\u0105, nuleidim\u0105 ir pakreipim\u0105, tod\u0117l jie yra gyvybi\u0161kai svarb\u016bs atliekant med\u017eiag\u0173 tvarkymo u\u017eduotis statybose ir kasimo darbuose.<\/p>\n<p>\u0160i\u0173 \u012frengini\u0173 pagrindas yra hidraulin\u0117 sistema, kuri judesiui sukurti naudoja susl\u0117gt\u0105 skyst\u012f. Kau\u0161o cilindras, kaip hidraulinio cilindro tipas, yra suprojektuotas taip, kad atlaikyt\u0173 dideles j\u0117gas, susidaran\u010dias keliant ir perkeliant sunkius krovinius. J\u0173 tvirta konstrukcija u\u017etikrina patikimum\u0105 ir na\u0161um\u0105 net ir at\u0161iauriomis darbo s\u0105lygomis.<\/p>\n<p><img decoding=\"async\" src=\"https:\/\/www.hydraulic-cylinders.net\/wp-content\/uploads\/2025\/04\/songte-company-1.webp\" alt=\"Kato ma\u017eo ekskavatoriaus str\u0117l\u0117s cilindras\"><\/p>\n<h3>Str\u0117l\u0117s cilindro savyb\u0117s<\/h3>\n<ul>\n<li><strong>Didelis stiprumas ir ilgaam\u017ei\u0161kumas:<\/strong> Pagaminti i\u0161 didelio stiprumo plieno arba aliuminio, \u0161ie cilindrai gali atlaikyti auk\u0161t\u0105 sl\u0117g\u012f ir dideles apkrovas, tod\u0117l tinkami at\u0161iaurioms darbo s\u0105lygoms.<\/li>\n<li><strong>Efektyvus hidraulinis valdymas:<\/strong> Sklandus cilindro i\u0161pl\u0117timas ir \u012ftraukimas pasiekiamas hidraulin\u0117s alyvos sl\u0117giu, tod\u0117l galima greitai reaguoti \u012f valdymo komandas ir u\u017etikrinti galingas st\u016bmimo bei traukimo j\u0117gas.<\/li>\n<li><strong>\u012evair\u016bs tipai:<\/strong> Str\u0117l\u0117s cilindrai b\u016bna vienpusio ir dvipusio veikimo, kad atitikt\u0173 \u012fvairius eksploatavimo poreikius. Kai kurie modeliai yra teleskopiniai, tod\u0117l juos galima labiau i\u0161tiesti nedidinant i\u0161orini\u0173 matmen\u0173, tod\u0117l tai idealiai tinka naudoti ribotoje erdv\u0117je.<\/li>\n<li><strong>Suderinamumas:<\/strong> M\u016bs\u0173 gaminiai sukurti taip, kad puikiai pakeist\u0173 esamus hidraulinius cilindrus, u\u017etikrindami skland\u0173 integravim\u0105 \u012f esam\u0105 technik\u0105.<\/li>\n<li><strong>Prie\u017ei\u016brai draugi\u0161kas dizainas:<\/strong> \u0160ie cilindrai sukurti taip, kad juos b\u016bt\u0173 lengva pri\u017ei\u016br\u0117ti, tod\u0117l jie tarnauja ilgai ir yra trumpesni.<\/li>\n<\/ul>\n<p><img decoding=\"async\" src=\"https:\/\/www.hydraulic-cylinders.net\/wp-content\/uploads\/2025\/04\/songte-cylinder-head-with-all-kinds-excavator-models.webp\" alt=\"Ekskavatori\u0173 modeli\u0173 suderinamumas\"><\/p>\n<h2>Str\u0117l\u0117s cilindro pritaikymas<\/h2>\n<h3>Statybin\u0117 \u012franga<\/h3>\n<p>Statybin\u0117je \u012frangoje, ypa\u010d ekskavatoriuose, str\u0117l\u0117s cilindrai yra labai svarb\u016bs kasant, kraunant ir perkeliant \u017eem\u0119 ar \u0161iuk\u0161les. Jie suteikia reikiam\u0105 j\u0117g\u0105 \u012fsiskverbti \u012f \u017eem\u0119, leisdami operatoriams efektyviai kasti. Ekskavatoriniuose krautuvuose \u0161ie cilindrai padeda ne tik kasti, bet ir kelti med\u017eiagas, padidindami ma\u0161inos universalum\u0105 ir efektyvum\u0105 atliekant \u012fvairias u\u017eduotis.<\/p>\n<h3>\u017dem\u0117s \u016bkio technika<\/h3>\n<p>\u017dem\u0117s \u016bkio technikoje priekiniai krautuvai naudoja str\u0117l\u0117s cilindrus dirvo\u017eemiui, \u0161ienui ir kitoms med\u017eiagoms semti, kelti ir transportuoti. \u0160ie hidrauliniai cilindrai atlieka svarb\u0173 vaidmen\u012f gerinant \u016bkininkavimo operacij\u0173 efektyvum\u0105, nes leid\u017eia greitai tvarkyti ir transportuoti med\u017eiagas, o tai yra gyvybi\u0161kai svarbu \u017eem\u0117s \u016bkio na\u0161umui.<\/p>\n<h3>Ekskavatoriai<\/h3>\n<p>Ekskavatori\u0173 str\u0117l\u0117s cilindras leid\u017eia kau\u0161ui \u012fsiskverbti \u012f dirv\u0105, taip palengvindamas efektyvius kasimo darbus. \u0160i\u0173 cilindr\u0173 tiekiama hidraulin\u0117 galia leid\u017eia ekskavatoriams tiksliai ir lengvai atlikti \u012fvairias u\u017eduotis \u2013 nuo \u200b\u200btran\u0161\u0117j\u0173 kasimo iki pamat\u0173 kasimo. \u0160i galimyb\u0117 yra labai svarbi statybos projektuose, kuriems reikalingi gil\u016bs kasimo darbai.<\/p>\n<h3>Krautuvai<\/h3>\n<p>Priekiniuose krautuvuose str\u0117l\u0117s cilindrai padeda efektyviai kelti ir i\u0161versti krovinius. Jie suteikia reikiam\u0105 k\u0117limo j\u0117g\u0105 sunkioms med\u017eiagoms pakelti ir u\u017etikrinti kontroliuojam\u0105 i\u0161vertim\u0105, o tai padidina bendr\u0105 med\u017eiag\u0173 tvarkymo efektyvum\u0105 statybose ir kra\u0161tovaizd\u017eio tvarkymo darbuose.<\/p>\n<h2>Str\u0117l\u0117s cilindr\u0173 projektavimo aspektai<\/h2>\n<h3>Keliamoji galia<\/h3>\n<p>Projektuojant str\u0117l\u0117s cilindrus, keliamoji galia yra labai svarbus veiksnys. Cilindras turi atlaikyti did\u017eiausi\u0105 numatom\u0105 apkrov\u0105 nepakenkdamas saugumui ar na\u0161umui. In\u017einieriai apskai\u010diuoja reikiam\u0105 keliam\u0105j\u0105 gali\u0105 pagal konkre\u010dias cilindro naudojimo sritis, u\u017etikrindami, kad jis atitikt\u0173 arba vir\u0161yt\u0173 pramon\u0117s standartus.<\/p>\n<h3>Sandarumas ir ilgaam\u017ei\u0161kumas<\/h3>\n<p>Efektyvus sandarinimas yra gyvybi\u0161kai svarbus hidrauliniams cilindrams, siekiant i\u0161vengti nuot\u0117ki\u0173 ir palaikyti sl\u0117g\u012f. Siekiant padidinti ilgaam\u017ei\u0161kum\u0105 ir patikimum\u0105, naudojami auk\u0161tos kokyb\u0117s sandarikliai, pagaminti i\u0161 patvari\u0173 med\u017eiag\u0173, toki\u0173 kaip poliuretanas ir nitrilo kau\u010diukas. Projektuojant taip pat reikia atsi\u017evelgti \u012f galim\u0105 nusid\u0117v\u0117jim\u0105, u\u017etikrinant, kad sandarikliai atlaikyt\u0173 eksploatavimo s\u0105lygas.<\/p>\n<h3>Saugos funkcijos<\/h3>\n<p>Projektuojant str\u0117l\u0117s cilindrus, saugumas yra svarbiausias dalykas. \u012etraukus saugos funkcijas, tokias kaip sl\u0117gio ma\u017einimo vo\u017etuvai ir gedim\u0173 prevencijos mechanizmai, u\u017etikrinama, kad \u012franga veikt\u0173 saugiai. Reguliar\u016bs saugos patikrinimai ir saugos standart\u0173 laikymasis yra labai svarb\u016bs siekiant i\u0161vengti nelaiming\u0173 atsitikim\u0173 ir \u012frangos gedim\u0173.<\/p>\n<h3>Prieinamumas prie prie\u017ei\u016bros<\/h3>\n<p>Siekiant palaikyti optimali\u0105 str\u0117l\u0117s cilindr\u0173 b\u016bkl\u0119, labai svarbu u\u017etikrinti prieinam\u0105 technin\u0119 prie\u017ei\u016br\u0105. Tokios savyb\u0117s kaip lengvai pasiekiami tepimo ir patikros ta\u0161kai gali \u017eymiai suma\u017einti prastovas. Apgalvotas projektas gali palengvinti reguliari\u0105 technin\u0119 prie\u017ei\u016br\u0105, pailginti cilindro tarnavimo laik\u0105 ir pagerinti bendr\u0105 na\u0161um\u0105.<\/p>\n<p><img decoding=\"async\" src=\"https:\/\/www.hydraulic-cylinders.net\/wp-content\/uploads\/2025\/04\/songte-oil-pipes-and-spare-parts.webp\" alt=\"Hidrauliniai vamzd\u017eiai ir atsargin\u0117s dalys\"><\/p>\n<h2>Str\u0117l\u0117s cilindr\u0173 sandarinimas ir tepimas<\/h2>\n<p>Efektyvus sandarinimas yra labai svarbus norint palaikyti hidraulin\u012f sl\u0117g\u012f str\u0117l\u0117s cilindruose. Siekiant i\u0161vengti hidraulinio skys\u010dio nuot\u0117kio, naudojami \u012fvair\u016bs sandarikliai, \u012fskaitant st\u016bmokli\u0173 ir stryp\u0173 sandariklius. Sandarikliai da\u017enai gaminami i\u0161 atspari\u0173 dilimui med\u017eiag\u0173, toki\u0173 kaip poliuretanas ir nitrilo kau\u010diukas, kurios parenkamos d\u0117l j\u0173 patvarumo ir geb\u0117jimo atlaikyti ekstremalias s\u0105lygas.<\/p>\n<p>Cilindro korpuso ir srieginio galo pavir\u0161ius yra kruop\u0161\u010diai apdirbtas, siekiant padidinti atsparum\u0105 dilimui, u\u017etikrinti ilgaam\u017ei\u0161kum\u0105 ir na\u0161um\u0105. Taip pat b\u016btina reguliariai tepti; operatoriai tur\u0117t\u0173 u\u017etikrinti, kad periodi\u0161kai b\u016bt\u0173 \u012fpilama pakankamai hidraulin\u0117s alyvos, kad b\u016bt\u0173 palaikomas cilindro veikimas ir i\u0161vengta susid\u0117v\u0117jimo.<\/p>\n<h2>Reguliarus patikrinimas ir prevencin\u0117 prie\u017ei\u016bra<\/h2>\n<ul>\n<li><strong>\u012eprastiniai patikrinimai:<\/strong> Reguliariai planuokite patikras, kad nustatytum\u0117te bet kokius nuot\u0117kius, susid\u0117v\u0117jim\u0105 ar pa\u017eeidimus. Ankstyvas problem\u0173 nustatymas gali pad\u0117ti i\u0161vengti brangaus remonto ir prastov\u0173.<\/li>\n<li><strong>Tinkamas tepimas:<\/strong> \u012esitikinkite, kad visos judan\u010dios dalys yra tinkamai suteptos tinkama hidrauline alyva, kad suma\u017eintum\u0117te trint\u012f ir nusid\u0117v\u0117jim\u0105.<\/li>\n<li><strong>Sandariklio keitimas:<\/strong> Reguliariai tikrinkite sandariklius, ar n\u0117ra susid\u0117v\u0117jimo po\u017eymi\u0173, ir prireikus pakeiskite juos, kad i\u0161laikytum\u0117te hidraulin\u012f efektyvum\u0105 ir i\u0161vengtum\u0117te nuot\u0117ki\u0173.<\/li>\n<\/ul>\n<h2>Str\u0117l\u0117s cilindr\u0173 montavimo gair\u0117s<\/h2>\n<p>Str\u0117l\u0117s cilindro montavimas reikalauja kruop\u0161taus d\u0117mesio detal\u0117ms, kad b\u016bt\u0173 u\u017etikrintas tinkamas veikimas ir ilgaam\u017ei\u0161kumas. Laikykit\u0117s \u0161i\u0173 nurodym\u0173:<\/p>\n<ul>\n<li><strong>Paruo\u0161imas:<\/strong> Prie\u0161 montuodami \u012fsitikinkite, kad darbo vieta yra \u0161vari ir be \u0161iuk\u0161li\u0173. Surinkite visus reikalingus \u012frankius ir komponentus.<\/li>\n<li><strong>Lygiavimas:<\/strong> Tinkamas cilindro sulygiavimas su tvirtinimo ta\u0161kais yra labai svarbus. Naudokite guls\u010diuk\u0105, kad \u012fsitikintum\u0117te, jog cilindras yra tiesus ir sulygiuotas su ma\u0161inos konstrukcija.<\/li>\n<li><strong>Saugus tvirtinimas:<\/strong> Tvirtai pritvirtinkite cilindr\u0105 naudodami tinkamus tvirtinimo laikiklius. \u012esitikinkite, kad visi var\u017etai priver\u017eti pagal gamintojo specifikacijas, kad eksploatacijos metu nejud\u0117t\u0173.<\/li>\n<li><strong>Hidraulin\u0117 jungtis:<\/strong> Atsargiai prijunkite hidraulines linijas, u\u017etikrindami, kad jos neb\u016bt\u0173 sulenktos ar susisukusios. Patikrinkite suderinamum\u0105 su esamomis hidraulin\u0117mis sistemomis.<\/li>\n<li><strong>Testavimas:<\/strong> \u012edieg\u0119 atlikite bandom\u0105j\u012f paleidim\u0105, kad \u012fsitikintum\u0117te, jog cilindras veikia skland\u017eiai ir be nuot\u0117ki\u0173. Atid\u017eiai steb\u0117kite veikim\u0105 pradinio paleidimo metu.<\/li>\n<\/ul>\n<p><img decoding=\"async\" src=\"https:\/\/www.hydraulic-cylinders.net\/wp-content\/uploads\/2025\/04\/songte-chushion-collar.webp\" alt=\"Pagalv\u0117l\u0117s apykakl\u0117\"><\/p>\n<h2>Saugos aspektai ir aplinkos veiksniai<\/h2>\n<p>Naudojant hidraulinius cilindrus, labai svarbu laikytis saugos priemoni\u0173, kad b\u016bt\u0173 i\u0161vengta nelaiming\u0173 atsitikim\u0173. Operatoriai tur\u0117t\u0173 b\u016bti apmokyti tinkam\u0173 naudojimo b\u016bd\u0173 ir asmenini\u0173 apsaugos priemoni\u0173 (AAP) naudojimo. Siekiant u\u017etikrinti saugos standart\u0173 ir reglament\u0173 laikym\u0105si, tur\u0117t\u0173 b\u016bti atliekami reguliar\u016bs saugos auditai.<\/p>\n<p>Be to, labai svarb\u016bs aplinkosauginiai aspektai, pavyzd\u017eiui, hidraulini\u0173 skys\u010di\u0173 nuot\u0117ki\u0173 valdymas. \u012egyvendinus hidraulini\u0173 skys\u010di\u0173 izoliavimo priemones ir tinkamus \u0161alinimo protokolus, galima gerokai suma\u017einti hidraulini\u0173 sistem\u0173 poveik\u012f aplinkai.<\/p>\n<h2>Gedim\u0173 diagnostika ir da\u017eniausios problemos<\/h2>\n<ul>\n<li><strong>Hidrauliniai nuot\u0117kiai:<\/strong> D\u0117l sandarikli\u0173 susid\u0117v\u0117jimo gali atsirasti nuot\u0117ki\u0173. Norint i\u0161vengti \u0161ios problemos, reikia reguliariai j\u0105 pri\u017ei\u016br\u0117ti.<\/li>\n<li><strong>Suma\u017eintas na\u0161umas:<\/strong> Jei cilindras nereaguoja greitai arba jo galia suma\u017e\u0117ja, tai gali reik\u0161ti, kad hidraulin\u0117je sistemoje yra oro arba \u017eemas skys\u010dio lygis.<\/li>\n<li><strong>Perkaitimas:<\/strong> Nuolatinis veikimas be tinkamo au\u0161inimo gali sukelti perkaitim\u0105, o tai turi \u012ftakos hidraulinio skys\u010dio klampumui ir veikimui.<\/li>\n<\/ul>\n<p>Diagnozuojant \u0161ias problemas, b\u016btina kruop\u0161\u010diai ap\u017ei\u016br\u0117ti hidraulin\u0119 sistem\u0105, ar n\u0117ra nuot\u0117ki\u0173, skys\u010di\u0173 lyg\u012f ir sandarikli\u0173 bei \u017earn\u0173 vientisum\u0105. Reguliarios prevencin\u0117s priemon\u0117s gali gerokai suma\u017einti galimas problemas ir pailginti hidraulini\u0173 cilindr\u0173 tarnavimo laik\u0105.<\/p>\n<p><img decoding=\"async\" src=\"https:\/\/www.hydraulic-cylinders.net\/wp-content\/uploads\/2025\/04\/songte-bushings-with-all-kinds-of-excavator-models.webp\" alt=\"Ekskavatori\u0173 modeli\u0173 \u012fvor\u0117s\"><\/p>\n<h2>I\u0161vada<\/h2>\n<p>M\u016bs\u0173 \u012fmon\u0117 specializuojasi auk\u0161tos kokyb\u0117s pakaitini\u0173 hidraulini\u0173 cilindr\u0173 gamyboje ir \u012fsitvirtino kaip viena i\u0161 pirmaujan\u010di\u0173 gamintoj\u0173 ir didmeninink\u0173 tiek vidaus, tiek tarptautin\u0117se rinkose. Laikom\u0117s auk\u0161\u010diausi\u0173 kokyb\u0117s standart\u0173, pasitelkdami patobulintas gamybos strategijas ir auk\u0161\u010diausios klas\u0117s skaitmenin\u0119 \u012frang\u0105. M\u016bs\u0173 \u012fsipareigojimas nuolat tobulinti gamybos procesus ir gamini\u0173 kokyb\u0119 u\u017etikrina, kad efektyviai ir tiksliai patenkiname \u012fvairius klient\u0173 poreikius.<\/p>\n<p>Si\u016blome individualiai pritaikytas paslaugas, tarptautinius sertifikatus ir stipri\u0105 garantinio aptarnavimo sistem\u0105. M\u016bs\u0173 pa\u017eangi gamybos \u012franga leid\u017eia mums i\u0161laikyti auk\u0161t\u0105 gamini\u0173 tikslum\u0105 ir efektyvum\u0105, u\u017etikrinant, kad galime patenkinti \u012fvairias taikymo sritis ir specifikacijas.<\/p>\n<p><img decoding=\"async\" src=\"https:\/\/www.hydraulic-cylinders.net\/wp-content\/uploads\/2025\/04\/songte-company-4.webp\" alt=\"\u012emon\u0117s ap\u017evalga\"><br \/>\n<img decoding=\"async\" src=\"https:\/\/www.hydraulic-cylinders.net\/wp-content\/uploads\/2025\/04\/songte-company-3.webp\" alt=\"\u012emon\u0117s patalpos\"><\/p>\n<p>Autorius: lyl<\/p>","protected":false},"excerpt":{"rendered":"<p>Boom Cylinder For Kato Small Excavator HD820-3 Introduction to Boom Cylinders The Boom Cylinder for Kato Small Excavator HD820-3 is an essential hydraulic component designed specifically for controlling the movement of buckets in various heavy machinery, including excavators, backhoe loaders, and front loaders. These hydraulic cylinders facilitate the lifting, lowering, and tilting of the bucket, [&hellip;]<\/p>","protected":false},"featured_media":17876,"comment_status":"open","ping_status":"closed","template":"","meta":{"_et_pb_use_builder":"","_et_pb_old_content":"","_et_gb_content_width":""},"product_brand":[],"product_cat":[1546],"product_tag":[1547,1496],"class_list":{"0":"post-19733","1":"product","2":"type-product","3":"status-publish","4":"has-post-thumbnail","6":"product_cat-boom-cylinders","7":"product_tag-boom-cylinders","8":"product_tag-hydraulic-cylinders","10":"first","11":"instock","12":"shipping-taxable","13":"product-type-simple"},"amp_enabled":true,"_links":{"self":[{"href":"https:\/\/www.hydraulic-cylinders.net\/lt\/wp-json\/wp\/v2\/product\/19733","targetHints":{"allow":["GET"]}}],"collection":[{"href":"https:\/\/www.hydraulic-cylinders.net\/lt\/wp-json\/wp\/v2\/product"}],"about":[{"href":"https:\/\/www.hydraulic-cylinders.net\/lt\/wp-json\/wp\/v2\/types\/product"}],"replies":[{"embeddable":true,"href":"https:\/\/www.hydraulic-cylinders.net\/lt\/wp-json\/wp\/v2\/comments?post=19733"}],"wp:featuredmedia":[{"embeddable":true,"href":"https:\/\/www.hydraulic-cylinders.net\/lt\/wp-json\/wp\/v2\/media\/17876"}],"wp:attachment":[{"href":"https:\/\/www.hydraulic-cylinders.net\/lt\/wp-json\/wp\/v2\/media?parent=19733"}],"wp:term":[{"taxonomy":"product_brand","embeddable":true,"href":"https:\/\/www.hydraulic-cylinders.net\/lt\/wp-json\/wp\/v2\/product_brand?post=19733"},{"taxonomy":"product_cat","embeddable":true,"href":"https:\/\/www.hydraulic-cylinders.net\/lt\/wp-json\/wp\/v2\/product_cat?post=19733"},{"taxonomy":"product_tag","embeddable":true,"href":"https:\/\/www.hydraulic-cylinders.net\/lt\/wp-json\/wp\/v2\/product_tag?post=19733"}],"curies":[{"name":"wp","href":"https:\/\/api.w.org\/{rel}","templated":true}]}}