{"id":19734,"date":"2025-04-07T07:04:39","date_gmt":"2025-04-07T07:04:39","guid":{"rendered":"https:\/\/www.hydraulic-cylinders.net\/product\/boom-cylinder-for-kato-small-excavator-hd900-5-7\/"},"modified":"2025-04-07T07:04:41","modified_gmt":"2025-04-07T07:04:41","slug":"boom-cylinder-for-kato-small-excavator-hd900-5-7","status":"publish","type":"product","link":"https:\/\/www.hydraulic-cylinders.net\/lt\/produktas\/boom-cylinder-for-kato-small-excavator-hd900-5-7\/","title":{"rendered":"Kato ma\u017eo ekskavatoriaus HD900-5-7 str\u0117l\u0117s cilindras"},"content":{"rendered":"<h1>Kato ma\u017eo ekskavatoriaus HD900-5-7 str\u0117l\u0117s cilindras<\/h1>\n<h2>\u012evadas \u012f str\u0117l\u0117s cilindr\u0105<\/h2>\n<p>Specialiai \u201eKato\u201c ma\u017eajam ekskavatoriui HD900-5-7 sukurtas str\u0117l\u0117s cilindras yra labai svarbus sunkiosios technikos hidraulin\u0117s sistemos komponentas. Jis skirtas valdyti str\u0117l\u0117s jud\u0117jim\u0105, leid\u017eiant atlikti tokias u\u017eduotis kaip k\u0117limas, nuleidimas ir pakreipimas. \u0160is hidraulinis cilindras atlieka esmin\u012f vaidmen\u012f u\u017etikrinant med\u017eiag\u0173 tvarkymo u\u017eduo\u010di\u0173 efektyvum\u0105, u\u017etikrinant, kad ekskavatoriai, ekskavatoriniai krautuvai ir frontaliniai krautuvai gal\u0117t\u0173 efektyviai veikti.<\/p>\n<p><img decoding=\"async\" src=\"https:\/\/www.hydraulic-cylinders.net\/wp-content\/uploads\/2025\/04\/songte-company-1.webp\" alt=\"Str\u0117l\u0117s cilindro vaizdas\"><\/p>\n<h3>Kau\u0161o cilindr\u0173 apibr\u0117\u017eimas ir ap\u017evalga<\/h3>\n<p>Kau\u0161\u0173 cilindrai, hidraulini\u0173 cilindr\u0173 tipas, yra sukurti valdyti kau\u0161\u0173 jud\u0117jim\u0105 sunkiojoje technikoje. Jie leid\u017eia tiksliai valdyti kau\u0161o funkcijas, o tai yra gyvybi\u0161kai svarbu atliekant \u012fvairius statybos ir \u017eem\u0117s \u016bkio darbus. \u0160ie cilindrai naudoja hidraulin\u012f skyst\u012f j\u0117gai generuoti, paversdami j\u0105 mechaniniu judesiu. Kau\u0161\u0173 cilindr\u0173 projektavimas ir konstrukcija orientuota \u012f ilgaam\u017ei\u0161kum\u0105 ir patikimum\u0105, u\u017etikrinant, kad jie atlaikyt\u0173 sunkiasvori\u0173 darb\u0173 s\u0105lygas.<\/p>\n<h2>Str\u0117l\u0117s cilindro savyb\u0117s<\/h2>\n<ul>\n<li><strong>Didelis stiprumas ir ilgaam\u017ei\u0161kumas:<\/strong> Pagaminti i\u0161 didelio stiprumo plieno arba aliuminio, \u0161ie cilindrai gali atlaikyti auk\u0161t\u0105 sl\u0117g\u012f ir dideles apkrovas, tod\u0117l tinkami at\u0161iaurioms darbo s\u0105lygoms.<\/li>\n<li><strong>Efektyvus hidraulinis valdymas:<\/strong> Sklandus cilindro i\u0161pl\u0117timas ir \u012ftraukimas pasiekiamas hidraulin\u0117s alyvos sl\u0117giu, u\u017etikrinant greit\u0105 reakcij\u0105 \u012f operatoriaus komandas.<\/li>\n<li><strong>\u012evair\u016bs tipai:<\/strong> Str\u0117l\u0117s cilindras, tiekiamas vienpusio arba dvipusio veikimo konstrukcij\u0173, gali patenkinti \u012fvairius eksploatacinius poreikius, o kai kurie modeliai turi teleskopines konstrukcijas, kad b\u016bt\u0173 didesnis pasiekiamumas.<\/li>\n<li><strong>Atsparumas korozijai:<\/strong> Baliono konstrukcijoje naudojamos med\u017eiagos yra atsparios korozijai, tod\u0117l jo tarnavimo laikas pailg\u0117ja.<\/li>\n<li><strong>Prie\u017ei\u016brai draugi\u0161kas dizainas:<\/strong> Cilindrai sukurti taip, kad juos b\u016bt\u0173 lengva pri\u017ei\u016br\u0117ti, tod\u0117l juos galima greitai patikrinti ir suremontuoti.<\/li>\n<\/ul>\n<p>M\u016bs\u0173 gaminiai gali puikiai pakeisti \u0161iuos hidraulinius cilindrus, u\u017etikrindami optimal\u0173 na\u0161um\u0105.<\/p>\n<p><img decoding=\"async\" src=\"https:\/\/www.hydraulic-cylinders.net\/wp-content\/uploads\/2025\/04\/songte-cylinder-head-with-all-kinds-excavator-models.webp\" alt=\"Ekskavatoriaus modelio suderinamumas\"><\/p>\n<h2>Str\u0117l\u0117s cilindro pritaikymas<\/h2>\n<h3>Statybin\u0117 \u012franga<\/h3>\n<p>Ekskavatoriuose str\u0117l\u0117s cilindras yra labai svarbus atliekant kasimo darbus, kraunant ir perkeliant \u017eem\u0119 ar \u0161iuk\u0161les. Jis leid\u017eia operatoriui valdyti kau\u0161o gyl\u012f ir kamp\u0105, tod\u0117l lengviau tiksliai kasti ir tvarkyti med\u017eiagas. Be to, ekskavatoriuose-krautuvuose str\u0117l\u0117s cilindras padeda atlikti tiek kasimo, tiek k\u0117limo operacijas, padidindamas bendr\u0105 ma\u0161inos universalum\u0105 ir efektyvum\u0105.<\/p>\n<h3>\u017dem\u0117s \u016bkio technika<\/h3>\n<p>Priekiniuose krautuvuose str\u0117l\u0117s cilindras naudojamas dirvo\u017eemiui, \u0161ienui ir kitoms med\u017eiagoms semti, kelti ir transportuoti. Galimyb\u0117 tiksliai valdyti kau\u0161o jud\u0117jim\u0105 daro j\u012f nepakei\u010diamu \u012frankiu \u017eem\u0117s \u016bkio darbuose, leid\u017eian\u010diu efektyviai valdyti med\u017eiagas.<\/p>\n<h3>Ekskavatoriai<\/h3>\n<p>Str\u0117l\u0117s cilindras leid\u017eia kau\u0161ui efektyviai \u012fsiskverbti \u012f dirv\u0105, u\u017etikrinant efektyvius kasimo veiksmus. \u0160i galimyb\u0117 yra gyvybi\u0161kai svarbi atliekant \u012fvairius kasimo darbus \u2013 nuo \u200b\u200bkra\u0161tovaizd\u017eio tvarkymo iki didelio masto statybos projekt\u0173.<\/p>\n<h3>Krautuvai<\/h3>\n<p>Priekiniuose krautuvuose str\u0117l\u0117s cilindras padeda efektyviai pakelti ir i\u0161versti krovinius. \u0160i funkcija yra labai svarbi statybviet\u0117se ir med\u017eiag\u0173 tvarkymo operacijose, tod\u0117l krautuvas yra universalus \u012frenginys.<\/p>\n<h2>Projektavimo aspektai ir atrankos kriterijai<\/h2>\n<h3>Keliamoji galia<\/h3>\n<p>Renkantis str\u0117l\u0117s cilindr\u0105, svarbiausia yra keliamoji galia. Labai svarbu u\u017etikrinti, kad cilindras atlaikyt\u0173 did\u017eiausias apkrovas, su kuriomis susidurs eksploatacijos metu. Pasirinkus cilindr\u0105 su tinkama keliam\u0105ja galia, i\u0161vengiama galim\u0173 gedim\u0173 ir padid\u0117ja saugumas.<\/p>\n<h3>Sandarumo vientisumas<\/h3>\n<p>Sandarinimas yra labai svarbus hidrauliniuose cilindruose, siekiant i\u0161vengti nuot\u0117ki\u0173 ir i\u0161laikyti na\u0161um\u0105. Auk\u0161tos kokyb\u0117s sandarikliai, tokie kaip st\u016bmokli\u0173 ir kot\u0173 sandarikliai, pagaminti i\u0161 patvari\u0173 med\u017eiag\u0173, toki\u0173 kaip poliuretanas arba nitrilo kau\u010diukas, yra b\u016btini norint u\u017etikrinti cilindro ilgaam\u017ei\u0161kum\u0105 ir efektyvum\u0105.<\/p>\n<h3>Patvarumas<\/h3>\n<p>Str\u0117l\u0117s cilindro patvarumui \u012ftakos turi naudojamos med\u017eiagos ir konstrukcija. Cilindrai turi atlaikyti at\u0161iaurias darbo s\u0105lygas, \u012fskaitant purvo, dr\u0117gm\u0117s ir korozij\u0105 sukelian\u010di\u0173 med\u017eiag\u0173 poveik\u012f. Gerai sukonstruotas cilindras tarnaus ilgiau, tod\u0117l reik\u0117s j\u012f keisti re\u010diau.<\/p>\n<h3>Saugos funkcijos<\/h3>\n<p>Saugos aspektai apima u\u017etikrinim\u0105, kad balionas gal\u0117t\u0173 veikti be gedimo rizikos. Tai apima sl\u0117gio ma\u017einimo vo\u017etuv\u0173 ir perkrovos apsaugos sistem\u0173, kurios apsaugo nuo per didelio sl\u0117gio susidarymo, kuris gali sukelti katastrofi\u0161kus gedimus, projektavim\u0105.<\/p>\n<h3>Prieinamumas prie prie\u017ei\u016bros<\/h3>\n<p>Renkantis str\u0117l\u0117s cilindr\u0105, svarbus aspektas yra lengva prie\u017ei\u016bra. Konstrukcija, leid\u017eianti lengvai pasiekti sandariklius ir kitus komponentus, leid\u017eia lengviau atlikti \u012fprastinius patikrinimus ir remont\u0105, o tai yra labai svarbu norint pailginti cilindro tarnavimo laik\u0105.<\/p>\n<p><img decoding=\"async\" src=\"https:\/\/www.hydraulic-cylinders.net\/wp-content\/uploads\/2025\/04\/songte-oil-pipes-and-spare-parts.webp\" alt=\"Naftos vamzd\u017eiai ir atsargin\u0117s dalys\"><\/p>\n<h2>Sandarinimas ir tepimas<\/h2>\n<p>Tinkamas sandarinimas ir tepimas yra labai svarb\u016bs efektyviam hidraulini\u0173 cilindr\u0173 veikimui. \u012evair\u016bs sandarikliai, pavyzd\u017eiui, st\u016bmokli\u0173 ir kot\u0173 sandarikliai, atlieka gyvybi\u0161kai svarb\u0173 vaidmen\u012f u\u017ekertant keli\u0105 nuot\u0117kiams ir palaikant sl\u0117g\u012f. Sandarinimo med\u017eiag\u0173, toki\u0173 kaip poliuretanas ir nitrilo kau\u010diukas, pasirinkimas yra labai svarbus siekiant u\u017etikrinti ilgaam\u017ei\u0161kum\u0105 ir atsparum\u0105 dilimui. Cilindro korpuso ir sriegini\u0173 gal\u0173 pavir\u0161iai turi b\u016bti kruop\u0161\u010diai apdirbti, kad padid\u0117t\u0173 atsparumas dilimui. Reguliarus tepimas hidrauline alyva yra b\u016btinas norint u\u017etikrinti skland\u0173 veikim\u0105 ir i\u0161vengti sistemos susid\u0117v\u0117jimo.<\/p>\n<h2>Reguliari prie\u017ei\u016bra ir prevencin\u0117s priemon\u0117s<\/h2>\n<ul>\n<li><strong>\u012eprastiniai patikrinimai:<\/strong> Labai svarbu reguliariai tikrinti str\u0117l\u0117s cilindr\u0105, kad b\u016bt\u0173 nustatyti bet kokie susid\u0117v\u0117jimo ar pa\u017eeidimo po\u017eymiai. Ie\u0161kokite hidraulinio skys\u010dio nuot\u0117ki\u0173, kurie gali rodyti sandariklio gedim\u0105 arba pa\u017eeistus komponentus.<\/li>\n<li><strong>Tinkamas tepimas:<\/strong> \u012esitikinkite, kad cilindras yra tinkamai suteptas pagal gamintojo nurodymus. Nepakankamas sutepimas gali padidinti trint\u012f ir sukelti prie\u0161laikin\u012f vidini\u0173 komponent\u0173 susid\u0117v\u0117jim\u0105.<\/li>\n<li><strong>Sandariklio keitimas:<\/strong> Reguliariai tikrinkite sandariklius, ar jie nesusid\u0117v\u0117j\u0119, ir prireikus pakeiskite juos, kad i\u0161laikytum\u0117te optimal\u0173 veikim\u0105 ir i\u0161vengtum\u0117te nuot\u0117ki\u0173.<\/li>\n<\/ul>\n<h2>\u012erengimo gair\u0117s<\/h2>\n<p>Tinkamas str\u0117l\u0117s cilindro montavimas yra b\u016btinas norint u\u017etikrinti jo ilgaam\u017ei\u0161kum\u0105 ir na\u0161um\u0105. Pirmiausia \u012fsitikinkite, kad tvirtinimo pavir\u0161iai yra \u0161var\u016bs ir be \u0161iuk\u0161li\u0173. Naudokite tinkamus tvirtinimo laikiklius, kad pritvirtintum\u0117te cilindr\u0105 vietoje, u\u017etikrindami, kad jis b\u016bt\u0173 tinkamai sulygiuotas, kad b\u016bt\u0173 i\u0161vengta per didelio sandarikli\u0173 ir komponent\u0173 \u012ftempimo. Priver\u017edami tvirtinimo detales, laikykit\u0117s gamintojo nurodyt\u0173 sukimo moment\u0173 specifikacij\u0173, kad i\u0161vengtum\u0117te per didelio priver\u017eimo, kuris gali sukelti pa\u017eeidimus. Sumontav\u0119 patikrinkite cilindro jud\u0117jim\u0105, kad \u012fsitikintum\u0117te, jog jis veikia skland\u017eiai, ir patikrinkite, ar n\u0117ra nuot\u0117ki\u0173.<\/p>\n<h2>\u012eprastos prie\u017ei\u016bros u\u017eduotys<\/h2>\n<ul>\n<li><strong>Reguliar\u016bs patikrinimai:<\/strong> Reguliariai tikrinkite, ar n\u0117ra nusid\u0117v\u0117jimo ar nuot\u0117ki\u0173 po\u017eymi\u0173, nes ankstyvas aptikimas gali pad\u0117ti i\u0161vengti rimtesni\u0173 problem\u0173.<\/li>\n<li><strong>Tinkamas tepimas:<\/strong> \u012esitikinkite, kad hidraulin\u0117s alyvos lygis yra pakankamas ir kad cilindras yra suteptas pagal gamintojo rekomendacijas.<\/li>\n<li><strong>Sandariklio keitimo ir kalibravimo patikrinimai:<\/strong> Prireikus pakeiskite sandariklius ir \u012fsitikinkite, kad atliekami pakeitimai, siekiant i\u0161laikyti cilindro efektyvum\u0105.<\/li>\n<\/ul>\n<h2>Saugos aspektai ir aplinkos veiksniai<\/h2>\n<p>Naudojant hidraulinius cilindrus, labai svarbu \u012fdiegti saugos priemones. Operatoriai tur\u0117t\u0173 b\u016bti apmokyti atpa\u017einti galimus pavojus ir naudoti \u012frang\u0105 nevir\u0161ijant jos eksploatavimo rib\u0173. Be to, tinkama prie\u017ei\u016bra ir reguliari ap\u017ei\u016bra gali pad\u0117ti i\u0161vengti nelaiming\u0173 atsitikim\u0173 ir \u017ealos aplinkai, kuri\u0105 sukelia hidraulini\u0173 skys\u010di\u0173 i\u0161siliejimas.<\/p>\n<h2>Da\u017eniausiai pasitaikan\u010di\u0173 problem\u0173 \u0161alinimas<\/h2>\n<ul>\n<li><strong>Nuot\u0117kis:<\/strong> Jei i\u0161 cilindro teka hidraulinis skystis, patikrinkite, ar sandarikliai n\u0117ra susid\u0117v\u0117j\u0119 ar pa\u017eeisti, ir prireikus juos pakeiskite.<\/li>\n<li><strong>L\u0117tas veikimas:<\/strong> Jei str\u0117l\u0117s cilindras juda l\u0117\u010diau nei \u012fprastai, patikrinkite hidraulinio skys\u010dio lyg\u012f ir \u012fsitikinkite, kad hidraulin\u0117se linijose n\u0117ra u\u017esikim\u0161im\u0173.<\/li>\n<li><strong>Nenuoseklus jud\u0117jimas:<\/strong> Tai gali rodyti or\u0105 hidraulin\u0117je sistemoje arba netinkam\u0105 lygiavim\u0105; prireikus i\u0161leiskite or\u0105 i\u0161 sistemos ir patikrinkite lygiavim\u0105.<\/li>\n<\/ul>\n<p>Profilaktikai reguliariai tikrinkite hidraulin\u0117s sistemos vientisum\u0105 ir palaikykite tinkam\u0105 skys\u010di\u0173 lyg\u012f, kad suma\u017eintum\u0117te problem\u0173 rizik\u0105.<\/p>\n<p><img decoding=\"async\" src=\"https:\/\/www.hydraulic-cylinders.net\/wp-content\/uploads\/2025\/04\/songte-bushings-with-all-kinds-of-excavator-models.webp\" alt=\"\u012evor\u0117s su ekskavatori\u0173 modeliais\"><\/p>\n<h2>Apie m\u016bs\u0173 \u012fmon\u0119<\/h2>\n<p>Esame pirmaujantis pakaitini\u0173 hidraulini\u0173 cilindr\u0173 gamintojas, si\u016blantis plat\u0173 gamini\u0173 asortiment\u0105, i\u0161skiriant\u012f mus tiek vietin\u0117se, tiek tarptautin\u0117se rinkose. M\u016bs\u0173 \u012fsipareigojim\u0105 siekti meistri\u0161kumo palaiko rafinuota gamybos valdymo strategija, u\u017etikrinanti auk\u0161t\u0105 kokyb\u0119 pasitelkiant pa\u017eangias technologijas ir kvalifikuot\u0105 darbo j\u0117g\u0105. Nuolat tobuliname savo gamybos paj\u0117gumus, efektyviai, tiksliai ir auk\u0161\u010diausia kokybe patenkindami \u012fvairius klient\u0173 poreikius.<\/p>\n<ul>\n<li><strong>Profesin\u0117 kompetencija:<\/strong> M\u016bs\u0173 komand\u0105 sudaro auk\u0161tos kvalifikacijos specialistai, atsidav\u0119 teikti auk\u0161\u010diausios kokyb\u0117s hidraulinius sprendimus.<\/li>\n<li><strong>Tarptautiniai sertifikatai:<\/strong> M\u016bs\u0173 gaminiai atitinka tarptautinius standartus, u\u017etikrinan\u010dius patikimum\u0105 ir saug\u0105 visose pramon\u0117s \u0161akose.<\/li>\n<li><strong>Individual\u016bs sprendimai:<\/strong> Si\u016blome individualiai pritaikytus sprendimus, atitinkan\u010dius konkre\u010dius reikalavimus, u\u017etikrindami klient\u0173 pasitenkinim\u0105.<\/li>\n<li><strong>Pa\u017eangi gamybos \u012franga:<\/strong> Pa\u017eangiausi\u0173 technologij\u0173 naudojimas gamybos procesuose pagerina m\u016bs\u0173 gamini\u0173 kokyb\u0119.<\/li>\n<li><strong>I\u0161samus aptarnavimas po pardavimo:<\/strong> Mes teikiame nuolatin\u0119 pagalb\u0105 ir paslaugas, siekdami u\u017etikrinti, kad m\u016bs\u0173 klientai pasiekt\u0173 optimal\u0173 m\u016bs\u0173 gamini\u0173 na\u0161um\u0105.<\/li>\n<\/ul>\n<p><img decoding=\"async\" src=\"https:\/\/www.hydraulic-cylinders.net\/wp-content\/uploads\/2025\/04\/songte-company-4.webp\" alt=\"\u012emon\u0117s ap\u017evalga\"><br \/>\n<img decoding=\"async\" src=\"https:\/\/www.hydraulic-cylinders.net\/wp-content\/uploads\/2025\/04\/songte-company-3.webp\" alt=\"\u012emon\u0117s patalpos\"><\/p>\n<p>Autorius: lyl<\/p>","protected":false},"excerpt":{"rendered":"<p>Boom Cylinder For Kato Small Excavator HD900-5-7 Introduction to the Boom Cylinder The Boom Cylinder, specifically designed for Kato&#8217;s small excavator HD900-5-7, is a crucial component in the hydraulic system of heavy machinery. It serves to control the movement of the boom, enabling tasks such as lifting, lowering, and tilting. This hydraulic cylinder plays an [&hellip;]<\/p>","protected":false},"featured_media":17877,"comment_status":"open","ping_status":"closed","template":"","meta":{"_et_pb_use_builder":"","_et_pb_old_content":"","_et_gb_content_width":""},"product_brand":[],"product_cat":[1546],"product_tag":[1547,1496],"class_list":{"0":"post-19734","1":"product","2":"type-product","3":"status-publish","4":"has-post-thumbnail","6":"product_cat-boom-cylinders","7":"product_tag-boom-cylinders","8":"product_tag-hydraulic-cylinders","10":"first","11":"instock","12":"shipping-taxable","13":"product-type-simple"},"amp_enabled":true,"_links":{"self":[{"href":"https:\/\/www.hydraulic-cylinders.net\/lt\/wp-json\/wp\/v2\/product\/19734","targetHints":{"allow":["GET"]}}],"collection":[{"href":"https:\/\/www.hydraulic-cylinders.net\/lt\/wp-json\/wp\/v2\/product"}],"about":[{"href":"https:\/\/www.hydraulic-cylinders.net\/lt\/wp-json\/wp\/v2\/types\/product"}],"replies":[{"embeddable":true,"href":"https:\/\/www.hydraulic-cylinders.net\/lt\/wp-json\/wp\/v2\/comments?post=19734"}],"wp:featuredmedia":[{"embeddable":true,"href":"https:\/\/www.hydraulic-cylinders.net\/lt\/wp-json\/wp\/v2\/media\/17877"}],"wp:attachment":[{"href":"https:\/\/www.hydraulic-cylinders.net\/lt\/wp-json\/wp\/v2\/media?parent=19734"}],"wp:term":[{"taxonomy":"product_brand","embeddable":true,"href":"https:\/\/www.hydraulic-cylinders.net\/lt\/wp-json\/wp\/v2\/product_brand?post=19734"},{"taxonomy":"product_cat","embeddable":true,"href":"https:\/\/www.hydraulic-cylinders.net\/lt\/wp-json\/wp\/v2\/product_cat?post=19734"},{"taxonomy":"product_tag","embeddable":true,"href":"https:\/\/www.hydraulic-cylinders.net\/lt\/wp-json\/wp\/v2\/product_tag?post=19734"}],"curies":[{"name":"wp","href":"https:\/\/api.w.org\/{rel}","templated":true}]}}