{"id":19737,"date":"2025-04-07T07:04:46","date_gmt":"2025-04-07T07:04:46","guid":{"rendered":"https:\/\/www.hydraulic-cylinders.net\/product\/boom-cylinder-for-kato-small-excavator-hd450-5-7\/"},"modified":"2025-04-07T07:04:48","modified_gmt":"2025-04-07T07:04:48","slug":"boom-cylinder-for-kato-small-excavator-hd450-5-7","status":"publish","type":"product","link":"https:\/\/www.hydraulic-cylinders.net\/lt\/produktas\/boom-cylinder-for-kato-small-excavator-hd450-5-7\/","title":{"rendered":"Kato ma\u017eo ekskavatoriaus HD450-5-7 str\u0117l\u0117s cilindras"},"content":{"rendered":"<h1>Kato ma\u017eo ekskavatoriaus HD450-5-7 str\u0117l\u0117s cilindras<\/h1>\n<h2>Produkto ap\u017evalga<\/h2>\n<p>\u201eKato Small Excavator HD450-5-7\u201c str\u0117l\u0117s cilindras yra labai svarbus ekskavatori\u0173 hidraulin\u0117s sistemos komponentas. Tai hidraulinis cilindras, specialiai sukurtas valdyti str\u0117l\u0117s jud\u0117jim\u0105 \u012fvairiose sunkiosios technikos srityse, tokiose kaip ekskavatoriai, ekskavatoriniai krautuvai ir frontaliniai krautuvai. \u0160is cilindras leid\u017eia str\u0117lei pakelti, nuleisti ir pakreipti, taip palengvinant efektyv\u0173 med\u017eiag\u0173 tvarkym\u0105.<\/p>\n<p>I\u0161 esm\u0117s, kau\u0161o cilindras yra hidraulinio cilindro tipas, kuris veikia naudodamas susl\u0117gt\u0105 hidraulin\u012f skyst\u012f judesiui sukurti. Jo pritaikymas yra labai svarbus statybose ir sunkiosiose ma\u0161inose, nes leid\u017eia tiksliai valdyti, pagerinti efektyvum\u0105 ir eksploatacines galimybes. Tvirta konstrukcija ir patikimas str\u0117l\u0117s cilindro veikimas daro j\u012f nepakei\u010diama bet kurios kasimo \u012frangos dalimi.<\/p>\n<p><img decoding=\"async\" src=\"https:\/\/www.hydraulic-cylinders.net\/wp-content\/uploads\/2025\/04\/songte-company-1.webp\" alt=\"Str\u0117l\u0117s cilindro vaizdas\"><\/p>\n<h2>Pagrindin\u0117s savyb\u0117s<\/h2>\n<ul>\n<li><strong>Didelis stiprumas ir ilgaam\u017ei\u0161kumas:<\/strong> Pagamintas i\u0161 didelio stiprumo plieno arba aliuminio, \u0161is cilindras gali atlaikyti auk\u0161t\u0105 sl\u0117g\u012f ir dideles apkrovas. Jo konstrukcija atsi\u017evelg\u0117 \u012f atsparum\u0105 dilimui ir korozijai, tod\u0117l pailg\u0117ja jo tarnavimo laikas.<\/li>\n<li><strong>Efektyvus hidraulinis valdymas:<\/strong> Cilindras naudoja hidraulin\u0117s alyvos sl\u0117g\u012f, kad skland\u017eiai i\u0161siskleist\u0173 ir susitraukt\u0173, greitai reaguot\u0173 \u012f operatoriaus komandas ir u\u017etikrint\u0173 stipri\u0105 st\u016bmimo bei traukimo j\u0117g\u0105, idealiai tinkan\u010di\u0105 sunkiems daiktams tvarkyti ir sud\u0117tingoms u\u017eduotims atlikti.<\/li>\n<li><strong>\u012evair\u016bs tipai:<\/strong> Galima \u012fsigyti tiek vienpusio veikimo (naudojant hidraulin\u012f sl\u0117g\u012f viena kryptimi), tiek dvipusio veikimo (naudojant hidraulin\u012f sl\u0117g\u012f abiem kryptimis) konfig\u016bracij\u0173, kad atitikt\u0173 \u012fvairius eksploatacinius reikalavimus. Kai kurie modeliai yra teleskopiniai, tod\u0117l juos galima labiau i\u0161tiesti nedidinant i\u0161orini\u0173 matmen\u0173, tod\u0117l jie tinka naudoti ribotoje erdv\u0117je.<\/li>\n<li><strong>Suderinamumas:<\/strong> M\u016bs\u0173 gaminiai sukurti taip, kad puikiai pakeist\u0173 \u012fvairius hidraulinius cilindrus, u\u017etikrinant skland\u0173 integravim\u0105 su esama technika.<\/li>\n<li><strong>Kokyb\u0117s u\u017etikrinimas:<\/strong> Kiekvienas cilindras yra grie\u017etai testuojamas, kad atitikt\u0173 tarptautinius kokyb\u0117s standartus, u\u017etikrinant patikimum\u0105 ir na\u0161um\u0105 lauke.<\/li>\n<\/ul>\n<p><img decoding=\"async\" src=\"https:\/\/www.hydraulic-cylinders.net\/wp-content\/uploads\/2025\/04\/songte-cylinder-head-with-all-kinds-excavator-models.webp\" alt=\"Ekskavatori\u0173 modeli\u0173 vaizdas\"><\/p>\n<h2>Str\u0117l\u0117s cilindro pritaikymas<\/h2>\n<h3>Statybin\u0117 \u012franga<\/h3>\n<p>Ekskavatoriuose str\u0117l\u0117s cilindrai yra gyvybi\u0161kai svarb\u016bs kasant, kraunant ir perkeliant \u017eem\u0119 ar \u0161iuk\u0161les. Jie suteikia reikiam\u0105 j\u0117g\u0105 str\u0117lei pakelti, leisdami operatoriams efektyviai kasti. Ekskavatoriuose-krautuvuose str\u0117l\u0117s cilindras padeda tiek kasti, tiek kelti, tod\u0117l yra b\u016btinas \u012frankis atliekant \u012fvairias statybos u\u017eduotis.<\/p>\n<h3>\u017dem\u0117s \u016bkio technika<\/h3>\n<p>Priekiniuose krautuvuose str\u0117l\u0117s cilindrai naudojami dirvo\u017eemiui, \u0161ienui ir kitoms med\u017eiagoms semti, kelti ir transportuoti. Jie leid\u017eia operatoriams efektyviai atlikti \u017eem\u0117s \u016bkio u\u017eduotis, didinant produktyvum\u0105 \u016bkiuose ir \u017eem\u0117s \u016bkio paskirties vietose.<\/p>\n<h3>Ekskavatoriai<\/h3>\n<p>Ekskavatoriuose str\u0117l\u0117s cilindras palengvina kasimo veiksm\u0105, leisdamas kau\u0161ui efektyviai \u012fsiskverbti \u012f dirv\u0105. \u0160i galimyb\u0117 yra labai svarbi kasimo projektuose, kur norint perkelti didelius \u017eem\u0117s kiekius, b\u016btinas tikslumas ir galia.<\/p>\n<h3>Krautuvai<\/h3>\n<p>Priekiniuose krautuvuose str\u0117l\u0117s cilindrai padeda efektyviai kelti ir i\u0161versti krovinius. Jie suteikia reikiam\u0105 j\u0117g\u0105 sunkioms med\u017eiagoms kelti ir u\u017etikrina, kad operatoriai gal\u0117t\u0173 saugiai ir efektyviai atlikti savo u\u017eduotis.<\/p>\n<h2>Projektavimo aspektai ir atrankos kriterijai<\/h2>\n<h3>Keliamoji galia<\/h3>\n<p>Renkantis str\u0117l\u0117s cilindr\u0105, svarbiausias aspektas yra keliamoji galia. Ji lemia maksimal\u0173 svor\u012f, kur\u012f cilindras gali saugiai atlaikyti, kartu u\u017etikrindamas kasimo ma\u0161in\u0173 na\u0161um\u0105. Gerai suprojektuotas cilindras tur\u0117t\u0173 atitikti konkre\u010dius taikymo apkrovos reikalavimus be gedimo rizikos.<\/p>\n<h3>Sandarumo vientisumas<\/h3>\n<p>Hidraulinio cilindro sandarinimo sistema yra labai svarbi jo efektyvumui ir ilgaam\u017ei\u0161kumui. Auk\u0161tos kokyb\u0117s sandarikliai apsaugo nuo hidraulinio skys\u010dio nuot\u0117kio, palaiko sl\u0117g\u012f ir na\u0161um\u0105. Tinkamas sandarinimas taip pat suma\u017eina prie\u017ei\u016bros poreik\u012f ir padidina eksploatacin\u012f patikimum\u0105, tod\u0117l jis yra b\u016btinas projektavimo etape.<\/p>\n<h3>Patvarumas<\/h3>\n<p>Hidrauliniams cilindrams, ypa\u010d dirbant at\u0161iauriomis darbo s\u0105lygomis, labai svarbi patvari konstrukcija. Naudojamos med\u017eiagos turi b\u016bti atsparios dilimui, korozijai ir nuovargiui laikui b\u0117gant, u\u017etikrinant, kad cilindras i\u0161likt\u0173 funkcionalus ekstremaliomis s\u0105lygomis. Patvarumas tiesiogiai veikia \u012frangos prie\u017ei\u016bros da\u017enum\u0105 ir bendras gyvavimo ciklo s\u0105naudas.<\/p>\n<h3>Saugos funkcijos<\/h3>\n<p>Saugos funkcij\u0173 \u012ftraukimas \u012f hidraulini\u0173 cilindr\u0173 konstrukcij\u0105 yra b\u016btinas siekiant i\u0161vengti nelaiming\u0173 atsitikim\u0173 ir gedim\u0173. Saugos mechanizmai, tokie kaip sl\u0117gio ma\u017einimo vo\u017etuvai ir apsaugos nuo perkrovos, u\u017etikrina saug\u0173 darb\u0105, ypa\u010d dirbant su sunkia technika, kuri gali kelti pavoj\u0173, jei ji netinkamai valdoma.<\/p>\n<h3>Prie\u017ei\u016bra<\/h3>\n<p>Projektuojant atsi\u017evelgiant \u012f technin\u0117s prie\u017ei\u016bros patogum\u0105, galima lengviau remontuoti ir keisti dalis, o tai labai svarbu siekiant suma\u017einti prastovas. Prieinami komponentai ir patogus dizainas gali \u017eymiai padidinti hidraulini\u0173 sistem\u0173 ilgaam\u017ei\u0161kum\u0105 ir patikimum\u0105, tod\u0117l operatoriams lengviau palaikyti \u012frang\u0105 geriausios b\u016bkl\u0117s.<\/p>\n<p><img decoding=\"async\" src=\"https:\/\/www.hydraulic-cylinders.net\/wp-content\/uploads\/2025\/04\/songte-oil-pipes-and-spare-parts.webp\" alt=\"Naftos vamzd\u017eiai ir atsargin\u0117s dalys Vaizdas\"><\/p>\n<h2>Sandarinimas ir tepimas<\/h2>\n<p>Efektyvus sandarinimas ir tepimas yra gyvybi\u0161kai svarb\u016bs hidrauliniams cilindrams. \u012evair\u016bs sandarinimo komponentai, tokie kaip st\u016bmokli\u0173 ir kot\u0173 sandarikliai, atlieka svarb\u0173 vaidmen\u012f palaikant hidraulini\u0173 sistem\u0173 vientisum\u0105. Tarpikliai, pagaminti i\u0161 toki\u0173 med\u017eiag\u0173 kaip poliuretanas ir nitrilo kau\u010diukas, yra pageidaujami d\u0117l j\u0173 atsparumo dilimui ir ilgaam\u017ei\u0161kumo.<\/p>\n<p>Be to, cilindro korpuso ir sriegini\u0173 gal\u0173 pavir\u0161iai yra kruop\u0161\u010diai apdirbti, siekiant padidinti atsparum\u0105 dilimui. Reguliarus tepimas tinkama hidrauline alyva yra b\u016btinas norint suma\u017einti trint\u012f ir dilim\u0105, u\u017etikrinti skland\u0173 veikim\u0105 ir pailginti cilindro tarnavimo laik\u0105.<\/p>\n<h2>Prevencin\u0117s prie\u017ei\u016bros priemon\u0117s<\/h2>\n<ul>\n<li><strong>Reguliar\u016bs patikrinimai:<\/strong> Reguliariai tikrinkite, ar n\u0117ra nuot\u0117kio, susid\u0117v\u0117jimo ir pa\u017eeidim\u0173, kad \u012fsitikintum\u0117te, jog cilindras veikia tinkamai.<\/li>\n<li><strong>Tinkamas tepimas:<\/strong> Palaikykite tinkam\u0105 tepimo lyg\u012f, kad i\u0161vengtum\u0117te trinties ir perkaitimo, kurie gali sukelti prie\u0161laikin\u012f susid\u0117v\u0117jim\u0105.<\/li>\n<li><strong>Sandariklio keitimas:<\/strong> Reguliariai tikrinkite sandariklius, ar jie nesusid\u0117v\u0117j\u0119, ir prireikus pakeiskite juos, kad i\u0161vengtum\u0117te nuot\u0117ki\u0173 ir i\u0161laikytum\u0117te hidraulin\u012f efektyvum\u0105.<\/li>\n<\/ul>\n<h2>\u012erengimo gair\u0117s<\/h2>\n<p>Tinkamas str\u0117l\u0117s cilindro montavimas yra labai svarbus optimaliam veikimui. Pirmiausia \u012fsitikinkite, kad visi tvirtinimo laikikliai ir detal\u0117s yra \u0161var\u016bs ir be \u0161iuk\u0161li\u0173. Tiksliai sulygiuokite cilindr\u0105 su tvirtinimo ta\u0161kais, kad i\u0161vengtum\u0117te per didelio cilindro \u012ftempimo. Rekomenduojama naudoti tinkamus tvirtinimo laikiklius cilindrui pritvirtinti, kad suma\u017eintum\u0117te jud\u0117jim\u0105 darbo metu.<\/p>\n<p>Montuodami \u012fsitikinkite, kad hidraulin\u0117s linijos yra tvirtai prijungtos ir be u\u017elenkim\u0173, kurie gal\u0117t\u0173 riboti sraut\u0105. Po montavimo i\u0161leiskite or\u0105 i\u0161 hidraulin\u0117s sistemos, kad pa\u0161alintum\u0117te visas oro ki\u0161enes, ir u\u017etikrinkite, kad cilindras veikt\u0173 skland\u017eiai. Galiausiai patikrinkite cilindr\u0105 apkrovos s\u0105lygomis, kad patikrintum\u0117te \u012frenginio vientisum\u0105.<\/p>\n<h2>Prie\u017ei\u016bros u\u017eduotys<\/h2>\n<ul>\n<li><strong>Reguliar\u016bs patikrinimai:<\/strong> Atlikite vizualinius patikrinimus, kad nustatytum\u0117te galimas problemas, kol jos nepa\u016bm\u0117jo. Ie\u0161kokite susid\u0117v\u0117jimo po\u017eymi\u0173, nuot\u0117ki\u0173 ir atsilaisvinusi\u0173 jung\u010di\u0173.<\/li>\n<li><strong>Tinkamas tepimas:<\/strong> \u012esitikinkite, kad cilindras yra tinkamai suteptas tinkama hidrauline alyva, atsi\u017evelgiant \u012f gamintojo specifikacijas.<\/li>\n<li><strong>Sandariklio keitimas:<\/strong> Reguliariai tikrinkite sandariklius, ar jie nesusid\u0117v\u0117j\u0119, ir prireikus juos pakeiskite, kad i\u0161laikytum\u0117te efektyvum\u0105 ir i\u0161vengtum\u0117te hidraulinio skys\u010dio nuot\u0117kio.<\/li>\n<\/ul>\n<h2>Saugos aspektai<\/h2>\n<p>Hidraulini\u0173 cilindr\u0173 eksploatavimo metu itin svarbu \u012fdiegti saugos protokolus. Operatoriai visada tur\u0117t\u0173 d\u0117v\u0117ti tinkamas asmenines apsaugos priemones (AAP) ir laikytis saugaus darbo proced\u016br\u0173, kad suma\u017eint\u0173 su hidrauline \u012franga susijusi\u0105 rizik\u0105. Reguliar\u016bs mokymai gali pad\u0117ti u\u017etikrinti, kad visi darbuotojai \u017einot\u0173 konkre\u010dias saugos priemones, reikalingas dirbant su hidraulin\u0117mis sistemomis.<\/p>\n<h2>Gedim\u0173 diagnostika ir da\u017eniausios problemos<\/h2>\n<ul>\n<li><strong>Nuot\u0117kis:<\/strong> Da\u017ena problema, galinti rodyti susid\u0117v\u0117jusius sandariklius arba pa\u017eeistus komponentus. Operatoriai tur\u0117t\u0173 reguliariai tikrinti, ar n\u0117ra nuot\u0117ki\u0173, ir nedelsdami pakeisti pa\u017eeistus sandariklius.<\/li>\n<li><strong>L\u0117tas veikimas:<\/strong> Jei cilindras veikia l\u0117\u010diau nei \u012fprastai, tai gali reik\u0161ti hidraulinio skys\u010dio problem\u0105 arba u\u017esikim\u0161im\u0105 sistemoje, \u012f kur\u012f reikia nedelsiant atkreipti d\u0117mes\u012f.<\/li>\n<li><strong>Ne\u012fprasti garsai:<\/strong> \u010ciurks\u0117jimas ar bar\u0161k\u0117jimas gali rodyti mechanines cilindro ar hidraulin\u0117s sistemos problemas, kurias reikia nuodugniai i\u0161tirti.<\/li>\n<\/ul>\n<h2>Trik\u010di\u0173 \u0161alinimo patarimai<\/h2>\n<p>Nor\u0117dami veiksmingai diagnozuoti ir i\u0161spr\u0119sti problemas, operatoriai tur\u0117t\u0173 laikytis sistemingo po\u017ei\u016brio. Prad\u0117kite nuo simptom\u0173 nustatymo ir hidraulinio skys\u010dio lygio bei b\u016bkl\u0117s patikrinimo. \u012esitikinkite, kad visos jungtys yra sandarios ir be nuot\u0117ki\u0173. Jei problemos i\u0161lieka, gamintojo rekomendacij\u0173 per\u017ei\u016bra arba profesionalios pagalbos kreipimasis gali pad\u0117ti suprasti pagrindines problemas.<\/p>\n<p><img decoding=\"async\" src=\"https:\/\/www.hydraulic-cylinders.net\/wp-content\/uploads\/2025\/04\/songte-bushings-with-all-kinds-of-excavator-models.webp\" alt=\"\u012evor\u0117s su ekskavatori\u0173 modeliais\"><\/p>\n<h2>\u012emon\u0117s profilis<\/h2>\n<p>Esame pirmaujantis pakaitini\u0173 hidraulini\u0173 cilindr\u0173 gamintojas, si\u016blantis plat\u0173 gamini\u0173 asortiment\u0105, pritaikyt\u0105 \u012fvairiems tiek vietini\u0173, tiek tarptautini\u0173 rink\u0173 poreikiams. M\u016bs\u0173 \u012fsipareigojimas siekti meistri\u0161kumo atsispindi m\u016bs\u0173 kokybe grind\u017eiamame po\u017ei\u016bryje ir pasitelkiant sud\u0117tingas gamybos strategijas.<\/p>\n<p>Naudodami pa\u017eangi\u0105 skaitmenin\u0119 gamybos \u012frang\u0105 ir profesionalias testavimo sistemas, nuolat tobuliname savo gamybos paj\u0117gumus, u\u017etikrindami auk\u0161tus kokyb\u0117s kontrol\u0117s standartus. M\u016bs\u0173 komand\u0105 sudaro kvalifikuoti techniniai darbuotojai, atsidav\u0119 patenkinti \u012fvairius m\u016bs\u0173 klient\u0173 reikalavimus.<\/p>\n<p>M\u016bs\u0173 si\u016blomos paslaugos apima individualiai pritaikytas paslaugas, tarptautinius sertifikatus ir patikim\u0105 garantin\u012f aptarnavim\u0105 \u2013 visa tai skirta klientams suteikti patikimus sprendimus j\u0173 hidrauliniams poreikiams.<\/p>\n<p><img decoding=\"async\" src=\"https:\/\/www.hydraulic-cylinders.net\/wp-content\/uploads\/2025\/04\/songte-company-4.webp\" alt=\"\u012emon\u0117s paveiksl\u0117lis 1\"><br \/>\n<img decoding=\"async\" src=\"https:\/\/www.hydraulic-cylinders.net\/wp-content\/uploads\/2025\/04\/songte-company-3.webp\" alt=\"\u012emon\u0117s paveiksl\u0117lis 2\"><\/p>\n<p>Autorius: lyl<\/p>","protected":false},"excerpt":{"rendered":"<p>Boom Cylinder For Kato Small Excavator HD450-5-7 Product Overview The Boom Cylinder for Kato Small Excavator HD450-5-7 is a crucial component in the hydraulic system of excavators. It is a hydraulic cylinder specifically designed to control the movement of the boom in various heavy machinery applications, such as excavators, backhoe loaders, and front loaders. This [&hellip;]<\/p>","protected":false},"featured_media":17880,"comment_status":"open","ping_status":"closed","template":"","meta":{"_et_pb_use_builder":"","_et_pb_old_content":"","_et_gb_content_width":""},"product_brand":[],"product_cat":[1546],"product_tag":[1547,1496],"class_list":{"0":"post-19737","1":"product","2":"type-product","3":"status-publish","4":"has-post-thumbnail","6":"product_cat-boom-cylinders","7":"product_tag-boom-cylinders","8":"product_tag-hydraulic-cylinders","10":"first","11":"instock","12":"shipping-taxable","13":"product-type-simple"},"amp_enabled":true,"_links":{"self":[{"href":"https:\/\/www.hydraulic-cylinders.net\/lt\/wp-json\/wp\/v2\/product\/19737","targetHints":{"allow":["GET"]}}],"collection":[{"href":"https:\/\/www.hydraulic-cylinders.net\/lt\/wp-json\/wp\/v2\/product"}],"about":[{"href":"https:\/\/www.hydraulic-cylinders.net\/lt\/wp-json\/wp\/v2\/types\/product"}],"replies":[{"embeddable":true,"href":"https:\/\/www.hydraulic-cylinders.net\/lt\/wp-json\/wp\/v2\/comments?post=19737"}],"wp:featuredmedia":[{"embeddable":true,"href":"https:\/\/www.hydraulic-cylinders.net\/lt\/wp-json\/wp\/v2\/media\/17880"}],"wp:attachment":[{"href":"https:\/\/www.hydraulic-cylinders.net\/lt\/wp-json\/wp\/v2\/media?parent=19737"}],"wp:term":[{"taxonomy":"product_brand","embeddable":true,"href":"https:\/\/www.hydraulic-cylinders.net\/lt\/wp-json\/wp\/v2\/product_brand?post=19737"},{"taxonomy":"product_cat","embeddable":true,"href":"https:\/\/www.hydraulic-cylinders.net\/lt\/wp-json\/wp\/v2\/product_cat?post=19737"},{"taxonomy":"product_tag","embeddable":true,"href":"https:\/\/www.hydraulic-cylinders.net\/lt\/wp-json\/wp\/v2\/product_tag?post=19737"}],"curies":[{"name":"wp","href":"https:\/\/api.w.org\/{rel}","templated":true}]}}