{"id":19739,"date":"2025-04-07T07:04:51","date_gmt":"2025-04-07T07:04:51","guid":{"rendered":"https:\/\/www.hydraulic-cylinders.net\/product\/boom-cylinder-for-kato-small-excavator-hd820a\/"},"modified":"2025-04-07T07:04:53","modified_gmt":"2025-04-07T07:04:53","slug":"boom-cylinder-for-kato-small-excavator-hd820a","status":"publish","type":"product","link":"https:\/\/www.hydraulic-cylinders.net\/lt\/produktas\/boom-cylinder-for-kato-small-excavator-hd820a\/","title":{"rendered":"Kato ma\u017eo ekskavatoriaus HD820A str\u0117l\u0117s cilindras"},"content":{"rendered":"<h1>Kato ma\u017eo ekskavatoriaus HD820A str\u0117l\u0117s cilindras<\/h1>\n<h2>Produkto ap\u017evalga<\/h2>\n<p>\u201eKato Small Excavator HD820A\u201c str\u0117l\u0117s cilindras yra labai svarbus hidraulinis komponentas, skirtas valdyti ekskavatoriaus str\u0117l\u0117s jud\u0117jim\u0105. \u0160is hidraulinis cilindras leid\u017eia str\u0117lei kelti, nuleisti ir pakreipti, efektyviai palengvindamas \u012fvairias med\u017eiag\u0173 tvarkymo u\u017eduotis. Jis sukurtas siekiant pagerinti sunkiosios technikos, tokios kaip ekskavatoriai, ekskavatoriniai krautuvai ir frontaliniai krautuvai, eksploatavimo efektyvum\u0105. Kau\u0161o cilindras yra esmin\u0117 hidraulin\u0117s sistemos dalis, paver\u010dianti hidraulin\u012f sl\u0117g\u012f mechaniniu judesiu ir taip prisidedanti prie bendro \u012frangos na\u0161umo ir funkcionalumo.<\/p>\n<p><img decoding=\"async\" src=\"https:\/\/www.hydraulic-cylinders.net\/wp-content\/uploads\/2025\/04\/songte-company-1.webp\" alt=\"Str\u0117l\u0117s cilindras\"><\/p>\n<h3>Apibr\u0117\u017eimas ir funkcionalumas<\/h3>\n<p>Kau\u0161o cilindras, kaip rodo jo pavadinimas, yra hidraulinio cilindro tipas, specialiai sukurtas sunkiosios technikos kau\u0161\u0173 jud\u0117jimui valdyti. Jis atlieka gyvybi\u0161kai svarb\u0173 vaidmen\u012f hidraulin\u0117se sistemose, nes paver\u010dia hidraulin\u0119 energij\u0105 mechaniniu darbu. Tai leid\u017eia operatoriams tiksliai ir kontroliuojamai atlikti tokias u\u017eduotis kaip kasimas, k\u0117limas ir pakreipimas. Kau\u0161o cilindro suteikiamas veikimo lankstumas yra b\u016btinas \u012fvairioms statybos ir \u017eem\u0117s \u016bkio reikm\u0117ms, tod\u0117l jis yra nepakei\u010diamas \u012frankis pramon\u0117je.<\/p>\n<h2>Str\u0117l\u0117s cilindro savyb\u0117s<\/h2>\n<ul>\n<li><strong>Didelis stiprumas ir ilgaam\u017ei\u0161kumas:<\/strong> Pagamintas i\u0161 didelio stiprumo plieno arba aliuminio, str\u0117l\u0117s cilindras yra sukurtas taip, kad atlaikyt\u0173 auk\u0161t\u0105 sl\u0117g\u012f ir dideles apkrovas, tod\u0117l tinka at\u0161iaurioms darbo s\u0105lygoms.<\/li>\n<li><strong>Efektyvus hidraulinis valdymas:<\/strong> Jis naudoja hidraulin\u0117s alyvos sl\u0117g\u012f, kad u\u017etikrint\u0173 skland\u0173 ir greit\u0105 i\u0161pl\u0117tim\u0105 bei \u012ftraukim\u0105, u\u017etikrindamas galingas st\u016bmimo ir traukimo galimybes, idealiai tinkan\u010dias sunki\u0173 med\u017eiag\u0173 tvarkymui.<\/li>\n<li><strong>\u012evair\u016bs tipai:<\/strong> Str\u0117l\u0117s cilindras b\u016bna \u012fvairi\u0173 konfig\u016bracij\u0173, pavyzd\u017eiui, vienpusio veikimo (veikiantis viena kryptimi) ir dvipusio veikimo (veikiantis abiem kryptimis), tod\u0117l j\u012f galima pritaikyti pagal eksploatacinius poreikius.<\/li>\n<li><strong>Viet\u0105 taupantis dizainas:<\/strong> Kai kurie modeliai pasi\u017eymi teleskopine konstrukcija, leid\u017eian\u010dia didesn\u012f i\u0161pl\u0117tim\u0105 i\u0161laikant kompakti\u0161k\u0105 i\u0161orin\u012f dyd\u012f, tod\u0117l tinka naudoti ribotoje erdv\u0117je.<\/li>\n<li><strong>Prie\u017ei\u016bros paprastumas:<\/strong> Konstrukcijoje numatytos funkcijos, kurios palengvina prieig\u0105 prie prie\u017ei\u016bros ir remonto darb\u0173, u\u017etikrinant ilgesn\u012f tarnavimo laik\u0105.<\/li>\n<\/ul>\n<p>Mes galime pagaminti \u0161\u012f gamin\u012f, o m\u016bs\u0173 cilindrai gali puikiai pakeisti \u012fvairius hidraulinius cilindrus.<\/p>\n<p><img decoding=\"async\" src=\"https:\/\/www.hydraulic-cylinders.net\/wp-content\/uploads\/2025\/04\/songte-cylinder-head-with-all-kinds-excavator-models.webp\" alt=\"Ekskavatori\u0173 modeliai\"><\/p>\n<h2>Taikymo scenarijai<\/h2>\n<h3>Statybin\u0117 \u012franga<\/h3>\n<p>Ekskavatoriuose str\u0117l\u0117s cilindras yra labai svarbus kasant, kraunant ir perkeliant \u017eem\u0119 ar \u0161iuk\u0161les. Jo konstrukcija leid\u017eia tiksliai valdyti kau\u0161o pad\u0117t\u012f, tod\u0117l galima efektyviai atlikti kasimo ir med\u017eiag\u0173 tvarkymo darbus. Be to, ekskavatoriuose-krautuvuose str\u0117l\u0117s cilindras prisideda prie kasimo ir k\u0117limo galimybi\u0173, padidindamas \u012frangos universalum\u0105.<\/p>\n<h3>\u017dem\u0117s \u016bkio technika<\/h3>\n<p>Priekiniuose krautuvuose str\u0117l\u0117s cilindras atlieka gyvybi\u0161kai svarb\u0173 vaidmen\u012f semiant, keliant ir transportuojant dirvo\u017eem\u012f, \u0161ien\u0105 ir kitas med\u017eiagas. Hidraulinis valdymas leid\u017eia operatoriams lengvai valdyti sunkius krovinius, taip pagerinant produktyvum\u0105 tiek \u016bkiuose, tiek statybviet\u0117se.<\/p>\n<h3>Ekskavatoriai<\/h3>\n<p>Str\u0117l\u0117s cilindras palengvina kasimo veiksm\u0105, leisdamas kau\u0161ui efektyviai \u012fsiskverbti \u012f dirv\u0105. \u0160is hidraulinis komponentas u\u017etikrina skland\u0173 ir kontroliuojam\u0105 jud\u0117jim\u0105, kuris yra b\u016btinas norint pasiekti tiksl\u0173 kasimo gyl\u012f ir i\u0161laikyti aplinkin\u0117s teritorijos vientisum\u0105.<\/p>\n<h3>Krautuvai<\/h3>\n<p>Priekiniuose krautuvuose str\u0117l\u0117s cilindrai padeda efektyviai pakelti ir i\u0161versti med\u017eiagas. Galimyb\u0117 valdyti kau\u0161o kamp\u0105 ir auk\u0161t\u012f yra labai svarbi efektyviam med\u017eiag\u0173 i\u0161d\u0117stymui, o tai padidina bendr\u0105 krautuvo veikimo efektyvum\u0105.<\/p>\n<h2>Projektavimo aspektai ir atrankos kriterijai<\/h2>\n<h3>Keliamoji galia<\/h3>\n<p>Keliamoji galia yra esminis str\u0117l\u0117s cilindr\u0173 projektavimo aspektas. Ji lemia maksimal\u0173 svor\u012f, kur\u012f cilindras gali saugiai pakelti ir valdyti. In\u017einieriai turi atid\u017eiai apskai\u010diuoti apkrovos reikalavimus, atsi\u017evelgdami \u012f numatyt\u0105 ma\u0161inos paskirt\u012f ir tvarkomas med\u017eiagas. Nepakankamos keliamosios galios cilindras gali sukelti mechanin\u012f gedim\u0105, kelti pavoj\u0173 saugai ir sutrikdyti eksploatacij\u0105.<\/p>\n<h3>Sandarinimo efektyvumas<\/h3>\n<p>Sandarumo savyb\u0117s yra labai svarbios norint i\u0161laikyti hidraulin\u012f efektyvum\u0105. Auk\u0161tos kokyb\u0117s sandarikliai apsaugo nuo skys\u010di\u0173 nuot\u0117kio, u\u017etikrindami, kad hidraulin\u0117 sistema veikt\u0173 optimaliu sl\u0117gio lygiu. Prastas sandarinimas gali suma\u017einti gali\u0105 ir padidinti komponent\u0173 susid\u0117v\u0117jim\u0105. Tod\u0117l tinkam\u0173 sandarikli\u0173 med\u017eiag\u0173 ir konstrukcij\u0173 pasirinkimas yra labai svarbus str\u0117l\u0117s cilindro ilgaam\u017ei\u0161kumui ir efektyvumui.<\/p>\n<h3>Patvarumas<\/h3>\n<p>Hidrauliniams cilindrams, veikiantiems sud\u0117tingomis s\u0105lygomis, ilgaam\u017ei\u0161kumas yra b\u016btinas. Konstrukcijoje naudojamos med\u017eiagos turi b\u016bti atsparios dilimui, korozijai ir kitiems \u017ealingiems veiksniams. Reguliarus cilindro ilgaam\u017ei\u0161kumo vertinimas gali pad\u0117ti i\u0161vengti gedim\u0173 ir pailginti tarnavimo laik\u0105, o tai galiausiai suma\u017eina prie\u017ei\u016bros i\u0161laidas ir padidina efektyvum\u0105.<\/p>\n<h3>Saugos funkcijos<\/h3>\n<p>Saugos funkcij\u0173 integravimas \u012f str\u0117l\u0117s cilindr\u0173 konstrukcij\u0105 yra gyvybi\u0161kai svarbus siekiant apsaugoti operatorius ir \u012frang\u0105. Tai apima sl\u0117gio ma\u017einimo vo\u017etuv\u0173 \u012frengim\u0105, siekiant i\u0161vengti perkrovos ir u\u017etikrinti, kad visi komponentai atitikt\u0173 saugos standartus. Norint suma\u017einti su hidraulin\u0117mis operacijomis susijusi\u0105 rizik\u0105, b\u016btina reguliariai tikrinti ir laikytis saugos protokol\u0173.<\/p>\n<h3>Prieinamumas prie prie\u017ei\u016bros<\/h3>\n<p>Str\u0117l\u0117s cilindr\u0173 projektavimas taip, kad jie b\u016bt\u0173 lengvai prieinami technin\u0117s prie\u017ei\u016bros metu, u\u017etikrina, kad remont\u0105 b\u016bt\u0173 galima atlikti greitai ir efektyviai. Tokios savyb\u0117s kaip lengvai prieinamos tepimo angos ir skaidr\u016bs skys\u010di\u0173 lygio rezervuarai gali gerokai pagerinti technin\u0117s prie\u017ei\u016bros patirt\u012f, leid\u017eiant laiku imtis veiksm\u0173, kurie pad\u0117t\u0173 i\u0161vengti rimtesni\u0173 problem\u0173 v\u0117liau.<\/p>\n<p><img decoding=\"async\" src=\"https:\/\/www.hydraulic-cylinders.net\/wp-content\/uploads\/2025\/04\/songte-oil-pipes-and-spare-parts.webp\" alt=\"Naftos vamzd\u017eiai ir atsargin\u0117s dalys\"><\/p>\n<h2>Sandarinimas ir tepimas<\/h2>\n<p>Sandarinimas ir tepimas yra pagrindiniai str\u0117l\u0117s cilindr\u0173 efektyvumo palaikymo aspektai. \u012evair\u016bs sandarinimo komponentai, tokie kaip st\u016bmokli\u0173 ir stryp\u0173 sandarikliai, atlieka labai svarb\u0173 vaidmen\u012f u\u017ekertant keli\u0105 skys\u010di\u0173 nuot\u0117kiui ir u\u017etikrinant veikimo efektyvum\u0105. Sandarikliai da\u017enai gaminami i\u0161 patvari\u0173 med\u017eiag\u0173, toki\u0173 kaip poliuretanas ir nitrilo kau\u010diukas, kurios atsparios dilimui ir aplinkos veiksniams.<\/p>\n<p>Be to, cilindro korpusas ir srieginiai galiniai pavir\u0161iai yra kruop\u0161\u010diai apdorojami, siekiant padidinti j\u0173 atsparum\u0105 dilimui. Norint suma\u017einti trint\u012f ir dilim\u0105, b\u016btina reguliariai tepti tinkama hidrauline alyva, o tai ilgaam\u017ei\u0161kum\u0105.<\/p>\n<h2>Reguliar\u016bs patikrinimai ir prevencin\u0117s prie\u017ei\u016bros priemon\u0117s<\/h2>\n<ul>\n<li><strong>\u012eprastiniai patikrinimai:<\/strong> Reik\u0117t\u0173 reguliariai tikrinti, ar n\u0117ra susid\u0117v\u0117jimo ar pa\u017eeidim\u0173 po\u017eymi\u0173. Tai apima sandarikli\u0173, \u017earn\u0173 ir cilindro korpuso patikrinim\u0105, ar n\u0117ra nuot\u0117ki\u0173 ar \u012ftr\u016bkim\u0173.<\/li>\n<li><strong>Tinkamas tepimas:<\/strong> Norint u\u017etikrinti skland\u0173 veikim\u0105, labai svarbu u\u017etikrinti tinkam\u0105 hidraulin\u0117s sistemos sutepim\u0105. Operatoriai tur\u0117t\u0173 laikytis gamintojo nurodym\u0173 d\u0117l tepimo da\u017enumo ir alyvos tipo.<\/li>\n<li><strong>Sandariklio keitimas:<\/strong> Reguliariai kei\u010diant susid\u0117v\u0117jusius sandariklius galima i\u0161vengti nuot\u0117ki\u0173 ir palaikyti sistemos sl\u0117g\u012f. Operatoriai tur\u0117t\u0173 b\u016bti apmokyti atpa\u017einti, kada reikia keisti sandariklius.<\/li>\n<\/ul>\n<h2>Produkto diegimo vadovas<\/h2>\n<p>Tinkamas str\u0117l\u0117s cilindro montavimas yra b\u016btinas optimaliam veikimui. Nor\u0117dami tiksliai sumontuoti, atlikite \u0161iuos veiksmus:<\/p>\n<ol>\n<li><strong>Paruo\u0161imas:<\/strong> \u012esitikinkite, kad visi montavimui reikalingi komponentai yra prieinami ir geros b\u016bkl\u0117s.<\/li>\n<li><strong>Lygiavimas:<\/strong> Tinkamai sulygiuokite cilindr\u0105 su tvirtinimo ta\u0161kais, naudodami tinkamus tvirtinimo \u012ftaisus, kad i\u0161vengtum\u0117te nesuderinamumo.<\/li>\n<li><strong>Saugus tvirtinimas:<\/strong> Cilindrui pritvirtinti naudokite tinkamus tvirtinimo elementus ir gamintojo rekomenduojamus sukimo momentus. Per stiprus priver\u017eimas gali j\u012f pa\u017eeisti.<\/li>\n<li><strong>Hidraulin\u0117s jungtys:<\/strong> Prijunkite hidraulines \u017earnas prie cilindro, u\u017etikrindami, kad jos b\u016bt\u0173 tinkamai pritvirtintos, kad neb\u016bt\u0173 nuot\u0117ki\u0173.<\/li>\n<li><strong>Sl\u0117gio bandymas:<\/strong> \u012edieg\u0119 sistem\u0105, atlikite sl\u0117gio bandym\u0105, kad \u012fsitikintum\u0117te, jog ji veikia tinkamai ir n\u0117ra nuot\u0117ki\u0173.<\/li>\n<\/ol>\n<h2>Prie\u017ei\u016bros u\u017eduotys<\/h2>\n<ul>\n<li><strong>\u012eprastiniai patikrinimai:<\/strong> Reguliariai atlikite patikrinimus, kad nustatytum\u0117te galimas problemas, kol jos nepa\u016bm\u0117jo. Tai apima skys\u010di\u0173 lygio steb\u0117jim\u0105 ir nuot\u0117ki\u0173 patikrinim\u0105.<\/li>\n<li><strong>Tinkamas tepimas:<\/strong> Tinkamai tepkite, kad suma\u017eintum\u0117te judan\u010di\u0173 dali\u0173 trint\u012f ir nusid\u0117v\u0117jim\u0105. Laikykit\u0117s gamintojo rekomendacij\u0173 d\u0117l alyvos tipo ir keitimo interval\u0173.<\/li>\n<li><strong>Sandariklio keitimas:<\/strong> Reguliariai tikrinkite sandariklius, ar jie nesusid\u0117v\u0117j\u0119, ir prireikus juos pakeiskite. Tai padeda i\u0161laikyti hidraulin\u012f efektyvum\u0105 ir i\u0161vengti nuot\u0117ki\u0173.<\/li>\n<\/ul>\n<h2>Saugos aspektai ir aplinkos veiksniai<\/h2>\n<p>Saugus naudojimasis hidrauline \u012franga yra labai svarbus. Operatoriai tur\u0117t\u0173 laikytis saugos protokol\u0173, kad suma\u017eint\u0173 rizik\u0105. Tai apima tinkam\u0173 asmenini\u0173 apsaugos priemoni\u0173 (AAP) d\u0117v\u0117jim\u0105 ir eksploatavimo gairi\u0173 laikym\u0105si. Taip pat reik\u0117t\u0173 atsi\u017evelgti \u012f aplinkosaugos aspektus, pavyzd\u017eiui, u\u017etikrinti, kad hidrauliniai skys\u010diai nenutek\u0117t\u0173 \u012f \u017eem\u0119, taip u\u017ekertant keli\u0105 dirvo\u017eemio u\u017eter\u0161imui. Ekologi\u0161k\u0173 praktik\u0173 taikymas gali padidinti veiklos tvarum\u0105.<\/p>\n<h2>Gedim\u0173 diagnostika ir da\u017eniausios problemos<\/h2>\n<ul>\n<li><strong>Nuot\u0117kiai:<\/strong> Viena i\u0161 da\u017eniausiai pasitaikan\u010di\u0173 problem\u0173 yra hidraulinio skys\u010dio nuot\u0117kis, kuris gali atsirasti d\u0117l susid\u0117v\u0117jusi\u0173 sandarikli\u0173 arba atsilaisvinusi\u0173 jung\u010di\u0173. Reguliarios patikros gali pad\u0117ti greitai nustatyti ir pa\u0161alinti nuot\u0117kius.<\/li>\n<li><strong>Prastas na\u0161umas:<\/strong> Jei str\u0117l\u0117s cilindras veikia l\u0117tai, patikrinkite, ar n\u0117ra \u017eemo hidraulinio skys\u010dio lygio arba ar skystis n\u0117ra u\u017eter\u0161tas, nes tai gali tur\u0117ti \u012ftakos veikimui.<\/li>\n<li><strong>Ne\u012fprasti garsai:<\/strong> \u0160lifavimo ar beldimo garsai veikimo metu gali rodyti mechanines problemas cilindre ar aplinkiniuose komponentuose.<\/li>\n<\/ul>\n<h2>Trik\u010di\u0173 \u0161alinimo patarimai<\/h2>\n<p>Nor\u0117dami efektyviai diagnozuoti ir i\u0161spr\u0119sti problemas, operatoriai tur\u0117t\u0173 atsi\u017evelgti \u012f \u0161iuos patarimus:<\/p>\n<ul>\n<li>Reguliariai steb\u0117kite skys\u010di\u0173 lyg\u012f ir pakeiskite u\u017eter\u0161tus skys\u010dius, kad palaikytum\u0117te sistemos efektyvum\u0105.<\/li>\n<li>Atlikite vizualin\u0119 ap\u017ei\u016br\u0105, kad nustatytum\u0117te bet kokius matomus komponent\u0173 nuot\u0117kius ar pa\u017eeidimus.<\/li>\n<li>\u012egyvendinkite prevencines priemones, tokias kaip \u012fprastin\u0117 prie\u017ei\u016bra ir savalaikis remontas, kad suma\u017eintum\u0117te problem\u0173 tikimyb\u0119.<\/li>\n<\/ul>\n<p><img decoding=\"async\" src=\"https:\/\/www.hydraulic-cylinders.net\/wp-content\/uploads\/2025\/04\/songte-bushings-with-all-kinds-of-excavator-models.webp\" alt=\"\u012evor\u0117s su ekskavatori\u0173 modeliais\"><\/p>\n<h2>Apie m\u016bs\u0173 \u012fmon\u0119<\/h2>\n<p>Esame pirmaujantis hidraulini\u0173 cilindr\u0173 gamintojas, specializuojantis auk\u0161tos kokyb\u0117s pakaitini\u0173 cilindr\u0173, skirt\u0173 \u012fvairioms reikm\u0117ms, gamyboje. Platus gamini\u0173 asortimentas leido mums tapti \u017einomu \u017eaid\u0117ju tiek vidaus, tiek tarptautin\u0117je rinkose. Laikom\u0117s puikios kokyb\u0117s strategijos, kuri\u0105 palaiko rafinuotas gamybos valdymo metodas.<\/p>\n<p>M\u016bs\u0173 gamybos paj\u0117gumus stiprina kvalifikuot\u0173 specialist\u0173 komanda, pa\u017eangi skaitmenin\u0117 gamybos \u012franga ir ekspert\u0173 kokyb\u0117s kontrol\u0117s sistema. Nuolat stengiam\u0117s tobulinti savo gamybos platform\u0105, integruodami novatori\u0161kas technologijas ir tobulindami gamybos procesus. \u0160is \u012fsipareigojimas leid\u017eia mums efektyviai ir veiksmingai patenkinti \u012fvairius klient\u0173 poreikius.<\/p>\n<p>Esame \u012fsipareigoj\u0119 profesionalumui, tarptautiniams sertifikatams, individualiai pritaikytoms paslaugoms, pa\u017eangiai gamybos \u012frangai ir patikimam aptarnavimui po pardavimo, u\u017etikrindami klient\u0173 pasitenkinim\u0105 ir ilgalaik\u0119 partneryst\u0119.<\/p>\n<p><img decoding=\"async\" src=\"https:\/\/www.hydraulic-cylinders.net\/wp-content\/uploads\/2025\/04\/songte-company-4.webp\" alt=\"\u012emon\u0117s ap\u017evalga\"><br \/>\n<img decoding=\"async\" src=\"https:\/\/www.hydraulic-cylinders.net\/wp-content\/uploads\/2025\/04\/songte-company-3.webp\" alt=\"\u012emon\u0117s patalpos\"><\/p>\n<p>Autorius: lyl<\/p>","protected":false},"excerpt":{"rendered":"<p>Boom Cylinder For Kato Small Excavator HD820A Product Overview The Boom Cylinder for Kato Small Excavator HD820A is a crucial hydraulic component designed to control the movement of the excavator&#8217;s boom. This hydraulic cylinder allows the boom to lift, lower, and tilt, facilitating various material handling tasks effectively. It is engineered to enhance the operational [&hellip;]<\/p>","protected":false},"featured_media":17867,"comment_status":"open","ping_status":"closed","template":"","meta":{"_et_pb_use_builder":"","_et_pb_old_content":"","_et_gb_content_width":""},"product_brand":[],"product_cat":[1546],"product_tag":[1547,1496],"class_list":{"0":"post-19739","1":"product","2":"type-product","3":"status-publish","4":"has-post-thumbnail","6":"product_cat-boom-cylinders","7":"product_tag-boom-cylinders","8":"product_tag-hydraulic-cylinders","10":"first","11":"instock","12":"shipping-taxable","13":"product-type-simple"},"amp_enabled":true,"_links":{"self":[{"href":"https:\/\/www.hydraulic-cylinders.net\/lt\/wp-json\/wp\/v2\/product\/19739","targetHints":{"allow":["GET"]}}],"collection":[{"href":"https:\/\/www.hydraulic-cylinders.net\/lt\/wp-json\/wp\/v2\/product"}],"about":[{"href":"https:\/\/www.hydraulic-cylinders.net\/lt\/wp-json\/wp\/v2\/types\/product"}],"replies":[{"embeddable":true,"href":"https:\/\/www.hydraulic-cylinders.net\/lt\/wp-json\/wp\/v2\/comments?post=19739"}],"wp:featuredmedia":[{"embeddable":true,"href":"https:\/\/www.hydraulic-cylinders.net\/lt\/wp-json\/wp\/v2\/media\/17867"}],"wp:attachment":[{"href":"https:\/\/www.hydraulic-cylinders.net\/lt\/wp-json\/wp\/v2\/media?parent=19739"}],"wp:term":[{"taxonomy":"product_brand","embeddable":true,"href":"https:\/\/www.hydraulic-cylinders.net\/lt\/wp-json\/wp\/v2\/product_brand?post=19739"},{"taxonomy":"product_cat","embeddable":true,"href":"https:\/\/www.hydraulic-cylinders.net\/lt\/wp-json\/wp\/v2\/product_cat?post=19739"},{"taxonomy":"product_tag","embeddable":true,"href":"https:\/\/www.hydraulic-cylinders.net\/lt\/wp-json\/wp\/v2\/product_tag?post=19739"}],"curies":[{"name":"wp","href":"https:\/\/api.w.org\/{rel}","templated":true}]}}