{"id":19740,"date":"2025-04-07T07:04:54","date_gmt":"2025-04-07T07:04:54","guid":{"rendered":"https:\/\/www.hydraulic-cylinders.net\/product\/boom-cylinder-for-kato-small-excavator-hd1023\/"},"modified":"2025-04-07T07:04:56","modified_gmt":"2025-04-07T07:04:56","slug":"boom-cylinder-for-kato-small-excavator-hd1023","status":"publish","type":"product","link":"https:\/\/www.hydraulic-cylinders.net\/lt\/produktas\/boom-cylinder-for-kato-small-excavator-hd1023\/","title":{"rendered":"Kato ma\u017eo ekskavatoriaus HD1023 str\u0117l\u0117s cilindras"},"content":{"rendered":"<h1>Kato ma\u017eo ekskavatoriaus HD1023 str\u0117l\u0117s cilindras<\/h1>\n<h2>Produkto ap\u017evalga<\/h2>\n<p>\u201eKato Small Excavator HD1023\u201c str\u0117l\u0117s cilindras yra gyvybi\u0161kai svarbus komponentas, skirtas pagerinti \u012fvairi\u0173 sunki\u0173j\u0173 ma\u0161in\u0173 eksploatacines galimybes. Kau\u0161o cilindras yra hidraulinio cilindro tipas, atliekantis lemiam\u0105 vaidmen\u012f valdant kau\u0161o jud\u0117jim\u0105 ekskavatoriuose, ekskavatoriniuose krautuvais ir frontaliniuose krautuvuose. \u0160is cilindras leid\u017eia kau\u0161ui pakelti, nuleisti ir pakreipti, taip palengvinant efektyv\u0173 med\u017eiag\u0173 tvarkym\u0105.<\/p>\n<p><img decoding=\"async\" src=\"https:\/\/www.hydraulic-cylinders.net\/wp-content\/uploads\/2025\/04\/songte-company-1.webp\" alt=\"Kato ma\u017eas ekskavatorius\" \/><\/p>\n<h3>Apibr\u0117\u017eimas ir funkcija<\/h3>\n<p>Kau\u0161o cilindras yra esmin\u0117 statybose ir \u017eem\u0117s \u016bkyje naudojam\u0173 hidraulini\u0173 sistem\u0173 dalis. \u0160ie cilindrai yra sukurti veikti esant auk\u0161tam sl\u0117giui ir yra skirti atlaikyti at\u0161iaurias darbo s\u0105lygas. Jie u\u017etikrina skland\u0173 ir tiksl\u0173 kau\u0161o jud\u0117jim\u0105, o tai yra labai svarbu atliekant tokias u\u017eduotis kaip kasimas, k\u0117limas ir med\u017eiag\u0173 transportavimas. Gerai veikiantis str\u0117l\u0117s cilindras padidina na\u0161um\u0105 ir suma\u017eina mechanini\u0173 gedim\u0173 rizik\u0105 eksploatacijos metu.<\/p>\n<h2>Pagrindin\u0117s savyb\u0117s<\/h2>\n<ul>\n<li><strong>Didelis stiprumas ir ilgaam\u017ei\u0161kumas:<\/strong> \u0160ie cilindrai, pagaminti i\u0161 didelio stiprumo plieno arba aliuminio, gali atlaikyti auk\u0161t\u0105 sl\u0117g\u012f ir dideles apkrovas, tod\u0117l tinka at\u0161iaurioms darbo aplinkoms. Jie sukurti atsi\u017evelgiant \u012f atsparum\u0105 dilimui ir korozijai, siekiant pailginti j\u0173 tarnavimo laik\u0105.<\/li>\n<li><strong>Efektyvus hidraulinis valdymas:<\/strong> Hidraulin\u0117s alyvos sl\u0117gio naudojimas leid\u017eia skland\u017eiai atlikti i\u0161pl\u0117timo ir atitraukimo judesius, greitai reaguoti \u012f valdymo komandas ir u\u017etikrinti didel\u0119 st\u016bmimo bei traukimo j\u0117g\u0105, idealiai tinkan\u010di\u0105 sunkioms ir sud\u0117tingoms u\u017eduotims atlikti.<\/li>\n<li><strong>\u012evair\u016bs tipai:<\/strong> Priklausomai nuo eksploatacini\u0173 poreiki\u0173, vartotojai gali rinktis i\u0161 vienpusio veikimo (hidraulin\u0117s j\u0117gos panaudojimas tik viena kryptimi) arba dvipusio veikimo (hidraulin\u0117s j\u0117gos panaudojimas abiem kryptimis) cilindr\u0173. Kai kurie modeliai yra teleskopiniai, tod\u0117l juos galima labiau i\u0161tiesti nedidinant i\u0161orini\u0173 matmen\u0173, tod\u0117l jie tinka naudoti ribotoje erdv\u0117je.<\/li>\n<li><strong>Individuali gamyba:<\/strong> M\u016bs\u0173 gaminiai sukurti taip, kad skland\u017eiai pakeist\u0173 \u012fvairius hidraulinius cilindrus, u\u017etikrinant suderinamum\u0105 ir optimal\u0173 na\u0161um\u0105.<\/li>\n<li><strong>Kokyb\u0117s u\u017etikrinimas:<\/strong> Taikome grie\u017etus bandym\u0173 standartus, kad u\u017etikrintume savo hidraulini\u0173 cilindr\u0173 patikimum\u0105 ir efektyvum\u0105.<\/li>\n<\/ul>\n<p><img decoding=\"async\" src=\"https:\/\/www.hydraulic-cylinders.net\/wp-content\/uploads\/2025\/04\/songte-cylinder-head-with-all-kinds-excavator-models.webp\" alt=\"Ekskavatori\u0173 modeliai\" \/><\/p>\n<h2>Str\u0117l\u0117s cilindro pritaikymas<\/h2>\n<h3>Statybin\u0117 \u012franga<\/h3>\n<p>Ekskavatoriuose str\u0117l\u0117s cilindrai yra labai svarb\u016bs kasant, kraunant ir perkeliant grunt\u0105 ar \u0161iuk\u0161les. Hidraulin\u0117 j\u0117ga leid\u017eia kau\u0161ui efektyviai \u012fsiskverbti \u012f \u017eem\u0119, tod\u0117l kasimo darbai atliekami greitai ir efektyviai. Ekskavatoriuose-krautuvuose kau\u0161o cilindras padeda ne tik kasti, bet ir kelti bei transportuoti med\u017eiagas, tod\u0117l padid\u0117ja ma\u0161inos universalumas.<\/p>\n<h3>\u017dem\u0117s \u016bkio technika<\/h3>\n<p>Priekiniuose krautuvuose str\u0117l\u0117s cilindrai yra gyvybi\u0161kai svarb\u016bs dirvo\u017eemio, \u0161ieno ir kit\u0173 med\u017eiag\u0173 k\u0117limui, k\u0117limui ir transportavimui. Hidraulinis valdymas u\u017etikrina, kad \u0161ios ma\u0161inos gali efektyviai atlikti \u012fvairias \u017eem\u0117s \u016bkio u\u017eduotis, o tai \u017eenkliai prisideda prie \u016bkininkavimo operacij\u0173 produktyvumo.<\/p>\n<h3>Ekskavatoriai<\/h3>\n<p>Ekskavatoriuose kau\u0161o cilindras palengvina kasimo veiksm\u0105, leisdamas kau\u0161ui efektyviai \u012fsiskverbti \u012f dirv\u0105. \u0160i savyb\u0117 yra labai svarbi \u012fvairiems kasimo projektams, u\u017etikrinant, kad u\u017eduotys b\u016bt\u0173 atliekamos efektyviai, nepakenkiant technikai.<\/p>\n<h3>Krautuvai<\/h3>\n<p>Priekiniuose krautuvuose str\u0117l\u0117s cilindrai padeda efektyviai pakelti ir i\u0161versti med\u017eiagas. Hidraulinis valdymas leid\u017eia tiksliai valdyti krovinius, u\u017etikrinant, kad med\u017eiagas b\u016bt\u0173 galima tiksliai perkelti ir pad\u0117ti.<\/p>\n<h2>Projektavimo aspektai ir atrankos kriterijai<\/h2>\n<h3>Keliamoji galia<\/h3>\n<p>Renkantis str\u0117l\u0117s cilindr\u0105, svarbu atsi\u017evelgti \u012f konkre\u010diam atvejui reikaling\u0105 keliam\u0105j\u0105 gali\u0105. Cilindras turi atlaikyti maksimal\u0173 perkeliam\u0173 med\u017eiag\u0173 svor\u012f be gedimo rizikos. Tvirta konstrukcija u\u017etikrina, kad cilindras gali atlaikyti dideles apkrovas, u\u017etikrindamas patikimum\u0105 ir saugum\u0105 eksploatacijos metu.<\/p>\n<h3>Sandarinimas<\/h3>\n<p>Hidraulinio cilindro sandarinimo sistema yra labai svarbi norint palaikyti sl\u0117g\u012f ir i\u0161vengti nuot\u0117ki\u0173. Auk\u0161tos kokyb\u0117s sandarikliai, tokie kaip st\u016bmokli\u0173 ir kot\u0173 sandarikliai, tur\u0117t\u0173 b\u016bti pagaminti i\u0161 toki\u0173 med\u017eiag\u0173 kaip poliuretanas arba nitrilo kau\u010diukas, kurios yra atsparios dilimui. Tinkamas sandarinimas ne tik pagerina cilindro veikim\u0105, bet ir pailgina jo tarnavimo laik\u0105, nes apsaugo nuo skys\u010di\u0173 praradimo ir u\u017eter\u0161imo.<\/p>\n<h3>Patvarumas<\/h3>\n<p>Patvarumas yra pagrindinis veiksnys renkantis str\u0117l\u0117s cilindr\u0105. Naudojama med\u017eiaga turi b\u016bti atspari dilimui, sm\u016bgiams ir korozijai, kad b\u016bt\u0173 u\u017etikrintas ilgalaikis naudojimas sud\u0117tingomis s\u0105lygomis. Patvarus cilindras suma\u017eina prie\u017ei\u016bros i\u0161laidas ir prastovas, tod\u0117l padid\u0117ja na\u0161umas.<\/p>\n<h3>Saugumas<\/h3>\n<p>Saugumas yra svarbiausias dalykas atliekant bet kok\u012f hidraulin\u012f darb\u0105. Str\u0117l\u0117s cilindro konstrukcijoje tur\u0117t\u0173 b\u016bti numatytos saugos funkcijos, tokios kaip sl\u0117gio ma\u017einimo vo\u017etuvai, kad b\u016bt\u0173 i\u0161vengta perkrovos ir u\u017etikrintas kontroliuojamas veikimas. Reguliar\u016bs saugos patikrinimai ir saugos protokol\u0173 laikymasis yra b\u016btini siekiant suma\u017einti su hidraulin\u0117mis ma\u0161inomis susijusi\u0105 rizik\u0105.<\/p>\n<h3>Prie\u017ei\u016bra<\/h3>\n<p>Projektuojant hidraulinius cilindrus, labai svarbus aspektas yra paprastas techninis aptarnavimas. Komponentai tur\u0117t\u0173 b\u016bti lengvai prieinami, o atsargin\u0117s dalys \u2013 lengvai prieinamos, kad b\u016bt\u0173 kuo ma\u017eiau prastov\u0173. Gerai suprojektuotas cilindras palengvina reguliarius technin\u0117s prie\u017ei\u016bros patikrinimus, u\u017etikrindamas, kad \u012franga visada veikt\u0173 efektyviai ir saugiai.<\/p>\n<p><img decoding=\"async\" src=\"https:\/\/www.hydraulic-cylinders.net\/wp-content\/uploads\/2025\/04\/songte-oil-pipes-and-spare-parts.webp\" alt=\"Naftos vamzd\u017eiai ir atsargin\u0117s dalys\" \/><\/p>\n<h2>Sandarinimas ir tepimas<\/h2>\n<p>Efektyvus sandarinimas ir tepimas yra labai svarb\u016bs hidraulini\u0173 cilindr\u0173 veikimui. Sl\u0117giui palaikyti ir nuot\u0117kiams i\u0161vengti naudojami \u012fvair\u016bs sandarikliai, pavyzd\u017eiui, st\u016bmokli\u0173 ir kot\u0173 sandarikliai. Sandarikliai turi b\u016bti pagaminti i\u0161 patvari\u0173 med\u017eiag\u0173, toki\u0173 kaip poliuretanas arba nitrilo kau\u010diukas, kurios yra atsparios dilimui. Be to, cilindro korpusas ir srieginiai galai turi b\u016bti kruop\u0161\u010diai apdoroti, kad padid\u0117t\u0173 atsparumas dilimui. Norint u\u017etikrinti skland\u0173 veikim\u0105 ir pailginti cilindro tarnavimo laik\u0105, b\u016btina reguliariai tepti tinkama hidrauline alyva.<\/p>\n<h2>Reguliarus patikrinimas ir prevencin\u0117 prie\u017ei\u016bra<\/h2>\n<ul>\n<li><strong>Planiniai patikrinimai:<\/strong> Reik\u0117t\u0173 reguliariai atlikti patikras, kad b\u016bt\u0173 nustatyti visi susid\u0117v\u0117jimo, nuot\u0117ki\u0173 ar pa\u017eeidim\u0173 po\u017eymiai. Greitas problem\u0173 nustatymas gali pad\u0117ti i\u0161vengti brangaus remonto ir u\u017etikrinti saug\u0173 eksploatavim\u0105.<\/li>\n<li><strong>Tepimas:<\/strong> Svarbu palaikyti tinkam\u0105 tepimo lyg\u012f, kad b\u016bt\u0173 u\u017etikrintas sklandus veikimas ir i\u0161vengta trinties, kuri gali sukelti susid\u0117v\u0117jim\u0105. Reguliariai tikrinkite hidraulin\u0117s alyvos lyg\u012f ir prireikus papildykite.<\/li>\n<li><strong>Sandariklio keitimas:<\/strong> Steb\u0117kite tarpiklius, ar n\u0117ra susid\u0117v\u0117jimo ar pa\u017eeidim\u0173 po\u017eymi\u0173. Savalaikis tarpikli\u0173 keitimas pad\u0117s palaikyti sl\u0117g\u012f ir i\u0161vengti nuot\u0117ki\u0173, taip pailgindamas hidraulinio cilindro tarnavimo laik\u0105.<\/li>\n<\/ul>\n<h2>\u012erengimo gair\u0117s<\/h2>\n<p>Tinkamas str\u0117l\u0117s cilindro montavimas yra labai svarbus optimaliam veikimui. Pirmiausia \u012fsitikinkite, kad tvirtinimo pavir\u0161iai yra \u0161var\u016bs ir be \u0161iuk\u0161li\u0173. Tiksliai sulygiuokite cilindr\u0105, kad i\u0161vengtum\u0117te nesutapimo, kuris gali sukelti prie\u0161laikin\u012f susid\u0117v\u0117jim\u0105. Naudokite tinkamus tvirtinimo laikiklius, kad pritvirtintum\u0117te cilindr\u0105 vietoje. Laikykit\u0117s gamintojo nurodym\u0173 d\u0117l sukimo momento nustatym\u0173, kad u\u017etikrintum\u0117te tvirtus sujungimus. \u012edieg\u0119 atlikite funkcin\u012f bandym\u0105, kad \u012fsitikintum\u0117te, jog cilindras veikia skland\u017eiai. Visada \u017er. montavimo vadov\u0105, kuriame pateikiamos konkre\u010dios instrukcijos, susijusios su montuojamu modeliu.<\/p>\n<h2>\u012eprastos prie\u017ei\u016bros u\u017eduotys<\/h2>\n<ul>\n<li><strong>Reguliar\u016bs patikrinimai:<\/strong> \u012ediekite \u012fprastin\u012f hidraulin\u0117s sistemos patikrinimo grafik\u0105, kad patikrintum\u0117te, ar n\u0117ra nuot\u0117ki\u0173, pa\u017eeidim\u0173 ar susid\u0117v\u0117jimo po\u017eymi\u0173. Teikite pirmenyb\u0119 trik\u010di\u0173 \u0161alinimui, kol problemos nepa\u016bm\u0117jo.<\/li>\n<li><strong>Tinkamas tepimas:<\/strong> \u012esitikinkite, kad hidraulin\u0117s alyvos lygis yra pakankamas, ir reguliariai naudokite tinkamo tipo alyv\u0105, kad i\u0161laikytum\u0117te optimal\u0173 na\u0161um\u0105 ir i\u0161vengtum\u0117te nereikalingos trinties.<\/li>\n<li><strong>Sandariklio keitimas ir kalibravimas:<\/strong> Steb\u0117kite sandarikli\u0173 b\u016bkl\u0119 ir prireikus juos pakeiskite. Reguliariai kalibruokite hidraulin\u0119 sistem\u0105, kad u\u017etikrintum\u0117te, jog ji veikia pagal nurodytus efektyvumo parametrus.<\/li>\n<\/ul>\n<h2>Saugos aspektai ir aplinkos veiksniai<\/h2>\n<p>Dirbant su hidraulin\u0117mis sistemomis, saugos priemon\u0117s yra nepaprastai svarbios. Operatoriai tur\u0117t\u0173 b\u016bti tinkamai apmokyti, kad b\u016bt\u0173 kuo labiau suma\u017einta su hidraulin\u0117mis ma\u0161inomis susijusi rizika. Visada d\u0117v\u0117kite tinkamas asmenines apsaugos priemones (AAP) ir u\u017etikrinkite, kad saugos priemon\u0117s, tokios kaip avarinio u\u017edarymo vo\u017etuvai, veikt\u0173. Be to, atsi\u017evelkite \u012f hidraulinio skys\u010dio nuot\u0117kio poveik\u012f aplinkai; biologi\u0161kai skaid\u017ei\u0173 hidraulini\u0173 alyv\u0173 naudojimas gali pad\u0117ti suma\u017einti susir\u016bpinim\u0105 d\u0117l aplinkos.<\/p>\n<h2>Trik\u010di\u0173 \u0161alinimas ir da\u017eniausiai pasitaikan\u010dios problemos<\/h2>\n<ul>\n<li><strong>Skys\u010di\u0173 nuot\u0117kiai:<\/strong> Patikrinkite, ar n\u0117ra nuot\u0117ki\u0173 aplink sandariklius ir jungiam\u0105sias detales. Jei yra nuot\u0117ki\u0173, patikrinkite, ar sandarikliai n\u0117ra susid\u0117v\u0117j\u0119, ir prireikus juos pakeiskite.<\/li>\n<li><strong>Nereaguojantis cilindras:<\/strong> Jei cilindras nereaguoja, patikrinkite hidraulinio skys\u010dio lyg\u012f ir \u012fsitikinkite, kad siurblys veikia tinkamai.<\/li>\n<li><strong>L\u0117tas jud\u0117jimas:<\/strong> L\u0117tas veikimas gali rodyti \u017eem\u0105 hidraulinio skys\u010dio lyg\u012f arba sistemoje esant\u012f or\u0105. Jei reikia, i\u0161leiskite or\u0105 i\u0161 sistemos ir papildykite skys\u010dio.<\/li>\n<\/ul>\n<p>Pateikti trik\u010di\u0173 \u0161alinimo patarimai pad\u0117s vartotojams efektyviai diagnozuoti ir i\u0161spr\u0119sti da\u017eniausiai pasitaikan\u010dias problemas. Reguliarus techninis aptarnavimas ir patikrinimai gali pad\u0117ti suma\u017einti galimas problemas ir padidinti \u012frangos patikimum\u0105.<\/p>\n<p><img decoding=\"async\" src=\"https:\/\/www.hydraulic-cylinders.net\/wp-content\/uploads\/2025\/04\/songte-bushings-with-all-kinds-of-excavator-models.webp\" alt=\"Ekskavatori\u0173 modeliai\" \/><\/p>\n<h2>\u012emon\u0117s ap\u017evalga<\/h2>\n<p>Esame gamintojas, kuris specializuojasi hidraulini\u0173 cilindr\u0173 keitime ir si\u016blo plat\u0173 gamini\u0173 asortiment\u0105. M\u016bs\u0173 \u012fmon\u0117 tapo viena i\u0161 pirmaujan\u010di\u0173 hidraulini\u0173 cilindr\u0173 gamintoj\u0173 ir didmeninink\u0173 tiek vidaus, tiek tarptautin\u0117se rinkose. Laikom\u0117s auk\u0161\u010diausios kokyb\u0117s principo, savo dirbtuv\u0117se taikydami rafinuot\u0105 gamybos valdymo strategij\u0105. Naudodami kvalifikuotus techninius darbuotojus, pa\u017eangi\u0105 skaitmenin\u0119 gamybos \u012frang\u0105 ir profesionali\u0105 testavimo sistem\u0105, nuolat tobuliname savo gamybos platform\u0105 ir tobuliname gamini\u0173 kokyb\u0117s u\u017etikrinimo b\u016bdus. D\u0117l stipri\u0173 k\u016brybini\u0173 geb\u0117jim\u0173 galime patenkinti \u012fvairius klient\u0173 poreikius, u\u017etikrindami auk\u0161t\u0105 efektyvum\u0105, tikslum\u0105 ir kokyb\u0119.<\/p>\n<p><img decoding=\"async\" src=\"https:\/\/www.hydraulic-cylinders.net\/wp-content\/uploads\/2025\/04\/songte-company-4.webp\" alt=\"\u012emon\u0117s ap\u017evalga\" \/><br \/>\n<img decoding=\"async\" src=\"https:\/\/www.hydraulic-cylinders.net\/wp-content\/uploads\/2025\/04\/songte-company-3.webp\" alt=\"\u012emon\u0117s ap\u017evalga\" \/><\/p>\n<h2>I\u0161vada<\/h2>\n<p>Apibendrinant galima teigti, kad \u201eKato Small Excavator HD1023\u201c str\u0117l\u0117s cilindras yra esminis komponentas, siekiant pagerinti sunkiosios technikos na\u0161um\u0105 ir efektyvum\u0105. Jo savybi\u0173, pritaikymo ir prie\u017ei\u016bros praktikos supratimas yra labai svarbus siekiant u\u017etikrinti ilgaam\u017ei\u0161kum\u0105 ir patikimum\u0105 \u012fvairiose eksploatavimo s\u0105lygose. Pasirinkdami auk\u0161tos kokyb\u0117s hidraulinius cilindrus, vartotojai gali pasiekti optimal\u0173 na\u0161um\u0105 ir suma\u017einti prastovas.<\/p>\n<p>Autorius: lyl<\/p>","protected":false},"excerpt":{"rendered":"<p>Boom Cylinder For Kato Small Excavator HD1023 Product Overview The Boom Cylinder for Kato Small Excavator HD1023 is a vital component designed to enhance the operational capabilities of various heavy machinery. Specifically, the bucket cylinder is a type of hydraulic cylinder that plays a crucial role in controlling the movement of the bucket in excavators, [&hellip;]<\/p>","protected":false},"featured_media":17868,"comment_status":"open","ping_status":"closed","template":"","meta":{"_et_pb_use_builder":"","_et_pb_old_content":"","_et_gb_content_width":""},"product_brand":[],"product_cat":[1546],"product_tag":[1547,1496],"class_list":{"0":"post-19740","1":"product","2":"type-product","3":"status-publish","4":"has-post-thumbnail","6":"product_cat-boom-cylinders","7":"product_tag-boom-cylinders","8":"product_tag-hydraulic-cylinders","10":"first","11":"instock","12":"shipping-taxable","13":"product-type-simple"},"amp_enabled":true,"_links":{"self":[{"href":"https:\/\/www.hydraulic-cylinders.net\/lt\/wp-json\/wp\/v2\/product\/19740","targetHints":{"allow":["GET"]}}],"collection":[{"href":"https:\/\/www.hydraulic-cylinders.net\/lt\/wp-json\/wp\/v2\/product"}],"about":[{"href":"https:\/\/www.hydraulic-cylinders.net\/lt\/wp-json\/wp\/v2\/types\/product"}],"replies":[{"embeddable":true,"href":"https:\/\/www.hydraulic-cylinders.net\/lt\/wp-json\/wp\/v2\/comments?post=19740"}],"wp:featuredmedia":[{"embeddable":true,"href":"https:\/\/www.hydraulic-cylinders.net\/lt\/wp-json\/wp\/v2\/media\/17868"}],"wp:attachment":[{"href":"https:\/\/www.hydraulic-cylinders.net\/lt\/wp-json\/wp\/v2\/media?parent=19740"}],"wp:term":[{"taxonomy":"product_brand","embeddable":true,"href":"https:\/\/www.hydraulic-cylinders.net\/lt\/wp-json\/wp\/v2\/product_brand?post=19740"},{"taxonomy":"product_cat","embeddable":true,"href":"https:\/\/www.hydraulic-cylinders.net\/lt\/wp-json\/wp\/v2\/product_cat?post=19740"},{"taxonomy":"product_tag","embeddable":true,"href":"https:\/\/www.hydraulic-cylinders.net\/lt\/wp-json\/wp\/v2\/product_tag?post=19740"}],"curies":[{"name":"wp","href":"https:\/\/api.w.org\/{rel}","templated":true}]}}