{"id":19743,"date":"2025-04-07T07:05:01","date_gmt":"2025-04-07T07:05:01","guid":{"rendered":"https:\/\/www.hydraulic-cylinders.net\/product\/boom-cylinder-for-kato-small-excavator-hd512\/"},"modified":"2025-04-07T07:05:04","modified_gmt":"2025-04-07T07:05:04","slug":"boom-cylinder-for-kato-small-excavator-hd512","status":"publish","type":"product","link":"https:\/\/www.hydraulic-cylinders.net\/lt\/produktas\/boom-cylinder-for-kato-small-excavator-hd512\/","title":{"rendered":"Kato ma\u017eo ekskavatoriaus HD512 str\u0117l\u0117s cilindras"},"content":{"rendered":"<h1>Kato ma\u017eo ekskavatoriaus HD512 str\u0117l\u0117s cilindras<\/h1>\n<h2>Produkto ap\u017evalga<\/h2>\n<p>\u201eKato Small Excavator HD512\u201c str\u0117l\u0117s cilindras yra specializuotas hidraulinis cilindras, skirtas valdyti kau\u0161o jud\u0117jim\u0105 \u012fvairiose sunkiosiose ma\u0161inose, \u012fskaitant ekskavatorius, ekskavatorinius krautuvus ir frontalinius krautuvus. \u0160ie cilindrai leid\u017eia kau\u0161\u0105 pakelti, nuleisti ir pakreipti, taip efektyviai atliekant med\u017eiag\u0173 tvarkymo u\u017eduotis. Hidrauliniai cilindrai atlieka labai svarb\u0173 vaidmen\u012f sunkiosios technikos hidraulin\u0117se sistemose, nes suteikia reikiam\u0105 j\u0117g\u0105 sud\u0117tingoms u\u017eduotims atlikti statyb\u0173 ir \u017eem\u0117s \u016bkio sektoriuose.<\/p>\n<p><img decoding=\"async\" src=\"https:\/\/www.hydraulic-cylinders.net\/wp-content\/uploads\/2025\/04\/songte-company-1.webp\" alt=\"Ekskavatori\u0173 str\u0117l\u0117s cilindras\"><\/p>\n<h2>Str\u0117l\u0117s cilindro savyb\u0117s<\/h2>\n<ul>\n<li><strong>Didelis stiprumas ir ilgaam\u017ei\u0161kumas:<\/strong> Pagaminta i\u0161 didelio stiprumo plieno arba aliuminio, galinti atlaikyti auk\u0161t\u0105 sl\u0117g\u012f ir dideles apkrovas, skirta at\u0161iaurioms darbo aplinkoms, pasi\u017eyminti atsparumu dilimui ir korozijai.<\/li>\n<li><strong>Efektyvus hidraulinis valdymas:<\/strong> Naudoja hidraulin\u0117s alyvos sl\u0117g\u012f skland\u017eiam i\u0161st\u016bmimui ir \u012ftraukimui, u\u017etikrindamas greit\u0105 reagavim\u0105 \u012f valdymo komandas ir galing\u0105 st\u016bmimo bei traukimo j\u0117g\u0105, tinkam\u0105 sunkioms ir sud\u0117tingoms u\u017eduotims atlikti.<\/li>\n<li><strong>\u012evair\u016bs tipai:<\/strong> Galima \u012fsigyti vienpusio veikimo (hidraulinis sl\u0117gis naudojamas viena kryptimi) arba dvipusio veikimo (hidraulinis sl\u0117gis naudojamas abiem kryptimis) cilindr\u0173, kad b\u016bt\u0173 galima patenkinti \u012fvairius eksploatacinius poreikius, kai kurie modeliai yra teleskopiniai, tod\u0117l juos galima labiau i\u0161tiesti nedidinant i\u0161orini\u0173 matmen\u0173, tod\u0117l jie idealiai tinka ribotos erdv\u0117s pritaikymams.<\/li>\n<\/ul>\n<p>M\u016bs\u0173 gaminys gali puikiai pakeisti \u0161iuos hidraulinius cilindrus.<\/p>\n<p><img decoding=\"async\" src=\"https:\/\/www.hydraulic-cylinders.net\/wp-content\/uploads\/2025\/04\/songte-cylinder-head-with-all-kinds-excavator-models.webp\" alt=\"Ekskavatoriaus hidraulinis cilindras\"><\/p>\n<h2>Taikymo scenarijai<\/h2>\n<h3>Statybin\u0117 \u012franga<\/h3>\n<p>In excavators, boom cylinders are vital for digging, loading, and moving earth or debris efficiently. Their design allows for optimal control over the bucket&#8217;s movement, essential for tasks requiring precision and power. The versatility of these cylinders enhances the excavator&#8217;s ability to perform in various terrains and conditions, making them indispensable for construction projects.<\/p>\n<h3>\u017dem\u0117s \u016bkio technika<\/h3>\n<p>Priekiniuose krautuvuose str\u0117l\u0117s cilindrai palengvina dirvo\u017eemio, \u0161ieno ir kit\u0173 med\u017eiag\u0173 k\u0117lim\u0105, s\u0117mim\u0105 ir transportavim\u0105. Tvirta j\u0173 konstrukcija u\u017etikrina, kad jie gali susidoroti su sunkiais kroviniais, su kuriais paprastai susiduriama \u017eem\u0117s \u016bkio aplinkoje, taip padidinant na\u0161um\u0105 ir efektyvum\u0105. Galimyb\u0117 tiksliai valdyti krovin\u012f leid\u017eia operatoriams atlikti u\u017eduotis tiksliau ir saugiau.<\/p>\n<h3>Ekskavatoriai<\/h3>\n<p>Kau\u0161o cilindras leid\u017eia kau\u0161ui \u012fsiskverbti \u012f dirv\u0105, tod\u0117l galima efektyviai atlikti kasimo darbus. \u0160i galimyb\u0117 yra labai svarbi atliekant \u012fvairius kasimo darbus, \u012fskaitant tran\u0161\u0117j\u0173 kasim\u0105 ir lyginim\u0105. Cilindro tiekiama hidraulin\u0117 galia yra b\u016btina norint pasiekti reikiam\u0105 kasimo gyl\u012f ir i\u0161laikyti veiklos efektyvum\u0105.<\/p>\n<h3>Krautuvai<\/h3>\n<p>Priekiniuose krautuvuose \u0161ie cilindrai padeda efektyviai kelti ir i\u0161versti med\u017eiagas. J\u0173 galia ir patikimumas u\u017etikrina, kad operatoriai gali lengvai atlikti k\u0117limo u\u017eduotis, taip padidindami bendr\u0105 na\u0161um\u0105 darbo vietose. Geb\u0117jimas tiksliai valdyti krovin\u012f yra b\u016btinas norint i\u0161vengti i\u0161siliejimo ir u\u017etikrinti saug\u0105 darbo metu.<\/p>\n<h2>Projektavimo aspektai ir atrankos kriterijai<\/h2>\n<h3>Keliamoji galia<\/h3>\n<p>Hidraulinio cilindro keliamoji galia yra labai svarbus aspektas. Ji lemia maksimal\u0173 svor\u012f, kur\u012f cilindras gali pakelti arba stumti. Tinkamos keliamosios galios cilindro pasirinkimas u\u017etikrina saug\u0173 veikim\u0105 ir ilgaam\u017ei\u0161kum\u0105. B\u016btina atsi\u017evelgti \u012f numatomas apkrovas \u012frangos eksploatavimo metu, kad b\u016bt\u0173 i\u0161vengta cilindro gedim\u0173 ir galim\u0173 nelaiming\u0173 atsitikim\u0173.<\/p>\n<h3>Sandarinimas<\/h3>\n<p>Efektyvus sandarinimas yra gyvybi\u0161kai svarbus norint palaikyti hidraulin\u012f sl\u0117g\u012f cilindre. Auk\u0161tos kokyb\u0117s sandarikliai apsaugo nuo hidraulinio skys\u010dio nuot\u0117kio, kuris gali pabloginti na\u0161um\u0105 ir sukelti pavoj\u0173 aplinkai. Sandarinimo med\u017eiag\u0173, toki\u0173 kaip poliuretanas arba nitrilo kau\u010diukas, pasirinkimas daro didel\u0119 \u012ftak\u0105 hidraulinio cilindro ilgaam\u017ei\u0161kumui ir patikimumui, tod\u0117l tai yra pagrindinis projektavimo aspektas.<\/p>\n<h3>Patvarumas<\/h3>\n<p>Patvarumas rei\u0161kia hidraulinio cilindro geb\u0117jim\u0105 atlaikyti nusid\u0117v\u0117jim\u0105 laikui b\u0117gant. Tokie veiksniai kaip med\u017eiag\u0173 pasirinkimas, konstrukcija ir atsparumas aplinkos poveikiui prisideda prie bendro patvarumo. Patvarus cilindras suma\u017eina prie\u017ei\u016bros i\u0161laidas ir prastovas, u\u017etikrindamas nuolatin\u012f veikim\u0105 ir saug\u0105 sud\u0117tingose \u200b\u200b\u200b\u200bs\u0105lygose.<\/p>\n<h3>Saugumas<\/h3>\n<p>Saugos funkcijos yra b\u016btinos projektuojant hidraulinius cilindrus. Tai apima apsaug\u0105 nuo perkrov\u0173, sl\u0117gio ma\u017einimo mechanizmus ir tvirt\u0105 konstrukcij\u0105, siekiant i\u0161vengti katastrofi\u0161k\u0173 gedim\u0173. Laikydamiesi saugos standart\u0173 ir \u012ftraukdami saugos funkcijas, gamintojai gali pagerinti hidraulini\u0173 cilindr\u0173 eksploatavimo saug\u0105 \u012fvairiose srityse.<\/p>\n<h3>Prie\u017ei\u016bra<\/h3>\n<p>Prie\u017ei\u016bros aspektai apima lengv\u0105 prieig\u0105 ap\u017ei\u016brai, tepimo ta\u0161kus ir galimyb\u0119 lengvai pakeisti susid\u0117v\u0117jusius komponentus. Gerai suprojektuotas hidraulinis cilindras supaprastina prie\u017ei\u016bros procesus, suma\u017eina prastovas ir u\u017etikrina ilgalaik\u012f eksploatavimo efektyvum\u0105. Tokie veiksniai kaip modulin\u0117 konstrukcija ir standartizuoti komponentai prisideda prie geresn\u0117s prie\u017ei\u016bros praktikos.<\/p>\n<p><img decoding=\"async\" src=\"https:\/\/www.hydraulic-cylinders.net\/wp-content\/uploads\/2025\/04\/songte-oil-pipes-and-spare-parts.webp\" alt=\"Hidraulini\u0173 cilindr\u0173 dalys\"><\/p>\n<h2>Cilindro sandarinimas ir tepimas<\/h2>\n<p>\u012evairi\u0173 sandarinimo komponent\u0173, toki\u0173 kaip st\u016bmoklio ir koto sandarikliai, naudojimas yra b\u016btinas tinkamam hidrauliniam veikimui. Sandarikliai, pagaminti i\u0161 atspari\u0173 dilimui med\u017eiag\u0173, toki\u0173 kaip poliuretanas ir nitrilo kau\u010diukas, padidina patvarum\u0105 ir na\u0161um\u0105. Cilindro korpusas ir srieginiai galiniai pavir\u0161iai yra tiksliai apdirbami, siekiant pagerinti atsparum\u0105 dilimui, u\u017etikrinant sandarum\u0105, kuris suma\u017eina skys\u010dio nuot\u0117k\u012f. Reguliarus tepimas tinkama hidrauline alyva yra labai svarbus norint palaikyti optimal\u0173 veikim\u0105 ir i\u0161vengti judan\u010di\u0173 dali\u0173 susid\u0117v\u0117jimo.<\/p>\n<h2>Reguliarios patikros ir prevencin\u0117s prie\u017ei\u016bros priemon\u0117s<\/h2>\n<ul>\n<li><strong>Vizualin\u0117 ap\u017ei\u016bra:<\/strong> Reguliariai tikrinkite, ar hidrauliniame cilindre n\u0117ra susid\u0117v\u0117jimo, pa\u017eeidim\u0173 ar nuot\u0117ki\u0173 po\u017eymi\u0173. Ankstyvas problem\u0173 nustatymas gali pad\u0117ti i\u0161vengti brangaus remonto ir u\u017etikrinti veiklos efektyvum\u0105.<\/li>\n<li><strong>Tepimas:<\/strong> \u012esitikinkite, kad visos judan\u010dios dalys yra tinkamai suteptos, kad suma\u017eintum\u0117te trint\u012f ir i\u0161vengtum\u0117te prie\u0161laikinio susid\u0117v\u0117jimo. Optimaliam na\u0161umui naudokite gamintojo rekomenduojam\u0105 hidraulin\u0119 alyv\u0105.<\/li>\n<li><strong>Sandariklio keitimas:<\/strong> Steb\u0117kite tarpikli\u0173 b\u016bkl\u0119 ir prireikus juos keiskite, kad palaikytum\u0117te hidraulin\u012f sl\u0117g\u012f ir i\u0161vengtum\u0117te nuot\u0117ki\u0173. Reguliarus tarpikli\u0173 keitimas yra labai svarbus cilindro ilgaam\u017ei\u0161kumui.<\/li>\n<\/ul>\n<h2>\u012erengimo gair\u0117s<\/h2>\n<p>Proper installation of the Boom Cylinder is crucial for optimal performance. Begin by ensuring that the mounting brackets are securely attached and aligned correctly. Use appropriate installation supports to stabilize the cylinder during mounting. It is essential to follow the manufacturer&#8217;s specifications for torque settings to avoid damaging the cylinder. After installation, test the hydraulic system to verify that there are no leaks and that the cylinder operates smoothly. Regularly check the alignment and tightness of the mounting hardware to ensure ongoing performance.<\/p>\n<h2>\u012eprastos prie\u017ei\u016bros u\u017eduotys<\/h2>\n<ul>\n<li><strong>Reguliarus patikrinimas:<\/strong> Sudarykite \u012fprastin\u0117s patikros grafik\u0105, kad anksti nustatytum\u0117te galimas problemas. Ie\u0161kokite susid\u0117v\u0117jimo, nuot\u0117kio ir nesuderinamumo po\u017eymi\u0173. \u0160i\u0173 veiksni\u0173 steb\u0117jimas gali \u017eymiai pailginti hidraulinio cilindro tarnavimo laik\u0105.<\/li>\n<li><strong>Tinkamas tepimas:<\/strong> Reguliariai sutepkite visas judan\u010dias dalis tinkamu hidrauliniu skys\u010diu, kad u\u017etikrintum\u0117te skland\u0173 veikim\u0105. Tinkamas tepimas suma\u017eina trint\u012f ir susid\u0117v\u0117jim\u0105, o tai yra labai svarbu norint i\u0161laikyti hidraulin\u0117s sistemos efektyvum\u0105.<\/li>\n<li><strong>Sandariklio keitimas:<\/strong> Reguliariai steb\u0117kite sandariklius ir pakeiskite juos, kai atsiranda susid\u0117v\u0117jimo ar pa\u017eeidimo po\u017eymi\u0173. Naudojant auk\u0161tos kokyb\u0117s sandariklius ir laikantis gamintojo nurodym\u0173, galima i\u0161vengti nuot\u0117ki\u0173 ir palaikyti hidraulin\u012f sl\u0117g\u012f.<\/li>\n<\/ul>\n<h2>Saugos aspektai ir aplinkos veiksniai<\/h2>\n<p>Saugos priemon\u0117s yra labai svarbios eksploatuojant hidraulinius cilindrus. Operatoriai tur\u0117t\u0173 laikytis saugos protokol\u0173, pavyzd\u017eiui, d\u0117v\u0117ti apsaugines priemones ir u\u017etikrinti, kad prie\u0161 atliekant technin\u0119 prie\u017ei\u016br\u0105 hidraulin\u0117je sistemoje b\u016bt\u0173 suma\u017eintas sl\u0117gis. Be to, atsi\u017evelgiant \u012f aplinkos veiksnius, tokius kaip temperat\u016bra ir dr\u0117gm\u0117, galima i\u0161vengti problem\u0173, susijusi\u0173 su hidraulinio skys\u010dio veikimu ir cilindro vientisumu.<\/p>\n<h2>Trik\u010di\u0173 \u0161alinimas ir da\u017eniausiai pasitaikan\u010dios problemos<\/h2>\n<ul>\n<li><strong>\u017demas na\u0161umas:<\/strong> Tai gali nutikti d\u0117l nepakankamo hidraulinio skys\u010dio lygio arba sistemos nuot\u0117ki\u0173. Patikrinkite skys\u010dio lyg\u012f ir ap\u017ei\u016br\u0117kite, ar n\u0117ra nuot\u0117ki\u0173, kad i\u0161spr\u0119stum\u0117te problem\u0105.<\/li>\n<li><strong>Sandariklio gedimai:<\/strong> Nuot\u0117kio po\u017eymiai gali rodyti sandarikli\u0173 susid\u0117v\u0117jim\u0105. Reguliariai tikrinkite sandariklius ir prireikus juos keiskite, kad i\u0161laikytum\u0117te cilindro veikim\u0105.<\/li>\n<li><strong>Triuk\u0161mas veikimo metu:<\/strong> Per didelis triuk\u0161mas gali rodyti kavitacij\u0105 arba oro buvim\u0105 hidrauliniame skystyje. I\u0161leiskite i\u0161 sistemos or\u0105, kad pa\u0161alintum\u0117te susikaupus\u012f or\u0105 ir u\u017etikrintum\u0117te optimal\u0173 veikim\u0105.<\/li>\n<\/ul>\n<h2>Trik\u010di\u0173 \u0161alinimo patarimai ir sprendimai<\/h2>\n<p>Nor\u0117dami efektyviai diagnozuoti ir i\u0161spr\u0119sti hidraulinio cilindro problemas, operatoriai tur\u0117t\u0173 tvarkyti i\u0161sam\u0173 na\u0161umo ir technin\u0117s prie\u017ei\u016bros \u017eurnal\u0105. Reguliariai tikrinant hidraulinio skys\u010dio lyg\u012f, ar n\u0117ra nuot\u0117ki\u0173, ir u\u017etikrinant tinkam\u0105 suderinim\u0105, galima i\u0161vengti daugelio da\u017eniausiai pasitaikan\u010di\u0173 problem\u0173. Patartina per\u017ei\u016br\u0117ti gamintojo rekomendacijas, kaip pa\u0161alinti konkre\u010dias problemas, ir i\u0161 anksto \u012fgyvendinti prevencines priemones.<\/p>\n<p><img decoding=\"async\" src=\"https:\/\/www.hydraulic-cylinders.net\/wp-content\/uploads\/2025\/04\/songte-bushings-with-all-kinds-of-excavator-models.webp\" alt=\"Ekskavatoriaus komponentai\"><\/p>\n<h2>\u012emon\u0117s ap\u017evalga<\/h2>\n<p>Esame pirmaujanti hidraulini\u0173 cilindr\u0173 gamintoja ir didmenin\u0117s prekybos \u012fmon\u0117, specializuojam\u0117s gamindami auk\u0161tos kokyb\u0117s alternatyvas \u012fvairioms reikm\u0117ms. Platus gamini\u0173 asortimentas leido mums tapti \u017einomu \u017eaid\u0117ju tiek vidaus, tiek tarptautin\u0117se rinkose. Laikom\u0117s auk\u0161\u010diausios kokyb\u0117s princip\u0173, taikydami rafinuotas gamybos strategijas ir pa\u017eangias technologijas. M\u016bs\u0173 kvalifikuota darbo j\u0117ga kartu su auk\u0161\u010diausios klas\u0117s skaitmenine gamybos \u012franga ir profesionaliomis testavimo sistemomis nuolat tobulina m\u016bs\u0173 gamybos paj\u0117gumus. \u012esipareigoj\u0119 u\u017etikrinti auk\u0161t\u0105 efektyvum\u0105, tikslum\u0105 ir kokyb\u0119, mes tenkiname \u012fvairius klient\u0173 poreikius, teikdami individualius sprendimus.<\/p>\n<p><img decoding=\"async\" src=\"https:\/\/www.hydraulic-cylinders.net\/wp-content\/uploads\/2025\/04\/songte-company-4.webp\" alt=\"\u012emon\u0117s gamyba\"><br \/>\n<img decoding=\"async\" src=\"https:\/\/www.hydraulic-cylinders.net\/wp-content\/uploads\/2025\/04\/songte-company-3.webp\" alt=\"\u012emon\u0117s patalpos\"><\/p>\n<p>Autorius: lyl<\/p>","protected":false},"excerpt":{"rendered":"<p>Boom Cylinder For Kato Small Excavator HD512 Product Overview The Boom Cylinder for the Kato Small Excavator HD512 is a specialized hydraulic cylinder designed to control the movement of the bucket on various heavy machinery, including excavators, backhoe loaders, and front-end loaders. These cylinders enable the bucket to lift, lower, and tilt, facilitating material handling [&hellip;]<\/p>","protected":false},"featured_media":17871,"comment_status":"open","ping_status":"closed","template":"","meta":{"_et_pb_use_builder":"","_et_pb_old_content":"","_et_gb_content_width":""},"product_brand":[],"product_cat":[1546],"product_tag":[1547,1496],"class_list":{"0":"post-19743","1":"product","2":"type-product","3":"status-publish","4":"has-post-thumbnail","6":"product_cat-boom-cylinders","7":"product_tag-boom-cylinders","8":"product_tag-hydraulic-cylinders","10":"first","11":"instock","12":"shipping-taxable","13":"product-type-simple"},"amp_enabled":true,"_links":{"self":[{"href":"https:\/\/www.hydraulic-cylinders.net\/lt\/wp-json\/wp\/v2\/product\/19743","targetHints":{"allow":["GET"]}}],"collection":[{"href":"https:\/\/www.hydraulic-cylinders.net\/lt\/wp-json\/wp\/v2\/product"}],"about":[{"href":"https:\/\/www.hydraulic-cylinders.net\/lt\/wp-json\/wp\/v2\/types\/product"}],"replies":[{"embeddable":true,"href":"https:\/\/www.hydraulic-cylinders.net\/lt\/wp-json\/wp\/v2\/comments?post=19743"}],"wp:featuredmedia":[{"embeddable":true,"href":"https:\/\/www.hydraulic-cylinders.net\/lt\/wp-json\/wp\/v2\/media\/17871"}],"wp:attachment":[{"href":"https:\/\/www.hydraulic-cylinders.net\/lt\/wp-json\/wp\/v2\/media?parent=19743"}],"wp:term":[{"taxonomy":"product_brand","embeddable":true,"href":"https:\/\/www.hydraulic-cylinders.net\/lt\/wp-json\/wp\/v2\/product_brand?post=19743"},{"taxonomy":"product_cat","embeddable":true,"href":"https:\/\/www.hydraulic-cylinders.net\/lt\/wp-json\/wp\/v2\/product_cat?post=19743"},{"taxonomy":"product_tag","embeddable":true,"href":"https:\/\/www.hydraulic-cylinders.net\/lt\/wp-json\/wp\/v2\/product_tag?post=19743"}],"curies":[{"name":"wp","href":"https:\/\/api.w.org\/{rel}","templated":true}]}}