{"id":19744,"date":"2025-04-07T07:05:04","date_gmt":"2025-04-07T07:05:04","guid":{"rendered":"https:\/\/www.hydraulic-cylinders.net\/product\/boom-cylinder-for-kato-small-excavator-hd512-3\/"},"modified":"2025-04-07T07:05:07","modified_gmt":"2025-04-07T07:05:07","slug":"boom-cylinder-for-kato-small-excavator-hd512-3","status":"publish","type":"product","link":"https:\/\/www.hydraulic-cylinders.net\/lt\/produktas\/boom-cylinder-for-kato-small-excavator-hd512-3\/","title":{"rendered":"Kato ma\u017eo ekskavatoriaus HD512-3 str\u0117l\u0117s cilindras"},"content":{"rendered":"<h1>Kato ma\u017eo ekskavatoriaus HD512-3 str\u0117l\u0117s cilindras<\/h1>\n<h2>Str\u0117l\u0117s cilindro ap\u017evalga<\/h2>\n<p>Str\u0117l\u0117s cilindras yra esminis hidraulini\u0173 sistem\u0173 komponentas, pirmiausia skirtas valdyti kau\u0161\u0173 jud\u0117jim\u0105 \u012fvairiose sunkiosiose ma\u0161inose, tokiose kaip ekskavatoriai, ekskavatoriniai krautuvai ir frontaliniai krautuvai. \u0160is hidraulinis cilindras leid\u017eia kau\u0161ui pakelti, nuleisti ir pakreipti, taip efektyviai palengvinant med\u017eiag\u0173 tvarkymo u\u017eduotis. Str\u0117l\u0117s cilindras atlieka labai svarb\u0173 vaidmen\u012f statybin\u0117s \u012frangos na\u0161umui ir universalumui, nes leid\u017eia tiksliai valdyti ir perkelti sunkius krovinius, tod\u0117l jis yra nepakei\u010diamas statybos ir \u017eem\u0117s kasimo darbuose.<\/p>\n<p><img decoding=\"async\" src=\"https:\/\/www.hydraulic-cylinders.net\/wp-content\/uploads\/2025\/04\/songte-company-1.webp\" alt=\"Ekskavatoriaus str\u0117l\u0117s cilindras\" \/><\/p>\n<h2>M\u016bs\u0173 str\u0117l\u0117s cilindro savyb\u0117s<\/h2>\n<ul>\n<li>\n<h3>Didelis stiprumas ir ilgaam\u017ei\u0161kumas<\/h3>\n<p>M\u016bs\u0173 str\u0117l\u0117s cilindrai, pagaminti i\u0161 didelio stiprumo plieno arba aliuminio, yra sukurti taip, kad atlaikyt\u0173 auk\u0161t\u0105 sl\u0117g\u012f ir dideles apkrovas, prisitaikydami prie at\u0161iauri\u0173 darbo s\u0105lyg\u0173. Konstrukcijoje atsi\u017evelgiama \u012f atsparum\u0105 dilimui ir korozijai, taip pailginant gaminio tarnavimo laik\u0105.<\/p>\n<\/li>\n<li>\n<h3>Efektyvus hidraulinis valdymas<\/h3>\n<p>Naudodami hidraulinio skys\u010dio sl\u0117g\u012f, m\u016bs\u0173 cilindrai u\u017etikrina skland\u0173 i\u0161st\u016bmim\u0105 ir \u012ftraukim\u0105, u\u017etikrindami greit\u0105 reakcij\u0105 \u012f operatoriaus komandas ir galing\u0105 st\u016bmimo bei traukimo j\u0117g\u0105, idealiai tinkan\u010di\u0105 sunkioms ir sud\u0117tingoms eksploatavimo u\u017eduotims atlikti.<\/p>\n<\/li>\n<li>\n<h3>Tip\u0173 \u012fvairov\u0117<\/h3>\n<p>M\u016bs\u0173 str\u0117l\u0117s cilindrai b\u016bna \u012fvairi\u0173 modeli\u0173, \u012fskaitant vienpusio veikimo (veikian\u010dius viena kryptimi) ir dvigubo veikimo (veikian\u010dius abiem kryptimis) tipus. Kai kurie modeliai yra teleskopiniai, tod\u0117l pasiekiamas didesnis atstumas nedidinant i\u0161orini\u0173 matmen\u0173, tod\u0117l jie tinka naudoti ribotoje erdv\u0117je.<\/p>\n<\/li>\n<li>\n<h3>Tikslioji in\u017einerija<\/h3>\n<p>Kiekvienas cilindras yra grie\u017etai testuojamas ir kontroliuojamas pagal kokyb\u0119, siekiant u\u017etikrinti patikim\u0105 veikim\u0105 ir ilgaam\u017ei\u0161kum\u0105 sud\u0117tingomis s\u0105lygomis.<\/p>\n<\/li>\n<li>\n<h3>Universalios taikymo sritys<\/h3>\n<p>Sukurti taip, kad b\u016bt\u0173 suderinami su \u012fvairiais ekskavatori\u0173 modeliais, m\u016bs\u0173 cilindrai gali skland\u017eiai pakeisti originalias dalis (OEM), u\u017etikrinant optimal\u0173 na\u0161um\u0105.<\/p>\n<\/li>\n<\/ul>\n<p><img decoding=\"async\" src=\"https:\/\/www.hydraulic-cylinders.net\/wp-content\/uploads\/2025\/04\/songte-cylinder-head-with-all-kinds-excavator-models.webp\" alt=\"Ekskavatori\u0173 modeli\u0173 suderinamumas\" \/><\/p>\n<h2>Taikymo scenarijai<\/h2>\n<ul>\n<li>\n<h3>Statybin\u0117 \u012franga<\/h3>\n<p>Ekskavatoriuose str\u0117l\u0117s cilindrai yra labai svarb\u016bs kasant, kraunant ir perkeliant \u017eem\u0119 ar \u0161iuk\u0161les. J\u0173 funkcionalumas yra labai svarbus statybviet\u0117se, kai reikia kelti sunkius krovinius ir tiksliai i\u0161d\u0117styti med\u017eiagas.<\/p>\n<\/li>\n<li>\n<h3>\u017dem\u0117s \u016bkio technika<\/h3>\n<p>\u0160ie cilindrai, naudojami frontaliniuose krautuvuose, yra labai svarb\u016bs semiant, keliant ir transportuojant dirvo\u017eem\u012f, \u0161ien\u0105 ir kitas med\u017eiagas. J\u0173 efektyvus veikimas padidina produktyvum\u0105 \u017eem\u0117s \u016bkio operacijose.<\/p>\n<\/li>\n<li>\n<h3>Ekskavatoriai<\/h3>\n<p>Str\u0117l\u0117s cilindrai leid\u017eia kau\u0161ui efektyviai \u012fsiskverbti \u012f \u017eem\u0119, u\u017etikrinant efektyvius kasimo veiksmus, kurie yra gyvybi\u0161kai svarb\u016bs atliekant \u017eem\u0117s kasimo darbus.<\/p>\n<\/li>\n<li>\n<h3>Krautuvai<\/h3>\n<p>Priekiniuose krautuvuose str\u0117l\u0117s cilindrai padeda efektyviai pakelti ir i\u0161versti krovinius, tod\u0117l jie yra b\u016btini \u012frankiai med\u017eiag\u0173 tvarkymo ir statybos procesuose.<\/p>\n<\/li>\n<\/ul>\n<h2>Projektavimo aspektai ir atrankos kriterijai<\/h2>\n<ul>\n<li>\n<h3>Keliamoji galia<\/h3>\n<p>Renkantis str\u0117l\u0117s cilindr\u0105, labai svarbus yra keliamosios galios rodiklis. Jis turi geb\u0117ti pakelti numatomas apkrovas nesugesdamas. Tai rei\u0161kia, kad reikia atsi\u017evelgti tiek \u012f statines, tiek \u012f dinamines apkrovas eksploatacijos metu.<\/p>\n<\/li>\n<li>\n<h3>Sandarinimas<\/h3>\n<p>Efektyvus sandarinimas yra gyvybi\u0161kai svarbus siekiant i\u0161vengti hidraulinio skys\u010dio nuot\u0117kio, kuris gali pabloginti na\u0161um\u0105 ir sukelti pavoj\u0173 aplinkai. Auk\u0161tos kokyb\u0117s sandarikliai u\u017etikrina ilgalaik\u012f patikimum\u0105 ir minimali\u0105 prie\u017ei\u016br\u0105.<\/p>\n<\/li>\n<li>\n<h3>Patvarumas<\/h3>\n<p>Baliono med\u017eiaga ir konstrukcija turi \u012ftakos jo ilgaam\u017ei\u0161kumui. Pasirinkus med\u017eiagas, kurios yra atsparios dilimui ir korozijai, pailg\u0117ja gaminio tarnavimo laikas ir suma\u017e\u0117ja keitimo da\u017enumas.<\/p>\n<\/li>\n<li>\n<h3>Saugumas<\/h3>\n<p>\u012erengus tokias saugos funkcijas kaip sl\u0117gio ma\u017einimo vo\u017etuvai, u\u017etikrinamas saugus veikimas \u012fvairiomis s\u0105lygomis, o tai labai svarbu didel\u0117s rizikos aplinkoje, pavyzd\u017eiui, statybviet\u0117se.<\/p>\n<\/li>\n<li>\n<h3>Prie\u017ei\u016bra<\/h3>\n<p>Labai svarbu projektuoti cilindrus taip, kad juos b\u016bt\u0173 lengva pri\u017ei\u016br\u0117ti. Svarbiausi\u0173 komponent\u0173 prieinamumas ap\u017ei\u016brai ir techninei prie\u017ei\u016brai gali gerokai suma\u017einti prastovas.<\/p>\n<\/li>\n<\/ul>\n<p><img decoding=\"async\" src=\"https:\/\/www.hydraulic-cylinders.net\/wp-content\/uploads\/2025\/04\/songte-oil-pipes-and-spare-parts.webp\" alt=\"Hidraulin\u0117s dalys ir prie\u017ei\u016bra\" \/><\/p>\n<h2>Sandarinimas ir tepimas<\/h2>\n<p>Tinkamas sandarinimas ir tepimas yra b\u016btini hidraulini\u0173 cilindr\u0173 ilgaam\u017ei\u0161kumui. \u012evair\u016bs sandarikliai, pavyzd\u017eiui, st\u016bmokli\u0173 ir kot\u0173 sandarikliai, yra pagaminti i\u0161 patvari\u0173 med\u017eiag\u0173, toki\u0173 kaip poliuretanas ir nitrilo kau\u010diukas, kurios u\u017etikrina puik\u0173 atsparum\u0105 dilimui. Tiksliai apdirbti cilindro korpuso ir sriegini\u0173 gal\u0173 pavir\u0161iai padidina patvarum\u0105 ir suma\u017eina nusid\u0117v\u0117jim\u0105. Reguliarus tepimas \u012fpilant pakankam\u0105 kiek\u012f hidraulin\u0117s alyvos yra b\u016btinas norint i\u0161laikyti optimal\u0173 na\u0161um\u0105 ir i\u0161vengti sauso veikimo s\u0105lyg\u0173, kurios gali sukelti prie\u0161laikin\u012f gedim\u0105.<\/p>\n<h2>Prevencin\u0117s prie\u017ei\u016bros priemon\u0117s<\/h2>\n<ul>\n<li>\n<h3>Reguliar\u016bs patikrinimai<\/h3>\n<p>Reguliariai tikrinant hidraulinius cilindrus, ar n\u0117ra nuot\u0117ki\u0173, susid\u0117v\u0117jimo ir kit\u0173 gedimo po\u017eymi\u0173, galima nustatyti problemas, kol jos netapo rimtomis.<\/p>\n<\/li>\n<li>\n<h3>Tinkamas tepimas<\/h3>\n<p>Tinkamas tepimo lygis ir tinkamo tipo hidraulin\u0117s alyvos naudojimas yra labai svarb\u016bs skland\u017eiam veikimui ir trinties tarp judan\u010di\u0173 dali\u0173 ma\u017einimui.<\/p>\n<\/li>\n<li>\n<h3>Sandariklio keitimas<\/h3>\n<p>Reguliariai tikrinant ir kei\u010diant tarpiklius pagal poreik\u012f, palaikomas hidraulinis sl\u0117gis ir i\u0161vengiama nuot\u0117ki\u0173, u\u017etikrinant efektyv\u0173 sistemos veikim\u0105.<\/p>\n<\/li>\n<\/ul>\n<h2>\u012erengimo gair\u0117s<\/h2>\n<p>Tinkamas str\u0117l\u0117s cilindro montavimas yra labai svarbus jo veikimui ir ilgaam\u017ei\u0161kumui. Pirmiausia \u012fsitikinkite, kad cilindras yra tinkamai sulygiuotas su ekskavatoriaus tvirtinimo ta\u0161kais. Patartina naudoti tinkamus tvirtinimo laikiklius, kad cilindras tvirtai pritvirtint\u0173. \u012esitikinkite, kad visa jungiamoji detal\u0117 yra priver\u017eta pagal gamintojo specifikacijas, kad eksploatacijos metu neatsilaisvint\u0173. Be to, prie\u0161 i\u0161bandydami cilindro veikim\u0105, patikrinkite, ar n\u0117ra hidraulini\u0173 jung\u010di\u0173 nuot\u0117kio, ir \u012fsitikinkite, kad hidraulin\u0117s alyvos lygis yra tinkamas. Visada atid\u017eiai laikykit\u0117s gamintojo montavimo instrukcij\u0173, kad u\u017etikrintum\u0117te optimal\u0173 veikim\u0105.<\/p>\n<h2>\u012eprastos prie\u017ei\u016bros u\u017eduotys<\/h2>\n<ul>\n<li>\n<h3>Reguliar\u016bs patikrinimai<\/h3>\n<p>Da\u017enai tikrinkite hidraulin\u0117s sistemos sl\u0117g\u012f ir veikim\u0105. Stebint bet kokius pa\u017eeidimus, u\u017etikrinama, kad nedidel\u0117s problemos b\u016bt\u0173 nedelsiant i\u0161spr\u0119stos, kol neatsirast\u0173 dideli\u0173 gedim\u0173.<\/p>\n<\/li>\n<li>\n<h3>Tinkamas tepimas<\/h3>\n<p>U\u017etikrinkite tinkam\u0105 tepim\u0105 naudodami auk\u0161tos kokyb\u0117s hidraulin\u0119 alyv\u0105 ir tepdami j\u0105 rekomenduojamais intervalais, kad suma\u017eintum\u0117te cilindro komponent\u0173 susid\u0117v\u0117jim\u0105.<\/p>\n<\/li>\n<li>\n<h3>Sandariklio keitimas ir kalibravimas<\/h3>\n<p>Reguliariai keiskite susid\u0117v\u0117jusius sandariklius ir atlikite kalibravimo patikrinimus, kad i\u0161laikytum\u0117te hidraulini\u0173 operacij\u0173 tikslum\u0105. Tai padidins sistemos patikimum\u0105 ir efektyvum\u0105.<\/p>\n<\/li>\n<\/ul>\n<p><img decoding=\"async\" src=\"https:\/\/www.hydraulic-cylinders.net\/wp-content\/uploads\/2025\/04\/songte-chushion-collar.webp\" alt=\"Cilindro amortizacija\" \/><\/p>\n<h2>Saugos aspektai ir aplinkos veiksniai<\/h2>\n<p>Eksploatuojant hidraulinius cilindrus, saugos priemon\u0117s yra nepaprastai svarbios siekiant apsaugoti personal\u0105 ir \u012frang\u0105. Visada \u012fsitikinkite, kad yra apsaugos priemon\u0117s ir kad operatoriai yra apmokyti tinkam\u0173 elgesio metod\u0173. Taip pat reik\u0117t\u0173 atsi\u017evelgti \u012f aplinkos veiksnius, tokius kaip ekstremali temperat\u016bra ir s\u0105lytis su korozin\u0117mis med\u017eiagomis, nes jie gali tur\u0117ti \u012ftakos cilindro veikimui ir tarnavimo laikui. Reguliar\u016bs mokymai apie saugos protokolus ir aplinkosaugin\u012f s\u0105moningum\u0105 gali \u017eymiai suma\u017einti nelaiming\u0173 atsitikim\u0173 ir \u012frangos gedim\u0173 rizik\u0105.<\/p>\n<h2>Gedim\u0173 diagnostika ir da\u017eniausios problemos<\/h2>\n<ul>\n<li>\n<h3>Hidrauliniai nuot\u0117kiai<\/h3>\n<p>Nuot\u0117kiai da\u017enai rodo susid\u0117v\u0117jusius sandariklius arba pa\u017eeistus komponentus. Reguliariai tikrinkite sistem\u0105, ar n\u0117ra skys\u010di\u0173 nuot\u0117kio po\u017eymi\u0173, ir nedelsdami spr\u0119skite problem\u0105, kad i\u0161vengtum\u0117te veikimo sutrikim\u0173.<\/p>\n<\/li>\n<li>\n<h3>Nepastovus jud\u0117jimas<\/h3>\n<p>Jei cilindras juda netolygiai arba nereaguoja, tai gali b\u016bti d\u0117l \u017eemo hidraulinio skys\u010dio lygio arba oro sistemoje. Patikrinkite skys\u010dio lyg\u012f ir i\u0161leiskite or\u0105 i\u0161 linij\u0173, kad atkurtum\u0117te tinkam\u0105 veikim\u0105.<\/p>\n<\/li>\n<li>\n<h3>Perkaitimas<\/h3>\n<p>Per didelis kar\u0161tis gali b\u016bti perkrovos arba nepakankamo tepimo po\u017eymis. \u012esitikinkite, kad cilindras n\u0117ra veikiamas apkrov\u0173, vir\u0161ijan\u010di\u0173 jo leid\u017eiam\u0105j\u0105 gali\u0105, ir kad b\u016bt\u0173 palaikomas tinkamas tepimas.<\/p>\n<\/li>\n<\/ul>\n<h2>Trik\u010di\u0173 \u0161alinimo ir prevencini\u0173 priemoni\u0173 patarimai<\/h2>\n<p>Norint efektyviai diagnozuoti gedimus, tvarkykite vis\u0173 hidraulin\u0117s sistemos problem\u0173 ir atlikt\u0173 remonto darb\u0173 \u017eurnal\u0105. Reguliar\u016bs technin\u0117s prie\u017ei\u016bros patikrinimai ir neatid\u0117liotinas d\u0117mesys bet kokiems nusid\u0117v\u0117jimo po\u017eymiams gali gerokai suma\u017einti rimt\u0173 problem\u0173 tikimyb\u0119. \u012egyvendinus prevencin\u0117s technin\u0117s prie\u017ei\u016bros grafik\u0105, apimant\u012f \u012fprastinius patikrinimus ir technin\u0119 prie\u017ei\u016br\u0105, padid\u0117s patikimumas ir pailg\u0117s str\u0117l\u0117s cilindro tarnavimo laikas.<\/p>\n<p><img decoding=\"async\" src=\"https:\/\/www.hydraulic-cylinders.net\/wp-content\/uploads\/2025\/04\/songte-bushings-with-all-kinds-of-excavator-models.webp\" alt=\"Ekskavatori\u0173 \u012fvor\u0117s\" \/><\/p>\n<h2>\u012emon\u0117s pristatymas<\/h2>\n<p>Esame pirmaujantis alternatyvi\u0173 hidraulini\u0173 cilindr\u0173 gamintojas, si\u016blantis plat\u0173 produkt\u0173 asortiment\u0105, kuris leid\u017eia mums b\u016bti tarp geriausi\u0173 didmeninink\u0173 tiek vidaus, tiek tarptautin\u0117se rinkose. Laikom\u0117s kokyb\u0117s princip\u0173, taikydami pramonin\u0117s gamybos valdymo strategij\u0105, kurioje pabr\u0117\u017eiami rafinuoti gamybos procesai. M\u016bs\u0173 \u012fmon\u0117 investuoja \u012f kvalifikuotus techninius darbuotojus, moderniausi\u0105 skaitmenin\u0119 gamybos \u012frang\u0105 ir specializuotas bandym\u0173 sistemas, kad nuolat didint\u0173 savo gamybos paj\u0117gumus. Didel\u012f d\u0117mes\u012f skirdami efektyvumui, tikslumui ir kokybei, esame pasiry\u017e\u0119 patenkinti \u012fvairius klient\u0173 poreikius, teikdami individualius sprendimus ir patikim\u0105 garantin\u012f aptarnavim\u0105.<\/p>\n<p><img decoding=\"async\" src=\"https:\/\/www.hydraulic-cylinders.net\/wp-content\/uploads\/2025\/04\/songte-company-4.webp\" alt=\"\u012emon\u0117s ap\u017evalga\" \/><br \/>\n<img decoding=\"async\" src=\"https:\/\/www.hydraulic-cylinders.net\/wp-content\/uploads\/2025\/04\/songte-company-3.webp\" alt=\"Gamybos \u012fmon\u0117\" \/><\/p>\n<p>Autorius: lyl<\/p>","protected":false},"excerpt":{"rendered":"<p>Boom Cylinder For Kato Small Excavator HD512-3 Overview of Boom Cylinder The boom cylinder is an essential component in hydraulic systems, primarily designed to control the movement of buckets in various heavy machinery, such as excavators, backhoe loaders, and front loaders. This hydraulic cylinder enables the bucket to lift, lower, and tilt, facilitating material handling [&hellip;]<\/p>","protected":false},"featured_media":17872,"comment_status":"open","ping_status":"closed","template":"","meta":{"_et_pb_use_builder":"","_et_pb_old_content":"","_et_gb_content_width":""},"product_brand":[],"product_cat":[1546],"product_tag":[1547,1496],"class_list":{"0":"post-19744","1":"product","2":"type-product","3":"status-publish","4":"has-post-thumbnail","6":"product_cat-boom-cylinders","7":"product_tag-boom-cylinders","8":"product_tag-hydraulic-cylinders","10":"first","11":"instock","12":"shipping-taxable","13":"product-type-simple"},"amp_enabled":true,"_links":{"self":[{"href":"https:\/\/www.hydraulic-cylinders.net\/lt\/wp-json\/wp\/v2\/product\/19744","targetHints":{"allow":["GET"]}}],"collection":[{"href":"https:\/\/www.hydraulic-cylinders.net\/lt\/wp-json\/wp\/v2\/product"}],"about":[{"href":"https:\/\/www.hydraulic-cylinders.net\/lt\/wp-json\/wp\/v2\/types\/product"}],"replies":[{"embeddable":true,"href":"https:\/\/www.hydraulic-cylinders.net\/lt\/wp-json\/wp\/v2\/comments?post=19744"}],"wp:featuredmedia":[{"embeddable":true,"href":"https:\/\/www.hydraulic-cylinders.net\/lt\/wp-json\/wp\/v2\/media\/17872"}],"wp:attachment":[{"href":"https:\/\/www.hydraulic-cylinders.net\/lt\/wp-json\/wp\/v2\/media?parent=19744"}],"wp:term":[{"taxonomy":"product_brand","embeddable":true,"href":"https:\/\/www.hydraulic-cylinders.net\/lt\/wp-json\/wp\/v2\/product_brand?post=19744"},{"taxonomy":"product_cat","embeddable":true,"href":"https:\/\/www.hydraulic-cylinders.net\/lt\/wp-json\/wp\/v2\/product_cat?post=19744"},{"taxonomy":"product_tag","embeddable":true,"href":"https:\/\/www.hydraulic-cylinders.net\/lt\/wp-json\/wp\/v2\/product_tag?post=19744"}],"curies":[{"name":"wp","href":"https:\/\/api.w.org\/{rel}","templated":true}]}}