{"id":19745,"date":"2025-04-07T07:05:07","date_gmt":"2025-04-07T07:05:07","guid":{"rendered":"https:\/\/www.hydraulic-cylinders.net\/product\/boom-cylinder-for-kato-small-excavator-hd770-1-2-7\/"},"modified":"2025-04-07T07:05:10","modified_gmt":"2025-04-07T07:05:10","slug":"boom-cylinder-for-kato-small-excavator-hd770-1-2-7","status":"publish","type":"product","link":"https:\/\/www.hydraulic-cylinders.net\/lt\/produktas\/boom-cylinder-for-kato-small-excavator-hd770-1-2-7\/","title":{"rendered":"Kato ma\u017eo ekskavatoriaus HD770-1-2-7 str\u0117l\u0117s cilindras"},"content":{"rendered":"<h1>Kato ma\u017eo ekskavatoriaus HD770-1-2-7 str\u0117l\u0117s cilindras<\/h1>\n<h2>Produkto ap\u017evalga<\/h2>\n<p>\u201eKato Small Excavator HD770-1-2-7\u201c str\u0117l\u0117s cilindras yra esminis hidraulinis komponentas, specialiai sukurtas \u012fvairioms sunkiosioms ma\u0161inoms. \u0160is hidraulinis cilindras yra labai svarbus ekskavatori\u0173, ekskavatori\u0173-krautuv\u0173 ir frontalini\u0173 krautuv\u0173 kau\u0161o jud\u0117jimui valdyti, leid\u017eiant kau\u0161\u0105 pakelti, nuleisti ir pakreipti, taip efektyviai palengvinant med\u017eiag\u0173 tvarkymo u\u017eduotis.<\/p>\n<p>Kau\u0161o cilindrai yra hidraulini\u0173 cilindr\u0173 tipas, veikiantis hidraulin\u0117se sistemose, panaudojant hidraulinio skys\u010dio sl\u0117g\u012f mechaniniam jud\u0117jimui sukurti. J\u0173 pagrindin\u0117 funkcija yra valdyti kasimo kau\u0161o veikim\u0105, kuris yra gyvybi\u0161kai svarbus statybose, \u017eem\u0117s \u016bkyje ir \u012fvairiose pramon\u0117s \u0161akose.<\/p>\n<p><img decoding=\"async\" src=\"https:\/\/www.hydraulic-cylinders.net\/wp-content\/uploads\/2025\/04\/songte-company-1.webp\" alt=\"Kato ma\u017eo ekskavatoriaus str\u0117l\u0117s cilindras\"><\/p>\n<h2>Str\u0117l\u0117s cilindro savyb\u0117s<\/h2>\n<ul>\n<li><strong>Didelis stiprumas ir ilgaam\u017ei\u0161kumas:<\/strong> Paprastai pagaminti i\u0161 didelio stiprumo plieno arba aliuminio, \u0161ie cilindrai gali atlaikyti auk\u0161t\u0105 sl\u0117g\u012f ir dideles apkrovas, tod\u0117l tinka at\u0161iaurioms darbo aplinkoms. Jie sukurti atsi\u017evelgiant \u012f atsparum\u0105 dilimui ir korozijai, taip pailginant j\u0173 tarnavimo laik\u0105.<\/li>\n<li><strong>Efektyvus hidraulinis valdymas:<\/strong> Cilindras naudoja hidraulinio skys\u010dio sl\u0117g\u012f, kad skland\u017eiai i\u0161skleist\u0173 ir atitraukt\u0173, tod\u0117l greitai reaguoti \u012f veikimo komandas ir u\u017etikrinti didel\u0119 st\u016bmimo bei traukimo j\u0117g\u0105, reikaling\u0105 sunkiems objektams tvarkyti ir sud\u0117tingoms u\u017eduotims atlikti.<\/li>\n<li><strong>\u012evair\u016bs tipai:<\/strong> Priklausomai nuo pritaikymo poreiki\u0173, klientai gali rinktis vieno veikimo (hidraulin\u0117s j\u0117gos naudojimas viena kryptimi) arba dvigubo veikimo (hidraulin\u0117s j\u0117gos naudojimas abiem kryptimis) cilindrus. Kai kurie modeliai yra teleskopiniai, tod\u0117l juos galima labiau i\u0161tiesti nedidinant i\u0161orini\u0173 matmen\u0173, tod\u0117l jie idealiai tinka naudoti ribotoje erdv\u0117je.<\/li>\n<\/ul>\n<p>Mes galime pagaminti \u0161\u012f produkt\u0105, o m\u016bs\u0173 cilindrai gali puikiai pakeisti esamus hidraulinius cilindrus rinkoje.<\/p>\n<p><img decoding=\"async\" src=\"https:\/\/www.hydraulic-cylinders.net\/wp-content\/uploads\/2025\/04\/songte-cylinder-head-with-all-kinds-excavator-models.webp\" alt=\"Pakei\u010diamieji hidrauliniai cilindrai\"><\/p>\n<h2>Hidraulinio cilindro pritaikymas<\/h2>\n<h3>Statybin\u0117 \u012franga<\/h3>\n<p>Ekskavatoriuose str\u0117l\u0117s cilindras atlieka itin svarb\u0173 vaidmen\u012f kasant, kraunant ir perkeliant grunt\u0105 ar \u0161iuk\u0161les. Jis leid\u017eia kau\u0161ui efektyviai \u012fsiskverbti \u012f \u017eem\u0119, palengvindamas kasimo proces\u0105. Be to, ekskavatoriuose-krautuvuose str\u0117l\u0117s cilindras yra labai svarbus tiek kasimo, tiek k\u0117limo operacijoms, didinant bendr\u0105 na\u0161um\u0105 statybviet\u0117se.<\/p>\n<h3>\u017dem\u0117s \u016bkio technika<\/h3>\n<p>For front loaders, the boom cylinder is essential for scooping, lifting, and transporting soil, hay, and other materials. Its ability to control the bucket&#8217;s motion allows farmers to manage agricultural tasks efficiently, ensuring timely operations such as planting and harvesting.<\/p>\n<h3>Ekskavatoriai<\/h3>\n<p>Str\u0117l\u0117s cilindras leid\u017eia ekskavatoriams atlikti kasimo veiksmus, leisdamas kau\u0161ui \u012fsiskverbti \u012f dirv\u0105, tod\u0117l tai yra nepakei\u010diamas komponentas atliekant \u012fvairius kasimo darbus. Tvirta konstrukcija u\u017etikrina patikimum\u0105 net sud\u0117tingomis s\u0105lygomis ir padeda efektyviai atlikti projektus.<\/p>\n<h3>Krautuvai<\/h3>\n<p>Priekiniuose krautuvuose str\u0117l\u0117s cilindras padeda efektyviai kelti ir i\u0161versti krovinius. Jo hidraulin\u0117 galia leid\u017eia operatoriams lengvai manevruoti sunkiomis med\u017eiagomis, taip pagerinant veiklos efektyvum\u0105 ir suma\u017einant rankinio darbo s\u0105naudas.<\/p>\n<h2>Projektavimo aspektai ir atrankos kriterijai<\/h2>\n<h3>Keliamoji galia<\/h3>\n<p>Str\u0117l\u0117s cilindro keliamoji galia yra labai svarbus veiksnys, \u012f kur\u012f reikia atsi\u017evelgti projektuojant. Ji lemia svor\u012f, kur\u012f cilindras gali saugiai pakelti ir valdyti. In\u017einieriai turi apskai\u010diuoti numatomas apkrovas realiomis s\u0105lygomis, kad u\u017etikrint\u0173, jog cilindras veiks be gedim\u0173. Hidraulinio cilindro perkrova gali sukelti katastrofi\u0161k\u0105 gedim\u0105, kuris gali b\u016bti pavojingas ir brangus.<\/p>\n<h3>Sandarinimas<\/h3>\n<p>Sandarinimas yra labai svarbus siekiant u\u017etikrinti, kad hidraulinis skystis nei\u0161tek\u0117t\u0173 i\u0161 cilindro, i\u0161laikant efektyvum\u0105 ir na\u0161um\u0105. Tinkamos sandarinimo med\u017eiagos, tokios kaip poliuretanas arba nitrilo kau\u010diukas, parenkamos d\u0117l j\u0173 ilgaam\u017ei\u0161kumo ir atsparumo dilimui. Konstrukcijoje taip pat turi b\u016bti numatyti veiksmingi sandarinimo mechanizmai, kad b\u016bt\u0173 galima atlaikyti veikimo sl\u0117g\u012f ir dinamik\u0105.<\/p>\n<h3>Patvarumas<\/h3>\n<p>Projektuojant hidraulinius cilindrus, svarbiausias r\u016bpestis yra patvarumas. Jie turi atlaikyti at\u0161iaurias aplinkos s\u0105lygas, \u012fskaitant ekstremalias temperat\u016bras, dr\u0117gm\u0119 ir abrazyvines med\u017eiagas. Konstrukcijoje naudojamos med\u017eiagos turi b\u016bti atsparios korozijai ir dilimui, u\u017etikrinant ilg\u0105 tarnavimo laik\u0105. Reguliar\u016bs bandymai ir kokyb\u0117s patikrinimai gamybos metu yra b\u016btini norint i\u0161laikyti patvarumo standartus.<\/p>\n<h3>Saugumas<\/h3>\n<p>Siekiant i\u0161vengti nelaiming\u0173 atsitikim\u0173 eksploatacijos metu, \u012f str\u0117l\u0117s cilindr\u0173 konstrukcij\u0105 turi b\u016bti integruotos saugos funkcijos. Tai apima gedim\u0173 prevencijos mechanizmus, skirtus u\u017ekirsti keli\u0105 nevaldomam jud\u0117jimui, ir apsaugines dangas, apsaugan\u010dias operatorius nuo hidraulinio skys\u010dio nuot\u0117kio. Siekiant u\u017etikrinti pramon\u0117s reglament\u0173 laikym\u0105si, viso gamybos proceso metu turi b\u016bti laikomasi saugos standart\u0173.<\/p>\n<h3>Prie\u017ei\u016bra<\/h3>\n<p>Hidraulini\u0173 cilindr\u0173 projektavimas atsi\u017evelgiant \u012f technin\u0119 prie\u017ei\u016br\u0105 yra labai svarbus. Komponentai tur\u0117t\u0173 b\u016bti lengvai prieinami remontui ir keitimui, o konstrukcija tur\u0117t\u0173 palengvinti reguliari\u0105 technin\u0119 prie\u017ei\u016br\u0105. Tai apima paprast\u0105 prieig\u0105 prie tepimo ta\u0161k\u0173 ir galimyb\u0119 pakeisti sandariklius nei\u0161ardant viso cilindro. Tinkama prie\u017ei\u016bra pailgina cilindro tarnavimo laik\u0105 ir u\u017etikrina pastov\u0173 veikim\u0105.<\/p>\n<p><img decoding=\"async\" src=\"https:\/\/www.hydraulic-cylinders.net\/wp-content\/uploads\/2025\/04\/songte-oil-pipes-and-spare-parts.webp\" alt=\"Hidraulini\u0173 cilindr\u0173 prie\u017ei\u016bros dalys\"><\/p>\n<h2>Sandarinimas ir tepimas<\/h2>\n<p>Efektyvus sandarinimas ir tepimas yra nepaprastai svarb\u016bs hidraulini\u0173 cilindr\u0173 veikimui. Siekiant i\u0161vengti nuot\u0117ki\u0173 ir palaikyti hidraulin\u012f sl\u0117g\u012f, naudojami \u012fvair\u016bs sandarinimo komponentai, tokie kaip st\u016bmokli\u0173 ir kot\u0173 sandarikliai. Sandarikliai da\u017enai gaminami i\u0161 atspari\u0173 dilimui med\u017eiag\u0173, toki\u0173 kaip poliuretanas ir nitrilo kau\u010diukas, siekiant padidinti j\u0173 ilgaam\u017ei\u0161kum\u0105. Cilindro korpusas ir srieginiai galai yra tiksliai apdirbami, siekiant pagerinti atsparum\u0105 dilimui.<\/p>\n<p>Reguliarus tepimas hidrauline alyva yra b\u016btinas norint u\u017etikrinti skland\u0173 jud\u0117jim\u0105 ir i\u0161vengti vidini\u0173 komponent\u0173 susid\u0117v\u0117jimo. Operatoriai tur\u0117t\u0173 laikytis rekomenduojam\u0173 alyvos lygio tikrinimo ir tepimo interval\u0173, kad i\u0161laikyt\u0173 optimal\u0173 na\u0161um\u0105.<\/p>\n<h2>Prevencin\u0117s prie\u017ei\u016bros priemon\u0117s<\/h2>\n<ul>\n<li><strong>Reguliar\u016bs patikrinimai:<\/strong> Reguliariai tikrinkite hidraulin\u0119 sistem\u0105, ar n\u0117ra nuot\u0117ki\u0173, susid\u0117v\u0117jimo ir \u012fply\u0161im\u0173. Ankstyvas problem\u0173 nustatymas gali pad\u0117ti i\u0161vengti didesni\u0173 problem\u0173 ir brangaus remonto.<\/li>\n<li><strong>Tinkamas tepimas:<\/strong> \u012esitikinkite, kad str\u0117l\u0117s cilindras ir susij\u0119 komponentai yra tinkamai sutepti tinkamo tipo ir kiekio hidrauline alyva. Tai suma\u017eina trint\u012f ir susid\u0117v\u0117jim\u0105 eksploatacijos metu.<\/li>\n<li><strong>Sandariklio keitimas:<\/strong> Reguliariai tikrinkite ir prireikus keiskite sandariklius. Susid\u0117v\u0117j\u0119 sandarikliai gali sukelti nuot\u0117kius, suma\u017einti sistemos efektyvum\u0105 ir padidinti gedimo rizik\u0105.<\/li>\n<\/ul>\n<h2>\u012erengimo gair\u0117s<\/h2>\n<p>Tinkamas str\u0117l\u0117s cilindro montavimas yra labai svarbus optimaliam na\u0161umui ir ilgaam\u017ei\u0161kumui. Atlikite \u0161iuos veiksmus:<\/p>\n<ol>\n<li><strong>Sulygiuokite cilindr\u0105:<\/strong> \u012esitikinkite, kad cilindras yra tinkamai sulygiuotas su mechanizmo tvirtinimo ta\u0161kais. Neteisingas sulygiavimas gali sukelti pernelyg didel\u0119 apkrov\u0105 ir prie\u0161laikin\u012f gedim\u0105.<\/li>\n<li><strong>Naudokite tinkamus tvirtinimo laikiklius:<\/strong> Pritvirtinkite cilindr\u0105 tinkamais tvirtinimo laikikliais, kad i\u0161laikytum\u0117te jo pad\u0117t\u012f ir nejud\u0117tum\u0117te eksploatacijos metu.<\/li>\n<li><strong>Patikrinkite jungtis:<\/strong> Prie\u0161 naudodami patikrinkite, ar visos hidraulin\u0117s jungtys yra sandarios ir be nuot\u0117ki\u0173. Atsilaisvinusios jungtys gali lemti hidraulinio sl\u0117gio ir na\u0161umo suma\u017e\u0117jim\u0105.<\/li>\n<li><strong>Sistemos testavimas:<\/strong> \u012edieg\u0119 cilindr\u0105, atlikite bandom\u0105j\u012f paleidim\u0105, kad \u012fsitikintum\u0117te, jog jis veikia skland\u017eiai ir efektyviai, be joki\u0173 nuot\u0117ki\u0173 ar problem\u0173.<\/li>\n<\/ol>\n<h2>\u012eprastos prie\u017ei\u016bros u\u017eduotys<\/h2>\n<ul>\n<li><strong>Reguliar\u016bs patikrinimai:<\/strong> Suplanuokite \u012fprastinius hidraulinio cilindro patikrinimus, kad patikrintum\u0117te, ar n\u0117ra nuot\u0117ki\u0173, susid\u0117v\u0117jimo ir ar veikia. Ankstyvas problem\u0173 nustatymas gali pad\u0117ti i\u0161vengti dideli\u0173 problem\u0173 ateityje.<\/li>\n<li><strong>Tinkamas tepimas:<\/strong> Reguliariai sutepkite hidraulin\u012f cilindr\u0105 rekomenduojama hidrauline alyva, kad u\u017etikrintum\u0117te skland\u0173 veikim\u0105. Nepakankamas tepimas gali padidinti trint\u012f ir susid\u0117v\u0117jim\u0105.<\/li>\n<li><strong>Sandariklio keitimas:<\/strong> Steb\u0117kite sandarikli\u0173 susid\u0117v\u0117jim\u0105 ir prireikus juos pakeiskite. Susid\u0117v\u0117j\u0119 sandarikliai gali sukelti nuot\u0117kius ir hidraulinio sl\u0117gio suma\u017e\u0117jim\u0105, o tai turi \u012ftakos bendram na\u0161umui.<\/li>\n<\/ul>\n<h2>Saugos aspektai<\/h2>\n<p>Naudojant ir pri\u017ei\u016brint hidraulinius cilindrus, saugos priemon\u0117s yra nepaprastai svarbios. Atliekant patikrinimo ir remonto darbus, b\u016btina d\u0117v\u0117ti tinkamas asmenines apsaugos priemones (AAP). Tinkamas mokymas apie hidraulin\u0117s saugos protokolus yra labai svarbus siekiant i\u0161vengti nelaiming\u0173 atsitikim\u0173 ir su\u017ealojim\u0173, kuriuos sukelia hidrauliniai gedimai ar netinkamas \u012frangos naudojimas.<\/p>\n<h2>Trik\u010di\u0173 \u0161alinimas ir da\u017eniausiai pasitaikan\u010dios problemos<\/h2>\n<ul>\n<li><strong>Nuot\u0117kis:<\/strong> Viena i\u0161 da\u017eniausi\u0173 hidraulini\u0173 cilindr\u0173 problem\u0173 yra nuot\u0117kis. Tai gali atsirasti d\u0117l susid\u0117v\u0117jusi\u0173 sandarikli\u0173 arba pa\u017eeist\u0173 komponent\u0173. Reguliarios patikros gali pad\u0117ti nustatyti nuot\u0117kio \u0161altin\u012f.<\/li>\n<li><strong>L\u0117tas arba nenuoseklus jud\u0117jimas:<\/strong> \u0160i problema da\u017enai rodo hidraulinio skys\u010dio lygio problem\u0105 arba u\u017esikim\u0161imus hidraulin\u0117je sistemoje. Patikrinkite skys\u010dio lyg\u012f ir \u012fsitikinkite, kad hidraulin\u0117se linijose n\u0117ra kli\u016b\u010di\u0173.<\/li>\n<li><strong>Per didelis triuk\u0161mas:<\/strong> Ne\u012fprasti garsai veikimo metu gali rodyti or\u0105 hidraulin\u0117je sistemoje arba nepakankam\u0105 tepim\u0105. I\u0161leiskite or\u0105 i\u0161 sistemos ir u\u017etikrinkite tinkam\u0105 tepimo lyg\u012f.<\/li>\n<\/ul>\n<p>Nor\u0117dami efektyviai diagnozuoti ir i\u0161spr\u0119sti problemas, operatoriai tur\u0117t\u0173 laikytis rekomenduojam\u0173 trik\u010di\u0173 \u0161alinimo veiksm\u0173 ir prireikus kreiptis \u012f technin\u0119 pagalb\u0105.<\/p>\n<p><img decoding=\"async\" src=\"https:\/\/www.hydraulic-cylinders.net\/wp-content\/uploads\/2025\/04\/songte-bushings-with-all-kinds-of-excavator-models.webp\" alt=\"Hidraulinio cilindro trik\u010di\u0173 \u0161alinimas\"><\/p>\n<h2>\u012emon\u0117s pristatymas<\/h2>\n<p>Esame gamintojas, kuris specializuojasi hidraulini\u0173 cilindr\u0173 keitime ir si\u016blo plat\u0173 gamini\u0173 asortiment\u0105. M\u016bs\u0173 \u012fmon\u0117 tapo pirmaujan\u010dia gamintoja ir didmenine platintoja vidaus ir tarptautin\u0117se rinkose. Laikom\u0117s auk\u0161\u010diausios kokyb\u0117s princip\u0173, remdamiesi i\u0161tobulintomis gamybos dirbtuvi\u0173 strategijomis ir pa\u017eangia skaitmenine gamybos \u012franga.<\/p>\n<p>Siekdami nuolatinio tobul\u0117jimo, investuojame \u012f kvalifikuot\u0105 personal\u0105, pa\u017eangias gamybos technologijas ir profesionalias testavimo sistemas. M\u016bs\u0173 tvirti gamybos paj\u0117gumai leid\u017eia mums patenkinti \u012fvairius klient\u0173 poreikius, atsi\u017evelgiant \u012f auk\u0161t\u0105 efektyvum\u0105, tikslum\u0105 ir kokyb\u0119.<\/p>\n<p><img decoding=\"async\" src=\"https:\/\/www.hydraulic-cylinders.net\/wp-content\/uploads\/2025\/04\/songte-company-4.webp\" alt=\"M\u016bs\u0173 \u012fmon\u0117\"><br \/>\n<img decoding=\"async\" src=\"https:\/\/www.hydraulic-cylinders.net\/wp-content\/uploads\/2025\/04\/songte-company-3.webp\" alt=\"Gamybos \u012fmon\u0117\"><\/p>\n<p>M\u016bs\u0173 \u012fsipareigojimas profesionalumui, tarptautinis sertifikavimas, individualiai pritaikytos paslaugos, pa\u017eangi gamybos \u012franga ir i\u0161skirtinis aptarnavimas po pardavimo i\u0161skiria mus i\u0161 kit\u0173 pramon\u0117s \u0161ak\u0173.<\/p>\n<p>Autorius: lyl<\/p>","protected":false},"excerpt":{"rendered":"<p>Boom Cylinder For Kato Small Excavator HD770-1-2-7 Product Overview The Boom Cylinder for Kato Small Excavator HD770-1-2-7 is an essential hydraulic component specifically designed for various heavy machinery. This hydraulic cylinder is crucial for controlling the movement of the bucket in excavators, backhoe loaders, and front loaders, enabling the bucket to lift, lower, and tilt, [&hellip;]<\/p>","protected":false},"featured_media":17873,"comment_status":"open","ping_status":"closed","template":"","meta":{"_et_pb_use_builder":"","_et_pb_old_content":"","_et_gb_content_width":""},"product_brand":[],"product_cat":[1546],"product_tag":[1547,1496],"class_list":{"0":"post-19745","1":"product","2":"type-product","3":"status-publish","4":"has-post-thumbnail","6":"product_cat-boom-cylinders","7":"product_tag-boom-cylinders","8":"product_tag-hydraulic-cylinders","10":"first","11":"instock","12":"shipping-taxable","13":"product-type-simple"},"amp_enabled":true,"_links":{"self":[{"href":"https:\/\/www.hydraulic-cylinders.net\/lt\/wp-json\/wp\/v2\/product\/19745","targetHints":{"allow":["GET"]}}],"collection":[{"href":"https:\/\/www.hydraulic-cylinders.net\/lt\/wp-json\/wp\/v2\/product"}],"about":[{"href":"https:\/\/www.hydraulic-cylinders.net\/lt\/wp-json\/wp\/v2\/types\/product"}],"replies":[{"embeddable":true,"href":"https:\/\/www.hydraulic-cylinders.net\/lt\/wp-json\/wp\/v2\/comments?post=19745"}],"wp:featuredmedia":[{"embeddable":true,"href":"https:\/\/www.hydraulic-cylinders.net\/lt\/wp-json\/wp\/v2\/media\/17873"}],"wp:attachment":[{"href":"https:\/\/www.hydraulic-cylinders.net\/lt\/wp-json\/wp\/v2\/media?parent=19745"}],"wp:term":[{"taxonomy":"product_brand","embeddable":true,"href":"https:\/\/www.hydraulic-cylinders.net\/lt\/wp-json\/wp\/v2\/product_brand?post=19745"},{"taxonomy":"product_cat","embeddable":true,"href":"https:\/\/www.hydraulic-cylinders.net\/lt\/wp-json\/wp\/v2\/product_cat?post=19745"},{"taxonomy":"product_tag","embeddable":true,"href":"https:\/\/www.hydraulic-cylinders.net\/lt\/wp-json\/wp\/v2\/product_tag?post=19745"}],"curies":[{"name":"wp","href":"https:\/\/api.w.org\/{rel}","templated":true}]}}