{"id":19746,"date":"2025-04-07T07:05:10","date_gmt":"2025-04-07T07:05:10","guid":{"rendered":"https:\/\/www.hydraulic-cylinders.net\/product\/boom-cylinder-for-kato-small-excavator-hd820r820v\/"},"modified":"2025-04-07T07:05:23","modified_gmt":"2025-04-07T07:05:23","slug":"boom-cylinder-for-kato-small-excavator-hd820r820v","status":"publish","type":"product","link":"https:\/\/www.hydraulic-cylinders.net\/lt\/produktas\/boom-cylinder-for-kato-small-excavator-hd820r820v\/","title":{"rendered":"Str\u0117l\u0117s cilindras Kato ma\u017eam ekskavatoriui HD820R820V"},"content":{"rendered":"<h1>Str\u0117l\u0117s cilindras Kato ma\u017eam ekskavatoriui HD820R820V<\/h1>\n<h2>\u012evadas \u012f str\u0117l\u0117s cilindr\u0105<\/h2>\n<p>Str\u0117l\u0117s cilindras yra labai svarbus hidraulini\u0173 sistem\u0173 komponentas, ypa\u010d sunkiosiose ma\u0161inose, tokiose kaip ekskavatoriai. Jis atlieka gyvybi\u0161kai svarb\u0173 vaidmen\u012f kontroliuojant \u012fvairi\u0173 pried\u0173, toki\u0173 kaip kau\u0161ai, jud\u0117jim\u0105, palengvinant k\u0117limo, nuleidimo ir pakreipimo operacijas. Specialiai tokioms ma\u0161inoms kaip ma\u017eas \u201eKato\u201c ekskavatorius sukurtas str\u0117l\u0117s cilindras leid\u017eia atlikti tikslius judesius, kurie yra b\u016btini med\u017eiag\u0173 tvarkymo u\u017eduotims. Kau\u0161o cilindras yra hidraulinio cilindro tipas, kuris yra labai svarbus ekskavatori\u0173, ekskavatori\u0173-krautuv\u0173 ir frontalini\u0173 krautuv\u0173 valdymui. Jis leid\u017eia kau\u0161ui atlikti tokius veiksmus kaip k\u0117limas, nuleidimas ir pakreipimas, taip supaprastinant med\u017eiag\u0173 transportavimo u\u017eduot\u012f. \u0160i funkcija yra b\u016btina efektyviam darbui \u012fvairiose statybos ir \u017eem\u0117s \u016bkio srityse.<\/p>\n<p><img decoding=\"async\" src=\"https:\/\/www.hydraulic-cylinders.net\/wp-content\/uploads\/2025\/04\/songte-company-1.webp\" alt=\"Kato ma\u017eo ekskavatoriaus str\u0117l\u0117s cilindras\" \/><\/p>\n<h2>Str\u0117l\u0117s cilindro savyb\u0117s<\/h2>\n<ul>\n<li><strong>Didelis stiprumas ir ilgaam\u017ei\u0161kumas:<\/strong> \u0160is str\u0117l\u0117s cilindras, pagamintas i\u0161 didelio stiprumo plieno arba aliuminio, gali atlaikyti auk\u0161t\u0105 sl\u0117g\u012f ir dideles apkrovas, tod\u0117l tinka at\u0161iaurioms darbo s\u0105lygoms. Jo konstrukcija atsi\u017evelg\u0117 \u012f atsparum\u0105 dilimui ir korozijai, tod\u0117l jo tarnavimo laikas gerokai pailg\u0117ja.<\/li>\n<li><strong>Efektyvus hidraulinis valdymas:<\/strong> Str\u0117l\u0117s cilindras naudoja hidraulin\u0117s alyvos sl\u0117g\u012f, kad str\u0117l\u0117 skland\u017eiai i\u0161skleist\u0173 ir atitraukt\u0173 str\u0117l\u0119, greitai reaguot\u0173 \u012f valdymo komandas ir u\u017etikrint\u0173 galingas st\u016bmimo bei traukimo j\u0117gas, idealiai tinkan\u010dias sunkioms ir sud\u0117tingoms u\u017eduotims atlikti.<\/li>\n<li><strong>\u012evair\u016bs tipai:<\/strong> Str\u0117l\u0117s cilindras, tiekiamas vienpusio veikimo (veikiantis viena kryptimi) arba dvipusio veikimo (veikiantis abiem kryptimis) konfig\u016bracijomis, gali patenkinti \u012fvairius eksploatacinius poreikius. Kai kurie modeliai yra teleskopiniai, tod\u0117l u\u017etikrina didesn\u012f i\u0161pl\u0117tim\u0105 nedidinant i\u0161orinio dyd\u017eio, tod\u0117l puikiai tinka naudoti ribotoje erdv\u0117je.<\/li>\n<li><strong>Individuali gamyba:<\/strong> \u0160\u012f gamin\u012f gaminame tiksliai, u\u017etikrindami, kad m\u016bs\u0173 cilindrai puikiai pakeis esamus hidraulinius cilindrus, pasi\u017eym\u0117dami puikiu na\u0161umu ir patikimumu.<\/li>\n<\/ul>\n<p><img decoding=\"async\" src=\"https:\/\/www.hydraulic-cylinders.net\/wp-content\/uploads\/2025\/04\/songte-cylinder-head-with-all-kinds-excavator-models.webp\" alt=\"Hidraulinio cilindro parinktys\" \/><\/p>\n<h2>Str\u0117l\u0117s cilindro taikymo scenarijai<\/h2>\n<h3>Statybin\u0117 \u012franga<\/h3>\n<p>Ekskavatoriuose str\u0117l\u0117s cilindrai yra gyvybi\u0161kai svarb\u016bs kasant, kraunant ir perkeliant grunt\u0105 ar \u0161iuk\u0161les. Jie ne tik \u012fgalina kasimo funkcij\u0105, bet ir padeda k\u0117limo operacijose, leisdami ma\u0161inai efektyviai atlikti sud\u0117tingas statybos u\u017eduotis. Galimyb\u0117 tiksliai valdyti kau\u0161o pad\u0117t\u012f prisideda prie geresnio darbo efektyvumo ir saugumo statybviet\u0117je.<\/p>\n<h3>\u017dem\u0117s \u016bkio technika<\/h3>\n<p>Priekiniuose krautuvuose str\u0117l\u0117s cilindrai atlieka labai svarb\u0173 vaidmen\u012f semiant, keliant ir transportuojant dirvo\u017eem\u012f, \u0161ien\u0105 ir kitas med\u017eiagas. Tvirta j\u0173 konstrukcija u\u017etikrina, kad jie gali atlaikyti grie\u017etus \u017eem\u0117s \u016bkio darb\u0173 reikalavimus ir i\u0161laikyti efektyvum\u0105, o tai labai svarbu \u016bkininkams, kurie naudoja \u0161ias ma\u0161inas produktyvumui.<\/p>\n<h3>Ekskavatoriai<\/h3>\n<p>Kau\u0161o cilindras leid\u017eia ekskavatoriams efektyviai \u012fsiskverbti \u012f dirv\u0105, palengvindamas kasimo proces\u0105. \u0160i funkcija yra b\u016btina kasimo projektuose, kur reikalingas tikslumas ir galia norint greitai perkelti didelius \u017eem\u0117s ar nuolau\u017e\u0173 kiekius.<\/p>\n<h3>Krautuvai<\/h3>\n<p>Priekiniuose krautuvuose str\u0117l\u0117s cilindrai padeda efektyviai kelti ir i\u0161versti krovinius. Hidraulin\u0117s sistemos reagavimas leid\u017eia operatoriams tiksliai valdyti krovinio jud\u0117jim\u0105, taip padidinant na\u0161um\u0105 statybviet\u0117je ir suma\u017einant nelaiming\u0173 atsitikim\u0173 rizik\u0105.<\/p>\n<h2>Projektavimo aspektai ir atrankos kriterijai<\/h2>\n<h3>Keliamoji galia<\/h3>\n<p>Str\u0117l\u0117s cilindro keliamoji galia yra labai svarbus projektavimo aspektas. Jis turi b\u016bti tinkamai \u012fvertintas, kad atlaikyt\u0173 maksimali\u0105 numatom\u0105 apkrov\u0105 nepakenkiant saugumui ar na\u0161umui. In\u017einieriai turi \u012fvertinti ma\u0161inos specifikacijas ir u\u017eduotis, kurias ji numato atlikti, kad pasirinkt\u0173 cilindr\u0105, kuris u\u017etikrint\u0173 reikiam\u0105 gali\u0105 ir stabilum\u0105.<\/p>\n<h3>Sandarinimo efektyvumas<\/h3>\n<p>Efektyvus sandarinimas yra b\u016btinas siekiant i\u0161vengti hidraulinio skys\u010dio nuot\u0117ki\u0173, kurie gali sukelti neefektyvum\u0105 ir pavoj\u0173 saugai. Auk\u0161tos kokyb\u0117s sandarinimo sprendim\u0173, \u012fskaitant st\u016bmokli\u0173 ir kot\u0173 sandariklius, pasirinkimas yra labai svarbus siekiant u\u017etikrinti optimal\u0173 hidraulin\u0117s sistemos veikim\u0105 ir ilgaam\u017ei\u0161kum\u0105.<\/p>\n<h3>Patvarumas<\/h3>\n<p>Patvarumas yra pagrindinis str\u0117l\u0117s cilindr\u0173 konstrukcijos veiksnys. Jie turi atlaikyti sunki\u0173j\u0173 ma\u0161in\u0173 eksploatavimo s\u0105lygas, \u012fskaitant at\u0161iauri\u0105 aplink\u0105 ir didelius krovinius. Med\u017eiagos tur\u0117t\u0173 b\u016bti parinktos taip, kad b\u016bt\u0173 atsparios dilimui ir korozijai, u\u017etikrinant ilg\u0105 tarnavimo laik\u0105 net ir sud\u0117tingomis s\u0105lygomis.<\/p>\n<h3>Saugos funkcijos<\/h3>\n<p>Projektuojant hidraulinius cilindrus, saugumas yra svarbiausias dalykas. \u012erengus tokias funkcijas kaip sl\u0117gio ma\u017einimo vo\u017etuvai ir tvirtos tvirtinimo sistemos, galima i\u0161vengti nelaiming\u0173 atsitikim\u0173 ir u\u017etikrinti operatoriaus saugum\u0105 naudojant ma\u0161inas. Reguliarus techninis aptarnavimas ir saugos standart\u0173 laikymasis taip pat yra labai svarb\u016bs eksploatavimo saugumui.<\/p>\n<h3>Prieinamumas prie prie\u017ei\u016bros<\/h3>\n<p>Kurdami str\u0117l\u0117s cilindrus, projektuotojai tur\u0117t\u0173 atsi\u017evelgti \u012f j\u0173 prie\u017ei\u016bros paprastum\u0105. Tai apima ir tai, kad sandarikliai ir kiti komponentai b\u016bt\u0173 lengvai prieinami ap\u017ei\u016brai ir pakeitimui. Gerai suprojektuotas cilindras gali gerokai suma\u017einti prastovas ir prie\u017ei\u016bros i\u0161laidas, taip pagerindamas bendr\u0105 na\u0161um\u0105.<\/p>\n<p><img decoding=\"async\" src=\"https:\/\/www.hydraulic-cylinders.net\/wp-content\/uploads\/2025\/04\/songte-oil-pipes-and-spare-parts.webp\" alt=\"Hidraulini\u0173 cilindr\u0173 prie\u017ei\u016bros dalys\" \/><\/p>\n<h2>Hidraulinio cilindro sandarinimas ir tepimas<\/h2>\n<p>Hidraulini\u0173 cilindr\u0173 sandarinimas ir tepimas yra labai svarb\u016bs optimaliam veikimui palaikyti. \u012evair\u016bs sandarinimo elementai, tokie kaip st\u016bmokli\u0173 ir kot\u0173 sandarikliai, naudojami siekiant i\u0161vengti nuot\u0117ki\u0173 ir u\u017eter\u0161imo. D\u0117l atsparumo dilimui pirmenyb\u0117 teikiama i\u0161 patvari\u0173 med\u017eiag\u0173, toki\u0173 kaip poliuretanas ir nitrilo kau\u010diukas, pagamintiems sandarikliams. Be to, cilindro korpusas ir srieginiai galai yra kruop\u0161\u010diai apdirbti, kad padid\u0117t\u0173 patvarumas. Norint u\u017etikrinti skland\u0173 veikim\u0105 ir i\u0161vengti susid\u0117v\u0117jimo laikui b\u0117gant, b\u016btina reguliariai tepti hidrauline alyva.<\/p>\n<h2>Prevencin\u0117s prie\u017ei\u016bros priemon\u0117s<\/h2>\n<ul>\n<li><strong>Reguliar\u016bs patikrinimai:<\/strong> Atlikite reguliarius patikrinimus, kad nustatytum\u0117te bet kokius susid\u0117v\u0117jimo ar pa\u017eeidimo po\u017eymius. Ankstyvas aptikimas gali pad\u0117ti i\u0161vengti dideli\u0173 gedim\u0173 ir pailginti cilindro tarnavimo laik\u0105.<\/li>\n<li><strong>Tepimas:<\/strong> U\u017etikrinkite, kad hidraulin\u0117s alyvos lygis b\u016bt\u0173 palaikomas ir kad tepimas b\u016bt\u0173 tinkamai naudojamas, siekiant suma\u017einti trint\u012f ir nusid\u0117v\u0117jim\u0105.<\/li>\n<li><strong>Sandariklio keitimas:<\/strong> Steb\u0117kite sandariklius, ar n\u0117ra susid\u0117v\u0117jimo po\u017eymi\u0173, ir prireikus juos pakeiskite, kad i\u0161vengtum\u0117te skys\u010di\u0173 nuot\u0117kio ir u\u017etikrintum\u0117te efektyvum\u0105.<\/li>\n<\/ul>\n<h2>\u012erengimo gair\u0117s<\/h2>\n<p>Tinkamas str\u0117l\u0117s cilindro montavimas yra labai svarbus jo veikimui ir ilgaam\u017ei\u0161kumui. Pirmiausia \u012fsitikinkite, kad visi tvirtinimo pavir\u0161iai yra \u0161var\u016bs ir be \u0161iuk\u0161li\u0173. Naudokite tinkamus montavimo laikiklius, kad tvirtai pritvirtintum\u0117te cilindr\u0105. Tinkamai sulygiuokite cilindr\u0105, kad i\u0161vengtum\u0117te komponent\u0173 \u012ftempimo ir u\u017etikrintum\u0117te, kad jis veikt\u0173 skland\u017eiai ir be kli\u016b\u010di\u0173. \u012edieg\u0119, prie\u0161 prad\u0117dami naudoti mechanizm\u0105, dar kart\u0105 patikrinkite visas jungtis, ar n\u0117ra nuot\u0117ki\u0173 ir ar jos tinkamai veikia.<\/p>\n<h2>\u012eprastos prie\u017ei\u016bros u\u017eduotys<\/h2>\n<ul>\n<li><strong>Reguliar\u016bs patikrinimai:<\/strong> Suplanuokite \u012fprastinius patikrinimus, kad anksti aptiktum\u0117te galimas problemas. Tai apima nuot\u0117ki\u0173 patikrinim\u0105, tinkamo sulygiavimo u\u017etikrinim\u0105 ir sandarikli\u0173 bei jung\u010di\u0173 vientisumo patikrinim\u0105.<\/li>\n<li><strong>Tinkamas tepimas:<\/strong> Palaikykite tinkam\u0105 hidraulin\u0117s alyvos lyg\u012f ir sutepkite visas judan\u010dias dalis, kaip rekomenduojama. Tai labai svarbu norint suma\u017einti nusid\u0117v\u0117jim\u0105 ir u\u017etikrinti skland\u0173 veikim\u0105.<\/li>\n<li><strong>Sandariklio keitimo ir kalibravimo patikrinimai:<\/strong> Pakeiskite sandariklius, kurie rodo susid\u0117v\u0117jimo po\u017eymi\u0173, ir atlikite kalibravimo patikrinimus, kad \u012fsitikintum\u0117te, jog cilindras veikia pagal nurodytus parametrus. Tinkamas sureguliavimas yra labai svarbus optimaliam veikimui palaikyti.<\/li>\n<\/ul>\n<p><img decoding=\"async\" src=\"https:\/\/www.hydraulic-cylinders.net\/wp-content\/uploads\/2025\/04\/songte-chushion-collar.webp\" alt=\"Tinkamas hidraulinio cilindro montavimas\" \/><\/p>\n<h2>Saugos aspektai ir aplinkos veiksniai<\/h2>\n<p>Naudojant hidraulinius komponentus, itin svarbu \u012fgyvendinti saugos priemones. Operatoriai tur\u0117t\u0173 b\u016bti apmokyti saugaus elgesio su ma\u0161inomis ir \u017einoti j\u0173 eksploatavimo ribas. Be to, reik\u0117t\u0173 atkreipti d\u0117mes\u012f \u012f hidraulini\u0173 skys\u010di\u0173 poveik\u012f aplinkai ir bet koki\u0173 atliek\u0173 \u0161alinim\u0105, kad b\u016bt\u0173 laikomasi normini\u0173 reikalavim\u0173 ir apsaugota aplinka.<\/p>\n<h2>Trik\u010di\u0173 \u0161alinimas ir da\u017eniausiai pasitaikan\u010dios problemos<\/h2>\n<ul>\n<li><strong>Nuot\u0117kis:<\/strong> Da\u017eniausios nuot\u0117ki\u0173 prie\u017eastys yra susid\u0117v\u0117j\u0119 sandarikliai arba pa\u017eeisti komponentai. Patikrinkite sandariklius ir prireikus juos pakeiskite, kad atkurtum\u0117te funkcionalum\u0105.<\/li>\n<li><strong>Galios praradimas:<\/strong> Jei str\u0117l\u0117s cilindras nereaguoja taip, kaip tik\u0117tasi, patikrinkite hidraulinio skys\u010dio lyg\u012f ir galimus sistemos u\u017esikim\u0161imus.<\/li>\n<li><strong>Perkaitimas:<\/strong> Steb\u0117kite hidraulini\u0173 skys\u010di\u0173 temperat\u016br\u0105; per didel\u0117 kaitra gali reik\u0161ti, kad reikia geriau au\u0161inti arba patikrinti skys\u010di\u0173 lyg\u012f.<\/li>\n<\/ul>\n<h2>Gedim\u0173 \u0161alinimo patarimai<\/h2>\n<p>Nor\u0117dami veiksmingai diagnozuoti ir i\u0161spr\u0119sti str\u0117l\u0117s cilindro problemas, operatoriai tur\u0117t\u0173 laikytis sistemingo po\u017ei\u016brio: pirmiausia nustatyti problemos simptomus, tada \u012fvertinti hidraulin\u0119 sistem\u0105, ar n\u0117ra galim\u0173 prie\u017eas\u010di\u0173, pvz., skys\u010di\u0173 nuot\u0117kio ar u\u017esikim\u0161imo. Reik\u0117t\u0173 imtis prevencini\u0173 priemoni\u0173 rizikai suma\u017einti, \u012fskaitant reguliari\u0105 technin\u0119 prie\u017ei\u016br\u0105 ir eksploatavimo gairi\u0173 laikym\u0105si.<\/p>\n<p><img decoding=\"async\" src=\"https:\/\/www.hydraulic-cylinders.net\/wp-content\/uploads\/2025\/04\/songte-bushings-with-all-kinds-of-excavator-models.webp\" alt=\"Hidraulinio cilindro trik\u010di\u0173 \u0161alinimas\" \/><\/p>\n<h2>Apie m\u016bs\u0173 \u012fmon\u0119<\/h2>\n<p>Esame pirmaujanti pakaitini\u0173 hidraulini\u0173 cilindr\u0173 gamintoja ir didmenin\u0117 platintoja, si\u016blanti plat\u0173 gamini\u0173 asortiment\u0105. M\u016bs\u0173 \u012fsipareigojimas siekti nepriekai\u0161tingos kokyb\u0117s ir gamybos proces\u0173 leido mums tapti \u017eymiu \u017eaid\u0117ju tiek vidaus, tiek tarptautin\u0117se rinkose. Mes taikome rafinuot\u0105 gamybos valdymo strategij\u0105, pasitelkdami kvalifikuotus techninius darbuotojus, pa\u017eangi\u0105 skaitmenin\u0119 gamybos \u012frang\u0105 ir profesionalias testavimo sistemas, kad patobulintume savo gamybos platform\u0105. M\u016bs\u0173 galimyb\u0117s leid\u017eia mums patenkinti \u012fvairius klient\u0173 poreikius, u\u017etikrinant auk\u0161t\u0105 efektyvum\u0105, tikslum\u0105 ir kokyb\u0119.<\/p>\n<p><img decoding=\"async\" src=\"https:\/\/www.hydraulic-cylinders.net\/wp-content\/uploads\/2025\/04\/songte-company-4.webp\" alt=\"\u012emon\u0117s ap\u017evalga\" \/><br \/>\n<img decoding=\"async\" src=\"https:\/\/www.hydraulic-cylinders.net\/wp-content\/uploads\/2025\/04\/songte-company-3.webp\" alt=\"Gamybos \u012frenginiai\" \/><\/p>\n<p>Autorius: lyl<\/p>","protected":false},"excerpt":{"rendered":"<p>Boom Cylinder For Kato Small Excavator HD820R820V Introduction to Boom Cylinder The boom cylinder is a critical component in hydraulic systems, especially in heavy machinery like excavators. It plays a vital role in controlling the movement of various attachments, such as buckets, facilitating lifting, lowering, and tilting operations. Designed specifically for machines like the Kato [&hellip;]<\/p>","protected":false},"featured_media":17874,"comment_status":"open","ping_status":"closed","template":"","meta":{"_et_pb_use_builder":"","_et_pb_old_content":"","_et_gb_content_width":""},"product_brand":[],"product_cat":[1546],"product_tag":[1547,1496],"class_list":{"0":"post-19746","1":"product","2":"type-product","3":"status-publish","4":"has-post-thumbnail","6":"product_cat-boom-cylinders","7":"product_tag-boom-cylinders","8":"product_tag-hydraulic-cylinders","10":"first","11":"instock","12":"shipping-taxable","13":"product-type-simple"},"amp_enabled":true,"_links":{"self":[{"href":"https:\/\/www.hydraulic-cylinders.net\/lt\/wp-json\/wp\/v2\/product\/19746","targetHints":{"allow":["GET"]}}],"collection":[{"href":"https:\/\/www.hydraulic-cylinders.net\/lt\/wp-json\/wp\/v2\/product"}],"about":[{"href":"https:\/\/www.hydraulic-cylinders.net\/lt\/wp-json\/wp\/v2\/types\/product"}],"replies":[{"embeddable":true,"href":"https:\/\/www.hydraulic-cylinders.net\/lt\/wp-json\/wp\/v2\/comments?post=19746"}],"wp:featuredmedia":[{"embeddable":true,"href":"https:\/\/www.hydraulic-cylinders.net\/lt\/wp-json\/wp\/v2\/media\/17874"}],"wp:attachment":[{"href":"https:\/\/www.hydraulic-cylinders.net\/lt\/wp-json\/wp\/v2\/media?parent=19746"}],"wp:term":[{"taxonomy":"product_brand","embeddable":true,"href":"https:\/\/www.hydraulic-cylinders.net\/lt\/wp-json\/wp\/v2\/product_brand?post=19746"},{"taxonomy":"product_cat","embeddable":true,"href":"https:\/\/www.hydraulic-cylinders.net\/lt\/wp-json\/wp\/v2\/product_cat?post=19746"},{"taxonomy":"product_tag","embeddable":true,"href":"https:\/\/www.hydraulic-cylinders.net\/lt\/wp-json\/wp\/v2\/product_tag?post=19746"}],"curies":[{"name":"wp","href":"https:\/\/api.w.org\/{rel}","templated":true}]}}