{"id":19749,"date":"2025-04-07T07:05:29","date_gmt":"2025-04-07T07:05:29","guid":{"rendered":"https:\/\/www.hydraulic-cylinders.net\/product\/boom-cylinder-for-kato-small-excavator-hd308r\/"},"modified":"2025-04-07T07:05:31","modified_gmt":"2025-04-07T07:05:31","slug":"boom-cylinder-for-kato-small-excavator-hd308r","status":"publish","type":"product","link":"https:\/\/www.hydraulic-cylinders.net\/lt\/produktas\/boom-cylinder-for-kato-small-excavator-hd308r\/","title":{"rendered":"Kato ma\u017eo ekskavatoriaus HD308R str\u0117l\u0117s cilindras"},"content":{"rendered":"<h1>Kato ma\u017eo ekskavatoriaus HD308R str\u0117l\u0117s cilindras<\/h1>\n<h2>Produkto ap\u017evalga<\/h2>\n<p>\u201eKato Small Excavator HD308R\u201c str\u0117l\u0117s cilindras yra labai svarbus ekskavatori\u0173 hidraulin\u0117s sistemos komponentas. \u0160is hidraulinis cilindras yra specialiai sukurtas kau\u0161o jud\u0117jimui valdyti, kad b\u016bt\u0173 galima efektyviai atlikti med\u017eiag\u0173 tvarkymo u\u017eduotis. Jis leid\u017eia kau\u0161\u0105 pakelti, nuleisti ir pakreipti, tod\u0117l yra b\u016btinas atliekant \u012fvairius sunkiosios technikos darbus, tokius kaip kasimas, pakrovimas ir med\u017eiag\u0173 transportavimas.<\/p>\n<p><img decoding=\"async\" src=\"https:\/\/www.hydraulic-cylinders.net\/wp-content\/uploads\/2025\/04\/songte-company-1.webp\" alt=\"Str\u0117l\u0117s cilindras veikiant\" \/><\/p>\n<h3>Apibr\u0117\u017eimas ir funkcija<\/h3>\n<p>Kau\u0161o cilindras, dar \u017einomas kaip str\u0117l\u0117s cilindras, yra hidraulinio cilindro tipas, naudojamas sunkiosiose ma\u0161inose, tokiose kaip ekskavatoriai, ekskavatoriai ir frontaliniai krautuvai. Jis atlieka pagrindin\u012f vaidmen\u012f \u0161i\u0173 ma\u0161in\u0173 hidraulin\u0117se sistemose, nes paver\u010dia hidraulin\u0119 energij\u0105 mechaniniu judesiu. \u0160is procesas leid\u017eia operatoriams atlikti sud\u0117tingas u\u017eduotis, tokias kaip kasimas ir k\u0117limas, tiksliai ir kontroliuojamai.<\/p>\n<p>I\u0161 esm\u0117s kau\u0161o cilindras naudoja hidraulin\u012f skyst\u012f j\u0117gai sukurti, palengvindamas kau\u0161o jud\u0117jim\u0105. \u0160i funkcija yra labai svarbi statybos ir \u017eem\u0117s \u016bkio darbams, nes leid\u017eia efektyviai dirbti sud\u0117tingomis s\u0105lygomis. Str\u0117l\u0117s cilindro konstrukcija pabr\u0117\u017eia patvarum\u0105 ir na\u0161um\u0105, u\u017etikrinant, kad jis atlaikyt\u0173 dideles apkrovas ir sud\u0117tingas s\u0105lygas.<\/p>\n<h2>Str\u0117l\u0117s cilindro savyb\u0117s<\/h2>\n<ul>\n<li><strong>Didelis stiprumas ir ilgaam\u017ei\u0161kumas:<\/strong> Pagamintas i\u0161 didelio stiprumo plieno arba aliuminio, \u0161is cilindras yra sukurtas taip, kad atlaikyt\u0173 auk\u0161t\u0105 sl\u0117g\u012f ir dideles apkrovas, tod\u0117l tinka at\u0161iaurioms darbo aplinkoms.<\/li>\n<li><strong>Efektyvus hidraulinis valdymas:<\/strong> Cilindras naudoja hidraulin\u0117s alyvos sl\u0117g\u012f, kad skland\u017eiai i\u0161siskleist\u0173 ir susitraukt\u0173, greitai reaguot\u0173 \u012f operatoriaus komandas ir u\u017etikrint\u0173 didel\u0119 st\u016bmimo bei traukimo j\u0117g\u0105.<\/li>\n<li><strong>\u012evair\u016bs tipai:<\/strong> Galima \u012fsigyti vienpusio veikimo (veikian\u010di\u0173 viena kryptimi) arba dvipusio veikimo (veikian\u010di\u0173 abiem kryptimis) konfig\u016bracij\u0173, pritaikyt\u0173 \u012fvairiems eksploatavimo reikalavimams, o kai kurie modeliai pasi\u017eymi teleskopin\u0117mis konstrukcijomis, u\u017etikrinan\u010diomis didesn\u012f i\u0161pl\u0117tim\u0105 nedidinant i\u0161orini\u0173 matmen\u0173.<\/li>\n<\/ul>\n<h2>M\u016bs\u0173 gamybos paj\u0117gumai<\/h2>\n<p>Mes specializuojam\u0117s pakaitini\u0173 hidraulini\u0173 cilindr\u0173 gamyboje, u\u017etikrindami, kad m\u016bs\u0173 gaminiai puikiai pakeis esamus cilindrus rinkoje.<\/p>\n<p><img decoding=\"async\" src=\"https:\/\/www.hydraulic-cylinders.net\/wp-content\/uploads\/2025\/04\/songte-cylinder-head-with-all-kinds-excavator-models.webp\" alt=\"Hidraulinis cilindras ekskavatoriams\" \/><\/p>\n<h2>Taikymo scenarijai<\/h2>\n<h3>Statybin\u0117 \u012franga<\/h3>\n<p>Ekskavatoriuose str\u0117l\u0117s cilindrai yra gyvybi\u0161kai svarb\u016bs kasant, kraunant ir perkeliant \u017eem\u0119 ar \u0161iuk\u0161les. Jie suteikia reikiam\u0105 j\u0117g\u0105, kad b\u016bt\u0173 galima prasiskverbti \u012f \u017eem\u0119 ir efektyviai pakelti sunkius krovinius. Ekskavatoriuose-krautuvuose kau\u0161o cilindras ne tik padeda kasti, bet ir kelti med\u017eiagas, taip padidindamas bendr\u0105 ma\u0161inos efektyvum\u0105.<\/p>\n<h3>\u017dem\u0117s \u016bkio technika<\/h3>\n<p>Priekiniuose krautuvuose str\u0117l\u0117s cilindrai naudojami dirvo\u017eemiui, \u0161ienui ir kitoms med\u017eiagoms semti, kelti ir transportuoti. D\u0117l j\u0173 geb\u0117jimo atlikti u\u017eduotis, susijusias su sunki\u0173 krovini\u0173 k\u0117limu, jie yra nepakei\u010diami \u017eem\u0117s \u016bkyje, kur savalaikis med\u017eiag\u0173 jud\u0117jimas yra labai svarbus produktyvumui.<\/p>\n<h3>Ekskavatoriai<\/h3>\n<p>Ekskavatoriai naudoja str\u0117l\u0117s cilindrus, kad palengvint\u0173 kasimo proces\u0105, leisdami kau\u0161ui efektyviai \u012fsiskverbti \u012f dirv\u0105. \u0160i galimyb\u0117 yra b\u016btina \u012fvairiuose projektuose, \u012fskaitant kra\u0161tovaizd\u017eio tvarkym\u0105, statyb\u0105 ir infrastrukt\u016bros pl\u0117tr\u0105.<\/p>\n<h3>Krautuvai<\/h3>\n<p>Priekiniuose krautuvuose str\u0117l\u0117s cilindrai efektyviai padeda kelti ir i\u0161versti med\u017eiagas. Hidraulinis veikimas leid\u017eia operatoriams lengvai valdyti sunkius krovinius, u\u017etikrinant skland\u0173 darb\u0105 statybviet\u0117se.<\/p>\n<h2>Projektavimo aspektai ir atrankos kriterijai<\/h2>\n<h3>Keliamoji galia<\/h3>\n<p>Renkantis str\u0117l\u0117s cilindr\u0105, svarbu atsi\u017evelgti \u012f jo keliam\u0105j\u0105 gali\u0105. Cilindras turi b\u016bti suprojektuotas taip, kad atlaikyt\u0173 maksimal\u0173 svor\u012f, su kuriuo jis susidurs eksploatacijos metu, taip u\u017etikrinant saugum\u0105 ir patikimum\u0105. Perkrova gali sukelti cilindro gedim\u0105, keliant\u012f pavoj\u0173 tiek ma\u0161inai, tiek operatoriui.<\/p>\n<h3>Sandarumas ir ilgaam\u017ei\u0161kumas<\/h3>\n<p>Efektyvus sandarinimas yra labai svarbus norint palaikyti hidraulin\u012f sl\u0117g\u012f ir i\u0161vengti skys\u010dio nuot\u0117kio. Auk\u0161tos kokyb\u0117s sandarikliai, pagaminti i\u0161 patvari\u0173 med\u017eiag\u0173, toki\u0173 kaip poliuretanas arba nitrilo kau\u010diukas, padidina cilindro ilgaam\u017ei\u0161kum\u0105. Be to, cilindro korpuso ir sriegini\u0173 gal\u0173 pavir\u0161iaus apdorojimas vaidina svarb\u0173 vaidmen\u012f atsparumui dilimui, prisidedant prie bendro patvarumo.<\/p>\n<h3>Saugos funkcijos<\/h3>\n<p>Hidraulin\u0117s sistemos saugumas priklauso nuo tinkamos konstrukcijos. \u012erengus tokias funkcijas kaip sl\u0117gio ma\u017einimo vo\u017etuvai, galima i\u0161vengti per didelio sl\u0117gio, apsaugant tiek \u012frang\u0105, tiek operatorius. Reguliarus patikrinimas ir prie\u017ei\u016bra u\u017etikrina, kad \u0161ios saugos funkcijos veikt\u0173.<\/p>\n<p><img decoding=\"async\" src=\"https:\/\/www.hydraulic-cylinders.net\/wp-content\/uploads\/2025\/04\/songte-oil-pipes-and-spare-parts.webp\" alt=\"Hidrauliniai komponentai\" \/><\/p>\n<h2>Sandarinimas ir tepimas<\/h2>\n<p>\u012evairi\u0173 sandarinimo komponent\u0173, toki\u0173 kaip st\u016bmoklio ir koto sandarikliai, naudojimas yra gyvybi\u0161kai svarbus norint i\u0161laikyti hidraulinio cilindro vientisum\u0105. Sandarikliai tur\u0117t\u0173 b\u016bti parenkami atsi\u017evelgiant \u012f j\u0173 atsparum\u0105 dilimui ir suderinamum\u0105 su hidrauliniais skys\u010diais. Cilindro korpusas ir srieginiai galai yra kruop\u0161\u010diai apdorojami, siekiant pagerinti atsparum\u0105 dilimui, u\u017etikrinti ilgaam\u017ei\u0161kum\u0105 ir na\u0161um\u0105. Reguliarus tepimas tinkama hidrauline alyva yra b\u016btinas siekiant suma\u017einti trint\u012f ir dilim\u0105, o tai prisideda prie sklandesnio veikimo ir ilgesnio tarnavimo laiko.<\/p>\n<h2>Prevencin\u0117s prie\u017ei\u016bros priemon\u0117s<\/h2>\n<ul>\n<li><strong>Reguliar\u016bs patikrinimai:<\/strong> Reguliariai tikrinkite, kad anksti nustatytum\u0117te susid\u0117v\u0117jim\u0105 ir pa\u017eeidimus. Toks prevencinis po\u017ei\u016bris padeda i\u0161vengti brangaus remonto ir prastov\u0173.<\/li>\n<li><strong>Tinkamas tepimas:<\/strong> \u012esitikinkite, kad hidraulin\u0117s alyvos lygis yra pakankamas, o tepalai naudojami pagal gamintojo specifikacijas, kad b\u016bt\u0173 i\u0161laikytas optimalus veikimas.<\/li>\n<li><strong>Sandariklio keitimas:<\/strong> Steb\u0117kite sandarikli\u0173 b\u016bkl\u0119 ir prireikus juos pakeiskite, kad i\u0161vengtum\u0117te nuot\u0117ki\u0173 ir palaikytum\u0117te sistemos sl\u0117g\u012f.<\/li>\n<\/ul>\n<h2>\u012erengimo gair\u0117s<\/h2>\n<p>Montuojant str\u0117l\u0117s cilindr\u0105, reikia atid\u017eiai steb\u0117ti jo sulygiavim\u0105 ir saug\u0173 tvirtinim\u0105. Reik\u0117t\u0173 atlikti \u0161iuos veiksmus:<\/p>\n<ul>\n<li>Kad i\u0161vengtum\u0117te per didelio \u012ftempimo, u\u017etikrinkite tinkam\u0105 cilindro sulygiavim\u0105 su tvirtinimo ta\u0161kais.<\/li>\n<li>Naudokite tinkamus tvirtinimo laikiklius, kad pritvirtintum\u0117te cilindr\u0105 vietoje ir neleistum\u0117te jam jud\u0117ti eksploatacijos metu.<\/li>\n<li>Nor\u0117dami u\u017etikrinti saug\u0173 pritvirtinim\u0105, \u017er. montavimo vadov\u0105, kuriame pateiktos sukimo momento specifikacijos ir priver\u017eimo proced\u016bros.<\/li>\n<li>\u012edieg\u0119 sistem\u0105, patikrinkite jos veikim\u0105 ir prie\u0161 prad\u0117dami \u012fprast\u0105 darb\u0105, ar n\u0117ra nuot\u0117ki\u0173.<\/li>\n<\/ul>\n<h2>Prie\u017ei\u016bros u\u017eduotys<\/h2>\n<h3>Reguliar\u016bs patikrinimai<\/h3>\n<p>Reguliar\u016bs patikrinimai yra labai svarb\u016bs norint anksti nustatyti galimas problemas. Tai apima hidraulinio skys\u010dio nuot\u0117ki\u0173 patikrinim\u0105, sandarikli\u0173 b\u016bkl\u0117s \u012fvertinim\u0105 ir vis\u0173 mechanini\u0173 jung\u010di\u0173 tvirtumo u\u017etikrinim\u0105. Ankstyvas susid\u0117v\u0117jimo nustatymas gali pad\u0117ti i\u0161vengti didesni\u0173 problem\u0173 ateityje.<\/p>\n<h3>Tinkamas tepimas<\/h3>\n<p>Tinkamas hidraulinio cilindro sutepimas yra labai svarbus jo veikimui. Nepakankamas tepimas gali padidinti susid\u0117v\u0117jim\u0105 ir suma\u017einti efektyvum\u0105. Rekomenduojama laikytis gamintojo nurodym\u0173 d\u0117l tepimo interval\u0173 ir naudojamo hidraulinio skys\u010dio tipo.<\/p>\n<h3>Sandariklio keitimas<\/h3>\n<p>Norint i\u0161laikyti hidraulin\u0117s sistemos vientisum\u0105, b\u016btina reguliariai keisti sandariklius. Susid\u0117v\u0117j\u0119 ar pa\u017eeisti sandarikliai gali sukelti skys\u010di\u0173 nuot\u0117k\u012f, o tai gali pakenkti sistemos efektyvumui ir saugumui. Reguliarus keitimas gali pad\u0117ti suma\u017einti \u0161i\u0105 rizik\u0105.<\/p>\n<p><img decoding=\"async\" src=\"https:\/\/www.hydraulic-cylinders.net\/wp-content\/uploads\/2025\/04\/songte-chushion-collar.webp\" alt=\"Cilindr\u0173 pagalv\u0117l\u0117s apykakl\u0117\" \/><\/p>\n<h2>Saugos aspektai ir aplinkos veiksniai<\/h2>\n<p>Eksploatuojant hidraulines sistemas, saugos priemon\u0117s yra nepaprastai svarbios. Operatoriai tur\u0117t\u0173 d\u0117v\u0117ti tinkamas asmenines apsaugos priemones (AAP) ir laikytis saugos protokol\u0173, kad suma\u017eint\u0173 nelaiming\u0173 atsitikim\u0173 ar su\u017ealojim\u0173 rizik\u0105. Be to, reik\u0117t\u0173 atkreipti d\u0117mes\u012f \u012f aplinkosaugos aspektus, pvz., tinkam\u0105 hidraulini\u0173 skys\u010di\u0173 \u0161alinim\u0105 ir sistem\u0173 nepratek\u0117jim\u0105, kad b\u016bt\u0173 i\u0161vengta u\u017eter\u0161imo.<\/p>\n<h2>Da\u017eniausiai pasitaikan\u010di\u0173 problem\u0173 \u0161alinimas<\/h2>\n<ul>\n<li><strong>Skys\u010di\u0173 nuot\u0117kiai:<\/strong> Jei aptinkama nuot\u0117ki\u0173, patikrinkite, ar tarpin\u0117s n\u0117ra susid\u0117v\u0117jusios, ir prireikus pakeiskite. \u012esitikinkite, kad visos jungtys yra sandarios.<\/li>\n<li><strong>Nenuoseklus veikimas:<\/strong> Tai gali rodyti hidraulinio skys\u010dio lygio arba oro sistemoje problem\u0105. I\u0161leiskite or\u0105 i\u0161 sistemos ir patikrinkite, ar skys\u010dio lygis tinkamas.<\/li>\n<li><strong>Ma\u017ea galia:<\/strong> Nepakankama hidraulin\u0117 galia gali atsirasti d\u0117l u\u017esikim\u0161usio filtro arba \u017eemo skys\u010dio lygio. Patikrinkite ir prireikus pakeiskite filtrus.<\/li>\n<\/ul>\n<h2>Trik\u010di\u0173 \u0161alinimo patarimai<\/h2>\n<p>Nor\u0117dami veiksmingai diagnozuoti ir spr\u0119sti problemas, operatoriai tur\u0117t\u0173 tur\u0117ti trik\u010di\u0173 \u0161alinimo vadov\u0105. Reguliar\u016bs technin\u0117s prie\u017ei\u016bros patikrinimai gali i\u0161 anksto i\u0161spr\u0119sti problemas, kol jos dar ne\u012fgavo pagreit\u0117jimo. Nusta\u010dius reguliari\u0105 skys\u010di\u0173 lygio ir filtr\u0173 patikr\u0105, ilgainiui galima sutaupyti laiko ir i\u0161tekli\u0173.<\/p>\n<p><img decoding=\"async\" src=\"https:\/\/www.hydraulic-cylinders.net\/wp-content\/uploads\/2025\/04\/songte-bushings-with-all-kinds-of-excavator-models.webp\" alt=\"\u012evor\u0117 ekskavatoriams\" \/><\/p>\n<h2>Apie m\u016bs\u0173 \u012fmon\u0119<\/h2>\n<p>Esame pirmaujantis hidraulini\u0173 cilindr\u0173 gamintojas, specializuojantis kokybi\u0161k\u0173 pakaitini\u0173 variant\u0173 teikime. Platus gamini\u0173 asortimentas leido mums tapti vienais i\u0161 pirmaujan\u010di\u0173 gamintoj\u0173 ir didmeninink\u0173 tiek vidaus, tiek tarptautin\u0117se rinkose. Mes teikiame pirmenyb\u0119 i\u0161skirtinei kokybei, pasitelkdami sud\u0117tingas gamybos strategijas ir pa\u017eangius \u012frenginius. D\u0117mesys techniniams talentams, pa\u017eangiausiai skaitmeninei gamybos \u012frangai ir profesionalioms testavimo sistemoms nuolat didina m\u016bs\u0173 gamybos paj\u0117gumus.<\/p>\n<p>M\u016bs\u0173 \u012fsipareigojimas siekti meistri\u0161kumo atsispindi efektyviuose ir tiksliuose gamybos procesuose, leid\u017eian\u010diuose patenkinti \u012fvairius klient\u0173 poreikius. Si\u016blome individualiai pritaikytas paslaugas, pagr\u012fstas profesionalia pagalba ir tarptautiniais sertifikatais, u\u017etikrinan\u010diais, kad m\u016bs\u0173 produktai atitikt\u0173 auk\u0161\u010diausius kokyb\u0117s ir patikimumo standartus.<\/p>\n<p><img decoding=\"async\" src=\"https:\/\/www.hydraulic-cylinders.net\/wp-content\/uploads\/2025\/04\/songte-company-4.webp\" alt=\"\u012emon\u0117s patalpos\" \/><br \/>\n<img decoding=\"async\" src=\"https:\/\/www.hydraulic-cylinders.net\/wp-content\/uploads\/2025\/04\/songte-company-3.webp\" alt=\"Gamybos \u012fmon\u0117\" \/><\/p>\n<p>Autorius: lyl<\/p>","protected":false},"excerpt":{"rendered":"<p>Boom Cylinder For Kato Small Excavator HD308R Product Overview The Boom Cylinder for Kato Small Excavator HD308R is a crucial component in the hydraulic system of excavators. This hydraulic cylinder is specifically designed to control the movement of the bucket, allowing for efficient material handling tasks. It enables the bucket to lift, lower, and tilt, [&hellip;]<\/p>","protected":false},"featured_media":17877,"comment_status":"open","ping_status":"closed","template":"","meta":{"_et_pb_use_builder":"","_et_pb_old_content":"","_et_gb_content_width":""},"product_brand":[],"product_cat":[1546],"product_tag":[1547,1496],"class_list":{"0":"post-19749","1":"product","2":"type-product","3":"status-publish","4":"has-post-thumbnail","6":"product_cat-boom-cylinders","7":"product_tag-boom-cylinders","8":"product_tag-hydraulic-cylinders","10":"first","11":"instock","12":"shipping-taxable","13":"product-type-simple"},"amp_enabled":true,"_links":{"self":[{"href":"https:\/\/www.hydraulic-cylinders.net\/lt\/wp-json\/wp\/v2\/product\/19749","targetHints":{"allow":["GET"]}}],"collection":[{"href":"https:\/\/www.hydraulic-cylinders.net\/lt\/wp-json\/wp\/v2\/product"}],"about":[{"href":"https:\/\/www.hydraulic-cylinders.net\/lt\/wp-json\/wp\/v2\/types\/product"}],"replies":[{"embeddable":true,"href":"https:\/\/www.hydraulic-cylinders.net\/lt\/wp-json\/wp\/v2\/comments?post=19749"}],"wp:featuredmedia":[{"embeddable":true,"href":"https:\/\/www.hydraulic-cylinders.net\/lt\/wp-json\/wp\/v2\/media\/17877"}],"wp:attachment":[{"href":"https:\/\/www.hydraulic-cylinders.net\/lt\/wp-json\/wp\/v2\/media?parent=19749"}],"wp:term":[{"taxonomy":"product_brand","embeddable":true,"href":"https:\/\/www.hydraulic-cylinders.net\/lt\/wp-json\/wp\/v2\/product_brand?post=19749"},{"taxonomy":"product_cat","embeddable":true,"href":"https:\/\/www.hydraulic-cylinders.net\/lt\/wp-json\/wp\/v2\/product_cat?post=19749"},{"taxonomy":"product_tag","embeddable":true,"href":"https:\/\/www.hydraulic-cylinders.net\/lt\/wp-json\/wp\/v2\/product_tag?post=19749"}],"curies":[{"name":"wp","href":"https:\/\/api.w.org\/{rel}","templated":true}]}}