{"id":19750,"date":"2025-04-07T07:05:31","date_gmt":"2025-04-07T07:05:31","guid":{"rendered":"https:\/\/www.hydraulic-cylinders.net\/product\/boom-cylinder-for-kato-small-excavator-hd512r\/"},"modified":"2025-04-07T07:05:33","modified_gmt":"2025-04-07T07:05:33","slug":"boom-cylinder-for-kato-small-excavator-hd512r","status":"publish","type":"product","link":"https:\/\/www.hydraulic-cylinders.net\/lt\/produktas\/boom-cylinder-for-kato-small-excavator-hd512r\/","title":{"rendered":"Kato ma\u017eo ekskavatoriaus HD512R str\u0117l\u0117s cilindras"},"content":{"rendered":"<h1>Kato ma\u017eo ekskavatoriaus HD512R str\u0117l\u0117s cilindras<\/h1>\n<h2>Str\u0117l\u0117s cilindro ap\u017evalga<\/h2>\n<p>Str\u0117l\u0117s cilindras atlieka labai svarb\u0173 vaidmen\u012f statybini\u0173 ma\u0161in\u0173, ypa\u010d ekskavatori\u0173, hidraulin\u0117je sistemoje. Jis specialiai sukurtas kau\u0161o jud\u0117jimui valdyti ir yra b\u016btinas \u012fvairiems sunkiems darbams. Str\u0117l\u0117s cilindras leid\u017eia kau\u0161\u0105 pakelti, nuleisti ir pakreipti, taip palengvindamas efektyv\u0173 med\u017eiag\u0173 tvarkym\u0105. \u0160is hidraulinis cilindras naudojamas tokiose ma\u0161inose kaip ekskavatoriai, ekskavatoriniai krautuvai ir frontaliniai krautuvai, u\u017etikrinant optimal\u0173 na\u0161um\u0105 ir na\u0161um\u0105 sud\u0117tingomis darbo s\u0105lygomis.<\/p>\n<p><img decoding=\"async\" src=\"https:\/\/www.hydraulic-cylinders.net\/wp-content\/uploads\/2025\/04\/songte-company-1.webp\" alt=\"Str\u0117l\u0117s cilindras\" \/><\/p>\n<h2>Str\u0117l\u0117s cilindro savyb\u0117s<\/h2>\n<ul>\n<li><strong>Didelis stiprumas ir ilgaam\u017ei\u0161kumas:<\/strong> Pagamintas i\u0161 didelio stiprumo plieno arba aliuminio, \u0161is cilindras gali atlaikyti auk\u0161t\u0105 sl\u0117g\u012f ir dideles apkrovas, tod\u0117l tinka at\u0161iaurioms darbo s\u0105lygoms.<\/li>\n<li><strong>Efektyvus hidraulinis valdymas:<\/strong> Naudoja hidraulin\u0117s alyvos sl\u0117g\u012f skland\u017eiam i\u0161st\u016bmimui ir \u012ftraukimui, greitai reaguodamas \u012f valdymo komandas ir u\u017etikrindamas galingas st\u016bmimo bei traukimo galimybes.<\/li>\n<li><strong>\u012evair\u016bs tipai:<\/strong> Galima rinktis vienpusio veikimo (hidraulin\u0117 galia naudojama viena kryptimi) arba dvipusio veikimo (hidraulin\u0117 galia naudojama abiem kryptimis) konfig\u016bracijas, kad b\u016bt\u0173 patenkinti \u012fvair\u016bs eksploatavimo poreikiai.<\/li>\n<li><strong>Kompakti\u0161kas dizainas:<\/strong> Kai kurie modeliai pasi\u017eymi teleskopin\u0117mis konstrukcijomis, kurios leid\u017eia labiau i\u0161tiesti nepadidinant i\u0161orini\u0173 matmen\u0173, tod\u0117l idealiai tinka naudoti u\u017edarose erdv\u0117se.<\/li>\n<li><strong>Nereikalingas prie\u017ei\u016brai:<\/strong> Sukurta lengvai prie\u017ei\u016brai ir pakeitimui, u\u017etikrinant minimal\u0173 prastov\u0173 laik\u0105 eksploatacijos metu.<\/li>\n<\/ul>\n<h2>Gamybos paj\u0117gumai<\/h2>\n<p>Turime paj\u0117gum\u0173 gaminti \u0161\u012f produkt\u0105, u\u017etikrindami, kad m\u016bs\u0173 hidrauliniai cilindrai puikiai pakeis esamus rinkoje esan\u010dius modelius.<\/p>\n<p><img decoding=\"async\" src=\"https:\/\/www.hydraulic-cylinders.net\/wp-content\/uploads\/2025\/04\/songte-cylinder-head-with-all-kinds-excavator-models.webp\" alt=\"Cilindr\u0173 gamyba\" \/><\/p>\n<h2>Taikymo scenarijai<\/h2>\n<h3>Statybin\u0117 \u012franga<\/h3>\n<p>Ekskavatoriuose str\u0117l\u0117s cilindrai yra labai svarb\u016bs kasant, kraunant ir perkeliant grunt\u0105 ar \u0161iuk\u0161les. Jie leid\u017eia kau\u0161ui efektyviai \u012fsiskverbti \u012f \u017eem\u0119, tod\u0117l operatoriai gali efektyviai atlikti u\u017eduotis. Ekskavatoriuose-krautuvuose str\u0117l\u0117s cilindras padeda tiek kasti, tiek kelti, u\u017etikrindamas universalum\u0105 statybviet\u0117je.<\/p>\n<h3>\u017dem\u0117s \u016bkio technika<\/h3>\n<p>Priekiniuose krautuvuose naudojami str\u0117l\u0117s cilindrai padeda semti, kelti ir transportuoti dirvo\u017eem\u012f, \u0161ien\u0105 ir kitas med\u017eiagas, tod\u0117l jie ne\u012fkainojami \u017eem\u0117s \u016bkio aplinkoje. J\u0173 tvirtumas ir patikimumas u\u017etikrina, kad \u016bkininkai gal\u0117t\u0173 atlikti savo u\u017eduotis be trikd\u017ei\u0173.<\/p>\n<h3>Ekskavatoriai<\/h3>\n<p>Str\u0117l\u0117s cilindrai palengvina kasimo judes\u012f, leisdami kau\u0161ui \u012fsiskverbti \u012f dirv\u0105. \u0160i savyb\u0117 yra b\u016btina, kad ekskavatoriai gal\u0117t\u0173 efektyviai atlikti statybos ir kra\u0161tovaizd\u017eio tvarkymo darbus, u\u017etikrindami optimal\u0173 darb\u0105 \u012fvairiuose reljefuose.<\/p>\n<h3>Krautuvai<\/h3>\n<p>Priekiniuose krautuvuose str\u0117l\u0117s cilindrai yra atsakingi u\u017e efektyv\u0173 krovini\u0173 k\u0117lim\u0105 ir i\u0161vertim\u0105. J\u0173 veikimas k\u0117limo operacijose yra labai svarbus med\u017eiag\u0173 tvarkymui, u\u017etikrinant efektyv\u0173 preki\u0173 transportavim\u0105 ir i\u0161krovim\u0105.<\/p>\n<h2>Projektavimo aspektai ir atrankos kriterijai<\/h2>\n<ul>\n<li><strong>Keliamoji galia:<\/strong> Projektuojant reikia atsi\u017evelgti \u012f maksimali\u0105 cilindro atlaikyt\u0105 apkrov\u0105. Tai rei\u0161kia, kad reikia pasirinkti med\u017eiagas, kurios gali atlaikyti eksploatacinius reikalavimus nepakenkiant saugai.<\/li>\n<li><strong>Sandarumo vientisumas:<\/strong> Efektyvus sandarinimas yra labai svarbus siekiant i\u0161vengti hidraulinio skys\u010dio nuot\u0117kio. Norint palaikyti sl\u0117g\u012f ir u\u017etikrinti veikimo efektyvum\u0105, reikia naudoti auk\u0161tos kokyb\u0117s sandariklius.<\/li>\n<li><strong>Patvarumas:<\/strong> Pasirinktos med\u017eiagos turi b\u016bti atsparios dilimui, u\u017etikrinant ilg\u0105 tarnavimo laik\u0105 net ir at\u0161iauriomis s\u0105lygomis. Tai apima ir antikorozinio apdorojimo aspektus.<\/li>\n<li><strong>Saugos funkcijos:<\/strong> \u012erengus saugos priemones, tokias kaip sl\u0117gio ma\u017einimo vo\u017etuvai, galima i\u0161vengti nelaiming\u0173 atsitikim\u0173 ir pagerinti operatoriaus saug\u0105 atliekant sunkias operacijas.<\/li>\n<li><strong>Prieinamumas prie prie\u017ei\u016bros:<\/strong> Konstrukcija tur\u0117t\u0173 u\u017etikrinti lengv\u0105 prieig\u0105 prie pagrindini\u0173 komponent\u0173 ap\u017ei\u016brai ir techninei prie\u017ei\u016brai, taip suma\u017einant prastovas ir eksploatavimo sutrikimus.<\/li>\n<\/ul>\n<p><img decoding=\"async\" src=\"https:\/\/www.hydraulic-cylinders.net\/wp-content\/uploads\/2025\/04\/songte-oil-pipes-and-spare-parts.webp\" alt=\"Atsargin\u0117s dalys\" \/><\/p>\n<h2>Sandarinimas ir tepimas<\/h2>\n<p>\u012evairi\u0173 sandarinimo element\u0173, toki\u0173 kaip st\u016bmokli\u0173 ir kot\u0173 sandarikliai, naudojimas yra b\u016btinas norint i\u0161laikyti hidraulini\u0173 cilindr\u0173 vientisum\u0105. I\u0161 patvari\u0173 med\u017eiag\u0173, toki\u0173 kaip poliuretanas ir nitrilo kau\u010diukas, pagaminti sandarikliai u\u017etikrina atsparum\u0105 dilimui ir ilgaam\u017ei\u0161kum\u0105. Cilindro korpusas ir srieginiai galiniai pavir\u0161iai yra kruop\u0161\u010diai apdirbti, kad padid\u0117t\u0173 atsparumas dilimui. Norint u\u017etikrinti skland\u0173 veikim\u0105 ir i\u0161vengti judan\u010di\u0173 dali\u0173 susid\u0117v\u0117jimo, b\u016btina reguliariai tepti tinkamu hidraulin\u0117s alyvos kiekiu.<\/p>\n<h2>Reguliarios patikros ir prevencin\u0117s prie\u017ei\u016bros priemon\u0117s<\/h2>\n<ul>\n<li><strong>Planuoti \u012fprastinius patikrinimus:<\/strong> Reguliarios patikros gali pad\u0117ti nustatyti nusid\u0117v\u0117jim\u0105, kol jis nesukelia rimt\u0173 problem\u0173. Ie\u0161kokite nuot\u0117kio po\u017eymi\u0173, ne\u012fprast\u0173 gars\u0173 ir na\u0161umo suma\u017e\u0117jimo.<\/li>\n<li><strong>\u012egyvendinkite tepimo protokolus:<\/strong> Nustatykite vis\u0173 judan\u010di\u0173 dali\u0173 tepimo grafik\u0105. Tai pad\u0117s palaikyti skland\u0173 veikim\u0105 ir suma\u017einti d\u0117l trinties susid\u0117v\u0117jim\u0105.<\/li>\n<li><strong>Sandariklio keitimo ir kalibravimo patikrinimai:<\/strong> Reguliariai vertinkite sandarikli\u0173 b\u016bkl\u0119 ir prireikus juos pakeiskite. Kalibravimo patikrinimai u\u017etikrina, kad hidraulin\u0117s sistemos veikt\u0173 optimaliame sl\u0117gio lygyje, taip pagerindamos na\u0161um\u0105 ir saug\u0105.<\/li>\n<\/ul>\n<h2>Teisingo gaminio \u012frengimo gair\u0117s<\/h2>\n<p>Tinkamas str\u0117l\u0117s cilindro montavimas yra labai svarbus jo veikimui ir ilgaam\u017ei\u0161kumui. Pirmiausia \u012fsitikinkite, kad tvirtinimo pavir\u0161iai yra \u0161var\u016bs ir be \u0161iuk\u0161li\u0173. Montavimo metu tinkamai sulygiuokite; neteisingas sulygiavimas gali sukelti prie\u0161laikin\u012f susid\u0117v\u0117jim\u0105 arba gedim\u0105. Naudokite tinkamus tvirtinimo laikiklius, kad cilindras b\u016bt\u0173 tvirtai stabilizuotas. Sumontav\u0119 atlikite i\u0161sam\u0173 veikimo bandym\u0105, prie\u0161 prad\u0117dami naudoti masi\u0161kai. Be to, susipa\u017einkite su gamintojo specifikacijomis d\u0117l sukimo momento nustatym\u0173 montuojant, kad i\u0161vengtum\u0117te problem\u0173 v\u0117liau.<\/p>\n<h2>\u012eprastos prie\u017ei\u016bros u\u017eduotys<\/h2>\n<ul>\n<li><strong>Reguliar\u016bs patikrinimai:<\/strong> Da\u017enos patikros gali pad\u0117ti anksti nustatyti problemas, leid\u017eian\u010dias laiku imtis veiksm\u0173 ir remonto darb\u0173. Toks iniciatyvus po\u017ei\u016bris suma\u017eina prastovas ir pailgina cilindro tarnavimo laik\u0105.<\/li>\n<li><strong>Tinkamas tepimas:<\/strong> Reguliarus tepimas yra b\u016btinas norint u\u017etikrinti skland\u0173 cilindro veikim\u0105. Naudokite gamintojo rekomenduojam\u0105 hidraulin\u0119 alyv\u0105 ir atid\u017eiai laikykit\u0117s tepimo grafiko.<\/li>\n<li><strong>Sandariklio keitimo ir kalibravimo patikrinimai:<\/strong> Laikui b\u0117gant, sandarikliai gali susid\u0117v\u0117ti ir juos reikia pakeisti, kad b\u016bt\u0173 i\u0161vengta nuot\u0117ki\u0173. Kalibravimo patikrinimai u\u017etikrina, kad hidrauliniai cilindrai veikt\u0173 norimu sl\u0117giu, i\u0161laikydami efektyvum\u0105.<\/li>\n<\/ul>\n<h2>Saugos aspektai ir aplinkos veiksniai<\/h2>\n<p>Eksploatuojant hidraulinius cilindrus, itin svarbu teikti pirmenyb\u0119 saugos priemon\u0117ms. Tai apima operatori\u0173 mokym\u0105 apie saugaus darbo proced\u016bras ir u\u017etikrinim\u0105, kad visa \u012franga b\u016bt\u0173 reguliariai tikrinama ir pri\u017ei\u016brima. Taip pat svarb\u0173 vaidmen\u012f atlieka aplinkosaugos aspektai; naudojant aplinkai nekenksmingus hidraulinius skys\u010dius galima suma\u017einti neigiam\u0105 poveik\u012f aplinkinei ekosistemai, parodant \u012fsipareigojim\u0105 tvarumui visoje veikloje.<\/p>\n<h2>Trik\u010di\u0173 \u0161alinimas ir da\u017eniausiai pasitaikan\u010dios problemos<\/h2>\n<ul>\n<li><strong>Nuot\u0117kis:<\/strong> Da\u017enai tai sukelia susid\u0117v\u0117j\u0119 sandarikliai arba pa\u017eeisti cilindr\u0173 korpusai. Reguliari patikra gali pad\u0117ti anksti nustatyti nuot\u0117kius ir i\u0161vengti skys\u010di\u0173 praradimo.<\/li>\n<li><strong>L\u0117tas veikimas:<\/strong> Tai gali reik\u0161ti \u017eem\u0105 hidraulinio skys\u010dio lyg\u012f arba poreik\u012f i\u0161leisti sistem\u0105 orui pa\u0161alinti. Nedelsdami i\u0161spr\u0119skite \u0161ias problemas, kad atkurtum\u0117te funkcij\u0105.<\/li>\n<li><strong>Ne\u012fprasti garsai:<\/strong> Girg\u017ed\u0117jimo ar beldimo garsai gali rodyti mechanin\u012f gedim\u0105 arba sistemoje esan\u010dias \u0161iuk\u0161les. Nedelsdami patikrinkite, ar sistema neveikia tinkamai, kad i\u0161vengtum\u0117te tolesn\u0117s \u017ealos.<\/li>\n<\/ul>\n<p>\u012egyvendinant prevencines priemones, tokias kaip \u012fprasti technin\u0117s prie\u017ei\u016bros patikrinimai ir u\u017etikrinant, kad operatoriai b\u016bt\u0173 apmokyti tinkamai naudoti, galima suma\u017einti galimas problemas ir pailginti str\u0117l\u0117s cilindro tarnavimo laik\u0105.<\/p>\n<p><img decoding=\"async\" src=\"https:\/\/www.hydraulic-cylinders.net\/wp-content\/uploads\/2025\/04\/songte-bushings-with-all-kinds-of-excavator-models.webp\" alt=\"Ekskavatori\u0173 modeliai\" \/><\/p>\n<h2>Apie m\u016bs\u0173 \u012fmon\u0119<\/h2>\n<p>Esame pirmaujanti pakaitini\u0173 hidraulini\u0173 cilindr\u0173 gamintoja ir didmenin\u0117 platintoja, si\u016blanti plat\u0173 gamini\u0173 asortiment\u0105, skirt\u0105 tiek vidaus, tiek tarptautinei rinkai. M\u016bs\u0173 \u012fsipareigojimas siekti meistri\u0161kumo atsispindi m\u016bs\u0173 patobulintose gamybos strategijose, kuriose pasitelkiami techniniai talentai, pa\u017eangi skaitmenin\u0117 gamybos \u012franga ir profesionalios testavimo sistemos. \u0160is nuolatinis m\u016bs\u0173 gamybos platformos tobulinimas u\u017etikrina kokybi\u0161k\u0105 produkcij\u0105, leid\u017eian\u010di\u0105 mums patenkinti \u012fvairius klient\u0173 poreikius dideliu efektyvumu, tikslumu ir kokybe.<\/p>\n<h3>M\u016bs\u0173 profesionalus prana\u0161umas<\/h3>\n<ul>\n<li><strong>Ekspertiz\u0117:<\/strong> M\u016bs\u0173 komand\u0105 sudaro kvalifikuoti specialistai, turintys didel\u0119 patirt\u012f hidraulini\u0173 cilindr\u0173 gamyboje, u\u017etikrinantys auk\u0161\u010diausi\u0105 kokyb\u0119 ir na\u0161um\u0105.<\/li>\n<li><strong>Tarptautiniai sertifikatai:<\/strong> Atitinkame \u012fvairius tarptautinius standartus, u\u017etikrindami savo gamini\u0173 kokyb\u0119 ir patikimum\u0105.<\/li>\n<li><strong>Individual\u016bs sprendimai:<\/strong> Si\u016blome individualiai pritaikytas paslaugas, kad patenkintume konkre\u010dius klient\u0173 reikalavimus, u\u017etikrindami, kad m\u016bs\u0173 produktai puikiai atitikt\u0173 j\u0173 veiklos poreikius.<\/li>\n<li><strong>Pa\u017eangi gamybos \u012franga:<\/strong> M\u016bs\u0173 moderniausios gamybos \u012fmon\u0117s apr\u016bpintos pa\u017eangiausiomis technologijomis, leid\u017eian\u010diomis mums efektyviai gaminti auk\u0161tos kokyb\u0117s hidraulinius cilindrus.<\/li>\n<li><strong>Aptarnavimas po pardavimo:<\/strong> Mes teikiame patikimas garantinio aptarnavimo paslaugas, u\u017etikrindami klient\u0173 pasitenkinim\u0105 ir palaikym\u0105 per vis\u0105 produkto gyvavimo cikl\u0105.<\/li>\n<\/ul>\n<p><img decoding=\"async\" src=\"https:\/\/www.hydraulic-cylinders.net\/wp-content\/uploads\/2025\/04\/songte-company-4.webp\" alt=\"\u012emon\u0117s ap\u017evalga\" \/><br \/>\n<img decoding=\"async\" src=\"https:\/\/www.hydraulic-cylinders.net\/wp-content\/uploads\/2025\/04\/songte-company-3.webp\" alt=\"\u012emon\u0117s patalpos\" \/><\/p>\n<p>Autorius: lyl<\/p>","protected":false},"excerpt":{"rendered":"<p>Boom Cylinder For Kato Small Excavator HD512R Overview of the Boom Cylinder The boom cylinder plays a crucial role in the hydraulic system of construction machinery, particularly in excavators. It is specifically designed to control the movement of the bucket and is essential for various heavy-duty applications. The boom cylinder allows the bucket to lift, [&hellip;]<\/p>","protected":false},"featured_media":17878,"comment_status":"open","ping_status":"closed","template":"","meta":{"_et_pb_use_builder":"","_et_pb_old_content":"","_et_gb_content_width":""},"product_brand":[],"product_cat":[1546],"product_tag":[1547,1496],"class_list":{"0":"post-19750","1":"product","2":"type-product","3":"status-publish","4":"has-post-thumbnail","6":"product_cat-boom-cylinders","7":"product_tag-boom-cylinders","8":"product_tag-hydraulic-cylinders","10":"first","11":"instock","12":"shipping-taxable","13":"product-type-simple"},"amp_enabled":true,"_links":{"self":[{"href":"https:\/\/www.hydraulic-cylinders.net\/lt\/wp-json\/wp\/v2\/product\/19750","targetHints":{"allow":["GET"]}}],"collection":[{"href":"https:\/\/www.hydraulic-cylinders.net\/lt\/wp-json\/wp\/v2\/product"}],"about":[{"href":"https:\/\/www.hydraulic-cylinders.net\/lt\/wp-json\/wp\/v2\/types\/product"}],"replies":[{"embeddable":true,"href":"https:\/\/www.hydraulic-cylinders.net\/lt\/wp-json\/wp\/v2\/comments?post=19750"}],"wp:featuredmedia":[{"embeddable":true,"href":"https:\/\/www.hydraulic-cylinders.net\/lt\/wp-json\/wp\/v2\/media\/17878"}],"wp:attachment":[{"href":"https:\/\/www.hydraulic-cylinders.net\/lt\/wp-json\/wp\/v2\/media?parent=19750"}],"wp:term":[{"taxonomy":"product_brand","embeddable":true,"href":"https:\/\/www.hydraulic-cylinders.net\/lt\/wp-json\/wp\/v2\/product_brand?post=19750"},{"taxonomy":"product_cat","embeddable":true,"href":"https:\/\/www.hydraulic-cylinders.net\/lt\/wp-json\/wp\/v2\/product_cat?post=19750"},{"taxonomy":"product_tag","embeddable":true,"href":"https:\/\/www.hydraulic-cylinders.net\/lt\/wp-json\/wp\/v2\/product_tag?post=19750"}],"curies":[{"name":"wp","href":"https:\/\/api.w.org\/{rel}","templated":true}]}}