{"id":20133,"date":"2025-05-09T08:57:03","date_gmt":"2025-05-09T08:57:03","guid":{"rendered":"https:\/\/www.hydraulic-cylinders.net\/?post_type=product&#038;p=20133"},"modified":"2025-05-12T05:30:01","modified_gmt":"2025-05-12T05:30:01","slug":"spring-hydraulic-cylinders-for-crawler-crane","status":"publish","type":"product","link":"https:\/\/www.hydraulic-cylinders.net\/lt\/produktas\/spring-hydraulic-cylinders-for-crawler-crane\/","title":{"rendered":"Vik\u0161rinio krano spyruokliniai hidrauliniai cilindrai"},"content":{"rendered":"<h1 style=\"text-align: center;\"><strong>Vik\u0161rinio krano spyruokliniai hidrauliniai cilindrai<\/strong><\/h1>\n<p><img loading=\"lazy\" decoding=\"async\" class=\"wp-image-20134 aligncenter\" src=\"https:\/\/www.hydraulic-cylinders.net\/wp-content\/uploads\/2025\/05\/spring-hydraulic-cylinders-for-crawler-crane-scaled.webp\" alt=\"Vik\u0161rinio krano spyruoklinis hidraulinis cilindras\" width=\"500\" height=\"500\" \/><\/p>\n<section id=\"introduction\">\u201eEver-Power Huachang Hydraulic\u201c vik\u0161rini\u0173 kran\u0173 spyruoklinis hidraulinis cilindras yra tvirtas spyruoklinio gr\u0105\u017einimo cilindras, skirtas vik\u0161rini\u0173 kran\u0173 operacijoms ir suderinamas su \u012fvairiais modeliais. \u0160is vik\u0161rini\u0173 kran\u0173 hidraulinis cilindras padidina k\u0117limo efektyvum\u0105 d\u0117l savo spyruoklinio mechanizmo, u\u017etikrindamas patikim\u0105 veikim\u0105 statybose, kasyboje ir sunkiosiose pramon\u0117s u\u017eduotyse. Sukurtas ilgaam\u017ei\u0161kumui, vik\u0161rini\u0173 kran\u0173 cilindras si\u016blo tvirt\u0105 hidraulinio cilindro sprendim\u0105 reiklioms aplinkoms.<\/section>\n<section id=\"specifications\">\n<h2><strong>Technin\u0117s specifikacijos:<\/strong><\/h2>\n<p><img loading=\"lazy\" decoding=\"async\" class=\"aligncenter wp-image-20129 size-full\" src=\"https:\/\/www.hydraulic-cylinders.net\/wp-content\/uploads\/2025\/05\/truss-arm-crawler-crane-hydraulic-cylinders.webp\" alt=\"Vik\u0161rinio krano hidraulinis cilindras\" width=\"640\" height=\"358\" srcset=\"https:\/\/www.hydraulic-cylinders.net\/wp-content\/uploads\/2025\/05\/truss-arm-crawler-crane-hydraulic-cylinders.webp 640w, https:\/\/www.hydraulic-cylinders.net\/wp-content\/uploads\/2025\/05\/truss-arm-crawler-crane-hydraulic-cylinders-480x269.webp 480w\" sizes=\"(min-width: 0px) and (max-width: 480px) 480px, (min-width: 481px) 640px, 100vw\" \/><\/p>\n<ul>\n<li>\n<p class=\"ds-markdown-paragraph\"><strong>Funkcija<\/strong>Buferinis efektas<\/p>\n<\/li>\n<li>\n<p class=\"ds-markdown-paragraph\"><strong>Cilindro skersmuo<\/strong>: 50 mm\u201363 mm (reguliuojamas arba dviej\u0173 skyli\u0173 dizainas)<\/p>\n<\/li>\n<li>\n<p class=\"ds-markdown-paragraph\"><strong>Strypo skersmuo<\/strong>32 mm<\/p>\n<\/li>\n<li>\n<p class=\"ds-markdown-paragraph\"><strong>Kelion\u0117s<\/strong>: 25 mm\u201360 mm (bendra eiga 35 mm)<\/p>\n<\/li>\n<li>\n<p class=\"ds-markdown-paragraph\"><strong>Maksimalus sl\u0117gis<\/strong>6 MPa<\/p>\n<\/li>\n<li>\n<p class=\"ds-markdown-paragraph\"><strong>Maksimali trauka<\/strong>19 kN<\/p>\n<\/li>\n<\/ul>\n<\/section>\n<section id=\"features\">\n<h2><strong>Pagrindin\u0117s vik\u0161rinio krano spyruoklinio hidraulinio cilindro savyb\u0117s:<\/strong><\/h2>\n<ul>\n<li><strong>Pa\u017eangus spyruoklinio gr\u0105\u017einimo dizainas:<\/strong>\u00a0Vik\u0161rinio krano spyruoklinis hidraulinis cilindras turi spyruoklin\u012f gr\u0105\u017einimo cilindr\u0105, kuris u\u017etikrina greit\u0105 \u012ftraukim\u0105 ir padidina vik\u0161rinio krano cilindro efektyvum\u0105 atliekant sunkius k\u0117limo darbus.<\/li>\n<li><strong>Tvirtas patvarumas:<\/strong>\u00a0\u0160is vik\u0161rini\u0173 kran\u0173 hidraulinis cilindras, pagamintas i\u0161 didelio stiprumo plieno ir padengtas korozijai atsparia danga, atlaiko at\u0161iaurias s\u0105lygas, tokias kaip dulk\u0117tos vietos ir dr\u0117gnas klimatas, tod\u0117l tai yra patikimas ir itin tvirtas hidraulinis cilindras.<\/li>\n<li><strong>Pritaikomas na\u0161umas:<\/strong>\u00a0Reguliuojamo eigos ir spyruoklin\u0117s j\u0117gos d\u0117ka vik\u0161rinio krano cilindras su spyruokliniu mechanizmu prisitaiko prie konkre\u010di\u0173 k\u0117limo poreiki\u0173, optimizuodamas hidraulin\u012f cilindr\u0105 vik\u0161rinio krano operacijoms.<\/li>\n<li><strong>Ma\u017eas prie\u017ei\u016bros efektyvumas:<\/strong>\u00a0\u0160is spyruoklinis cilindras su pa\u017eangiais sandarikliais suma\u017eina susid\u0117v\u0117jim\u0105, suma\u017eindamas vik\u0161rini\u0173 kran\u0173 prie\u017ei\u016bros i\u0161laidas ir yra patvarus, itin tvirtas spyruoklinis hidraulinis cilindras kranams.<\/li>\n<\/ul>\n<\/section>\n<section id=\"applications\">\n<h2><strong>Vik\u0161rinio krano spyruoklinio hidraulinio cilindro pritaikymas:<\/strong><\/h2>\n<p><img loading=\"lazy\" decoding=\"async\" class=\"alignnone size-full wp-image-20137\" src=\"https:\/\/www.hydraulic-cylinders.net\/wp-content\/uploads\/2025\/05\/spring-hydraulic-cylinder-for-crawler-crane-application.webp\" alt=\"\" width=\"1082\" height=\"612\" srcset=\"https:\/\/www.hydraulic-cylinders.net\/wp-content\/uploads\/2025\/05\/spring-hydraulic-cylinder-for-crawler-crane-application.webp 1082w, https:\/\/www.hydraulic-cylinders.net\/wp-content\/uploads\/2025\/05\/spring-hydraulic-cylinder-for-crawler-crane-application-980x554.webp 980w, https:\/\/www.hydraulic-cylinders.net\/wp-content\/uploads\/2025\/05\/spring-hydraulic-cylinder-for-crawler-crane-application-480x271.webp 480w\" sizes=\"(min-width: 0px) and (max-width: 480px) 480px, (min-width: 481px) and (max-width: 980px) 980px, (min-width: 981px) 1082px, 100vw\" \/><\/p>\n<ul>\n<li><strong>Statybviet\u0117s:<\/strong>\u00a0Vik\u0161rinio krano spyruoklinis hidraulinis cilindras pasi\u017eymi puikiu konstrukciniu pritaikymu, nes jis turi spyruoklin\u012f gr\u0105\u017einimo cilindr\u0105 sunkiems plienini\u0173 sij\u0173 ir betonini\u0173 plok\u0161\u010di\u0173 k\u0117limui su tiksliu vik\u0161rinio krano cilindro valdymu.<\/li>\n<li><strong>Kasybos operacijos:<\/strong>\u00a0\u0160is hidraulinis cilindras, skirtas kasybai, vik\u0161rini\u0173 kran\u0173 operacijoms, u\u017etikrina stabil\u0173 r\u016bdos ir \u012frangos k\u0117lim\u0105, j\u012f palaiko tvirtas spyruoklinis hidraulinis cilindras, skirtas kranams nelygiame reljefe.<\/li>\n<li><strong>Pramoniniai projektai:<\/strong>\u00a0Idealiai tinkantis pramonin\u0117ms aplinkoms, vik\u0161rinio krano cilindras su spyruokliniu mechanizmu u\u017etikrina saug\u0173 krovini\u0173 tvarkym\u0105 gamyklose, o patikimas spyruoklinis hidraulinis cilindras padidina efektyvum\u0105.<\/li>\n<\/ul>\n<\/section>\n<section id=\"explore-more\">\n<h2><strong>Per\u017ei\u016br\u0117kite daugiau vik\u0161rini\u0173 kran\u0173 cilindr\u0173:<\/strong><\/h2>\n<p>Taip pat si\u016blome \u012fvairi\u0173 kit\u0173 vik\u0161rini\u0173 kran\u0173 cilindr\u0173, kad patenkintume \u012fvairius k\u0117limo poreikius. Nesvarbu, ar jums reikia hidraulinio cilindro vik\u0161rini\u0173 kran\u0173 operacijoms, ar didelio na\u0161umo spyruoklinio hidraulinio cilindro kranams, \u201eEver-Power Huachang Hydraulic\u201c turi sprendim\u0105. Per\u017ei\u016br\u0117kite vis\u0105 m\u016bs\u0173 asortiment\u0105 <a href=\"https:\/\/www.hydraulic-cylinders.net\/lt\/mobile-crane-hydraulic-cylinders\/\">vik\u0161rini\u0173 kran\u0173 cilindrai<\/a>.<\/p>\n<h2><strong>Kaip vik\u0161rinio krano spyruoklinio hidraulinio cilindro spyruoklinis mechanizmas pagerina k\u0117limo operacijas?<\/strong><\/h2>\n<p dir=\"auto\">Vik\u0161rinio krano spyruoklinio hidraulinio cilindro spyruoklinis mechanizmas \u017eymiai pagerina k\u0117limo operacijas, u\u017etikrindamas greit\u0105 ir patikim\u0105 \u012ftraukim\u0105, o tai optimizuoja vik\u0161rinio krano cilindro na\u0161um\u0105 sud\u0117tingose \u200b\u200b\u200b\u200bsrityse, tokiose kaip statybos ir kasyba. Skirtingai nuo tradicini\u0173 hidraulini\u0173 cilindr\u0173, spyruoklinio gr\u0105\u017einimo cilindro konstrukcijoje integruota tvirta spyruokl\u0117, kuri automati\u0161kai \u012ftraukia st\u016bmokl\u012f po galinio sm\u016bgio, tod\u0117l nereikia i\u0161orini\u0173 j\u0117g\u0173 ar papildomo hidraulinio sl\u0117gio, kad cilindras b\u016bt\u0173 gr\u0105\u017eintas \u012f pradin\u0119 pad\u0117t\u012f.<\/p>\n<p dir=\"auto\">\u0160i savyb\u0117 ypa\u010d naudinga hidrauliniuose cilindruose, skirtuose vik\u0161rini\u0173 kran\u0173 operacijoms, kur da\u017eni k\u0117limo ciklai, nes ji suma\u017eina prastovas tarp k\u0117lim\u0173 ir pagerina na\u0161um\u0105. Be to, \u0161io didelio na\u0161umo hidraulinio cilindro spyruoklinis mechanizmas suma\u017eina energijos suvartojim\u0105, panaudodamas mechanin\u0119 spyruoklin\u0119 j\u0117g\u0105 \u012ftraukimui, tod\u0117l tai yra ekologi\u0161kas ir ekonomi\u0161kas sprendimas sunkiems k\u0117limo darbams.<\/p>\n<p dir=\"auto\">Vik\u0161rinio krano cilindras su spyruokliniu mechanizmu taip pat padidina saugum\u0105, u\u017etikrindamas nuosekl\u0173 \u012ftraukim\u0105 net ir esant kintan\u010diai apkrovai, u\u017ekertant keli\u0105 galimam nesutapimui ar per dideliam i\u0161sitempimui krano veikimo metu. Pagamintas i\u0161 didelio stiprumo plieno ir pa\u017eangios sandarinimo technologijos, vik\u0161rinio krano spyruoklinis hidraulinis cilindras i\u0161laiko patvarum\u0105 ir nepraleid\u017eia nuot\u0117kio net ir at\u0161iaurioje aplinkoje, pavyzd\u017eiui, dulk\u0117tose vietose ar dr\u0117gnose pakrant\u0117s zonose, u\u017etikrindamas ilgalaik\u012f patikimum\u0105, skirt\u0105 sunkiasvoriams spyruokliniams hidrauliniams cilindrams kranams.<\/p>\n<\/section>\n<section id=\"company-introduction\">\n<h2><strong>Apie \u201eEver-Power Huachang Hydraulic\u201c:<\/strong><\/h2>\n<h2><img loading=\"lazy\" decoding=\"async\" class=\"alignnone size-full wp-image-16972\" src=\"https:\/\/www.hydraulic-cylinders.net\/wp-content\/uploads\/2025\/01\/hydraulic-cylinder-factory-1-scaled.webp\" alt=\"\" width=\"2016\" height=\"2560\" srcset=\"https:\/\/www.hydraulic-cylinders.net\/wp-content\/uploads\/2025\/01\/hydraulic-cylinder-factory-1-scaled.webp 2016w, https:\/\/www.hydraulic-cylinders.net\/wp-content\/uploads\/2025\/01\/hydraulic-cylinder-factory-1-1280x1625.webp 1280w, https:\/\/www.hydraulic-cylinders.net\/wp-content\/uploads\/2025\/01\/hydraulic-cylinder-factory-1-980x1244.webp 980w, https:\/\/www.hydraulic-cylinders.net\/wp-content\/uploads\/2025\/01\/hydraulic-cylinder-factory-1-480x610.webp 480w\" sizes=\"(min-width: 0px) and (max-width: 480px) 480px, (min-width: 481px) and (max-width: 980px) 980px, (min-width: 981px) and (max-width: 1280px) 1280px, (min-width: 1281px) 2016px, 100vw\" \/><\/h2>\n<p>Did\u017eiuojam\u0117s modernia nepriklausoma surinkimui skirta tyrim\u0173 ir pl\u0117tros platforma, u\u017etikrinan\u010dia auk\u0161\u010diausio lygio inovacijas ir kokyb\u0119 m\u016bs\u0173 gamybos procesuose. M\u016bs\u0173 \u0161akini\u0173 krautuv\u0173 cilindr\u0173 gamybos ceche yra keturios pusiau automatin\u0117s k\u0117limo cilindr\u0173 surinkimo linijos ir visi\u0161kai automatin\u0117 pakreipiam\u0173 cilindr\u0173 surinkimo linija, kurios kartu suprojektuotos taip, kad per metus pagamint\u0173 iki milijono vienet\u0173.<\/p>\n<p>M\u016bs\u0173 mechaninio apdirbimo dirbtuv\u0117se yra pagal u\u017esakym\u0105 pagaminti tekinimo centrai su pakreipiamomis kreipian\u010diosiomis linijomis, mechaninio apdirbimo centrai, greitaeig\u0117s galandimo stakl\u0117s, suvirinimo robotai ir kita reikalinga \u012franga. \u0160i \u012franga leid\u017eia mums apdirbti cilindrinius vamzd\u017eius, kuri\u0173 maksimalus vidinis skersmuo yra 400 mm, o ilgis \u2013 iki 6 metr\u0173, o tai dar labiau padidina m\u016bs\u0173 gamybos paj\u0117gumus.<\/p>\n<h2><img loading=\"lazy\" decoding=\"async\" class=\"alignnone size-full wp-image-16973\" src=\"https:\/\/www.hydraulic-cylinders.net\/wp-content\/uploads\/2025\/01\/hydraulic-cylinder-factory-2-scaled.webp\" alt=\"\" width=\"2011\" height=\"2560\" srcset=\"https:\/\/www.hydraulic-cylinders.net\/wp-content\/uploads\/2025\/01\/hydraulic-cylinder-factory-2-scaled.webp 2011w, https:\/\/www.hydraulic-cylinders.net\/wp-content\/uploads\/2025\/01\/hydraulic-cylinder-factory-2-1280x1629.webp 1280w, https:\/\/www.hydraulic-cylinders.net\/wp-content\/uploads\/2025\/01\/hydraulic-cylinder-factory-2-980x1248.webp 980w, https:\/\/www.hydraulic-cylinders.net\/wp-content\/uploads\/2025\/01\/hydraulic-cylinder-factory-2-480x611.webp 480w\" sizes=\"(min-width: 0px) and (max-width: 480px) 480px, (min-width: 481px) and (max-width: 980px) 980px, (min-width: 981px) and (max-width: 1280px) 1280px, (min-width: 1281px) 2011px, 100vw\" \/><\/h2>\n<p>Mes valdome visi\u0161kai automatin\u0119 vandens pagrindo da\u017e\u0173 dengimo linij\u0105, specialiai sukurt\u0105 ma\u017eiems ir vidutinio dyd\u017eio balionams, su automatizuotais pakrovimo, i\u0161krovimo ir pur\u0161kimo robotais. \u0160i moderni sistema gali pasigirti 4000 vienet\u0173 per pamain\u0105 gamybos paj\u0117gumu. Be to, turime pusiau automatin\u0119 dideli\u0173 balion\u0173 da\u017eymo linij\u0105 su grandinine pavara, kurios projektinis paj\u0117gumas yra 60 d\u0117\u017ei\u0173 per pamain\u0105.<\/p>\n<p>Be to, siekdami u\u017etikrinti m\u016bs\u0173 hidraulini\u0173 sistem\u0173 saugum\u0105, diegiame pagrindini\u0173 veikimo parametr\u0173, \u012fskaitant alyvos temperat\u016br\u0105, skys\u010dio lyg\u012f ir filtro \u012frenginio b\u016bsen\u0105, steb\u0117jim\u0105. M\u016bs\u0173 hidraulini\u0173 cilindr\u0173 bandym\u0173 stendas gali \u012fvertinti \u201eapkrovos efektyvum\u0105\u201c ir \u201evidin\u012f nuot\u0117k\u012f\u201c tiksliais rodmenimis. Jame taip pat \u012frengtas groteli\u0173 liniuot\u0117s matavimo prietaisas, atitinkantis nacionalinius standartus, u\u017etikrinantis atitikt\u012f visiems hidraulini\u0173 cilindr\u0173 gamini\u0173 bandymo reikalavimams.<\/p>\n<p>Vik\u0161rini\u0173 kran\u0173 spyruoklinis hidraulinis cilindras atspindi m\u016bs\u0173 atsidavim\u0105 kokybei ir na\u0161umui. Jis sukurtas kaip itin tvirtas hidraulinis cilindras vik\u0161rini\u0173 kran\u0173 operacijoms, ypa\u010d \u201eLiebherr\u201c, \u201eManitowoc\u201c ir \u201eKobelco\u201c modeliams. M\u016bs\u0173 gaminiais pasitiki did\u017eiausi pasaulio \u012frangos gamintojai, tod\u0117l jie peln\u0117 tvirt\u0105 patikimumo reputacij\u0105, o \u201eEver-Power Huachang Hydraulic\u201c pripa\u017einta hidraulini\u0173 cilindr\u0173 gamybos lydere.<\/p>\n<\/section>","protected":false},"excerpt":{"rendered":"<p>Spring Hydraulic Cylinders for Crawler Crane The spring hydraulic cylinder for crawler crane from ever-power huachang hydraulic is a robust spring-return cylinder designed for crawler crane operations, compatible with various models. This hydraulic cylinder for crawler crane enhances lifting efficiency with its spring mechanism, ensuring reliable performance in construction, mining, and heavy industrial tasks. Engineered [&hellip;]<\/p>","protected":false},"featured_media":20135,"comment_status":"open","ping_status":"closed","template":"","meta":{"_et_pb_use_builder":"","_et_pb_old_content":"","_et_gb_content_width":""},"product_brand":[],"product_cat":[1376],"product_tag":[],"class_list":{"0":"post-20133","1":"product","2":"type-product","3":"status-publish","4":"has-post-thumbnail","6":"product_cat-hydraulic-cylinder","8":"first","9":"instock","10":"shipping-taxable","11":"product-type-simple"},"amp_enabled":true,"_links":{"self":[{"href":"https:\/\/www.hydraulic-cylinders.net\/lt\/wp-json\/wp\/v2\/product\/20133","targetHints":{"allow":["GET"]}}],"collection":[{"href":"https:\/\/www.hydraulic-cylinders.net\/lt\/wp-json\/wp\/v2\/product"}],"about":[{"href":"https:\/\/www.hydraulic-cylinders.net\/lt\/wp-json\/wp\/v2\/types\/product"}],"replies":[{"embeddable":true,"href":"https:\/\/www.hydraulic-cylinders.net\/lt\/wp-json\/wp\/v2\/comments?post=20133"}],"wp:featuredmedia":[{"embeddable":true,"href":"https:\/\/www.hydraulic-cylinders.net\/lt\/wp-json\/wp\/v2\/media\/20135"}],"wp:attachment":[{"href":"https:\/\/www.hydraulic-cylinders.net\/lt\/wp-json\/wp\/v2\/media?parent=20133"}],"wp:term":[{"taxonomy":"product_brand","embeddable":true,"href":"https:\/\/www.hydraulic-cylinders.net\/lt\/wp-json\/wp\/v2\/product_brand?post=20133"},{"taxonomy":"product_cat","embeddable":true,"href":"https:\/\/www.hydraulic-cylinders.net\/lt\/wp-json\/wp\/v2\/product_cat?post=20133"},{"taxonomy":"product_tag","embeddable":true,"href":"https:\/\/www.hydraulic-cylinders.net\/lt\/wp-json\/wp\/v2\/product_tag?post=20133"}],"curies":[{"name":"wp","href":"https:\/\/api.w.org\/{rel}","templated":true}]}}