{"id":20141,"date":"2025-05-11T14:31:41","date_gmt":"2025-05-11T14:31:41","guid":{"rendered":"https:\/\/www.hydraulic-cylinders.net\/?post_type=product&#038;p=20141"},"modified":"2025-05-12T05:30:19","modified_gmt":"2025-05-12T05:30:19","slug":"hydraulic-cylinders-for-crawler-crane","status":"publish","type":"product","link":"https:\/\/www.hydraulic-cylinders.net\/lt\/produktas\/hydraulic-cylinders-for-crawler-crane\/","title":{"rendered":"Vik\u0161rinio krano hidrauliniai cilindrai"},"content":{"rendered":"<h1 style=\"text-align: center;\"><strong>Vik\u0161rinio krano hidrauliniai cilindrai<\/strong><\/h1>\n<p><img loading=\"lazy\" decoding=\"async\" class=\"wp-image-20150 aligncenter\" src=\"https:\/\/www.hydraulic-cylinders.net\/wp-content\/uploads\/2025\/05\/hydraulic-cylinders-for-crawler-crane-scaled.webp\" alt=\"\" width=\"500\" height=\"500\" \/><\/p>\n<section id=\"introduction\">\u201eEver-Power Huachang Hydraulic\u201c vik\u0161rini\u0173 kran\u0173 hidraulinis cilindras yra tvirtas vik\u0161rini\u0173 kran\u0173 cilindras, skirtas sunkiems k\u0117limo darbams, suderinamas su tokiais modeliais kaip \u201eLiebherr LR 1300\u201c ir \u201eManitowoc 14000\u201c. \u0160is vik\u0161rini\u0173 kran\u0173 k\u0117limo hidraulinis cilindras, sukurtas tikslumui, pagerina krano hidraulin\u0117s sistemos na\u0161um\u0105 statybos, kasybos ir pramon\u0117s projektuose, u\u017etikrindamas patikim\u0105 gali\u0105 ir stabilum\u0105 sud\u0117tingoms u\u017eduotims atlikti.<\/section>\n<section id=\"specifications\">\n<h2><strong>Technin\u0117s specifikacijos:<\/strong><\/h2>\n<p><strong>Funkcija:<\/strong>\u00a0Buferinis efektas<br \/>\n<strong>Cilindro skersmuo:<\/strong>\u00a0120 mm\u2013300 mm<br \/>\n<strong>Strypo skersmuo:<\/strong>\u00a0100 mm\u2013280 mm<br \/>\n<strong>Kelion\u0117s:<\/strong>\u00a0148 mm\u2013320 mm<br \/>\n<strong>Maksimalus sl\u0117gis:<\/strong>\u00a040 MPa<br \/>\n<strong>Maksimali trauka:<\/strong>\u00a02463KN<\/p>\n<\/section>\n<section id=\"features\">\n<h2><strong>Pagrindin\u0117s vik\u0161rinio krano hidraulinio cilindro savyb\u0117s:<\/strong><\/h2>\n<ul>\n<li><strong>Tvirta keliamoji galia:<\/strong>\u00a0Vik\u0161rinio krano hidraulinis cilindras pasi\u017eymi didele keliam\u0105ja galia, tod\u0117l tai idealus vik\u0161rinio krano cilindras sunkiems k\u0117limams sud\u0117tingoje aplinkoje.<\/li>\n<li><strong>Patvari konstrukcija:<\/strong>\u00a0Pagamintas i\u0161 didelio stiprumo plieno ir padengtas korozijai atsparia danga, \u0161is tvirtas hidraulinis cilindras atlaiko at\u0161iaurias s\u0105lygas ir u\u017etikrina ilgalaik\u012f kran\u0173 hidraulini\u0173 sistem\u0173 veikim\u0105.<\/li>\n<li><strong>Tikslioji in\u017einerija:<\/strong>\u00a0\u0160is pramoninis hidraulinis cilindras, sukurtas skland\u017eiai integracijai su vik\u0161riniais kranais, padidina hidraulinio cilindro stabilum\u0105 ir efektyvum\u0105 vik\u0161rini\u0173 kran\u0173 operacijose.<\/li>\n<li><strong>Ma\u017eai prie\u017ei\u016bros reikalaujantis dizainas:<\/strong>\u00a0D\u0117l pa\u017eangios sandarinimo technologijos vik\u0161rinio krano cilindras suma\u017eina nusid\u0117v\u0117jim\u0105, suma\u017eina prie\u017ei\u016bros i\u0161laidas ir yra patikimas hidraulinis cilindras vik\u0161rinio krano k\u0117limui.<\/li>\n<\/ul>\n<\/section>\n<section id=\"applications\">\n<h2><strong>Vik\u0161rinio krano hidraulinio cilindro pritaikymas:<\/strong><\/h2>\n<p><img loading=\"lazy\" decoding=\"async\" class=\"alignnone size-full wp-image-20166\" src=\"https:\/\/www.hydraulic-cylinders.net\/wp-content\/uploads\/2025\/05\/hydraulic-cylinder-application-1.webp\" alt=\"\" width=\"2048\" height=\"1152\" srcset=\"https:\/\/www.hydraulic-cylinders.net\/wp-content\/uploads\/2025\/05\/hydraulic-cylinder-application-1.webp 2048w, https:\/\/www.hydraulic-cylinders.net\/wp-content\/uploads\/2025\/05\/hydraulic-cylinder-application-1-1280x720.webp 1280w, https:\/\/www.hydraulic-cylinders.net\/wp-content\/uploads\/2025\/05\/hydraulic-cylinder-application-1-980x551.webp 980w, https:\/\/www.hydraulic-cylinders.net\/wp-content\/uploads\/2025\/05\/hydraulic-cylinder-application-1-480x270.webp 480w\" sizes=\"(min-width: 0px) and (max-width: 480px) 480px, (min-width: 481px) and (max-width: 980px) 980px, (min-width: 981px) and (max-width: 1280px) 1280px, (min-width: 1281px) 2048px, 100vw\" \/><\/p>\n<ul>\n<li><strong>Statybos projektai:<\/strong>\u00a0Vik\u0161rini\u0173 kran\u0173 hidraulinis cilindras puikiai tinka statyboms, nes tai yra itin tvirtas hidraulinis cilindras vik\u0161riniams kranams, skirtas tiksliai kelti plienines sijas ir betonines plok\u0161tes.<\/li>\n<li><strong>Kasybos operacijos:<\/strong>\u00a0\u0160is vik\u0161rinio krano cilindras, skirtas kasybai, padeda efektyviai kelti sunkius krovinius, tokius kaip r\u016bda, ir pagerina hidraulin\u012f cilindr\u0105 vik\u0161rinio krano darbams nelygiame reljefe.<\/li>\n<li><strong>Pramonin\u0117s sunkiosios ma\u0161inos:<\/strong>\u00a0Idealiai tinkantis pramonin\u0117ms aplinkoms, pramoninis hidraulinis cilindras sunkiosioms ma\u0161inoms u\u017etikrina saug\u0173 ir patikim\u0105 veikim\u0105 gamyklose ir didelio masto projektuose.<\/li>\n<\/ul>\n<\/section>\n<section id=\"explore-more\">\n<h2><strong>Per\u017ei\u016br\u0117kite daugiau vik\u0161rini\u0173 kran\u0173 cilindr\u0173:<\/strong><\/h2>\n<p>Taip pat si\u016blome \u012fvairi\u0173 kit\u0173 vik\u0161rini\u0173 kran\u0173 cilindr\u0173, kad patenkintume \u012fvairius k\u0117limo poreikius. Nesvarbu, ar jums reikia hidraulinio cilindro vik\u0161rinio krano operacijoms, ar vik\u0161rinio krano cilindro pakeitimo, \u201eEver-Power Huachang Hydraulic\u201c turi sprendim\u0105. Per\u017ei\u016br\u0117kite vis\u0105 m\u016bs\u0173 asortiment\u0105. <a href=\"https:\/\/www.hydraulic-cylinders.net\/lt\/mobile-crane-hydraulic-cylinders\/\">vik\u0161rini\u0173 kran\u0173 cilindrai<\/a>.<\/p>\n<h2 dir=\"auto\"><strong>Koks yra maksimalus vik\u0161rinio krano hidraulinio cilindro darbinis sl\u0117gis?<\/strong><\/h2>\n<p dir=\"auto\">Vik\u0161rinio krano hidraulinio cilindro maksimalus darbinis sl\u0117gis yra 350 bar\u0173, kaip nurodyta gaminio puslapio technini\u0173 specifikacij\u0173 skyriuje. \u0160i auk\u0161to sl\u0117gio galimyb\u0117 u\u017etikrina, kad vik\u0161rinio krano hidraulinis cilindras gali atlaikyti ekstremalius sunki\u0173j\u0173 k\u0117limo darb\u0173 reikalavimus ir tiksliai valdyti vik\u0161rinio krano cilindrus sud\u0117tingoje aplinkoje, pavyzd\u017eiui, statybviet\u0117se, kasybos operacijose ir pramoniniuose projektuose. 350 bar\u0173 sl\u0117gis atspindi \u0161io sunki\u0173j\u0173 hidraulini\u0173 cilindr\u0173 tvirt\u0105 konstrukcij\u0105, leid\u017eian\u010di\u0105 jam atlaikyti dideles apkrovas \u2013 iki keli\u0173 ton\u0173 \u2013 i\u0161laikant krano hidraulin\u0117s sistemos konstrukcin\u012f vientisum\u0105 ir veikimo stabilum\u0105.<\/p>\n<p dir=\"auto\">\u0160is sl\u0117gio slenkstis pasiekiamas naudojant didelio stiprumo plieno konstrukcij\u0105 ir pa\u017eangi\u0105 sandarinimo technologij\u0105, kuri apsaugo nuo nuot\u0117ki\u0173 ir atlaiko nuolatinio naudojimo s\u0105lygas, tokias kaip dulk\u0117tos vietov\u0117s ar dr\u0117gnos pakrant\u0117s zonos. Be to, vik\u0161rinio krano k\u0117limo hidraulinis cilindras suprojektuotas su pritaikomais kiaurym\u0117s dyd\u017eiais (nuo 180 mm iki 300 mm) ir eigos ilgiais (nuo 600 mm iki 2500 mm), tod\u0117l j\u012f galima pritaikyti prie skirting\u0173 sl\u0117gio reikalavim\u0173, skirt\u0173 skirtingiems vik\u0161rini\u0173 kran\u0173 modeliams, pvz., \u201eLiebherr LR 1300\u201c ir \u201eManitowoc 14000\u201c.<\/p>\n<p dir=\"auto\">\u0160is sl\u0117gio paj\u0117gumas ir patvari konstrukcija suma\u017eina pramoninio hidraulinio cilindro nusid\u0117v\u0117jim\u0105, suma\u017eina technin\u0117s prie\u017ei\u016bros da\u017enum\u0105 ir pailgina jo tarnavimo laik\u0105, tod\u0117l tai puikus vik\u0161rini\u0173 kran\u0173 cilindr\u0173 pakaitalas operatoriams, ie\u0161kantiems patikimo na\u0161umo sunkiomis s\u0105lygomis. D\u0117l konkretaus sl\u0117gio pritaikymo ar suderinamumo informacijos susisiekite su \u201eEver-Power Huachang Hydraulic\u201c ekspert\u0173 komanda.<\/p>\n<\/section>\n<section id=\"company-introduction\">\n<h2><strong>Apie \u201eEver-Power Huachang Hydraulic\u201c:<\/strong><\/h2>\n<h2><img loading=\"lazy\" decoding=\"async\" class=\"alignnone size-full wp-image-16972\" src=\"https:\/\/www.hydraulic-cylinders.net\/wp-content\/uploads\/2025\/01\/hydraulic-cylinder-factory-1-scaled.webp\" alt=\"\" width=\"2016\" height=\"2560\" srcset=\"https:\/\/www.hydraulic-cylinders.net\/wp-content\/uploads\/2025\/01\/hydraulic-cylinder-factory-1-scaled.webp 2016w, https:\/\/www.hydraulic-cylinders.net\/wp-content\/uploads\/2025\/01\/hydraulic-cylinder-factory-1-1280x1625.webp 1280w, https:\/\/www.hydraulic-cylinders.net\/wp-content\/uploads\/2025\/01\/hydraulic-cylinder-factory-1-980x1244.webp 980w, https:\/\/www.hydraulic-cylinders.net\/wp-content\/uploads\/2025\/01\/hydraulic-cylinder-factory-1-480x610.webp 480w\" sizes=\"(min-width: 0px) and (max-width: 480px) 480px, (min-width: 481px) and (max-width: 980px) 980px, (min-width: 981px) and (max-width: 1280px) 1280px, (min-width: 1281px) 2016px, 100vw\" \/><\/h2>\n<p>Did\u017eiuojam\u0117s modernia nepriklausoma surinkimui skirta tyrim\u0173 ir pl\u0117tros platforma, u\u017etikrinan\u010dia auk\u0161\u010diausio lygio inovacijas ir kokyb\u0119 m\u016bs\u0173 gamybos procesuose. M\u016bs\u0173 \u0161akini\u0173 krautuv\u0173 cilindr\u0173 gamybos ceche yra keturios pusiau automatin\u0117s k\u0117limo cilindr\u0173 surinkimo linijos ir visi\u0161kai automatin\u0117 pakreipiam\u0173 cilindr\u0173 surinkimo linija, kurios kartu suprojektuotos taip, kad per metus pagamint\u0173 iki milijono vienet\u0173.<\/p>\n<p>M\u016bs\u0173 mechaninio apdirbimo dirbtuv\u0117se yra pagal u\u017esakym\u0105 pagaminti tekinimo centrai su pakreipiamomis kreipian\u010diosiomis linijomis, mechaninio apdirbimo centrai, greitaeig\u0117s galandimo stakl\u0117s, suvirinimo robotai ir kita reikalinga \u012franga. \u0160i \u012franga leid\u017eia mums apdirbti cilindrinius vamzd\u017eius, kuri\u0173 maksimalus vidinis skersmuo yra 400 mm, o ilgis \u2013 iki 6 metr\u0173, o tai dar labiau padidina m\u016bs\u0173 gamybos paj\u0117gumus.<\/p>\n<p>Mes valdome visi\u0161kai automatin\u0119 vandens pagrindo da\u017e\u0173 dengimo linij\u0105, specialiai sukurt\u0105 ma\u017eiems ir vidutinio dyd\u017eio balionams, su automatizuotais pakrovimo, i\u0161krovimo ir pur\u0161kimo robotais. \u0160i moderni sistema gali pasigirti 4000 vienet\u0173 per pamain\u0105 gamybos paj\u0117gumu. Be to, turime pusiau automatin\u0119 dideli\u0173 balion\u0173 da\u017eymo linij\u0105 su grandinine pavara, kurios projektinis paj\u0117gumas yra 60 d\u0117\u017ei\u0173 per pamain\u0105.<\/p>\n<h2><img loading=\"lazy\" decoding=\"async\" class=\"alignnone size-full wp-image-16973\" src=\"https:\/\/www.hydraulic-cylinders.net\/wp-content\/uploads\/2025\/01\/hydraulic-cylinder-factory-2-scaled.webp\" alt=\"\" width=\"2011\" height=\"2560\" srcset=\"https:\/\/www.hydraulic-cylinders.net\/wp-content\/uploads\/2025\/01\/hydraulic-cylinder-factory-2-scaled.webp 2011w, https:\/\/www.hydraulic-cylinders.net\/wp-content\/uploads\/2025\/01\/hydraulic-cylinder-factory-2-1280x1629.webp 1280w, https:\/\/www.hydraulic-cylinders.net\/wp-content\/uploads\/2025\/01\/hydraulic-cylinder-factory-2-980x1248.webp 980w, https:\/\/www.hydraulic-cylinders.net\/wp-content\/uploads\/2025\/01\/hydraulic-cylinder-factory-2-480x611.webp 480w\" sizes=\"(min-width: 0px) and (max-width: 480px) 480px, (min-width: 481px) and (max-width: 980px) 980px, (min-width: 981px) and (max-width: 1280px) 1280px, (min-width: 1281px) 2011px, 100vw\" \/><\/h2>\n<p>Siekdami pagerinti gamini\u0173 na\u0161um\u0105 ir \u012ftvirtinti savo lyderyst\u0119 hidraulini\u0173 cilindr\u0173 pramon\u0117je, bendradarbiaujame su \u201eZJIMEE\u201c, kad \u012fkurtume i\u0161sami\u0105 hidraulini\u0173 cilindr\u0173, vo\u017etuv\u0173 ir siurbli\u0173 na\u0161umo laboratorij\u0105. \u0160ioje pa\u017eangioje laboratorijoje naudojami kompiuteriniai bandymai su elektrohidrauline technologija, leid\u017eian\u010dia i\u0161 anksto nustatyti bandymo s\u0105lygas, kurios pagerina tikslum\u0105 ir sistemos universalum\u0105. Automatizuotame duomen\u0173 rinkimo procese naudojami jutikliai, skirti surinkti i\u0161vesties duomenis, tokius kaip vidinis nuot\u0117kis ir apkrovos efektyvumas, kurie v\u0117liau apdorojami kompiuteriu ir konvertuojami \u012f standartinius vienetus (ml\/min%).<\/p>\n<p>Vik\u0161rini\u0173 kran\u0173 hidraulinis cilindras atspindi m\u016bs\u0173 atsidavim\u0105 kokybei ir na\u0161umui. Jis sukurtas kaip itin tvirtas hidraulinis cilindras vik\u0161rini\u0173 kran\u0173 k\u0117limui, ypa\u010d \u201eLiebherr\u201c, \u201eManitowoc\u201c ir \u201eKobelco\u201c modeliams. M\u016bs\u0173 gaminiais pasitiki did\u017eiausi \u012frangos gamintojai visame pasaulyje, tod\u0117l jie peln\u0117 tvirt\u0105 patikimumo reputacij\u0105, o \u201eEver-Power Huachang Hydraulic\u201c pripa\u017einta hidraulini\u0173 cilindr\u0173 gamybos lydere.<\/p>\n<\/section>","protected":false},"excerpt":{"rendered":"<p>Hydraulic Cylinders for Crawler Crane The Hydraulic Cylinder for Crawler Crane from Ever-Power Huachang Hydraulic is a robust crawler crane cylinder designed for heavy-duty lifting, compatible with models like Liebherr LR 1300 and Manitowoc 14000. Engineered for precision, this hydraulic cylinder for crawler crane lifting enhances crane hydraulic system performance in construction, mining, and industrial [&hellip;]<\/p>","protected":false},"featured_media":20162,"comment_status":"open","ping_status":"closed","template":"","meta":{"_et_pb_use_builder":"","_et_pb_old_content":"","_et_gb_content_width":""},"product_brand":[],"product_cat":[1514],"product_tag":[],"class_list":{"0":"post-20141","1":"product","2":"type-product","3":"status-publish","4":"has-post-thumbnail","6":"product_cat-mobile-crane-hydraulic-cylinders","8":"first","9":"instock","10":"shipping-taxable","11":"product-type-simple"},"amp_enabled":true,"_links":{"self":[{"href":"https:\/\/www.hydraulic-cylinders.net\/lt\/wp-json\/wp\/v2\/product\/20141","targetHints":{"allow":["GET"]}}],"collection":[{"href":"https:\/\/www.hydraulic-cylinders.net\/lt\/wp-json\/wp\/v2\/product"}],"about":[{"href":"https:\/\/www.hydraulic-cylinders.net\/lt\/wp-json\/wp\/v2\/types\/product"}],"replies":[{"embeddable":true,"href":"https:\/\/www.hydraulic-cylinders.net\/lt\/wp-json\/wp\/v2\/comments?post=20141"}],"wp:featuredmedia":[{"embeddable":true,"href":"https:\/\/www.hydraulic-cylinders.net\/lt\/wp-json\/wp\/v2\/media\/20162"}],"wp:attachment":[{"href":"https:\/\/www.hydraulic-cylinders.net\/lt\/wp-json\/wp\/v2\/media?parent=20141"}],"wp:term":[{"taxonomy":"product_brand","embeddable":true,"href":"https:\/\/www.hydraulic-cylinders.net\/lt\/wp-json\/wp\/v2\/product_brand?post=20141"},{"taxonomy":"product_cat","embeddable":true,"href":"https:\/\/www.hydraulic-cylinders.net\/lt\/wp-json\/wp\/v2\/product_cat?post=20141"},{"taxonomy":"product_tag","embeddable":true,"href":"https:\/\/www.hydraulic-cylinders.net\/lt\/wp-json\/wp\/v2\/product_tag?post=20141"}],"curies":[{"name":"wp","href":"https:\/\/api.w.org\/{rel}","templated":true}]}}