{"id":20145,"date":"2025-05-11T15:02:40","date_gmt":"2025-05-11T15:02:40","guid":{"rendered":"https:\/\/www.hydraulic-cylinders.net\/?post_type=product&#038;p=20145"},"modified":"2025-05-12T05:30:46","modified_gmt":"2025-05-12T05:30:46","slug":"arm-anti-tilt-hydraulic-cylinders-for-crawler-crane-2","status":"publish","type":"product","link":"https:\/\/www.hydraulic-cylinders.net\/lt\/produktas\/arm-anti-tilt-hydraulic-cylinders-for-crawler-crane-2\/","title":{"rendered":"Vik\u0161rinio krano hidrauliniai cilindrai su rankenos apsauga nuo pakreipimo"},"content":{"rendered":"<h1 style=\"text-align: center;\"><strong>Vik\u0161rinio krano hidrauliniai cilindrai su rankenos apsauga nuo pakreipimo<\/strong><\/h1>\n<p><img loading=\"lazy\" decoding=\"async\" class=\"wp-image-20149 aligncenter\" src=\"https:\/\/www.hydraulic-cylinders.net\/wp-content\/uploads\/2025\/05\/arm-anti-tilt-hydraulic-cylinders-for-crawler-crane.webp\" alt=\"\" width=\"500\" height=\"500\" srcset=\"https:\/\/www.hydraulic-cylinders.net\/wp-content\/uploads\/2025\/05\/arm-anti-tilt-hydraulic-cylinders-for-crawler-crane.webp 500w, https:\/\/www.hydraulic-cylinders.net\/wp-content\/uploads\/2025\/05\/arm-anti-tilt-hydraulic-cylinders-for-crawler-crane-480x480.webp 480w\" sizes=\"(min-width: 0px) and (max-width: 480px) 480px, (min-width: 481px) 500px, 100vw\" \/><\/p>\n<section id=\"introduction\">\u201eEver-Power Huachang Hydraulic\u201c profesionaliai sukurti vik\u0161rini\u0173 kran\u0173 svirties apsaugos hidrauliniai cilindrai yra skirti padidinti krano stabilum\u0105 ir saugum\u0105 atliekant sunkius k\u0117limo darbus ir yra suderinami su \u012fvairiais modeliais. \u0160is vik\u0161rini\u0173 kran\u0173 hidraulinis cilindras turi pa\u017eang\u0173 vik\u0161rini\u0173 kran\u0173 svirties apsaugos mechanizm\u0105, kuris apsaugo nuo nepageidaujamo krano svirties pakreipimo, u\u017etikrindamas tiksl\u0173 apkrovos valdym\u0105 net sud\u0117tingomis s\u0105lygomis, tokiomis kaip nelygus reljefas ar stiprus v\u0117jas. Pagamintas i\u0161 didelio stiprumo legiruotojo plieno ir padengtas korozijai atsparia danga, \u0161is tvirtas hidraulinis cilindras atlaiko at\u0161iaurias aplinkas, tokias kaip dulk\u0117tos statybviet\u0117s, dr\u0117gnos pakran\u010di\u0173 zonos ar nelyg\u016bs kasybos laukai, ir u\u017etikrina patikim\u0105 veikim\u0105 sud\u0117tingomis s\u0105lygomis. D\u0117l pritaikom\u0173 kiaurym\u0117s dyd\u017ei\u0173 (nuo 180 mm iki 300 mm) ir eigos ilgio (nuo 1000 mm iki 4000 mm), vik\u0161rini\u0173 kran\u0173 svirties apsaugos hidrauliniai cilindrai suteikia individualius sprendimus, atitinkan\u010dius \u012fvairius eksploatavimo poreikius, tod\u0117l jie yra b\u016btinas vik\u0161rini\u0173 kran\u0173 cilindras apkrovos valdymui statybos, kasybos ir pramon\u0117s projektuose. \u0160is krano stabilumui skirtas svirties apsaugos cilindras, pagr\u012fstas pa\u017eangiausiais gamybos ir grie\u017etais bandym\u0173 standartais, u\u017etikrina minimal\u0173 prastovos laik\u0105 ir maksimal\u0173 efektyvum\u0105.<\/section>\n<section id=\"specifications\">\n<h2><strong>Technin\u0117s specifikacijos:<\/strong><\/h2>\n<p><strong>Funkcija:<\/strong> Valdykite rankos r\u0117mo judes\u012f<br \/>\n<strong>Cilindro skersmuo:<\/strong> 100\u2013320 mm<br \/>\n<strong>Strypo skersmuo:<\/strong> 85\u2013220 mm<br \/>\n<strong>Kelion\u0117s:<\/strong> 1200\u20133550 mm<br \/>\n<strong>Maksimalus sl\u0117gis:<\/strong> 31,5 MPa<br \/>\n<strong>Maksimali trauka:<\/strong> 2533KN<\/p>\n<\/section>\n<section id=\"features\">\n<h2><strong>Pagrindin\u0117s vik\u0161rinio krano hidraulini\u0173 cilindr\u0173 su rankenos apsauga nuo pakreipimo savyb\u0117s:<\/strong><\/h2>\n<ul>\n<li><strong>Pa\u017eangus apsaugos nuo pasvirimo mechanizmas:<\/strong>\u00a0Vik\u0161rinio krano svirties apsaugos hidrauliniai cilindrai turi svirties apsaugos cilindr\u0105, kuris u\u017etikrina krano svirties stabilum\u0105, tod\u0117l tai patikimas vik\u0161rinio krano cilindras krovinio valdymui sunki\u0173 k\u0117lim\u0173 metu.<\/li>\n<li><strong>Tvirtas patvarumas:<\/strong>\u00a0Pagamintas i\u0161 didelio stiprumo legiruotojo plieno ir padengtas korozijai atsparia danga, \u0161is tvirtas hidraulinis cilindras atlaiko ekstremalias s\u0105lygas ir u\u017etikrina ilgalaik\u012f veikim\u0105 at\u0161iaurioje aplinkoje.<\/li>\n<li><strong>Tikslus apkrovos valdymas:<\/strong>\u00a0Vik\u0161rinio krano str\u0117l\u0117s hidraulinis cilindras u\u017etikrina tiksl\u0173 judesio valdym\u0105, padidindamas saugum\u0105 ir efektyvum\u0105 sud\u0117tingose \u200b\u200bpramonin\u0117se u\u017eduotyse, o apsaugos nuo pasvirimo cilindras u\u017etikrina krano stabilum\u0105.<\/li>\n<li><strong>Ma\u017eai prie\u017ei\u016bros reikalaujantis dizainas:<\/strong>\u00a0\u0160is tvirtas hidraulinis cilindras su apsauga nuo pasvirimo, apr\u016bpintas pa\u017eangia sandarinimo technologija, suma\u017eina nusid\u0117v\u0117jim\u0105 ir vik\u0161rini\u0173 kran\u0173 prie\u017ei\u016bros i\u0161laidas.<\/li>\n<li><\/li>\n<\/ul>\n<\/section>\n<section id=\"applications\">\n<h2><strong>Vik\u0161rinio krano hidraulini\u0173 cilindr\u0173, apsaugan\u010di\u0173 nuo pakreipimo, pritaikymas:<\/strong><\/h2>\n<p><img loading=\"lazy\" decoding=\"async\" class=\"size-full wp-image-20164 aligncenter\" src=\"https:\/\/www.hydraulic-cylinders.net\/wp-content\/uploads\/2025\/05\/arm-anti-tilt-hydrauilc-cylinder-application.webp\" alt=\"\" width=\"1648\" height=\"939\" srcset=\"https:\/\/www.hydraulic-cylinders.net\/wp-content\/uploads\/2025\/05\/arm-anti-tilt-hydrauilc-cylinder-application.webp 1648w, https:\/\/www.hydraulic-cylinders.net\/wp-content\/uploads\/2025\/05\/arm-anti-tilt-hydrauilc-cylinder-application-1280x729.webp 1280w, https:\/\/www.hydraulic-cylinders.net\/wp-content\/uploads\/2025\/05\/arm-anti-tilt-hydrauilc-cylinder-application-980x558.webp 980w, https:\/\/www.hydraulic-cylinders.net\/wp-content\/uploads\/2025\/05\/arm-anti-tilt-hydrauilc-cylinder-application-480x273.webp 480w\" sizes=\"(min-width: 0px) and (max-width: 480px) 480px, (min-width: 481px) and (max-width: 980px) 980px, (min-width: 981px) and (max-width: 1280px) 1280px, (min-width: 1281px) 1648px, 100vw\" \/><\/p>\n<ul>\n<li><strong>Statybos projektai:<\/strong>\u00a0Hidraulinis cilindras su apsauga nuo pakreipimo u\u017etikrina stabil\u0173 sunki\u0173 med\u017eiag\u0173, toki\u0173 kaip plienin\u0117s sijos ir betonin\u0117s plok\u0161t\u0117s statybose, k\u0117lim\u0105, o apkrov\u0105 kontroliuoja vik\u0161rinis krano cilindras.<\/li>\n<li><strong>Kasybos operacijos:<\/strong>\u00a0\u0160is vik\u0161rinio krano str\u0117l\u0117s hidraulinis cilindras, skirtas kasybai, i\u0161laiko stabilum\u0105 dirbant su sunkiais kroviniais, tokiais kaip r\u016bda, o krano stabilum\u0105 sustiprina apsaugos nuo pasvirimo cilindras.<\/li>\n<li><strong>Pramoniniai sunkieji k\u0117limo \u012frenginiai:<\/strong>\u00a0Idealiai tinkantis pramonin\u0117ms aplinkoms, tvirtas hidraulinis cilindras su apsauga nuo pakreipimo u\u017etikrina tiksl\u0173 krovini\u0173 valdym\u0105 gamyklose ir didelio masto projektuose, kuriems reikalingi vik\u0161riniai kranai.<\/li>\n<\/ul>\n<\/section>\n<h2 dir=\"auto\"><strong>Kaip hidraulinis cilindras su apsauga nuo pakreipimo pagerina vik\u0161rinio krano saug\u0105?<\/strong><\/h2>\n<section id=\"applications\">\n<p dir=\"auto\">Svirties apsaugos hidraulinis cilindras \u017eymiai pagerina vik\u0161rinio krano saugum\u0105 d\u0117l specializuoto dizaino ir pa\u017eangios in\u017einerijos, pritaikytos spr\u0119sti su sunki\u0173 krovini\u0173 k\u0117limu sud\u0117tingoje aplinkoje susijusi\u0105 rizik\u0105. \u0160io vik\u0161rinio krano str\u0117l\u0117s hidraulinio cilindro esm\u0117 \u2013 novatori\u0161kas apsaugos nuo pasvirimo cilindro mechanizmas, kuris aktyviai apsaugo nuo nepageidaujamo krano str\u0117l\u0117s pasvirimo \u2013 da\u017eno pavojaus dirbant nelygiu reljefu, pu\u010diant stipriam v\u0117jui arba tvarkant ne centre esan\u010dius krovinius. I\u0161laikydami str\u0117l\u0117s stabilum\u0105, vik\u0161rinio krano str\u0117l\u0117s hidrauliniai cilindrai u\u017etikrina tiksl\u0173 krovinio valdym\u0105, suma\u017eindami staigaus krovinio poslinkio ar krano apvirtimo rizik\u0105 \u2013 tai itin svarb\u016bs veiksniai, kurie kitaip gal\u0117t\u0173 sukelti nelaimingus atsitikimus, \u012frangos sugadinim\u0105 ar eksploatavimo prastovas didel\u0117s rizikos aplinkoje, pavyzd\u017eiui, statybviet\u0117se ir kasybos laukuose.<\/p>\n<p dir=\"auto\">Tvirtas hidraulinis cilindras pagamintas i\u0161 didelio stiprumo legiruotojo plieno ir padengtas korozijai atsparia danga, tod\u0117l jis gali atlaikyti ekstremalias s\u0105lygas, i\u0161laikant konstrukcijos vientisum\u0105 ir dar labiau padidinant saugum\u0105, u\u017etikrinant pastov\u0173 veikim\u0105 laikui b\u0117gant. \u0160is vik\u0161rinio krano cilindras, skirtas apkrovai valdyti, pasi\u017eymi maksimaliu 350 bar\u0173 darbiniu sl\u0117giu, pritaikomu kiaurymi\u0173 dyd\u017eiu (nuo 180 mm iki 300 mm) ir eigos ilgiu (nuo 1000 mm iki 4000 mm), prisitaiko prie \u012fvairi\u0173 eksploatacini\u0173 poreiki\u0173, u\u017etikrindamas patikim\u0105 stabilum\u0105 net ir esant maksimaliai apkrovai. Be to, krano stabilumui skirtas apsaugos nuo pasvirimo cilindras pasi\u017eymi pa\u017eangia sandarinimo technologija, kuri apsaugo nuo hidraulinio skys\u010dio nuot\u0117kio, u\u017etikrindama skland\u0173 ir nusp\u0117jam\u0105 veikim\u0105 be netik\u0117t\u0173 gedim\u0173, galin\u010di\u0173 pakenkti saugai.<\/p>\n<p dir=\"auto\">\u0160i konstrukcija taip pat suma\u017eina svarbiausi\u0173 komponent\u0173 susid\u0117v\u0117jim\u0105, suma\u017eindama mechanini\u0173 problem\u0173 tikimyb\u0119 eksploatacijos metu, o tai yra labai svarbu norint i\u0161laikyti saugi\u0105 darbo aplink\u0105. \u0160is tvirtas hidraulinis cilindras su apsauga nuo pasvirimo, suderinamas su pirmaujan\u010diais vik\u0161rini\u0173 kran\u0173 modeliais, tokiais kaip \u201eLiebherr LR 1300\u201c, \u201eManitowoc 14000\u201c ir \u201eKobelco CKE2500\u201c, yra grie\u017etai testuojamas \u201eEver-Power Huachang Hydraulic\u201c na\u0161umo laboratorijoje, siekiant nustatyti apkrovos efektyvum\u0105 ir vidin\u012f nuot\u0117k\u012f, u\u017etikrinant atitikt\u012f nacionaliniams saugos standartams. Suma\u017eindamas su pasvirimu susijusi\u0105 rizik\u0105 ir u\u017etikrindamas eksploatacin\u012f patikimum\u0105, hidraulinis cilindras su apsauga nuo pasvirimo suteikia vik\u0161rini\u0173 kran\u0173 operatoriams pasitik\u0117jimo saugiai ir efektyviai valdyti sunkius krovinius \u012fvairiose pramon\u0117s srityse.<\/p>\n<\/section>\n<section id=\"explore-more\">\n<h2><strong>Per\u017ei\u016br\u0117kite daugiau vik\u0161rini\u0173 kran\u0173 cilindr\u0173:<\/strong><\/h2>\n<p>Taip pat si\u016blome \u012fvairi\u0173 kit\u0173 vik\u0161rini\u0173 kran\u0173 cilindr\u0173, kad patenkintume \u012fvairius k\u0117limo poreikius. Nesvarbu, ar jums reikia hidraulinio cilindro vik\u0161rinio krano str\u0117lei, ar sunkaus sprendimo stabilumui u\u017etikrinti, \u201eEver-Power Huachang Hydraulic\u201c turi sprendim\u0105. Per\u017ei\u016br\u0117kite vis\u0105 m\u016bs\u0173 asortiment\u0105. <a href=\"https:\/\/www.hydraulic-cylinders.net\/lt\/mobile-crane-hydraulic-cylinders\/\">vik\u0161rini\u0173 kran\u0173 cilindrai<\/a>.<\/p>\n<\/section>\n<section id=\"company-introduction\">\n<h2><strong>Apie \u201eEver-Power Huachang Hydraulic\u201c:<\/strong><\/h2>\n<h2><img loading=\"lazy\" decoding=\"async\" class=\"alignnone size-full wp-image-16972\" src=\"https:\/\/www.hydraulic-cylinders.net\/wp-content\/uploads\/2025\/01\/hydraulic-cylinder-factory-1-scaled.webp\" alt=\"\" width=\"2016\" height=\"2560\" srcset=\"https:\/\/www.hydraulic-cylinders.net\/wp-content\/uploads\/2025\/01\/hydraulic-cylinder-factory-1-scaled.webp 2016w, https:\/\/www.hydraulic-cylinders.net\/wp-content\/uploads\/2025\/01\/hydraulic-cylinder-factory-1-1280x1625.webp 1280w, https:\/\/www.hydraulic-cylinders.net\/wp-content\/uploads\/2025\/01\/hydraulic-cylinder-factory-1-980x1244.webp 980w, https:\/\/www.hydraulic-cylinders.net\/wp-content\/uploads\/2025\/01\/hydraulic-cylinder-factory-1-480x610.webp 480w\" sizes=\"(min-width: 0px) and (max-width: 480px) 480px, (min-width: 481px) and (max-width: 980px) 980px, (min-width: 981px) and (max-width: 1280px) 1280px, (min-width: 1281px) 2016px, 100vw\" \/><\/h2>\n<p>Did\u017eiuojam\u0117s modernia nepriklausoma surinkimui skirta tyrim\u0173 ir pl\u0117tros platforma, u\u017etikrinan\u010dia auk\u0161\u010diausio lygio inovacijas ir kokyb\u0119 m\u016bs\u0173 gamybos procesuose. M\u016bs\u0173 \u0161akini\u0173 krautuv\u0173 cilindr\u0173 gamybos ceche yra keturios pusiau automatin\u0117s k\u0117limo cilindr\u0173 surinkimo linijos ir visi\u0161kai automatin\u0117 pakreipiam\u0173 cilindr\u0173 surinkimo linija, kurios kartu suprojektuotos taip, kad per metus pagamint\u0173 iki milijono vienet\u0173.<\/p>\n<p>Be to, m\u016bs\u0173 specializuotose cilindr\u0173 dirbtuv\u0117se \u012frengtos \u012fvairioms specifikacijoms pritaikytos pusiau automatin\u0117s valymo ir surinkimo sistemos, kuri\u0173 metinis gamybos paj\u0117gumas siekia 200 000 vienet\u0173. Naudojame pripa\u017eint\u0105 CNC \u012frang\u0105, apdirbimo centrus ir specializuotus \u012frankius didelio tikslumo hidraulini\u0173 cilindr\u0173 apdirbimui. M\u016bs\u0173 \u012fmon\u0117je taip pat yra pa\u017eangios robotin\u0117s suvirinimo ma\u0161inos, automatin\u0117s valymo sistemos ir visi\u0161kai automatizuotos cilindr\u0173 surinkimo bei da\u017eymo linijos. Tur\u0117dami daugiau nei 300 pagrindini\u0173 \u012frangos vienet\u0173, optimizuojame i\u0161tekli\u0173 paskirstym\u0105 ir u\u017etikriname efektyv\u0173 j\u0173 panaudojim\u0105, laikydamiesi grie\u017et\u0173 tikslumo ir kokyb\u0117s standart\u0173.<\/p>\n<h2><img loading=\"lazy\" decoding=\"async\" class=\"alignnone size-full wp-image-16973\" src=\"https:\/\/www.hydraulic-cylinders.net\/wp-content\/uploads\/2025\/01\/hydraulic-cylinder-factory-2-scaled.webp\" alt=\"\" width=\"2011\" height=\"2560\" srcset=\"https:\/\/www.hydraulic-cylinders.net\/wp-content\/uploads\/2025\/01\/hydraulic-cylinder-factory-2-scaled.webp 2011w, https:\/\/www.hydraulic-cylinders.net\/wp-content\/uploads\/2025\/01\/hydraulic-cylinder-factory-2-1280x1629.webp 1280w, https:\/\/www.hydraulic-cylinders.net\/wp-content\/uploads\/2025\/01\/hydraulic-cylinder-factory-2-980x1248.webp 980w, https:\/\/www.hydraulic-cylinders.net\/wp-content\/uploads\/2025\/01\/hydraulic-cylinder-factory-2-480x611.webp 480w\" sizes=\"(min-width: 0px) and (max-width: 480px) 480px, (min-width: 481px) and (max-width: 980px) 980px, (min-width: 981px) and (max-width: 1280px) 1280px, (min-width: 1281px) 2011px, 100vw\" \/><\/h2>\n<p>Mes valdome visi\u0161kai automatin\u0119 vandens pagrindo da\u017e\u0173 dengimo linij\u0105, specialiai sukurt\u0105 ma\u017eiems ir vidutinio dyd\u017eio balionams, su automatizuotais pakrovimo, i\u0161krovimo ir pur\u0161kimo robotais. \u0160i moderni sistema gali pasigirti 4000 vienet\u0173 per pamain\u0105 gamybos paj\u0117gumu. Be to, turime pusiau automatin\u0119 dideli\u0173 balion\u0173 da\u017eymo linij\u0105 su grandinine pavara, kurios projektinis paj\u0117gumas yra 60 d\u0117\u017ei\u0173 per pamain\u0105.<\/p>\n<p>Siekdami pagerinti gamini\u0173 na\u0161um\u0105 ir \u012ftvirtinti savo lyderyst\u0119 hidraulini\u0173 cilindr\u0173 pramon\u0117je, bendradarbiaujame su \u201eZJIMEE\u201c, kad \u012fkurtume i\u0161sami\u0105 hidraulini\u0173 cilindr\u0173, vo\u017etuv\u0173 ir siurbli\u0173 na\u0161umo laboratorij\u0105. \u0160ioje pa\u017eangioje laboratorijoje naudojami kompiuteriniai bandymai su elektrohidrauline technologija, leid\u017eian\u010dia i\u0161 anksto nustatyti bandymo s\u0105lygas, kurios pagerina tikslum\u0105 ir sistemos universalum\u0105. Automatizuotame duomen\u0173 rinkimo procese naudojami jutikliai, skirti surinkti i\u0161vesties duomenis, tokius kaip vidinis nuot\u0117kis ir apkrovos efektyvumas, kurie v\u0117liau apdorojami kompiuteriu ir konvertuojami \u012f standartinius vienetus (ml\/min%).<\/p>\n<p>Vik\u0161rini\u0173 kran\u0173 svirties apsaugos hidrauliniai cilindrai rodo m\u016bs\u0173 atsidavim\u0105 kokybei ir na\u0161umui. Jie sukurti kaip itin tvirti hidrauliniai cilindrai, skirti vik\u0161rini\u0173 kran\u0173 svirties stabilumui u\u017etikrinti, ypa\u010d skirti \u201eLiebherr\u201c, \u201eManitowoc\u201c ir \u201eKobelco\u201c modeliams. M\u016bs\u0173 gaminiais pasitiki did\u017eiausi \u012frangos gamintojai visame pasaulyje, tod\u0117l jie peln\u0117 tvirt\u0105 patikimumo reputacij\u0105, o \u201eEver-Power Huachang Hydraulic\u201c pripa\u017einta hidraulini\u0173 cilindr\u0173 gamybos lydere.<\/p>\n<\/section>\n<p>&nbsp;<\/p>","protected":false},"excerpt":{"rendered":"<p>Arm Anti Tilt Hydraulic Cylinders for Crawler Crane The Arm Anti Tilt Hydraulic Cylinders for Crawler Crane, expertly engineered by Ever-Power Huachang Hydraulic, are designed to enhance crane stability and safety during heavy lifting operations, compatible with models. This hydraulic cylinder for crawler crane arm integrates an advanced anti tilt cylinder mechanism that prevents unwanted [&hellip;]<\/p>","protected":false},"featured_media":20156,"comment_status":"open","ping_status":"closed","template":"","meta":{"_et_pb_use_builder":"","_et_pb_old_content":"","_et_gb_content_width":""},"product_brand":[],"product_cat":[1514],"product_tag":[],"class_list":{"0":"post-20145","1":"product","2":"type-product","3":"status-publish","4":"has-post-thumbnail","6":"product_cat-mobile-crane-hydraulic-cylinders","8":"first","9":"instock","10":"shipping-taxable","11":"product-type-simple"},"amp_enabled":true,"_links":{"self":[{"href":"https:\/\/www.hydraulic-cylinders.net\/lt\/wp-json\/wp\/v2\/product\/20145","targetHints":{"allow":["GET"]}}],"collection":[{"href":"https:\/\/www.hydraulic-cylinders.net\/lt\/wp-json\/wp\/v2\/product"}],"about":[{"href":"https:\/\/www.hydraulic-cylinders.net\/lt\/wp-json\/wp\/v2\/types\/product"}],"replies":[{"embeddable":true,"href":"https:\/\/www.hydraulic-cylinders.net\/lt\/wp-json\/wp\/v2\/comments?post=20145"}],"wp:featuredmedia":[{"embeddable":true,"href":"https:\/\/www.hydraulic-cylinders.net\/lt\/wp-json\/wp\/v2\/media\/20156"}],"wp:attachment":[{"href":"https:\/\/www.hydraulic-cylinders.net\/lt\/wp-json\/wp\/v2\/media?parent=20145"}],"wp:term":[{"taxonomy":"product_brand","embeddable":true,"href":"https:\/\/www.hydraulic-cylinders.net\/lt\/wp-json\/wp\/v2\/product_brand?post=20145"},{"taxonomy":"product_cat","embeddable":true,"href":"https:\/\/www.hydraulic-cylinders.net\/lt\/wp-json\/wp\/v2\/product_cat?post=20145"},{"taxonomy":"product_tag","embeddable":true,"href":"https:\/\/www.hydraulic-cylinders.net\/lt\/wp-json\/wp\/v2\/product_tag?post=20145"}],"curies":[{"name":"wp","href":"https:\/\/api.w.org\/{rel}","templated":true}]}}