{"id":20703,"date":"2025-05-27T06:21:36","date_gmt":"2025-05-27T06:21:36","guid":{"rendered":"https:\/\/www.hydraulic-cylinders.net\/product\/micro-digging-side-hydraulic-cylinders\/"},"modified":"2025-05-27T06:21:41","modified_gmt":"2025-05-27T06:21:41","slug":"micro-digging-side-hydraulic-cylinders","status":"publish","type":"product","link":"https:\/\/www.hydraulic-cylinders.net\/lt\/produktas\/micro-digging-side-hydraulic-cylinders\/","title":{"rendered":"Mikro kasimo \u0161oniniai hidrauliniai cilindrai"},"content":{"rendered":"<h1>Mikro kasimo \u0161oniniai hidrauliniai cilindrai<\/h1>\n<h2>Produkto ap\u017evalga<\/h2>\n<p>Mikro kasimo \u0161oninis hidraulinis cilindras yra specializuotas hidraulinis pavaros mechanizmas, skirtas tiksliam valdymui ir galingam na\u0161umui kompakti\u0161kose srityse. \u0160ie cilindrai yra esminiai \u012fvairi\u0173 ma\u0161in\u0173 komponentai, leid\u017eiantys operatoriams atlikti u\u017eduotis nepaprastai tiksliai ir efektyviai. Sukurti taip, kad u\u017etikrint\u0173 optimali\u0105 j\u0117g\u0105 u\u017edarose erdv\u0117se, jie randa savo viet\u0105 statybose, \u017eem\u0117s kasimo darbuose ir kitose sunkiosiose srityse. Kompakti\u0161ka konstrukcija leid\u017eia lengvai integruoti \u012f skirtingas sistemas, u\u017etikrinant, kad operatoriai gal\u0117t\u0173 pasiekti puik\u0173 na\u0161um\u0105 neaukodami vietos ar mobilumo.<\/p>\n<h2>Produkto specifikacijos<\/h2>\n<p>Toliau pateikiamos pagrindin\u0117s mikro kasimo \u0161oninio hidraulinio cilindro specifikacijos:<\/p>\n<ul>\n<li>Cilindro skersmuo: 50 mm<\/li>\n<li>Strypo skersmuo: 30 mm<\/li>\n<li>Eiga: 430 mm<\/li>\n<li>Montavimo atstumas: 670 mm<\/li>\n<\/ul>\n<p>\u0160ie matmenys yra labai svarb\u016bs nustatant cilindro efektyvum\u0105 ir suderinamum\u0105 su \u012fvairiomis ma\u0161inomis. Cilindro skersmuo u\u017etikrina pakankam\u0105 stiprum\u0105, o strypo skersmuo turi \u012ftakos apkrovos paj\u0117gumui. Jud\u0117jimo atstumas yra labai svarbus judesio diapazonui, o montavimo atstumas palengvina tinkam\u0105 montavim\u0105.<\/p>\n<h2>Pagrindin\u0117s savyb\u0117s<\/h2>\n<p>M\u016bs\u0173 mikrokasimo \u0161oniniai hidrauliniai cilindrai pasi\u017eymi keliomis i\u0161skirtin\u0117mis savyb\u0117mis:<\/p>\n<ul>\n<li><strong>Patvarumas:<\/strong> Pagaminta i\u0161 auk\u0161tos kokyb\u0117s med\u017eiag\u0173, kad atlaikyt\u0173 at\u0161iaurias s\u0105lygas.<\/li>\n<li><strong>Kompakti\u0161kas dydis:<\/strong> Idealiai tinka naudoti ribotoje erdv\u0117je.<\/li>\n<li><strong>Didelis efektyvumas:<\/strong> U\u017etikrina galing\u0105 na\u0161um\u0105, tuo pa\u010diu sunaudodamas ma\u017eiau energijos.<\/li>\n<li><strong>Pritaikomos parinktys:<\/strong> Galime pritaikyti specifikacijas konkretiems poreikiams.<\/li>\n<li><strong>Patikimas sandarinimas:<\/strong> Sukurta siekiant i\u0161vengti nuot\u0117ki\u0173 ir pailginti tarnavimo laik\u0105.<\/li>\n<\/ul>\n<p>Did\u017eiuojam\u0117s savo geb\u0117jimu gaminti \u0161iuos hidraulinius cilindrus, u\u017etikrindami, kad jie puikiai pakeis esamus j\u016bs\u0173 ma\u0161in\u0173 modelius.<\/p>\n<h2>Parai\u0161kos<\/h2>\n<p>Mikro kasimo \u0161oninis hidraulinis cilindras yra universalus ir gali b\u016bti naudojamas \u012fvairiose srityse:<\/p>\n<h3>1. Kasimo \u012franga<\/h3>\n<p>Kasimo ma\u0161inose \u0161ie cilindrai suteikia reikiam\u0105 j\u0117g\u0105 gruntui ar \u0161iuk\u0161l\u0117ms kasti ir kelti. D\u0117l kompakti\u0161kos konstrukcijos juos galima montuoti ank\u0161tose erdv\u0117se, tod\u0117l jie idealiai tinka mini ekskavatoriams. \u0160i\u0173 hidraulini\u0173 cilindr\u0173 si\u016blomas tikslus valdymas u\u017etikrina, kad operatoriai gal\u0117t\u0173 skland\u017eiai manevruoti \u012franga, suma\u017eindami aplinkini\u0173 konstrukcij\u0173 pa\u017eeidimo rizik\u0105. \u0160is efektyvumas atliekant kasimo darbus \u017eymiai padidina produktyvum\u0105 objekte.<\/p>\n<h3>2. \u017dem\u0117s \u016bkio technika<\/h3>\n<p>\u017dem\u0117s \u016bkyje \u0161ie hidrauliniai cilindrai naudojami tokioje \u012frangoje kaip pl\u016bgai ir derliaus nu\u0117mimo ma\u0161inos. J\u0173 geb\u0117jimas i\u0161laikyti pastovi\u0105 j\u0117g\u0105 u\u017etikrina vienod\u0105 \u017eem\u0117s dirbim\u0105 ir s\u0117j\u0105, o tai labai svarbu derliui. Tvirta \u0161i\u0173 cilindr\u0173 konstrukcija leid\u017eia jiems efektyviai veikti \u012fvairiomis oro s\u0105lygomis, o tai prisideda prie \u017eem\u0117s \u016bkio operacij\u0173 patikimumo. J\u0173 si\u016blomas tikslumas leid\u017eia \u016bkininkams optimizuoti savo technik\u0105, kad b\u016bt\u0173 pasiekti geresni rezultatai.<\/p>\n<h3>3. Med\u017eiag\u0173 tvarkymas<\/h3>\n<p>Med\u017eiag\u0173 tvarkymo sistemose \u0161ie hidrauliniai cilindrai palengvina sunki\u0173 krovini\u0173 perk\u0117lim\u0105. Jie da\u017enai integruojami \u012f \u0161akinius krautuvus ir konvejerius, u\u017etikrindami reikiamus k\u0117limo ir nuleidimo judesius. J\u0173 efektyvumas padeda suma\u017einti eksploatavimo s\u0105naudas, nes jiems reikia ma\u017eiau energijos toms pa\u010dioms u\u017eduotims atlikti, palyginti su didesniais modeliais. D\u0117l to jie yra vertingas turtas sand\u0117liuose ir paskirstymo centruose.<\/p>\n<h2>Dizaino aspektai<\/h2>\n<p>Projektuojant hidraulinius cilindrus, atsi\u017evelgiama \u012f kelis pagrindinius veiksnius:<\/p>\n<h3>Keliamoji galia<\/h3>\n<p>Hidraulini\u0173 cilindr\u0173 keliamosios galios supratimas yra labai svarbus. Konstrukcija turi atlaikyti maksimal\u0173 svor\u012f, kur\u012f cilindras gali pakelti arba stumti. Tai apima tinkam\u0173 med\u017eiag\u0173 ir matmen\u0173 pasirinkim\u0105, kad b\u016bt\u0173 i\u0161vengta gedim\u0173 veikiant sl\u0117giui. Be to, keliamoji galia turi atitikti ma\u0161inos reikalavimus, kad b\u016bt\u0173 u\u017etikrintas saugumas ir veikimas.<\/p>\n<h3>Sandarinimo efektyvumas<\/h3>\n<p>Hidraulin\u0117se sistemose sandarinimas yra b\u016btinas, siekiant i\u0161vengti nuot\u0117ki\u0173 ir palaikyti sl\u0117g\u012f. Sandarinimo med\u017eiag\u0173 ir konstrukcij\u0173 pasirinkimas tiesiogiai veikia hidraulinio cilindro ilgaam\u017ei\u0161kum\u0105 ir patikimum\u0105. Siekiant u\u017etikrinti efektyv\u0173 sandarinim\u0105, i\u0161laikant lankstum\u0105 ir ilgaam\u017ei\u0161kum\u0105, naudojami pa\u017eang\u016bs sandarinimo sprendimai, tokie kaip poliuretanas ir nitrilo kau\u010diukas. Norint i\u0161vengti na\u0161umo problem\u0173, b\u016btina reguliariai tikrinti ir keisti sandariklius.<\/p>\n<h3>Patvarumas<\/h3>\n<p>Patvarumas yra esminis hidraulini\u0173 cilindr\u0173 konstrukcijos aspektas. \u0160ie komponentai turi atlaikyti ekstremalias s\u0105lygas, tokias kaip temperat\u016bros svyravimai ir agresyvi\u0173 chemini\u0173 med\u017eiag\u0173 poveikis. Naudojant didelio stiprumo med\u017eiagas ir korozijai atsparias dangas, galima \u017eymiai pailginti cilindr\u0173 tarnavimo laik\u0105. Reguliarus techninis aptarnavimas atlieka labai svarb\u0173 vaidmen\u012f i\u0161laikant j\u0173 ilgaam\u017ei\u0161kum\u0105.<\/p>\n<h3>Saugos funkcijos<\/h3>\n<p>Saugumas yra svarbiausias hidraulin\u0117s sistemos projektavimo aspektas. \u012etraukus tokias funkcijas kaip sl\u0117gio ma\u017einimo vo\u017etuvai ir gedim\u0173 prevencijos mechanizmai, u\u017etikrinama, kad sistema veikt\u0173 saugiai. Reguliar\u016bs saugos patikrinimai ir pramon\u0117s standart\u0173 laikymasis yra b\u016btini siekiant i\u0161vengti nelaiming\u0173 atsitikim\u0173 ir u\u017etikrinti operatoriaus saug\u0105 eksploatacijos metu.<\/p>\n<h3>Prieinamumas prie prie\u017ei\u016bros<\/h3>\n<p>Hidraulini\u0173 cilindr\u0173 projektavimas atsi\u017evelgiant \u012f technin\u0119 prie\u017ei\u016br\u0105 padeda prailginti j\u0173 eksploatavimo laik\u0105. Tokios savyb\u0117s kaip lengva prieiga reguliariems patikrinimams ir technin\u0117s prie\u017ei\u016bros ta\u0161kams tepimui gali tur\u0117ti didel\u0117s \u012ftakos technin\u0117s prie\u017ei\u016bros efektyvumui. Gerai apgalvota konstrukcija suma\u017eina prastovas ir u\u017etikrina optimali\u0105 cilindr\u0173 darbin\u0119 b\u016bkl\u0119.<\/p>\n<h2>Sandarinimas ir tepimas<\/h2>\n<p>Efektyvus sandarinimas yra labai svarbus hidraulini\u0173 cilindr\u0173 veikimui. \u012evair\u016bs sandarikliai, \u012fskaitant st\u016bmokli\u0173 ir kot\u0173 sandariklius, atlieka svarb\u0173 vaidmen\u012f palaikant hidraulin\u012f sl\u0117g\u012f. Sandarikliai da\u017enai gaminami i\u0161 patvari\u0173 med\u017eiag\u0173, toki\u0173 kaip poliuretanas ir nitrilo kau\u010diukas, kurios yra sukurtos atlaikyti nusid\u0117v\u0117jim\u0105. Cilindro korpusas ir srieginiai galai yra tiksliai apdirbami, siekiant padidinti patvarum\u0105 ir atsparum\u0105 dilimui.<\/p>\n<p>Reguliarus tepimas yra dar vienas svarbus prie\u017ei\u016bros aspektas. Norint u\u017etikrinti skland\u0173 veikim\u0105, b\u016btina u\u017etikrinti pakankam\u0105 hidraulin\u0117s alyvos tiekim\u0105. Operatoriai tur\u0117t\u0173 nustatyti alyvos lygio tikrinimo ir papildymo pagal poreik\u012f rutin\u0105, nes tinkamas tepimas suma\u017eina trint\u012f tarp judan\u010di\u0173 dali\u0173, tod\u0117l padid\u0117ja hidraulini\u0173 komponent\u0173 efektyvumas ir ilgaam\u017ei\u0161kumas.<\/p>\n<h2>Prevencin\u0117s prie\u017ei\u016bros priemon\u0117s<\/h2>\n<p>Reguliarus techninis aptarnavimas yra b\u016btinas siekiant u\u017etikrinti hidraulini\u0173 cilindr\u0173 ilgaam\u017ei\u0161kum\u0105 ir efektyvum\u0105. \u0160tai keletas prevencini\u0173 priemoni\u0173:<\/p>\n<ul>\n<li><strong>Reguliar\u016bs patikrinimai:<\/strong> Da\u017enas nusid\u0117v\u0117jimo, nuot\u0117ki\u0173 ir kit\u0173 problem\u0173 tikrinimas gali pad\u0117ti nustatyti problemas, kol jos dar nepa\u016bm\u0117jo.<\/li>\n<li><strong>Tepimo proced\u016bros:<\/strong> Tepimo grafiko nustatymas gali pad\u0117ti i\u0161vengti nereikalingo judan\u010di\u0173 dali\u0173 susid\u0117v\u0117jimo.<\/li>\n<li><strong>Sandariklio keitimas:<\/strong> Susid\u0117v\u0117jusi\u0173 sandarikli\u0173 steb\u0117jimas ir savalaikis keitimas gali pad\u0117ti i\u0161vengti nuot\u0117ki\u0173 ir palaikyti sistemos sl\u0117g\u012f.<\/li>\n<\/ul>\n<h2>\u012erengimo gair\u0117s<\/h2>\n<p>Tinkamas hidraulini\u0173 cilindr\u0173 montavimas yra labai svarbus optimaliam veikimui. Laikykit\u0117s \u0161i\u0173 nurodym\u0173:<\/p>\n<ol>\n<li><strong>Sulygiuokite cilindr\u0105:<\/strong> \u012esitikinkite, kad cilindras yra tinkamai sulygiuotas su tvirtinimo ta\u0161kais, kad i\u0161vengtum\u0117te per didelio komponent\u0173 \u012ftempimo.<\/li>\n<li><strong>Naudokite tinkamus tvirtinimo laikiklius:<\/strong> Pritvirtinkite cilindr\u0105 tinkamais laikikliais, kad eksploatacijos metu jis nejud\u0117t\u0173.<\/li>\n<li><strong>Patikrinkite hidraulines jungtis:<\/strong> \u012esitikinkite, kad visos hidraulin\u0117s linijos yra tvirtai prijungtos, kad i\u0161vengtum\u0117te nuot\u0117ki\u0173.<\/li>\n<li><strong>Sistemos testavimas:<\/strong> Prie\u0161 pradedant visapusi\u0161k\u0105 veikim\u0105, atlikite bandym\u0105, kad \u012fsitikintum\u0117te, jog viskas veikia tinkamai.<\/li>\n<\/ol>\n<h2>\u012eprastos prie\u017ei\u016bros u\u017eduotys<\/h2>\n<p>Svarbiausios prie\u017ei\u016bros u\u017eduotys apima:<\/p>\n<h3>1. Reguliar\u016bs patikrinimai<\/h3>\n<p>Reguliar\u016bs patikrinimai padeda anksti nustatyti susid\u0117v\u0117jimo po\u017eymius ir galimas problemas. Toks aktyvus po\u017ei\u016bris gali pad\u0117ti i\u0161vengti brangaus remonto ir prastov\u0173. Tarpikli\u0173, \u017earn\u0173 ir jungiam\u0173j\u0173 detali\u0173 patikrinimas gali u\u017etikrinti, kad sistema i\u0161likt\u0173 sandari ir veikt\u0173 skland\u017eiai. Reik\u0117t\u0173 saugoti technin\u0117s prie\u017ei\u016bros \u012fra\u0161us, kad b\u016bt\u0173 galima steb\u0117ti b\u016bkl\u0119 laikui b\u0117gant.<\/p>\n<h3>2. Tinkamas tepimas<\/h3>\n<p>Hidraulini\u0173 komponent\u0173 tepimas pagal gamintojo rekomendacijas yra labai svarbus norint i\u0161vengti nusid\u0117v\u0117jimo ir pailginti tarnavimo laik\u0105. Tinkamo tipo hidraulin\u0117s alyvos naudojimas ir tinkamo jos lygio u\u017etikrinimas gali smarkiai paveikti sistemos veikim\u0105 ir efektyvum\u0105. Reguliar\u016bs patikrinimai ir reguliavimas tur\u0117t\u0173 b\u016bti technin\u0117s prie\u017ei\u016bros dalis, kad sistema veikt\u0173 optimaliai.<\/p>\n<h3>3. Sandariklio keitimas<\/h3>\n<p>Tarpikli\u0173 keitimas yra labai svarbus norint i\u0161laikyti hidraulin\u012f vientisum\u0105. Po\u017eymiai, kad reikia keisti tarpiklius, yra matomi nuot\u0117kiai arba sl\u0117gio svyravimai. Reguliariai planuojamas keitimas, atsi\u017evelgiant \u012f naudojim\u0105, gali pad\u0117ti i\u0161laikyti hidraulin\u0117s sistemos efektyvum\u0105 ir i\u0161vengti netik\u0117t\u0173 gedim\u0173.<\/p>\n<h2>Saugos ir aplinkosaugos aspektai<\/h2>\n<p>Dirbant su hidraulin\u0117mis sistemomis, saugos priemon\u0117s yra nepaprastai svarbios. Operatoriai tur\u0117t\u0173 b\u016bti apmokyti atpa\u017einti galimus pavojus, tokius kaip skys\u010di\u0173 nuot\u0117kis ir sl\u0117gio padid\u0117jimas. Naudojant hidraulinius cilindrus, b\u016btina laikytis saugos protokol\u0173, \u012fskaitant apsaugini\u0173 priemoni\u0173 d\u0117v\u0117jim\u0105 ir eksploatavimo gairi\u0173 laikym\u0105si. Be to, reikia laikytis tinkam\u0173 hidraulini\u0173 skys\u010di\u0173 \u0161alinimo b\u016bd\u0173, u\u017etikrinant minimal\u0173 poveik\u012f aplinkai.<\/p>\n<h2>Trik\u010di\u0173 \u0161alinimas ir da\u017eniausiai pasitaikan\u010dios problemos<\/h2>\n<p>Supratimas apie galimas hidraulini\u0173 cilindr\u0173 problemas gali pad\u0117ti veiksmingai jas \u0161alinti:<\/p>\n<ul>\n<li><strong>Nuot\u0117kis:<\/strong> Da\u017eniausiai tai sukelia susid\u0117v\u0117j\u0119 sandarikliai arba netinkamas surinkimas. Patikrinkite, ar sandarikliai ir jungtys nepa\u017eeisti.<\/li>\n<li><strong>Sl\u0117gio kritimai:<\/strong> Gali rodyti hidraulini\u0173 linij\u0173 u\u017esikim\u0161imus arba \u017eem\u0105 skys\u010dio lyg\u012f. Patikrinkite, ar n\u0117ra u\u017esikim\u0161im\u0173, ir prireikus papildykite skys\u010dio.<\/li>\n<li><strong>Nereaguojantis cilindras:<\/strong> Gali \u012fvykti d\u0117l sistemoje \u012fstrigusio oro arba nepakankamo skys\u010dio sl\u0117gio. Rekomenduojama i\u0161leisti or\u0105 i\u0161 sistemos ir patikrinti skys\u010di\u0173 lyg\u012f.<\/li>\n<\/ul>\n<h2>Trik\u010di\u0173 \u0161alinimo patarimai<\/h2>\n<p>Jei kyla koki\u0173 nors problem\u0173, atsi\u017evelkite \u012f \u0161iuos patarimus:<\/p>\n<ul>\n<li><strong>Reguliariai steb\u0117kite na\u0161um\u0105:<\/strong> Stebint cilindro veikim\u0105, galima anksti pasteb\u0117ti problemas.<\/li>\n<li><strong>\u017dr. gamintojo gaires:<\/strong> Gamintojo dokumentacijoje da\u017enai pateikiami trik\u010di\u0173 \u0161alinimo veiksmai ir konkre\u010di\u0173 problem\u0173 sprendimai.<\/li>\n<li><strong>\u012egyvendinti prevencines priemones:<\/strong> Nusta\u010dius reguliarius patikrinimus ir technin\u0119 prie\u017ei\u016br\u0105, galima suma\u017einti problem\u0173 tikimyb\u0119.<\/li>\n<\/ul>\n<p><img decoding=\"async\" src=\"https:\/\/www.hydraulic-cylinders.net\/wp-content\/uploads\/2025\/05\/hydraulic-cylinder-all-2.webp\" alt=\"Hidraulinio cilindro vaizdas\"><\/p>\n<h2>Apie m\u016bs\u0173 \u012fmon\u0119<\/h2>\n<p>B\u016bdami pirmaujan\u010diu hidraulini\u0173 cilindr\u0173 gamintoju, did\u017eiuojam\u0117s savo pla\u010diu gamini\u0173 asortimentu, kuris skirtas tiek vietinei, tiek tarptautinei rinkai. M\u016bs\u0173 \u012fsipareigojimas kokybei ir inovacijoms leid\u017eia mums b\u016bti vienais i\u0161 geriausi\u0173 hidraulini\u0173 cilindr\u0173 gamintoj\u0173 ir didmeninink\u0173 pramon\u0117je. Mes si\u016blome:<\/p>\n<ul>\n<li><strong>Profesin\u0117 kompetencija:<\/strong> M\u016bs\u0173 komand\u0105 sudaro patyr\u0119 specialistai, atsidav\u0119 tiekti auk\u0161\u010diausios klas\u0117s produktus.<\/li>\n<li><strong>Tarptautiniai sertifikatai:<\/strong> M\u016bs\u0173 gaminiai atitinka grie\u017etus tarptautinius standartus, u\u017etikrinan\u010dius patikimum\u0105 ir saugum\u0105.<\/li>\n<li><strong>Individual\u016bs sprendimai:<\/strong> Teikiame individualiai pritaikytas paslaugas, pritaikytas konkretiems klient\u0173 poreikiams, u\u017etikrinant j\u0173 pasitenkinim\u0105.<\/li>\n<li><strong>Pa\u017eangi gamybos \u012franga:<\/strong> M\u016bs\u0173 moderniausi gamybos \u012frenginiai garantuoja auk\u0161t\u0105 produkcijos kokyb\u0119.<\/li>\n<li><strong>I\u0161sami garantija po pardavimo:<\/strong> Mes teikiame tvirt\u0105 param\u0105 savo klientams, u\u017etikrindami, kad jie gaut\u0173 pagalb\u0105, kai tik jos prireikia.<\/li>\n<\/ul>\n<p><img decoding=\"async\" src=\"https:\/\/www.hydraulic-cylinders.net\/wp-content\/uploads\/2025\/05\/xinxin-hydraulic-cylinder-factory-1.webp\" alt=\"Hidraulinio cilindro gamyklos vaizdas\"><\/p>\n<p>Autorius: lyl<\/p>\n<p><img decoding=\"async\" src=\"https:\/\/hzpt.com\/wp-content\/uploads\/2024\/11\/songte-company-1.webp\" alt=\"\u012emon\u0117s \u012fvaizdis\"><\/p>","protected":false},"excerpt":{"rendered":"<p>Micro Digging Side Hydraulic Cylinders Product Overview The Micro Digging Side Hydraulic Cylinder is a specialized hydraulic actuator designed for precise control and powerful performance in compact applications. These cylinders are essential components in various machinery, enabling operators to execute tasks with remarkable accuracy and efficiency. Engineered to deliver optimal force in confined spaces, they [&hellip;]<\/p>","protected":false},"featured_media":20629,"comment_status":"open","ping_status":"closed","template":"","meta":{"_et_pb_use_builder":"","_et_pb_old_content":"","_et_gb_content_width":""},"product_brand":[],"product_cat":[1483,1557],"product_tag":[],"class_list":{"0":"post-20703","1":"product","2":"type-product","3":"status-publish","4":"has-post-thumbnail","6":"product_cat-construction-machinery-hydraulic-cylinders","7":"product_cat-micro-digging-side-hydraulic-cylinders","9":"first","10":"instock","11":"shipping-taxable","12":"product-type-simple"},"amp_enabled":true,"_links":{"self":[{"href":"https:\/\/www.hydraulic-cylinders.net\/lt\/wp-json\/wp\/v2\/product\/20703","targetHints":{"allow":["GET"]}}],"collection":[{"href":"https:\/\/www.hydraulic-cylinders.net\/lt\/wp-json\/wp\/v2\/product"}],"about":[{"href":"https:\/\/www.hydraulic-cylinders.net\/lt\/wp-json\/wp\/v2\/types\/product"}],"replies":[{"embeddable":true,"href":"https:\/\/www.hydraulic-cylinders.net\/lt\/wp-json\/wp\/v2\/comments?post=20703"}],"wp:featuredmedia":[{"embeddable":true,"href":"https:\/\/www.hydraulic-cylinders.net\/lt\/wp-json\/wp\/v2\/media\/20629"}],"wp:attachment":[{"href":"https:\/\/www.hydraulic-cylinders.net\/lt\/wp-json\/wp\/v2\/media?parent=20703"}],"wp:term":[{"taxonomy":"product_brand","embeddable":true,"href":"https:\/\/www.hydraulic-cylinders.net\/lt\/wp-json\/wp\/v2\/product_brand?post=20703"},{"taxonomy":"product_cat","embeddable":true,"href":"https:\/\/www.hydraulic-cylinders.net\/lt\/wp-json\/wp\/v2\/product_cat?post=20703"},{"taxonomy":"product_tag","embeddable":true,"href":"https:\/\/www.hydraulic-cylinders.net\/lt\/wp-json\/wp\/v2\/product_tag?post=20703"}],"curies":[{"name":"wp","href":"https:\/\/api.w.org\/{rel}","templated":true}]}}