{"id":20707,"date":"2025-05-27T06:21:51","date_gmt":"2025-05-27T06:21:51","guid":{"rendered":"https:\/\/www.hydraulic-cylinders.net\/product\/csyg2074-micro-digging-boom-cylinder\/"},"modified":"2025-05-27T06:21:53","modified_gmt":"2025-05-27T06:21:53","slug":"csyg2074-micro-digging-boom-cylinder","status":"publish","type":"product","link":"https:\/\/www.hydraulic-cylinders.net\/lt\/produktas\/csyg2074-micro-digging-boom-cylinder\/","title":{"rendered":"CSYG2074 mikro kasimo str\u0117l\u0117s cilindras"},"content":{"rendered":"<h1>CSYG2074 mikro kasimo str\u0117l\u0117s cilindras<\/h1>\n<h2>\u012evadas \u012f CSYG2074 mikrokasimo str\u0117l\u0117s cilindr\u0105<\/h2>\n<p>CSYG2074 mikrokasimo str\u0117l\u0117s cilindras yra gyvybi\u0161kai svarbus hidraulini\u0173 sistem\u0173 komponentas, ypa\u010d tose srityse, kuriose reikalingi tiksl\u016bs kasimo ir k\u0117limo paj\u0117gumai. \u0160is hidraulinis cilindras skirtas mikroekskavatoriams ir pana\u0161iai technikai, u\u017etikrinant skland\u0173 ir efektyv\u0173 veikim\u0105. Hidrauliniai cilindrai paver\u010dia skys\u010dio energij\u0105 linijiniu mechaniniu judesiu, leisdami operatoriams atlikti tokias u\u017eduotis kaip kasimas, k\u0117limas ir sunki\u0173 krovini\u0173 perk\u0117limas minimaliomis pastangomis. CSYG2074 gali pasigirti \u012fsp\u016bdingomis specifikacijomis, kurios pagerina jo na\u0161um\u0105, tod\u0117l jis yra esmin\u0117 \u0161iuolaikin\u0117s kasimo \u012frangos dalis.<\/p>\n<h2>Produkto specifikacijos<\/h2>\n<h3>Pagrindiniai parametrai<\/h3>\n<ul>\n<li>Cilindro skersmuo: 63 mm<\/li>\n<li>Strypo skersmuo: 35 mm<\/li>\n<li>Eiga: 280 mm<\/li>\n<li>Montavimo atstumas: 595 mm<\/li>\n<\/ul>\n<h3>I\u0161pl\u0117stin\u0117s specifikacijos<\/h3>\n<p>63 mm cilindro skersmuo suteikia tvirt\u0105 konstrukcij\u0105, tinkam\u0105 sunkioms u\u017eduotims, u\u017etikrinant stabilum\u0105 esant sl\u0117giui. 35 mm strypo skersmuo padidina cilindro tvirtum\u0105, tod\u0117l jis gali atlaikyti dideles j\u0117gas eksploatacijos metu. 280 mm eigos atstumas leid\u017eia atlikti lankst\u0173 jud\u0117jim\u0105, kuris yra b\u016btinas \u012fvairiems kasimo poreikiams. CSYG2074, kurio montavimo atstumas yra 595 mm, yra sukurtas taip, kad b\u016bt\u0173 lengva integruoti \u012f esam\u0105 technik\u0105, tod\u0117l tai prakti\u0161kas pasirinkimas tiek gamintojams, tiek operatoriams.<\/p>\n<h2>CSYG2074 savyb\u0117s<\/h2>\n<ul>\n<li>Didelis patvarumas ir tvirtumas sud\u0117tingoms aplinkoms.<\/li>\n<li>Tikslioji in\u017einerija tiksliam veikimui.<\/li>\n<li>Paprastas diegimo procesas greitam integravimui.<\/li>\n<li>Suderinamas su \u012fvairiomis hidraulin\u0117mis sistemomis.<\/li>\n<li>Galimos pritaikomos parinktys, kad b\u016bt\u0173 patenkinti konkret\u016bs poreikiai.<\/li>\n<\/ul>\n<p>\u0160\u012f gamin\u012f galime pagaminti labai tiksliai, u\u017etikrindami, kad m\u016bs\u0173 cilindrai puikiai pakeis esamus hidraulinius cilindrus nepakenkdami na\u0161umui ar saugumui.<\/p>\n<h2>CSYG2074 taikymas<\/h2>\n<h3>1. Statybviet\u0117s<\/h3>\n<p>CSYG2074 pla\u010diai naudojamas statybviet\u0117se tokioms u\u017eduotims kaip pamat\u0173 kasimas, med\u017eiag\u0173 k\u0117limas ir \u017eem\u0117s darb\u0173 atlikimas. D\u0117l geb\u0117jimo u\u017etikrinti didel\u0119 k\u0117limo gali\u0105 ir i\u0161laikyti tikslum\u0105 jis yra labai naudingas statybinink\u0173 komandoms. Nesvarbu, ar tai b\u016bt\u0173 nauj\u0173 konstrukcij\u0173 grunto kasimas, ar kra\u0161tovaizd\u017eio tvarkymas, mikro kasimo str\u0117l\u0117s cilindras atlieka labai svarb\u0173 vaidmen\u012f didinant bendr\u0105 na\u0161um\u0105.<\/p>\n<h3>2. \u017dem\u0117s \u016bkis<\/h3>\n<p>\u017dem\u0117s \u016bkio technika naudoja CSYG2074 \u012fvairioms u\u017eduotims, \u012fskaitant arim\u0105, \u017eem\u0117s dirbim\u0105 ir sodinim\u0105. Efektyvus cilindro veikimas leid\u017eia \u016bkininkams efektyviau atlikti \u0161ias u\u017eduotis, o tai prisideda prie didesnio derliaus ir efektyvumo. Integruodami \u0161\u012f hidraulin\u012f komponent\u0105 \u012f savo \u012frang\u0105, \u016bkininkai gali optimizuoti savo darbo eig\u0105, tod\u0117l lengviau tvarkyti pas\u0117lius ir valdyti \u017eem\u0119.<\/p>\n<h3>3. Ap\u017eeldinimas<\/h3>\n<p>Kra\u0161tovaizd\u017eio tvarkymo projektuose CSYG2074 naudojamas tokioms u\u017eduotims kaip tran\u0161\u0117j\u0173 kasimas, \u017eem\u0117s perk\u0117limas ir \u017eem\u0117s formavimas. D\u0117l kompakti\u0161ko dyd\u017eio jis gali va\u017eiuoti ank\u0161tomis erdv\u0117mis ir tuo pa\u010diu u\u017etikrinti galing\u0105 na\u0161um\u0105. Kra\u0161tovaizd\u017eio specialistai naudojasi cilindro tikslumu ir patikimumu, u\u017etikrindami, kad projektai b\u016bt\u0173 atlikti efektyviai ir laikantis auk\u0161to lygio.<\/p>\n<h2>Projektavimo aspektai ir atrankos kriterijai<\/h2>\n<h3>Keliamoji galia<\/h3>\n<p>CSYG2074 keliamoji galia yra labai svarbus projektavimo aspektas, nes ji lemia maksimal\u0173 svor\u012f, kur\u012f cilindras gali atlaikyti eksploatacijos metu. Siekiant u\u017etikrinti saugum\u0105 ir efektyvum\u0105, b\u016btina u\u017etikrinti, kad cilindras gal\u0117t\u0173 saugiai pakelti ir perkelti sunkius krovinius be gedim\u0173. Gamintojai paprastai atlieka i\u0161samius bandymus, kad patvirtint\u0173 \u0161i\u0105 keliam\u0105j\u0105 gali\u0105, kuri turi atitikti numatytos paskirties reikalavimus.<\/p>\n<h3>Sandarinimo efektyvumas<\/h3>\n<p>Sandarinimas yra dar vienas svarbus hidraulinio cilindro konstrukcijos aspektas. Sandarikliai turi u\u017ekirsti keli\u0105 hidraulinio skys\u010dio nutek\u0117jimui, kuris gal\u0117t\u0173 pakenkti na\u0161umui ir saugai. CSYG2074 naudojamos auk\u0161tos kokyb\u0117s sandarinimo med\u017eiagos, sukurtos atlaikyti ekstremalias s\u0105lygas ir u\u017etikrinti optimal\u0173 na\u0161um\u0105. Gerai sandarus cilindras suma\u017eina u\u017eter\u0161imo rizik\u0105 ir suma\u017eina prie\u017ei\u016bros poreik\u012f, padidindamas bendr\u0105 patikimum\u0105.<\/p>\n<h3>Patvarumas<\/h3>\n<p>Patvarumas yra labai svarbus bet kuriam hidrauliniam komponentui, ypa\u010d sud\u0117tingomis s\u0105lygomis. CSYG2074 naudojamos med\u017eiagos parenkamos atsi\u017evelgiant \u012f j\u0173 tvirtum\u0105 ir atsparum\u0105 dilimui. \u0160is patvarumas u\u017etikrina ilgesn\u012f tarnavimo laik\u0105 ir ma\u017eesnes prie\u017ei\u016bros i\u0161laidas, tod\u0117l ilgainiui suteikiama puiki vert\u0117 vartotojams. Norint u\u017etikrinti pastov\u0173 na\u0161um\u0105, b\u016btina reguliariai vertinti med\u017eiag\u0173 vientisum\u0105.<\/p>\n<h3>Saugos funkcijos<\/h3>\n<p>Saugos funkcijos yra svarbiausios projektuojant hidraulinius cilindrus. CSYG2074 modelyje \u012fdiegtos \u012fvairios saugos priemon\u0117s, skirtos i\u0161vengti gedim\u0173, galin\u010di\u0173 sukelti avarijas. Tai apima sl\u0117gio ma\u017einimo vo\u017etuvus ir saugias tvirtinimo galimybes, u\u017etikrinan\u010dias stabilum\u0105 eksploatavimo metu. Teikdami pirmenyb\u0119 saugai, gamintojai gali apsaugoti tiek operatorius, tiek \u012frang\u0105 nuo galim\u0173 pavoj\u0173.<\/p>\n<h3>Prieinamumas prie prie\u017ei\u016bros<\/h3>\n<p>Siekiant u\u017etikrinti ilgalaik\u012f veikim\u0105, labai svarbu projektuoti \u012frengin\u012f taip, kad b\u016bt\u0173 lengva j\u012f pri\u017ei\u016br\u0117ti. CSYG2074 sukurtas atsi\u017evelgiant \u012f technin\u0119 prie\u017ei\u016br\u0105, leid\u017eiant lengvai pasiekti sandariklius ir kitus komponentus, kuriems gali reik\u0117ti reguliarios prie\u017ei\u016bros. Tai palengvina greit\u0105 ap\u017ei\u016br\u0105 ir remont\u0105, suma\u017eina prastovas ir pagerina bendr\u0105 veiklos efektyvum\u0105.<\/p>\n<h2>Sandarinimas ir tepimas<\/h2>\n<p>Tinkamas sandarinimas ir tepimas yra labai svarb\u016bs efektyviam CSYG2074 veikimui. \u0160iame cilindre naudojami \u012fvair\u016bs sandarinimo komponentai, \u012fskaitant st\u016bmoklio ir koto sandariklius, siekiant i\u0161laikyti skys\u010dio vientisum\u0105. Patvari\u0173 med\u017eiag\u0173, toki\u0173 kaip poliuretanas ir nitrilo kau\u010diukas, pasirinkimas padidina atsparum\u0105 dilimui ir pailgina sandarikli\u0173 tarnavimo laik\u0105. Be to, cilindro korpusas ir srieginiai galai yra kruop\u0161\u010diai apdorojami, siekiant pagerinti patvarum\u0105 ir atsparum\u0105 dilimui.<\/p>\n<p>Reguliarus tepimas hidrauline alyva yra b\u016btinas norint i\u0161laikyti optimal\u0173 na\u0161um\u0105. Operatoriai tur\u0117t\u0173 u\u017etikrinti, kad cilindras b\u016bt\u0173 tinkamai suteptas, siekiant suma\u017einti judan\u010di\u0173 dali\u0173 trint\u012f ir susid\u0117v\u0117jim\u0105. Siekiant pailginti cilindro tarnavimo laik\u0105, rekomenduojamas technin\u0117s prie\u017ei\u016bros grafikas, apimantis hidraulin\u0117s alyvos patikrinim\u0105 ir papildym\u0105.<\/p>\n<h2>Prevencin\u0117s prie\u017ei\u016bros priemon\u0117s<\/h2>\n<ul>\n<li>Reguliar\u016bs patikrinimai, ar n\u0117ra nusid\u0117v\u0117jimo ar pa\u017eeidim\u0173 po\u017eymi\u0173.<\/li>\n<li>Nuolatinis tepimas u\u017etikrina skland\u0173 veikim\u0105.<\/li>\n<li>Planinis sandarikli\u0173 keitimas, siekiant i\u0161vengti nuot\u0117ki\u0173.<\/li>\n<\/ul>\n<p>\u012egyvendinant prevencin\u0117s prie\u017ei\u016bros plan\u0105, galima nustatyti problemas, kol jos dar nepa\u016bm\u0117jo, u\u017etikrinant, kad CSYG2074 i\u0161likt\u0173 puikios darbin\u0117s b\u016bkl\u0117s. Reguliar\u016bs patikrinimai ir savalaikis \u012fsiki\u0161imas gali \u017eymiai suma\u017einti remonto i\u0161laidas ir pailginti hidraulinio cilindro tarnavimo laik\u0105.<\/p>\n<h2>\u012erengimo gair\u0117s<\/h2>\n<p>Teisingas CSYG2074 montavimas yra labai svarbus optimaliam veikimui. Pirmiausia per\u017ei\u016br\u0117kite gamintojo pateiktas konkretaus montavimo proceso, pritaikyto j\u016bs\u0173 \u012frenginiui, gaires. Prie\u0161 prad\u0117dami montavim\u0105, \u012fsitikinkite, kad visi komponentai yra \u0161var\u016bs ir be \u0161iuk\u0161li\u0173. Naudokite tinkamus tvirtinimo laikiklius, kad pritvirtintum\u0117te cilindr\u0105 vietoje ir u\u017etikrintum\u0117te stabilum\u0105 eksploatavimo metu. Tinkamas suderinimas yra b\u016btinas; neteisingas suderinimas gali sukelti prie\u0161laikin\u012f susid\u0117v\u0117jim\u0105 arba gedim\u0105. Atsargiai sureguliuokite cilindro pad\u0117t\u012f, kad i\u0161laikytum\u0117te tiesum\u0105 ir i\u0161vengtum\u0117te per didelio sandarikli\u0173 ir stryp\u0173 \u012ftempimo. \u012erengus, atlikite bandom\u0105j\u012f paleidim\u0105 esant \u017eemam sl\u0117giui, kad patvirtintum\u0117te montavim\u0105. Prie\u0161 t\u0119sdami piln\u0105 darbin\u012f sl\u0117g\u012f, patikrinkite, ar n\u0117ra nuot\u0117ki\u0173, ir \u012fsitikinkite, kad veikia skland\u017eiai. Reguliariai tikrinant montavimo vientisum\u0105 atliekant technin\u0119 prie\u017ei\u016br\u0105, u\u017etikrinama, kad cilindras b\u016bt\u0173 tvirtai pritvirtintas.<\/p>\n<h2>\u012eprastos prie\u017ei\u016bros u\u017eduotys<\/h2>\n<h3>Reguliar\u016bs patikrinimai<\/h3>\n<p>Da\u017enos patikros padeda anksti nustatyti galimas problemas. Ie\u0161kokite nuot\u0117ki\u0173, korozijos ar bet kokios fizin\u0117s \u017ealos po\u017eymi\u0173. Greitas \u0161i\u0173 problem\u0173 sprendimas gali pad\u0117ti i\u0161vengti brangaus remonto ir eksploatavimo prastov\u0173.<\/p>\n<h3>Tinkamas tepimas<\/h3>\n<p>Tepimas yra labai svarbus skland\u017eiam CSYG2074 veikimui. U\u017etikrinkite, kad hidraulin\u0117s alyvos lygis b\u016bt\u0173 palaikomas, ir sutepkite visas judan\u010dias dalis pagal gamintojo rekomendacijas. Tinkamas tepimas suma\u017eina trint\u012f ir susid\u0117v\u0117jim\u0105, tod\u0117l pailg\u0117ja cilindro tarnavimo laikas.<\/p>\n<h3>Tarpikli\u0173 keitimas ir kalibravimo patikrinimai<\/h3>\n<p>Reguliariai keisti sandariklius yra b\u016btina norint i\u0161vengti nuot\u0117ki\u0173 ir palaikyti na\u0161um\u0105. Atliekant technin\u0117s prie\u017ei\u016bros patikrinimus, \u012fvertinkite sandarikli\u0173 b\u016bkl\u0119 ir prireikus juos pakeiskite. Taip pat periodi\u0161kai reik\u0117t\u0173 atlikti kalibravimo patikrinimus, siekiant u\u017etikrinti, kad cilindras veikt\u0173 pagal nurodytus parametrus, taip padidinant tikslum\u0105 ir efektyvum\u0105.<\/p>\n<h2>Saugos aspektai ir aplinkos veiksniai<\/h2>\n<p>Naudojant CSYG2074 mikrokasimo str\u0117l\u0117s cilindr\u0105, labai svarbu laikytis saugos priemoni\u0173. Operatoriai visada tur\u0117t\u0173 d\u0117v\u0117ti tinkamas asmenines apsaugos priemones (AAP) ir laikytis saugos protokol\u0173, kad suma\u017eint\u0173 rizik\u0105. U\u017etikrinimas, kad hidraulin\u0117 sistema neb\u016bt\u0173 be nuot\u0117ki\u0173, ne tik padidina saugum\u0105, bet ir suma\u017eina poveik\u012f aplinkai. Tinkamas hidraulini\u0173 skys\u010di\u0173 ir vis\u0173 pakeist\u0173 komponent\u0173 utilizavimas yra b\u016btinas siekiant apsaugoti aplink\u0105, pabr\u0117\u017eiant atsakingo elgesio svarb\u0105 atliekant hidraulines operacijas.<\/p>\n<h2>Gedim\u0173 diagnostika ir da\u017eniausios problemos<\/h2>\n<ul>\n<li>Hidraulinio skys\u010dio nuot\u0117kiai: patikrinkite, ar sandarikliai ir jungtys n\u0117ra susid\u0117v\u0117j\u0119.<\/li>\n<li>Prastas veikimas: patikrinkite, ar n\u0117ra u\u017esikim\u0161im\u0173 arba \u017eemo skys\u010di\u0173 lygio.<\/li>\n<li>Ne\u012fprasti garsai: patikrinkite, ar n\u0117ra atsilaisvinusi\u0173 komponent\u0173 ar vidini\u0173 pa\u017eeidim\u0173.<\/li>\n<\/ul>\n<p>CSYG2074 gedim\u0173 diagnostika reikalauja sistemingo po\u017ei\u016brio. Jei n\u0117ra hidraulinio skys\u010dio nuot\u0117kio, patikrinkite, ar n\u0117ra sandarikli\u0173 ir jungiam\u0173j\u0173 detali\u0173 susid\u0117v\u0117jimo po\u017eymi\u0173. Jei kyla problem\u0173 d\u0117l veikimo, \u012fsitikinkite, kad hidraulinio skys\u010dio lygis yra pakankamas ir be ter\u0161al\u0173. Ne\u012fprasti garsai eksploatacijos metu gali rodyti atsilaisvinusius komponentus arba vidinius pa\u017eeidimus, tod\u0117l reikia nedelsiant juos patikrinti, kad b\u016bt\u0173 i\u0161vengta tolesni\u0173 komplikacij\u0173.<\/p>\n<h2>Trik\u010di\u0173 \u0161alinimo patarimai<\/h2>\n<p>Jei nustatomos problemos, labai svarbu jas greitai i\u0161spr\u0119sti. Jei yra nuot\u0117ki\u0173, pakeiskite susid\u0117v\u0117jusius sandariklius ir \u012fsitikinkite, kad visos jungtys yra tvirtos. Prasto veikimo atveju patikrinkite, ar hidraulinio skys\u010dio lygis yra tinkamas ir ar sistemoje n\u0117ra u\u017esikim\u0161im\u0173. Reguliarus techninis aptarnavimas yra geriausia prevencin\u0117 priemon\u0117 nuo \u0161i\u0173 da\u017en\u0173 problem\u0173, u\u017etikrinanti, kad CSYG2074 i\u0161likt\u0173 veikiantis ir efektyvus.<\/p>\n<p><img decoding=\"async\" src=\"https:\/\/www.hydraulic-cylinders.net\/wp-content\/uploads\/2025\/05\/hydraulic-cylinder-all-2.webp\" alt=\"Hidraulinio cilindro vaizdas\"><\/p>\n<h2>Apie m\u016bs\u0173 \u012fmon\u0119<\/h2>\n<p>Esame pirmaujantis hidraulini\u0173 cilindr\u0173 gamintojas, pripa\u017eintas tiek \u0161alies viduje, tiek tarptautiniu mastu d\u0117l savo plataus gamini\u0173 asortimento. M\u016bs\u0173 patirtis hidraulini\u0173 technologij\u0173 srityje leido mums tapti \u017eymiu rinkos dalyviu. Did\u017eiuojam\u0117s savo profesionalia gamybos praktika ir turime tarptautinius sertifikatus, kad u\u017etikrintume kiekvieno pristatomo produkto kokyb\u0119 ir patikimum\u0105.<\/p>\n<p>M\u016bs\u0173 moderniausia gamybos \u012franga leid\u017eia mums pasi\u016blyti individualius sprendimus, pritaikytus konkretiems klient\u0173 poreikiams. Taip pat pabr\u0117\u017eiame i\u0161skirtin\u012f aptarnavim\u0105 po pardavimo, u\u017etikrindami, kad m\u016bs\u0173 klientai gaut\u0173 reikiam\u0105 pagalb\u0105 per vis\u0105 m\u016bs\u0173 produkt\u0173 gyvavimo cikl\u0105.<\/p>\n<p><img decoding=\"async\" src=\"https:\/\/www.hydraulic-cylinders.net\/wp-content\/uploads\/2025\/05\/xinxin-hydraulic-cylinder-factory-1.webp\" alt=\"Hidraulini\u0173 cilindr\u0173 gamykla\"><\/p>\n<p>Autorius: lyl<\/p>","protected":false},"excerpt":{"rendered":"<p>CSYG2074 Micro Digging Boom Cylinder Introduction to the CSYG2074 Micro Digging Boom Cylinder The CSYG2074 Micro Digging Boom Cylinder is a vital component in hydraulic systems, particularly in applications requiring precise digging and lifting capabilities. This hydraulic cylinder is designed for micro excavators and similar machinery, facilitating smooth and efficient operation. Hydraulic cylinders convert fluid [&hellip;]<\/p>","protected":false},"featured_media":20602,"comment_status":"open","ping_status":"closed","template":"","meta":{"_et_pb_use_builder":"","_et_pb_old_content":"","_et_gb_content_width":""},"product_brand":[],"product_cat":[1483,1557],"product_tag":[],"class_list":{"0":"post-20707","1":"product","2":"type-product","3":"status-publish","4":"has-post-thumbnail","6":"product_cat-construction-machinery-hydraulic-cylinders","7":"product_cat-micro-digging-side-hydraulic-cylinders","9":"first","10":"instock","11":"shipping-taxable","12":"product-type-simple"},"amp_enabled":true,"_links":{"self":[{"href":"https:\/\/www.hydraulic-cylinders.net\/lt\/wp-json\/wp\/v2\/product\/20707","targetHints":{"allow":["GET"]}}],"collection":[{"href":"https:\/\/www.hydraulic-cylinders.net\/lt\/wp-json\/wp\/v2\/product"}],"about":[{"href":"https:\/\/www.hydraulic-cylinders.net\/lt\/wp-json\/wp\/v2\/types\/product"}],"replies":[{"embeddable":true,"href":"https:\/\/www.hydraulic-cylinders.net\/lt\/wp-json\/wp\/v2\/comments?post=20707"}],"wp:featuredmedia":[{"embeddable":true,"href":"https:\/\/www.hydraulic-cylinders.net\/lt\/wp-json\/wp\/v2\/media\/20602"}],"wp:attachment":[{"href":"https:\/\/www.hydraulic-cylinders.net\/lt\/wp-json\/wp\/v2\/media?parent=20707"}],"wp:term":[{"taxonomy":"product_brand","embeddable":true,"href":"https:\/\/www.hydraulic-cylinders.net\/lt\/wp-json\/wp\/v2\/product_brand?post=20707"},{"taxonomy":"product_cat","embeddable":true,"href":"https:\/\/www.hydraulic-cylinders.net\/lt\/wp-json\/wp\/v2\/product_cat?post=20707"},{"taxonomy":"product_tag","embeddable":true,"href":"https:\/\/www.hydraulic-cylinders.net\/lt\/wp-json\/wp\/v2\/product_tag?post=20707"}],"curies":[{"name":"wp","href":"https:\/\/api.w.org\/{rel}","templated":true}]}}