{"id":20710,"date":"2025-05-27T06:21:58","date_gmt":"2025-05-27T06:21:58","guid":{"rendered":"https:\/\/www.hydraulic-cylinders.net\/product\/sanitation-vehicle-locking-hook-hydraulic-cylinder\/"},"modified":"2025-05-27T06:22:00","modified_gmt":"2025-05-27T06:22:00","slug":"sanitation-vehicle-locking-hook-hydraulic-cylinder","status":"publish","type":"product","link":"https:\/\/www.hydraulic-cylinders.net\/lt\/produktas\/sanitation-vehicle-locking-hook-hydraulic-cylinder\/","title":{"rendered":"Sanitarijos transporto priemon\u0117s u\u017erakinimo kablio hidraulinis cilindras"},"content":{"rendered":"<h1>Sanitarijos transporto priemon\u0117s u\u017erakinimo kablio hidraulinis cilindras<\/h1>\n<h2>\u012evadas \u012f hidraulin\u012f cilindr\u0105<\/h2>\n<p>Sanitarin\u0117s transporto priemon\u0117s u\u017erakinimo kablio hidraulinis cilindras yra labai svarbus komponentas, skirtas sanitarini\u0173 transporto priemoni\u0173 funkcionalumui pagerinti. \u0160is hidraulinis cilindras veikia paversdamas skys\u010dio sl\u0117g\u012f mechanine j\u0117ga, \u012fgalindamas u\u017erakinimo ir atrakinimo mechanizmus efektyviam krovinio valdymui. Cilindras atlieka gyvybi\u0161kai svarb\u0173 vaidmen\u012f tvirtinant \u012frang\u0105 ir priedus, u\u017etikrinant saugum\u0105 ir patikimum\u0105 eksploatavimo metu. \u0160io hidraulinio mazgo cilindro skersmuo yra 40 mm, o strypo skersmuo \u2013 22 mm, tod\u0117l jo eigos ilgis yra 50 mm, tod\u0117l jis idealiai tinka \u012fvairioms sanitarini\u0173 transporto priemoni\u0173 reikm\u0117ms. 305 mm montavimo atstumas leid\u017eia j\u012f lanks\u010diai integruoti \u012f esamas sistemas, u\u017etikrinant, kad jis atitikt\u0173 \u0161iuolaikini\u0173 sanitarini\u0173 operacij\u0173 reikalavimus.<\/p>\n<h2>Produkto specifikacijos<\/h2>\n<h3>Pagrindiniai parametrai<\/h3>\n<ul>\n<li><strong>Cilindro skersmuo:<\/strong> 40 mm<\/li>\n<li><strong>Strypo skersmuo:<\/strong> 22 mm<\/li>\n<li><strong>Kelion\u0117s ilgis:<\/strong> 50 mm<\/li>\n<li><strong>Montavimo atstumas:<\/strong> 305 mm<\/li>\n<\/ul>\n<p>\u0160ios specifikacijos pabr\u0117\u017eia hidraulinio cilindro matmenis ir galimybes, si\u016blydamos tvirt\u0105 sprendim\u0105 \u012fvairiems sanitarini\u0173 transporto priemoni\u0173 u\u017erakinimo mechanizmams.<\/p>\n<h2>Hidraulinio cilindro savyb\u0117s<\/h2>\n<ul>\n<li>Didelis patvarumas: Sukurtas atlaikyti at\u0161iaurias eksploatavimo s\u0105lygas.<\/li>\n<li>Tikslioji in\u017einerija: u\u017etikrina nuolatin\u012f na\u0161um\u0105 ir patikimum\u0105.<\/li>\n<li>Lengvas montavimas: Suderinamas su standartin\u0117mis tvirtinimo konfig\u016bracijomis.<\/li>\n<li>Puikus sandarinimas: apsaugo nuo skys\u010di\u0173 nutek\u0117jimo, padidindamas efektyvum\u0105.<\/li>\n<li>Pritaikomos parinktys: pritaikytos konkretiems klient\u0173 reikalavimams.<\/li>\n<\/ul>\n<p>Specializuojam\u0117s auk\u0161tos kokyb\u0117s hidraulini\u0173 cilindr\u0173, kurie puikiai pakei\u010dia esamus modelius, gamyboje, u\u017etikrindami skland\u0173 integravim\u0105 ir optimal\u0173 na\u0161um\u0105.<\/p>\n<h2>Hidraulinio cilindro pritaikymas<\/h2>\n<h3>1. Sanitarini\u0173 transporto priemoni\u0173 eksploatavimas<\/h3>\n<p>\u0160is hidraulinis cilindras daugiausia naudojamas sanitarin\u0117se transporto priemon\u0117se atliek\u0173 konteinerius tvirtinantiems u\u017erakinimo kabliams valdyti. Jis u\u017etikrina, kad konteineriai b\u016bt\u0173 saugiai u\u017erakinti transportavimo metu, i\u0161vengiant i\u0161siliejimo ir padidinant vairuotoj\u0173 bei p\u0117s\u010di\u0173j\u0173 saugum\u0105. Palengvindamas greit\u0105 konteineri\u0173 atleidim\u0105 ir u\u017erakinim\u0105, jis padidina atliek\u0173 surinkimo proces\u0173 efektyvum\u0105.<\/p>\n<h3>2. Atliek\u0173 surinkimo sistemos<\/h3>\n<p>Atliek\u0173 surinkimo sistemose hidraulinis cilindras padeda mechanizmui, kuris pakelia ir i\u0161ver\u010dia konteinerius \u012f surinkimo transporto priemon\u0119. Jo patikimas veikimas u\u017etikrina skland\u0173 k\u0117limo proces\u0105, suma\u017einant tiek transporto priemon\u0117s, tiek konteinerio nusid\u0117v\u0117jim\u0105. Tai prisideda prie ekologi\u0161kesnio veikimo, suma\u017einant i\u0161siliejim\u0105 ir u\u017etikrinant, kad visos atliekos b\u016bt\u0173 surinktos efektyviai.<\/p>\n<h3>3. Perdirbimo programos<\/h3>\n<p>Perdirbimo programose hidraulinis cilindras naudojamas mechanizmams, kurie r\u016b\u0161iuoja ir transportuoja perdirbamas med\u017eiagas, valdyti. Jo tikslumas ir patikimumas padeda valdyti med\u017eiag\u0173 srautus, u\u017etikrinant, kad perdirbimo procesas i\u0161likt\u0173 efektyvus ir veiksmingas, taip skatinant tvar\u0173 atliek\u0173 tvarkym\u0105.<\/p>\n<h2>Projektavimo aspektai ir atrankos kriterijai<\/h2>\n<h3>1. Keliamoji galia<\/h3>\n<p>Hidraulinio cilindro keliamoji galia yra labai svarbus veiksnys, lemiantis, kok\u012f svor\u012f jis gali saugiai atlaikyti nesuged\u0119s. Tai apima maksimalios apkrovos, kuri bus taikoma eksploatacijos metu, \u012fvertinim\u0105, u\u017etikrinant, kad cilindras b\u016bt\u0173 pakankamai tvirtas, kad atlaikyt\u0173 susidaran\u010dias apkrovas. Tinkami apkrovos skai\u010diavimai apsaugo nuo prie\u0161laikinio susid\u0117v\u0117jimo ir pailgina cilindro tarnavimo laik\u0105.<\/p>\n<h3>2. Sandarinimo efektyvumas<\/h3>\n<p>Efektyvus sandarinimas yra b\u016btinas hidrauliniams cilindrams, norint i\u0161laikyti sl\u0117g\u012f ir i\u0161vengti nuot\u0117kio. Sandarinimo med\u017eiag\u0173, toki\u0173 kaip poliuretanas arba nitrilo kau\u010diukas, pasirinkimas vaidina svarb\u0173 vaidmen\u012f u\u017etikrinant ilgalaik\u012f veikim\u0105. \u0160ios med\u017eiagos pasi\u017eymi puikiu atsparumu dilimui ir kartu i\u0161laikydamos sandarum\u0105 esant darbiniam sl\u0117giui.<\/p>\n<h3>3. Patvarumas ir ilgaam\u017ei\u0161kumas<\/h3>\n<p>Patvarumo aspektai apima auk\u0161tos kokyb\u0117s med\u017eiag\u0173 ir apsaugini\u0173 dang\u0173, kurios gali atlaikyti at\u0161iaurias aplinkos s\u0105lygas, pasirinkim\u0105. Tai ypa\u010d svarbu sanitarin\u0117se patalpose, kur da\u017enai susiduriama su korozin\u0117mis med\u017eiagomis. Gerai suprojektuotas cilindras pasi\u017eym\u0117s tvirta konstrukcija, kad b\u016bt\u0173 kuo ilgesnis tarnavimo laikas ir suma\u017eintas da\u017eno keitimo poreikis.<\/p>\n<h3>4. Saugos funkcijos<\/h3>\n<p>Saugumas hidraulin\u0117se sistemose yra svarbiausias dalykas. Projektuojant turi b\u016bti numatytos funkcijos, kurios suma\u017eina gedim\u0173 rizik\u0105, pavyzd\u017eiui, sl\u0117gio ma\u017einimo vo\u017etuvai ir gedim\u0173 prevencijos mechanizmai. \u0160ie komponentai u\u017etikrina, kad gedimo atveju sistema gal\u0117t\u0173 saugiai i\u0161leisti sl\u0117g\u012f ir i\u0161vengti nelaiming\u0173 atsitikim\u0173 eksploatacijos metu.<\/p>\n<h3>5. Prie\u017ei\u016bros ir remonto aspektai<\/h3>\n<p>Hidraulini\u0173 cilindr\u0173 ilgaam\u017ei\u0161kumui labai svarbi prie\u017ei\u016bra. Projektuojant reik\u0117t\u0173 atsi\u017evelgti \u012f tai, kad b\u016bt\u0173 lengva pasiekti komponentus, \u012fskaitant sandariklius ir tepimo ta\u0161kus, kad juos b\u016bt\u0173 galima patikrinti ir pri\u017ei\u016br\u0117ti. Modulini\u0173 komponent\u0173 \u012ftraukimas gali supaprastinti remont\u0105 ir suma\u017einti prastovas, u\u017etikrinant, kad sistema veikt\u0173.<\/p>\n<h2>Sandarinimas ir tepimas<\/h2>\n<p>Tinkamas sandarinimas ir tepimas yra gyvybi\u0161kai svarb\u016bs efektyviam hidraulini\u0173 cilindr\u0173 veikimui. Siekiant u\u017etikrinti sandarum\u0105 cilindro viduje, naudojami \u012fvair\u016bs sandarinimo komponentai, tokie kaip st\u016bmokli\u0173 ir kot\u0173 sandarikliai. Sandarikliai, pagaminti i\u0161 didelio atsparumo dilimui med\u017eiag\u0173, toki\u0173 kaip poliuretanas ir nitrilo kau\u010diukas, yra labai atspar\u016bs dilimui ir aplinkos veiksniams.<\/p>\n<p>Cilindro korpusas ir srieginiai galiniai pavir\u0161iai yra kruop\u0161\u010diai apdorojami, siekiant padidinti atsparum\u0105 dilimui. Reguliariai pri\u017ei\u016brint, reikia periodi\u0161kai tepti hidrauline alyva, kad b\u016bt\u0173 suma\u017einta trintis ir u\u017etikrintas sklandus veikimas. Tai ne tik pailgina sandarikli\u0173 tarnavimo laik\u0105, bet ir pagerina bendr\u0105 sistemos na\u0161um\u0105.<\/p>\n<h2>Reguliarus patikrinimas ir prevencin\u0117 prie\u017ei\u016bra<\/h2>\n<ul>\n<li><strong>\u012eprastiniai patikrinimai:<\/strong> Reguliariai atlikite vizualin\u0119 ap\u017ei\u016br\u0105, ar n\u0117ra susid\u0117v\u0117jimo, nuot\u0117ki\u0173 ar pa\u017eeidim\u0173 po\u017eymi\u0173. Ankstyvas problem\u0173 nustatymas gali pad\u0117ti i\u0161vengti dideli\u0173 gedim\u0173.<\/li>\n<li><strong>Tepimo grafikas:<\/strong> Sudarykite tepimo grafik\u0105, kad u\u017etikrintum\u0117te, jog sandarikliai ir judan\u010dios dalys b\u016bt\u0173 tinkamai sutepti, pagerintum\u0117te na\u0161um\u0105 ir suma\u017eintum\u0117te susid\u0117v\u0117jim\u0105.<\/li>\n<li><strong>Sandariklio keitimas:<\/strong> Reguliariai tikrinkite sandariklius, ar n\u0117ra susid\u0117v\u0117jimo po\u017eymi\u0173, ir prireikus juos pakeiskite, kad i\u0161laikytum\u0117te optimal\u0173 sandarum\u0105 ir i\u0161vengtum\u0117te skys\u010di\u0173 praradimo.<\/li>\n<\/ul>\n<p>Prevencin\u0117s prie\u017ei\u016bros priemon\u0117s yra b\u016btinos siekiant u\u017etikrinti efektyv\u0173 ir saug\u0173 hidraulinio cilindro veikim\u0105, suma\u017einant netik\u0117t\u0173 gedim\u0173 rizik\u0105.<\/p>\n<h2>\u012erengimo gair\u0117s<\/h2>\n<p>Tinkamas hidraulinio cilindro montavimas yra labai svarbus optimaliam veikimui. Pirmiausia \u012fsitikinkite, kad tvirtinimo pavir\u0161iai yra \u0161var\u016bs ir be \u0161iuk\u0161li\u0173. Tiksliai sulygiuokite cilindr\u0105 su tvirtinimo laikikliais ir pritvirtinkite j\u012f naudodami rekomenduojamus var\u017etus ir tvirtinimo detales. Svarbu naudoti tinkamus montavimo laikiklius, kad b\u016bt\u0173 i\u0161vengta neteisingo sulygiavimo, kuris gali sukelti prie\u0161laikin\u012f susid\u0117v\u0117jim\u0105 ar gedim\u0105.<\/p>\n<p>Montuodami laikykit\u0117s gamintojo pateikt\u0173 sukimo momento specifikacij\u0173, kad u\u017etikrintum\u0117te tinkam\u0105 sandarum\u0105 neperspausdami komponent\u0173. \u012edieg\u0119 patikrinkite, ar jie tinkamai sulygiuoti, ir prireikus sureguliuokite. Galiausiai, \u012fdieg\u0119, atlikite funkcin\u012f bandym\u0105, kad \u012fsitikintum\u0117te, jog cilindras sistemoje veikia skland\u017eiai ir efektyviai.<\/p>\n<h2>\u012eprastos prie\u017ei\u016bros u\u017eduotys<\/h2>\n<h3>1. Reguliar\u016bs patikrinimai<\/h3>\n<p>Reguliar\u016bs patikrinimai yra labai svarb\u016bs norint nustatyti galimas problemas, kol jos nepa\u016bm\u0117jo. Patikrinkite, ar n\u0117ra nuot\u0117kio po\u017eymi\u0173 aplink sandariklius, \u012fsitikinkite, kad judan\u010dios dalys veikia skland\u017eiai, ir \u012fvertinkite bendr\u0105 cilindro b\u016bkl\u0119. Ankstyva intervencija gali pad\u0117ti i\u0161vengti brangaus remonto ir prastov\u0173.<\/p>\n<h3>2. Tinkamas tepimas<\/h3>\n<p>Norint i\u0161laikyti optimal\u0173 na\u0161um\u0105, labai svarbu u\u017etikrinti tinkam\u0105 hidraulinio cilindro sutepim\u0105. Naudokite rekomenduojamas hidraulines alyvas ir tepkite jas ant atitinkam\u0173 sandarikli\u0173 ir judan\u010di\u0173 dali\u0173. Tinkamas sutepimas suma\u017eina trint\u012f ir susid\u0117v\u0117jim\u0105, taip padidindamas cilindro ilgaam\u017ei\u0161kum\u0105.<\/p>\n<h3>3. Sandariklio keitimas ir kalibravimo patikrinimai<\/h3>\n<p>Reguliariai keiskite sandariklius kaip technin\u0117s prie\u017ei\u016bros dal\u012f, kad i\u0161vengtum\u0117te nuot\u0117ki\u0173 ir palaikytum\u0117te sl\u0117g\u012f sistemoje. Kalibravimo patikrinimai yra ne ma\u017eiau svarb\u016bs siekiant u\u017etikrinti, kad cilindras veikt\u0173 pagal nurodytus parametrus, u\u017etikrindamas tiksl\u0173 na\u0161um\u0105 ir i\u0161vengdamas gedim\u0173.<\/p>\n<h2>Saugos aspektai ir aplinkos veiksniai<\/h2>\n<p>Dirbant su hidrauliniais cilindrais, labai svarbios saugos priemon\u0117s. \u012esitikinkite, kad visi darbuotojai yra apmokyti saugiai elgtis su hidraulin\u0117mis sistemomis ir jas valdyti. \u012erenkite tinkamus fiksavimo mechanizmus, pvz., \u0161io hidraulinio cilindro fiksavimo kabl\u012f, kad i\u0161vengtum\u0117te atsitiktinio i\u0161leidimo technin\u0117s prie\u017ei\u016bros ar eksploatavimo metu. Be to, atsi\u017evelkite \u012f aplinkos veiksnius, u\u017etikrindami, kad hidraulinis skystis b\u016bt\u0173 tvarkomas atsakingai, siekiant i\u0161vengti i\u0161siliejimo ir u\u017eter\u0161imo.<\/p>\n<h2>Trik\u010di\u0173 \u0161alinimas ir da\u017eniausiai pasitaikan\u010dios problemos<\/h2>\n<ul>\n<li><strong>Nuot\u0117kis:<\/strong> Jei pasteb\u0117jote hidraulinio skys\u010dio nuot\u0117k\u012f i\u0161 cilindro, patikrinkite, ar sandarikliai n\u0117ra susid\u0117v\u0117j\u0119, ir prireikus juos pakeiskite.<\/li>\n<li><strong>Sl\u0117gio praradimas:<\/strong> Sl\u0117gio suma\u017e\u0117jimas gali rodyti sistemos u\u017esikim\u0161im\u0105 arba nuot\u0117k\u012f. Patikrinkite linijas ir jungtis, ar n\u0117ra koki\u0173 nors pa\u017eeidim\u0173.<\/li>\n<li><strong>U\u017estrigimas arba u\u017estrigimas:<\/strong> Jei cilindras juda netolygiai, patikrinkite, ar sistemoje n\u0117ra \u0161iuk\u0161li\u0173, ir \u012fsitikinkite, kad ji tinkamai sutepta.<\/li>\n<\/ul>\n<p>Greitas \u0161i\u0173 da\u017en\u0173 problem\u0173 sprendimas gali pad\u0117ti i\u0161laikyti hidraulini\u0173 operacij\u0173 efektyvum\u0105 ir saug\u0105.<\/p>\n<p>Nor\u0117dami efektyviai pa\u0161alinti triktis, visada vadovaukit\u0117s gamintojo nurodymais ir registruokite visas pasikartojan\u010dias problemas, kad nustatytum\u0117te modelius, kuriems gali prireikti tolesnio \u012fsiki\u0161imo.<\/p>\n<p><img decoding=\"async\" src=\"https:\/\/www.hydraulic-cylinders.net\/wp-content\/uploads\/2025\/05\/hydraulic-cylinder-all-2.webp\" alt=\"Hidraulinis cilindras\" \/><\/p>\n<h2>Apie m\u016bs\u0173 \u012fmon\u0119<\/h2>\n<p>Esame pirmaujantis hidraulini\u0173 cilindr\u0173 gamintojas, si\u016blantis plat\u0173 auk\u0161tos kokyb\u0117s gamini\u0173 asortiment\u0105 \u012fvairioms reikm\u0117ms. M\u016bs\u0173 \u012fsipareigojimas siekti meistri\u0161kumo leido mums tapti lyderiais tiek vidaus, tiek tarptautin\u0117se rinkose. Did\u017eiuojam\u0117s gal\u0117dami tiekti profesionalios klas\u0117s hidraulinius sprendimus, patvirtintus tarptautiniais sertifikatais, u\u017etikrinan\u010diais patikimum\u0105 ir saug\u0105.<\/p>\n<p>M\u016bs\u0173 gamybos \u012frenginiai apr\u016bpinti moderniausia \u012franga, tod\u0117l galime pasi\u016blyti individualius sprendimus, pritaikytus konkretiems klient\u0173 reikalavimams. Be to, teikiame visapusi\u0161k\u0105 garantin\u012f aptarnavim\u0105, u\u017etikrindami, kad m\u016bs\u0173 klientai gaut\u0173 reikiam\u0105 pagalb\u0105 per vis\u0105 m\u016bs\u0173 gamini\u0173 gyvavimo cikl\u0105.<\/p>\n<p><img decoding=\"async\" src=\"https:\/\/www.hydraulic-cylinders.net\/wp-content\/uploads\/2025\/05\/xinxin-hydraulic-cylinder-factory-1.webp\" alt=\"Hidraulini\u0173 cilindr\u0173 gamykla\" \/><\/p>\n<p>Autorius: lyl<\/p>","protected":false},"excerpt":{"rendered":"<p>Sanitation Vehicle Locking Hook Hydraulic Cylinder Introduction to the Hydraulic Cylinder The Sanitation Vehicle Locking Hook Hydraulic Cylinder is a crucial component designed to enhance the functionality of sanitation vehicles. This hydraulic cylinder operates by converting fluid pressure into mechanical force, enabling the locking and unlocking mechanisms for effective load management. The cylinder plays a [&hellip;]<\/p>","protected":false},"featured_media":20625,"comment_status":"open","ping_status":"closed","template":"","meta":{"_et_pb_use_builder":"","_et_pb_old_content":"","_et_gb_content_width":""},"product_brand":[],"product_cat":[1483,1558],"product_tag":[],"class_list":{"0":"post-20710","1":"product","2":"type-product","3":"status-publish","4":"has-post-thumbnail","6":"product_cat-construction-machinery-hydraulic-cylinders","7":"product_cat-sanitation-machinery-hydraulic-cylinders-2","9":"first","10":"instock","11":"shipping-taxable","12":"product-type-simple"},"amp_enabled":true,"_links":{"self":[{"href":"https:\/\/www.hydraulic-cylinders.net\/lt\/wp-json\/wp\/v2\/product\/20710","targetHints":{"allow":["GET"]}}],"collection":[{"href":"https:\/\/www.hydraulic-cylinders.net\/lt\/wp-json\/wp\/v2\/product"}],"about":[{"href":"https:\/\/www.hydraulic-cylinders.net\/lt\/wp-json\/wp\/v2\/types\/product"}],"replies":[{"embeddable":true,"href":"https:\/\/www.hydraulic-cylinders.net\/lt\/wp-json\/wp\/v2\/comments?post=20710"}],"wp:featuredmedia":[{"embeddable":true,"href":"https:\/\/www.hydraulic-cylinders.net\/lt\/wp-json\/wp\/v2\/media\/20625"}],"wp:attachment":[{"href":"https:\/\/www.hydraulic-cylinders.net\/lt\/wp-json\/wp\/v2\/media?parent=20710"}],"wp:term":[{"taxonomy":"product_brand","embeddable":true,"href":"https:\/\/www.hydraulic-cylinders.net\/lt\/wp-json\/wp\/v2\/product_brand?post=20710"},{"taxonomy":"product_cat","embeddable":true,"href":"https:\/\/www.hydraulic-cylinders.net\/lt\/wp-json\/wp\/v2\/product_cat?post=20710"},{"taxonomy":"product_tag","embeddable":true,"href":"https:\/\/www.hydraulic-cylinders.net\/lt\/wp-json\/wp\/v2\/product_tag?post=20710"}],"curies":[{"name":"wp","href":"https:\/\/api.w.org\/{rel}","templated":true}]}}