{"id":20711,"date":"2025-05-27T06:22:00","date_gmt":"2025-05-27T06:22:00","guid":{"rendered":"https:\/\/www.hydraulic-cylinders.net\/product\/sanitation-vehicle-top-cover-hydraulic-cylinder\/"},"modified":"2025-05-27T06:22:02","modified_gmt":"2025-05-27T06:22:02","slug":"sanitation-vehicle-top-cover-hydraulic-cylinder","status":"publish","type":"product","link":"https:\/\/www.hydraulic-cylinders.net\/lt\/produktas\/sanitation-vehicle-top-cover-hydraulic-cylinder\/","title":{"rendered":"Sanitarin\u0117s transporto priemon\u0117s vir\u0161utinio dang\u010dio hidraulinis cilindras"},"content":{"rendered":"<h1>Sanitarin\u0117s transporto priemon\u0117s vir\u0161utinio dang\u010dio hidraulinis cilindras<\/h1>\n<h2>Produkto ap\u017evalga<\/h2>\n<p>Sanitarin\u0117s transporto priemon\u0117s vir\u0161utinio dang\u010dio hidraulinis cilindras yra esminis komponentas, skirtas efektyviam sanitarini\u0173 transporto priemoni\u0173 veikimui. \u0160is hidraulinis cilindras atsakingas u\u017e vir\u0161utinio dang\u010dio pak\u0117lim\u0105 ir nuleidim\u0105, u\u017etikrinant skland\u0173 atliek\u0173 tvarkymo proces\u0105. Pagamintas i\u0161 auk\u0161tos kokyb\u0117s med\u017eiag\u0173, jis yra patikimas sprendimas \u012fvairioms sanitarijos pramon\u0117s reikm\u0117ms. Hidraulinis cilindras veikia paversdamas skys\u010dio energij\u0105 mechanine energija, tod\u0117l juda skland\u017eiai ir valdomas. Tvirta konstrukcija u\u017etikrina ilgaam\u017ei\u0161kum\u0105, tod\u0117l tinka sunkioms u\u017eduotims. 63 mm skersmens ir 35 mm strypo skersmens cilindro eigos atstumas yra 140 mm, o montavimo atstumas \u2013 405 mm, tod\u0117l jis universalus ir tinka \u012fvairi\u0173 konstrukcij\u0173 sanitarin\u0117ms transporto priemon\u0117ms.<\/p>\n<h2>Produkto specifikacijos<\/h2>\n<h3>Specifikacij\u0173 ap\u017evalga<\/h3>\n<ul>\n<li>Cilindro skersmuo: 63 mm<\/li>\n<li>Strypo skersmuo: 35 mm<\/li>\n<li>Eiga: 140 mm<\/li>\n<li>Montavimo atstumas: 405 mm<\/li>\n<\/ul>\n<p>\u0160ios specifikacijos pabr\u0117\u017eia hidraulinio cilindro geb\u0117jim\u0105 atlaikyti didelius krovinius i\u0161laikant efektyvum\u0105. Konkret\u016bs matmenys u\u017etikrina suderinamum\u0105 su \u012fvairiais sanitarini\u0173 transporto priemoni\u0173 modeliais, tiksliai pritaikant optimaliam na\u0161umui.<\/p>\n<h2>Pagrindin\u0117s savyb\u0117s<\/h2>\n<ul>\n<li>Didel\u0117 keliamoji galia sunkiems sanitariniams darbams.<\/li>\n<li>Efektyvi sandarinimo sistema, apsauganti nuo nuot\u0117kio.<\/li>\n<li>Patvari konstrukcija ilgalaikiam veikimui.<\/li>\n<li>Reaguojantis veikimas padeda greitai u\u017edengti dangt\u012f.<\/li>\n<li>Galimos pritaikomos parinktys konkretiems poreikiams.<\/li>\n<\/ul>\n<p>M\u016bs\u0173 gamybos paj\u0117gumai leid\u017eia mums pagaminti \u0161\u012f hidraulin\u012f cilindr\u0105, u\u017etikrinant, kad jis puikiai pakeis esamus \u012frenginius, pagerindamas na\u0161um\u0105 ir patikimum\u0105.<\/p>\n<h2>Taikymo scenarijai<\/h2>\n<h3>Atliek\u0173 tvarkymo transporto priemon\u0117s<\/h3>\n<p>\u0160is hidraulinis cilindras daugiausia naudojamas atliek\u0173 tvarkymo transporto priemon\u0117se, nes palengvina vir\u0161utinio dang\u010dio pak\u0117lim\u0105 ir nuleidim\u0105. Efektyvus cilindro veikimas yra labai svarbus u\u017etikrinant, kad atliekos b\u016bt\u0173 saugiai laikomos transportavimo metu, suma\u017einant i\u0161siliejim\u0105 ir kvap\u0105. \u0160ios transporto priemon\u0117s naudoja hidraulin\u012f cilindr\u0105, kad greitai pasiekt\u0173 atliek\u0173 skyri\u0173, tod\u0117l operatoriams lengviau efektyviai tvarkyti atliekas. Patikimas cilindro veikimas prisideda prie bendro atliek\u0173 surinkimo proces\u0173 efektyvumo.<\/p>\n<h3>Perdirbimo sunkve\u017eimiai<\/h3>\n<p>Perdirbimo operacijose hidraulinis cilindras atlieka gyvybi\u0161kai svarb\u0173 vaidmen\u012f atidarant ir u\u017edarant perdirbimo sunkve\u017eimi\u0173 dang\u010dius. Tai u\u017etikrina, kad skirtingos med\u017eiagos b\u016bt\u0173 atskirtos ir tinkamai tvarkomos transportavimo metu. Geb\u0117jimas skland\u017eiai veikti \u012fvairiomis s\u0105lygomis yra b\u016btinas norint i\u0161laikyti perdirbam\u0173 med\u017eiag\u0173 vientisum\u0105. Did\u0117jant susir\u016bpinimui aplinkosauga, \u0161ios taikymo sritys tampa vis svarbesn\u0117s skatinant tvari\u0105 praktik\u0105 miesto aplinkoje.<\/p>\n<h3>Kompaktoriniai sunkve\u017eimiai<\/h3>\n<p>Hidraulinio cilindro funkcionalumas taip pat naudingas kompakti\u0161kiems sunkve\u017eimiams. \u0160is mechanizmas yra labai svarbus efektyviam atliek\u0173 suspaudimui, leid\u017eian\u010diam optimaliai i\u0161naudoti erdv\u0119 sunkve\u017eimio viduje. Cilindro konstrukcija u\u017etikrina patikim\u0105 na\u0161um\u0105 net ir dirbant su sunkiais kroviniais, u\u017etikrinant efektyv\u0173 suspaudimo proces\u0105. \u0160is efektyvumas ne tik pagerina atliek\u0173 surinkimo operacijas, bet ir padidina degal\u0173 ekonomij\u0105, maksimaliai padidinant keliam\u0105j\u0105 gali\u0105.<\/p>\n<h2>Dizaino aspektai<\/h2>\n<h3>Keliamoji galia<\/h3>\n<p>Projektuojant hidraulinius cilindrus, svarbiausias aspektas yra keliamoji galia. Cilindras turi atlaikyti dideles j\u0117gas nepakenkdamas savo konstrukciniam vientisumui. Gerai suprojektuotas cilindras u\u017etikrina patikimum\u0105, u\u017etikrindamas, kad jis gali veikti esant dideliems eksploataciniams \u012ftempiams, su kuriais da\u017eniausiai susiduriama sanitarin\u0117se transporto priemon\u0117se.<\/p>\n<h3>Sandarinimo efektyvumas<\/h3>\n<p>Efektyvus sandarinimas yra labai svarbus siekiant i\u0161vengti hidraulinio skys\u010dio nuot\u0117kio. Siekiant pagerinti cilindro na\u0161um\u0105 ir pailginti jo tarnavimo laik\u0105, naudojamos auk\u0161tos kokyb\u0117s sandarinimo med\u017eiagos, tokios kaip poliuretanas ir nitrilo kau\u010diukas. \u0160ie sandarikliai yra sukurti taip, kad atlaikyt\u0173 auk\u0161t\u0105 sl\u0117g\u012f ir skirting\u0105 temperat\u016br\u0105, b\u016bding\u0105 hidraulin\u0117ms sistemoms, u\u017etikrinant veikimo efektyvum\u0105.<\/p>\n<h3>Patvarumas<\/h3>\n<p>Hidraulinio cilindro patvarumas yra nepaprastai svarbus, ypa\u010d sud\u0117tingomis s\u0105lygomis. Auk\u0161tos kokyb\u0117s med\u017eiag\u0173 ir tiksli\u0173 in\u017einerijos metod\u0173 naudojimas padidina gaminio ilgaam\u017ei\u0161kum\u0105. Patvarumas u\u017etikrina, kad cilindras laikui b\u0117gant veikt\u0173 nuosekliai, tod\u0117l reik\u0117t\u0173 j\u012f keisti ir pri\u017ei\u016br\u0117ti da\u017eniau.<\/p>\n<h3>Saugos funkcijos<\/h3>\n<p>Hidraulini\u0173 cilindr\u0173 konstrukcijoje b\u016btina \u012ftraukti saugos funkcijas, siekiant apsaugoti operatorius ir \u012frang\u0105. Tokios funkcijos kaip sl\u0117gio ma\u017einimo vo\u017etuvai ir apsaugos nuo perkrovos mechanizmai yra gyvybi\u0161kai svarbios siekiant i\u0161vengti nelaiming\u0173 atsitikim\u0173 ir u\u017etikrinti saug\u0173 eksploatavim\u0105. \u0160is aspektas ypa\u010d svarbus aplinkoje, kurioje da\u017enai pasitaiko didel\u0117s apkrovos ir hidraulinis sl\u0117gis.<\/p>\n<h3>Prie\u017ei\u016bra ir tinkamumas naudoti<\/h3>\n<p>Hidraulini\u0173 cilindr\u0173 projektavimas taip, kad juos b\u016bt\u0173 lengva pri\u017ei\u016br\u0117ti, yra labai svarbus siekiant suma\u017einti prastovas. Tokios savyb\u0117s kaip lengvai prieinami sandarikliai ir tepimo ta\u0161kai leid\u017eia nesud\u0117tingai pri\u017ei\u016br\u0117ti. \u0160i projektavimo strategija u\u017etikrina, kad reguliari\u0105 technin\u0119 prie\u017ei\u016br\u0105 b\u016bt\u0173 galima atlikti nenaudojant specializuot\u0173 \u012franki\u0173 ar per didelio i\u0161montavimo.<\/p>\n<h2>Sandarinimas ir tepimas<\/h2>\n<p>Hidraulini\u0173 cilindr\u0173 sandarinimas ir tepimas yra labai svarb\u016bs j\u0173 veikimui ir ilgaam\u017ei\u0161kumui. Naudojami \u012fvair\u016bs sandarikliai, \u012fskaitant st\u016bmokli\u0173 ir kot\u0173 sandariklius, kurie yra b\u016btini sistemos sl\u0117giui palaikyti. Sandarinimo med\u017eiag\u0173, toki\u0173 kaip poliuretanas ir nitrilo kau\u010diukas, pasirinkimas padidina atsparum\u0105 dilimui ir ilgaam\u017ei\u0161kum\u0105, u\u017etikrindamas, kad sandarikliai atlaikyt\u0173 at\u0161iaurias eksploatavimo s\u0105lygas.<\/p>\n<p>Cilindro korpusas ir srieginiai galiniai pavir\u0161iai yra kruop\u0161\u010diai apdorojami, siekiant pagerinti atsparum\u0105 dilimui. \u0160is apdorojimas yra labai svarbus, nes suma\u017eina sandarikli\u0173 keitimo da\u017enum\u0105 ir pagerina bendr\u0105 na\u0161um\u0105. Reguliarus tepimas tinkama hidrauline alyva yra b\u016btinas norint suma\u017einti trint\u012f ir dilim\u0105, u\u017etikrinti skland\u0173 veikim\u0105 ir pailginti cilindro tarnavimo laik\u0105.<\/p>\n<h2>Prevencin\u0117s prie\u017ei\u016bros priemon\u0117s<\/h2>\n<ul>\n<li>Reguliariai tikrinkite, ar n\u0117ra nuot\u0117ki\u0173 ir susid\u0117v\u0117jimo.<\/li>\n<li>U\u017etikrinkite tinkam\u0105 judan\u010di\u0173 dali\u0173 sutepim\u0105.<\/li>\n<li>Reguliariai tikrinkite sandariklius, ar n\u0117ra pa\u017eeidim\u0173 ar susid\u0117v\u0117jimo po\u017eymi\u0173.<\/li>\n<\/ul>\n<p>\u0160i\u0173 prevencini\u0173 priemoni\u0173 \u012fgyvendinimas padeda i\u0161laikyti optimal\u0173 na\u0161um\u0105 ir pailgina hidraulinio cilindro tarnavimo laik\u0105. Reguliar\u016bs patikrinimai gali pad\u0117ti nustatyti galimas problemas, kol jos nepablog\u0117jo, taip sutaupant laiko ir i\u0161laid\u0173, susijusi\u0173 su dideliais remonto darbais.<\/p>\n<h2>\u012erengimo gair\u0117s<\/h2>\n<p>Tinkamas hidraulinio cilindro montavimas yra labai svarbus jo veikimui. Pirmiausia \u012fsitikinkite, kad visi komponentai yra \u0161var\u016bs ir be \u0161iuk\u0161li\u0173. Tiksliai sulygiuokite cilindr\u0105 su montavimo laikikliais, naudodami tinkamus tvirtinimo elementus. Labai svarbu patikrinti, ar visos hidraulin\u0117s jungtys yra sandarios ir be nuot\u0117ki\u0173.<\/p>\n<p>Montuodami laikykit\u0117s gamintojo nurodym\u0173 d\u0117l sukimo momento nustatym\u0173 ir kit\u0173 parametr\u0173. Po montavimo atlikite i\u0161sam\u0173 patikrinim\u0105, kad \u012fsitikintum\u0117te, jog cilindras skland\u017eiai veikia visame judesio diapazone. Reguliariai tikrinkite visus tvirtinimo ta\u0161kus ir jungtis, nes vibracija ir kiti veiksniai laikui b\u0117gant gali atsipalaidavim\u0105 lemti.<\/p>\n<h2>Prie\u017ei\u016bros u\u017eduotys<\/h2>\n<h3>Reguliar\u016bs patikrinimai<\/h3>\n<p>Reguliar\u016bs patikrinimai yra labai svarb\u016bs norint anksti nustatyti galimas problemas. Ie\u0161kokite susid\u0117v\u0117jimo, korozijos ir skys\u010di\u0173 nuot\u0117kio po\u017eymi\u0173, kurie gali rodyti remonto ar keitimo poreik\u012f. Patikrinimai tur\u0117t\u0173 b\u016bti atliekami reguliariai, ypa\u010d po ilgo eksploatavimo laikotarpio.<\/p>\n<h3>Tinkamas tepimas<\/h3>\n<p>Tepimas yra labai svarbus norint i\u0161vengti judan\u010di\u0173 dali\u0173 nusid\u0117v\u0117jimo. \u012esitikinkite, kad naudojama hidraulin\u0117 alyva yra suderinama su cilindru, ir papildykite j\u0105 pagal poreik\u012f, kad palaikytum\u0117te tinkam\u0105 lyg\u012f. Gerai suteptas cilindras veikia efektyviau ir tarnauja ilgiau.<\/p>\n<h3>Sandariklio keitimas ir kalibravimas<\/h3>\n<p>Susid\u0117v\u0117jusi\u0173 sandarikli\u0173 keitimas yra labai svarbus norint i\u0161laikyti cilindro veikim\u0105. Reguliariai tikrinkite, ar sandarikliai n\u0117ra susid\u0117v\u0117j\u0119, ir prireikus juos pakeiskite, kad i\u0161vengtum\u0117te hidraulinio skys\u010dio nuot\u0117kio. Taip pat reik\u0117t\u0173 atlikti kalibravimo patikrinimus, siekiant u\u017etikrinti, kad cilindras veikt\u0173 pagal nurodytus parametrus ir i\u0161laikyt\u0173 optimal\u0173 na\u0161um\u0105.<\/p>\n<h2>Saugos aspektai ir aplinkos veiksniai<\/h2>\n<p>Naudojant hidraulinius cilindrus, b\u016btina grie\u017etai laikytis saugos priemoni\u0173. Operatoriai tur\u0117t\u0173 b\u016bti apmokyti tinkam\u0173 naudojimo proced\u016br\u0173, kad b\u016bt\u0173 suma\u017einta rizika. Tai apima galim\u0173 pavoj\u0173, susijusi\u0173 su sl\u0117gio veikiamu hidrauliniu skys\u010diu, supratim\u0105 ir tinkam\u0173 asmenini\u0173 apsaugos priemoni\u0173 (AAP) svarb\u0105. Norint saugiai eksploatuoti, b\u016btina u\u017etikrinti, kad visi saugos mechanizmai veikt\u0173 tinkamai.<\/p>\n<h2>Gedim\u0173 diagnostika ir da\u017eniausios problemos<\/h2>\n<ul>\n<li>Na\u0161umo problem\u0173 nustatymas<\/li>\n<li>Nuot\u0117ki\u0173 aptikimo metodai<\/li>\n<li>Da\u017eni sandarikli\u0173 gedimai<\/li>\n<\/ul>\n<p>Hidraulini\u0173 cilindr\u0173 gedimams diagnozuoti reikia metodi\u0161ko po\u017ei\u016brio. Prad\u0117kite steb\u0117dami bet kokias na\u0161umo problemas, pvz., suma\u017e\u0117jusi\u0105 keliam\u0105j\u0105 gali\u0105 ar netolygius judesius. Jei aptinkama nuot\u0117ki\u0173, \u012fvertinkite sandariklius ir jungtis, ar jie n\u0117ra susid\u0117v\u0117j\u0119 ar pa\u017eeisti. Da\u017eni sandarikli\u0173 gedimai da\u017enai gali b\u016bti susij\u0119 su netinkamu montavimu arba nesuderinam\u0173 med\u017eiag\u0173 naudojimu, tod\u0117l b\u016btina atid\u017eiai jas pasirinkti ir reguliariai pri\u017ei\u016br\u0117ti.<\/p>\n<h2>Trik\u010di\u0173 \u0161alinimo patarimai<\/h2>\n<p>Norint efektyviai pa\u0161alinti hidraulini\u0173 cilindr\u0173 problemas, veskite vis\u0173 technin\u0117s prie\u017ei\u016bros u\u017eduo\u010di\u0173 ir bet koki\u0173 na\u0161umo poky\u010di\u0173 \u017eurnal\u0105. \u0160i informacija gali pad\u0117ti nustatyti modelius, rodan\u010dius pagrindines problemas. Reguliar\u016bs operatori\u0173 mokymai, kaip atpa\u017einti ankstyvus gedimo po\u017eymius, gali pad\u0117ti laiku imtis veiksm\u0173 ir i\u0161vengti tolesni\u0173 problem\u0173.<\/p>\n<p><img decoding=\"async\" src=\"https:\/\/www.hydraulic-cylinders.net\/wp-content\/uploads\/2025\/05\/hydraulic-cylinder-all-2.webp\" alt=\"Hidraulinio cilindro vaizdas\"><\/p>\n<h2>Apie m\u016bs\u0173 \u012fmon\u0119<\/h2>\n<p>B\u016bdami pirmaujan\u010dia hidraulini\u0173 cilindr\u0173 gamintoja, m\u016bs\u0173 \u012fmon\u0117 pasi\u017eymi tuo, kad si\u016blo plat\u0173 gamini\u0173 asortiment\u0105, pritaikyt\u0105 tiek vietin\u0117s, tiek tarptautin\u0117s rinkos poreikiams. M\u016bs\u0173 patirtis hidraulini\u0173 sistem\u0173 srityje u\u017etikrina, kad teikiame auk\u0161tos kokyb\u0117s sprendimus, atitinkan\u010dius pramon\u0117s standartus.<\/p>\n<p>Did\u017eiuojam\u0117s savo profesionaliu po\u017ei\u016briu ir tarptautiniais sertifikatais, kurie patvirtina m\u016bs\u0173 kokyb\u0117s u\u017etikrinimo procesus. M\u016bs\u0173 individualiai pritaikytos paslaugos atitinka konkre\u010dius klient\u0173 reikalavimus, u\u017etikrindamos, kad kiekvienas produktas b\u016bt\u0173 sukurtas atsi\u017evelgiant \u012f unikalius veiklos poreikius.<\/p>\n<p>Tur\u0117dami pa\u017eangius gamybos \u012frenginius, naudojame pa\u017eangiausias technologijas, kad pagamintume laiko i\u0161bandym\u0105 atlaikan\u010dius hidraulinius cilindrus. M\u016bs\u0173 atsidavusi garantinio aptarnavimo komanda visada pasiruo\u0161usi pad\u0117ti klientams \u0161alinti hidraulines sistemas ir optimizuoti jas.<\/p>\n<p><img decoding=\"async\" src=\"https:\/\/www.hydraulic-cylinders.net\/wp-content\/uploads\/2025\/05\/xinxin-hydraulic-cylinder-factory-1.webp\" alt=\"\u012emon\u0117s gamyklos \u012fvaizdis\"><\/p>\n<p>Autorius: lyl<\/p>","protected":false},"excerpt":{"rendered":"<p>Sanitation Vehicle Top Cover Hydraulic Cylinder Product Overview The Sanitation Vehicle Top Cover Hydraulic Cylinder is an essential component designed for the efficient operation of sanitation vehicles. This hydraulic cylinder is responsible for the lifting and lowering of the top cover, ensuring that waste management processes are carried out seamlessly. Made with high-quality materials, it [&hellip;]<\/p>","protected":false},"featured_media":20663,"comment_status":"open","ping_status":"closed","template":"","meta":{"_et_pb_use_builder":"","_et_pb_old_content":"","_et_gb_content_width":""},"product_brand":[],"product_cat":[1483,1558],"product_tag":[],"class_list":{"0":"post-20711","1":"product","2":"type-product","3":"status-publish","4":"has-post-thumbnail","6":"product_cat-construction-machinery-hydraulic-cylinders","7":"product_cat-sanitation-machinery-hydraulic-cylinders-2","9":"first","10":"instock","11":"shipping-taxable","12":"product-type-simple"},"amp_enabled":true,"_links":{"self":[{"href":"https:\/\/www.hydraulic-cylinders.net\/lt\/wp-json\/wp\/v2\/product\/20711","targetHints":{"allow":["GET"]}}],"collection":[{"href":"https:\/\/www.hydraulic-cylinders.net\/lt\/wp-json\/wp\/v2\/product"}],"about":[{"href":"https:\/\/www.hydraulic-cylinders.net\/lt\/wp-json\/wp\/v2\/types\/product"}],"replies":[{"embeddable":true,"href":"https:\/\/www.hydraulic-cylinders.net\/lt\/wp-json\/wp\/v2\/comments?post=20711"}],"wp:featuredmedia":[{"embeddable":true,"href":"https:\/\/www.hydraulic-cylinders.net\/lt\/wp-json\/wp\/v2\/media\/20663"}],"wp:attachment":[{"href":"https:\/\/www.hydraulic-cylinders.net\/lt\/wp-json\/wp\/v2\/media?parent=20711"}],"wp:term":[{"taxonomy":"product_brand","embeddable":true,"href":"https:\/\/www.hydraulic-cylinders.net\/lt\/wp-json\/wp\/v2\/product_brand?post=20711"},{"taxonomy":"product_cat","embeddable":true,"href":"https:\/\/www.hydraulic-cylinders.net\/lt\/wp-json\/wp\/v2\/product_cat?post=20711"},{"taxonomy":"product_tag","embeddable":true,"href":"https:\/\/www.hydraulic-cylinders.net\/lt\/wp-json\/wp\/v2\/product_tag?post=20711"}],"curies":[{"name":"wp","href":"https:\/\/api.w.org\/{rel}","templated":true}]}}