{"id":20713,"date":"2025-05-27T06:22:09","date_gmt":"2025-05-27T06:22:09","guid":{"rendered":"https:\/\/www.hydraulic-cylinders.net\/product\/sanitation-vehicle-switching-hydraulic-cylinder\/"},"modified":"2025-05-27T06:22:11","modified_gmt":"2025-05-27T06:22:11","slug":"sanitation-vehicle-switching-hydraulic-cylinder","status":"publish","type":"product","link":"https:\/\/www.hydraulic-cylinders.net\/lt\/produktas\/sanitation-vehicle-switching-hydraulic-cylinder\/","title":{"rendered":"Sanitarijos transporto priemon\u0117s perjungimo hidraulinis cilindras"},"content":{"rendered":"<h1>Sanitarijos transporto priemon\u0117s perjungimo hidraulinis cilindras<\/h1>\n<h2>Produkto ap\u017evalga<\/h2>\n<p>Sanitarin\u0117s transporto priemon\u0117s perjungimo hidraulinis cilindras yra labai svarbus komponentas, skirtas efektyviam sanitarini\u0173 transporto priemoni\u0173 veikimui. \u0160is specializuotas hidraulinis cilindras palengvina perjungimo mechanizmo veikim\u0105, b\u016btin\u0105 efektyviam \u012fvairi\u0173 sanitarini\u0173 \u012frengini\u0173 veikimui. Jo pagrindin\u0117 paskirtis \u2013 paversti hidraulin\u0119 energij\u0105 mechanine j\u0117ga, u\u017etikrinant skland\u0173 sanitarini\u0173 \u012frengini\u0173 jud\u0117jim\u0105 ir valdym\u0105. \u0160is hidraulinis cilindras atlieka svarb\u0173 vaidmen\u012f didinant transporto priemoni\u0173 eksploatavimo efektyvum\u0105, nes leid\u017eia tiksliai valdyti k\u0117limo, pakreipimo ir manevravimo funkcijas. D\u0117l tvirtos konstrukcijos ir patikimo veikimo jis u\u017etikrina skland\u0173 sanitarini\u0173 operacij\u0173 atlikim\u0105, prisidedant prie \u0161varesn\u0117s aplinkos.<\/p>\n<h2>Produkto specifikacijos<\/h2>\n<p>\u017demiau pateikiamos i\u0161samios sanitarin\u0117s transporto priemon\u0117s perjungimo hidraulinio cilindro specifikacijos:<\/p>\n<ul>\n<li>Cilindro skersmuo: <strong>32 mm<\/strong><\/li>\n<li>Strypo skersmuo: <strong>20 mm<\/strong><\/li>\n<li>Kelion\u0117s: <strong>20 mm<\/strong><\/li>\n<li>Montavimo atstumas: <strong>84 mm<\/strong><\/li>\n<\/ul>\n<h3>I\u0161samios specifikacijos paai\u0161kinimas<\/h3>\n<p>32 mm cilindro skersmuo suteikia tvirt\u0105 pagrind\u0105 hidraulin\u0117ms operacijoms ir pasi\u017eymi didele j\u0117ga. 20 mm strypo skersmuo suprojektuotas optimaliam tvirtumui, i\u0161laikant lengv\u0105 profil\u012f. 20 mm eiga leid\u017eia efektyviai jud\u0117ti u\u017edarose erdv\u0117se. 84 mm montavimo atstumas yra skirtas u\u017etikrinti suderinamum\u0105 su standartiniais sanitarini\u0173 transporto priemoni\u0173 r\u0117mais, palengvinant integravim\u0105 montavimo metu.<\/p>\n<h2>Hidraulinio cilindro savyb\u0117s<\/h2>\n<ul>\n<li><strong>Didelis patvarumas:<\/strong> Sukurta atlaikyti at\u0161iaurias s\u0105lygas, u\u017etikrinant ilg\u0105 tarnavimo laik\u0105.<\/li>\n<li><strong>Efektyvus na\u0161umas:<\/strong> U\u017etikrina skland\u0173 ir patikim\u0105 veikim\u0105 sanitarin\u0117se srityse.<\/li>\n<li><strong>Pritaikomos parinktys:<\/strong> Galima \u012fsigyti \u012fvairi\u0173 konfig\u016bracij\u0173, kad atitikt\u0173 konkre\u010dius klient\u0173 poreikius.<\/li>\n<li><strong>Lengvas montavimas:<\/strong> Sukurta paprastam montavimui ir prie\u017ei\u016brai.<\/li>\n<li><strong>Ekonomi\u0161kas:<\/strong> Konkurencingas sprendimas, kuris laikui b\u0117gant suma\u017eina eksploatavimo i\u0161laidas.<\/li>\n<\/ul>\n<p>\u0160\u012f gamin\u012f gaminame tiksliai, u\u017etikrindami, kad jis puikiai pakeist\u0173 esamus hidraulinius cilindrus sanitarin\u0117se transporto priemon\u0117se ir padidint\u0173 j\u0173 eksploatavimo efektyvum\u0105.<\/p>\n<h2>Hidraulinio cilindro pritaikymas<\/h2>\n<h3>Sanitarijos transporto priemoni\u0173 valdymas<\/h3>\n<p>Pagrindinis \u0161io hidraulinio cilindro pritaikymas yra sanitarin\u0117se transporto priemon\u0117se, kur jis naudojamas atliek\u0173 surinkimo konteineri\u0173 k\u0117limo ir pakreipimo mechanizmams valdyti. \u0160i funkcija yra b\u016btina norint efektyviai i\u0161tu\u0161tinti konteinerius be rankinio \u012fsiki\u0161imo, taip padidinant saug\u0105 ir na\u0161um\u0105. Hidraulin\u0117 sistema leid\u017eia operatoriui valdyti k\u0117limo auk\u0161t\u012f ir kamp\u0105, u\u017etikrinant, kad atliekos b\u016bt\u0173 efektyviai i\u0161pilamos net ir ank\u0161tose erdv\u0117se.<\/p>\n<h3>Pramonin\u0117 valymo \u012franga<\/h3>\n<p>Kitas svarbus pritaikymas yra pramoniniai valymo \u012frenginiai. Hidraulinis cilindras palengvina \u0161epe\u010di\u0173 ir kit\u0173 valymo komponent\u0173 jud\u0117jim\u0105, u\u017etikrindamas kruop\u0161t\u0173 valym\u0105 didel\u0117se patalpose. Tvirta konstrukcija leid\u017eia jam atlaikyti nuolatin\u012f veikim\u0105, tod\u0117l jis idealiai tinka sunkiems valymo darbams.<\/p>\n<h3>Atliek\u0173 tvarkymo \u012frenginiai<\/h3>\n<p>Atliek\u0173 tvarkymo \u012frenginiuose \u0161is hidraulinis cilindras naudojamas r\u016b\u0161iavimo ir apdorojimo \u012frangoje. Jis padeda automati\u0161kai reguliuoti r\u016b\u0161iavimo mechanizm\u0173 pad\u0117t\u012f, o tai yra labai svarbu norint optimizuoti atliek\u0173 r\u016b\u0161iavimo proces\u0105. Automatizuodami \u0161i\u0105 funkcij\u0105, \u012frenginiai gali padidinti savo efektyvum\u0105 ir suma\u017einti darbo s\u0105naudas.<\/p>\n<h3>\u017dem\u0117s \u016bkio programos<\/h3>\n<p>Hidraulin\u012f cilindr\u0105 taip pat galima pritaikyti \u017eem\u0117s \u016bkio technikai, pavyzd\u017eiui, atliek\u0173 surinkimo priekaboms. D\u0117l savo geb\u0117jimo lengvai pakelti sunkius krovinius jis tinka \u012fvairioms \u017eem\u0117s \u016bkio u\u017eduotims, \u012fskaitant organini\u0173 atliek\u0173 transportavim\u0105 i\u0161 \u016bki\u0173, prisidedant prie tvaraus \u016bkininkavimo praktikos.<\/p>\n<h3>Perdirbimo \u012franga<\/h3>\n<p>\u0160is cilindras yra b\u016btinas perdirbimo pramon\u0117s ma\u0161inose, kur jis valdo kompaktorius ir presus. Suteikdamas reikiam\u0105 j\u0117g\u0105 med\u017eiagoms suspausti, jis \u017eymiai padidina perdirbimo operacij\u0173 efektyvum\u0105, palengvindamas geresn\u012f erdv\u0117s panaudojim\u0105 ir perdirbt\u0173 med\u017eiag\u0173 transportavim\u0105.<\/p>\n<h2>Projektavimo aspektai ir atrankos kriterijai<\/h2>\n<h3>Keliamoji galia<\/h3>\n<p>Projektuojant hidraulinius cilindrus, apkrovos paj\u0117gumas yra labai svarbus veiksnys. Jis lemia, kiek svorio cilindras gali atlaikyti nesuged\u0119s. Siekiant u\u017etikrinti, kad cilindras gal\u0117t\u0173 atlaikyti numatyt\u0105 apkrov\u0105, u\u017etikrindamas saugum\u0105 ir patikimum\u0105 vis\u0105 savo eksploatavimo laik\u0105, b\u016btina atlikti i\u0161sami\u0105 eksploatacini\u0173 reikalavim\u0173 analiz\u0119.<\/p>\n<h3>Sandarinimo mechanizmai<\/h3>\n<p>Sandarinimas yra labai svarbus efektyviam hidraulini\u0173 cilindr\u0173 veikimui. Auk\u0161tos kokyb\u0117s sandarikliai apsaugo nuo skys\u010dio nuot\u0117kio, palaiko sl\u0117g\u012f ir na\u0161um\u0105. Sandarinimo med\u017eiag\u0173, toki\u0173 kaip poliuretanas ir nitrilo kau\u010diukas, pasirinkimas yra labai svarbus siekiant u\u017etikrinti patvarum\u0105 ir efektyvum\u0105, ypa\u010d at\u0161iauriomis darbo s\u0105lygomis.<\/p>\n<h3>Patvarumas<\/h3>\n<p>Hidraulini\u0173 cilindr\u0173 konstrukcijoje svarbiausias aspektas yra ilgaam\u017ei\u0161kumas. Naudojamos med\u017eiagos turi atlaikyti didel\u012f mechanin\u012f \u012ftemp\u012f ir aplinkos veiksnius, tokius kaip dr\u0117gm\u0117 ir temperat\u016bros svyravimai. Tai u\u017etikrina ilgesn\u012f tarnavimo laik\u0105 ir suma\u017eina da\u017eno keitimo poreik\u012f, taip suma\u017einant bendras eksploatavimo i\u0161laidas.<\/p>\n<h3>Saugos funkcijos<\/h3>\n<p>Saugumas hidraulin\u0117se sistemose yra svarbiausias dalykas. \u012etraukus saugos funkcijas, tokias kaip sl\u0117gio ma\u017einimo vo\u017etuvai, galima i\u0161vengti perkrov\u0173 ir galim\u0173 gedim\u0173. \u0160ie projektavimo aspektai yra b\u016btini siekiant apsaugoti operatorius ir \u012frang\u0105 eksploatacijos metu, u\u017etikrinant saugi\u0105 darbo aplink\u0105.<\/p>\n<h3>Prie\u017ei\u016bra ir prieinamumas<\/h3>\n<p>Dar vienas svarbus projektavimo aspektas yra paprastas techninis aptarnavimas. Hidrauliniai cilindrai tur\u0117t\u0173 b\u016bti suprojektuoti taip, kad juos b\u016bt\u0173 lengva patikrinti ir aptarnauti, taip pat b\u016bt\u0173 galima greitai pakeisti sandariklius ir kitus komponentus. Tai suma\u017eina prastovas ir padidina veiklos efektyvum\u0105.<\/p>\n<h2>Sandarinimas ir tepimas<\/h2>\n<p>Siekiant u\u017etikrinti optimal\u0173 na\u0161um\u0105, hidrauliniuose cilindruose naudojami keli sandarinimo komponentai, \u012fskaitant st\u016bmokli\u0173 ir kot\u0173 sandariklius. \u0160ie sandarikliai paprastai gaminami i\u0161 atspari\u0173 dilimui med\u017eiag\u0173, toki\u0173 kaip poliuretanas ir nitrilo kau\u010diukas, kurios u\u017etikrina puik\u0173 patvarum\u0105 ir atsparum\u0105 hidrauliniams skys\u010diams. Tinkamas sandarinimas apsaugo nuo bet kokio hidraulinio skys\u010dio nuot\u0117kio, i\u0161laikant sistemos efektyvum\u0105.<\/p>\n<p>Cilindro korpusas ir srieginiai galai yra tiksliai apdirbami, siekiant padidinti atsparum\u0105 dilimui ir pailginti hidraulinio cilindro tarnavimo laik\u0105. Taip pat b\u016btina reguliariai tepti, periodi\u0161kai \u012fpilant hidraulin\u0117s alyvos, kad suma\u017e\u0117t\u0173 judan\u010di\u0173 dali\u0173 trintis ir dilimas, u\u017etikrinant skland\u0173 veikim\u0105.<\/p>\n<h2>Prevencin\u0117s prie\u017ei\u016bros priemon\u0117s<\/h2>\n<ul>\n<li><strong>Reguliar\u016bs patikrinimai:<\/strong> Reguliariai tikrinkite, ar n\u0117ra nuot\u0117ki\u0173, susid\u0117v\u0117jimo ir pa\u017eeidim\u0173, kad problemos b\u016bt\u0173 aptiktos anksti ir b\u016bt\u0173 i\u0161vengta gedim\u0173.<\/li>\n<li><strong>Tepimas:<\/strong> Laiku papildykite hidraulin\u0119 alyv\u0105, kad tinkamai suteptum\u0117te cilindro judan\u010dias dalis, suma\u017eintum\u0117te trint\u012f ir susid\u0117v\u0117jim\u0105.<\/li>\n<li><strong>Sandariklio keitimas:<\/strong> Reguliariai keiskite susid\u0117v\u0117jusius sandariklius, kad i\u0161vengtum\u0117te nuot\u0117ki\u0173 ir i\u0161laikytum\u0117te sistemos efektyvum\u0105, i\u0161saugodami sl\u0117gio vientisum\u0105.<\/li>\n<\/ul>\n<h2>\u012erengimo gair\u0117s<\/h2>\n<p>Tinkamas sanitarin\u0117s transporto priemon\u0117s perjungimo hidraulinio cilindro montavimas yra labai svarbus optimaliam veikimui. Pirmiausia \u012fsitikinkite, kad cilindras yra sulygiuotas su sistemos tvirtinimo ta\u0161kais. Naudokite tinkamus tvirtinimo laikiklius, kad tvirtai pritvirtintum\u0117te cilindr\u0105, vengdami bet kokio per didelio \u012ftempimo \u012frenginiui. Hidraulin\u0117s linijos turi b\u016bti prijungtos pagal gamintojo specifikacijas, vengiant staigi\u0173 lenkim\u0173, kurie gal\u0117t\u0173 apriboti skys\u010dio sraut\u0105.<\/p>\n<p>\u012edieg\u0119 patikrinkite cilindro i\u0161lygiavim\u0105, kad \u012fsitikintum\u0117te, jog jis veikia skland\u017eiai ir be kli\u016b\u010di\u0173. Svarbu i\u0161leisti or\u0105 i\u0161 hidraulin\u0117s sistemos, kad b\u016bt\u0173 i\u0161laikytas sl\u0117gio efektyvumas. Galiausiai atlikite funkcin\u012f bandym\u0105, kad \u012fsitikintum\u0117te, jog cilindras veikia taip, kaip numatyta, ir prireikus sureguliuokite.<\/p>\n<h2>\u012eprastos prie\u017ei\u016bros u\u017eduotys<\/h2>\n<h3>Reguliar\u016bs patikrinimai<\/h3>\n<p>Reguliar\u016bs patikrinimai yra labai svarb\u016bs norint nustatyti galimas problemas, kol jos nepa\u016bm\u0117jo. Sutelkite d\u0117mes\u012f \u012f susid\u0117v\u0117jimo po\u017eymi\u0173, skys\u010di\u0173 nuot\u0117ki\u0173 ir bet koki\u0173 ne\u012fprast\u0173 gars\u0173 patikrinim\u0105 eksploatacijos metu. Toks aktyvus po\u017ei\u016bris padeda u\u017etikrinti, kad hidraulinis cilindras ir toliau veikt\u0173 efektyviai vis\u0105 savo eksploatavimo laik\u0105.<\/p>\n<h3>Tinkamas tepimas<\/h3>\n<p>Tepimas yra neatsiejama hidraulini\u0173 cilindr\u0173 ilgaam\u017ei\u0161kumo dalis. \u012esitikinkite, kad hidraulinio skys\u010dio lygis yra tinkamas ir kad jis reguliariai kei\u010diamas, siekiant i\u0161vengti u\u017eter\u0161imo. Tai pagerins cilindro na\u0161um\u0105 ir suma\u017eins prie\u0161laikinio susid\u0117v\u0117jimo rizik\u0105.<\/p>\n<h3>Tarpikli\u0173 keitimas ir kalibravimo patikrinimai<\/h3>\n<p>Pakeitus tarpiklius vos pasteb\u0117jus pirmuosius susid\u0117v\u0117jimo po\u017eymius, bus i\u0161vengta skys\u010di\u0173 nuot\u0117kio ir palaikomas hidraulinis sl\u0117gis. Be to, atliekant kalibravimo patikrinimus u\u017etikrinama, kad cilindras veikt\u0173 pagal numatytus parametrus, taip i\u0161vengiant galim\u0173 pa\u017eeidim\u0173 ir u\u017etikrinant saug\u0105 eksploatacijos metu.<\/p>\n<h2>Saugos aspektai ir aplinkos veiksniai<\/h2>\n<p>Projektuojant ir eksploatuojant hidraulinius cilindrus, labai svarbu teikti pirmenyb\u0119 saugai. Tinkamas operatori\u0173 mokymas ir saugos protokol\u0173 laikymasis gali suma\u017einti su hidraulini\u0173 skys\u010di\u0173 nuot\u0117kiais ar cilindr\u0173 gedimais susijusi\u0105 rizik\u0105. Be to, renkantis med\u017eiagas ir skys\u010dius, atsi\u017evelgiant \u012f poveik\u012f aplinkai, skatinamas tvarumas hidraulini\u0173 operacij\u0173 metu.<\/p>\n<h2>Trik\u010di\u0173 \u0161alinimas ir da\u017eniausiai pasitaikan\u010dios problemos<\/h2>\n<ul>\n<li><strong>Skys\u010di\u0173 nuot\u0117kiai:<\/strong> Patikrinkite sandariklius ir jungtis, kad nustatytum\u0117te ir pa\u0161alintum\u0117te bet kokius nuot\u0117kius, kurie palaikyt\u0173 sistemos sl\u0117g\u012f.<\/li>\n<li><strong>Suma\u017eintas na\u0161umas:<\/strong> Patikrinkite hidraulinio skys\u010dio lyg\u012f ir kokyb\u0119; ma\u017eas arba u\u017eter\u0161tas skystis gali sukelti neefektyvum\u0105.<\/li>\n<li><strong>Ne\u012fprasti garsai:<\/strong> Triuk\u0161mai eksploatacijos metu gali rodyti mechanin\u012f susid\u0117v\u0117jim\u0105 arba nepakankam\u0105 tepim\u0105; nedelsdami patikrinkite.<\/li>\n<\/ul>\n<h2>Trik\u010di\u0173 \u0161alinimo patarimai<\/h2>\n<p>Susid\u016brus su hidraulinio cilindro problemomis, labai svarbu tinkamai j\u0105 diagnozuoti. Prad\u0117kite nuo matom\u0173 nuot\u0117ki\u0173 patikrinimo, kuriuos da\u017enai galima i\u0161spr\u0119sti pakei\u010diant sandariklius. Jei na\u0161umas prastas, \u012fvertinkite hidraulinio skys\u010dio lyg\u012f ir kokyb\u0119; \u017eemas arba u\u017eter\u0161tas skystis gali smarkiai paveikti efektyvum\u0105. \u012esiklausymas \u012f ne\u012fprastus garsus eksploatacijos metu taip pat gali suteikti u\u017euomin\u0173; jie gali rodyti tepimo poreik\u012f arba vidini\u0173 komponent\u0173 susid\u0117v\u0117jim\u0105. Prevencini\u0173 priemoni\u0173, toki\u0173 kaip reguliari prie\u017ei\u016bra, laikymasis gali gerokai suma\u017einti \u0161i\u0173 problem\u0173 tikimyb\u0119.<\/p>\n<p><img decoding=\"async\" src=\"https:\/\/www.hydraulic-cylinders.net\/wp-content\/uploads\/2025\/05\/hydraulic-cylinder-all-2.webp\" alt=\"Hidraulinio cilindro vaizdas\" \/><\/p>\n<h2>Apie m\u016bs\u0173 \u012fmon\u0119<\/h2>\n<p>Esame pirmaujantis hidraulini\u0173 cilindr\u0173 gamintojas, si\u016blantis plat\u0173 gamini\u0173 asortiment\u0105, skirt\u0105 tiek vidaus, tiek tarptautinei rinkai. M\u016bs\u0173 \u012fsipareigojimas kokybei leido mums tapti vienais i\u0161 pirmaujan\u010di\u0173 hidraulini\u0173 cilindr\u0173 gamintoj\u0173 ir didmeninink\u0173. Did\u017eiuojam\u0117s savo patirtimi, kuri\u0105 patvirtina tarptautiniai sertifikatai, patvirtinantys m\u016bs\u0173 auk\u0161tus gamybos standartus.<\/p>\n<p>M\u016bs\u0173 pritaikymo paslaugos leid\u017eia mums patenkinti konkre\u010dius klient\u0173 poreikius, u\u017etikrinant, kad teikiame individualius sprendimus \u012fvairioms reikm\u0117ms. Naudodami moderniausi\u0105 gamybos \u012frang\u0105, u\u017etikriname vis\u0173 gamybos proces\u0173 efektyvum\u0105 ir tikslum\u0105. Be to, m\u016bs\u0173 specializuotas garantinio aptarnavimo centras u\u017etikrina nuolatin\u012f klient\u0173 aptarnavim\u0105, didinant j\u0173 pasitenkinim\u0105 ir pasitik\u0117jim\u0105 m\u016bs\u0173 produktais.<\/p>\n<p><img decoding=\"async\" src=\"https:\/\/www.hydraulic-cylinders.net\/wp-content\/uploads\/2025\/05\/xinxin-hydraulic-cylinder-factory-1.webp\" alt=\"\u012emon\u0117s gamyklos \u012fvaizdis\" \/><\/p>\n<p>Autorius: lyl<\/p>","protected":false},"excerpt":{"rendered":"<p>Sanitation Vehicle Switching Hydraulic Cylinder Product Overview The Sanitation Vehicle Switching Hydraulic Cylinder is a crucial component designed for the efficient operation of sanitation vehicles. This specialized hydraulic cylinder facilitates the switching mechanism essential for the effective functioning of various sanitation equipment. Its primary purpose is to convert hydraulic energy into mechanical force, enabling the [&hellip;]<\/p>","protected":false},"featured_media":20655,"comment_status":"open","ping_status":"closed","template":"","meta":{"_et_pb_use_builder":"","_et_pb_old_content":"","_et_gb_content_width":""},"product_brand":[],"product_cat":[1483,1558],"product_tag":[],"class_list":{"0":"post-20713","1":"product","2":"type-product","3":"status-publish","4":"has-post-thumbnail","6":"product_cat-construction-machinery-hydraulic-cylinders","7":"product_cat-sanitation-machinery-hydraulic-cylinders-2","9":"first","10":"instock","11":"shipping-taxable","12":"product-type-simple"},"amp_enabled":true,"_links":{"self":[{"href":"https:\/\/www.hydraulic-cylinders.net\/lt\/wp-json\/wp\/v2\/product\/20713","targetHints":{"allow":["GET"]}}],"collection":[{"href":"https:\/\/www.hydraulic-cylinders.net\/lt\/wp-json\/wp\/v2\/product"}],"about":[{"href":"https:\/\/www.hydraulic-cylinders.net\/lt\/wp-json\/wp\/v2\/types\/product"}],"replies":[{"embeddable":true,"href":"https:\/\/www.hydraulic-cylinders.net\/lt\/wp-json\/wp\/v2\/comments?post=20713"}],"wp:featuredmedia":[{"embeddable":true,"href":"https:\/\/www.hydraulic-cylinders.net\/lt\/wp-json\/wp\/v2\/media\/20655"}],"wp:attachment":[{"href":"https:\/\/www.hydraulic-cylinders.net\/lt\/wp-json\/wp\/v2\/media?parent=20713"}],"wp:term":[{"taxonomy":"product_brand","embeddable":true,"href":"https:\/\/www.hydraulic-cylinders.net\/lt\/wp-json\/wp\/v2\/product_brand?post=20713"},{"taxonomy":"product_cat","embeddable":true,"href":"https:\/\/www.hydraulic-cylinders.net\/lt\/wp-json\/wp\/v2\/product_cat?post=20713"},{"taxonomy":"product_tag","embeddable":true,"href":"https:\/\/www.hydraulic-cylinders.net\/lt\/wp-json\/wp\/v2\/product_tag?post=20713"}],"curies":[{"name":"wp","href":"https:\/\/api.w.org\/{rel}","templated":true}]}}