{"id":20714,"date":"2025-05-27T06:22:11","date_gmt":"2025-05-27T06:22:11","guid":{"rendered":"https:\/\/www.hydraulic-cylinders.net\/product\/sanitation-vehicle-lift-oil-cylinder\/"},"modified":"2025-05-27T06:22:13","modified_gmt":"2025-05-27T06:22:13","slug":"sanitation-vehicle-lift-oil-cylinder","status":"publish","type":"product","link":"https:\/\/www.hydraulic-cylinders.net\/lt\/produktas\/sanitation-vehicle-lift-oil-cylinder\/","title":{"rendered":"Sanitarijos transporto priemon\u0117s k\u0117limo alyvos cilindras"},"content":{"rendered":"<h1>Sanitarijos transporto priemon\u0117s k\u0117limo alyvos cilindras<\/h1>\n<h2>Produkto ap\u017evalga<\/h2>\n<p>Sanitarini\u0173 transporto priemoni\u0173 k\u0117limo alyvos cilindras yra labai svarbus hidraulini\u0173 k\u0117limo sistem\u0173 komponentas, specialiai sukurtas sanitarin\u0117ms transporto priemon\u0117ms. \u0160is alyvos cilindras veikia paversdamas hidraulin\u0119 energij\u0105 mechanine j\u0117ga, tod\u0117l galima efektyviai pakelti ir nuleisti sunkius krovinius. Tvirta konstrukcija u\u017etikrina maksimal\u0173 na\u0161um\u0105 ir patikimum\u0105 sud\u0117tingomis s\u0105lygomis, tod\u0117l tai yra esmin\u0117 sanitarini\u0173 operacij\u0173 dalis. Hidraulinio cilindro funkcionalumas yra labai svarbus palaikant veiklos efektyvum\u0105, u\u017etikrinant, kad sanitarin\u0117s transporto priemon\u0117s gal\u0117t\u0173 efektyviai ir saugiai tvarkyti atliekas. Laikui b\u0117gant, \u0161ie cilindrai gali atlaikyti su sunkiomis k\u0117limo u\u017eduotimis susijus\u012f nusid\u0117v\u0117jim\u0105, o tai pabr\u0117\u017eia j\u0173 svarb\u0105 sanitarijos pramon\u0117je.<\/p>\n<h2>Produkto specifikacijos<\/h2>\n<ul>\n<li>Cilindro skersmuo: 95 mm<\/li>\n<li>Strypo skersmuo: 40 mm<\/li>\n<li>Eiga: 2040 mm<\/li>\n<li>Montavimo atstumas: 815 mm<\/li>\n<\/ul>\n<h3>Parametr\u0173 i\u0161pl\u0117timas<\/h3>\n<p>\u0160io alyvos cilindro specifikacijos pabr\u0117\u017eia tvirt\u0105 konstrukcij\u0105 ir eksploatacines galimybes. 95 mm cilindro skersmuo leid\u017eia pasiekti didel\u0119 keliam\u0105j\u0105 gali\u0105 ir i\u0161laikyti stabilum\u0105 eksploatacijos metu. 40 mm strypo skersmuo u\u017etikrina pusiausvyr\u0105 tarp tvirtumo ir lankstumo, u\u017etikrindamas, kad cilindras gali atlaikyti \u012fvairius eksploatacinius \u012ftempius. 2040 mm eigos atstumas u\u017etikrina pakankam\u0105 k\u0117limo auk\u0161t\u012f, tod\u0117l jis tinka \u012fvairioms sanitarin\u0117ms u\u017eduotims. Galiausiai, 815 mm montavimo atstumas u\u017etikrina suderinamum\u0105 su \u012fvairiomis k\u0117limo sistemomis, tod\u0117l j\u012f lengva integruoti \u012f esamas sanitarini\u0173 transporto priemoni\u0173 sistemas.<\/p>\n<h2>Produkto savyb\u0117s<\/h2>\n<ul>\n<li><strong>Didel\u0117 apkrova:<\/strong> Sukurta efektyviai valdyti sunkius krovinius.<\/li>\n<li><strong>Patvarios med\u017eiagos:<\/strong> Pagaminta i\u0161 auk\u0161tos kokyb\u0117s med\u017eiag\u0173, siekiant u\u017etikrinti ilgaam\u017ei\u0161kum\u0105.<\/li>\n<li><strong>Lengvas montavimas:<\/strong> Suderinamas su \u012fvairiomis sistemomis, tod\u0117l lengva \u012fdiegti.<\/li>\n<li><strong>Atsparumas korozijai:<\/strong> Padengta danga, skirta atlaikyti at\u0161iaurias s\u0105lygas, b\u016bdingas sanitarijos darbams.<\/li>\n<li><strong>Pritaikomos parinktys:<\/strong> Galima \u012fsigyti su skirtingomis specifikacijomis, kad b\u016bt\u0173 patenkinti konkret\u016bs klient\u0173 poreikiai.<\/li>\n<\/ul>\n<p>Mes specializuojam\u0117s \u0161io produkto gamyboje, u\u017etikrindami, kad m\u016bs\u0173 si\u016blomi produktai puikiai pakeist\u0173 esamus hidraulinius cilindrus, pagerint\u0173 na\u0161um\u0105 nepakenkdami saugumui ar ilgaam\u017ei\u0161kumui.<\/p>\n<h2>Taikymo scenarijai<\/h2>\n<h3>Sanitarijos transporto priemoni\u0173 eksploatavimas<\/h3>\n<p>Sanitarin\u0117s transporto priemon\u0117s labai priklauso nuo hidraulini\u0173 k\u0117limo sistem\u0173, kad atliekos b\u016bt\u0173 tvarkomos efektyviai. Alyvos cilindras leid\u017eia pakelti sunkius atliek\u0173 konteinerius, tod\u0117l atliekos \u0161alinamos greitai ir efektyviai. \u0160i sistema ne tik padidina veiklos efektyvum\u0105, bet ir suma\u017eina sanitarijos darbuotoj\u0173 fizin\u012f kr\u016bv\u012f, taip padidindama saug\u0105 darbo vietoje.<\/p>\n<h3>Statybviet\u0117s<\/h3>\n<p>Statyb\u0173 aplinkoje \u0161ie cilindrai naudojami sunkioms med\u017eiagoms kelti ir transportuoti. Tvirta j\u0173 konstrukcija leid\u017eia valdyti didel\u012f svor\u012f, u\u017etikrinant skland\u0173 statybviet\u0117s darb\u0105. D\u0117l \u0161i\u0173 cilindr\u0173 pritaikomumo jie tinka \u012fvairioms statybos u\u017eduotims \u2013 nuo \u200b\u200bmed\u017eiag\u0173 tvarkymo iki \u012frangos k\u0117limo.<\/p>\n<h3>\u017dem\u0117s \u016bkio programos<\/h3>\n<p>\u017dem\u0117s \u016bkio technika da\u017enai naudoja hidraulines sistemas padargams ir priedams kelti. Sanitarini\u0173 transporto priemoni\u0173 k\u0117limo alyvos cilindras gali b\u016bti naudojamas traktoriuose ir kitose \u017eem\u0117s \u016bkio transporto priemon\u0117se sunkiems kroviniams, pavyzd\u017eiui, pl\u016bgams ar s\u0117jamosioms, kelti, taip prisidedant prie efektyvios \u016bkininkavimo praktikos ir produktyvumo didinimo.<\/p>\n<h2>Projektavimo aspektai ir atrankos kriterijai<\/h2>\n<h3>Keliamoji galia<\/h3>\n<p>Projektuojant hidraulinius cilindrus, svarbiausia yra keliamoji galia. Cilindras turi atlaikyti maksimal\u0173 svor\u012f, kur\u012f jis pakels, nepakenkdamas vientisumui. Tai apima naudojam\u0173 med\u017eiag\u0173 tempiamojo stiprumo apskai\u010diavim\u0105 ir u\u017etikrinim\u0105, kad konstrukcija gal\u0117t\u0173 atlaikyti did\u017eiausias apkrovas per ilg\u0105 laik\u0105.<\/p>\n<h3>Sandarinimo efektyvumas<\/h3>\n<p>Efektyvus sandarinimas yra labai svarbus siekiant i\u0161vengti hidraulinio skys\u010dio nuot\u0117kio. Siekiant u\u017etikrinti tvirt\u0105 prigludim\u0105, suma\u017einti skys\u010dio praradimo rizik\u0105 ir palaikyti sl\u0117g\u012f sistemoje, naudojami auk\u0161tos kokyb\u0117s sandarikliai, pagaminti i\u0161 patvari\u0173 med\u017eiag\u0173. Norint i\u0161laikyti sandarumo efektyvum\u0105, b\u016btini reguliar\u016bs patikrinimai ir prie\u017ei\u016bra.<\/p>\n<h3>Patvarumas<\/h3>\n<p>Hidraulini\u0173 cilindr\u0173 patvarumas yra labai svarbus ilgalaikiam naudojimui. Komponentai pagaminti i\u0161 atspari\u0173 dilimui med\u017eiag\u0173, tod\u0117l jie gali atlaikyti at\u0161iaurias da\u017eno naudojimo s\u0105lygas. \u0160is ilgaam\u017ei\u0161kumas suma\u017eina keitimo poreik\u012f, tod\u0117l ilgainiui sutaupoma i\u0161laid\u0173.<\/p>\n<h3>Saugos funkcijos<\/h3>\n<p>Saugos funkcij\u0173 \u012ftraukimas yra labai svarbus projektuojant hidraulinius cilindrus. Tai apima sl\u0117gio ma\u017einimo vo\u017etuvus ir saugos u\u017eraktus, siekiant i\u0161vengti nelaiming\u0173 atsitikim\u0173 eksploatacijos metu. \u0160ios funkcijos yra gyvybi\u0161kai svarbios siekiant u\u017etikrinti saug\u0173 cilindro veikim\u0105 \u012fvairiomis eksploatavimo s\u0105lygomis, apsaugant tiek darbuotojus, tiek \u012frang\u0105.<\/p>\n<h3>Prie\u017ei\u016bros aspektai<\/h3>\n<p>Technin\u0117 prie\u017ei\u016bra yra svarbus hidraulini\u0173 sistem\u0173 projektavimo veiksnys. Komponentai tur\u0117t\u0173 b\u016bti lengvai prieinami \u012fprastiems patikrinimams ir remontui, kad b\u016bt\u0173 galima lengvai atlikti technin\u0119 prie\u017ei\u016br\u0105. Projektuojant reikia atsi\u017evelgti \u012f galimyb\u0119 pakeisti sandariklius ir sutepti cilindr\u0105 be didelio i\u0161montavimo.<\/p>\n<h2>Sandarinimas ir tepimas<\/h2>\n<p>Sandarinimas ir tepimas yra labai svarb\u016bs hidraulini\u0173 cilindr\u0173 prie\u017ei\u016bros aspektai. \u012evair\u016bs sandarinimo komponentai, tokie kaip st\u016bmokli\u0173 ir kot\u0173 sandarikliai, u\u017etikrina, kad hidraulinis skystis likt\u0173 sistemoje. I\u0161 poliuretano ir nitrilo kau\u010diuko pagaminti sandarikliai parenkami d\u0117l j\u0173 atsparumo dilimui ir aplinkos veiksniams. Cilindro korpusas ir srieginiai galai yra kruop\u0161\u010diai apdirbti, siekiant padidinti atsparum\u0105 dilimui, o tai yra gyvybi\u0161kai svarbu sud\u0117tingose \u200b\u200b\u200b\u200bsistemose.<\/p>\n<p>Norint i\u0161laikyti alyvos cilindro funkcionalum\u0105, b\u016btina reguliariai tepti tinkama hidrauline alyva. \u0160is tepimas suma\u017eina trint\u012f tarp judan\u010di\u0173 dali\u0173, apsaugo nuo prie\u0161laikinio susid\u0117v\u0117jimo ir pailgina cilindro tarnavimo laik\u0105. Labai svarbu steb\u0117ti alyvos lyg\u012f ir prireikus papildyti, kad b\u016bt\u0173 u\u017etikrintas optimalus veikimas.<\/p>\n<h2>Reguliarus patikrinimas ir prevencin\u0117 prie\u017ei\u016bra<\/h2>\n<ul>\n<li><strong>Da\u017enos patikros:<\/strong> Reguliariai tikrinkite, ar n\u0117ra nuot\u0117ki\u0173, susid\u0117v\u0117jimo ir kit\u0173 gedimo po\u017eymi\u0173. Laiku pa\u0161alinus \u0161ias problemas galima i\u0161vengti rimtesni\u0173 problem\u0173.<\/li>\n<li><strong>Tepimo patikrinimai:<\/strong> \u012esitikinkite, kad cilindras yra tinkamai suteptas, kad jis veikt\u0173 skland\u017eiai. Tai apima alyvos lygio patikrinim\u0105 ir tinkamo hidraulinio skys\u010dio naudojim\u0105.<\/li>\n<li><strong>Sandariklio keitimas:<\/strong> Steb\u0117kite sandarinimo komponent\u0173 susid\u0117v\u0117jim\u0105 ir prireikus pakeiskite juos, kad i\u0161vengtum\u0117te nuot\u0117ki\u0173 ir palaikytum\u0117te sistemos sl\u0117g\u012f.<\/li>\n<\/ul>\n<p>Profilaktin\u0117 prie\u017ei\u016bra yra b\u016btina norint i\u0161vengti brangaus remonto ir pailginti hidraulinio cilindro tarnavimo laik\u0105. Proaktyvus po\u017ei\u016bris suma\u017eina prastovas ir padidina veiklos efektyvum\u0105.<\/p>\n<h2>\u012erengimo gair\u0117s<\/h2>\n<p>Tinkamas sanitarin\u0117s transporto priemon\u0117s k\u0117limo alyvos cilindro montavimas yra labai svarbus siekiant u\u017etikrinti optimal\u0173 veikim\u0105. Pirmiausia \u012fsitikinkite, kad montavimo vieta yra \u0161vari ir be \u0161iuk\u0161li\u0173. Tinkamai sulygiuokite cilindr\u0105 su tvirtinimo ta\u0161kais, naudodami tinkamus tvirtinimo laikiklius, kad j\u012f pritvirtintum\u0117te. B\u016btina per\u017ei\u016br\u0117ti specifikacijas d\u0117l reikiam\u0173 sukimo momento nustatym\u0173, kad i\u0161vengtum\u0117te perver\u017eimo, kuris gali pa\u017eeisti cilindr\u0105.<\/p>\n<p>Sumontavus cilindr\u0105, prijunkite hidraulines linijas ir \u012fsitikinkite, kad visos jungtys yra tvirtos, kad neb\u016bt\u0173 nuot\u0117ki\u0173. Prie\u0161 naudodami sistem\u0105, atid\u017eiai patikrinkite, ar n\u0117ra koki\u0173 nors problem\u0173, pvz., nesuderinamumo ar atsilaisvinusi\u0173 jung\u010di\u0173. Patvirtin\u0119, atlikite bandom\u0105j\u012f paleidim\u0105, kad \u012fsitikintum\u0117te, jog cilindras veikia skland\u017eiai ir efektyviai.<\/p>\n<h2>Prie\u017ei\u016bros u\u017eduotys<\/h2>\n<h3>Reguliar\u016bs patikrinimai<\/h3>\n<p>Reguliar\u016bs patikrinimai yra labai svarb\u016bs norint nustatyti galimas problemas, kol jos nepa\u016bm\u0117jo. Patikrinkite, ar cilindras n\u0117ra fizi\u0161kai pa\u017eeistas, ar n\u0117ra nuot\u0117ki\u0173 ar susid\u0117v\u0117jimo po\u017eymi\u0173. Kruop\u0161ti ap\u017ei\u016bra gali pad\u0117ti u\u017etikrinti, kad visi komponentai veikt\u0173 tinkamai.<\/p>\n<h3>Tinkamas tepimas<\/h3>\n<p>Tinkamo tipo ir kiekio hidraulinio skys\u010dio naudojimas yra labai svarbus cilindro veikimui. Tinkamas tepimas suma\u017eina judan\u010di\u0173 dali\u0173 trint\u012f ir susid\u0117v\u0117jim\u0105, taip pailgindamas cilindro tarnavimo laik\u0105. \u012esitikinkite, kad tepimo ta\u0161kai yra prieinami ir reguliariai pri\u017ei\u016brimi.<\/p>\n<h3>Sandariklio keitimas ir kalibravimas<\/h3>\n<p>Tarpikliai tur\u0117t\u0173 b\u016bti kei\u010diami atliekant reguliari\u0105 technin\u0119 prie\u017ei\u016br\u0105, siekiant i\u0161vengti nuot\u0117ki\u0173 ir palaikyti hidraulin\u012f sl\u0117g\u012f. Kalibravimo patikrinimai u\u017etikrina, kad cilindras veikt\u0173 taip, kaip numatyta, ir kad keliamosios galios nevir\u0161yt\u0173 nustatyt\u0173 rib\u0173. Tinkama \u0161i\u0173 sri\u010di\u0173 prie\u017ei\u016bra gali padidinti hidraulin\u0117s sistemos patikimum\u0105.<\/p>\n<h2>Saugos aspektai ir aplinkos veiksniai<\/h2>\n<p>Saugos priemon\u0117s yra nepaprastai svarbios eksploatuojant hidraulines sistemas. Operatoriai tur\u0117t\u0173 b\u016bti apmokyti atpa\u017einti galimus su hidraulin\u0117mis sistemomis susijusius pavojus, tokius kaip auk\u0161to sl\u0117gio skys\u010di\u0173 nuot\u0117kis. B\u016btina laikytis saugos protokol\u0173, \u012fskaitant tinkam\u0173 asmenini\u0173 apsaugos priemoni\u0173 (AAP) d\u0117v\u0117jim\u0105 ir darbo vietos saugumo u\u017etikrinim\u0105. Aplinkos veiksniai, tokie kaip temperat\u016bra ir dr\u0117gm\u0117, taip pat gali tur\u0117ti \u012ftakos hidraulin\u0117s sistemos veikimui. Reikia imtis tinkam\u0173 atsargumo priemoni\u0173, kad b\u016bt\u0173 suma\u017einta \u0161i rizika ir u\u017etikrintas saugus eksploatavimas.<\/p>\n<h2>Gedim\u0173 diagnostika ir da\u017eniausios problemos<\/h2>\n<ul>\n<li><strong>Nuot\u0117kis:<\/strong> Da\u017enai tai sukelia susid\u0117v\u0117j\u0119 sandarikliai arba netinkamas montavimas. Reguliar\u016bs patikrinimai gali pad\u0117ti anksti nustatyti nuot\u0117kius.<\/li>\n<li><strong>Suma\u017eintas na\u0161umas:<\/strong> Gali rodyti \u017eem\u0105 hidraulinio skys\u010dio lyg\u012f arba u\u017eter\u0161tum\u0105. Labai svarbu palaikyti skys\u010dio kokyb\u0119.<\/li>\n<li><strong>Triuk\u0161mas veikimo metu:<\/strong> Gali rodyti, kad sistemoje yra oro arba nepakankamas tepimas. Atlikus patikrinimus galima nustatyti pagrindin\u0119 prie\u017east\u012f.<\/li>\n<\/ul>\n<h3>Trik\u010di\u0173 \u0161alinimo patarimai<\/h3>\n<p>Nor\u0117dami veiksmingai diagnozuoti ir i\u0161spr\u0119sti problemas, operatoriai tur\u0117t\u0173 laikytis sistemingo po\u017ei\u016brio. Prad\u0117kite nuo vizualini\u0173 patikrinim\u0173, kad nustatytum\u0117te akivaizd\u017eias problemas, tokias kaip nuot\u0117kiai ar nesuderinamumas. Jei kyla su na\u0161umu susijusi\u0173 problem\u0173, patikrinkite hidraulinio skys\u010dio lyg\u012f ir sandarikli\u0173 bei jung\u010di\u0173 b\u016bkl\u0119. Reguliarus techninis aptarnavimas gali pad\u0117ti i\u0161vengti daugelio da\u017eniausiai pasitaikan\u010di\u0173 problem\u0173 ir u\u017etikrinti skland\u0173 hidraulini\u0173 sistem\u0173 veikim\u0105.<\/p>\n<p><img decoding=\"async\" src=\"https:\/\/www.hydraulic-cylinders.net\/wp-content\/uploads\/2025\/05\/hydraulic-cylinder-all-2.webp\" alt=\"Hidraulinis cilindras\" \/><\/p>\n<h2>\u012emon\u0117s ap\u017evalga<\/h2>\n<p>Esame pirmaujantis hidraulini\u0173 cilindr\u0173 gamintojas, si\u016blantis plat\u0173 gamini\u0173 asortiment\u0105, atitinkant\u012f \u012fvairi\u0173 pramon\u0117s \u0161ak\u0173 poreikius. M\u016bs\u0173 \u012fsipareigojimas kokybei \u012ftvirtino m\u016bs\u0173, kaip \u017eymaus \u017eaid\u0117jo, tiek vietin\u0117je, tiek tarptautin\u0117je rinkoje, pozicij\u0105. Did\u017eiuojam\u0117s savo profesine patirtimi, u\u017etikrindami, kad m\u016bs\u0173 gaminiai atitikt\u0173 tarptautinius sertifikatus ir standartus.<\/p>\n<p>M\u016bs\u0173 individualios gamybos paslaugos leid\u017eia mums patenkinti konkre\u010dius klient\u0173 poreikius, teikiant individualius sprendimus \u012fvairioms reikm\u0117ms. Tur\u0117dami pa\u017eangius gamybos \u012frenginius, taikome grie\u017etas kokyb\u0117s kontrol\u0117s priemones, kad u\u017etikrintume savo gamini\u0173 patikimum\u0105. Be to, m\u016bs\u0173 specializuotas garantinio aptarnavimo servisas u\u017etikrina klient\u0173 pasitenkinim\u0105 ir palaikym\u0105 ilgai po pirkimo.<\/p>\n<p><img decoding=\"async\" src=\"https:\/\/www.hydraulic-cylinders.net\/wp-content\/uploads\/2025\/05\/xinxin-hydraulic-cylinder-factory-1.webp\" alt=\"Hidraulini\u0173 cilindr\u0173 gamykla\" \/><\/p>\n<p>Autorius: lyl<\/p>","protected":false},"excerpt":{"rendered":"<p>Sanitation Vehicle Lift Oil Cylinder Product Overview The Sanitation Vehicle Lift Oil Cylinder is a crucial component in hydraulic lift systems, specifically designed for sanitation vehicles. This oil cylinder operates by converting hydraulic energy into mechanical force, enabling the lifting and lowering of heavy loads efficiently. Its robust design ensures maximum performance and reliability in [&hellip;]<\/p>","protected":false},"featured_media":20623,"comment_status":"open","ping_status":"closed","template":"","meta":{"_et_pb_use_builder":"","_et_pb_old_content":"","_et_gb_content_width":""},"product_brand":[],"product_cat":[1483,1558],"product_tag":[],"class_list":{"0":"post-20714","1":"product","2":"type-product","3":"status-publish","4":"has-post-thumbnail","6":"product_cat-construction-machinery-hydraulic-cylinders","7":"product_cat-sanitation-machinery-hydraulic-cylinders-2","9":"first","10":"instock","11":"shipping-taxable","12":"product-type-simple"},"amp_enabled":true,"_links":{"self":[{"href":"https:\/\/www.hydraulic-cylinders.net\/lt\/wp-json\/wp\/v2\/product\/20714","targetHints":{"allow":["GET"]}}],"collection":[{"href":"https:\/\/www.hydraulic-cylinders.net\/lt\/wp-json\/wp\/v2\/product"}],"about":[{"href":"https:\/\/www.hydraulic-cylinders.net\/lt\/wp-json\/wp\/v2\/types\/product"}],"replies":[{"embeddable":true,"href":"https:\/\/www.hydraulic-cylinders.net\/lt\/wp-json\/wp\/v2\/comments?post=20714"}],"wp:featuredmedia":[{"embeddable":true,"href":"https:\/\/www.hydraulic-cylinders.net\/lt\/wp-json\/wp\/v2\/media\/20623"}],"wp:attachment":[{"href":"https:\/\/www.hydraulic-cylinders.net\/lt\/wp-json\/wp\/v2\/media?parent=20714"}],"wp:term":[{"taxonomy":"product_brand","embeddable":true,"href":"https:\/\/www.hydraulic-cylinders.net\/lt\/wp-json\/wp\/v2\/product_brand?post=20714"},{"taxonomy":"product_cat","embeddable":true,"href":"https:\/\/www.hydraulic-cylinders.net\/lt\/wp-json\/wp\/v2\/product_cat?post=20714"},{"taxonomy":"product_tag","embeddable":true,"href":"https:\/\/www.hydraulic-cylinders.net\/lt\/wp-json\/wp\/v2\/product_tag?post=20714"}],"curies":[{"name":"wp","href":"https:\/\/api.w.org\/{rel}","templated":true}]}}