{"id":20716,"date":"2025-05-27T06:22:16","date_gmt":"2025-05-27T06:22:16","guid":{"rendered":"https:\/\/www.hydraulic-cylinders.net\/product\/sanitation-vehicle-scraper-hydraulic-cylinder\/"},"modified":"2025-05-27T06:22:18","modified_gmt":"2025-05-27T06:22:18","slug":"sanitation-vehicle-scraper-hydraulic-cylinder","status":"publish","type":"product","link":"https:\/\/www.hydraulic-cylinders.net\/lt\/produktas\/sanitation-vehicle-scraper-hydraulic-cylinder\/","title":{"rendered":"Sanitarijos transporto priemon\u0117s grandiklio hidraulinis cilindras"},"content":{"rendered":"<h1>Sanitarijos transporto priemon\u0117s grandiklio hidraulinis cilindras<\/h1>\n<h2>Produkto pristatymas<\/h2>\n<p>Sanitarin\u0117s transporto priemon\u0117s grandiklio hidraulinis cilindras yra labai svarbus komponentas, skirtas sanitarijos transporto priemoni\u0173 efektyvumui ir funkcionalumui pagerinti. \u0160is hidraulinis cilindras daugiausia naudojamas \u0161iuk\u0161li\u0173 surinkimo ir gatvi\u0173 valymo mechanizmams kelti ir nuleisti. Jis leid\u017eia skland\u017eiai ir kontroliuojamai jud\u0117ti, u\u017etikrindamas efektyv\u0173 grandiklio veikim\u0105 ir suma\u017einant ma\u0161inos nusid\u0117v\u0117jim\u0105. D\u0117l tvirtos konstrukcijos ir tikslios in\u017einerijos \u0161is hidraulinis cilindras ne tik padidina sanitarijos transporto priemoni\u0173 na\u0161um\u0105, bet ir prisideda prie j\u0173 bendro patikimumo bei saugumo. I\u0161 esm\u0117s jis atlieka pagrindin\u012f vaidmen\u012f optimizuojant sanitarijos operacij\u0173 na\u0161um\u0105, tod\u0117l jos tampa efektyvesn\u0117s ir ekologi\u0161kesn\u0117s.<\/p>\n<h2>Produkto parametrai<\/h2>\n<p>Sanitarijos transporto priemon\u0117s grandiklio hidraulinio cilindro specifikacijos yra \u0161ios:<\/p>\n<ul>\n<li>Cilindro skersmuo: 63 mm<\/li>\n<li>Strypo skersmuo: 40 mm<\/li>\n<li>Eiga: 385 mm<\/li>\n<li>Montavimo atstumas: 670 mm<\/li>\n<\/ul>\n<p>\u0160ie parametrai rodo hidraulinio cilindro fizinius matmenis ir galimybes, kurie yra labai svarb\u016bs nustatant suderinamum\u0105 su \u012fvairiais sanitarini\u0173 transporto priemoni\u0173 modeliais. Cilindro skersmuo u\u017etikrina pakankam\u0105 stiprum\u0105, kad atlaikyt\u0173 eksploatacinius reikalavimus, o strypo skersmuo ir eigos ilgis leid\u017eia pasiekti pakankam\u0105 k\u0117limo gali\u0105. Montavimo atstumas yra labai svarbus norint u\u017etikrinti tinkam\u0105 montavim\u0105 transporto priemon\u0117s hidraulin\u0117je sistemoje.<\/p>\n<h2>Produkto savyb\u0117s<\/h2>\n<p>Pagrindin\u0117s sanitarijos transporto priemon\u0117s grandiklio hidraulinio cilindro savyb\u0117s:<\/p>\n<ul>\n<li>Didelis tvirtumas ir ilgaam\u017ei\u0161kumas ilgam tarnavimo laikui<\/li>\n<li>Tiksli in\u017einerija optimaliam na\u0161umui esant didel\u0117ms apkrovoms<\/li>\n<li>Universalus suderinamumas su \u012fvairiais sanitarini\u0173 transporto priemoni\u0173 modeliais<\/li>\n<li>Paprastas \u012frengimas ir prie\u017ei\u016bra<\/li>\n<li>Ekonomi\u0161kas esam\u0173 hidraulini\u0173 cilindr\u0173 pakeitimo variantas<\/li>\n<\/ul>\n<p>M\u016bs\u0173 \u012fmon\u0117 specializuojasi \u0161io hidraulinio cilindro gamyboje, u\u017etikrindama, kad m\u016bs\u0173 gaminiai gali skland\u017eiai pakeisti kitus rinkoje esan\u010dius hidraulinius cilindrus nepakenkdami na\u0161umui.<\/p>\n<h2>Taikymo scenarijai<\/h2>\n<h3>1. \u0160iuk\u0161li\u0173 surinkimas<\/h3>\n<p>Sanitarini\u0173 transporto priemoni\u0173 grandiklio hidraulinis cilindras yra pla\u010diai naudojamas \u0161iuk\u0161li\u0173 surinkimo transporto priemon\u0117se. Jis leid\u017eia efektyviai valdyti i\u0161leidimo mechanizm\u0105, leid\u017eiant\u012f greitai ir saugiai i\u0161krauti surinktas atliekas. Tikslus \u0161io cilindro valdymas u\u017etikrina minimal\u0173 i\u0161siliejim\u0105 ir maksimaliai padidina transporto priemon\u0117s pakrovimo paj\u0117gum\u0105, tod\u0117l surinkimo mar\u0161rutai sutrump\u0117ja ir padid\u0117ja veiklos efektyvumas. Augant miestams ir atliek\u0173 tvarkymui tampant vis sud\u0117tingesniam, patikim\u0173 hidraulini\u0173 cilindr\u0173, toki\u0173 kaip \u0161is, poreikis dar niekada nebuvo toks svarbus.<\/p>\n<h3>2. Gatvi\u0173 valymas<\/h3>\n<p>Gatvi\u0173 valymo darbuose hidraulinis cilindras yra gyvybi\u0161kai svarbus grandiklio peiliui, kuris pa\u0161alina \u0161iuk\u0161les nuo keli\u0173 ir \u0161aligatvi\u0173, valdyti. Jo geb\u0117jimas skland\u017eiai veikti \u012fvairiomis s\u0105lygomis u\u017etikrina, kad gatvi\u0173 valymo transporto priemon\u0117s gali i\u0161laikyti auk\u0161t\u0105 \u0161varos lyg\u012f nepa\u017eeisdamos pavir\u0161i\u0173. Cilindro konstrukcija leid\u017eia jam susidoroti su grie\u017etais gatvi\u0173 valymo reikalavimais, \u012fskaitant galimyb\u0119 pakelti sunkias \u0161iuk\u0161les ir dirbti ank\u0161tose erdv\u0117se, tod\u0117l jis yra nepakei\u010diamas \u012frankis savivaldybi\u0173 paslaugoms.<\/p>\n<h3>3. Atliek\u0173 suspaudimas<\/h3>\n<p>Atliek\u0173 presavimo transporto priemon\u0117s naudojasi tvirtu sanitarini\u0173 transporto priemoni\u0173 grandiklio hidraulinio cilindro na\u0161umu. \u0160is cilindras padeda efektyviai suspausti atliekas, tod\u0117l galima gabenti didesnius krovinius, nereikia da\u017enai vykti \u012f s\u0105vartynus. Padid\u0117j\u0119s eksploatacinis efektyvumas lemia ma\u017eesn\u012f i\u0161metam\u0173j\u0173 ter\u0161al\u0173 kiek\u012f ir degal\u0173 s\u0105naudas, o tai atitinka aplinkai nekenksming\u0105 praktik\u0105. Cilindro konstrukcija u\u017etikrina, kad jis atlaikyt\u0173 auk\u0161t\u0105 sl\u0117g\u012f, susijus\u012f su atliek\u0173 presavimu, o tai prisideda prie atliek\u0173 tvarkymo operacij\u0173 ilgaam\u017ei\u0161kumo ir efektyvumo.<\/p>\n<h2>Projektavimo aspektai ir atrankos kriterijai<\/h2>\n<h3>Keliamoji galia<\/h3>\n<p>Renkantis hidraulin\u012f cilindr\u0105 sanitarin\u0117ms transporto priemon\u0117ms, svarbiausia yra keliamoji galia. Sanitarini\u0173 transporto priemoni\u0173 grandikli\u0173 hidraulinis cilindras yra suprojektuotas taip, kad atlaikyt\u0173 didelius krovinius, suma\u017eindamas gedimo rizik\u0105 eksploatacijos metu. B\u016btina u\u017etikrinti, kad cilindras gal\u0117t\u0173 atlaikyti grandiklio ir bet koki\u0173 papildom\u0173 \u0161iuk\u0161li\u0173 svor\u012f nepakenkdamas saugumui ar na\u0161umui. Gamintojai da\u017enai atlieka grie\u017etus bandymus, kad patvirtint\u0173, jog hidraulinis cilindras atitinka arba vir\u0161ija b\u016btinas apkrovos specifikacijas.<\/p>\n<h3>Sandarinimo efektyvumas<\/h3>\n<p>Sandarinimas yra dar vienas svarbus hidraulinio cilindro konstrukcijos aspektas. Efektyvus sandarinimas apsaugo nuo hidraulinio skys\u010dio nuot\u0117kio, u\u017etikrindamas optimal\u0173 na\u0161um\u0105 ir ilgaam\u017ei\u0161kum\u0105. Sanitarin\u0117s transporto priemon\u0117s grandiklio hidraulinis cilindras turi auk\u0161tos kokyb\u0117s sandariklius, kurie yra gyvybi\u0161kai svarb\u016bs palaikant sl\u0117g\u012f ir u\u017ekertant keli\u0105 u\u017eter\u0161imui. Gerai sandarus cilindras suma\u017eina da\u017enos prie\u017ei\u016bros poreik\u012f ir pailgina eksploatavimo laik\u0105, tod\u0117l tai yra i\u0161mani investicija \u012f sanitarijos operacijas.<\/p>\n<h3>Patvarumas<\/h3>\n<p>Hidrauliniams cilindrams, naudojamiems at\u0161iauriomis s\u0105lygomis, labai svarbus patvarumas. Sanitarin\u0117s transporto priemon\u0117s da\u017enai veikia abrazyvin\u0117mis s\u0105lygomis, d\u0117l kuri\u0173 jos gali susid\u0117v\u0117ti. Sanitarin\u0117s transporto priemon\u0117s grandiklio hidraulinis cilindras pagamintas i\u0161 didelio stiprumo med\u017eiag\u0173, kurios atsparios korozijai ir dilimui, u\u017etikrinant, kad jis veikt\u0173 nuolat. Projektuojant taip pat atsi\u017evelgiama \u012f tokius veiksnius kaip atsparumas nuovargiui ir sm\u016bgi\u0173 absorbcija, tod\u0117l u\u017etikrinamas patikimas sprendimas sud\u0117tingoms reikm\u0117ms.<\/p>\n<h3>Saugos funkcijos<\/h3>\n<p>Sauga yra svarbiausias hidraulini\u0173 cilindr\u0173 projektavimo prioritetas. Sanitarini\u0173 transporto priemoni\u0173 grandikli\u0173 hidraulinis cilindras turi kelet\u0105 saugos funkcij\u0173, toki\u0173 kaip sl\u0117gio ma\u017einimo vo\u017etuvai ir apsaugos nuo perkrovos mechanizmai. \u0160ios funkcijos padeda i\u0161vengti galim\u0173 nelaiming\u0173 atsitikim\u0173 eksploatacijos metu, u\u017etikrinant transporto priemon\u0117s operatori\u0173 ir aplinkini\u0173 asmen\u0173 saugum\u0105. B\u016btina reguliariai tikrinti \u0161ias saugos funkcijas, kad jos b\u016bt\u0173 veiksmingos ir apsaugotos nuo gedim\u0173.<\/p>\n<h3>Prie\u017ei\u016bros aspektai<\/h3>\n<p>Hidrauliniams cilindrams itin svarbus lengvas techninis aptarnavimas. Sanitarini\u0173 transporto priemoni\u0173 grandikli\u0173 hidraulinis cilindras suprojektuotas atsi\u017evelgiant \u012f prieinamum\u0105, tod\u0117l j\u012f lengva ap\u017ei\u016br\u0117ti ir pri\u017ei\u016br\u0117ti. Reguliarus techninis aptarnavimas ne tik pailgina cilindro tarnavimo laik\u0105, bet ir u\u017etikrina, kad jis veikt\u0173 maksimaliu efektyvumu. Vartotojams rekomenduojama sudaryti \u012fprastin\u0117s technin\u0117s prie\u017ei\u016bros grafik\u0105, kad b\u016bt\u0173 galima i\u0161spr\u0119sti nedidelius gedimus, kol jie netapo rimtomis problemomis.<\/p>\n<h2>Sandarinimas ir tepimas<\/h2>\n<p>Sanitarin\u0117s transporto priemon\u0117s grandiklio hidraulinio cilindro sandarinimas ir tepimas yra nepaprastai svarb\u016bs optimaliam veikimui. Hidrauliniame cilindre naudojami \u012fvair\u016bs sandarinimo komponentai, \u012fskaitant st\u016bmoklio ir strypo sandariklius, siekiant u\u017etikrinti, kad hidraulinis skystis likt\u0173 sandarus ir \u012f sistem\u0105 nepatekt\u0173 i\u0161orini\u0173 ter\u0161al\u0173. Sandarikliai, pagaminti i\u0161 patvari\u0173 med\u017eiag\u0173, toki\u0173 kaip poliuretanas ir nitrilo kau\u010diukas, u\u017etikrina puik\u0173 atsparum\u0105 dilimui, taip padidindami cilindro ilgaam\u017ei\u0161kum\u0105.<\/p>\n<p>Be to, cilindro korpusas ir srieginiai galai yra tiksliai apdirbami, siekiant pagerinti atsparum\u0105 dilimui. Reguliarus tepimas yra labai svarbus, nes jis suma\u017eina trint\u012f tarp judan\u010di\u0173 dali\u0173 ir apsaugo nuo perkaitimo. Vartotojai tur\u0117t\u0173 u\u017etikrinti, kad atliekant technin\u0119 prie\u017ei\u016br\u0105 b\u016bt\u0173 naudojamas pakankamas kiekis hidraulin\u0117s alyvos, nes tai pad\u0117s i\u0161laikyti optimal\u0173 na\u0161um\u0105 ir i\u0161vengti prie\u0161laikinio sandarikli\u0173 bei vidini\u0173 komponent\u0173 susid\u0117v\u0117jimo.<\/p>\n<h2>Reguliarus patikrinimas ir prevencin\u0117 prie\u017ei\u016bra<\/h2>\n<p>Reguliarios patikros rutinos \u012fgyvendinimas yra labai svarbus norint i\u0161laikyti sanitarin\u0117s transporto priemon\u0117s grandiklio hidraulinio cilindro efektyvum\u0105 ir patikimum\u0105. \u0160tai kelios svarbios prevencin\u0117s prie\u017ei\u016bros priemon\u0117s:<\/p>\n<ul>\n<li><strong>Vizualiniai patikrinimai:<\/strong> Reguliariai tikrinkite, ar n\u0117ra susid\u0117v\u0117jimo, nuot\u0117ki\u0173 ar pa\u017eeidim\u0173 po\u017eymi\u0173. Bet kokius matomus defektus reikia nedelsiant spr\u0119sti, kad b\u016bt\u0173 i\u0161vengta tolesni\u0173 komplikacij\u0173.<\/li>\n<li><strong>Skys\u010di\u0173 lygio patikrinimai:<\/strong> Steb\u0117kite hidraulinio skys\u010dio lyg\u012f ir prireikus papildykite. \u017demas skys\u010dio lygis gali padidinti hidraulin\u0117s sistemos susid\u0117v\u0117jim\u0105 ir sukelti gedim\u0105.<\/li>\n<li><strong>Sandariklio b\u016bkl\u0117s steb\u0117jimas:<\/strong> Patikrinkite sandariklius, ar n\u0117ra koki\u0173 nors nusid\u0117v\u0117jimo ar sausumo po\u017eymi\u0173. Laiku pakeitus susid\u0117v\u0117jusius sandariklius, galima i\u0161vengti nuot\u0117ki\u0173 ir i\u0161laikyti sistemos vientisum\u0105.<\/li>\n<\/ul>\n<p>Laikydamiesi \u0161i\u0173 prevencini\u0173 prie\u017ei\u016bros priemoni\u0173, naudotojai gali gerokai pailginti hidraulinio cilindro tarnavimo laik\u0105 ir u\u017etikrinti patikim\u0105 veikim\u0105 sud\u0117tingomis s\u0105lygomis.<\/p>\n<h2>\u012erengimo gair\u0117s<\/h2>\n<p>Tinkamas sanitarin\u0117s transporto priemon\u0117s grandiklio hidraulinio cilindro montavimas yra b\u016btinas optimaliam veikimui. Atlikite \u0161iuos veiksmus, kad u\u017etikrintum\u0117te teising\u0105 montavim\u0105:<\/p>\n<ol>\n<li><strong>Paruo\u0161imas:<\/strong> Prie\u0161 montuodami, nuvalykite tvirtinimo pavir\u0161ius ir \u012fsitikinkite, kad n\u0117ra kli\u016b\u010di\u0173, kurios gal\u0117t\u0173 trukdyti cilindro jud\u0117jimui.<\/li>\n<li><strong>Lygiavimas:<\/strong> \u012esitikinkite, kad cilindras yra tinkamai sulygiuotas su hidrauline sistema, kad i\u0161vengtum\u0117te per didelio \u012ftempimo ir galimo gedimo.<\/li>\n<li><strong>Saugus tvirtinimas:<\/strong> Cilindrui pritvirtinti naudokite tinkamus tvirtinimo laikiklius. \u012esitikinkite, kad visi var\u017etai yra priver\u017eti pagal gamintojo specifikacijas, kad veikimo metu jis nejud\u0117t\u0173.<\/li>\n<li><strong>Hidraulin\u0117s jungtys:<\/strong> Atsargiai prijunkite hidraulines linijas, u\u017etikrindami, kad visos jungtys b\u016bt\u0173 tvirtos ir be nuot\u0117ki\u0173. Atkreipkite d\u0117mes\u012f \u012f gamintojo nurodyt\u0105 srauto krypt\u012f.<\/li>\n<li><strong>Testavimas:<\/strong> \u012erengus cilindr\u0105, reikia atlikti sl\u0117gio bandym\u0105, kad \u012fsitikintum\u0117te, jog jis veikia tinkamai ir n\u0117ra nuot\u0117ki\u0173.<\/li>\n<\/ol>\n<p>\u0160i\u0173 montavimo gairi\u0173 laikymasis pad\u0117s u\u017etikrinti hidraulinio cilindro ilgaam\u017ei\u0161kum\u0105 ir efektyvum\u0105.<\/p>\n<h2>\u012eprastos prie\u017ei\u016bros u\u017eduotys<\/h2>\n<p>Reguliarios sanitarijos transporto priemon\u0117s grandiklio hidraulinio cilindro prie\u017ei\u016bros u\u017eduotys apima:<\/p>\n<ul>\n<li><strong>\u012eprastiniai patikrinimai:<\/strong> Reguliariai tikrinkite, kad anksti nustatytum\u0117te galimas problemas. Ie\u0161kokite nuot\u0117kio, susid\u0117v\u0117jimo ir nesuderinamumo po\u017eymi\u0173.<\/li>\n<li><strong>Tinkamas tepimas:<\/strong> U\u017etikrinkite, kad cilindras visada b\u016bt\u0173 tinkamai suteptas. Naudokite rekomenduojam\u0105 hidraulin\u0119 alyv\u0105 ir laikykit\u0117s gamintojo nurodym\u0173 d\u0117l tepimo da\u017enumo.<\/li>\n<li><strong>Sandariklio keitimas:<\/strong> Reguliariai tikrinkite sandariklius, ar jie nesusid\u0117v\u0117j\u0119, ir apsvarstykite galimyb\u0119 juos pakeisti pagal \u012fprastin\u0117s prie\u017ei\u016bros grafik\u0105. Taip i\u0161vengsite nuot\u0117ki\u0173 ir u\u017etikrinsite optimal\u0173 veikim\u0105.<\/li>\n<\/ul>\n<p>Tinkamas montavimas, tepimas ir reguliavimas yra labai svarb\u016bs norint i\u0161laikyti hidraulinio cilindro efektyvum\u0105 ir efektyvum\u0105. Ypa\u010d svarbus yra i\u0161lyginimas montavimo metu; neteisingas i\u0161lyginimas gali sukelti prie\u0161laikin\u012f susid\u0117v\u0117jim\u0105 ir galim\u0105 gedim\u0105. Patartina naudoti tinkamus tvirtinimo laikiklius, kad cilindras b\u016bt\u0173 tvirtai pritvirtintas. Galiausiai, laikantis rekomenduojam\u0173 patikrinimo, remonto ir keitimo proced\u016br\u0173, u\u017etikrinsite, kad hidraulinis cilindras i\u0161liks puikios b\u016bkl\u0117s, \u017eymiai pailgindamas jo eksploatavimo laik\u0105.<\/p>\n<h2>Saugos aspektai ir aplinkos veiksniai<\/h2>\n<p>Eksploatuojant hidraulinius cilindrus, saugos priemon\u0117s yra nepaprastai svarbios. Naudotojai privalo laikytis eksploatavimo protokol\u0173, kad suma\u017eint\u0173 su hidraulin\u0117mis sistemomis susijusi\u0105 rizik\u0105. Tai apima cilindro perkrovos vengim\u0105, nes tai gali sukelti katastrofi\u0161k\u0173 gedim\u0173, ir u\u017etikrinim\u0105, kad visi darbuotojai b\u016bt\u0173 apmokyti saugiai valdyti ma\u0161inas. Be to, tinkamas hidraulini\u0173 skys\u010di\u0173 ir technin\u0117s prie\u017ei\u016bros atliek\u0173 \u0161alinimas yra b\u016btinas siekiant i\u0161vengti aplinkos u\u017eter\u0161imo. Veiksming\u0173 saugos priemoni\u0173 \u012fgyvendinimas ne tik apsaugo operatorius, bet ir u\u017etikrina vietini\u0173 aplinkos apsaugos taisykli\u0173 laikym\u0105si.<\/p>\n<h2>Trik\u010di\u0173 \u0161alinimas ir da\u017eniausiai pasitaikan\u010dios problemos<\/h2>\n<p>Susid\u016brus su sanitarin\u0117s transporto priemon\u0117s grandiklio hidraulinio cilindro problemomis, atsi\u017evelkite \u012f \u0161ias da\u017eniausiai pasitaikan\u010dias problemas:<\/p>\n<ul>\n<li><strong>Nuot\u0117kis:<\/strong> Jei hidraulinis skystis teka, patikrinkite, ar nepa\u017eeisti sandarikliai. Susid\u0117v\u0117jusius sandariklius gali tekti pakeisti, kad b\u016bt\u0173 i\u0161vengta tolesnio skys\u010dio praradimo.<\/li>\n<li><strong>Nenuoseklus veikimas:<\/strong> Jei cilindras skland\u017eiai nei\u0161sitraukia arba nesusitraukia, patikrinkite, ar n\u0117ra u\u017esikim\u0161im\u0173 arba hidraulinio skys\u010dio lygio problem\u0173. Oras sistemoje taip pat gali sukelti netolyg\u0173 veikim\u0105.<\/li>\n<li><strong>Perkaitimas:<\/strong> Perkaitimas gali rodyti \u017eem\u0105 skys\u010dio lyg\u012f arba per didel\u0119 apkrov\u0105. \u012esitikinkite, kad cilindras veikia nevir\u0161ydamas nurodyt\u0173 rib\u0173 ir kad yra u\u017etikrinamas tinkamas tepimas.<\/li>\n<\/ul>\n<p>B\u016bdami iniciatyv\u016bs ir spr\u0119sdami \u0161ias da\u017enas problemas, vartotojai gali i\u0161laikyti savo hidraulini\u0173 cilindr\u0173 veikim\u0105 ir i\u0161vengti brangaus remonto. Prevencin\u0117s priemon\u0117s, tokios kaip reguliari ap\u017ei\u016bra ir prie\u017ei\u016bra, padeda suma\u017einti \u0161i\u0173 problem\u0173 atsiradimo tikimyb\u0119.<\/p>\n<p><img decoding=\"async\" src=\"https:\/\/www.hydraulic-cylinders.net\/wp-content\/uploads\/2025\/05\/hydraulic-cylinder-all-2.webp\" alt=\"Hidraulinis cilindras\"><\/p>\n<h2>\u012emon\u0117s ap\u017evalga<\/h2>\n<p>Esame pirmaujantis hidraulini\u0173 cilindr\u0173 gamintojas, si\u016blantis plat\u0173 gamini\u0173 asortiment\u0105, kad patenkintume tiek vietin\u0117s, tiek tarptautin\u0117s rinkos poreikius. B\u0117gant metams, \u012fsitvirtinome kaip auk\u0161\u010diausio lygio tiek\u0117jas ir didmenininkas, \u017einomas d\u0117l savo atsidavimo kokybei ir inovacijoms. M\u016bs\u0173 plati gamini\u0173 linija sukurta taip, kad b\u016bt\u0173 galima rasti sprendimus \u012fvairioms reikm\u0117ms, u\u017etikrinant, kad gal\u0117tume patenkinti konkre\u010dius klient\u0173 poreikius.<\/p>\n<p>M\u016bs\u0173 patirt\u012f papildo tarptautiniai sertifikatai, u\u017etikrinantys, kad m\u016bs\u0173 produktai atitikt\u0173 grie\u017etus pramon\u0117s standartus. Si\u016blome individualiai pritaikytas paslaugas, pritaikytas unikalioms specifikacijoms, kurias palaiko pa\u017eangi gamybos \u012franga, didinanti efektyvum\u0105 ir tikslum\u0105. M\u016bs\u0173 specializuotas aptarnavimas po pardavimo garantuoja, kad m\u016bs\u0173 klientai gaus nuolatin\u0119 pagalb\u0105, taip sustiprindami m\u016bs\u0173, kaip puikios klient\u0173 aptarnavimo srities, reputacij\u0105.<\/p>\n<p><img decoding=\"async\" src=\"https:\/\/www.hydraulic-cylinders.net\/wp-content\/uploads\/2025\/05\/xinxin-hydraulic-cylinder-factory-1.webp\" alt=\"\u012emon\u0117s gamykla\"><\/p>\n<p>Autorius: lyl<\/p>","protected":false},"excerpt":{"rendered":"<p>Sanitation Vehicle Scraper Hydraulic Cylinder Product Introduction The Sanitation Vehicle Scraper Hydraulic Cylinder is a critical component designed to enhance the efficiency and functionality of sanitation vehicles. This hydraulic cylinder is primarily used for lifting and lowering mechanisms in garbage collection and street cleaning applications. It allows for smooth and controlled movements, ensuring that the [&hellip;]<\/p>","protected":false},"featured_media":20640,"comment_status":"open","ping_status":"closed","template":"","meta":{"_et_pb_use_builder":"","_et_pb_old_content":"","_et_gb_content_width":""},"product_brand":[],"product_cat":[1483,1558],"product_tag":[],"class_list":{"0":"post-20716","1":"product","2":"type-product","3":"status-publish","4":"has-post-thumbnail","6":"product_cat-construction-machinery-hydraulic-cylinders","7":"product_cat-sanitation-machinery-hydraulic-cylinders-2","9":"first","10":"instock","11":"shipping-taxable","12":"product-type-simple"},"amp_enabled":true,"_links":{"self":[{"href":"https:\/\/www.hydraulic-cylinders.net\/lt\/wp-json\/wp\/v2\/product\/20716","targetHints":{"allow":["GET"]}}],"collection":[{"href":"https:\/\/www.hydraulic-cylinders.net\/lt\/wp-json\/wp\/v2\/product"}],"about":[{"href":"https:\/\/www.hydraulic-cylinders.net\/lt\/wp-json\/wp\/v2\/types\/product"}],"replies":[{"embeddable":true,"href":"https:\/\/www.hydraulic-cylinders.net\/lt\/wp-json\/wp\/v2\/comments?post=20716"}],"wp:featuredmedia":[{"embeddable":true,"href":"https:\/\/www.hydraulic-cylinders.net\/lt\/wp-json\/wp\/v2\/media\/20640"}],"wp:attachment":[{"href":"https:\/\/www.hydraulic-cylinders.net\/lt\/wp-json\/wp\/v2\/media?parent=20716"}],"wp:term":[{"taxonomy":"product_brand","embeddable":true,"href":"https:\/\/www.hydraulic-cylinders.net\/lt\/wp-json\/wp\/v2\/product_brand?post=20716"},{"taxonomy":"product_cat","embeddable":true,"href":"https:\/\/www.hydraulic-cylinders.net\/lt\/wp-json\/wp\/v2\/product_cat?post=20716"},{"taxonomy":"product_tag","embeddable":true,"href":"https:\/\/www.hydraulic-cylinders.net\/lt\/wp-json\/wp\/v2\/product_tag?post=20716"}],"curies":[{"name":"wp","href":"https:\/\/api.w.org\/{rel}","templated":true}]}}