{"id":20774,"date":"2025-05-28T05:32:16","date_gmt":"2025-05-28T05:32:16","guid":{"rendered":"https:\/\/www.hydraulic-cylinders.net\/product\/mwte023-11010084-steering-cylinder\/"},"modified":"2025-05-28T05:32:18","modified_gmt":"2025-05-28T05:32:18","slug":"mwte023-11010084-steering-cylinder","status":"publish","type":"product","link":"https:\/\/www.hydraulic-cylinders.net\/lt\/produktas\/mwte023-11010084-steering-cylinder\/","title":{"rendered":"MWTE023-11010084 Vairo cilindras"},"content":{"rendered":"<h1>ZY254 31F 019A vairo cilindras<\/h1>\n<p><img decoding=\"async\" src=\"https:\/\/www.hydraulic-cylinders.net\/wp-content\/uploads\/2025\/05\/zy254-31f-019a-hydraulic-cylinder-1.webp\" alt=\"ZY254 31F 019A vairo cilindras\" \/><\/p>\n<h2><strong>\u012evadas \u012f vairo cilindr\u0105<\/strong><\/h2>\n<p>Vairo cilindras ZY254 31F 019A yra esminis hidraulini\u0173 vairavimo sistem\u0173 komponentas, skirtas pagerinti transporto priemoni\u0173 efektyvum\u0105 ir reagavim\u0105. \u0160is hidraulinis vairo cilindras yra patikimas sprendimas automobili\u0173 vairavimo mechanizmams, u\u017etikrinantis puik\u0173 valdym\u0105 ir tikslum\u0105. Cilindro skersmuo yra 40 mm, strypo skersmuo \u2013 25 mm, eigos ilgis \u2013 140 mm, o montavimo atstumas \u2013 385 mm, tod\u0117l jis u\u017etikrina optimal\u0173 na\u0161um\u0105 \u012fvairiose srityse. \u0160io vairo st\u016bmoklio naudojimo privalumai yra geresnis manevringumas, ma\u017eesn\u0117s vairavimo pastangos ir didesnis vairuotoj\u0173 saugumas, tod\u0117l jis yra gyvybi\u0161kai svarbi bet kurios vairavimo sistemos dalis.<\/p>\n<h2><strong>ZY254 31F 019A vairo cilindro savyb\u0117s<\/strong><\/h2>\n<ul>\n<li><strong>Didelis efektyvumas:<\/strong> \u0160is hidraulinis vairo cilindras optimizuoja vairavimo reakcij\u0105, tod\u0117l transporto priemon\u0117s valdymas tampa sklandesnis ir tikslesnis.<\/li>\n<li><strong>Patvari konstrukcija:<\/strong> Pagamintas i\u0161 auk\u0161tos kokyb\u0117s med\u017eiag\u0173, u\u017etikrina ilgalaik\u012f veikim\u0105 sud\u0117tingomis s\u0105lygomis.<\/li>\n<li><strong>Kompakti\u0161kas dizainas:<\/strong> D\u0117l kompakti\u0161ko montavimo atstumo jis puikiai tinka \u012fvairiems automobili\u0173 dizainams, i\u0161laikant erdv\u0117s efektyvum\u0105.<\/li>\n<li><strong>Universalios taikymo sritys:<\/strong> Idealiai tinka automobili\u0173 vairavimo sistemoms, \u017eem\u0117s \u016bkio technikai ir pramoninei \u012frangai.<\/li>\n<li><strong>Patobulintas saugumas:<\/strong> U\u017etikrina patikim\u0105 vairavimo valdym\u0105, \u017eymiai suma\u017eindamas d\u0117l vairo gedim\u0173 kylan\u010di\u0173 avarij\u0173 rizik\u0105.<\/li>\n<\/ul>\n<h2><strong>Taikymas \u012fvairiose pramon\u0117s \u0161akose<\/strong><\/h2>\n<p>ZY254 31F 019A vairo cilindras naudojamas \u012fvairiuose sektoriuose, \u012fskaitant:<\/p>\n<ul>\n<li><strong>\u017dem\u0117s \u016bkis:<\/strong> Naudojamas traktoriuose ir kitose ma\u0161inose, jis leid\u017eia tiksliai valdyti vairavim\u0105 ir pagerinti manevringum\u0105 lauke.<\/li>\n<li><strong>Automobiliai:<\/strong> Esminis lengv\u0173j\u0173 automobili\u0173 ir sunkve\u017eimi\u0173 vairavimo sistem\u0173 efektyvumui, pagerinan\u010diam bendr\u0105 transporto priemon\u0117s funkcionalum\u0105.<\/li>\n<li><strong>Pramonin\u0117s ma\u0161inos:<\/strong> Palaiko \u012fvairi\u0173 tip\u0173 ma\u0161inas, kurioms reikalingas tikslus valdymas ir galia.<\/li>\n<\/ul>\n<p><img decoding=\"async\" src=\"https:\/\/www.hydraulic-cylinders.net\/wp-content\/uploads\/2025\/05\/steering-cylinder-application.webp\" alt=\"Vairo cilindro pritaikymas\" \/><\/p>\n<h2><strong>Projektavimo aspektai ir atrankos kriterijai<\/strong><\/h2>\n<h3>Keliamoji galia<\/h3>\n<p>Renkantis vairo mechanizmo hidraulin\u012f cilindr\u0105, labai svarbu suprasti apkrovos paj\u0117gum\u0105. ZY254 31F 019A yra suprojektuotas taip, kad atlaikyt\u0173 dideles apkrovas, u\u017etikrindamas, kad jis gali valdyti eksploatacijos metu veikian\u010dias j\u0117gas nepakenkdamas na\u0161umui. Tvirta konstrukcija leid\u017eia saugiai dirbti esant didel\u0117ms apkrovoms, tod\u0117l tinka sunkioms reikm\u0117ms.<\/p>\n<h3>Sandarinimo mechanizmai<\/h3>\n<p>Efektyvus sandarinimas yra gyvybi\u0161kai svarbus siekiant i\u0161vengti hidraulinio skys\u010dio nuot\u0117kio, kuris gali suma\u017einti na\u0161um\u0105 ir sukelti gedimus. ZY254 cilindre \u012fdiegtos pa\u017eangios sandarinimo technologijos, naudojant tokias med\u017eiagas kaip poliuretanas ir nitrilo kau\u010diukas, u\u017etikrinan\u010dios ilgaam\u017ei\u0161kum\u0105 ir atsparum\u0105 dilimui. \u0160is konstrukcinis aspektas padidina cilindro ilgaam\u017ei\u0161kum\u0105 ir suma\u017eina prie\u017ei\u016bros i\u0161laidas.<\/p>\n<h3>Patvarumas<\/h3>\n<p>Vairo mechanizmo patvarumas yra svarbus jo konstrukcijos veiksnys. ZY254 pagamintas i\u0161 didelio stiprumo med\u017eiag\u0173, kurios atlaiko aplinkos veiksnius, \u012fskaitant temperat\u016bros svyravimus, dr\u0117gm\u0119 ir dulkes. \u0160is atsparumas yra svarbus norint i\u0161laikyti pastov\u0173 na\u0161um\u0105 \u012fvairiomis eksploatavimo s\u0105lygomis.<\/p>\n<h3>Saugos funkcijos<\/h3>\n<p>Saugumas hidraulin\u0117se sistemose yra svarbiausias dalykas. ZY254 vairo cilindras apr\u016bpintas saugos funkcijomis, kurios apsaugo nuo per didelio sl\u0117gio ir u\u017etikrina patikim\u0105 veikim\u0105. \u0160is konstrukcinis aspektas u\u017etikrina, kad sistema i\u0161likt\u0173 saugi kasdieniam naudojimui, suma\u017einant galimus pavojus, susijusius su hidrauliniais gedimais.<\/p>\n<h3>Prie\u017ei\u016bra ir remonto galimyb\u0117s<\/h3>\n<p>Galiausiai, technin\u0117s prie\u017ei\u016bros aspektai yra labai svarb\u016bs ilgalaikiam vairo cilindro veikimui. ZY254 yra suprojektuotas taip, kad b\u016bt\u0173 lengva pasiekti komponentus, kuriuos gali reik\u0117ti reguliariai tikrinti ar remontuoti, taip palengvinant efektyvias technin\u0117s prie\u017ei\u016bros proced\u016bras ir suma\u017einant prastovas.<\/p>\n<h2><strong>Vairo cilindro sandarinimas ir tepimas<\/strong><\/h2>\n<p>Sandarinimas ir tepimas yra b\u016btini optimaliam ZY254 31F 019A vairo cilindro veikimui. \u012evairi\u0173 sandarinimo komponent\u0173, \u012fskaitant st\u016bmoklio ir strypo sandariklius, naudojimas u\u017etikrina, kad hidraulinis skystis likt\u0173 cilindre ir b\u016bt\u0173 i\u0161vengta nuot\u0117ki\u0173. Auk\u0161tos kokyb\u0117s med\u017eiag\u0173, toki\u0173 kaip poliuretanas ir nitrilo kau\u010diukas, pasirinkimas padidina \u0161i\u0173 sandarikli\u0173 patvarum\u0105, tod\u0117l jie gali atlaikyti hidraulinio sl\u0117gio ir aplinkos poveikio sunkumus.<\/p>\n<p>Cilindro korpuso ir sriegini\u0173 gal\u0173 pavir\u0161iaus apdorojimas yra kruop\u0161\u010diai atliktas, siekiant pagerinti atsparum\u0105 dilimui. Norint i\u0161laikyti sandarikli\u0173 veikim\u0105 ir skland\u0173 cilindro veikim\u0105, b\u016btina reguliariai tepti tinkamu hidrauliniu skys\u010diu. \u0160i prie\u017ei\u016bros praktika padeda suma\u017einti trint\u012f ir nusid\u0117v\u0117jim\u0105, pailgindama vairo mechanizmo st\u016bmoklio tarnavimo laik\u0105.<\/p>\n<h2><strong>Prevencin\u0117s prie\u017ei\u016bros priemon\u0117s<\/strong><\/h2>\n<ul>\n<li><strong>Reguliar\u016bs patikrinimai:<\/strong> Atlikite reguliarius patikrinimus, ar n\u0117ra susid\u0117v\u0117jimo ar pa\u017eeidimo po\u017eymi\u0173. Tai apima nuot\u0117ki\u0173 aplink sandariklius paie\u0161k\u0105 ir vis\u0173 jung\u010di\u0173 tvirtumo u\u017etikrinim\u0105.<\/li>\n<li><strong>Tepimas:<\/strong> \u012esitikinkite, kad cilindras yra tinkamai suteptas rekomenduojama hidrauline alyva. Reguliarus tepimas yra labai svarbus siekiant i\u0161vengti vidin\u0117s trinties ir susid\u0117v\u0117jimo.<\/li>\n<li><strong>Sandariklio keitimas:<\/strong> Kad i\u0161laikytum\u0117te hidraulin\u012f vientisum\u0105, prireikus keiskite sandariklius. Reguliar\u016bs patikrinimai gali pad\u0117ti anksti pasteb\u0117ti sandarikli\u0173 gedim\u0105 ir i\u0161vengti skys\u010di\u0173 nuot\u0117kio.<\/li>\n<\/ul>\n<h2><strong>ZY254 31F 019A vairo cilindro montavimo gair\u0117s<\/strong><\/h2>\n<p>Tinkamas ZY254 31F 019A vairo cilindro montavimas yra labai svarbus norint u\u017etikrinti jo veikim\u0105 ir ilgaam\u017ei\u0161kum\u0105. Pirmiausia \u012fsitikinkite, kad tvirtinimo pavir\u0161iai yra \u0161var\u016bs ir be \u0161iuk\u0161li\u0173. Tinkamai sulygiuokite cilindr\u0105 su vairo sistema, u\u017etikrindami, kad jis b\u016bt\u0173 pastatytas tinkamu kampu, kad i\u0161vengtum\u0117te \u012ftempimo eksploatavimo metu. Naudokite tinkamus tvirtinimo laikiklius, kad pritvirtintum\u0117te cilindr\u0105 vietoje.<\/p>\n<p>Suderinus, priver\u017ekite visus tvirtinimo elementus pagal gamintojo specifikacijas, u\u017etikrindami tvirt\u0105 jungt\u012f. Labai svarbu vengti perver\u017eimo, nes tai gali sukelti pa\u017eeidimus. \u012edieg\u0119 patikrinkite, ar n\u0117ra galim\u0173 nuot\u0117ki\u0173, i\u0161bandydami sistem\u0105 esant sl\u0117giui. Galiausiai patikrinkite cilindro jud\u0117jim\u0105 ir reagavim\u0105, kad \u012fsitikintum\u0117te, jog jis skland\u017eiai veikia sistemoje.<\/p>\n<h2><strong>Vairo cilindro prie\u017ei\u016bros darbai<\/strong><\/h2>\n<ul>\n<li><strong>Reguliar\u016bs patikrinimai:<\/strong> Reguliar\u016bs patikrinimai yra labai svarb\u016bs norint nustatyti galimas problemas, kol jos nepa\u016bm\u0117jo. Patikrinkite, ar n\u0117ra nuot\u0117ki\u0173, susid\u0117v\u0117jimo ir ar n\u0117ra tvirt\u0173 jung\u010di\u0173, kad i\u0161laikytum\u0117te optimal\u0173 na\u0161um\u0105.<\/li>\n<li><strong>Tinkamas tepimas:<\/strong> Tinkamas vairo cilindro sutepimas apsaugo nuo susid\u0117v\u0117jimo. Naudokite tinkam\u0105 hidraulin\u0119 alyv\u0105, kaip nurodyta gamintojo, ir laikykit\u0117s reguliaraus tepimo grafiko.<\/li>\n<li><strong>Sandariklio keitimas:<\/strong> Laikui b\u0117gant, sandarikliai gali susid\u0117v\u0117ti, d\u0117l to gali prad\u0117ti tek\u0117ti skys\u010diai. Reguliariai tikrinkite sandariklius ir prireikus juos keiskite, kad i\u0161laikytum\u0117te cilindro vientisum\u0105.<\/li>\n<\/ul>\n<h2><strong>Saugos aspektai ir aplinkos veiksniai<\/strong><\/h2>\n<p>Saugos priemon\u0117s yra nepaprastai svarbios eksploatuojant hidraulines vairavimo sistemas. Naudotojai visada tur\u0117t\u0173 laikytis saugos protokol\u0173, kad suma\u017eint\u0173 rizik\u0105. Tai apima vis\u0173 komponent\u0173 geros b\u016bkl\u0117s ir reguliarios sistemos prie\u017ei\u016bros u\u017etikrinim\u0105. Aplinkos veiksniai, tokie kaip temperat\u016bros svyravimai ir at\u0161iaurios s\u0105lygos, gali tur\u0117ti \u012ftakos vairo cilindro veikimui. Svarbu atsi\u017evelgti \u012f \u0161iuos veiksnius eksploatavimo ir technin\u0117s prie\u017ei\u016bros metu, kad cilindras veikt\u0173 optimaliai ir saugiai.<\/p>\n<h2><strong>Gedim\u0173 diagnostika ir da\u017eniausios problemos<\/strong><\/h2>\n<ul>\n<li><strong>Nesandar\u016bs sandarikliai:<\/strong> Viena da\u017ena hidraulini\u0173 cilindr\u0173 problema yra sandarikli\u0173 nesandarumas. Jei pasteb\u0117jote hidraulinio skys\u010dio lygio suma\u017e\u0117jim\u0105, patikrinkite, ar sandarikliai nepa\u017eeisti ar nenusid\u0117v\u0117j\u0119. Daugeliu atvej\u0173 sandarikli\u0173 pakeitimas gali i\u0161spr\u0119sti \u0161i\u0105 problem\u0105.<\/li>\n<li><strong>Suma\u017eintas na\u0161umas:<\/strong> Jei vairavimo reakcija l\u0117ta, tai gali rodyti vidin\u012f susid\u0117v\u0117jim\u0105 arba nepakankam\u0105 tepim\u0105. Patikrinkite tepimo lyg\u012f ir apsvarstykite galimyb\u0119 atlikti i\u0161sam\u0173 patikrinim\u0105, kad nustatytum\u0117te bet kokius vidinius pa\u017eeidimus.<\/li>\n<li><strong>Nesuderinimas:<\/strong> D\u0117l neteisingo sulygiavimo montavimo metu gali atsirasti netolygus susid\u0117v\u0117jimas ir galimi gedimai. Kad i\u0161vengtum\u0117te \u0161ios problemos, \u012fsitikinkite, kad cilindras yra tinkamai sulygiuotas ir tvirtai pritvirtintas.<\/li>\n<\/ul>\n<h2><strong>Trik\u010di\u0173 \u0161alinimo patarimai<\/strong><\/h2>\n<p>Nor\u0117dami efektyviai diagnozuoti ir i\u0161spr\u0119sti ZY254 vairo cilindro problemas, vadovaukit\u0117s \u0161iais trik\u010di\u0173 \u0161alinimo patarimais: pirma, reguliariai steb\u0117kite sistem\u0105, ar n\u0117ra koki\u0173 nors nuot\u0117ki\u0173 ar veikimo problem\u0173. Greitas \u0161i\u0173 problem\u0173 sprendimas gali pad\u0117ti i\u0161vengti rimtesni\u0173 problem\u0173. Antra, ai\u0161kiai dokumentuokite technin\u0119 prie\u017ei\u016br\u0105 ir remont\u0105; tai gali pad\u0117ti nustatyti modelius, kurie gali rodyti pasikartojan\u010dias problemas. Galiausiai, jei problemos i\u0161lieka, pasikonsultuokite su specialistu, kad \u012fvertint\u0173 cilindr\u0105 ir rekomenduot\u0173 tinkam\u0105 remont\u0105 arba keitim\u0105.<\/p>\n<h2><strong>Apie m\u016bs\u0173 \u012fmon\u0119<\/strong><\/h2>\n<p>Esame pirmaujanti alternatyvi\u0173 hidraulini\u0173 cilindr\u0173 gamintoja ir didmenin\u0117 platintoja, si\u016blanti plat\u0173 gamini\u0173 asortiment\u0105, kad patenkint\u0173 tiek vietin\u0117s, tiek tarptautin\u0117s rinkos poreikius. M\u016bs\u0173 \u012fsipareigojimas siekti meistri\u0161kumo atsispindi pa\u017eangiausiuose gamybos procesuose, kuriuose naudojamos pa\u017eangios technologijos ir tikslioji in\u017einerija.<\/p>\n<p>M\u016bs\u0173 gamykla apr\u016bpinta auk\u0161\u010diausios klas\u0117s skaitmenine gamybos \u012franga ir profesionalia bandym\u0173 sistema, u\u017etikrinan\u010dia, kad nuolat gaminame auk\u0161tos kokyb\u0117s hidraulinius cilindrus. Didel\u012f d\u0117mes\u012f skirdami inovacijoms, nuolat tobuliname savo gamybos paj\u0117gumus, kad patenkintume \u012fvairius m\u016bs\u0173 klient\u0173 reikalavimus.<\/p>\n<p>Mes teikiame pirmenyb\u0119 klient\u0173 pasitenkinimui, si\u016blydami individualiai pritaikytas paslaugas ir tarptautinius sertifikatus, siekdami u\u017etikrinti, kad m\u016bs\u0173 produktai atitikt\u0173 pasaulinius standartus. M\u016bs\u0173 atsidavusi aptarnavimo po pardavimo komanda visada pasiruo\u0161usi pad\u0117ti klientams, teikdama palaikym\u0105 ir patarimus, kaip maksimaliai padidinti produkto tarnavimo laik\u0105 ir na\u0161um\u0105.<\/p>\n<p><img decoding=\"async\" src=\"https:\/\/www.hydraulic-cylinders.net\/wp-content\/uploads\/2025\/05\/xinxin-hydraulic-cylinder-factory-1.webp\" alt=\"Hidraulini\u0173 cilindr\u0173 gamykla\" \/><\/p>","protected":false},"excerpt":{"rendered":"<p>ZY254 31F 019A Steering Cylinder Introduction to the Steering Cylinder The ZY254 31F 019A steering cylinder is an essential component in hydraulic steering systems, designed to enhance the efficiency and responsiveness of vehicles. This hydraulic steering cylinder provides a reliable solution for automotive steering mechanisms, offering superior control and precision. With a cylinder diameter of [&hellip;]<\/p>","protected":false},"featured_media":20630,"comment_status":"open","ping_status":"closed","template":"","meta":{"_et_pb_use_builder":"","_et_pb_old_content":"","_et_gb_content_width":""},"product_brand":[],"product_cat":[1561],"product_tag":[1563,1562],"class_list":{"0":"post-20774","1":"product","2":"type-product","3":"status-publish","4":"has-post-thumbnail","6":"product_cat-steering-hydraulic-cylinders","7":"product_tag-steering-cylinders","8":"product_tag-steering-hydraulic-cylinders","10":"first","11":"instock","12":"shipping-taxable","13":"product-type-simple"},"amp_enabled":true,"_links":{"self":[{"href":"https:\/\/www.hydraulic-cylinders.net\/lt\/wp-json\/wp\/v2\/product\/20774","targetHints":{"allow":["GET"]}}],"collection":[{"href":"https:\/\/www.hydraulic-cylinders.net\/lt\/wp-json\/wp\/v2\/product"}],"about":[{"href":"https:\/\/www.hydraulic-cylinders.net\/lt\/wp-json\/wp\/v2\/types\/product"}],"replies":[{"embeddable":true,"href":"https:\/\/www.hydraulic-cylinders.net\/lt\/wp-json\/wp\/v2\/comments?post=20774"}],"wp:featuredmedia":[{"embeddable":true,"href":"https:\/\/www.hydraulic-cylinders.net\/lt\/wp-json\/wp\/v2\/media\/20630"}],"wp:attachment":[{"href":"https:\/\/www.hydraulic-cylinders.net\/lt\/wp-json\/wp\/v2\/media?parent=20774"}],"wp:term":[{"taxonomy":"product_brand","embeddable":true,"href":"https:\/\/www.hydraulic-cylinders.net\/lt\/wp-json\/wp\/v2\/product_brand?post=20774"},{"taxonomy":"product_cat","embeddable":true,"href":"https:\/\/www.hydraulic-cylinders.net\/lt\/wp-json\/wp\/v2\/product_cat?post=20774"},{"taxonomy":"product_tag","embeddable":true,"href":"https:\/\/www.hydraulic-cylinders.net\/lt\/wp-json\/wp\/v2\/product_tag?post=20774"}],"curies":[{"name":"wp","href":"https:\/\/api.w.org\/{rel}","templated":true}]}}