{"id":20782,"date":"2025-05-28T06:32:23","date_gmt":"2025-05-28T06:32:23","guid":{"rendered":"https:\/\/www.hydraulic-cylinders.net\/?post_type=product&#038;p=20782"},"modified":"2025-05-28T06:39:15","modified_gmt":"2025-05-28T06:39:15","slug":"steering-cylinder-with-position-sensor","status":"publish","type":"product","link":"https:\/\/www.hydraulic-cylinders.net\/lt\/produktas\/steering-cylinder-with-position-sensor\/","title":{"rendered":"Vairo cilindras su pad\u0117ties jutikliu"},"content":{"rendered":"<h1 style=\"text-align: center;\"><strong>Vairo cilindras su pad\u0117ties jutikliu<img loading=\"lazy\" decoding=\"async\" class=\"wp-image-20783 aligncenter\" src=\"https:\/\/www.hydraulic-cylinders.net\/wp-content\/uploads\/2025\/05\/sensor-steering-cylinder-1-1.webp\" alt=\"\" width=\"400\" height=\"400\" \/><\/strong><\/h1>\n<p>M\u016bs\u0173 vairo mechanizmo cilindras su pad\u0117ties jutikliu yra sukurtas tikslumui ir ilgaam\u017ei\u0161kumui, si\u016blant pa\u017eang\u0173 valdym\u0105 didelio na\u0161umo transporto priemon\u0117ms. \u0160is hidraulinis vairo mechanizmo cilindras su integruotu pad\u0117ties jutikliu teikia realaus laiko vairavimo kampo duomenis, padidindamas saugum\u0105 ir na\u0161um\u0105 sud\u0117tingose \u200b\u200b\u200b\u200bdarbo s\u0105lygose. Nesvarbu, ar atnaujinate \u017eem\u0117s \u016bkio technik\u0105, ar remontuojate sunki\u0105j\u0105 technik\u0105, m\u016bs\u0173 vairo mechanizmo cilindras su pad\u0117ties jutikliu atitinka auk\u0161\u010diausius pramon\u0117s standartus. Pagamintas i\u0161 didelio stiprumo med\u017eiag\u0173, jis atlaiko auk\u0161t\u0105 sl\u0117g\u012f, tod\u0117l idealiai tinka traktoriams, sunkve\u017eimiams ir pramonin\u0117ms transporto priemon\u0117ms. M\u016bs\u0173 originalios \u012frangos (OEM) vairo mechanizmo cilindro pakaitalas su jutikliu u\u017etikrina skland\u0173 suderinamum\u0105 su pirmaujan\u010diais transporto priemoni\u0173 preki\u0173 \u017eenklais.<\/p>\n<h2><strong>Vairo cilindro su pad\u0117ties jutikliu technin\u0117s specifikacijos:<\/strong><\/h2>\n<p><strong>Cilindro skersmuo:<\/strong> 75 mm<\/p>\n<p><strong>Strypo skersmuo:<\/strong> 45 mm<\/p>\n<p><strong>Kelion\u0117s:<\/strong> 215 mm<\/p>\n<p><strong>Montavimo atstumas:<\/strong> 569 mm<\/p>\n<h1 style=\"text-align: center;\"><strong><img loading=\"lazy\" decoding=\"async\" class=\"wp-image-20784 aligncenter\" src=\"https:\/\/www.hydraulic-cylinders.net\/wp-content\/uploads\/2025\/05\/sensor-steering-cylinder-2-1.webp\" alt=\"\" width=\"400\" height=\"401\" \/><\/strong><\/h1>\n<p><strong>Cilindro skersmuo:<\/strong> 80 mm<\/p>\n<p><strong>Strypo skersmuo:<\/strong> 580 mm<\/p>\n<p><strong>Kelion\u0117s:<\/strong> 126 mm<\/p>\n<p><strong>Montavimo atstumas:<\/strong> 690 mm<\/p>\n<h1 style=\"text-align: center;\"><strong><img loading=\"lazy\" decoding=\"async\" class=\"wp-image-20785 aligncenter\" src=\"https:\/\/www.hydraulic-cylinders.net\/wp-content\/uploads\/2025\/05\/sensor-steering-cylinder-3-1.webp\" alt=\"\" width=\"400\" height=\"400\" \/><\/strong><\/h1>\n<p><strong>Cilindro skersmuo:<\/strong> 80 mm<\/p>\n<p><strong>Strypo skersmuo:<\/strong> 50 mm<\/p>\n<p><strong>Kelion\u0117s:<\/strong> 166 mm<\/p>\n<p><strong>Montavimo atstumas:<\/strong> 885 mm<\/p>\n<h1 style=\"text-align: center;\"><strong><img loading=\"lazy\" decoding=\"async\" class=\"wp-image-20786 alignnone\" src=\"https:\/\/www.hydraulic-cylinders.net\/wp-content\/uploads\/2025\/05\/sensor-steering-cylinder-4-1.webp\" alt=\"\" width=\"400\" height=\"400\" \/><\/strong><\/h1>\n<p><strong>Cilindro skersmuo:<\/strong> 90 mm<\/p>\n<p><strong>Strypo skersmuo:<\/strong> 45 mm<\/p>\n<p><strong>Kelion\u0117s:<\/strong> 232 mm<\/p>\n<p><strong>Montavimo atstumas:<\/strong> 635 mm<\/p>\n<h2><strong>Pagrindin\u0117s m\u016bs\u0173 vairo cilindro su pad\u0117ties jutikliu savyb\u0117s:<\/strong><\/h2>\n<ul>\n<li><strong>Tikslus vairo cilindras sunkiosioms ma\u0161inoms<\/strong>Integruotas pad\u0117ties jutiklis teikia tikslius vairavimo kampo duomenis, kad b\u016bt\u0173 u\u017etikrintas geresnis valdymas.<\/li>\n<li><strong>Patvarus pad\u0117ties jutiklio vairo cilindras sunkve\u017eimiams<\/strong>Pagaminta i\u0161 didelio stiprumo plieno, kad atlaikyt\u0173 ekstremalias s\u0105lygas.<\/li>\n<li><strong>OEM vairo cilindro keitimas su jutikliu<\/strong>Suderinamas su pagrindiniais automobili\u0173 preki\u0173 \u017eenklais, kad b\u016bt\u0173 lengva montuoti.<\/li>\n<li><strong>Automobilio vairo cilindras su pad\u0117ties jutikliu<\/strong>Optimizuoja vairavimo na\u0161um\u0105 keleiviniuose ir komerciniuose automobiliuose.<\/li>\n<li>Korozijai atspari danga, u\u017etikrinanti ilgesn\u012f tarnavimo laik\u0105.<\/li>\n<li>Pa\u017eangi jutikli\u0173 technologija, skirta gr\u012f\u017etamajam ry\u0161iui realiuoju laiku, palaikanti ADAS ir ESC sistemas.<\/li>\n<\/ul>\n<h2><strong>Vairo cilindr\u0173 su pad\u0117ties jutikliais taikymas:<\/strong><\/h2>\n<p><img loading=\"lazy\" decoding=\"async\" class=\"alignnone size-full wp-image-20787\" src=\"https:\/\/www.hydraulic-cylinders.net\/wp-content\/uploads\/2025\/05\/steering-cylinders-with-position-sensors-application.webp\" alt=\"Vairo cilindr\u0173 su pad\u0117ties jutikliais taikymas:\" width=\"1073\" height=\"501\" srcset=\"https:\/\/www.hydraulic-cylinders.net\/wp-content\/uploads\/2025\/05\/steering-cylinders-with-position-sensors-application.webp 1073w, https:\/\/www.hydraulic-cylinders.net\/wp-content\/uploads\/2025\/05\/steering-cylinders-with-position-sensors-application-980x458.webp 980w, https:\/\/www.hydraulic-cylinders.net\/wp-content\/uploads\/2025\/05\/steering-cylinders-with-position-sensors-application-480x224.webp 480w\" sizes=\"(min-width: 0px) and (max-width: 480px) 480px, (min-width: 481px) and (max-width: 980px) 980px, (min-width: 981px) 1073px, 100vw\" \/><\/p>\n<p>M\u016bs\u0173\u00a0<strong>vairo cilindrai su pad\u0117ties jutikliais<\/strong>\u00a0yra universal\u016bs ir u\u017etikrina patikim\u0105 na\u0161um\u0105 \u012fvairiose pramon\u0117s \u0161akose:<\/p>\n<h3><strong>\u017dem\u0117s \u016bkis<\/strong><\/h3>\n<p>\u017dem\u0117s \u016bkio aplinkoje m\u016bs\u0173\u00a0<strong>hidraulinis vairo cilindras traktoriams su pad\u0117ties jutikliu<\/strong>\u00a0u\u017etikrina tiksli\u0105 tokios \u012frangos kaip traktoriai ir kombainai navigacij\u0105, pagerindamas efektyvum\u0105 nelygiame reljefe.<\/p>\n<h3><strong>Statyba<\/strong><\/h3>\n<p>Statyboms, m\u016bs\u0173\u00a0<strong>Tikslus vairo cilindras sunkiosioms ma\u0161inoms<\/strong>\u00a0u\u017etikrina patikim\u0105 na\u0161um\u0105, u\u017etikrindamas saugum\u0105 ir valdym\u0105 sud\u0117tingose \u200b\u200baplinkose, tokiose kaip darbo vietos.<\/p>\n<h3><strong>Automobili\u0173 pramon\u0117<\/strong><\/h3>\n<p>M\u016bs\u0173\u00a0<strong>automobilio vairo cilindras su pad\u0117ties jutikliu<\/strong>\u00a0pritaikyta sunkve\u017eimiams ir keleiviniams automobiliams, pagerina vairavimo tikslum\u0105 ir palaiko pa\u017eangias vairuotojo pagalbos sistemas (ADAS).<\/p>\n<h2><strong>Vairo cilindr\u0173 su pad\u0117ties jutikliais prie\u017ei\u016bros sprendimai:<\/strong><\/h2>\n<p>Nor\u0117dami u\u017etikrinti ilgalaik\u012f vairo cilindro su pad\u0117ties jutikliu veikim\u0105, laikykit\u0117s \u0161i\u0173 prie\u017ei\u016bros patarim\u0173:<\/p>\n<ul>\n<li style=\"list-style-type: none;\">\n<ul>\n<li><strong>Reguliar\u016bs patikrinimai<\/strong>Kas 6 m\u0117nesius patikrinkite hidraulin\u012f vairo cilindr\u0105, ar n\u0117ra nuot\u0117ki\u0173, susid\u0117v\u0117jimo ar korozijos, kad i\u0161laikytum\u0117te optimal\u0173 veikim\u0105.<\/li>\n<li><strong>Jutiklio kalibravimas<\/strong>Po remonto ar suvedimo i\u0161 naujo kalibruokite pad\u0117ties jutikl\u012f naudodami diagnostikos \u012frankius, kad u\u017etikrintum\u0117te tikslius vairavimo duomenis.<\/li>\n<\/ul>\n<\/li>\n<\/ul>\n<p>[](https:\/\/www.johnbean.com\/us\/product-articles\/steering-angle-sensors\/)<\/p>\n<ul>\n<li><strong>Skys\u010di\u0173 prie\u017ei\u016bra<\/strong>Hidraulin\u012f skyst\u012f keiskite pagal gamintojo nurodymus, kad i\u0161vengtum\u0117te u\u017eter\u0161imo ir u\u017etikrintum\u0117te skland\u0173 vairo sistemos cilindro su integruotu jutikliu veikim\u0105.<\/li>\n<li><strong>Valymas<\/strong>Kad nepakenktum\u0117te jutiklio tikslumui, laikykite cilindr\u0105 ir jutikl\u012f \u0161varius.<\/li>\n<li><strong>Profesionalus aptarnavimas<\/strong>Sud\u0117tingesniais atvejais kreipkit\u0117s \u012f sertifikuot\u0105 technik\u0105, kad jis diagnozuot\u0173 ir suremontuot\u0173 vairo mechanizmo pad\u0117ties jutiklio cilindr\u0105, naudodamas OBD skaitytuvus arba specializuotus \u012frankius.<\/li>\n<\/ul>\n<h2 dir=\"auto\"><strong>Kaip vairo cilindro su pad\u0117ties jutikliu pad\u0117ties jutiklis pagerina vairavimo tikslum\u0105?<\/strong><\/h2>\n<p><img loading=\"lazy\" decoding=\"async\" class=\"alignnone size-full wp-image-20788\" src=\"https:\/\/www.hydraulic-cylinders.net\/wp-content\/uploads\/2025\/05\/steering-cylinder-with-position-sensor-advantage.png\" alt=\"Vairo cilindras su pad\u0117ties jutikliu\" width=\"1079\" height=\"610\" srcset=\"https:\/\/www.hydraulic-cylinders.net\/wp-content\/uploads\/2025\/05\/steering-cylinder-with-position-sensor-advantage.png 1079w, https:\/\/www.hydraulic-cylinders.net\/wp-content\/uploads\/2025\/05\/steering-cylinder-with-position-sensor-advantage-980x554.png 980w, https:\/\/www.hydraulic-cylinders.net\/wp-content\/uploads\/2025\/05\/steering-cylinder-with-position-sensor-advantage-480x271.png 480w\" sizes=\"(min-width: 0px) and (max-width: 480px) 480px, (min-width: 481px) and (max-width: 980px) 980px, (min-width: 981px) 1079px, 100vw\" \/><\/p>\n<p dir=\"auto\">Vairo mechanizmo cilindre esantis pad\u0117ties jutiklis \u017eymiai padidina vairavimo tikslum\u0105, teikdamas realaus laiko duomenis apie vairavimo kamp\u0105 ir rato pad\u0117t\u012f. \u012e hidraulin\u012f vairo mechanizmo cilindr\u0105 integruotas pad\u0117ties jutiklis (paprastai magnetinis arba indukcinis) stebi st\u016bmoklio jud\u0117jim\u0105 cilindre ir paver\u010dia j\u012f tiksliu vairavimo kampo gr\u012f\u017etamuoju ry\u0161iu. \u0160ie duomenys perduodami \u012f transporto priemon\u0117s elektronin\u012f valdymo blok\u0105 (ECU), kad b\u016bt\u0173 galima skland\u017eiai reguliuoti vairavimo sistem\u0105 ir u\u017etikrinti optimal\u0173 na\u0161um\u0105. Tokiose srityse kaip traktoriai, sunkve\u017eimiai ir sunkioji technika tai u\u017etikrina, kad vairo cilindras u\u017etikrint\u0173 tiksl\u0173 ir jautr\u0173 valdym\u0105 net ir sud\u0117tingomis s\u0105lygomis.<\/p>\n<p dir=\"auto\">Transporto priemon\u0117se, kuriose sumontuotas automobilinis vairo cilindras su pad\u0117ties jutikliu, jutiklis palaiko pa\u017eangias vairuotojo pagalbos sistemas (ADAS), tokias kaip eismo juostos laikymosi pagalba ir stabilumo kontrol\u0117, teikdamas tikslius vairavimo \u012fvesties duomenis. Pana\u0161iai, sunkiosios technikos tikslusis vairo cilindras pasikliauja jutikliu, kad i\u0161laikyt\u0173 tikslum\u0105 didelio sl\u0117gio operacijose, suma\u017eint\u0173 dreif\u0105 ir pagerint\u0173 manevringum\u0105. Vairo sistemos cilindras su integruotu jutikliu taip pat padidina saugum\u0105, aptikdamas nesutapimus ir u\u017etikrindamas nuosekl\u0173 veikim\u0105 sud\u0117tingoje aplinkoje, pavyzd\u017eiui, \u017eem\u0117s \u016bkyje ar statybose.<\/p>\n<h3 dir=\"auto\"><strong>Pagrindiniai vairavimo tikslumo privalumai<\/strong><\/h3>\n<ul dir=\"auto\">\n<li><strong>Atsiliepimai realiuoju laiku<\/strong>Vairo kolon\u0117l\u0117s pad\u0117ties jutiklio duomenys apie vairo mechanizm\u0105 akimirksniu pateikia informacij\u0105 apie vairavimo kamp\u0105, tod\u0117l galima tiksliai suvedti ratus.<\/li>\n<li><strong>Patobulinta kontrol\u0117<\/strong>Traktori\u0173 hidrauliniame vairo cilindre su pad\u0117ties jutikliu esantis jutiklis u\u017etikrina tiksli\u0105 navigacij\u0105 nelygiame reljefe.<\/li>\n<li><strong>Suderinamumas su ADAS<\/strong>Automobilio vairo cilindras su pad\u0117ties jutikliu integruojamas su \u0161iuolaikin\u0117mis automobili\u0173 sistemomis, kad pager\u0117t\u0173 reagavimas.<\/li>\n<li><strong>Patvarumas ir tikslumas<\/strong>Patvarus sunkve\u017eimi\u0173 pad\u0117ties jutiklio vairo cilindras i\u0161laiko tikslum\u0105 esant auk\u0161tam sl\u0117giui.<\/li>\n<\/ul>\n<p dir=\"auto\">D\u0117l integruoto pad\u0117ties jutiklio vairo mechanizmo cilindras optimizuoja transporto priemon\u0117s valdym\u0105, tod\u0117l tai yra esminis komponentas pramon\u0117s \u0161akose, kurioms reikalingas vairo mechanizmo cilindras su integruotu jutikliu. Nor\u0117dami gauti daugiau informacijos apie m\u016bs\u0173 originalaus gamintojo vairo mechanizmo cilindro su jutikliu pakeitim\u0105, susisiekite su mumis \u0161iandien!<\/p>\n<h2><strong>Hidraulini\u0173 cilindr\u0173 gamybos sritis:<\/strong><\/h2>\n<h2><img loading=\"lazy\" decoding=\"async\" class=\"alignnone size-full wp-image-16972\" src=\"https:\/\/www.hydraulic-cylinders.net\/wp-content\/uploads\/2025\/01\/hydraulic-cylinder-factory-1-scaled.webp\" sizes=\"(min-width: 0px) and (max-width: 480px) 480px, (min-width: 481px) and (max-width: 980px) 980px, (min-width: 981px) and (max-width: 1280px) 1280px, (min-width: 1281px) 2016px, 100vw\" srcset=\"https:\/\/www.hydraulic-cylinders.net\/wp-content\/uploads\/2025\/01\/hydraulic-cylinder-factory-1-scaled.webp 2016w, https:\/\/www.hydraulic-cylinders.net\/wp-content\/uploads\/2025\/01\/hydraulic-cylinder-factory-1-1280x1625.webp 1280w, https:\/\/www.hydraulic-cylinders.net\/wp-content\/uploads\/2025\/01\/hydraulic-cylinder-factory-1-980x1244.webp 980w, https:\/\/www.hydraulic-cylinders.net\/wp-content\/uploads\/2025\/01\/hydraulic-cylinder-factory-1-480x610.webp 480w\" alt=\"\" width=\"2016\" height=\"2560\" \/><\/h2>\n<p>B\u016bdami pirmaujan\u010diu vairo mechanizm\u0173 hidraulini\u0173 cilindr\u0173 tiek\u0117ju, galime pasigirti auk\u0161\u010diausios klas\u0117s nepriklausoma tyrim\u0173 ir pl\u0117tros platforma, skirta inovacijoms ir kokybei. M\u016bs\u0173 \u0161akini\u0173 krautuv\u0173 cilindr\u0173 gamybos ceche yra keturios pusiau automatin\u0117s k\u0117limo cilindr\u0173 surinkimo linijos ir visi\u0161kai automatin\u0117 pakreipimo cilindr\u0173 surinkimo linija, kuri\u0173 projektinis metinis gamybos paj\u0117gumas yra <strong>vienas milijonas vienet\u0173<\/strong>.<\/p>\n<h3><strong>Specializuotos cilindr\u0173 dirbtuv\u0117s<\/strong><\/h3>\n<p>M\u016bs\u0173 specializuotose cilindr\u0173 dirbtuv\u0117se \u012frengtos pusiau automatin\u0117s valymo ir surinkimo sistemos, pritaikytos \u012fvairioms specifikacijoms, tod\u0117l metinis gamybos paj\u0117gumas siekia <strong>200 000 vienet\u0173<\/strong>Naudojame auk\u0161\u010diausios klas\u0117s CNC apdirbimo \u012frang\u0105, pa\u017eangius apdirbimo centrus ir specializuotus didelio tikslumo apdirbimo \u012frankius. M\u016bs\u0173 \u012fmon\u0117je taip pat yra robotiniai suvirinimo aparatai, automatinio valymo sistemos, surinkimo stakl\u0117s ir da\u017e\u0173 gamybos linijos. Tur\u0117dami daugiau nei <strong>300 pagrindini\u0173 \u012frangos rinkini\u0173<\/strong> Veikdami u\u017etikriname optimizuot\u0105 i\u0161tekli\u0173 paskirstym\u0105 ir efektyv\u0173 panaudojim\u0105.<\/p>\n<h3><strong>Tikslaus apdirbimo galimyb\u0117s<\/strong><\/h3>\n<p>M\u016bs\u0173 mechaninio apdirbimo dirbtuv\u0117se \u012frengti nestandartiniai tekinimo centrai su pakreipiamomis kreipian\u010diosiomis, mechaninio apdirbimo centrai, greitaeig\u0117s galandimo stakl\u0117s ir suvirinimo robotai. \u0160i \u012franga leid\u017eia mums apdirbti cilindrinius vamzd\u017eius, kuri\u0173 maksimalus vidinis skersmuo <strong>400 mm<\/strong> ir ilgiai iki <strong>6 metrai<\/strong>M\u016bs\u0173 \u012fsipareigojimas tikslumui u\u017etikrina, kad visi produktai atitikt\u0173 auk\u0161\u010diausius kokyb\u0117s standartus.<\/p>\n<h2><img loading=\"lazy\" decoding=\"async\" class=\"alignnone size-full wp-image-16973\" src=\"https:\/\/www.hydraulic-cylinders.net\/wp-content\/uploads\/2025\/01\/hydraulic-cylinder-factory-2-scaled.webp\" sizes=\"(min-width: 0px) and (max-width: 480px) 480px, (min-width: 481px) and (max-width: 980px) 980px, (min-width: 981px) and (max-width: 1280px) 1280px, (min-width: 1281px) 2011px, 100vw\" srcset=\"https:\/\/www.hydraulic-cylinders.net\/wp-content\/uploads\/2025\/01\/hydraulic-cylinder-factory-2-scaled.webp 2011w, https:\/\/www.hydraulic-cylinders.net\/wp-content\/uploads\/2025\/01\/hydraulic-cylinder-factory-2-1280x1629.webp 1280w, https:\/\/www.hydraulic-cylinders.net\/wp-content\/uploads\/2025\/01\/hydraulic-cylinder-factory-2-980x1248.webp 980w, https:\/\/www.hydraulic-cylinders.net\/wp-content\/uploads\/2025\/01\/hydraulic-cylinder-factory-2-480x611.webp 480w\" alt=\"\" width=\"2011\" height=\"2560\" \/><\/h2>\n<p>&nbsp;<\/p>","protected":false},"excerpt":{"rendered":"<p>Steering Cylinder With Position Sensor Our\u00a0steering cylinder with position sensor\u00a0is engineered for precision and durability, offering advanced control for high-performance vehicles. Equipped with an integrated position sensor, this\u00a0hydraulic steering cylinder\u00a0provides real-time steering angle data, enhancing safety and performance in demanding applications. Whether you\u2019re upgrading agricultural equipment or repairing heavy machinery, our\u00a0position sensor steering cylinder\u00a0meets the [&hellip;]<\/p>","protected":false},"featured_media":20641,"comment_status":"open","ping_status":"closed","template":"","meta":{"_et_pb_use_builder":"","_et_pb_old_content":"","_et_gb_content_width":""},"product_brand":[],"product_cat":[1561],"product_tag":[],"class_list":{"0":"post-20782","1":"product","2":"type-product","3":"status-publish","4":"has-post-thumbnail","6":"product_cat-steering-hydraulic-cylinders","8":"first","9":"instock","10":"shipping-taxable","11":"product-type-simple"},"amp_enabled":true,"_links":{"self":[{"href":"https:\/\/www.hydraulic-cylinders.net\/lt\/wp-json\/wp\/v2\/product\/20782","targetHints":{"allow":["GET"]}}],"collection":[{"href":"https:\/\/www.hydraulic-cylinders.net\/lt\/wp-json\/wp\/v2\/product"}],"about":[{"href":"https:\/\/www.hydraulic-cylinders.net\/lt\/wp-json\/wp\/v2\/types\/product"}],"replies":[{"embeddable":true,"href":"https:\/\/www.hydraulic-cylinders.net\/lt\/wp-json\/wp\/v2\/comments?post=20782"}],"wp:featuredmedia":[{"embeddable":true,"href":"https:\/\/www.hydraulic-cylinders.net\/lt\/wp-json\/wp\/v2\/media\/20641"}],"wp:attachment":[{"href":"https:\/\/www.hydraulic-cylinders.net\/lt\/wp-json\/wp\/v2\/media?parent=20782"}],"wp:term":[{"taxonomy":"product_brand","embeddable":true,"href":"https:\/\/www.hydraulic-cylinders.net\/lt\/wp-json\/wp\/v2\/product_brand?post=20782"},{"taxonomy":"product_cat","embeddable":true,"href":"https:\/\/www.hydraulic-cylinders.net\/lt\/wp-json\/wp\/v2\/product_cat?post=20782"},{"taxonomy":"product_tag","embeddable":true,"href":"https:\/\/www.hydraulic-cylinders.net\/lt\/wp-json\/wp\/v2\/product_tag?post=20782"}],"curies":[{"name":"wp","href":"https:\/\/api.w.org\/{rel}","templated":true}]}}